{"id":122232,"date":"2025-03-25T18:31:37","date_gmt":"2025-03-25T17:31:37","guid":{"rendered":"https:\/\/egidimadeinitaly.com\/?post_type=product&#038;p=122232"},"modified":"2025-03-28T18:15:32","modified_gmt":"2025-03-28T17:15:32","slug":"riccardo-gatti-faenza-vase-dore","status":"publish","type":"product","link":"https:\/\/egidimadeinitaly.com\/fr\/negozio\/objets-dart\/objets-dart-modernes\/riccardo-gatti-faenza-vase-dore\/","title":{"rendered":"Riccardo Gatti Faenza Vase dor\u00e9"},"content":{"rendered":"<p>L&rsquo;objet est pourvu d&rsquo;une \u00e9tiquette originale, appos\u00e9e sous la base, qui mentionne son nom d&rsquo;artiste et sa provenance \u00ab <strong>Gatti R. Faenza<\/strong> \u00bb<\/p>\n","protected":false},"excerpt":{"rendered":"<p>Vase italien r\u00e9alis\u00e9 par l&rsquo;artiste Riccardo Gatti (Faenza, 1886-Venise,1972). Oeuvre produit dans la ville de Faenza, compos\u00e9 de c\u00e9ramique \u00e9maill\u00e9e et se distingue par sa couleur dor\u00e9e. Sa cr\u00e9ation remonte au milieu des ann\u00e9es 1930.<\/p>\n","protected":false},"featured_media":123014,"template":"","meta":{"_acf_changed":false},"product_brand":[],"product_cat":[6412,6492],"product_tag":[],"class_list":{"0":"post-122232","1":"product","2":"type-product","3":"status-publish","4":"has-post-thumbnail","6":"product_cat-objets-dart-modernes","7":"product_cat-objets-dart","9":"first","10":"instock","11":"taxable","12":"shipping-taxable","13":"product-type-simple"},"acf":[],"yoast_head":"<!-- This site is optimized with the Yoast SEO Premium plugin v27.5 (Yoast SEO v27.5) - https:\/\/yoast.com\/product\/yoast-seo-premium-wordpress\/ -->\n<title>Riccardo Gatti Faenza Vase dor\u00e9 - Egidi MadeinItaly<\/title>\n<meta name=\"description\" content=\"Achetez le vase dor\u00e9 sign\u00e9 Riccardo Gatti symbole de l&#039;art de la c\u00e9ramique de Faenza au 20eme si\u00e8cle italien disponible maintenant sur Egidi MadeinItaly\" \/>\n<meta name=\"robots\" content=\"index, follow, max-snippet:-1, max-image-preview:large, max-video-preview:-1\" \/>\n<link rel=\"canonical\" href=\"https:\/\/egidimadeinitaly.com\/fr\/produit\/objets-dart\/objets-dart-modernes\/riccardo-gatti-faenza-vase-dore\/\" \/>\n<meta property=\"og:locale\" content=\"fr_FR\" \/>\n<meta property=\"og:type\" content=\"article\" \/>\n<meta property=\"og:title\" content=\"Riccardo Gatti Faenza Vase dor\u00e9\" \/>\n<meta property=\"og:description\" content=\"Vase italien r\u00e9alis\u00e9 par l&#039;artiste Riccardo Gatti (Faenza, 1886-Venise,1972). Oeuvre produit dans la ville de Faenza, compos\u00e9 de c\u00e9ramique \u00e9maill\u00e9e et se distingue par sa couleur dor\u00e9e. Sa cr\u00e9ation remonte au milieu des ann\u00e9es 1930.\" \/>\n<meta property=\"og:url\" content=\"https:\/\/egidimadeinitaly.com\/fr\/produit\/objets-dart\/objets-dart-modernes\/riccardo-gatti-faenza-vase-dore\/\" \/>\n<meta property=\"og:site_name\" content=\"Egidi MadeinItaly\" \/>\n<meta property=\"article:publisher\" content=\"https:\/\/www.facebook.com\/egidimadeinitaly\/\" \/>\n<meta property=\"article:modified_time\" content=\"2025-03-28T17:15:32+00:00\" \/>\n<meta property=\"og:image\" content=\"https:\/\/egidimadeinitaly.com\/v25\/wp-content\/uploads\/2025\/03\/2021-09-07-Riccardo-Gatti-Faenza-Vaso-EgidimadeinItaly-13-182-scaled.jpg\" \/>\n\t<meta property=\"og:image:width\" content=\"2560\" \/>\n\t<meta property=\"og:image:height\" content=\"2560\" \/>\n\t<meta property=\"og:image:type\" content=\"image\/jpeg\" \/>\n<script type=\"application\/ld+json\" class=\"yoast-schema-graph\">{\"@context\":\"https:\\\/\\\/schema.org\",\"@graph\":[{\"@type\":\"WebPage\",\"@id\":\"https:\\\/\\\/egidimadeinitaly.com\\\/fr\\\/negozio\\\/objets-dart\\\/objets-dart-modernes\\\/riccardo-gatti-faenza-vase-dore\\\/\",\"url\":\"https:\\\/\\\/egidimadeinitaly.com\\\/fr\\\/produit\\\/objets-dart\\\/objets-dart-modernes\\\/riccardo-gatti-faenza-vase-dore\\\/\",\"name\":\"Riccardo Gatti Faenza Vase dor\u00e9 - Egidi MadeinItaly\",\"isPartOf\":{\"@id\":\"https:\\\/\\\/egidimadeinitaly.com\\\/fr\\\/#website\"},\"primaryImageOfPage\":{\"@id\":\"https:\\\/\\\/egidimadeinitaly.com\\\/fr\\\/produit\\\/objets-dart\\\/objets-dart-modernes\\\/riccardo-gatti-faenza-vase-dore\\\/#primaryimage\"},\"image\":{\"@id\":\"https:\\\/\\\/egidimadeinitaly.com\\\/fr\\\/produit\\\/objets-dart\\\/objets-dart-modernes\\\/riccardo-gatti-faenza-vase-dore\\\/#primaryimage\"},\"thumbnailUrl\":\"https:\\\/\\\/egidimadeinitaly.com\\\/v25\\\/wp-content\\\/uploads\\\/2025\\\/03\\\/2021-09-07-Riccardo-Gatti-Faenza-Vaso-EgidimadeinItaly-13-182-scaled.jpg\",\"datePublished\":\"2025-03-25T17:31:37+00:00\",\"dateModified\":\"2025-03-28T17:15:32+00:00\",\"description\":\"Achetez le vase dor\u00e9 sign\u00e9 Riccardo Gatti symbole de l'art de la c\u00e9ramique de Faenza au 20eme si\u00e8cle italien disponible maintenant sur Egidi MadeinItaly\",\"breadcrumb\":{\"@id\":\"https:\\\/\\\/egidimadeinitaly.com\\\/fr\\\/produit\\\/objets-dart\\\/objets-dart-modernes\\\/riccardo-gatti-faenza-vase-dore\\\/#breadcrumb\"},\"inLanguage\":\"fr-FR\",\"potentialAction\":[{\"@type\":\"ReadAction\",\"target\":[\"https:\\\/\\\/egidimadeinitaly.com\\\/fr\\\/produit\\\/objets-dart\\\/objets-dart-modernes\\\/riccardo-gatti-faenza-vase-dore\\\/\"]}]},{\"@type\":\"ImageObject\",\"inLanguage\":\"fr-FR\",\"@id\":\"https:\\\/\\\/egidimadeinitaly.com\\\/fr\\\/produit\\\/objets-dart\\\/objets-dart-modernes\\\/riccardo-gatti-faenza-vase-dore\\\/#primaryimage\",\"url\":\"https:\\\/\\\/egidimadeinitaly.com\\\/v25\\\/wp-content\\\/uploads\\\/2025\\\/03\\\/2021-09-07-Riccardo-Gatti-Faenza-Vaso-EgidimadeinItaly-13-182-scaled.jpg\",\"contentUrl\":\"https:\\\/\\\/egidimadeinitaly.com\\\/v25\\\/wp-content\\\/uploads\\\/2025\\\/03\\\/2021-09-07-Riccardo-Gatti-Faenza-Vaso-EgidimadeinItaly-13-182-scaled.jpg\",\"width\":2560,\"height\":2560,\"caption\":\"Riccardo Gatti Faenza Vase\"},{\"@type\":\"BreadcrumbList\",\"@id\":\"https:\\\/\\\/egidimadeinitaly.com\\\/fr\\\/produit\\\/objets-dart\\\/objets-dart-modernes\\\/riccardo-gatti-faenza-vase-dore\\\/#breadcrumb\",\"itemListElement\":[{\"@type\":\"ListItem\",\"position\":1,\"name\":\"Home\",\"item\":\"https:\\\/\\\/egidimadeinitaly.com\\\/fr\\\/\"},{\"@type\":\"ListItem\",\"position\":2,\"name\":\"Produits\",\"item\":\"https:\\\/\\\/egidimadeinitaly.com\\\/fr\\\/shop\\\/\"},{\"@type\":\"ListItem\",\"position\":3,\"name\":\"Objets d\u2019art\",\"item\":\"https:\\\/\\\/egidimadeinitaly.com\\\/fr\\\/product-category\\\/objets-dart\\\/\"},{\"@type\":\"ListItem\",\"position\":4,\"name\":\"Objets d'art modernes\",\"item\":\"https:\\\/\\\/egidimadeinitaly.com\\\/fr\\\/product-category\\\/objets-dart\\\/objets-dart-modernes\\\/\"},{\"@type\":\"ListItem\",\"position\":5,\"name\":\"Riccardo Gatti Faenza Vase dor\u00e9\"}]},{\"@type\":\"WebSite\",\"@id\":\"https:\\\/\\\/egidimadeinitaly.com\\\/fr\\\/#website\",\"url\":\"https:\\\/\\\/egidimadeinitaly.com\\\/fr\\\/\",\"name\":\"Egidi MadeinItaly\",\"description\":\"Fine Art\",\"potentialAction\":[{\"@type\":\"SearchAction\",\"target\":{\"@type\":\"EntryPoint\",\"urlTemplate\":\"https:\\\/\\\/egidimadeinitaly.com\\\/fr\\\/?s={search_term_string}\"},\"query-input\":{\"@type\":\"PropertyValueSpecification\",\"valueRequired\":true,\"valueName\":\"search_term_string\"}}],\"inLanguage\":\"fr-FR\"}]}<\/script>\n<!-- \/ Yoast SEO Premium plugin. -->","yoast_head_json":{"title":"Riccardo Gatti Faenza Vase dor\u00e9 - Egidi MadeinItaly","description":"Achetez le vase dor\u00e9 sign\u00e9 Riccardo Gatti symbole de l'art de la c\u00e9ramique de Faenza au 20eme si\u00e8cle italien disponible maintenant sur Egidi MadeinItaly","robots":{"index":"index","follow":"follow","max-snippet":"max-snippet:-1","max-image-preview":"max-image-preview:large","max-video-preview":"max-video-preview:-1"},"canonical":"https:\/\/egidimadeinitaly.com\/fr\/produit\/objets-dart\/objets-dart-modernes\/riccardo-gatti-faenza-vase-dore\/","og_locale":"fr_FR","og_type":"article","og_title":"Riccardo Gatti Faenza Vase dor\u00e9","og_description":"Vase italien r\u00e9alis\u00e9 par l'artiste Riccardo Gatti (Faenza, 1886-Venise,1972). Oeuvre produit dans la ville de Faenza, compos\u00e9 de c\u00e9ramique \u00e9maill\u00e9e et se distingue par sa couleur dor\u00e9e. Sa cr\u00e9ation remonte au milieu des ann\u00e9es 1930.","og_url":"https:\/\/egidimadeinitaly.com\/fr\/produit\/objets-dart\/objets-dart-modernes\/riccardo-gatti-faenza-vase-dore\/","og_site_name":"Egidi MadeinItaly","article_publisher":"https:\/\/www.facebook.com\/egidimadeinitaly\/","article_modified_time":"2025-03-28T17:15:32+00:00","og_image":[{"width":2560,"height":2560,"url":"https:\/\/egidimadeinitaly.com\/v25\/wp-content\/uploads\/2025\/03\/2021-09-07-Riccardo-Gatti-Faenza-Vaso-EgidimadeinItaly-13-182-scaled.jpg","type":"image\/jpeg"}],"schema":{"@context":"https:\/\/schema.org","@graph":[{"@type":"WebPage","@id":"https:\/\/egidimadeinitaly.com\/fr\/negozio\/objets-dart\/objets-dart-modernes\/riccardo-gatti-faenza-vase-dore\/","url":"https:\/\/egidimadeinitaly.com\/fr\/produit\/objets-dart\/objets-dart-modernes\/riccardo-gatti-faenza-vase-dore\/","name":"Riccardo Gatti Faenza Vase dor\u00e9 - Egidi MadeinItaly","isPartOf":{"@id":"https:\/\/egidimadeinitaly.com\/fr\/#website"},"primaryImageOfPage":{"@id":"https:\/\/egidimadeinitaly.com\/fr\/produit\/objets-dart\/objets-dart-modernes\/riccardo-gatti-faenza-vase-dore\/#primaryimage"},"image":{"@id":"https:\/\/egidimadeinitaly.com\/fr\/produit\/objets-dart\/objets-dart-modernes\/riccardo-gatti-faenza-vase-dore\/#primaryimage"},"thumbnailUrl":"https:\/\/egidimadeinitaly.com\/v25\/wp-content\/uploads\/2025\/03\/2021-09-07-Riccardo-Gatti-Faenza-Vaso-EgidimadeinItaly-13-182-scaled.jpg","datePublished":"2025-03-25T17:31:37+00:00","dateModified":"2025-03-28T17:15:32+00:00","description":"Achetez le vase dor\u00e9 sign\u00e9 Riccardo Gatti symbole de l'art de la c\u00e9ramique de Faenza au 20eme si\u00e8cle italien disponible maintenant sur Egidi MadeinItaly","breadcrumb":{"@id":"https:\/\/egidimadeinitaly.com\/fr\/produit\/objets-dart\/objets-dart-modernes\/riccardo-gatti-faenza-vase-dore\/#breadcrumb"},"inLanguage":"fr-FR","potentialAction":[{"@type":"ReadAction","target":["https:\/\/egidimadeinitaly.com\/fr\/produit\/objets-dart\/objets-dart-modernes\/riccardo-gatti-faenza-vase-dore\/"]}]},{"@type":"ImageObject","inLanguage":"fr-FR","@id":"https:\/\/egidimadeinitaly.com\/fr\/produit\/objets-dart\/objets-dart-modernes\/riccardo-gatti-faenza-vase-dore\/#primaryimage","url":"https:\/\/egidimadeinitaly.com\/v25\/wp-content\/uploads\/2025\/03\/2021-09-07-Riccardo-Gatti-Faenza-Vaso-EgidimadeinItaly-13-182-scaled.jpg","contentUrl":"https:\/\/egidimadeinitaly.com\/v25\/wp-content\/uploads\/2025\/03\/2021-09-07-Riccardo-Gatti-Faenza-Vaso-EgidimadeinItaly-13-182-scaled.jpg","width":2560,"height":2560,"caption":"Riccardo Gatti Faenza Vase"},{"@type":"BreadcrumbList","@id":"https:\/\/egidimadeinitaly.com\/fr\/produit\/objets-dart\/objets-dart-modernes\/riccardo-gatti-faenza-vase-dore\/#breadcrumb","itemListElement":[{"@type":"ListItem","position":1,"name":"Home","item":"https:\/\/egidimadeinitaly.com\/fr\/"},{"@type":"ListItem","position":2,"name":"Produits","item":"https:\/\/egidimadeinitaly.com\/fr\/shop\/"},{"@type":"ListItem","position":3,"name":"Objets d\u2019art","item":"https:\/\/egidimadeinitaly.com\/fr\/product-category\/objets-dart\/"},{"@type":"ListItem","position":4,"name":"Objets d'art modernes","item":"https:\/\/egidimadeinitaly.com\/fr\/product-category\/objets-dart\/objets-dart-modernes\/"},{"@type":"ListItem","position":5,"name":"Riccardo Gatti Faenza Vase dor\u00e9"}]},{"@type":"WebSite","@id":"https:\/\/egidimadeinitaly.com\/fr\/#website","url":"https:\/\/egidimadeinitaly.com\/fr\/","name":"Egidi MadeinItaly","description":"Fine Art","potentialAction":[{"@type":"SearchAction","target":{"@type":"EntryPoint","urlTemplate":"https:\/\/egidimadeinitaly.com\/fr\/?s={search_term_string}"},"query-input":{"@type":"PropertyValueSpecification","valueRequired":true,"valueName":"search_term_string"}}],"inLanguage":"fr-FR"}]}},"_links":{"self":[{"href":"https:\/\/egidimadeinitaly.com\/fr\/wp-json\/wp\/v2\/product\/122232","targetHints":{"allow":["GET"]}}],"collection":[{"href":"https:\/\/egidimadeinitaly.com\/fr\/wp-json\/wp\/v2\/product"}],"about":[{"href":"https:\/\/egidimadeinitaly.com\/fr\/wp-json\/wp\/v2\/types\/product"}],"wp:featuredmedia":[{"embeddable":true,"href":"https:\/\/egidimadeinitaly.com\/fr\/wp-json\/wp\/v2\/media\/123014"}],"wp:attachment":[{"href":"https:\/\/egidimadeinitaly.com\/fr\/wp-json\/wp\/v2\/media?parent=122232"}],"wp:term":[{"taxonomy":"product_brand","embeddable":true,"href":"https:\/\/egidimadeinitaly.com\/fr\/wp-json\/wp\/v2\/product_brand?post=122232"},{"taxonomy":"product_cat","embeddable":true,"href":"https:\/\/egidimadeinitaly.com\/fr\/wp-json\/wp\/v2\/product_cat?post=122232"},{"taxonomy":"product_tag","embeddable":true,"href":"https:\/\/egidimadeinitaly.com\/fr\/wp-json\/wp\/v2\/product_tag?post=122232"}],"curies":[{"name":"wp","href":"https:\/\/api.w.org\/{rel}","templated":true}]}}