{"id":121710,"date":"2025-02-26T10:07:54","date_gmt":"2025-02-26T09:07:54","guid":{"rendered":"https:\/\/egidimadeinitaly.com\/?post_type=product&#038;p=121710"},"modified":"2025-03-20T09:21:05","modified_gmt":"2025-03-20T08:21:05","slug":"mimmo-rotella-heros","status":"publish","type":"product","link":"https:\/\/egidimadeinitaly.com\/fr\/negozio\/art-moderne\/oeuvres-modernes-sur-papiers\/mimmo-rotella-heros\/","title":{"rendered":"Mimmo Rotella Heros"},"content":{"rendered":"<p>Mimmo Rotella (Catanzaro, 1918 &#8211; Milan, 2006)<\/p>\n<h2><strong>Gruppo Forma 1<\/strong><\/h2>\n<p>En 1945, <strong>Mimmo Rotella<\/strong> s&rsquo;installe \u00e0 Rome et se rapproche de la jeune avant-garde, incarn\u00e9e par les membres du <strong>Gruppo Forma 1<\/strong> (Carla Accardi, Ugo Attardi, Pietro Consagra, Piero Dorazio, Mino Guerrini, Achille Perilli, Antonio Sanfilippo et Giulio Turcato).<br \/>\nApr\u00e8s une premi\u00e8re p\u00e9riode de d\u00e9buts figuratifs et d&rsquo;exp\u00e9riences, il commence \u00e0 peindre des tableaux abstraits et g\u00e9om\u00e9triques, s&rsquo;inspirant des \u0153uvres de Vassily Kandinsky et de Piet Mondrian.En 1950, il expose \u00e0 Paris au Salon des R\u00e9alit\u00e9s Nouvelles.<\/p>\n<h2>Exposition<\/h2>\n<h3>Galerie nationale d&rsquo;art moderne et contemporain de Rome<\/h3>\n<p>En f\u00e9vrier 1951, il participe \u00e0 l&rsquo;exposition \u00ab <em>Art abstrait et concret en Italie &#8211; 1951<\/em> \u00bb, organis\u00e9e par <strong>Palma Bucarelli et Giulio Carlo Argan<\/strong> \u00e0 la Galerie nationale d&rsquo;art moderne et contemporain de Rome.<\/p>\n<h3>Mimmo Rotella \u00e0 Kansas City<\/h3>\n<p>En 1951, il se voit d\u00e9cerner une bourse de la Fondation Fulbright qui lui permet de s\u00e9journer aux \u00c9tats-Unis en tant qu&rsquo;\u00ab artiste en r\u00e9sidence \u00bb \u00e0 l&rsquo;universit\u00e9 de Kansas City. En 1952, il organise sa deuxi\u00e8me exposition personnelle \u00e0 la William Rockhill Nelson Gallery of Art de Kansas City.En 1953, il r\u00e9alise que le support pictural n&rsquo;est plus adapt\u00e9 \u00e0 l&rsquo;expression de sa po\u00e9tique et qu&rsquo;il conna\u00eet une \u00ab illumination zen \u00bb, qu&rsquo;il d\u00e9finit comme la d\u00e9couverte de l&rsquo;affiche publicitaire en tant qu&rsquo;expression artistique.<\/p>\n<h2>Le d\u00e9collage de Mimmo Rotella<\/h2>\n<p>C&rsquo;est ainsi que na\u00eet le d\u00e9collage : Rotella prend des morceaux d&rsquo;affiches arrach\u00e9s \u00e0 la rue sur les murs de Rome et les colle sur des toiles, puis les retravaille en atelier, adoptant le collage des cubistes et le contaminant avec des \u00e9l\u00e9ments emprunt\u00e9s \u00e0 une matrice informelle proche de Hans Arp et Jean Fautrier et avec le ready-made dada\u00efste.<\/p>\n<p>Toujours en 1955, Carlo Cardazzo organise une exposition enti\u00e8rement consacr\u00e9e au d\u00e9collage et au r\u00e9tro d&rsquo;affiches dans sa Galleria del Naviglio \u00e0 Milan.<\/p>\n","protected":false},"excerpt":{"rendered":"<p>Heros \u00bb s\u00e9rigraphie originale datant des ann\u00e9es 2000, r\u00e9alis\u00e9e par l&rsquo;artiste italien d&rsquo;avant-garde <strong>Mimmo Rotella<\/strong> (Catanzaro, 1918 &#8211; Milan, 2006).<br \/>\nL&rsquo;\u0153uvre est sign\u00e9e en bas \u00e0 droite.<br \/>\nLe tampon sec original, appos\u00e9 au bas \u00e0 droite, porte la mention \u00ab Stamperia Berardinelli Verona Italy \u00bb.<br \/>\nIl s&rsquo;agit d&rsquo;un mod\u00e8le original de type collage multiple sur s\u00e9rigraphie, sur lequel l&rsquo;artiste a fait des rayures.<\/p>\n","protected":false},"featured_media":121693,"template":"","meta":{"_acf_changed":false},"product_brand":[],"product_cat":[6377,6414],"product_tag":[],"class_list":{"0":"post-121710","1":"product","2":"type-product","3":"status-publish","4":"has-post-thumbnail","6":"product_cat-art-moderne","7":"product_cat-oeuvres-modernes-sur-papiers","9":"first","10":"outofstock","11":"taxable","12":"shipping-taxable","13":"product-type-simple"},"acf":[],"yoast_head":"<!-- This site is optimized with the Yoast SEO Premium plugin v27.5 (Yoast SEO v27.5) - https:\/\/yoast.com\/product\/yoast-seo-premium-wordpress\/ -->\n<title>Mimmo Rotella Heros - Egidi MadeinItaly<\/title>\n<meta name=\"description\" content=\"H\u00e9ros collage multiple original de l&#039;artiste italien d&#039;avant-garde Mimmo Rotella num\u00e9rot\u00e9 et sign\u00e9 Disponible sur Egidi MadeinItaly\" \/>\n<meta name=\"robots\" content=\"index, follow, max-snippet:-1, max-image-preview:large, max-video-preview:-1\" \/>\n<link rel=\"canonical\" href=\"https:\/\/egidimadeinitaly.com\/fr\/produit\/art-moderne\/oeuvres-modernes-sur-papiers\/mimmo-rotella-heros\/\" \/>\n<meta property=\"og:locale\" content=\"fr_FR\" \/>\n<meta property=\"og:type\" content=\"article\" \/>\n<meta property=\"og:title\" content=\"Mimmo Rotella Heros\" \/>\n<meta property=\"og:description\" content=\"Heros \u00bb s\u00e9rigraphie originale datant des ann\u00e9es 2000, r\u00e9alis\u00e9e par l&#039;artiste italien d&#039;avant-garde Mimmo Rotella (Catanzaro, 1918 - Milan, 2006). L&#039;\u0153uvre est sign\u00e9e en bas \u00e0 droite. Le tampon sec original, appos\u00e9 au bas \u00e0 droite, porte la mention \u00ab Stamperia Berardinelli Verona Italy \u00bb. Il s&#039;agit d&#039;un mod\u00e8le original de type collage multiple sur s\u00e9rigraphie, sur lequel l&#039;artiste a fait des rayures.\" \/>\n<meta property=\"og:url\" content=\"https:\/\/egidimadeinitaly.com\/fr\/produit\/art-moderne\/oeuvres-modernes-sur-papiers\/mimmo-rotella-heros\/\" \/>\n<meta property=\"og:site_name\" content=\"Egidi MadeinItaly\" \/>\n<meta property=\"article:publisher\" content=\"https:\/\/www.facebook.com\/egidimadeinitaly\/\" \/>\n<meta property=\"article:modified_time\" content=\"2025-03-20T08:21:05+00:00\" \/>\n<meta property=\"og:image\" content=\"https:\/\/egidimadeinitaly.com\/wp-content\/uploads\/2025\/02\/Mimmo-Rotella-Heros.webp\" \/>\n\t<meta property=\"og:image:width\" content=\"900\" \/>\n\t<meta property=\"og:image:height\" content=\"900\" \/>\n\t<meta property=\"og:image:type\" content=\"image\/webp\" \/>\n<script type=\"application\/ld+json\" class=\"yoast-schema-graph\">{\"@context\":\"https:\\\/\\\/schema.org\",\"@graph\":[{\"@type\":\"WebPage\",\"@id\":\"https:\\\/\\\/egidimadeinitaly.com\\\/fr\\\/negozio\\\/art-moderne\\\/oeuvres-modernes-sur-papiers\\\/mimmo-rotella-heros\\\/\",\"url\":\"https:\\\/\\\/egidimadeinitaly.com\\\/fr\\\/produit\\\/art-moderne\\\/oeuvres-modernes-sur-papiers\\\/mimmo-rotella-heros\\\/\",\"name\":\"Mimmo Rotella Heros - Egidi MadeinItaly\",\"isPartOf\":{\"@id\":\"https:\\\/\\\/egidimadeinitaly.com\\\/fr\\\/#website\"},\"primaryImageOfPage\":{\"@id\":\"https:\\\/\\\/egidimadeinitaly.com\\\/fr\\\/produit\\\/art-moderne\\\/oeuvres-modernes-sur-papiers\\\/mimmo-rotella-heros\\\/#primaryimage\"},\"image\":{\"@id\":\"https:\\\/\\\/egidimadeinitaly.com\\\/fr\\\/produit\\\/art-moderne\\\/oeuvres-modernes-sur-papiers\\\/mimmo-rotella-heros\\\/#primaryimage\"},\"thumbnailUrl\":\"https:\\\/\\\/egidimadeinitaly.com\\\/v25\\\/wp-content\\\/uploads\\\/2025\\\/02\\\/Mimmo-Rotella-Heros.webp\",\"datePublished\":\"2025-02-26T09:07:54+00:00\",\"dateModified\":\"2025-03-20T08:21:05+00:00\",\"description\":\"H\u00e9ros collage multiple original de l'artiste italien d'avant-garde Mimmo Rotella num\u00e9rot\u00e9 et sign\u00e9 Disponible sur Egidi MadeinItaly\",\"breadcrumb\":{\"@id\":\"https:\\\/\\\/egidimadeinitaly.com\\\/fr\\\/produit\\\/art-moderne\\\/oeuvres-modernes-sur-papiers\\\/mimmo-rotella-heros\\\/#breadcrumb\"},\"inLanguage\":\"fr-FR\",\"potentialAction\":[{\"@type\":\"ReadAction\",\"target\":[\"https:\\\/\\\/egidimadeinitaly.com\\\/fr\\\/produit\\\/art-moderne\\\/oeuvres-modernes-sur-papiers\\\/mimmo-rotella-heros\\\/\"]}]},{\"@type\":\"ImageObject\",\"inLanguage\":\"fr-FR\",\"@id\":\"https:\\\/\\\/egidimadeinitaly.com\\\/fr\\\/produit\\\/art-moderne\\\/oeuvres-modernes-sur-papiers\\\/mimmo-rotella-heros\\\/#primaryimage\",\"url\":\"https:\\\/\\\/egidimadeinitaly.com\\\/v25\\\/wp-content\\\/uploads\\\/2025\\\/02\\\/Mimmo-Rotella-Heros.webp\",\"contentUrl\":\"https:\\\/\\\/egidimadeinitaly.com\\\/v25\\\/wp-content\\\/uploads\\\/2025\\\/02\\\/Mimmo-Rotella-Heros.webp\",\"width\":900,\"height\":900,\"caption\":\"Mimmo Rotella Heros\"},{\"@type\":\"BreadcrumbList\",\"@id\":\"https:\\\/\\\/egidimadeinitaly.com\\\/fr\\\/produit\\\/art-moderne\\\/oeuvres-modernes-sur-papiers\\\/mimmo-rotella-heros\\\/#breadcrumb\",\"itemListElement\":[{\"@type\":\"ListItem\",\"position\":1,\"name\":\"Home\",\"item\":\"https:\\\/\\\/egidimadeinitaly.com\\\/fr\\\/\"},{\"@type\":\"ListItem\",\"position\":2,\"name\":\"Produits\",\"item\":\"https:\\\/\\\/egidimadeinitaly.com\\\/fr\\\/shop\\\/\"},{\"@type\":\"ListItem\",\"position\":3,\"name\":\"Art moderne\",\"item\":\"https:\\\/\\\/egidimadeinitaly.com\\\/fr\\\/product-category\\\/art-moderne\\\/\"},{\"@type\":\"ListItem\",\"position\":4,\"name\":\"\u0152uvres modernes sur papiers\",\"item\":\"https:\\\/\\\/egidimadeinitaly.com\\\/fr\\\/product-category\\\/art-moderne\\\/oeuvres-modernes-sur-papiers\\\/\"},{\"@type\":\"ListItem\",\"position\":5,\"name\":\"Mimmo Rotella Heros\"}]},{\"@type\":\"WebSite\",\"@id\":\"https:\\\/\\\/egidimadeinitaly.com\\\/fr\\\/#website\",\"url\":\"https:\\\/\\\/egidimadeinitaly.com\\\/fr\\\/\",\"name\":\"Egidi MadeinItaly\",\"description\":\"Fine Art\",\"potentialAction\":[{\"@type\":\"SearchAction\",\"target\":{\"@type\":\"EntryPoint\",\"urlTemplate\":\"https:\\\/\\\/egidimadeinitaly.com\\\/fr\\\/?s={search_term_string}\"},\"query-input\":{\"@type\":\"PropertyValueSpecification\",\"valueRequired\":true,\"valueName\":\"search_term_string\"}}],\"inLanguage\":\"fr-FR\"}]}<\/script>\n<!-- \/ Yoast SEO Premium plugin. -->","yoast_head_json":{"title":"Mimmo Rotella Heros - Egidi MadeinItaly","description":"H\u00e9ros collage multiple original de l'artiste italien d'avant-garde Mimmo Rotella num\u00e9rot\u00e9 et sign\u00e9 Disponible sur Egidi MadeinItaly","robots":{"index":"index","follow":"follow","max-snippet":"max-snippet:-1","max-image-preview":"max-image-preview:large","max-video-preview":"max-video-preview:-1"},"canonical":"https:\/\/egidimadeinitaly.com\/fr\/produit\/art-moderne\/oeuvres-modernes-sur-papiers\/mimmo-rotella-heros\/","og_locale":"fr_FR","og_type":"article","og_title":"Mimmo Rotella Heros","og_description":"Heros \u00bb s\u00e9rigraphie originale datant des ann\u00e9es 2000, r\u00e9alis\u00e9e par l'artiste italien d'avant-garde Mimmo Rotella (Catanzaro, 1918 - Milan, 2006). L'\u0153uvre est sign\u00e9e en bas \u00e0 droite. Le tampon sec original, appos\u00e9 au bas \u00e0 droite, porte la mention \u00ab Stamperia Berardinelli Verona Italy \u00bb. Il s'agit d'un mod\u00e8le original de type collage multiple sur s\u00e9rigraphie, sur lequel l'artiste a fait des rayures.","og_url":"https:\/\/egidimadeinitaly.com\/fr\/produit\/art-moderne\/oeuvres-modernes-sur-papiers\/mimmo-rotella-heros\/","og_site_name":"Egidi MadeinItaly","article_publisher":"https:\/\/www.facebook.com\/egidimadeinitaly\/","article_modified_time":"2025-03-20T08:21:05+00:00","og_image":[{"width":900,"height":900,"url":"https:\/\/egidimadeinitaly.com\/wp-content\/uploads\/2025\/02\/Mimmo-Rotella-Heros.webp","type":"image\/webp"}],"schema":{"@context":"https:\/\/schema.org","@graph":[{"@type":"WebPage","@id":"https:\/\/egidimadeinitaly.com\/fr\/negozio\/art-moderne\/oeuvres-modernes-sur-papiers\/mimmo-rotella-heros\/","url":"https:\/\/egidimadeinitaly.com\/fr\/produit\/art-moderne\/oeuvres-modernes-sur-papiers\/mimmo-rotella-heros\/","name":"Mimmo Rotella Heros - Egidi MadeinItaly","isPartOf":{"@id":"https:\/\/egidimadeinitaly.com\/fr\/#website"},"primaryImageOfPage":{"@id":"https:\/\/egidimadeinitaly.com\/fr\/produit\/art-moderne\/oeuvres-modernes-sur-papiers\/mimmo-rotella-heros\/#primaryimage"},"image":{"@id":"https:\/\/egidimadeinitaly.com\/fr\/produit\/art-moderne\/oeuvres-modernes-sur-papiers\/mimmo-rotella-heros\/#primaryimage"},"thumbnailUrl":"https:\/\/egidimadeinitaly.com\/v25\/wp-content\/uploads\/2025\/02\/Mimmo-Rotella-Heros.webp","datePublished":"2025-02-26T09:07:54+00:00","dateModified":"2025-03-20T08:21:05+00:00","description":"H\u00e9ros collage multiple original de l'artiste italien d'avant-garde Mimmo Rotella num\u00e9rot\u00e9 et sign\u00e9 Disponible sur Egidi MadeinItaly","breadcrumb":{"@id":"https:\/\/egidimadeinitaly.com\/fr\/produit\/art-moderne\/oeuvres-modernes-sur-papiers\/mimmo-rotella-heros\/#breadcrumb"},"inLanguage":"fr-FR","potentialAction":[{"@type":"ReadAction","target":["https:\/\/egidimadeinitaly.com\/fr\/produit\/art-moderne\/oeuvres-modernes-sur-papiers\/mimmo-rotella-heros\/"]}]},{"@type":"ImageObject","inLanguage":"fr-FR","@id":"https:\/\/egidimadeinitaly.com\/fr\/produit\/art-moderne\/oeuvres-modernes-sur-papiers\/mimmo-rotella-heros\/#primaryimage","url":"https:\/\/egidimadeinitaly.com\/v25\/wp-content\/uploads\/2025\/02\/Mimmo-Rotella-Heros.webp","contentUrl":"https:\/\/egidimadeinitaly.com\/v25\/wp-content\/uploads\/2025\/02\/Mimmo-Rotella-Heros.webp","width":900,"height":900,"caption":"Mimmo Rotella Heros"},{"@type":"BreadcrumbList","@id":"https:\/\/egidimadeinitaly.com\/fr\/produit\/art-moderne\/oeuvres-modernes-sur-papiers\/mimmo-rotella-heros\/#breadcrumb","itemListElement":[{"@type":"ListItem","position":1,"name":"Home","item":"https:\/\/egidimadeinitaly.com\/fr\/"},{"@type":"ListItem","position":2,"name":"Produits","item":"https:\/\/egidimadeinitaly.com\/fr\/shop\/"},{"@type":"ListItem","position":3,"name":"Art moderne","item":"https:\/\/egidimadeinitaly.com\/fr\/product-category\/art-moderne\/"},{"@type":"ListItem","position":4,"name":"\u0152uvres modernes sur papiers","item":"https:\/\/egidimadeinitaly.com\/fr\/product-category\/art-moderne\/oeuvres-modernes-sur-papiers\/"},{"@type":"ListItem","position":5,"name":"Mimmo Rotella Heros"}]},{"@type":"WebSite","@id":"https:\/\/egidimadeinitaly.com\/fr\/#website","url":"https:\/\/egidimadeinitaly.com\/fr\/","name":"Egidi MadeinItaly","description":"Fine Art","potentialAction":[{"@type":"SearchAction","target":{"@type":"EntryPoint","urlTemplate":"https:\/\/egidimadeinitaly.com\/fr\/?s={search_term_string}"},"query-input":{"@type":"PropertyValueSpecification","valueRequired":true,"valueName":"search_term_string"}}],"inLanguage":"fr-FR"}]}},"_links":{"self":[{"href":"https:\/\/egidimadeinitaly.com\/fr\/wp-json\/wp\/v2\/product\/121710","targetHints":{"allow":["GET"]}}],"collection":[{"href":"https:\/\/egidimadeinitaly.com\/fr\/wp-json\/wp\/v2\/product"}],"about":[{"href":"https:\/\/egidimadeinitaly.com\/fr\/wp-json\/wp\/v2\/types\/product"}],"wp:featuredmedia":[{"embeddable":true,"href":"https:\/\/egidimadeinitaly.com\/fr\/wp-json\/wp\/v2\/media\/121693"}],"wp:attachment":[{"href":"https:\/\/egidimadeinitaly.com\/fr\/wp-json\/wp\/v2\/media?parent=121710"}],"wp:term":[{"taxonomy":"product_brand","embeddable":true,"href":"https:\/\/egidimadeinitaly.com\/fr\/wp-json\/wp\/v2\/product_brand?post=121710"},{"taxonomy":"product_cat","embeddable":true,"href":"https:\/\/egidimadeinitaly.com\/fr\/wp-json\/wp\/v2\/product_cat?post=121710"},{"taxonomy":"product_tag","embeddable":true,"href":"https:\/\/egidimadeinitaly.com\/fr\/wp-json\/wp\/v2\/product_tag?post=121710"}],"curies":[{"name":"wp","href":"https:\/\/api.w.org\/{rel}","templated":true}]}}