{"id":121686,"date":"2025-02-25T15:08:03","date_gmt":"2025-02-25T14:08:03","guid":{"rendered":"https:\/\/egidimadeinitaly.com\/?post_type=product&#038;p=121686"},"modified":"2025-02-25T15:23:13","modified_gmt":"2025-02-25T14:23:13","slug":"gueridon-empire-en-bronze-dore","status":"publish","type":"product","link":"https:\/\/egidimadeinitaly.com\/fr\/negozio\/objets-dart\/objets-dart-anciens-fr\/gueridon-empire-en-bronze-dore\/","title":{"rendered":"Gu\u00e9ridon Empire en bronze dor\u00e9"},"content":{"rendered":"<p>Gu\u00e9ridon raffin\u00e9 de style Empire en bronze dor\u00e9 Louis XVI avec un plateau en marbre blanc de Carrare.<\/p>\n<p>Excellent \u00e9tat de conservation. D\u00e9tails en bronze de grande qualit\u00e9.<\/p>\n","protected":false},"excerpt":{"rendered":"<p>Ce gu\u00e9ridon, qui se distingue par son raffinement, est int\u00e9gralement con\u00e7u en bronze dor\u00e9. Son plateau circulaire en marbre blanc de Carrare est encadr\u00e9 par une \u00e9l\u00e9gante bordure ornementale, caract\u00e9ristique de l&rsquo;epoque Empire. Il est soutenu par trois pieds en bronze, finement ouvrag\u00e9s et orn\u00e9s de motifs zoomorphes, t\u00e9moignant de l&rsquo;influence stylistique de cette p\u00e9riode.<\/p>\n","protected":false},"featured_media":121684,"template":"","meta":{"_acf_changed":false},"product_brand":[],"product_cat":[6406,6492],"product_tag":[],"class_list":{"0":"post-121686","1":"product","2":"type-product","3":"status-publish","4":"has-post-thumbnail","6":"product_cat-objets-dart-anciens-fr","7":"product_cat-objets-dart","9":"first","10":"instock","11":"taxable","12":"shipping-taxable","13":"product-type-simple"},"acf":[],"yoast_head":"<!-- This site is optimized with the Yoast SEO Premium plugin v27.5 (Yoast SEO v27.5) - https:\/\/yoast.com\/product\/yoast-seo-premium-wordpress\/ -->\n<title>Gu\u00e9ridon Empire en bronze dor\u00e9 - Egidi MadeinItaly<\/title>\n<meta name=\"description\" content=\"Gu\u00e9ridon fran\u00e7ais d&#039;epoque Empire se distingue par ses montures zoomorphes imposantes et son \u00e9l\u00e9gance raffin\u00e9e il est propos\u00e9 en vente sur Egidi MadeinItaly\" \/>\n<meta name=\"robots\" content=\"index, follow, max-snippet:-1, max-image-preview:large, max-video-preview:-1\" \/>\n<link rel=\"canonical\" href=\"https:\/\/egidimadeinitaly.com\/fr\/produit\/objets-dart\/objets-dart-anciens-fr\/gueridon-empire-en-bronze-dore\/\" \/>\n<meta property=\"og:locale\" content=\"fr_FR\" \/>\n<meta property=\"og:type\" content=\"article\" \/>\n<meta property=\"og:title\" content=\"Gu\u00e9ridon Empire en bronze dor\u00e9\" \/>\n<meta property=\"og:description\" content=\"Ce gu\u00e9ridon, qui se distingue par son raffinement, est int\u00e9gralement con\u00e7u en bronze dor\u00e9. Son plateau circulaire en marbre blanc de Carrare est encadr\u00e9 par une \u00e9l\u00e9gante bordure ornementale, caract\u00e9ristique de l&#039;epoque Empire. Il est soutenu par trois pieds en bronze, finement ouvrag\u00e9s et orn\u00e9s de motifs zoomorphes, t\u00e9moignant de l&#039;influence stylistique de cette p\u00e9riode.\" \/>\n<meta property=\"og:url\" content=\"https:\/\/egidimadeinitaly.com\/fr\/produit\/objets-dart\/objets-dart-anciens-fr\/gueridon-empire-en-bronze-dore\/\" \/>\n<meta property=\"og:site_name\" content=\"Egidi MadeinItaly\" \/>\n<meta property=\"article:publisher\" content=\"https:\/\/www.facebook.com\/egidimadeinitaly\/\" \/>\n<meta property=\"article:modified_time\" content=\"2025-02-25T14:23:13+00:00\" \/>\n<meta property=\"og:image\" content=\"https:\/\/egidimadeinitaly.com\/v25\/wp-content\/uploads\/2025\/02\/Gueridon-Impero-in-bronzo.jpg\" \/>\n\t<meta property=\"og:image:width\" content=\"1984\" \/>\n\t<meta property=\"og:image:height\" content=\"1984\" \/>\n\t<meta property=\"og:image:type\" content=\"image\/jpeg\" \/>\n<script type=\"application\/ld+json\" class=\"yoast-schema-graph\">{\"@context\":\"https:\\\/\\\/schema.org\",\"@graph\":[{\"@type\":\"WebPage\",\"@id\":\"https:\\\/\\\/egidimadeinitaly.com\\\/fr\\\/negozio\\\/objets-dart\\\/objets-dart-anciens-fr\\\/gueridon-empire-en-bronze-dore\\\/\",\"url\":\"https:\\\/\\\/egidimadeinitaly.com\\\/fr\\\/produit\\\/objets-dart\\\/objets-dart-anciens-fr\\\/gueridon-empire-en-bronze-dore\\\/\",\"name\":\"Gu\u00e9ridon Empire en bronze dor\u00e9 - Egidi MadeinItaly\",\"isPartOf\":{\"@id\":\"https:\\\/\\\/egidimadeinitaly.com\\\/fr\\\/#website\"},\"primaryImageOfPage\":{\"@id\":\"https:\\\/\\\/egidimadeinitaly.com\\\/fr\\\/produit\\\/objets-dart\\\/objets-dart-anciens-fr\\\/gueridon-empire-en-bronze-dore\\\/#primaryimage\"},\"image\":{\"@id\":\"https:\\\/\\\/egidimadeinitaly.com\\\/fr\\\/produit\\\/objets-dart\\\/objets-dart-anciens-fr\\\/gueridon-empire-en-bronze-dore\\\/#primaryimage\"},\"thumbnailUrl\":\"https:\\\/\\\/egidimadeinitaly.com\\\/v25\\\/wp-content\\\/uploads\\\/2025\\\/02\\\/Gueridon-Impero-in-bronzo.jpg\",\"datePublished\":\"2025-02-25T14:08:03+00:00\",\"dateModified\":\"2025-02-25T14:23:13+00:00\",\"description\":\"Gu\u00e9ridon fran\u00e7ais d'epoque Empire se distingue par ses montures zoomorphes imposantes et son \u00e9l\u00e9gance raffin\u00e9e il est propos\u00e9 en vente sur Egidi MadeinItaly\",\"breadcrumb\":{\"@id\":\"https:\\\/\\\/egidimadeinitaly.com\\\/fr\\\/produit\\\/objets-dart\\\/objets-dart-anciens-fr\\\/gueridon-empire-en-bronze-dore\\\/#breadcrumb\"},\"inLanguage\":\"fr-FR\",\"potentialAction\":[{\"@type\":\"ReadAction\",\"target\":[\"https:\\\/\\\/egidimadeinitaly.com\\\/fr\\\/produit\\\/objets-dart\\\/objets-dart-anciens-fr\\\/gueridon-empire-en-bronze-dore\\\/\"]}]},{\"@type\":\"ImageObject\",\"inLanguage\":\"fr-FR\",\"@id\":\"https:\\\/\\\/egidimadeinitaly.com\\\/fr\\\/produit\\\/objets-dart\\\/objets-dart-anciens-fr\\\/gueridon-empire-en-bronze-dore\\\/#primaryimage\",\"url\":\"https:\\\/\\\/egidimadeinitaly.com\\\/v25\\\/wp-content\\\/uploads\\\/2025\\\/02\\\/Gueridon-Impero-in-bronzo.jpg\",\"contentUrl\":\"https:\\\/\\\/egidimadeinitaly.com\\\/v25\\\/wp-content\\\/uploads\\\/2025\\\/02\\\/Gueridon-Impero-in-bronzo.jpg\",\"width\":1984,\"height\":1984,\"caption\":\"Gu\u00e9ridon Empire en bronze dor\u00e9\"},{\"@type\":\"BreadcrumbList\",\"@id\":\"https:\\\/\\\/egidimadeinitaly.com\\\/fr\\\/produit\\\/objets-dart\\\/objets-dart-anciens-fr\\\/gueridon-empire-en-bronze-dore\\\/#breadcrumb\",\"itemListElement\":[{\"@type\":\"ListItem\",\"position\":1,\"name\":\"Home\",\"item\":\"https:\\\/\\\/egidimadeinitaly.com\\\/fr\\\/\"},{\"@type\":\"ListItem\",\"position\":2,\"name\":\"Produits\",\"item\":\"https:\\\/\\\/egidimadeinitaly.com\\\/fr\\\/shop\\\/\"},{\"@type\":\"ListItem\",\"position\":3,\"name\":\"Objets d\u2019art\",\"item\":\"https:\\\/\\\/egidimadeinitaly.com\\\/fr\\\/product-category\\\/objets-dart\\\/\"},{\"@type\":\"ListItem\",\"position\":4,\"name\":\"Objets d'art anciens\",\"item\":\"https:\\\/\\\/egidimadeinitaly.com\\\/fr\\\/product-category\\\/objets-dart\\\/objets-dart-anciens-fr\\\/\"},{\"@type\":\"ListItem\",\"position\":5,\"name\":\"Gu\u00e9ridon Empire en bronze dor\u00e9\"}]},{\"@type\":\"WebSite\",\"@id\":\"https:\\\/\\\/egidimadeinitaly.com\\\/fr\\\/#website\",\"url\":\"https:\\\/\\\/egidimadeinitaly.com\\\/fr\\\/\",\"name\":\"Egidi MadeinItaly\",\"description\":\"Fine Art\",\"potentialAction\":[{\"@type\":\"SearchAction\",\"target\":{\"@type\":\"EntryPoint\",\"urlTemplate\":\"https:\\\/\\\/egidimadeinitaly.com\\\/fr\\\/?s={search_term_string}\"},\"query-input\":{\"@type\":\"PropertyValueSpecification\",\"valueRequired\":true,\"valueName\":\"search_term_string\"}}],\"inLanguage\":\"fr-FR\"}]}<\/script>\n<!-- \/ Yoast SEO Premium plugin. -->","yoast_head_json":{"title":"Gu\u00e9ridon Empire en bronze dor\u00e9 - Egidi MadeinItaly","description":"Gu\u00e9ridon fran\u00e7ais d'epoque Empire se distingue par ses montures zoomorphes imposantes et son \u00e9l\u00e9gance raffin\u00e9e il est propos\u00e9 en vente sur Egidi MadeinItaly","robots":{"index":"index","follow":"follow","max-snippet":"max-snippet:-1","max-image-preview":"max-image-preview:large","max-video-preview":"max-video-preview:-1"},"canonical":"https:\/\/egidimadeinitaly.com\/fr\/produit\/objets-dart\/objets-dart-anciens-fr\/gueridon-empire-en-bronze-dore\/","og_locale":"fr_FR","og_type":"article","og_title":"Gu\u00e9ridon Empire en bronze dor\u00e9","og_description":"Ce gu\u00e9ridon, qui se distingue par son raffinement, est int\u00e9gralement con\u00e7u en bronze dor\u00e9. Son plateau circulaire en marbre blanc de Carrare est encadr\u00e9 par une \u00e9l\u00e9gante bordure ornementale, caract\u00e9ristique de l'epoque Empire. Il est soutenu par trois pieds en bronze, finement ouvrag\u00e9s et orn\u00e9s de motifs zoomorphes, t\u00e9moignant de l'influence stylistique de cette p\u00e9riode.","og_url":"https:\/\/egidimadeinitaly.com\/fr\/produit\/objets-dart\/objets-dart-anciens-fr\/gueridon-empire-en-bronze-dore\/","og_site_name":"Egidi MadeinItaly","article_publisher":"https:\/\/www.facebook.com\/egidimadeinitaly\/","article_modified_time":"2025-02-25T14:23:13+00:00","og_image":[{"width":1984,"height":1984,"url":"https:\/\/egidimadeinitaly.com\/v25\/wp-content\/uploads\/2025\/02\/Gueridon-Impero-in-bronzo.jpg","type":"image\/jpeg"}],"schema":{"@context":"https:\/\/schema.org","@graph":[{"@type":"WebPage","@id":"https:\/\/egidimadeinitaly.com\/fr\/negozio\/objets-dart\/objets-dart-anciens-fr\/gueridon-empire-en-bronze-dore\/","url":"https:\/\/egidimadeinitaly.com\/fr\/produit\/objets-dart\/objets-dart-anciens-fr\/gueridon-empire-en-bronze-dore\/","name":"Gu\u00e9ridon Empire en bronze dor\u00e9 - Egidi MadeinItaly","isPartOf":{"@id":"https:\/\/egidimadeinitaly.com\/fr\/#website"},"primaryImageOfPage":{"@id":"https:\/\/egidimadeinitaly.com\/fr\/produit\/objets-dart\/objets-dart-anciens-fr\/gueridon-empire-en-bronze-dore\/#primaryimage"},"image":{"@id":"https:\/\/egidimadeinitaly.com\/fr\/produit\/objets-dart\/objets-dart-anciens-fr\/gueridon-empire-en-bronze-dore\/#primaryimage"},"thumbnailUrl":"https:\/\/egidimadeinitaly.com\/v25\/wp-content\/uploads\/2025\/02\/Gueridon-Impero-in-bronzo.jpg","datePublished":"2025-02-25T14:08:03+00:00","dateModified":"2025-02-25T14:23:13+00:00","description":"Gu\u00e9ridon fran\u00e7ais d'epoque Empire se distingue par ses montures zoomorphes imposantes et son \u00e9l\u00e9gance raffin\u00e9e il est propos\u00e9 en vente sur Egidi MadeinItaly","breadcrumb":{"@id":"https:\/\/egidimadeinitaly.com\/fr\/produit\/objets-dart\/objets-dart-anciens-fr\/gueridon-empire-en-bronze-dore\/#breadcrumb"},"inLanguage":"fr-FR","potentialAction":[{"@type":"ReadAction","target":["https:\/\/egidimadeinitaly.com\/fr\/produit\/objets-dart\/objets-dart-anciens-fr\/gueridon-empire-en-bronze-dore\/"]}]},{"@type":"ImageObject","inLanguage":"fr-FR","@id":"https:\/\/egidimadeinitaly.com\/fr\/produit\/objets-dart\/objets-dart-anciens-fr\/gueridon-empire-en-bronze-dore\/#primaryimage","url":"https:\/\/egidimadeinitaly.com\/v25\/wp-content\/uploads\/2025\/02\/Gueridon-Impero-in-bronzo.jpg","contentUrl":"https:\/\/egidimadeinitaly.com\/v25\/wp-content\/uploads\/2025\/02\/Gueridon-Impero-in-bronzo.jpg","width":1984,"height":1984,"caption":"Gu\u00e9ridon Empire en bronze dor\u00e9"},{"@type":"BreadcrumbList","@id":"https:\/\/egidimadeinitaly.com\/fr\/produit\/objets-dart\/objets-dart-anciens-fr\/gueridon-empire-en-bronze-dore\/#breadcrumb","itemListElement":[{"@type":"ListItem","position":1,"name":"Home","item":"https:\/\/egidimadeinitaly.com\/fr\/"},{"@type":"ListItem","position":2,"name":"Produits","item":"https:\/\/egidimadeinitaly.com\/fr\/shop\/"},{"@type":"ListItem","position":3,"name":"Objets d\u2019art","item":"https:\/\/egidimadeinitaly.com\/fr\/product-category\/objets-dart\/"},{"@type":"ListItem","position":4,"name":"Objets d'art anciens","item":"https:\/\/egidimadeinitaly.com\/fr\/product-category\/objets-dart\/objets-dart-anciens-fr\/"},{"@type":"ListItem","position":5,"name":"Gu\u00e9ridon Empire en bronze dor\u00e9"}]},{"@type":"WebSite","@id":"https:\/\/egidimadeinitaly.com\/fr\/#website","url":"https:\/\/egidimadeinitaly.com\/fr\/","name":"Egidi MadeinItaly","description":"Fine Art","potentialAction":[{"@type":"SearchAction","target":{"@type":"EntryPoint","urlTemplate":"https:\/\/egidimadeinitaly.com\/fr\/?s={search_term_string}"},"query-input":{"@type":"PropertyValueSpecification","valueRequired":true,"valueName":"search_term_string"}}],"inLanguage":"fr-FR"}]}},"_links":{"self":[{"href":"https:\/\/egidimadeinitaly.com\/fr\/wp-json\/wp\/v2\/product\/121686","targetHints":{"allow":["GET"]}}],"collection":[{"href":"https:\/\/egidimadeinitaly.com\/fr\/wp-json\/wp\/v2\/product"}],"about":[{"href":"https:\/\/egidimadeinitaly.com\/fr\/wp-json\/wp\/v2\/types\/product"}],"wp:featuredmedia":[{"embeddable":true,"href":"https:\/\/egidimadeinitaly.com\/fr\/wp-json\/wp\/v2\/media\/121684"}],"wp:attachment":[{"href":"https:\/\/egidimadeinitaly.com\/fr\/wp-json\/wp\/v2\/media?parent=121686"}],"wp:term":[{"taxonomy":"product_brand","embeddable":true,"href":"https:\/\/egidimadeinitaly.com\/fr\/wp-json\/wp\/v2\/product_brand?post=121686"},{"taxonomy":"product_cat","embeddable":true,"href":"https:\/\/egidimadeinitaly.com\/fr\/wp-json\/wp\/v2\/product_cat?post=121686"},{"taxonomy":"product_tag","embeddable":true,"href":"https:\/\/egidimadeinitaly.com\/fr\/wp-json\/wp\/v2\/product_tag?post=121686"}],"curies":[{"name":"wp","href":"https:\/\/api.w.org\/{rel}","templated":true}]}}