{"id":121669,"date":"2025-02-25T11:03:50","date_gmt":"2025-02-25T10:03:50","guid":{"rendered":"https:\/\/egidimadeinitaly.com\/?post_type=product&#038;p=121669"},"modified":"2025-03-22T11:14:18","modified_gmt":"2025-03-22T10:14:18","slug":"sculpture-signee-rabarama","status":"publish","type":"product","link":"https:\/\/egidimadeinitaly.com\/fr\/negozio\/objets-dart\/objets-dart-modernes\/sculpture-signee-rabarama\/","title":{"rendered":"Sculpture sign\u00e9e Rabarama"},"content":{"rendered":"<p>Paola Epifani alias <strong>Rabarama<\/strong> est n\u00e9e \u00e0 Rome en 1969. Sculptrice et peintre italienne<em>. <\/em>Apr\u00e8s ses \u00e9tudes, elle s&rsquo;est install\u00e9e \u00e0 Padoue o\u00f9 elle vit et travaille toujours.<br \/>\nTr\u00e8s t\u00f4t dou\u00e9e pour la sculpture, elle commence sa formation artistique au Liceo artistico de Tr\u00e9vise, puis termine ses \u00e9tudes \u00e0 l&rsquo;Accademia di belle Arti de Venise, o\u00f9 elle obtient son dipl\u00f4me en 1991 avec mention tr\u00e8s bien.<br \/>\nD\u00e8s la fin de ses \u00e9tudes, il a commenc\u00e9 \u00e0 participer \u00e0 un grand nombre de concours nationaux et internationaux de sculpture, remportant \u00e0 la fois la reconnaissance de la critique et les \u00e9loges du public.<br \/>\nRabarama cr\u00e9e des sculptures et des peintures repr\u00e9sentant des hommes, des femmes ou des cr\u00e9atures hybrides, qui passent souvent pour excentriques. La peau des sujets cr\u00e9\u00e9s par l&rsquo;artiste est toujours orn\u00e9e de symboles, de lettres hi\u00e9roglyphiques et d&rsquo;autres figures aux formes vari\u00e9es. (Biographie extraite du<a href=\"https:\/\/www.rabarama.com\/\" target=\"_blank\" rel=\"noopener\"> site officiel de l&rsquo;artiste<\/a>)<\/p>\n","protected":false},"excerpt":{"rendered":"<p>Magnifique \u0153uvre sculpturale en bronze multiple de la c\u00e9l\u00e8bre artiste italienne Paola Epifani alias Rabarama. \u00c9dition, signature et titre grav\u00e9s en bas. \u0152uvre archiv\u00e9e par la Galleria d&rsquo;arte Vecchiato, Padoue, comme l&rsquo;indique la documentation photographique jointe \u00e0 l&rsquo;\u0153uvre avec le num\u00e9ro d&rsquo;inventaire correspondant.<\/p>\n","protected":false},"featured_media":121622,"template":"","meta":{"_acf_changed":false},"product_brand":[],"product_cat":[6412,6492],"product_tag":[],"class_list":{"0":"post-121669","1":"product","2":"type-product","3":"status-publish","4":"has-post-thumbnail","6":"product_cat-objets-dart-modernes","7":"product_cat-objets-dart","9":"first","10":"outofstock","11":"taxable","12":"shipping-taxable","13":"product-type-simple"},"acf":[],"yoast_head":"<!-- This site is optimized with the Yoast SEO Premium plugin v27.3 (Yoast SEO v27.4) - https:\/\/yoast.com\/product\/yoast-seo-premium-wordpress\/ -->\n<title>Sculpture sign\u00e9e Rabarama - Egidi MadeinItaly<\/title>\n<meta name=\"description\" content=\"Rabarama sculpture en bronze poli titr\u00e9 Circo-nvall-azione, 2007 \u00c9preuve d&#039;artiste 2\/20 Archiv\u00e9e pour la vente sur Egidi MadeinItaly\" \/>\n<meta name=\"robots\" content=\"index, follow, max-snippet:-1, max-image-preview:large, max-video-preview:-1\" \/>\n<link rel=\"canonical\" href=\"https:\/\/egidimadeinitaly.com\/fr\/produit\/objets-dart\/objets-dart-modernes\/sculpture-signee-rabarama\/\" \/>\n<meta property=\"og:locale\" content=\"fr_FR\" \/>\n<meta property=\"og:type\" content=\"article\" \/>\n<meta property=\"og:title\" content=\"Sculpture sign\u00e9e Rabarama\" \/>\n<meta property=\"og:description\" content=\"Magnifique \u0153uvre sculpturale en bronze multiple de la c\u00e9l\u00e8bre artiste italienne Paola Epifani alias Rabarama. \u00c9dition, signature et titre grav\u00e9s en bas. \u0152uvre archiv\u00e9e par la Galleria d&#039;arte Vecchiato, Padoue, comme l&#039;indique la documentation photographique jointe \u00e0 l&#039;\u0153uvre avec le num\u00e9ro d&#039;inventaire correspondant.\" \/>\n<meta property=\"og:url\" content=\"https:\/\/egidimadeinitaly.com\/fr\/produit\/objets-dart\/objets-dart-modernes\/sculpture-signee-rabarama\/\" \/>\n<meta property=\"og:site_name\" content=\"Egidi MadeinItaly\" \/>\n<meta property=\"article:publisher\" content=\"https:\/\/www.facebook.com\/egidimadeinitaly\/\" \/>\n<meta property=\"article:modified_time\" content=\"2025-03-22T10:14:18+00:00\" \/>\n<meta property=\"og:image\" content=\"https:\/\/egidimadeinitaly.com\/wp-content\/uploads\/2025\/02\/Rabarama-Circo-nvall-azione.jpg\" \/>\n\t<meta property=\"og:image:width\" content=\"1984\" \/>\n\t<meta property=\"og:image:height\" content=\"1984\" \/>\n\t<meta property=\"og:image:type\" content=\"image\/jpeg\" \/>\n<script type=\"application\/ld+json\" class=\"yoast-schema-graph\">{\"@context\":\"https:\\\/\\\/schema.org\",\"@graph\":[{\"@type\":\"WebPage\",\"@id\":\"https:\\\/\\\/egidimadeinitaly.com\\\/fr\\\/negozio\\\/objets-dart\\\/objets-dart-modernes\\\/sculpture-signee-rabarama\\\/\",\"url\":\"https:\\\/\\\/egidimadeinitaly.com\\\/fr\\\/produit\\\/objets-dart\\\/objets-dart-modernes\\\/sculpture-signee-rabarama\\\/\",\"name\":\"Sculpture sign\u00e9e Rabarama - Egidi MadeinItaly\",\"isPartOf\":{\"@id\":\"https:\\\/\\\/egidimadeinitaly.com\\\/fr\\\/#website\"},\"primaryImageOfPage\":{\"@id\":\"https:\\\/\\\/egidimadeinitaly.com\\\/fr\\\/produit\\\/objets-dart\\\/objets-dart-modernes\\\/sculpture-signee-rabarama\\\/#primaryimage\"},\"image\":{\"@id\":\"https:\\\/\\\/egidimadeinitaly.com\\\/fr\\\/produit\\\/objets-dart\\\/objets-dart-modernes\\\/sculpture-signee-rabarama\\\/#primaryimage\"},\"thumbnailUrl\":\"https:\\\/\\\/egidimadeinitaly.com\\\/v25\\\/wp-content\\\/uploads\\\/2025\\\/02\\\/Rabarama-Circo-nvall-azione.jpg\",\"datePublished\":\"2025-02-25T10:03:50+00:00\",\"dateModified\":\"2025-03-22T10:14:18+00:00\",\"description\":\"Rabarama sculpture en bronze poli titr\u00e9 Circo-nvall-azione, 2007 \u00c9preuve d'artiste 2\\\/20 Archiv\u00e9e pour la vente sur Egidi MadeinItaly\",\"breadcrumb\":{\"@id\":\"https:\\\/\\\/egidimadeinitaly.com\\\/fr\\\/produit\\\/objets-dart\\\/objets-dart-modernes\\\/sculpture-signee-rabarama\\\/#breadcrumb\"},\"inLanguage\":\"fr-FR\",\"potentialAction\":[{\"@type\":\"ReadAction\",\"target\":[\"https:\\\/\\\/egidimadeinitaly.com\\\/fr\\\/produit\\\/objets-dart\\\/objets-dart-modernes\\\/sculpture-signee-rabarama\\\/\"]}]},{\"@type\":\"ImageObject\",\"inLanguage\":\"fr-FR\",\"@id\":\"https:\\\/\\\/egidimadeinitaly.com\\\/fr\\\/produit\\\/objets-dart\\\/objets-dart-modernes\\\/sculpture-signee-rabarama\\\/#primaryimage\",\"url\":\"https:\\\/\\\/egidimadeinitaly.com\\\/v25\\\/wp-content\\\/uploads\\\/2025\\\/02\\\/Rabarama-Circo-nvall-azione.jpg\",\"contentUrl\":\"https:\\\/\\\/egidimadeinitaly.com\\\/v25\\\/wp-content\\\/uploads\\\/2025\\\/02\\\/Rabarama-Circo-nvall-azione.jpg\",\"width\":1984,\"height\":1984,\"caption\":\"Rabarama Circo-nvall-azione\"},{\"@type\":\"BreadcrumbList\",\"@id\":\"https:\\\/\\\/egidimadeinitaly.com\\\/fr\\\/produit\\\/objets-dart\\\/objets-dart-modernes\\\/sculpture-signee-rabarama\\\/#breadcrumb\",\"itemListElement\":[{\"@type\":\"ListItem\",\"position\":1,\"name\":\"Home\",\"item\":\"https:\\\/\\\/egidimadeinitaly.com\\\/fr\\\/\"},{\"@type\":\"ListItem\",\"position\":2,\"name\":\"Produits\",\"item\":\"https:\\\/\\\/egidimadeinitaly.com\\\/fr\\\/shop\\\/\"},{\"@type\":\"ListItem\",\"position\":3,\"name\":\"Objets d\u2019art\",\"item\":\"https:\\\/\\\/egidimadeinitaly.com\\\/fr\\\/product-category\\\/objets-dart\\\/\"},{\"@type\":\"ListItem\",\"position\":4,\"name\":\"Objets d'art modernes\",\"item\":\"https:\\\/\\\/egidimadeinitaly.com\\\/fr\\\/product-category\\\/objets-dart\\\/objets-dart-modernes\\\/\"},{\"@type\":\"ListItem\",\"position\":5,\"name\":\"Sculpture sign\u00e9e Rabarama\"}]},{\"@type\":\"WebSite\",\"@id\":\"https:\\\/\\\/egidimadeinitaly.com\\\/fr\\\/#website\",\"url\":\"https:\\\/\\\/egidimadeinitaly.com\\\/fr\\\/\",\"name\":\"Egidi MadeinItaly\",\"description\":\"Fine Art\",\"potentialAction\":[{\"@type\":\"SearchAction\",\"target\":{\"@type\":\"EntryPoint\",\"urlTemplate\":\"https:\\\/\\\/egidimadeinitaly.com\\\/fr\\\/?s={search_term_string}\"},\"query-input\":{\"@type\":\"PropertyValueSpecification\",\"valueRequired\":true,\"valueName\":\"search_term_string\"}}],\"inLanguage\":\"fr-FR\"}]}<\/script>\n<!-- \/ Yoast SEO Premium plugin. -->","yoast_head_json":{"title":"Sculpture sign\u00e9e Rabarama - Egidi MadeinItaly","description":"Rabarama sculpture en bronze poli titr\u00e9 Circo-nvall-azione, 2007 \u00c9preuve d'artiste 2\/20 Archiv\u00e9e pour la vente sur Egidi MadeinItaly","robots":{"index":"index","follow":"follow","max-snippet":"max-snippet:-1","max-image-preview":"max-image-preview:large","max-video-preview":"max-video-preview:-1"},"canonical":"https:\/\/egidimadeinitaly.com\/fr\/produit\/objets-dart\/objets-dart-modernes\/sculpture-signee-rabarama\/","og_locale":"fr_FR","og_type":"article","og_title":"Sculpture sign\u00e9e Rabarama","og_description":"Magnifique \u0153uvre sculpturale en bronze multiple de la c\u00e9l\u00e8bre artiste italienne Paola Epifani alias Rabarama. \u00c9dition, signature et titre grav\u00e9s en bas. \u0152uvre archiv\u00e9e par la Galleria d'arte Vecchiato, Padoue, comme l'indique la documentation photographique jointe \u00e0 l'\u0153uvre avec le num\u00e9ro d'inventaire correspondant.","og_url":"https:\/\/egidimadeinitaly.com\/fr\/produit\/objets-dart\/objets-dart-modernes\/sculpture-signee-rabarama\/","og_site_name":"Egidi MadeinItaly","article_publisher":"https:\/\/www.facebook.com\/egidimadeinitaly\/","article_modified_time":"2025-03-22T10:14:18+00:00","og_image":[{"width":1984,"height":1984,"url":"https:\/\/egidimadeinitaly.com\/wp-content\/uploads\/2025\/02\/Rabarama-Circo-nvall-azione.jpg","type":"image\/jpeg"}],"schema":{"@context":"https:\/\/schema.org","@graph":[{"@type":"WebPage","@id":"https:\/\/egidimadeinitaly.com\/fr\/negozio\/objets-dart\/objets-dart-modernes\/sculpture-signee-rabarama\/","url":"https:\/\/egidimadeinitaly.com\/fr\/produit\/objets-dart\/objets-dart-modernes\/sculpture-signee-rabarama\/","name":"Sculpture sign\u00e9e Rabarama - Egidi MadeinItaly","isPartOf":{"@id":"https:\/\/egidimadeinitaly.com\/fr\/#website"},"primaryImageOfPage":{"@id":"https:\/\/egidimadeinitaly.com\/fr\/produit\/objets-dart\/objets-dart-modernes\/sculpture-signee-rabarama\/#primaryimage"},"image":{"@id":"https:\/\/egidimadeinitaly.com\/fr\/produit\/objets-dart\/objets-dart-modernes\/sculpture-signee-rabarama\/#primaryimage"},"thumbnailUrl":"https:\/\/egidimadeinitaly.com\/v25\/wp-content\/uploads\/2025\/02\/Rabarama-Circo-nvall-azione.jpg","datePublished":"2025-02-25T10:03:50+00:00","dateModified":"2025-03-22T10:14:18+00:00","description":"Rabarama sculpture en bronze poli titr\u00e9 Circo-nvall-azione, 2007 \u00c9preuve d'artiste 2\/20 Archiv\u00e9e pour la vente sur Egidi MadeinItaly","breadcrumb":{"@id":"https:\/\/egidimadeinitaly.com\/fr\/produit\/objets-dart\/objets-dart-modernes\/sculpture-signee-rabarama\/#breadcrumb"},"inLanguage":"fr-FR","potentialAction":[{"@type":"ReadAction","target":["https:\/\/egidimadeinitaly.com\/fr\/produit\/objets-dart\/objets-dart-modernes\/sculpture-signee-rabarama\/"]}]},{"@type":"ImageObject","inLanguage":"fr-FR","@id":"https:\/\/egidimadeinitaly.com\/fr\/produit\/objets-dart\/objets-dart-modernes\/sculpture-signee-rabarama\/#primaryimage","url":"https:\/\/egidimadeinitaly.com\/v25\/wp-content\/uploads\/2025\/02\/Rabarama-Circo-nvall-azione.jpg","contentUrl":"https:\/\/egidimadeinitaly.com\/v25\/wp-content\/uploads\/2025\/02\/Rabarama-Circo-nvall-azione.jpg","width":1984,"height":1984,"caption":"Rabarama Circo-nvall-azione"},{"@type":"BreadcrumbList","@id":"https:\/\/egidimadeinitaly.com\/fr\/produit\/objets-dart\/objets-dart-modernes\/sculpture-signee-rabarama\/#breadcrumb","itemListElement":[{"@type":"ListItem","position":1,"name":"Home","item":"https:\/\/egidimadeinitaly.com\/fr\/"},{"@type":"ListItem","position":2,"name":"Produits","item":"https:\/\/egidimadeinitaly.com\/fr\/shop\/"},{"@type":"ListItem","position":3,"name":"Objets d\u2019art","item":"https:\/\/egidimadeinitaly.com\/fr\/product-category\/objets-dart\/"},{"@type":"ListItem","position":4,"name":"Objets d'art modernes","item":"https:\/\/egidimadeinitaly.com\/fr\/product-category\/objets-dart\/objets-dart-modernes\/"},{"@type":"ListItem","position":5,"name":"Sculpture sign\u00e9e Rabarama"}]},{"@type":"WebSite","@id":"https:\/\/egidimadeinitaly.com\/fr\/#website","url":"https:\/\/egidimadeinitaly.com\/fr\/","name":"Egidi MadeinItaly","description":"Fine Art","potentialAction":[{"@type":"SearchAction","target":{"@type":"EntryPoint","urlTemplate":"https:\/\/egidimadeinitaly.com\/fr\/?s={search_term_string}"},"query-input":{"@type":"PropertyValueSpecification","valueRequired":true,"valueName":"search_term_string"}}],"inLanguage":"fr-FR"}]}},"_links":{"self":[{"href":"https:\/\/egidimadeinitaly.com\/fr\/wp-json\/wp\/v2\/product\/121669","targetHints":{"allow":["GET"]}}],"collection":[{"href":"https:\/\/egidimadeinitaly.com\/fr\/wp-json\/wp\/v2\/product"}],"about":[{"href":"https:\/\/egidimadeinitaly.com\/fr\/wp-json\/wp\/v2\/types\/product"}],"wp:featuredmedia":[{"embeddable":true,"href":"https:\/\/egidimadeinitaly.com\/fr\/wp-json\/wp\/v2\/media\/121622"}],"wp:attachment":[{"href":"https:\/\/egidimadeinitaly.com\/fr\/wp-json\/wp\/v2\/media?parent=121669"}],"wp:term":[{"taxonomy":"product_brand","embeddable":true,"href":"https:\/\/egidimadeinitaly.com\/fr\/wp-json\/wp\/v2\/product_brand?post=121669"},{"taxonomy":"product_cat","embeddable":true,"href":"https:\/\/egidimadeinitaly.com\/fr\/wp-json\/wp\/v2\/product_cat?post=121669"},{"taxonomy":"product_tag","embeddable":true,"href":"https:\/\/egidimadeinitaly.com\/fr\/wp-json\/wp\/v2\/product_tag?post=121669"}],"curies":[{"name":"wp","href":"https:\/\/api.w.org\/{rel}","templated":true}]}}