{"id":121659,"date":"2025-02-24T19:00:38","date_gmt":"2025-02-24T18:00:38","guid":{"rendered":"https:\/\/egidimadeinitaly.com\/?post_type=product&#038;p=121659"},"modified":"2026-02-03T17:06:25","modified_gmt":"2026-02-03T16:06:25","slug":"thomas-hutchinson-peddie-oeuvre-2","status":"publish","type":"product","link":"https:\/\/egidimadeinitaly.com\/fr\/negozio\/art-moderne\/tableaux-modernes-fr\/thomas-hutchinson-peddie-oeuvre-2\/","title":{"rendered":"Thomas Hutchinson Peddie oeuvre"},"content":{"rendered":"<p>Vers 1930, <strong>Tom Hutchinson Peddie<\/strong> retourne en \u00c9cosse pour poursuivre son travail de peintre et de muraliste. Il s&rsquo;installe d&rsquo;abord au 22 King Street, \u00e0 Perth, puis au 3A Charlotte Street, \u00e9galement \u00e0 Perth.<br \/>\nParmi les \u0153uvres importantes de Tom Hutchinson Peddie figurent les peintures murales de la loge ma\u00e7onnique Atholl Crescent \u00e0 Perth, en \u00c9cosse;<br \/>\nainsi que les peintures murales sur le \u00ab Queen Mary \u00bb et la peinture murale de l&rsquo;entr\u00e9e de Mary Queen of Scots \u00e0 Aberdeen, dans la salle \u00e0 manger de l&rsquo;h\u00f4tel Douglas r\u00e9nov\u00e9, peinte en 1937.<br \/>\nIl a \u00e9galement \u00e9t\u00e9 charg\u00e9 de peindre dix tableaux pour la salle \u00e0 manger du Gordon Hotel \u00e0 Kingussie, dans l&rsquo;Invernesshire, qu&rsquo;il a r\u00e9alis\u00e9s entre 1936 et 1938.<br \/>\nTrois autres de ses peintures sont la propri\u00e9t\u00e9 du conseil du Perth and Kinross.<\/p>\n<p>&nbsp;<\/p>\n","protected":false},"excerpt":{"rendered":"<p>Grande huile sur toile repr\u00e9sentant <em>Mary Stuart, Queen of Scots, dans sa barge sur le fleuve Tay \u00e0 Perth en 1564<\/em>.<\/p>\n<p>Elle est sign\u00e9e Thomas Hutchinson Peddie (1871-1954) et dat\u00e9e de 1941.<\/p>\n","protected":false},"featured_media":121641,"template":"","meta":{"_acf_changed":false},"product_brand":[],"product_cat":[6377,6416],"product_tag":[],"class_list":{"0":"post-121659","1":"product","2":"type-product","3":"status-publish","4":"has-post-thumbnail","6":"product_cat-art-moderne","7":"product_cat-tableaux-modernes-fr","9":"first","10":"instock","11":"taxable","12":"shipping-taxable","13":"product-type-simple"},"acf":[],"yoast_head":"<!-- This site is optimized with the Yoast SEO Premium plugin v27.3 (Yoast SEO v27.4) - https:\/\/yoast.com\/product\/yoast-seo-premium-wordpress\/ -->\n<title>Thomas Hutchinson Peddie oeuvre - Egidi MadeinItaly<\/title>\n<meta name=\"description\" content=\"Grande peintures de Thomas Hutchinson Peddie repr\u00e9sente Marie Stuart reine d&#039;\u00c9cosse sur la rivi\u00e8re Tay \u00e0 Perth Art moderne en vente chez Egidi MadeinItaly\" \/>\n<meta name=\"robots\" content=\"index, follow, max-snippet:-1, max-image-preview:large, max-video-preview:-1\" \/>\n<link rel=\"canonical\" href=\"https:\/\/egidimadeinitaly.com\/fr\/produit\/art-moderne\/tableaux-modernes-fr\/thomas-hutchinson-peddie-oeuvre-2\/\" \/>\n<meta property=\"og:locale\" content=\"fr_FR\" \/>\n<meta property=\"og:type\" content=\"article\" \/>\n<meta property=\"og:title\" content=\"Thomas Hutchinson Peddie oeuvre\" \/>\n<meta property=\"og:description\" content=\"Grande huile sur toile repr\u00e9sentant Mary Stuart, Queen of Scots, dans sa barge sur le fleuve Tay \u00e0 Perth en 1564.  Elle est sign\u00e9e Thomas Hutchinson Peddie (1871-1954) et dat\u00e9e de 1941.\" \/>\n<meta property=\"og:url\" content=\"https:\/\/egidimadeinitaly.com\/fr\/produit\/art-moderne\/tableaux-modernes-fr\/thomas-hutchinson-peddie-oeuvre-2\/\" \/>\n<meta property=\"og:site_name\" content=\"Egidi MadeinItaly\" \/>\n<meta property=\"article:publisher\" content=\"https:\/\/www.facebook.com\/egidimadeinitaly\/\" \/>\n<meta property=\"article:modified_time\" content=\"2026-02-03T16:06:25+00:00\" \/>\n<meta property=\"og:image\" content=\"https:\/\/egidimadeinitaly.com\/v25\/wp-content\/uploads\/2025\/02\/Thomas-Hutchinson-Peddie-Lago-scaled.jpg\" \/>\n\t<meta property=\"og:image:width\" content=\"2560\" \/>\n\t<meta property=\"og:image:height\" content=\"2560\" \/>\n\t<meta property=\"og:image:type\" content=\"image\/jpeg\" \/>\n<script type=\"application\/ld+json\" class=\"yoast-schema-graph\">{\"@context\":\"https:\\\/\\\/schema.org\",\"@graph\":[{\"@type\":\"WebPage\",\"@id\":\"https:\\\/\\\/egidimadeinitaly.com\\\/fr\\\/negozio\\\/art-moderne\\\/tableaux-modernes-fr\\\/thomas-hutchinson-peddie-oeuvre-2\\\/\",\"url\":\"https:\\\/\\\/egidimadeinitaly.com\\\/fr\\\/produit\\\/art-moderne\\\/tableaux-modernes-fr\\\/thomas-hutchinson-peddie-oeuvre-2\\\/\",\"name\":\"Thomas Hutchinson Peddie oeuvre - Egidi MadeinItaly\",\"isPartOf\":{\"@id\":\"https:\\\/\\\/egidimadeinitaly.com\\\/fr\\\/#website\"},\"primaryImageOfPage\":{\"@id\":\"https:\\\/\\\/egidimadeinitaly.com\\\/fr\\\/produit\\\/art-moderne\\\/tableaux-modernes-fr\\\/thomas-hutchinson-peddie-oeuvre-2\\\/#primaryimage\"},\"image\":{\"@id\":\"https:\\\/\\\/egidimadeinitaly.com\\\/fr\\\/produit\\\/art-moderne\\\/tableaux-modernes-fr\\\/thomas-hutchinson-peddie-oeuvre-2\\\/#primaryimage\"},\"thumbnailUrl\":\"https:\\\/\\\/egidimadeinitaly.com\\\/v25\\\/wp-content\\\/uploads\\\/2025\\\/02\\\/Thomas-Hutchinson-Peddie-Lago-scaled.jpg\",\"datePublished\":\"2025-02-24T18:00:38+00:00\",\"dateModified\":\"2026-02-03T16:06:25+00:00\",\"description\":\"Grande peintures de Thomas Hutchinson Peddie repr\u00e9sente Marie Stuart reine d'\u00c9cosse sur la rivi\u00e8re Tay \u00e0 Perth Art moderne en vente chez Egidi MadeinItaly\",\"breadcrumb\":{\"@id\":\"https:\\\/\\\/egidimadeinitaly.com\\\/fr\\\/produit\\\/art-moderne\\\/tableaux-modernes-fr\\\/thomas-hutchinson-peddie-oeuvre-2\\\/#breadcrumb\"},\"inLanguage\":\"fr-FR\",\"potentialAction\":[{\"@type\":\"ReadAction\",\"target\":[\"https:\\\/\\\/egidimadeinitaly.com\\\/fr\\\/produit\\\/art-moderne\\\/tableaux-modernes-fr\\\/thomas-hutchinson-peddie-oeuvre-2\\\/\"]}]},{\"@type\":\"ImageObject\",\"inLanguage\":\"fr-FR\",\"@id\":\"https:\\\/\\\/egidimadeinitaly.com\\\/fr\\\/produit\\\/art-moderne\\\/tableaux-modernes-fr\\\/thomas-hutchinson-peddie-oeuvre-2\\\/#primaryimage\",\"url\":\"https:\\\/\\\/egidimadeinitaly.com\\\/v25\\\/wp-content\\\/uploads\\\/2025\\\/02\\\/Thomas-Hutchinson-Peddie-Lago-scaled.jpg\",\"contentUrl\":\"https:\\\/\\\/egidimadeinitaly.com\\\/v25\\\/wp-content\\\/uploads\\\/2025\\\/02\\\/Thomas-Hutchinson-Peddie-Lago-scaled.jpg\",\"width\":2560,\"height\":2560,\"caption\":\"Marie Stuart reine d'\u00c9cosse sur la rivi\u00e8re Tay \u00e0 Perth\"},{\"@type\":\"BreadcrumbList\",\"@id\":\"https:\\\/\\\/egidimadeinitaly.com\\\/fr\\\/produit\\\/art-moderne\\\/tableaux-modernes-fr\\\/thomas-hutchinson-peddie-oeuvre-2\\\/#breadcrumb\",\"itemListElement\":[{\"@type\":\"ListItem\",\"position\":1,\"name\":\"Home\",\"item\":\"https:\\\/\\\/egidimadeinitaly.com\\\/fr\\\/\"},{\"@type\":\"ListItem\",\"position\":2,\"name\":\"Produits\",\"item\":\"https:\\\/\\\/egidimadeinitaly.com\\\/fr\\\/shop\\\/\"},{\"@type\":\"ListItem\",\"position\":3,\"name\":\"Art moderne\",\"item\":\"https:\\\/\\\/egidimadeinitaly.com\\\/fr\\\/product-category\\\/art-moderne\\\/\"},{\"@type\":\"ListItem\",\"position\":4,\"name\":\"Tableaux modernes\",\"item\":\"https:\\\/\\\/egidimadeinitaly.com\\\/fr\\\/product-category\\\/art-moderne\\\/tableaux-modernes-fr\\\/\"},{\"@type\":\"ListItem\",\"position\":5,\"name\":\"Thomas Hutchinson Peddie oeuvre\"}]},{\"@type\":\"WebSite\",\"@id\":\"https:\\\/\\\/egidimadeinitaly.com\\\/fr\\\/#website\",\"url\":\"https:\\\/\\\/egidimadeinitaly.com\\\/fr\\\/\",\"name\":\"Egidi MadeinItaly\",\"description\":\"Fine Art\",\"potentialAction\":[{\"@type\":\"SearchAction\",\"target\":{\"@type\":\"EntryPoint\",\"urlTemplate\":\"https:\\\/\\\/egidimadeinitaly.com\\\/fr\\\/?s={search_term_string}\"},\"query-input\":{\"@type\":\"PropertyValueSpecification\",\"valueRequired\":true,\"valueName\":\"search_term_string\"}}],\"inLanguage\":\"fr-FR\"}]}<\/script>\n<!-- \/ Yoast SEO Premium plugin. -->","yoast_head_json":{"title":"Thomas Hutchinson Peddie oeuvre - Egidi MadeinItaly","description":"Grande peintures de Thomas Hutchinson Peddie repr\u00e9sente Marie Stuart reine d'\u00c9cosse sur la rivi\u00e8re Tay \u00e0 Perth Art moderne en vente chez Egidi MadeinItaly","robots":{"index":"index","follow":"follow","max-snippet":"max-snippet:-1","max-image-preview":"max-image-preview:large","max-video-preview":"max-video-preview:-1"},"canonical":"https:\/\/egidimadeinitaly.com\/fr\/produit\/art-moderne\/tableaux-modernes-fr\/thomas-hutchinson-peddie-oeuvre-2\/","og_locale":"fr_FR","og_type":"article","og_title":"Thomas Hutchinson Peddie oeuvre","og_description":"Grande huile sur toile repr\u00e9sentant Mary Stuart, Queen of Scots, dans sa barge sur le fleuve Tay \u00e0 Perth en 1564.  Elle est sign\u00e9e Thomas Hutchinson Peddie (1871-1954) et dat\u00e9e de 1941.","og_url":"https:\/\/egidimadeinitaly.com\/fr\/produit\/art-moderne\/tableaux-modernes-fr\/thomas-hutchinson-peddie-oeuvre-2\/","og_site_name":"Egidi MadeinItaly","article_publisher":"https:\/\/www.facebook.com\/egidimadeinitaly\/","article_modified_time":"2026-02-03T16:06:25+00:00","og_image":[{"width":2560,"height":2560,"url":"https:\/\/egidimadeinitaly.com\/v25\/wp-content\/uploads\/2025\/02\/Thomas-Hutchinson-Peddie-Lago-scaled.jpg","type":"image\/jpeg"}],"schema":{"@context":"https:\/\/schema.org","@graph":[{"@type":"WebPage","@id":"https:\/\/egidimadeinitaly.com\/fr\/negozio\/art-moderne\/tableaux-modernes-fr\/thomas-hutchinson-peddie-oeuvre-2\/","url":"https:\/\/egidimadeinitaly.com\/fr\/produit\/art-moderne\/tableaux-modernes-fr\/thomas-hutchinson-peddie-oeuvre-2\/","name":"Thomas Hutchinson Peddie oeuvre - Egidi MadeinItaly","isPartOf":{"@id":"https:\/\/egidimadeinitaly.com\/fr\/#website"},"primaryImageOfPage":{"@id":"https:\/\/egidimadeinitaly.com\/fr\/produit\/art-moderne\/tableaux-modernes-fr\/thomas-hutchinson-peddie-oeuvre-2\/#primaryimage"},"image":{"@id":"https:\/\/egidimadeinitaly.com\/fr\/produit\/art-moderne\/tableaux-modernes-fr\/thomas-hutchinson-peddie-oeuvre-2\/#primaryimage"},"thumbnailUrl":"https:\/\/egidimadeinitaly.com\/v25\/wp-content\/uploads\/2025\/02\/Thomas-Hutchinson-Peddie-Lago-scaled.jpg","datePublished":"2025-02-24T18:00:38+00:00","dateModified":"2026-02-03T16:06:25+00:00","description":"Grande peintures de Thomas Hutchinson Peddie repr\u00e9sente Marie Stuart reine d'\u00c9cosse sur la rivi\u00e8re Tay \u00e0 Perth Art moderne en vente chez Egidi MadeinItaly","breadcrumb":{"@id":"https:\/\/egidimadeinitaly.com\/fr\/produit\/art-moderne\/tableaux-modernes-fr\/thomas-hutchinson-peddie-oeuvre-2\/#breadcrumb"},"inLanguage":"fr-FR","potentialAction":[{"@type":"ReadAction","target":["https:\/\/egidimadeinitaly.com\/fr\/produit\/art-moderne\/tableaux-modernes-fr\/thomas-hutchinson-peddie-oeuvre-2\/"]}]},{"@type":"ImageObject","inLanguage":"fr-FR","@id":"https:\/\/egidimadeinitaly.com\/fr\/produit\/art-moderne\/tableaux-modernes-fr\/thomas-hutchinson-peddie-oeuvre-2\/#primaryimage","url":"https:\/\/egidimadeinitaly.com\/v25\/wp-content\/uploads\/2025\/02\/Thomas-Hutchinson-Peddie-Lago-scaled.jpg","contentUrl":"https:\/\/egidimadeinitaly.com\/v25\/wp-content\/uploads\/2025\/02\/Thomas-Hutchinson-Peddie-Lago-scaled.jpg","width":2560,"height":2560,"caption":"Marie Stuart reine d'\u00c9cosse sur la rivi\u00e8re Tay \u00e0 Perth"},{"@type":"BreadcrumbList","@id":"https:\/\/egidimadeinitaly.com\/fr\/produit\/art-moderne\/tableaux-modernes-fr\/thomas-hutchinson-peddie-oeuvre-2\/#breadcrumb","itemListElement":[{"@type":"ListItem","position":1,"name":"Home","item":"https:\/\/egidimadeinitaly.com\/fr\/"},{"@type":"ListItem","position":2,"name":"Produits","item":"https:\/\/egidimadeinitaly.com\/fr\/shop\/"},{"@type":"ListItem","position":3,"name":"Art moderne","item":"https:\/\/egidimadeinitaly.com\/fr\/product-category\/art-moderne\/"},{"@type":"ListItem","position":4,"name":"Tableaux modernes","item":"https:\/\/egidimadeinitaly.com\/fr\/product-category\/art-moderne\/tableaux-modernes-fr\/"},{"@type":"ListItem","position":5,"name":"Thomas Hutchinson Peddie oeuvre"}]},{"@type":"WebSite","@id":"https:\/\/egidimadeinitaly.com\/fr\/#website","url":"https:\/\/egidimadeinitaly.com\/fr\/","name":"Egidi MadeinItaly","description":"Fine Art","potentialAction":[{"@type":"SearchAction","target":{"@type":"EntryPoint","urlTemplate":"https:\/\/egidimadeinitaly.com\/fr\/?s={search_term_string}"},"query-input":{"@type":"PropertyValueSpecification","valueRequired":true,"valueName":"search_term_string"}}],"inLanguage":"fr-FR"}]}},"_links":{"self":[{"href":"https:\/\/egidimadeinitaly.com\/fr\/wp-json\/wp\/v2\/product\/121659","targetHints":{"allow":["GET"]}}],"collection":[{"href":"https:\/\/egidimadeinitaly.com\/fr\/wp-json\/wp\/v2\/product"}],"about":[{"href":"https:\/\/egidimadeinitaly.com\/fr\/wp-json\/wp\/v2\/types\/product"}],"wp:featuredmedia":[{"embeddable":true,"href":"https:\/\/egidimadeinitaly.com\/fr\/wp-json\/wp\/v2\/media\/121641"}],"wp:attachment":[{"href":"https:\/\/egidimadeinitaly.com\/fr\/wp-json\/wp\/v2\/media?parent=121659"}],"wp:term":[{"taxonomy":"product_brand","embeddable":true,"href":"https:\/\/egidimadeinitaly.com\/fr\/wp-json\/wp\/v2\/product_brand?post=121659"},{"taxonomy":"product_cat","embeddable":true,"href":"https:\/\/egidimadeinitaly.com\/fr\/wp-json\/wp\/v2\/product_cat?post=121659"},{"taxonomy":"product_tag","embeddable":true,"href":"https:\/\/egidimadeinitaly.com\/fr\/wp-json\/wp\/v2\/product_tag?post=121659"}],"curies":[{"name":"wp","href":"https:\/\/api.w.org\/{rel}","templated":true}]}}