{"id":121600,"date":"2025-02-25T11:57:05","date_gmt":"2025-02-25T10:57:05","guid":{"rendered":"https:\/\/egidimadeinitaly.com\/?post_type=product&#038;p=121600"},"modified":"2025-08-09T11:36:14","modified_gmt":"2025-08-09T10:36:14","slug":"paire-de-cassolettes-en-marbre-et-bronze","status":"publish","type":"product","link":"https:\/\/egidimadeinitaly.com\/fr\/negozio\/objets-dart\/objets-dart-anciens-fr\/paire-de-cassolettes-en-marbre-et-bronze\/","title":{"rendered":"Paire de cassolettes en marbre et bronze"},"content":{"rendered":"<div class=\"wpb-content-wrapper\"><p>[vc_row][vc_column][vc_column_text uncode_shortcode_id=\u00a0\u00bb147537&Prime;]Ces pr\u00e9cieux objets d\u00e9coratifs, transform\u00e9s au fil du temps en lampes, sont pr\u00e9sent\u00e9s avec deux abat-jours pliss\u00e9s de couleur blanc cr\u00e8me, en parfait \u00e9tat.<br \/>\nNon seulement ils embelliront votre int\u00e9rieur, mais ils sont \u00e9galement le fruit de notre expertise et de notre authenticit\u00e9, ce qui vous garantit un achat s\u00fbr.[\/vc_column_text][\/vc_column][\/vc_row]<\/p>\n<\/div>","protected":false},"excerpt":{"rendered":"<p>Paire de cassolettes en marbre et bronze transform\u00e9s en lampes, de style Louis XVI, datant du XIX^e si\u00e8cle.<\/p>\n<p>Ils pr\u00e9sentent d&rsquo;importantes d\u00e9corations en bronze dor\u00e9 : bandes florales, bordures feuillag\u00e9es, rubans et gracieux cygnes en guise d&rsquo;anses. Base en marbre fa\u00e7onn\u00e9e. Le tout pos\u00e9 sur une base en marbre profil\u00e9e.<\/p>\n<p>Prestigieux marbre rouge <em>Fleur de P\u00eacher<\/em> avec des veines blanches.<\/p>\n<p>Fabriqu\u00e9es \u00e0 la main dans un marbre aux veines exquises et orn\u00e9es de montures en bronze du haut \u00e0 la base.<\/p>\n<p>&nbsp;<\/p>\n","protected":false},"featured_media":122198,"template":"","meta":{"_acf_changed":false},"product_brand":[],"product_cat":[6406,6492],"product_tag":[1324,2664],"class_list":{"0":"post-121600","1":"product","2":"type-product","3":"status-publish","4":"has-post-thumbnail","6":"product_cat-objets-dart-anciens-fr","7":"product_cat-objets-dart","8":"product_tag-bronzes-fr","9":"product_tag-marbre-fr","11":"first","12":"instock","13":"taxable","14":"shipping-taxable","15":"product-type-simple"},"acf":[],"yoast_head":"<!-- This site is optimized with the Yoast SEO Premium plugin v27.5 (Yoast SEO v27.5) - https:\/\/yoast.com\/product\/yoast-seo-premium-wordpress\/ -->\n<title>Paire de cassolettes en marbre et bronze - Egidi MadeinItaly<\/title>\n<meta name=\"description\" content=\"Paire de cassolettes fran\u00e7aises en marbre et bronze transform\u00e9s en \u00e9l\u00e9gantes lampes Louis XVI et Napol\u00e9on III\u00b0 disponibles chez Egidi MadeinItaly.\" \/>\n<meta name=\"robots\" content=\"index, follow, max-snippet:-1, max-image-preview:large, max-video-preview:-1\" \/>\n<link rel=\"canonical\" href=\"https:\/\/egidimadeinitaly.com\/fr\/produit\/objets-dart\/objets-dart-anciens-fr\/paire-de-cassolettes-en-marbre-et-bronze\/\" \/>\n<meta property=\"og:locale\" content=\"fr_FR\" \/>\n<meta property=\"og:type\" content=\"article\" \/>\n<meta property=\"og:title\" content=\"Paire de cassolettes en marbre et bronze\" \/>\n<meta property=\"og:description\" content=\"Paire de cassolettes en marbre et bronze transform\u00e9s en lampes, de style Louis XVI, datant du XIX^e si\u00e8cle.  Ils pr\u00e9sentent d&#039;importantes d\u00e9corations en bronze dor\u00e9 : bandes florales, bordures feuillag\u00e9es, rubans et gracieux cygnes en guise d&#039;anses. Base en marbre fa\u00e7onn\u00e9e. Le tout pos\u00e9 sur une base en marbre profil\u00e9e.  Prestigieux marbre rouge Fleur de P\u00eacher avec des veines blanches.  Fabriqu\u00e9es \u00e0 la main dans un marbre aux veines exquises et orn\u00e9es de montures en bronze du haut \u00e0 la base.  &nbsp;\" \/>\n<meta property=\"og:url\" content=\"https:\/\/egidimadeinitaly.com\/fr\/produit\/objets-dart\/objets-dart-anciens-fr\/paire-de-cassolettes-en-marbre-et-bronze\/\" \/>\n<meta property=\"og:site_name\" content=\"Egidi MadeinItaly\" \/>\n<meta property=\"article:publisher\" content=\"https:\/\/www.facebook.com\/egidimadeinitaly\/\" \/>\n<meta property=\"article:modified_time\" content=\"2025-08-09T10:36:14+00:00\" \/>\n<meta property=\"og:image\" content=\"https:\/\/egidimadeinitaly.com\/v25\/wp-content\/uploads\/2025\/02\/coppia-vasi-in-marmo-e-bronzo.jpg\" \/>\n\t<meta property=\"og:image:width\" content=\"1984\" \/>\n\t<meta property=\"og:image:height\" content=\"1984\" \/>\n\t<meta property=\"og:image:type\" content=\"image\/jpeg\" \/>\n<script type=\"application\/ld+json\" class=\"yoast-schema-graph\">{\"@context\":\"https:\\\/\\\/schema.org\",\"@graph\":[{\"@type\":\"WebPage\",\"@id\":\"https:\\\/\\\/egidimadeinitaly.com\\\/fr\\\/negozio\\\/objets-dart\\\/objets-dart-anciens-fr\\\/paire-de-cassolettes-en-marbre-et-bronze\\\/\",\"url\":\"https:\\\/\\\/egidimadeinitaly.com\\\/fr\\\/produit\\\/objets-dart\\\/objets-dart-anciens-fr\\\/paire-de-cassolettes-en-marbre-et-bronze\\\/\",\"name\":\"Paire de cassolettes en marbre et bronze - Egidi MadeinItaly\",\"isPartOf\":{\"@id\":\"https:\\\/\\\/egidimadeinitaly.com\\\/fr\\\/#website\"},\"primaryImageOfPage\":{\"@id\":\"https:\\\/\\\/egidimadeinitaly.com\\\/fr\\\/produit\\\/objets-dart\\\/objets-dart-anciens-fr\\\/paire-de-cassolettes-en-marbre-et-bronze\\\/#primaryimage\"},\"image\":{\"@id\":\"https:\\\/\\\/egidimadeinitaly.com\\\/fr\\\/produit\\\/objets-dart\\\/objets-dart-anciens-fr\\\/paire-de-cassolettes-en-marbre-et-bronze\\\/#primaryimage\"},\"thumbnailUrl\":\"https:\\\/\\\/egidimadeinitaly.com\\\/v25\\\/wp-content\\\/uploads\\\/2025\\\/02\\\/coppia-vasi-in-marmo-e-bronzo.jpg\",\"datePublished\":\"2025-02-25T10:57:05+00:00\",\"dateModified\":\"2025-08-09T10:36:14+00:00\",\"description\":\"Paire de cassolettes fran\u00e7aises en marbre et bronze transform\u00e9s en \u00e9l\u00e9gantes lampes Louis XVI et Napol\u00e9on III\u00b0 disponibles chez Egidi MadeinItaly.\",\"breadcrumb\":{\"@id\":\"https:\\\/\\\/egidimadeinitaly.com\\\/fr\\\/produit\\\/objets-dart\\\/objets-dart-anciens-fr\\\/paire-de-cassolettes-en-marbre-et-bronze\\\/#breadcrumb\"},\"inLanguage\":\"fr-FR\",\"potentialAction\":[{\"@type\":\"ReadAction\",\"target\":[\"https:\\\/\\\/egidimadeinitaly.com\\\/fr\\\/produit\\\/objets-dart\\\/objets-dart-anciens-fr\\\/paire-de-cassolettes-en-marbre-et-bronze\\\/\"]}]},{\"@type\":\"ImageObject\",\"inLanguage\":\"fr-FR\",\"@id\":\"https:\\\/\\\/egidimadeinitaly.com\\\/fr\\\/produit\\\/objets-dart\\\/objets-dart-anciens-fr\\\/paire-de-cassolettes-en-marbre-et-bronze\\\/#primaryimage\",\"url\":\"https:\\\/\\\/egidimadeinitaly.com\\\/v25\\\/wp-content\\\/uploads\\\/2025\\\/02\\\/coppia-vasi-in-marmo-e-bronzo.jpg\",\"contentUrl\":\"https:\\\/\\\/egidimadeinitaly.com\\\/v25\\\/wp-content\\\/uploads\\\/2025\\\/02\\\/coppia-vasi-in-marmo-e-bronzo.jpg\",\"width\":1984,\"height\":1984,\"caption\":\"Coppia lampade marmo e dettagli in bronzo\"},{\"@type\":\"BreadcrumbList\",\"@id\":\"https:\\\/\\\/egidimadeinitaly.com\\\/fr\\\/produit\\\/objets-dart\\\/objets-dart-anciens-fr\\\/paire-de-cassolettes-en-marbre-et-bronze\\\/#breadcrumb\",\"itemListElement\":[{\"@type\":\"ListItem\",\"position\":1,\"name\":\"Home\",\"item\":\"https:\\\/\\\/egidimadeinitaly.com\\\/fr\\\/\"},{\"@type\":\"ListItem\",\"position\":2,\"name\":\"Produits\",\"item\":\"https:\\\/\\\/egidimadeinitaly.com\\\/fr\\\/shop\\\/\"},{\"@type\":\"ListItem\",\"position\":3,\"name\":\"Objets d\u2019art\",\"item\":\"https:\\\/\\\/egidimadeinitaly.com\\\/fr\\\/product-category\\\/objets-dart\\\/\"},{\"@type\":\"ListItem\",\"position\":4,\"name\":\"Objets d'art anciens\",\"item\":\"https:\\\/\\\/egidimadeinitaly.com\\\/fr\\\/product-category\\\/objets-dart\\\/objets-dart-anciens-fr\\\/\"},{\"@type\":\"ListItem\",\"position\":5,\"name\":\"Paire de cassolettes en marbre et bronze\"}]},{\"@type\":\"WebSite\",\"@id\":\"https:\\\/\\\/egidimadeinitaly.com\\\/fr\\\/#website\",\"url\":\"https:\\\/\\\/egidimadeinitaly.com\\\/fr\\\/\",\"name\":\"Egidi MadeinItaly\",\"description\":\"Fine Art\",\"potentialAction\":[{\"@type\":\"SearchAction\",\"target\":{\"@type\":\"EntryPoint\",\"urlTemplate\":\"https:\\\/\\\/egidimadeinitaly.com\\\/fr\\\/?s={search_term_string}\"},\"query-input\":{\"@type\":\"PropertyValueSpecification\",\"valueRequired\":true,\"valueName\":\"search_term_string\"}}],\"inLanguage\":\"fr-FR\"}]}<\/script>\n<!-- \/ Yoast SEO Premium plugin. -->","yoast_head_json":{"title":"Paire de cassolettes en marbre et bronze - Egidi MadeinItaly","description":"Paire de cassolettes fran\u00e7aises en marbre et bronze transform\u00e9s en \u00e9l\u00e9gantes lampes Louis XVI et Napol\u00e9on III\u00b0 disponibles chez Egidi MadeinItaly.","robots":{"index":"index","follow":"follow","max-snippet":"max-snippet:-1","max-image-preview":"max-image-preview:large","max-video-preview":"max-video-preview:-1"},"canonical":"https:\/\/egidimadeinitaly.com\/fr\/produit\/objets-dart\/objets-dart-anciens-fr\/paire-de-cassolettes-en-marbre-et-bronze\/","og_locale":"fr_FR","og_type":"article","og_title":"Paire de cassolettes en marbre et bronze","og_description":"Paire de cassolettes en marbre et bronze transform\u00e9s en lampes, de style Louis XVI, datant du XIX^e si\u00e8cle.  Ils pr\u00e9sentent d'importantes d\u00e9corations en bronze dor\u00e9 : bandes florales, bordures feuillag\u00e9es, rubans et gracieux cygnes en guise d'anses. Base en marbre fa\u00e7onn\u00e9e. Le tout pos\u00e9 sur une base en marbre profil\u00e9e.  Prestigieux marbre rouge Fleur de P\u00eacher avec des veines blanches.  Fabriqu\u00e9es \u00e0 la main dans un marbre aux veines exquises et orn\u00e9es de montures en bronze du haut \u00e0 la base.  &nbsp;","og_url":"https:\/\/egidimadeinitaly.com\/fr\/produit\/objets-dart\/objets-dart-anciens-fr\/paire-de-cassolettes-en-marbre-et-bronze\/","og_site_name":"Egidi MadeinItaly","article_publisher":"https:\/\/www.facebook.com\/egidimadeinitaly\/","article_modified_time":"2025-08-09T10:36:14+00:00","og_image":[{"width":1984,"height":1984,"url":"https:\/\/egidimadeinitaly.com\/v25\/wp-content\/uploads\/2025\/02\/coppia-vasi-in-marmo-e-bronzo.jpg","type":"image\/jpeg"}],"schema":{"@context":"https:\/\/schema.org","@graph":[{"@type":"WebPage","@id":"https:\/\/egidimadeinitaly.com\/fr\/negozio\/objets-dart\/objets-dart-anciens-fr\/paire-de-cassolettes-en-marbre-et-bronze\/","url":"https:\/\/egidimadeinitaly.com\/fr\/produit\/objets-dart\/objets-dart-anciens-fr\/paire-de-cassolettes-en-marbre-et-bronze\/","name":"Paire de cassolettes en marbre et bronze - Egidi MadeinItaly","isPartOf":{"@id":"https:\/\/egidimadeinitaly.com\/fr\/#website"},"primaryImageOfPage":{"@id":"https:\/\/egidimadeinitaly.com\/fr\/produit\/objets-dart\/objets-dart-anciens-fr\/paire-de-cassolettes-en-marbre-et-bronze\/#primaryimage"},"image":{"@id":"https:\/\/egidimadeinitaly.com\/fr\/produit\/objets-dart\/objets-dart-anciens-fr\/paire-de-cassolettes-en-marbre-et-bronze\/#primaryimage"},"thumbnailUrl":"https:\/\/egidimadeinitaly.com\/v25\/wp-content\/uploads\/2025\/02\/coppia-vasi-in-marmo-e-bronzo.jpg","datePublished":"2025-02-25T10:57:05+00:00","dateModified":"2025-08-09T10:36:14+00:00","description":"Paire de cassolettes fran\u00e7aises en marbre et bronze transform\u00e9s en \u00e9l\u00e9gantes lampes Louis XVI et Napol\u00e9on III\u00b0 disponibles chez Egidi MadeinItaly.","breadcrumb":{"@id":"https:\/\/egidimadeinitaly.com\/fr\/produit\/objets-dart\/objets-dart-anciens-fr\/paire-de-cassolettes-en-marbre-et-bronze\/#breadcrumb"},"inLanguage":"fr-FR","potentialAction":[{"@type":"ReadAction","target":["https:\/\/egidimadeinitaly.com\/fr\/produit\/objets-dart\/objets-dart-anciens-fr\/paire-de-cassolettes-en-marbre-et-bronze\/"]}]},{"@type":"ImageObject","inLanguage":"fr-FR","@id":"https:\/\/egidimadeinitaly.com\/fr\/produit\/objets-dart\/objets-dart-anciens-fr\/paire-de-cassolettes-en-marbre-et-bronze\/#primaryimage","url":"https:\/\/egidimadeinitaly.com\/v25\/wp-content\/uploads\/2025\/02\/coppia-vasi-in-marmo-e-bronzo.jpg","contentUrl":"https:\/\/egidimadeinitaly.com\/v25\/wp-content\/uploads\/2025\/02\/coppia-vasi-in-marmo-e-bronzo.jpg","width":1984,"height":1984,"caption":"Coppia lampade marmo e dettagli in bronzo"},{"@type":"BreadcrumbList","@id":"https:\/\/egidimadeinitaly.com\/fr\/produit\/objets-dart\/objets-dart-anciens-fr\/paire-de-cassolettes-en-marbre-et-bronze\/#breadcrumb","itemListElement":[{"@type":"ListItem","position":1,"name":"Home","item":"https:\/\/egidimadeinitaly.com\/fr\/"},{"@type":"ListItem","position":2,"name":"Produits","item":"https:\/\/egidimadeinitaly.com\/fr\/shop\/"},{"@type":"ListItem","position":3,"name":"Objets d\u2019art","item":"https:\/\/egidimadeinitaly.com\/fr\/product-category\/objets-dart\/"},{"@type":"ListItem","position":4,"name":"Objets d'art anciens","item":"https:\/\/egidimadeinitaly.com\/fr\/product-category\/objets-dart\/objets-dart-anciens-fr\/"},{"@type":"ListItem","position":5,"name":"Paire de cassolettes en marbre et bronze"}]},{"@type":"WebSite","@id":"https:\/\/egidimadeinitaly.com\/fr\/#website","url":"https:\/\/egidimadeinitaly.com\/fr\/","name":"Egidi MadeinItaly","description":"Fine Art","potentialAction":[{"@type":"SearchAction","target":{"@type":"EntryPoint","urlTemplate":"https:\/\/egidimadeinitaly.com\/fr\/?s={search_term_string}"},"query-input":{"@type":"PropertyValueSpecification","valueRequired":true,"valueName":"search_term_string"}}],"inLanguage":"fr-FR"}]}},"_links":{"self":[{"href":"https:\/\/egidimadeinitaly.com\/fr\/wp-json\/wp\/v2\/product\/121600","targetHints":{"allow":["GET"]}}],"collection":[{"href":"https:\/\/egidimadeinitaly.com\/fr\/wp-json\/wp\/v2\/product"}],"about":[{"href":"https:\/\/egidimadeinitaly.com\/fr\/wp-json\/wp\/v2\/types\/product"}],"wp:featuredmedia":[{"embeddable":true,"href":"https:\/\/egidimadeinitaly.com\/fr\/wp-json\/wp\/v2\/media\/122198"}],"wp:attachment":[{"href":"https:\/\/egidimadeinitaly.com\/fr\/wp-json\/wp\/v2\/media?parent=121600"}],"wp:term":[{"taxonomy":"product_brand","embeddable":true,"href":"https:\/\/egidimadeinitaly.com\/fr\/wp-json\/wp\/v2\/product_brand?post=121600"},{"taxonomy":"product_cat","embeddable":true,"href":"https:\/\/egidimadeinitaly.com\/fr\/wp-json\/wp\/v2\/product_cat?post=121600"},{"taxonomy":"product_tag","embeddable":true,"href":"https:\/\/egidimadeinitaly.com\/fr\/wp-json\/wp\/v2\/product_tag?post=121600"}],"curies":[{"name":"wp","href":"https:\/\/api.w.org\/{rel}","templated":true}]}}