{"id":121588,"date":"2025-02-19T20:51:14","date_gmt":"2025-02-19T19:51:14","guid":{"rendered":"https:\/\/egidimadeinitaly.com\/?post_type=product&#038;p=121588"},"modified":"2025-11-05T11:12:39","modified_gmt":"2025-11-05T10:12:39","slug":"paire-de-pots-anciens-de-delft","status":"publish","type":"product","link":"https:\/\/egidimadeinitaly.com\/fr\/negozio\/objets-dart\/objets-dart-anciens-fr\/paire-de-pots-anciens-de-delft\/","title":{"rendered":"Paire de pots anciens de Delft"},"content":{"rendered":"<p>Ces vases circulaires traditionnels bleus et blancs \u00e0 couvercle sont surmont\u00e9s de fleurons en forme de lion, caract\u00e9ristiques de la manufacture hollandaise de Delft.<\/p>\n<p>Ils pr\u00e9sentent des m\u00e9daillons \u00e0 motifs floraux peints \u00e0 la main, avec des d\u00e9corations hollandaises classiques de fleurs et de feuillages.<\/p>\n<p>Fabriqu\u00e9es aux Pays-Bas vers 1860, ces potiches \u00e9taient g\u00e9n\u00e9ralement plac\u00e9es sur des chemin\u00e9es ou des \u00e9tag\u00e8res.<\/p>\n<p>La fabrication de la poterie de Delft a commenc\u00e9 au XVII^e si\u00e8cle.<\/p>\n<p>Les potiers de Delft ont commenc\u00e9 \u00e0 recouvrir leurs pots d&rsquo;une gla\u00e7ure blanche \u00e0 l&rsquo;\u00e9tain, qui \u00e9tait ensuite recouverte d&rsquo;une gla\u00e7ure transparente, donnant ainsi de la profondeur \u00e0 la surface cuite et de la douceur au bleu de cobalt. Avec le temps, ils ont acquis une telle ressemblance avec la porcelaine qu&rsquo;ils en sont devenus identiques.<\/p>\n<p>Vers 1650, les comp\u00e9tences techniques des potiers et des peintres se sont consid\u00e9rablement am\u00e9lior\u00e9es et Delft conna\u00eet son \u00e2ge d&rsquo;or.<\/p>\n","protected":false},"excerpt":{"rendered":"<p>Paire de potiches avec couvercles, manufacture de Delft, fin du XVIII^e si\u00e8cle. Elles sont d\u00e9cor\u00e9es de motifs monochromes dans le bleu cobalt embl\u00e9matique de la manufacture. Estampill\u00e9 sur le fond \u00ab Delft \u00bb, Hollande.<\/p>\n","protected":false},"featured_media":122201,"template":"","meta":{"_acf_changed":false},"product_brand":[],"product_cat":[6406,6492],"product_tag":[],"class_list":{"0":"post-121588","1":"product","2":"type-product","3":"status-publish","4":"has-post-thumbnail","6":"product_cat-objets-dart-anciens-fr","7":"product_cat-objets-dart","9":"first","10":"outofstock","11":"taxable","12":"shipping-taxable","13":"product-type-simple"},"acf":[],"yoast_head":"<!-- This site is optimized with the Yoast SEO Premium plugin v27.4 (Yoast SEO v27.5) - https:\/\/yoast.com\/product\/yoast-seo-premium-wordpress\/ -->\n<title>Paire de pots anciens de Delft - Egidi MadeinItaly<\/title>\n<meta name=\"description\" content=\"Paire de pots \u00e0 couvercle de manufacture de Delft, fin XVIII^e si\u00e8cle Disponible chez Egidi MadeinItaly.\" \/>\n<meta name=\"robots\" content=\"index, follow, max-snippet:-1, max-image-preview:large, max-video-preview:-1\" \/>\n<link rel=\"canonical\" href=\"https:\/\/egidimadeinitaly.com\/fr\/produit\/objets-dart\/objets-dart-anciens-fr\/paire-de-pots-anciens-de-delft\/\" \/>\n<meta property=\"og:locale\" content=\"fr_FR\" \/>\n<meta property=\"og:type\" content=\"article\" \/>\n<meta property=\"og:title\" content=\"Paire de pots anciens de Delft\" \/>\n<meta property=\"og:description\" content=\"Paire de potiches avec couvercles, manufacture de Delft, fin du XVIII^e si\u00e8cle. Elles sont d\u00e9cor\u00e9es de motifs monochromes dans le bleu cobalt embl\u00e9matique de la manufacture. Estampill\u00e9 sur le fond \u00ab Delft \u00bb, Hollande.\" \/>\n<meta property=\"og:url\" content=\"https:\/\/egidimadeinitaly.com\/fr\/produit\/objets-dart\/objets-dart-anciens-fr\/paire-de-pots-anciens-de-delft\/\" \/>\n<meta property=\"og:site_name\" content=\"Egidi MadeinItaly\" \/>\n<meta property=\"article:publisher\" content=\"https:\/\/www.facebook.com\/egidimadeinitaly\/\" \/>\n<meta property=\"article:modified_time\" content=\"2025-11-05T10:12:39+00:00\" \/>\n<meta property=\"og:image\" content=\"https:\/\/egidimadeinitaly.com\/v25\/wp-content\/uploads\/2025\/02\/Coppia-vasi-Delft.jpg\" \/>\n\t<meta property=\"og:image:width\" content=\"1984\" \/>\n\t<meta property=\"og:image:height\" content=\"1984\" \/>\n\t<meta property=\"og:image:type\" content=\"image\/jpeg\" \/>\n<script type=\"application\/ld+json\" class=\"yoast-schema-graph\">{\"@context\":\"https:\\\/\\\/schema.org\",\"@graph\":[{\"@type\":\"WebPage\",\"@id\":\"https:\\\/\\\/egidimadeinitaly.com\\\/fr\\\/negozio\\\/objets-dart\\\/objets-dart-anciens-fr\\\/paire-de-pots-anciens-de-delft\\\/\",\"url\":\"https:\\\/\\\/egidimadeinitaly.com\\\/fr\\\/produit\\\/objets-dart\\\/objets-dart-anciens-fr\\\/paire-de-pots-anciens-de-delft\\\/\",\"name\":\"Paire de pots anciens de Delft - Egidi MadeinItaly\",\"isPartOf\":{\"@id\":\"https:\\\/\\\/egidimadeinitaly.com\\\/fr\\\/#website\"},\"primaryImageOfPage\":{\"@id\":\"https:\\\/\\\/egidimadeinitaly.com\\\/fr\\\/produit\\\/objets-dart\\\/objets-dart-anciens-fr\\\/paire-de-pots-anciens-de-delft\\\/#primaryimage\"},\"image\":{\"@id\":\"https:\\\/\\\/egidimadeinitaly.com\\\/fr\\\/produit\\\/objets-dart\\\/objets-dart-anciens-fr\\\/paire-de-pots-anciens-de-delft\\\/#primaryimage\"},\"thumbnailUrl\":\"https:\\\/\\\/egidimadeinitaly.com\\\/v25\\\/wp-content\\\/uploads\\\/2025\\\/02\\\/Coppia-vasi-Delft.jpg\",\"datePublished\":\"2025-02-19T19:51:14+00:00\",\"dateModified\":\"2025-11-05T10:12:39+00:00\",\"description\":\"Paire de pots \u00e0 couvercle de manufacture de Delft, fin XVIII^e si\u00e8cle Disponible chez Egidi MadeinItaly.\",\"breadcrumb\":{\"@id\":\"https:\\\/\\\/egidimadeinitaly.com\\\/fr\\\/produit\\\/objets-dart\\\/objets-dart-anciens-fr\\\/paire-de-pots-anciens-de-delft\\\/#breadcrumb\"},\"inLanguage\":\"fr-FR\",\"potentialAction\":[{\"@type\":\"ReadAction\",\"target\":[\"https:\\\/\\\/egidimadeinitaly.com\\\/fr\\\/produit\\\/objets-dart\\\/objets-dart-anciens-fr\\\/paire-de-pots-anciens-de-delft\\\/\"]}]},{\"@type\":\"ImageObject\",\"inLanguage\":\"fr-FR\",\"@id\":\"https:\\\/\\\/egidimadeinitaly.com\\\/fr\\\/produit\\\/objets-dart\\\/objets-dart-anciens-fr\\\/paire-de-pots-anciens-de-delft\\\/#primaryimage\",\"url\":\"https:\\\/\\\/egidimadeinitaly.com\\\/v25\\\/wp-content\\\/uploads\\\/2025\\\/02\\\/Coppia-vasi-Delft.jpg\",\"contentUrl\":\"https:\\\/\\\/egidimadeinitaly.com\\\/v25\\\/wp-content\\\/uploads\\\/2025\\\/02\\\/Coppia-vasi-Delft.jpg\",\"width\":1984,\"height\":1984,\"caption\":\"Coppia vasi Delft\"},{\"@type\":\"BreadcrumbList\",\"@id\":\"https:\\\/\\\/egidimadeinitaly.com\\\/fr\\\/produit\\\/objets-dart\\\/objets-dart-anciens-fr\\\/paire-de-pots-anciens-de-delft\\\/#breadcrumb\",\"itemListElement\":[{\"@type\":\"ListItem\",\"position\":1,\"name\":\"Home\",\"item\":\"https:\\\/\\\/egidimadeinitaly.com\\\/fr\\\/\"},{\"@type\":\"ListItem\",\"position\":2,\"name\":\"Produits\",\"item\":\"https:\\\/\\\/egidimadeinitaly.com\\\/fr\\\/shop\\\/\"},{\"@type\":\"ListItem\",\"position\":3,\"name\":\"Objets d\u2019art\",\"item\":\"https:\\\/\\\/egidimadeinitaly.com\\\/fr\\\/product-category\\\/objets-dart\\\/\"},{\"@type\":\"ListItem\",\"position\":4,\"name\":\"Objets d'art anciens\",\"item\":\"https:\\\/\\\/egidimadeinitaly.com\\\/fr\\\/product-category\\\/objets-dart\\\/objets-dart-anciens-fr\\\/\"},{\"@type\":\"ListItem\",\"position\":5,\"name\":\"Paire de pots anciens de Delft\"}]},{\"@type\":\"WebSite\",\"@id\":\"https:\\\/\\\/egidimadeinitaly.com\\\/fr\\\/#website\",\"url\":\"https:\\\/\\\/egidimadeinitaly.com\\\/fr\\\/\",\"name\":\"Egidi MadeinItaly\",\"description\":\"Fine Art\",\"potentialAction\":[{\"@type\":\"SearchAction\",\"target\":{\"@type\":\"EntryPoint\",\"urlTemplate\":\"https:\\\/\\\/egidimadeinitaly.com\\\/fr\\\/?s={search_term_string}\"},\"query-input\":{\"@type\":\"PropertyValueSpecification\",\"valueRequired\":true,\"valueName\":\"search_term_string\"}}],\"inLanguage\":\"fr-FR\"}]}<\/script>\n<!-- \/ Yoast SEO Premium plugin. -->","yoast_head_json":{"title":"Paire de pots anciens de Delft - Egidi MadeinItaly","description":"Paire de pots \u00e0 couvercle de manufacture de Delft, fin XVIII^e si\u00e8cle Disponible chez Egidi MadeinItaly.","robots":{"index":"index","follow":"follow","max-snippet":"max-snippet:-1","max-image-preview":"max-image-preview:large","max-video-preview":"max-video-preview:-1"},"canonical":"https:\/\/egidimadeinitaly.com\/fr\/produit\/objets-dart\/objets-dart-anciens-fr\/paire-de-pots-anciens-de-delft\/","og_locale":"fr_FR","og_type":"article","og_title":"Paire de pots anciens de Delft","og_description":"Paire de potiches avec couvercles, manufacture de Delft, fin du XVIII^e si\u00e8cle. Elles sont d\u00e9cor\u00e9es de motifs monochromes dans le bleu cobalt embl\u00e9matique de la manufacture. Estampill\u00e9 sur le fond \u00ab Delft \u00bb, Hollande.","og_url":"https:\/\/egidimadeinitaly.com\/fr\/produit\/objets-dart\/objets-dart-anciens-fr\/paire-de-pots-anciens-de-delft\/","og_site_name":"Egidi MadeinItaly","article_publisher":"https:\/\/www.facebook.com\/egidimadeinitaly\/","article_modified_time":"2025-11-05T10:12:39+00:00","og_image":[{"width":1984,"height":1984,"url":"https:\/\/egidimadeinitaly.com\/v25\/wp-content\/uploads\/2025\/02\/Coppia-vasi-Delft.jpg","type":"image\/jpeg"}],"schema":{"@context":"https:\/\/schema.org","@graph":[{"@type":"WebPage","@id":"https:\/\/egidimadeinitaly.com\/fr\/negozio\/objets-dart\/objets-dart-anciens-fr\/paire-de-pots-anciens-de-delft\/","url":"https:\/\/egidimadeinitaly.com\/fr\/produit\/objets-dart\/objets-dart-anciens-fr\/paire-de-pots-anciens-de-delft\/","name":"Paire de pots anciens de Delft - Egidi MadeinItaly","isPartOf":{"@id":"https:\/\/egidimadeinitaly.com\/fr\/#website"},"primaryImageOfPage":{"@id":"https:\/\/egidimadeinitaly.com\/fr\/produit\/objets-dart\/objets-dart-anciens-fr\/paire-de-pots-anciens-de-delft\/#primaryimage"},"image":{"@id":"https:\/\/egidimadeinitaly.com\/fr\/produit\/objets-dart\/objets-dart-anciens-fr\/paire-de-pots-anciens-de-delft\/#primaryimage"},"thumbnailUrl":"https:\/\/egidimadeinitaly.com\/v25\/wp-content\/uploads\/2025\/02\/Coppia-vasi-Delft.jpg","datePublished":"2025-02-19T19:51:14+00:00","dateModified":"2025-11-05T10:12:39+00:00","description":"Paire de pots \u00e0 couvercle de manufacture de Delft, fin XVIII^e si\u00e8cle Disponible chez Egidi MadeinItaly.","breadcrumb":{"@id":"https:\/\/egidimadeinitaly.com\/fr\/produit\/objets-dart\/objets-dart-anciens-fr\/paire-de-pots-anciens-de-delft\/#breadcrumb"},"inLanguage":"fr-FR","potentialAction":[{"@type":"ReadAction","target":["https:\/\/egidimadeinitaly.com\/fr\/produit\/objets-dart\/objets-dart-anciens-fr\/paire-de-pots-anciens-de-delft\/"]}]},{"@type":"ImageObject","inLanguage":"fr-FR","@id":"https:\/\/egidimadeinitaly.com\/fr\/produit\/objets-dart\/objets-dart-anciens-fr\/paire-de-pots-anciens-de-delft\/#primaryimage","url":"https:\/\/egidimadeinitaly.com\/v25\/wp-content\/uploads\/2025\/02\/Coppia-vasi-Delft.jpg","contentUrl":"https:\/\/egidimadeinitaly.com\/v25\/wp-content\/uploads\/2025\/02\/Coppia-vasi-Delft.jpg","width":1984,"height":1984,"caption":"Coppia vasi Delft"},{"@type":"BreadcrumbList","@id":"https:\/\/egidimadeinitaly.com\/fr\/produit\/objets-dart\/objets-dart-anciens-fr\/paire-de-pots-anciens-de-delft\/#breadcrumb","itemListElement":[{"@type":"ListItem","position":1,"name":"Home","item":"https:\/\/egidimadeinitaly.com\/fr\/"},{"@type":"ListItem","position":2,"name":"Produits","item":"https:\/\/egidimadeinitaly.com\/fr\/shop\/"},{"@type":"ListItem","position":3,"name":"Objets d\u2019art","item":"https:\/\/egidimadeinitaly.com\/fr\/product-category\/objets-dart\/"},{"@type":"ListItem","position":4,"name":"Objets d'art anciens","item":"https:\/\/egidimadeinitaly.com\/fr\/product-category\/objets-dart\/objets-dart-anciens-fr\/"},{"@type":"ListItem","position":5,"name":"Paire de pots anciens de Delft"}]},{"@type":"WebSite","@id":"https:\/\/egidimadeinitaly.com\/fr\/#website","url":"https:\/\/egidimadeinitaly.com\/fr\/","name":"Egidi MadeinItaly","description":"Fine Art","potentialAction":[{"@type":"SearchAction","target":{"@type":"EntryPoint","urlTemplate":"https:\/\/egidimadeinitaly.com\/fr\/?s={search_term_string}"},"query-input":{"@type":"PropertyValueSpecification","valueRequired":true,"valueName":"search_term_string"}}],"inLanguage":"fr-FR"}]}},"_links":{"self":[{"href":"https:\/\/egidimadeinitaly.com\/fr\/wp-json\/wp\/v2\/product\/121588","targetHints":{"allow":["GET"]}}],"collection":[{"href":"https:\/\/egidimadeinitaly.com\/fr\/wp-json\/wp\/v2\/product"}],"about":[{"href":"https:\/\/egidimadeinitaly.com\/fr\/wp-json\/wp\/v2\/types\/product"}],"wp:featuredmedia":[{"embeddable":true,"href":"https:\/\/egidimadeinitaly.com\/fr\/wp-json\/wp\/v2\/media\/122201"}],"wp:attachment":[{"href":"https:\/\/egidimadeinitaly.com\/fr\/wp-json\/wp\/v2\/media?parent=121588"}],"wp:term":[{"taxonomy":"product_brand","embeddable":true,"href":"https:\/\/egidimadeinitaly.com\/fr\/wp-json\/wp\/v2\/product_brand?post=121588"},{"taxonomy":"product_cat","embeddable":true,"href":"https:\/\/egidimadeinitaly.com\/fr\/wp-json\/wp\/v2\/product_cat?post=121588"},{"taxonomy":"product_tag","embeddable":true,"href":"https:\/\/egidimadeinitaly.com\/fr\/wp-json\/wp\/v2\/product_tag?post=121588"}],"curies":[{"name":"wp","href":"https:\/\/api.w.org\/{rel}","templated":true}]}}