{"id":121431,"date":"2024-04-30T12:09:22","date_gmt":"2024-04-30T11:09:22","guid":{"rendered":"https:\/\/egidimadeinitaly.com\/?post_type=product&#038;p=121431"},"modified":"2025-08-09T14:56:37","modified_gmt":"2025-08-09T13:56:37","slug":"lorenzo-viani-dessin","status":"publish","type":"product","link":"https:\/\/egidimadeinitaly.com\/fr\/negozio\/art-moderne\/oeuvres-modernes-sur-papiers\/lorenzo-viani-dessin\/","title":{"rendered":"Lorenzo Viani dessin"},"content":{"rendered":"<div class=\"wpb-content-wrapper\"><p>[vc_row][vc_column][vc_column_text uncode_shortcode_id=\u00a0\u00bb201172&Prime;]Lorenzo Viani (Viareggio 1882 &#8211; Ostia 1936) Actif \u00e0 Viareggio dans la premi\u00e8re moiti\u00e9 du XXe si\u00e8cle.<\/p>\n<p>Il \u00e9tait un peintre, graveur, \u00e9crivain et po\u00e8te italien, connu pour \u00eatre un repr\u00e9sentant de l&rsquo;expressionnisme europ\u00e9en.<br \/>\nSon art se distingue par l&rsquo;utilisation de lignes nettes et un fort sentiment d&rsquo;\u00e9motion, caract\u00e9ristiques qui se refl\u00e8tent \u00e9galement dans cette \u0153uvre.<br \/>\nParfaite pour les amateurs d&rsquo;art moderne et d&rsquo;expressionnisme, cette \u0153uvre est une pi\u00e8ce unique et d&rsquo;une grande valeur artistique.<\/p>\n<p>Si vous souhaitez obtenir plus de d\u00e9tails ou d&rsquo;informations sur l&rsquo;achat, nous sommes l\u00e0 pour vous aider ![\/vc_column_text][\/vc_column][\/vc_row]<\/p>\n<\/div>","protected":false},"excerpt":{"rendered":"<p>Chine sur papier repr\u00e9sentant une \u00ab T\u00eate d&rsquo;homme \u00bb sign\u00e9 Lorenzo Viani.<br \/>\nSignature en bas \u00e0 droite. Il est pr\u00e9sent\u00e9 dans un cadre.<\/p>\n<p>\u0152uvre rare et importante sur papier <em>T\u00eate d&rsquo;homme <\/em>\u00e0 l&rsquo;encre de Chine sign\u00e9e en bas \u00e0 droite Lorenzo Viani. Encadr\u00e9e. Elle repr\u00e9sente l&rsquo;un de ses sujets typiques : le portrait des habitants de Viareggio, sa merveilleuse ville natale.<br \/>\n\u0152uvre rare et suggestive sur papier, elle repr\u00e9sente une t\u00eate d&rsquo;homme, r\u00e9alis\u00e9e \u00e0 l&rsquo;encre de Chine, qui conf\u00e8re un fort impact visuel et un sens d&rsquo;expressivit\u00e9 intense. La signature de l&rsquo;artiste Lorenzo Viani en bas \u00e0 droite est pr\u00e9sente sur l&rsquo;\u0153uvre, attestant de son authenticit\u00e9.<\/p>\n<p>&nbsp;<\/p>\n","protected":false},"featured_media":117806,"template":"","meta":{"_acf_changed":false},"product_brand":[],"product_cat":[6377,6414],"product_tag":[5492],"class_list":{"0":"post-121431","1":"product","2":"type-product","3":"status-publish","4":"has-post-thumbnail","6":"product_cat-art-moderne","7":"product_cat-oeuvres-modernes-sur-papiers","8":"product_tag-portraits-fr","10":"first","11":"instock","12":"taxable","13":"shipping-taxable","14":"product-type-simple"},"acf":[],"yoast_head":"<!-- This site is optimized with the Yoast SEO Premium plugin v27.3 (Yoast SEO v27.4) - https:\/\/yoast.com\/product\/yoast-seo-premium-wordpress\/ -->\n<title>Lorenzo Viani dessin - Egidi MadeinItaly<\/title>\n<meta name=\"description\" content=\"Lorenzo Viani (Viareggio 1882 - Ostia 1936) Dessin Chine sur papier T\u00eate d&#039;homme sign\u00e9e en bas \u00e0 droite disponible sur Egidi MadeinItaly.\" \/>\n<meta name=\"robots\" content=\"index, follow, max-snippet:-1, max-image-preview:large, max-video-preview:-1\" \/>\n<link rel=\"canonical\" href=\"https:\/\/egidimadeinitaly.com\/fr\/produit\/art-moderne\/oeuvres-modernes-sur-papiers\/lorenzo-viani-dessin\/\" \/>\n<meta property=\"og:locale\" content=\"fr_FR\" \/>\n<meta property=\"og:type\" content=\"article\" \/>\n<meta property=\"og:title\" content=\"Lorenzo Viani dessin\" \/>\n<meta property=\"og:description\" content=\"Chine sur papier repr\u00e9sentant une \u00ab T\u00eate d&#039;homme \u00bb sign\u00e9 Lorenzo Viani. Signature en bas \u00e0 droite. Il est pr\u00e9sent\u00e9 dans un cadre.  \u0152uvre rare et importante sur papier T\u00eate d&#039;homme \u00e0 l&#039;encre de Chine sign\u00e9e en bas \u00e0 droite Lorenzo Viani. Encadr\u00e9e. Elle repr\u00e9sente l&#039;un de ses sujets typiques : le portrait des habitants de Viareggio, sa merveilleuse ville natale. \u0152uvre rare et suggestive sur papier, elle repr\u00e9sente une t\u00eate d&#039;homme, r\u00e9alis\u00e9e \u00e0 l&#039;encre de Chine, qui conf\u00e8re un fort impact visuel et un sens d&#039;expressivit\u00e9 intense. La signature de l&#039;artiste Lorenzo Viani en bas \u00e0 droite est pr\u00e9sente sur l&#039;\u0153uvre, attestant de son authenticit\u00e9.  &nbsp;\" \/>\n<meta property=\"og:url\" content=\"https:\/\/egidimadeinitaly.com\/fr\/produit\/art-moderne\/oeuvres-modernes-sur-papiers\/lorenzo-viani-dessin\/\" \/>\n<meta property=\"og:site_name\" content=\"Egidi MadeinItaly\" \/>\n<meta property=\"article:publisher\" content=\"https:\/\/www.facebook.com\/egidimadeinitaly\/\" \/>\n<meta property=\"article:modified_time\" content=\"2025-08-09T13:56:37+00:00\" \/>\n<meta property=\"og:image\" content=\"https:\/\/egidimadeinitaly.com\/v25\/wp-content\/uploads\/2024\/02\/Lorenzo-Viani.jpg\" \/>\n\t<meta property=\"og:image:width\" content=\"1984\" \/>\n\t<meta property=\"og:image:height\" content=\"1984\" \/>\n\t<meta property=\"og:image:type\" content=\"image\/jpeg\" \/>\n<script type=\"application\/ld+json\" class=\"yoast-schema-graph\">{\"@context\":\"https:\\\/\\\/schema.org\",\"@graph\":[{\"@type\":\"WebPage\",\"@id\":\"https:\\\/\\\/egidimadeinitaly.com\\\/fr\\\/negozio\\\/art-moderne\\\/oeuvres-modernes-sur-papiers\\\/lorenzo-viani-dessin\\\/\",\"url\":\"https:\\\/\\\/egidimadeinitaly.com\\\/fr\\\/produit\\\/art-moderne\\\/oeuvres-modernes-sur-papiers\\\/lorenzo-viani-dessin\\\/\",\"name\":\"Lorenzo Viani dessin - Egidi MadeinItaly\",\"isPartOf\":{\"@id\":\"https:\\\/\\\/egidimadeinitaly.com\\\/fr\\\/#website\"},\"primaryImageOfPage\":{\"@id\":\"https:\\\/\\\/egidimadeinitaly.com\\\/fr\\\/produit\\\/art-moderne\\\/oeuvres-modernes-sur-papiers\\\/lorenzo-viani-dessin\\\/#primaryimage\"},\"image\":{\"@id\":\"https:\\\/\\\/egidimadeinitaly.com\\\/fr\\\/produit\\\/art-moderne\\\/oeuvres-modernes-sur-papiers\\\/lorenzo-viani-dessin\\\/#primaryimage\"},\"thumbnailUrl\":\"https:\\\/\\\/egidimadeinitaly.com\\\/v25\\\/wp-content\\\/uploads\\\/2024\\\/02\\\/Lorenzo-Viani.jpg\",\"datePublished\":\"2024-04-30T11:09:22+00:00\",\"dateModified\":\"2025-08-09T13:56:37+00:00\",\"description\":\"Lorenzo Viani (Viareggio 1882 - Ostia 1936) Dessin Chine sur papier T\u00eate d'homme sign\u00e9e en bas \u00e0 droite disponible sur Egidi MadeinItaly.\",\"breadcrumb\":{\"@id\":\"https:\\\/\\\/egidimadeinitaly.com\\\/fr\\\/produit\\\/art-moderne\\\/oeuvres-modernes-sur-papiers\\\/lorenzo-viani-dessin\\\/#breadcrumb\"},\"inLanguage\":\"fr-FR\",\"potentialAction\":[{\"@type\":\"ReadAction\",\"target\":[\"https:\\\/\\\/egidimadeinitaly.com\\\/fr\\\/produit\\\/art-moderne\\\/oeuvres-modernes-sur-papiers\\\/lorenzo-viani-dessin\\\/\"]}]},{\"@type\":\"ImageObject\",\"inLanguage\":\"fr-FR\",\"@id\":\"https:\\\/\\\/egidimadeinitaly.com\\\/fr\\\/produit\\\/art-moderne\\\/oeuvres-modernes-sur-papiers\\\/lorenzo-viani-dessin\\\/#primaryimage\",\"url\":\"https:\\\/\\\/egidimadeinitaly.com\\\/v25\\\/wp-content\\\/uploads\\\/2024\\\/02\\\/Lorenzo-Viani.jpg\",\"contentUrl\":\"https:\\\/\\\/egidimadeinitaly.com\\\/v25\\\/wp-content\\\/uploads\\\/2024\\\/02\\\/Lorenzo-Viani.jpg\",\"width\":1984,\"height\":1984,\"caption\":\"Portrait chine sur papier\"},{\"@type\":\"BreadcrumbList\",\"@id\":\"https:\\\/\\\/egidimadeinitaly.com\\\/fr\\\/produit\\\/art-moderne\\\/oeuvres-modernes-sur-papiers\\\/lorenzo-viani-dessin\\\/#breadcrumb\",\"itemListElement\":[{\"@type\":\"ListItem\",\"position\":1,\"name\":\"Home\",\"item\":\"https:\\\/\\\/egidimadeinitaly.com\\\/fr\\\/\"},{\"@type\":\"ListItem\",\"position\":2,\"name\":\"Produits\",\"item\":\"https:\\\/\\\/egidimadeinitaly.com\\\/fr\\\/shop\\\/\"},{\"@type\":\"ListItem\",\"position\":3,\"name\":\"Art moderne\",\"item\":\"https:\\\/\\\/egidimadeinitaly.com\\\/fr\\\/product-category\\\/art-moderne\\\/\"},{\"@type\":\"ListItem\",\"position\":4,\"name\":\"\u0152uvres modernes sur papiers\",\"item\":\"https:\\\/\\\/egidimadeinitaly.com\\\/fr\\\/product-category\\\/art-moderne\\\/oeuvres-modernes-sur-papiers\\\/\"},{\"@type\":\"ListItem\",\"position\":5,\"name\":\"Lorenzo Viani dessin\"}]},{\"@type\":\"WebSite\",\"@id\":\"https:\\\/\\\/egidimadeinitaly.com\\\/fr\\\/#website\",\"url\":\"https:\\\/\\\/egidimadeinitaly.com\\\/fr\\\/\",\"name\":\"Egidi MadeinItaly\",\"description\":\"Fine Art\",\"potentialAction\":[{\"@type\":\"SearchAction\",\"target\":{\"@type\":\"EntryPoint\",\"urlTemplate\":\"https:\\\/\\\/egidimadeinitaly.com\\\/fr\\\/?s={search_term_string}\"},\"query-input\":{\"@type\":\"PropertyValueSpecification\",\"valueRequired\":true,\"valueName\":\"search_term_string\"}}],\"inLanguage\":\"fr-FR\"}]}<\/script>\n<!-- \/ Yoast SEO Premium plugin. -->","yoast_head_json":{"title":"Lorenzo Viani dessin - Egidi MadeinItaly","description":"Lorenzo Viani (Viareggio 1882 - Ostia 1936) Dessin Chine sur papier T\u00eate d'homme sign\u00e9e en bas \u00e0 droite disponible sur Egidi MadeinItaly.","robots":{"index":"index","follow":"follow","max-snippet":"max-snippet:-1","max-image-preview":"max-image-preview:large","max-video-preview":"max-video-preview:-1"},"canonical":"https:\/\/egidimadeinitaly.com\/fr\/produit\/art-moderne\/oeuvres-modernes-sur-papiers\/lorenzo-viani-dessin\/","og_locale":"fr_FR","og_type":"article","og_title":"Lorenzo Viani dessin","og_description":"Chine sur papier repr\u00e9sentant une \u00ab T\u00eate d'homme \u00bb sign\u00e9 Lorenzo Viani. Signature en bas \u00e0 droite. Il est pr\u00e9sent\u00e9 dans un cadre.  \u0152uvre rare et importante sur papier T\u00eate d'homme \u00e0 l'encre de Chine sign\u00e9e en bas \u00e0 droite Lorenzo Viani. Encadr\u00e9e. Elle repr\u00e9sente l'un de ses sujets typiques : le portrait des habitants de Viareggio, sa merveilleuse ville natale. \u0152uvre rare et suggestive sur papier, elle repr\u00e9sente une t\u00eate d'homme, r\u00e9alis\u00e9e \u00e0 l'encre de Chine, qui conf\u00e8re un fort impact visuel et un sens d'expressivit\u00e9 intense. La signature de l'artiste Lorenzo Viani en bas \u00e0 droite est pr\u00e9sente sur l'\u0153uvre, attestant de son authenticit\u00e9.  &nbsp;","og_url":"https:\/\/egidimadeinitaly.com\/fr\/produit\/art-moderne\/oeuvres-modernes-sur-papiers\/lorenzo-viani-dessin\/","og_site_name":"Egidi MadeinItaly","article_publisher":"https:\/\/www.facebook.com\/egidimadeinitaly\/","article_modified_time":"2025-08-09T13:56:37+00:00","og_image":[{"width":1984,"height":1984,"url":"https:\/\/egidimadeinitaly.com\/v25\/wp-content\/uploads\/2024\/02\/Lorenzo-Viani.jpg","type":"image\/jpeg"}],"schema":{"@context":"https:\/\/schema.org","@graph":[{"@type":"WebPage","@id":"https:\/\/egidimadeinitaly.com\/fr\/negozio\/art-moderne\/oeuvres-modernes-sur-papiers\/lorenzo-viani-dessin\/","url":"https:\/\/egidimadeinitaly.com\/fr\/produit\/art-moderne\/oeuvres-modernes-sur-papiers\/lorenzo-viani-dessin\/","name":"Lorenzo Viani dessin - Egidi MadeinItaly","isPartOf":{"@id":"https:\/\/egidimadeinitaly.com\/fr\/#website"},"primaryImageOfPage":{"@id":"https:\/\/egidimadeinitaly.com\/fr\/produit\/art-moderne\/oeuvres-modernes-sur-papiers\/lorenzo-viani-dessin\/#primaryimage"},"image":{"@id":"https:\/\/egidimadeinitaly.com\/fr\/produit\/art-moderne\/oeuvres-modernes-sur-papiers\/lorenzo-viani-dessin\/#primaryimage"},"thumbnailUrl":"https:\/\/egidimadeinitaly.com\/v25\/wp-content\/uploads\/2024\/02\/Lorenzo-Viani.jpg","datePublished":"2024-04-30T11:09:22+00:00","dateModified":"2025-08-09T13:56:37+00:00","description":"Lorenzo Viani (Viareggio 1882 - Ostia 1936) Dessin Chine sur papier T\u00eate d'homme sign\u00e9e en bas \u00e0 droite disponible sur Egidi MadeinItaly.","breadcrumb":{"@id":"https:\/\/egidimadeinitaly.com\/fr\/produit\/art-moderne\/oeuvres-modernes-sur-papiers\/lorenzo-viani-dessin\/#breadcrumb"},"inLanguage":"fr-FR","potentialAction":[{"@type":"ReadAction","target":["https:\/\/egidimadeinitaly.com\/fr\/produit\/art-moderne\/oeuvres-modernes-sur-papiers\/lorenzo-viani-dessin\/"]}]},{"@type":"ImageObject","inLanguage":"fr-FR","@id":"https:\/\/egidimadeinitaly.com\/fr\/produit\/art-moderne\/oeuvres-modernes-sur-papiers\/lorenzo-viani-dessin\/#primaryimage","url":"https:\/\/egidimadeinitaly.com\/v25\/wp-content\/uploads\/2024\/02\/Lorenzo-Viani.jpg","contentUrl":"https:\/\/egidimadeinitaly.com\/v25\/wp-content\/uploads\/2024\/02\/Lorenzo-Viani.jpg","width":1984,"height":1984,"caption":"Portrait chine sur papier"},{"@type":"BreadcrumbList","@id":"https:\/\/egidimadeinitaly.com\/fr\/produit\/art-moderne\/oeuvres-modernes-sur-papiers\/lorenzo-viani-dessin\/#breadcrumb","itemListElement":[{"@type":"ListItem","position":1,"name":"Home","item":"https:\/\/egidimadeinitaly.com\/fr\/"},{"@type":"ListItem","position":2,"name":"Produits","item":"https:\/\/egidimadeinitaly.com\/fr\/shop\/"},{"@type":"ListItem","position":3,"name":"Art moderne","item":"https:\/\/egidimadeinitaly.com\/fr\/product-category\/art-moderne\/"},{"@type":"ListItem","position":4,"name":"\u0152uvres modernes sur papiers","item":"https:\/\/egidimadeinitaly.com\/fr\/product-category\/art-moderne\/oeuvres-modernes-sur-papiers\/"},{"@type":"ListItem","position":5,"name":"Lorenzo Viani dessin"}]},{"@type":"WebSite","@id":"https:\/\/egidimadeinitaly.com\/fr\/#website","url":"https:\/\/egidimadeinitaly.com\/fr\/","name":"Egidi MadeinItaly","description":"Fine Art","potentialAction":[{"@type":"SearchAction","target":{"@type":"EntryPoint","urlTemplate":"https:\/\/egidimadeinitaly.com\/fr\/?s={search_term_string}"},"query-input":{"@type":"PropertyValueSpecification","valueRequired":true,"valueName":"search_term_string"}}],"inLanguage":"fr-FR"}]}},"_links":{"self":[{"href":"https:\/\/egidimadeinitaly.com\/fr\/wp-json\/wp\/v2\/product\/121431","targetHints":{"allow":["GET"]}}],"collection":[{"href":"https:\/\/egidimadeinitaly.com\/fr\/wp-json\/wp\/v2\/product"}],"about":[{"href":"https:\/\/egidimadeinitaly.com\/fr\/wp-json\/wp\/v2\/types\/product"}],"wp:featuredmedia":[{"embeddable":true,"href":"https:\/\/egidimadeinitaly.com\/fr\/wp-json\/wp\/v2\/media\/117806"}],"wp:attachment":[{"href":"https:\/\/egidimadeinitaly.com\/fr\/wp-json\/wp\/v2\/media?parent=121431"}],"wp:term":[{"taxonomy":"product_brand","embeddable":true,"href":"https:\/\/egidimadeinitaly.com\/fr\/wp-json\/wp\/v2\/product_brand?post=121431"},{"taxonomy":"product_cat","embeddable":true,"href":"https:\/\/egidimadeinitaly.com\/fr\/wp-json\/wp\/v2\/product_cat?post=121431"},{"taxonomy":"product_tag","embeddable":true,"href":"https:\/\/egidimadeinitaly.com\/fr\/wp-json\/wp\/v2\/product_tag?post=121431"}],"curies":[{"name":"wp","href":"https:\/\/api.w.org\/{rel}","templated":true}]}}