{"id":121261,"date":"2025-01-11T17:32:18","date_gmt":"2025-01-11T16:32:18","guid":{"rendered":"https:\/\/egidimadeinitaly.com\/?post_type=product&#038;p=121261"},"modified":"2025-01-11T17:40:11","modified_gmt":"2025-01-11T16:40:11","slug":"ezelino-briante-marine","status":"publish","type":"product","link":"https:\/\/egidimadeinitaly.com\/fr\/negozio\/art-moderne\/tableaux-modernes-fr\/ezelino-briante-marine\/","title":{"rendered":"Ezelino Briante Marine"},"content":{"rendered":"<p>\u00c9cole napolitaine du d\u00e9but du XX^e si\u00e8cle.<br \/>\nCette \u0153uvre ne mesure que 69 x 49 cm.<br \/>\nAvec cadre : 94 x 74 x 5 cm.<\/p>\n","protected":false},"excerpt":{"rendered":"<p>Ezelino Briante (Naples, 1901 &#8211; Rome, 1971) huile sur toile repr\u00e9sentant une marine.<br \/>\nLes marines et les ports italiens, en particulier ceux de Campanie, sont un sujet r\u00e9current dans ses \u0153uvres. Ses marines, repr\u00e9sentant souvent des lieux tels que Sorrente, Capri (o\u00f9 il a longtemps s\u00e9journ\u00e9), Maiori, la c\u00f4te amalfitaine et Sorrente, lui ont valu une grande renomm\u00e9e.<\/p>\n","protected":false},"featured_media":121201,"template":"","meta":{"_acf_changed":false},"product_brand":[],"product_cat":[6377,6416],"product_tag":[5490],"class_list":{"0":"post-121261","1":"product","2":"type-product","3":"status-publish","4":"has-post-thumbnail","6":"product_cat-art-moderne","7":"product_cat-tableaux-modernes-fr","8":"product_tag-marine-fr","10":"first","11":"outofstock","12":"taxable","13":"shipping-taxable","14":"product-type-simple"},"acf":[],"yoast_head":"<!-- This site is optimized with the Yoast SEO Premium plugin v27.3 (Yoast SEO v27.4) - https:\/\/yoast.com\/product\/yoast-seo-premium-wordpress\/ -->\n<title>Ezelino Briante Marine - Egidi MadeinItaly<\/title>\n<meta name=\"description\" content=\"Peinture \u00e0 l&#039;huile sur toile de la marine napolitaine sign\u00e9e Ezelino Briante de la premi\u00e8re moiti\u00e9 du XX^e si\u00e8cle \u00e0 vendre sur Egidi MadeinItaly\" \/>\n<meta name=\"robots\" content=\"index, follow, max-snippet:-1, max-image-preview:large, max-video-preview:-1\" \/>\n<link rel=\"canonical\" href=\"https:\/\/egidimadeinitaly.com\/fr\/produit\/art-moderne\/tableaux-modernes-fr\/ezelino-briante-marine\/\" \/>\n<meta property=\"og:locale\" content=\"fr_FR\" \/>\n<meta property=\"og:type\" content=\"article\" \/>\n<meta property=\"og:title\" content=\"Ezelino Briante Marine\" \/>\n<meta property=\"og:description\" content=\"Ezelino Briante (Naples, 1901 - Rome, 1971) huile sur toile repr\u00e9sentant une marine. Les marines et les ports italiens, en particulier ceux de Campanie, sont un sujet r\u00e9current dans ses \u0153uvres. Ses marines, repr\u00e9sentant souvent des lieux tels que Sorrente, Capri (o\u00f9 il a longtemps s\u00e9journ\u00e9), Maiori, la c\u00f4te amalfitaine et Sorrente, lui ont valu une grande renomm\u00e9e.\" \/>\n<meta property=\"og:url\" content=\"https:\/\/egidimadeinitaly.com\/fr\/produit\/art-moderne\/tableaux-modernes-fr\/ezelino-briante-marine\/\" \/>\n<meta property=\"og:site_name\" content=\"Egidi MadeinItaly\" \/>\n<meta property=\"article:publisher\" content=\"https:\/\/www.facebook.com\/egidimadeinitaly\/\" \/>\n<meta property=\"article:modified_time\" content=\"2025-01-11T16:40:11+00:00\" \/>\n<meta property=\"og:image\" content=\"https:\/\/egidimadeinitaly.com\/v25\/wp-content\/uploads\/2025\/01\/Ezelino-Briante-marina-scaled.jpg\" \/>\n\t<meta property=\"og:image:width\" content=\"2560\" \/>\n\t<meta property=\"og:image:height\" content=\"2560\" \/>\n\t<meta property=\"og:image:type\" content=\"image\/jpeg\" \/>\n<script type=\"application\/ld+json\" class=\"yoast-schema-graph\">{\"@context\":\"https:\\\/\\\/schema.org\",\"@graph\":[{\"@type\":\"WebPage\",\"@id\":\"https:\\\/\\\/egidimadeinitaly.com\\\/fr\\\/negozio\\\/art-moderne\\\/tableaux-modernes-fr\\\/ezelino-briante-marine\\\/\",\"url\":\"https:\\\/\\\/egidimadeinitaly.com\\\/fr\\\/produit\\\/art-moderne\\\/tableaux-modernes-fr\\\/ezelino-briante-marine\\\/\",\"name\":\"Ezelino Briante Marine - Egidi MadeinItaly\",\"isPartOf\":{\"@id\":\"https:\\\/\\\/egidimadeinitaly.com\\\/fr\\\/#website\"},\"primaryImageOfPage\":{\"@id\":\"https:\\\/\\\/egidimadeinitaly.com\\\/fr\\\/produit\\\/art-moderne\\\/tableaux-modernes-fr\\\/ezelino-briante-marine\\\/#primaryimage\"},\"image\":{\"@id\":\"https:\\\/\\\/egidimadeinitaly.com\\\/fr\\\/produit\\\/art-moderne\\\/tableaux-modernes-fr\\\/ezelino-briante-marine\\\/#primaryimage\"},\"thumbnailUrl\":\"https:\\\/\\\/egidimadeinitaly.com\\\/v25\\\/wp-content\\\/uploads\\\/2025\\\/01\\\/Ezelino-Briante-marina-scaled.jpg\",\"datePublished\":\"2025-01-11T16:32:18+00:00\",\"dateModified\":\"2025-01-11T16:40:11+00:00\",\"description\":\"Peinture \u00e0 l'huile sur toile de la marine napolitaine sign\u00e9e Ezelino Briante de la premi\u00e8re moiti\u00e9 du XX^e si\u00e8cle \u00e0 vendre sur Egidi MadeinItaly\",\"breadcrumb\":{\"@id\":\"https:\\\/\\\/egidimadeinitaly.com\\\/fr\\\/produit\\\/art-moderne\\\/tableaux-modernes-fr\\\/ezelino-briante-marine\\\/#breadcrumb\"},\"inLanguage\":\"fr-FR\",\"potentialAction\":[{\"@type\":\"ReadAction\",\"target\":[\"https:\\\/\\\/egidimadeinitaly.com\\\/fr\\\/produit\\\/art-moderne\\\/tableaux-modernes-fr\\\/ezelino-briante-marine\\\/\"]}]},{\"@type\":\"ImageObject\",\"inLanguage\":\"fr-FR\",\"@id\":\"https:\\\/\\\/egidimadeinitaly.com\\\/fr\\\/produit\\\/art-moderne\\\/tableaux-modernes-fr\\\/ezelino-briante-marine\\\/#primaryimage\",\"url\":\"https:\\\/\\\/egidimadeinitaly.com\\\/v25\\\/wp-content\\\/uploads\\\/2025\\\/01\\\/Ezelino-Briante-marina-scaled.jpg\",\"contentUrl\":\"https:\\\/\\\/egidimadeinitaly.com\\\/v25\\\/wp-content\\\/uploads\\\/2025\\\/01\\\/Ezelino-Briante-marina-scaled.jpg\",\"width\":2560,\"height\":2560,\"caption\":\"Ezelino Briante peinture\"},{\"@type\":\"BreadcrumbList\",\"@id\":\"https:\\\/\\\/egidimadeinitaly.com\\\/fr\\\/produit\\\/art-moderne\\\/tableaux-modernes-fr\\\/ezelino-briante-marine\\\/#breadcrumb\",\"itemListElement\":[{\"@type\":\"ListItem\",\"position\":1,\"name\":\"Home\",\"item\":\"https:\\\/\\\/egidimadeinitaly.com\\\/fr\\\/\"},{\"@type\":\"ListItem\",\"position\":2,\"name\":\"Produits\",\"item\":\"https:\\\/\\\/egidimadeinitaly.com\\\/fr\\\/shop\\\/\"},{\"@type\":\"ListItem\",\"position\":3,\"name\":\"Art moderne\",\"item\":\"https:\\\/\\\/egidimadeinitaly.com\\\/fr\\\/product-category\\\/art-moderne\\\/\"},{\"@type\":\"ListItem\",\"position\":4,\"name\":\"Tableaux modernes\",\"item\":\"https:\\\/\\\/egidimadeinitaly.com\\\/fr\\\/product-category\\\/art-moderne\\\/tableaux-modernes-fr\\\/\"},{\"@type\":\"ListItem\",\"position\":5,\"name\":\"Ezelino Briante Marine\"}]},{\"@type\":\"WebSite\",\"@id\":\"https:\\\/\\\/egidimadeinitaly.com\\\/fr\\\/#website\",\"url\":\"https:\\\/\\\/egidimadeinitaly.com\\\/fr\\\/\",\"name\":\"Egidi MadeinItaly\",\"description\":\"Fine Art\",\"potentialAction\":[{\"@type\":\"SearchAction\",\"target\":{\"@type\":\"EntryPoint\",\"urlTemplate\":\"https:\\\/\\\/egidimadeinitaly.com\\\/fr\\\/?s={search_term_string}\"},\"query-input\":{\"@type\":\"PropertyValueSpecification\",\"valueRequired\":true,\"valueName\":\"search_term_string\"}}],\"inLanguage\":\"fr-FR\"}]}<\/script>\n<!-- \/ Yoast SEO Premium plugin. -->","yoast_head_json":{"title":"Ezelino Briante Marine - Egidi MadeinItaly","description":"Peinture \u00e0 l'huile sur toile de la marine napolitaine sign\u00e9e Ezelino Briante de la premi\u00e8re moiti\u00e9 du XX^e si\u00e8cle \u00e0 vendre sur Egidi MadeinItaly","robots":{"index":"index","follow":"follow","max-snippet":"max-snippet:-1","max-image-preview":"max-image-preview:large","max-video-preview":"max-video-preview:-1"},"canonical":"https:\/\/egidimadeinitaly.com\/fr\/produit\/art-moderne\/tableaux-modernes-fr\/ezelino-briante-marine\/","og_locale":"fr_FR","og_type":"article","og_title":"Ezelino Briante Marine","og_description":"Ezelino Briante (Naples, 1901 - Rome, 1971) huile sur toile repr\u00e9sentant une marine. Les marines et les ports italiens, en particulier ceux de Campanie, sont un sujet r\u00e9current dans ses \u0153uvres. Ses marines, repr\u00e9sentant souvent des lieux tels que Sorrente, Capri (o\u00f9 il a longtemps s\u00e9journ\u00e9), Maiori, la c\u00f4te amalfitaine et Sorrente, lui ont valu une grande renomm\u00e9e.","og_url":"https:\/\/egidimadeinitaly.com\/fr\/produit\/art-moderne\/tableaux-modernes-fr\/ezelino-briante-marine\/","og_site_name":"Egidi MadeinItaly","article_publisher":"https:\/\/www.facebook.com\/egidimadeinitaly\/","article_modified_time":"2025-01-11T16:40:11+00:00","og_image":[{"width":2560,"height":2560,"url":"https:\/\/egidimadeinitaly.com\/v25\/wp-content\/uploads\/2025\/01\/Ezelino-Briante-marina-scaled.jpg","type":"image\/jpeg"}],"schema":{"@context":"https:\/\/schema.org","@graph":[{"@type":"WebPage","@id":"https:\/\/egidimadeinitaly.com\/fr\/negozio\/art-moderne\/tableaux-modernes-fr\/ezelino-briante-marine\/","url":"https:\/\/egidimadeinitaly.com\/fr\/produit\/art-moderne\/tableaux-modernes-fr\/ezelino-briante-marine\/","name":"Ezelino Briante Marine - Egidi MadeinItaly","isPartOf":{"@id":"https:\/\/egidimadeinitaly.com\/fr\/#website"},"primaryImageOfPage":{"@id":"https:\/\/egidimadeinitaly.com\/fr\/produit\/art-moderne\/tableaux-modernes-fr\/ezelino-briante-marine\/#primaryimage"},"image":{"@id":"https:\/\/egidimadeinitaly.com\/fr\/produit\/art-moderne\/tableaux-modernes-fr\/ezelino-briante-marine\/#primaryimage"},"thumbnailUrl":"https:\/\/egidimadeinitaly.com\/v25\/wp-content\/uploads\/2025\/01\/Ezelino-Briante-marina-scaled.jpg","datePublished":"2025-01-11T16:32:18+00:00","dateModified":"2025-01-11T16:40:11+00:00","description":"Peinture \u00e0 l'huile sur toile de la marine napolitaine sign\u00e9e Ezelino Briante de la premi\u00e8re moiti\u00e9 du XX^e si\u00e8cle \u00e0 vendre sur Egidi MadeinItaly","breadcrumb":{"@id":"https:\/\/egidimadeinitaly.com\/fr\/produit\/art-moderne\/tableaux-modernes-fr\/ezelino-briante-marine\/#breadcrumb"},"inLanguage":"fr-FR","potentialAction":[{"@type":"ReadAction","target":["https:\/\/egidimadeinitaly.com\/fr\/produit\/art-moderne\/tableaux-modernes-fr\/ezelino-briante-marine\/"]}]},{"@type":"ImageObject","inLanguage":"fr-FR","@id":"https:\/\/egidimadeinitaly.com\/fr\/produit\/art-moderne\/tableaux-modernes-fr\/ezelino-briante-marine\/#primaryimage","url":"https:\/\/egidimadeinitaly.com\/v25\/wp-content\/uploads\/2025\/01\/Ezelino-Briante-marina-scaled.jpg","contentUrl":"https:\/\/egidimadeinitaly.com\/v25\/wp-content\/uploads\/2025\/01\/Ezelino-Briante-marina-scaled.jpg","width":2560,"height":2560,"caption":"Ezelino Briante peinture"},{"@type":"BreadcrumbList","@id":"https:\/\/egidimadeinitaly.com\/fr\/produit\/art-moderne\/tableaux-modernes-fr\/ezelino-briante-marine\/#breadcrumb","itemListElement":[{"@type":"ListItem","position":1,"name":"Home","item":"https:\/\/egidimadeinitaly.com\/fr\/"},{"@type":"ListItem","position":2,"name":"Produits","item":"https:\/\/egidimadeinitaly.com\/fr\/shop\/"},{"@type":"ListItem","position":3,"name":"Art moderne","item":"https:\/\/egidimadeinitaly.com\/fr\/product-category\/art-moderne\/"},{"@type":"ListItem","position":4,"name":"Tableaux modernes","item":"https:\/\/egidimadeinitaly.com\/fr\/product-category\/art-moderne\/tableaux-modernes-fr\/"},{"@type":"ListItem","position":5,"name":"Ezelino Briante Marine"}]},{"@type":"WebSite","@id":"https:\/\/egidimadeinitaly.com\/fr\/#website","url":"https:\/\/egidimadeinitaly.com\/fr\/","name":"Egidi MadeinItaly","description":"Fine Art","potentialAction":[{"@type":"SearchAction","target":{"@type":"EntryPoint","urlTemplate":"https:\/\/egidimadeinitaly.com\/fr\/?s={search_term_string}"},"query-input":{"@type":"PropertyValueSpecification","valueRequired":true,"valueName":"search_term_string"}}],"inLanguage":"fr-FR"}]}},"_links":{"self":[{"href":"https:\/\/egidimadeinitaly.com\/fr\/wp-json\/wp\/v2\/product\/121261","targetHints":{"allow":["GET"]}}],"collection":[{"href":"https:\/\/egidimadeinitaly.com\/fr\/wp-json\/wp\/v2\/product"}],"about":[{"href":"https:\/\/egidimadeinitaly.com\/fr\/wp-json\/wp\/v2\/types\/product"}],"wp:featuredmedia":[{"embeddable":true,"href":"https:\/\/egidimadeinitaly.com\/fr\/wp-json\/wp\/v2\/media\/121201"}],"wp:attachment":[{"href":"https:\/\/egidimadeinitaly.com\/fr\/wp-json\/wp\/v2\/media?parent=121261"}],"wp:term":[{"taxonomy":"product_brand","embeddable":true,"href":"https:\/\/egidimadeinitaly.com\/fr\/wp-json\/wp\/v2\/product_brand?post=121261"},{"taxonomy":"product_cat","embeddable":true,"href":"https:\/\/egidimadeinitaly.com\/fr\/wp-json\/wp\/v2\/product_cat?post=121261"},{"taxonomy":"product_tag","embeddable":true,"href":"https:\/\/egidimadeinitaly.com\/fr\/wp-json\/wp\/v2\/product_tag?post=121261"}],"curies":[{"name":"wp","href":"https:\/\/api.w.org\/{rel}","templated":true}]}}