{"id":121245,"date":"2025-01-11T16:11:51","date_gmt":"2025-01-11T15:11:51","guid":{"rendered":"https:\/\/egidimadeinitaly.com\/?post_type=product&#038;p=121245"},"modified":"2025-03-12T21:04:02","modified_gmt":"2025-03-12T20:04:02","slug":"lithographie-dantonietta-raphael","status":"publish","type":"product","link":"https:\/\/egidimadeinitaly.com\/fr\/negozio\/art-moderne\/oeuvres-modernes-sur-papiers\/lithographie-dantonietta-raphael\/","title":{"rendered":"Lithographie d&rsquo;Antonietta Rapha\u00ebl"},"content":{"rendered":"<p>En 1970, Antonietta Rapha\u00ebl s&rsquo;installe dans la maison-atelier qu&rsquo;elle a fait b\u00e2tir au milieu des peupliers du lac Vico. C&rsquo;est l\u00e0 qu&rsquo;elle r\u00e9alise ses premi\u00e8res lithographies, encourag\u00e9e par Giuseppe Appella.<br \/>\nEn 1971, elle pr\u00e9sente sa premi\u00e8re exposition d&rsquo;\u0153uvres graphiques \u00e0 la galerie L&rsquo;Arco de Rome, accompagn\u00e9e d&rsquo;un important portfolio de gravures pr\u00e9sent\u00e9 par G. Appella, Cesare Vivaldi et Alberto Moravia.<\/p>\n<blockquote><p><em>\u00ab Ces derni\u00e8res ann\u00e9es, nous passions plusieurs mois de l&rsquo;ann\u00e9e ensemble dans la maison-atelier qu&rsquo;il avait fait construire parmi les peupliers du lac de Vico. Le paysage \u00e9tait toujours le m\u00eame, les arbres aussi, le coucher de soleil un ph\u00e9nom\u00e8ne quotidien, mais pour elle, c&rsquo;\u00e9tait toujours un miracle, une nouvelle \u00e9motion, une surprise comme si elle les voyait pour la premi\u00e8re fois. C&rsquo;\u00e9tait comme si la nature lui faisait un cadeau et avait pr\u00e9par\u00e9 le spectacle rien que pour elle&#8230; \u00bb<\/em> Giulia Mafai<\/p><\/blockquote>\n","protected":false},"excerpt":{"rendered":"<p>Lithographie d&rsquo;Antonietta Rapha\u00ebl (Kaunas, 1895 &#8211; Rome, 1975)\u00a0sign\u00e9e \u00e0 la main en bas \u00e0 droite. Sign\u00e9e \u00e0 la main en bas \u00e0 droite. Dat\u00e9e \u00ab Roma 70 \u00bb. \u00c9preuve de l&rsquo;artiste.<\/p>\n","protected":false},"featured_media":121237,"template":"","meta":{"_acf_changed":false},"product_brand":[],"product_cat":[6377,6414],"product_tag":[6154],"class_list":{"0":"post-121245","1":"product","2":"type-product","3":"status-publish","4":"has-post-thumbnail","6":"product_cat-art-moderne","7":"product_cat-oeuvres-modernes-sur-papiers","8":"product_tag-ecole-romaine","10":"first","11":"instock","12":"taxable","13":"shipping-taxable","14":"product-type-simple"},"acf":[],"yoast_head":"<!-- This site is optimized with the Yoast SEO Premium plugin v27.3 (Yoast SEO v27.4) - https:\/\/yoast.com\/product\/yoast-seo-premium-wordpress\/ -->\n<title>Lithographie d&#039;Antonietta Rapha\u00ebl - Egidi MadeinItaly<\/title>\n<meta name=\"description\" content=\"Lithographie de Antonietta Rapha\u00ebl\u00a0sign\u00e9e \u00e0 la main en bas \u00e0 droite. . Dat\u00e9e \u00ab Roma 70 \u00bb. \u00c9preuve de l&#039;artiste disponible sur Egidi MadeinItaly\" \/>\n<meta name=\"robots\" content=\"index, follow, max-snippet:-1, max-image-preview:large, max-video-preview:-1\" \/>\n<link rel=\"canonical\" href=\"https:\/\/egidimadeinitaly.com\/fr\/produit\/art-moderne\/oeuvres-modernes-sur-papiers\/lithographie-dantonietta-raphael\/\" \/>\n<meta property=\"og:locale\" content=\"fr_FR\" \/>\n<meta property=\"og:type\" content=\"article\" \/>\n<meta property=\"og:title\" content=\"Lithographie d&#039;Antonietta Rapha\u00ebl\" \/>\n<meta property=\"og:description\" content=\"Lithographie d&#039;Antonietta Rapha\u00ebl (Kaunas, 1895 - Rome, 1975)\u00a0sign\u00e9e \u00e0 la main en bas \u00e0 droite. Sign\u00e9e \u00e0 la main en bas \u00e0 droite. Dat\u00e9e \u00ab Roma 70 \u00bb. \u00c9preuve de l&#039;artiste.\" \/>\n<meta property=\"og:url\" content=\"https:\/\/egidimadeinitaly.com\/fr\/produit\/art-moderne\/oeuvres-modernes-sur-papiers\/lithographie-dantonietta-raphael\/\" \/>\n<meta property=\"og:site_name\" content=\"Egidi MadeinItaly\" \/>\n<meta property=\"article:publisher\" content=\"https:\/\/www.facebook.com\/egidimadeinitaly\/\" \/>\n<meta property=\"article:modified_time\" content=\"2025-03-12T20:04:02+00:00\" \/>\n<meta property=\"og:image\" content=\"https:\/\/egidimadeinitaly.com\/wp-content\/uploads\/2025\/01\/Antonietta-Raphael-lito-scaled.jpg\" \/>\n\t<meta property=\"og:image:width\" content=\"2560\" \/>\n\t<meta property=\"og:image:height\" content=\"2560\" \/>\n\t<meta property=\"og:image:type\" content=\"image\/jpeg\" \/>\n<script type=\"application\/ld+json\" class=\"yoast-schema-graph\">{\"@context\":\"https:\\\/\\\/schema.org\",\"@graph\":[{\"@type\":\"WebPage\",\"@id\":\"https:\\\/\\\/egidimadeinitaly.com\\\/fr\\\/negozio\\\/art-moderne\\\/oeuvres-modernes-sur-papiers\\\/lithographie-dantonietta-raphael\\\/\",\"url\":\"https:\\\/\\\/egidimadeinitaly.com\\\/fr\\\/produit\\\/art-moderne\\\/oeuvres-modernes-sur-papiers\\\/lithographie-dantonietta-raphael\\\/\",\"name\":\"Lithographie d'Antonietta Rapha\u00ebl - Egidi MadeinItaly\",\"isPartOf\":{\"@id\":\"https:\\\/\\\/egidimadeinitaly.com\\\/fr\\\/#website\"},\"primaryImageOfPage\":{\"@id\":\"https:\\\/\\\/egidimadeinitaly.com\\\/fr\\\/produit\\\/art-moderne\\\/oeuvres-modernes-sur-papiers\\\/lithographie-dantonietta-raphael\\\/#primaryimage\"},\"image\":{\"@id\":\"https:\\\/\\\/egidimadeinitaly.com\\\/fr\\\/produit\\\/art-moderne\\\/oeuvres-modernes-sur-papiers\\\/lithographie-dantonietta-raphael\\\/#primaryimage\"},\"thumbnailUrl\":\"https:\\\/\\\/egidimadeinitaly.com\\\/v25\\\/wp-content\\\/uploads\\\/2025\\\/01\\\/Antonietta-Raphael-lito-scaled.jpg\",\"datePublished\":\"2025-01-11T15:11:51+00:00\",\"dateModified\":\"2025-03-12T20:04:02+00:00\",\"description\":\"Lithographie de Antonietta Rapha\u00ebl\u00a0sign\u00e9e \u00e0 la main en bas \u00e0 droite. . Dat\u00e9e \u00ab Roma 70 \u00bb. \u00c9preuve de l'artiste disponible sur Egidi MadeinItaly\",\"breadcrumb\":{\"@id\":\"https:\\\/\\\/egidimadeinitaly.com\\\/fr\\\/produit\\\/art-moderne\\\/oeuvres-modernes-sur-papiers\\\/lithographie-dantonietta-raphael\\\/#breadcrumb\"},\"inLanguage\":\"fr-FR\",\"potentialAction\":[{\"@type\":\"ReadAction\",\"target\":[\"https:\\\/\\\/egidimadeinitaly.com\\\/fr\\\/produit\\\/art-moderne\\\/oeuvres-modernes-sur-papiers\\\/lithographie-dantonietta-raphael\\\/\"]}]},{\"@type\":\"ImageObject\",\"inLanguage\":\"fr-FR\",\"@id\":\"https:\\\/\\\/egidimadeinitaly.com\\\/fr\\\/produit\\\/art-moderne\\\/oeuvres-modernes-sur-papiers\\\/lithographie-dantonietta-raphael\\\/#primaryimage\",\"url\":\"https:\\\/\\\/egidimadeinitaly.com\\\/v25\\\/wp-content\\\/uploads\\\/2025\\\/01\\\/Antonietta-Raphael-lito-scaled.jpg\",\"contentUrl\":\"https:\\\/\\\/egidimadeinitaly.com\\\/v25\\\/wp-content\\\/uploads\\\/2025\\\/01\\\/Antonietta-Raphael-lito-scaled.jpg\",\"width\":2560,\"height\":2560,\"caption\":\"Lithographie d'Antonietta Rapha\u00ebl\"},{\"@type\":\"BreadcrumbList\",\"@id\":\"https:\\\/\\\/egidimadeinitaly.com\\\/fr\\\/produit\\\/art-moderne\\\/oeuvres-modernes-sur-papiers\\\/lithographie-dantonietta-raphael\\\/#breadcrumb\",\"itemListElement\":[{\"@type\":\"ListItem\",\"position\":1,\"name\":\"Home\",\"item\":\"https:\\\/\\\/egidimadeinitaly.com\\\/fr\\\/\"},{\"@type\":\"ListItem\",\"position\":2,\"name\":\"Produits\",\"item\":\"https:\\\/\\\/egidimadeinitaly.com\\\/fr\\\/shop\\\/\"},{\"@type\":\"ListItem\",\"position\":3,\"name\":\"Art moderne\",\"item\":\"https:\\\/\\\/egidimadeinitaly.com\\\/fr\\\/product-category\\\/art-moderne\\\/\"},{\"@type\":\"ListItem\",\"position\":4,\"name\":\"\u0152uvres modernes sur papiers\",\"item\":\"https:\\\/\\\/egidimadeinitaly.com\\\/fr\\\/product-category\\\/art-moderne\\\/oeuvres-modernes-sur-papiers\\\/\"},{\"@type\":\"ListItem\",\"position\":5,\"name\":\"Lithographie d&#8217;Antonietta Rapha\u00ebl\"}]},{\"@type\":\"WebSite\",\"@id\":\"https:\\\/\\\/egidimadeinitaly.com\\\/fr\\\/#website\",\"url\":\"https:\\\/\\\/egidimadeinitaly.com\\\/fr\\\/\",\"name\":\"Egidi MadeinItaly\",\"description\":\"Fine Art\",\"potentialAction\":[{\"@type\":\"SearchAction\",\"target\":{\"@type\":\"EntryPoint\",\"urlTemplate\":\"https:\\\/\\\/egidimadeinitaly.com\\\/fr\\\/?s={search_term_string}\"},\"query-input\":{\"@type\":\"PropertyValueSpecification\",\"valueRequired\":true,\"valueName\":\"search_term_string\"}}],\"inLanguage\":\"fr-FR\"}]}<\/script>\n<!-- \/ Yoast SEO Premium plugin. -->","yoast_head_json":{"title":"Lithographie d'Antonietta Rapha\u00ebl - Egidi MadeinItaly","description":"Lithographie de Antonietta Rapha\u00ebl\u00a0sign\u00e9e \u00e0 la main en bas \u00e0 droite. . Dat\u00e9e \u00ab Roma 70 \u00bb. \u00c9preuve de l'artiste disponible sur Egidi MadeinItaly","robots":{"index":"index","follow":"follow","max-snippet":"max-snippet:-1","max-image-preview":"max-image-preview:large","max-video-preview":"max-video-preview:-1"},"canonical":"https:\/\/egidimadeinitaly.com\/fr\/produit\/art-moderne\/oeuvres-modernes-sur-papiers\/lithographie-dantonietta-raphael\/","og_locale":"fr_FR","og_type":"article","og_title":"Lithographie d'Antonietta Rapha\u00ebl","og_description":"Lithographie d'Antonietta Rapha\u00ebl (Kaunas, 1895 - Rome, 1975)\u00a0sign\u00e9e \u00e0 la main en bas \u00e0 droite. Sign\u00e9e \u00e0 la main en bas \u00e0 droite. Dat\u00e9e \u00ab Roma 70 \u00bb. \u00c9preuve de l'artiste.","og_url":"https:\/\/egidimadeinitaly.com\/fr\/produit\/art-moderne\/oeuvres-modernes-sur-papiers\/lithographie-dantonietta-raphael\/","og_site_name":"Egidi MadeinItaly","article_publisher":"https:\/\/www.facebook.com\/egidimadeinitaly\/","article_modified_time":"2025-03-12T20:04:02+00:00","og_image":[{"width":2560,"height":2560,"url":"https:\/\/egidimadeinitaly.com\/wp-content\/uploads\/2025\/01\/Antonietta-Raphael-lito-scaled.jpg","type":"image\/jpeg"}],"schema":{"@context":"https:\/\/schema.org","@graph":[{"@type":"WebPage","@id":"https:\/\/egidimadeinitaly.com\/fr\/negozio\/art-moderne\/oeuvres-modernes-sur-papiers\/lithographie-dantonietta-raphael\/","url":"https:\/\/egidimadeinitaly.com\/fr\/produit\/art-moderne\/oeuvres-modernes-sur-papiers\/lithographie-dantonietta-raphael\/","name":"Lithographie d'Antonietta Rapha\u00ebl - Egidi MadeinItaly","isPartOf":{"@id":"https:\/\/egidimadeinitaly.com\/fr\/#website"},"primaryImageOfPage":{"@id":"https:\/\/egidimadeinitaly.com\/fr\/produit\/art-moderne\/oeuvres-modernes-sur-papiers\/lithographie-dantonietta-raphael\/#primaryimage"},"image":{"@id":"https:\/\/egidimadeinitaly.com\/fr\/produit\/art-moderne\/oeuvres-modernes-sur-papiers\/lithographie-dantonietta-raphael\/#primaryimage"},"thumbnailUrl":"https:\/\/egidimadeinitaly.com\/v25\/wp-content\/uploads\/2025\/01\/Antonietta-Raphael-lito-scaled.jpg","datePublished":"2025-01-11T15:11:51+00:00","dateModified":"2025-03-12T20:04:02+00:00","description":"Lithographie de Antonietta Rapha\u00ebl\u00a0sign\u00e9e \u00e0 la main en bas \u00e0 droite. . Dat\u00e9e \u00ab Roma 70 \u00bb. \u00c9preuve de l'artiste disponible sur Egidi MadeinItaly","breadcrumb":{"@id":"https:\/\/egidimadeinitaly.com\/fr\/produit\/art-moderne\/oeuvres-modernes-sur-papiers\/lithographie-dantonietta-raphael\/#breadcrumb"},"inLanguage":"fr-FR","potentialAction":[{"@type":"ReadAction","target":["https:\/\/egidimadeinitaly.com\/fr\/produit\/art-moderne\/oeuvres-modernes-sur-papiers\/lithographie-dantonietta-raphael\/"]}]},{"@type":"ImageObject","inLanguage":"fr-FR","@id":"https:\/\/egidimadeinitaly.com\/fr\/produit\/art-moderne\/oeuvres-modernes-sur-papiers\/lithographie-dantonietta-raphael\/#primaryimage","url":"https:\/\/egidimadeinitaly.com\/v25\/wp-content\/uploads\/2025\/01\/Antonietta-Raphael-lito-scaled.jpg","contentUrl":"https:\/\/egidimadeinitaly.com\/v25\/wp-content\/uploads\/2025\/01\/Antonietta-Raphael-lito-scaled.jpg","width":2560,"height":2560,"caption":"Lithographie d'Antonietta Rapha\u00ebl"},{"@type":"BreadcrumbList","@id":"https:\/\/egidimadeinitaly.com\/fr\/produit\/art-moderne\/oeuvres-modernes-sur-papiers\/lithographie-dantonietta-raphael\/#breadcrumb","itemListElement":[{"@type":"ListItem","position":1,"name":"Home","item":"https:\/\/egidimadeinitaly.com\/fr\/"},{"@type":"ListItem","position":2,"name":"Produits","item":"https:\/\/egidimadeinitaly.com\/fr\/shop\/"},{"@type":"ListItem","position":3,"name":"Art moderne","item":"https:\/\/egidimadeinitaly.com\/fr\/product-category\/art-moderne\/"},{"@type":"ListItem","position":4,"name":"\u0152uvres modernes sur papiers","item":"https:\/\/egidimadeinitaly.com\/fr\/product-category\/art-moderne\/oeuvres-modernes-sur-papiers\/"},{"@type":"ListItem","position":5,"name":"Lithographie d&#8217;Antonietta Rapha\u00ebl"}]},{"@type":"WebSite","@id":"https:\/\/egidimadeinitaly.com\/fr\/#website","url":"https:\/\/egidimadeinitaly.com\/fr\/","name":"Egidi MadeinItaly","description":"Fine Art","potentialAction":[{"@type":"SearchAction","target":{"@type":"EntryPoint","urlTemplate":"https:\/\/egidimadeinitaly.com\/fr\/?s={search_term_string}"},"query-input":{"@type":"PropertyValueSpecification","valueRequired":true,"valueName":"search_term_string"}}],"inLanguage":"fr-FR"}]}},"_links":{"self":[{"href":"https:\/\/egidimadeinitaly.com\/fr\/wp-json\/wp\/v2\/product\/121245","targetHints":{"allow":["GET"]}}],"collection":[{"href":"https:\/\/egidimadeinitaly.com\/fr\/wp-json\/wp\/v2\/product"}],"about":[{"href":"https:\/\/egidimadeinitaly.com\/fr\/wp-json\/wp\/v2\/types\/product"}],"wp:featuredmedia":[{"embeddable":true,"href":"https:\/\/egidimadeinitaly.com\/fr\/wp-json\/wp\/v2\/media\/121237"}],"wp:attachment":[{"href":"https:\/\/egidimadeinitaly.com\/fr\/wp-json\/wp\/v2\/media?parent=121245"}],"wp:term":[{"taxonomy":"product_brand","embeddable":true,"href":"https:\/\/egidimadeinitaly.com\/fr\/wp-json\/wp\/v2\/product_brand?post=121245"},{"taxonomy":"product_cat","embeddable":true,"href":"https:\/\/egidimadeinitaly.com\/fr\/wp-json\/wp\/v2\/product_cat?post=121245"},{"taxonomy":"product_tag","embeddable":true,"href":"https:\/\/egidimadeinitaly.com\/fr\/wp-json\/wp\/v2\/product_tag?post=121245"}],"curies":[{"name":"wp","href":"https:\/\/api.w.org\/{rel}","templated":true}]}}