{"id":120291,"date":"2024-11-20T17:41:53","date_gmt":"2024-11-20T16:41:53","guid":{"rendered":"https:\/\/egidimadeinitaly.com\/?post_type=product&#038;p=120291"},"modified":"2025-03-12T20:49:22","modified_gmt":"2025-03-12T19:49:22","slug":"antonietta-raphael-dessin-2","status":"publish","type":"product","link":"https:\/\/egidimadeinitaly.com\/fr\/negozio\/art-moderne\/oeuvres-modernes-sur-papiers\/antonietta-raphael-dessin-2\/","title":{"rendered":"Antonietta Rapha\u00ebl dessin"},"content":{"rendered":"<p>Un amour renouvel\u00e9 pour la nature, celui d&rsquo;<strong>Antonietta Rapha\u00ebl <\/strong>(Kaunas, 1895 \u2013 Roma, 1975), peintre et sculpteur de l&rsquo;\u00e9cole romaine, artiste qui r\u00e9alise des \u00e9tudes d&rsquo;apr\u00e8s nature et des tableaux, dont certains de grandes dimensions, souvent inspir\u00e9s par ses fr\u00e9quents voyages.<\/p>\n","protected":false},"excerpt":{"rendered":"<p>Antonietta Rapha\u00ebl <em>Olivier, 1956<\/em>. Encre et aquarelle sur papier. En bas \u00e0 droite : Rapha\u00ebl \/ Abbadia 15.8.56. Archiv\u00e9 en tant qu&rsquo;\u0153uvre authentique par le Centro Studi Mafai-Rapha\u00ebl. Num\u00e9ro d&rsquo;archive : 1956-01-AP-24.<\/p>\n","protected":false},"featured_media":120286,"template":"","meta":{"_acf_changed":false},"product_brand":[],"product_cat":[6377,6414],"product_tag":[6480,6154],"class_list":{"0":"post-120291","1":"product","2":"type-product","3":"status-publish","4":"has-post-thumbnail","6":"product_cat-art-moderne","7":"product_cat-oeuvres-modernes-sur-papiers","8":"product_tag-ecole-de-la-via-cavour","9":"product_tag-ecole-romaine","11":"first","12":"outofstock","13":"taxable","14":"shipping-taxable","15":"product-type-simple"},"acf":[],"yoast_head":"<!-- This site is optimized with the Yoast SEO Premium plugin v27.3 (Yoast SEO v27.4) - https:\/\/yoast.com\/product\/yoast-seo-premium-wordpress\/ -->\n<title>Antonietta Rapha\u00ebl dessin - Egidi MadeinItaly<\/title>\n<meta name=\"description\" content=\"Antonietta Rapha\u00ebl Olivier \u0153uvre sur papier encre et aquarelle sign\u00e9es et dat\u00e9es \u00e0 Abbadia archiv\u00e9es et authentifi\u00e9es disponibles sur Egidi MadeinItaly.\" \/>\n<meta name=\"robots\" content=\"index, follow, max-snippet:-1, max-image-preview:large, max-video-preview:-1\" \/>\n<link rel=\"canonical\" href=\"https:\/\/egidimadeinitaly.com\/fr\/produit\/art-moderne\/oeuvres-modernes-sur-papiers\/antoinette-raphael-dessin-2\/\" \/>\n<meta property=\"og:locale\" content=\"fr_FR\" \/>\n<meta property=\"og:type\" content=\"article\" \/>\n<meta property=\"og:title\" content=\"Antonietta Rapha\u00ebl dessin\" \/>\n<meta property=\"og:description\" content=\"Antonietta Rapha\u00ebl Olivier, 1956. Encre et aquarelle sur papier. En bas \u00e0 droite : Rapha\u00ebl \/ Abbadia 15.8.56. Archiv\u00e9 en tant qu&#039;\u0153uvre authentique par le Centro Studi Mafai-Rapha\u00ebl. Num\u00e9ro d&#039;archive : 1956-01-AP-24.\" \/>\n<meta property=\"og:url\" content=\"https:\/\/egidimadeinitaly.com\/fr\/produit\/art-moderne\/oeuvres-modernes-sur-papiers\/antoinette-raphael-dessin-2\/\" \/>\n<meta property=\"og:site_name\" content=\"Egidi MadeinItaly\" \/>\n<meta property=\"article:publisher\" content=\"https:\/\/www.facebook.com\/egidimadeinitaly\/\" \/>\n<meta property=\"article:modified_time\" content=\"2025-03-12T19:49:22+00:00\" \/>\n<meta property=\"og:image\" content=\"https:\/\/egidimadeinitaly.com\/wp-content\/uploads\/2024\/11\/Antonietta-Raphael-Ulivo-e1732120640129.jpg\" \/>\n\t<meta property=\"og:image:width\" content=\"1391\" \/>\n\t<meta property=\"og:image:height\" content=\"1941\" \/>\n\t<meta property=\"og:image:type\" content=\"image\/jpeg\" \/>\n<script type=\"application\/ld+json\" class=\"yoast-schema-graph\">{\"@context\":\"https:\\\/\\\/schema.org\",\"@graph\":[{\"@type\":\"WebPage\",\"@id\":\"https:\\\/\\\/egidimadeinitaly.com\\\/fr\\\/negozio\\\/art-moderne\\\/oeuvres-modernes-sur-papiers\\\/antonietta-raphael-dessin-2\\\/\",\"url\":\"https:\\\/\\\/egidimadeinitaly.com\\\/fr\\\/produit\\\/art-moderne\\\/oeuvres-modernes-sur-papiers\\\/antoinette-raphael-dessin-2\\\/\",\"name\":\"Antonietta Rapha\u00ebl dessin - Egidi MadeinItaly\",\"isPartOf\":{\"@id\":\"https:\\\/\\\/egidimadeinitaly.com\\\/fr\\\/#website\"},\"primaryImageOfPage\":{\"@id\":\"https:\\\/\\\/egidimadeinitaly.com\\\/fr\\\/produit\\\/art-moderne\\\/oeuvres-modernes-sur-papiers\\\/antoinette-raphael-dessin-2\\\/#primaryimage\"},\"image\":{\"@id\":\"https:\\\/\\\/egidimadeinitaly.com\\\/fr\\\/produit\\\/art-moderne\\\/oeuvres-modernes-sur-papiers\\\/antoinette-raphael-dessin-2\\\/#primaryimage\"},\"thumbnailUrl\":\"https:\\\/\\\/egidimadeinitaly.com\\\/v25\\\/wp-content\\\/uploads\\\/2024\\\/11\\\/Antonietta-Raphael-Ulivo-e1732120640129.jpg\",\"datePublished\":\"2024-11-20T16:41:53+00:00\",\"dateModified\":\"2025-03-12T19:49:22+00:00\",\"description\":\"Antonietta Rapha\u00ebl Olivier \u0153uvre sur papier encre et aquarelle sign\u00e9es et dat\u00e9es \u00e0 Abbadia archiv\u00e9es et authentifi\u00e9es disponibles sur Egidi MadeinItaly.\",\"breadcrumb\":{\"@id\":\"https:\\\/\\\/egidimadeinitaly.com\\\/fr\\\/produit\\\/art-moderne\\\/oeuvres-modernes-sur-papiers\\\/antoinette-raphael-dessin-2\\\/#breadcrumb\"},\"inLanguage\":\"fr-FR\",\"potentialAction\":[{\"@type\":\"ReadAction\",\"target\":[\"https:\\\/\\\/egidimadeinitaly.com\\\/fr\\\/produit\\\/art-moderne\\\/oeuvres-modernes-sur-papiers\\\/antoinette-raphael-dessin-2\\\/\"]}]},{\"@type\":\"ImageObject\",\"inLanguage\":\"fr-FR\",\"@id\":\"https:\\\/\\\/egidimadeinitaly.com\\\/fr\\\/produit\\\/art-moderne\\\/oeuvres-modernes-sur-papiers\\\/antoinette-raphael-dessin-2\\\/#primaryimage\",\"url\":\"https:\\\/\\\/egidimadeinitaly.com\\\/v25\\\/wp-content\\\/uploads\\\/2024\\\/11\\\/Antonietta-Raphael-Ulivo-e1732120640129.jpg\",\"contentUrl\":\"https:\\\/\\\/egidimadeinitaly.com\\\/v25\\\/wp-content\\\/uploads\\\/2024\\\/11\\\/Antonietta-Raphael-Ulivo-e1732120640129.jpg\",\"width\":1391,\"height\":1941,\"caption\":\"Antonietta Raphael Ulivo\"},{\"@type\":\"BreadcrumbList\",\"@id\":\"https:\\\/\\\/egidimadeinitaly.com\\\/fr\\\/produit\\\/art-moderne\\\/oeuvres-modernes-sur-papiers\\\/antoinette-raphael-dessin-2\\\/#breadcrumb\",\"itemListElement\":[{\"@type\":\"ListItem\",\"position\":1,\"name\":\"Home\",\"item\":\"https:\\\/\\\/egidimadeinitaly.com\\\/fr\\\/\"},{\"@type\":\"ListItem\",\"position\":2,\"name\":\"Produits\",\"item\":\"https:\\\/\\\/egidimadeinitaly.com\\\/fr\\\/shop\\\/\"},{\"@type\":\"ListItem\",\"position\":3,\"name\":\"Art moderne\",\"item\":\"https:\\\/\\\/egidimadeinitaly.com\\\/fr\\\/product-category\\\/art-moderne\\\/\"},{\"@type\":\"ListItem\",\"position\":4,\"name\":\"\u0152uvres modernes sur papiers\",\"item\":\"https:\\\/\\\/egidimadeinitaly.com\\\/fr\\\/product-category\\\/art-moderne\\\/oeuvres-modernes-sur-papiers\\\/\"},{\"@type\":\"ListItem\",\"position\":5,\"name\":\"Antonietta Rapha\u00ebl dessin\"}]},{\"@type\":\"WebSite\",\"@id\":\"https:\\\/\\\/egidimadeinitaly.com\\\/fr\\\/#website\",\"url\":\"https:\\\/\\\/egidimadeinitaly.com\\\/fr\\\/\",\"name\":\"Egidi MadeinItaly\",\"description\":\"Fine Art\",\"potentialAction\":[{\"@type\":\"SearchAction\",\"target\":{\"@type\":\"EntryPoint\",\"urlTemplate\":\"https:\\\/\\\/egidimadeinitaly.com\\\/fr\\\/?s={search_term_string}\"},\"query-input\":{\"@type\":\"PropertyValueSpecification\",\"valueRequired\":true,\"valueName\":\"search_term_string\"}}],\"inLanguage\":\"fr-FR\"}]}<\/script>\n<!-- \/ Yoast SEO Premium plugin. -->","yoast_head_json":{"title":"Antonietta Rapha\u00ebl dessin - Egidi MadeinItaly","description":"Antonietta Rapha\u00ebl Olivier \u0153uvre sur papier encre et aquarelle sign\u00e9es et dat\u00e9es \u00e0 Abbadia archiv\u00e9es et authentifi\u00e9es disponibles sur Egidi MadeinItaly.","robots":{"index":"index","follow":"follow","max-snippet":"max-snippet:-1","max-image-preview":"max-image-preview:large","max-video-preview":"max-video-preview:-1"},"canonical":"https:\/\/egidimadeinitaly.com\/fr\/produit\/art-moderne\/oeuvres-modernes-sur-papiers\/antoinette-raphael-dessin-2\/","og_locale":"fr_FR","og_type":"article","og_title":"Antonietta Rapha\u00ebl dessin","og_description":"Antonietta Rapha\u00ebl Olivier, 1956. Encre et aquarelle sur papier. En bas \u00e0 droite : Rapha\u00ebl \/ Abbadia 15.8.56. Archiv\u00e9 en tant qu'\u0153uvre authentique par le Centro Studi Mafai-Rapha\u00ebl. Num\u00e9ro d'archive : 1956-01-AP-24.","og_url":"https:\/\/egidimadeinitaly.com\/fr\/produit\/art-moderne\/oeuvres-modernes-sur-papiers\/antoinette-raphael-dessin-2\/","og_site_name":"Egidi MadeinItaly","article_publisher":"https:\/\/www.facebook.com\/egidimadeinitaly\/","article_modified_time":"2025-03-12T19:49:22+00:00","og_image":[{"width":1391,"height":1941,"url":"https:\/\/egidimadeinitaly.com\/wp-content\/uploads\/2024\/11\/Antonietta-Raphael-Ulivo-e1732120640129.jpg","type":"image\/jpeg"}],"schema":{"@context":"https:\/\/schema.org","@graph":[{"@type":"WebPage","@id":"https:\/\/egidimadeinitaly.com\/fr\/negozio\/art-moderne\/oeuvres-modernes-sur-papiers\/antonietta-raphael-dessin-2\/","url":"https:\/\/egidimadeinitaly.com\/fr\/produit\/art-moderne\/oeuvres-modernes-sur-papiers\/antoinette-raphael-dessin-2\/","name":"Antonietta Rapha\u00ebl dessin - Egidi MadeinItaly","isPartOf":{"@id":"https:\/\/egidimadeinitaly.com\/fr\/#website"},"primaryImageOfPage":{"@id":"https:\/\/egidimadeinitaly.com\/fr\/produit\/art-moderne\/oeuvres-modernes-sur-papiers\/antoinette-raphael-dessin-2\/#primaryimage"},"image":{"@id":"https:\/\/egidimadeinitaly.com\/fr\/produit\/art-moderne\/oeuvres-modernes-sur-papiers\/antoinette-raphael-dessin-2\/#primaryimage"},"thumbnailUrl":"https:\/\/egidimadeinitaly.com\/v25\/wp-content\/uploads\/2024\/11\/Antonietta-Raphael-Ulivo-e1732120640129.jpg","datePublished":"2024-11-20T16:41:53+00:00","dateModified":"2025-03-12T19:49:22+00:00","description":"Antonietta Rapha\u00ebl Olivier \u0153uvre sur papier encre et aquarelle sign\u00e9es et dat\u00e9es \u00e0 Abbadia archiv\u00e9es et authentifi\u00e9es disponibles sur Egidi MadeinItaly.","breadcrumb":{"@id":"https:\/\/egidimadeinitaly.com\/fr\/produit\/art-moderne\/oeuvres-modernes-sur-papiers\/antoinette-raphael-dessin-2\/#breadcrumb"},"inLanguage":"fr-FR","potentialAction":[{"@type":"ReadAction","target":["https:\/\/egidimadeinitaly.com\/fr\/produit\/art-moderne\/oeuvres-modernes-sur-papiers\/antoinette-raphael-dessin-2\/"]}]},{"@type":"ImageObject","inLanguage":"fr-FR","@id":"https:\/\/egidimadeinitaly.com\/fr\/produit\/art-moderne\/oeuvres-modernes-sur-papiers\/antoinette-raphael-dessin-2\/#primaryimage","url":"https:\/\/egidimadeinitaly.com\/v25\/wp-content\/uploads\/2024\/11\/Antonietta-Raphael-Ulivo-e1732120640129.jpg","contentUrl":"https:\/\/egidimadeinitaly.com\/v25\/wp-content\/uploads\/2024\/11\/Antonietta-Raphael-Ulivo-e1732120640129.jpg","width":1391,"height":1941,"caption":"Antonietta Raphael Ulivo"},{"@type":"BreadcrumbList","@id":"https:\/\/egidimadeinitaly.com\/fr\/produit\/art-moderne\/oeuvres-modernes-sur-papiers\/antoinette-raphael-dessin-2\/#breadcrumb","itemListElement":[{"@type":"ListItem","position":1,"name":"Home","item":"https:\/\/egidimadeinitaly.com\/fr\/"},{"@type":"ListItem","position":2,"name":"Produits","item":"https:\/\/egidimadeinitaly.com\/fr\/shop\/"},{"@type":"ListItem","position":3,"name":"Art moderne","item":"https:\/\/egidimadeinitaly.com\/fr\/product-category\/art-moderne\/"},{"@type":"ListItem","position":4,"name":"\u0152uvres modernes sur papiers","item":"https:\/\/egidimadeinitaly.com\/fr\/product-category\/art-moderne\/oeuvres-modernes-sur-papiers\/"},{"@type":"ListItem","position":5,"name":"Antonietta Rapha\u00ebl dessin"}]},{"@type":"WebSite","@id":"https:\/\/egidimadeinitaly.com\/fr\/#website","url":"https:\/\/egidimadeinitaly.com\/fr\/","name":"Egidi MadeinItaly","description":"Fine Art","potentialAction":[{"@type":"SearchAction","target":{"@type":"EntryPoint","urlTemplate":"https:\/\/egidimadeinitaly.com\/fr\/?s={search_term_string}"},"query-input":{"@type":"PropertyValueSpecification","valueRequired":true,"valueName":"search_term_string"}}],"inLanguage":"fr-FR"}]}},"_links":{"self":[{"href":"https:\/\/egidimadeinitaly.com\/fr\/wp-json\/wp\/v2\/product\/120291","targetHints":{"allow":["GET"]}}],"collection":[{"href":"https:\/\/egidimadeinitaly.com\/fr\/wp-json\/wp\/v2\/product"}],"about":[{"href":"https:\/\/egidimadeinitaly.com\/fr\/wp-json\/wp\/v2\/types\/product"}],"wp:featuredmedia":[{"embeddable":true,"href":"https:\/\/egidimadeinitaly.com\/fr\/wp-json\/wp\/v2\/media\/120286"}],"wp:attachment":[{"href":"https:\/\/egidimadeinitaly.com\/fr\/wp-json\/wp\/v2\/media?parent=120291"}],"wp:term":[{"taxonomy":"product_brand","embeddable":true,"href":"https:\/\/egidimadeinitaly.com\/fr\/wp-json\/wp\/v2\/product_brand?post=120291"},{"taxonomy":"product_cat","embeddable":true,"href":"https:\/\/egidimadeinitaly.com\/fr\/wp-json\/wp\/v2\/product_cat?post=120291"},{"taxonomy":"product_tag","embeddable":true,"href":"https:\/\/egidimadeinitaly.com\/fr\/wp-json\/wp\/v2\/product_tag?post=120291"}],"curies":[{"name":"wp","href":"https:\/\/api.w.org\/{rel}","templated":true}]}}