{"id":120249,"date":"2024-11-06T13:25:53","date_gmt":"2024-11-06T12:25:53","guid":{"rendered":"https:\/\/egidimadeinitaly.com\/?post_type=product&#038;p=120249"},"modified":"2025-01-11T22:01:39","modified_gmt":"2025-01-11T21:01:39","slug":"antonietta-raphael-dessin","status":"publish","type":"product","link":"https:\/\/egidimadeinitaly.com\/fr\/negozio\/art-moderne\/oeuvres-modernes-sur-papiers\/antonietta-raphael-dessin\/","title":{"rendered":"Antonietta Rapha\u00ebl dessin"},"content":{"rendered":"<p>Il s&rsquo;agit d&rsquo;un moment particuli\u00e8rement heureux pour Antonietta Rapha\u00ebl : l&rsquo;exposition personnelle \u00e0 la Galleria La Tartaruga de Plinio De Martiis (mai 1955), dans laquelle elle expose des \u0153uvres de 1928 \u00e0 1955, aboutit enfin \u00e0 la reconnaissance de son r\u00f4le central en tant que <a href=\"https:\/\/egidimadeinitaly.com\/fr\/ecole-romaine\/\">sculpteur et peintre dans les \u00e9v\u00e9nements de l&rsquo;\u00c9cole romaine.<\/a><\/p>\n","protected":false},"excerpt":{"rendered":"<p>Antonietta Rapha\u00ebl, technique mixte sur papier, signature et date lat\u00e9rales en haut \u00e0 droite. L&rsquo;\u0153uvre, dat\u00e9e de 1956, fait r\u00e9f\u00e9rence \u00e0 la p\u00e9riode pass\u00e9e en Toscane, imm\u00e9diatement apr\u00e8s le long voyage en Chine effectu\u00e9 avec la d\u00e9l\u00e9gation d&rsquo;artistes italiens.<\/p>\n","protected":false},"featured_media":121275,"template":"","meta":{"_acf_changed":false},"product_brand":[],"product_cat":[6377,6414],"product_tag":[6154],"class_list":{"0":"post-120249","1":"product","2":"type-product","3":"status-publish","4":"has-post-thumbnail","6":"product_cat-art-moderne","7":"product_cat-oeuvres-modernes-sur-papiers","8":"product_tag-ecole-romaine","10":"first","11":"instock","12":"taxable","13":"shipping-taxable","14":"purchasable","15":"product-type-simple"},"acf":[],"yoast_head":"<!-- This site is optimized with the Yoast SEO Premium plugin v27.3 (Yoast SEO v27.4) - https:\/\/yoast.com\/product\/yoast-seo-premium-wordpress\/ -->\n<title>Antonietta Rapha\u00ebl dessin - Egidi MadeinItaly<\/title>\n<meta name=\"description\" content=\"Antonietta Rapha\u00ebl \u0153uvre sur papier encre et aquarelle sign\u00e9e et situ\u00e9e Abbadia archiv\u00e9e et authentifi\u00e9e disponible sur Egidi MadeinItaly\" \/>\n<meta name=\"robots\" content=\"index, follow, max-snippet:-1, max-image-preview:large, max-video-preview:-1\" \/>\n<link rel=\"canonical\" href=\"https:\/\/egidimadeinitaly.com\/fr\/produit\/art-moderne\/oeuvres-modernes-sur-papiers\/antoinette-raphael-dessin\/\" \/>\n<meta property=\"og:locale\" content=\"fr_FR\" \/>\n<meta property=\"og:type\" content=\"article\" \/>\n<meta property=\"og:title\" content=\"Antonietta Rapha\u00ebl dessin\" \/>\n<meta property=\"og:description\" content=\"Antonietta Rapha\u00ebl, technique mixte sur papier, signature et date lat\u00e9rales en haut \u00e0 droite. L&#039;\u0153uvre, dat\u00e9e de 1956, fait r\u00e9f\u00e9rence \u00e0 la p\u00e9riode pass\u00e9e en Toscane, imm\u00e9diatement apr\u00e8s le long voyage en Chine effectu\u00e9 avec la d\u00e9l\u00e9gation d&#039;artistes italiens.\" \/>\n<meta property=\"og:url\" content=\"https:\/\/egidimadeinitaly.com\/fr\/produit\/art-moderne\/oeuvres-modernes-sur-papiers\/antoinette-raphael-dessin\/\" \/>\n<meta property=\"og:site_name\" content=\"Egidi MadeinItaly\" \/>\n<meta property=\"article:publisher\" content=\"https:\/\/www.facebook.com\/egidimadeinitaly\/\" \/>\n<meta property=\"article:modified_time\" content=\"2025-01-11T21:01:39+00:00\" \/>\n<meta property=\"og:image\" content=\"https:\/\/egidimadeinitaly.com\/v25\/wp-content\/uploads\/2024\/11\/Antonietta-Raphael-disegno.jpg\" \/>\n\t<meta property=\"og:image:width\" content=\"1984\" \/>\n\t<meta property=\"og:image:height\" content=\"1984\" \/>\n\t<meta property=\"og:image:type\" content=\"image\/jpeg\" \/>\n<script type=\"application\/ld+json\" class=\"yoast-schema-graph\">{\"@context\":\"https:\\\/\\\/schema.org\",\"@graph\":[{\"@type\":\"WebPage\",\"@id\":\"https:\\\/\\\/egidimadeinitaly.com\\\/fr\\\/negozio\\\/art-moderne\\\/oeuvres-modernes-sur-papiers\\\/antonietta-raphael-dessin\\\/\",\"url\":\"https:\\\/\\\/egidimadeinitaly.com\\\/fr\\\/produit\\\/art-moderne\\\/oeuvres-modernes-sur-papiers\\\/antoinette-raphael-dessin\\\/\",\"name\":\"Antonietta Rapha\u00ebl dessin - Egidi MadeinItaly\",\"isPartOf\":{\"@id\":\"https:\\\/\\\/egidimadeinitaly.com\\\/fr\\\/#website\"},\"primaryImageOfPage\":{\"@id\":\"https:\\\/\\\/egidimadeinitaly.com\\\/fr\\\/produit\\\/art-moderne\\\/oeuvres-modernes-sur-papiers\\\/antoinette-raphael-dessin\\\/#primaryimage\"},\"image\":{\"@id\":\"https:\\\/\\\/egidimadeinitaly.com\\\/fr\\\/produit\\\/art-moderne\\\/oeuvres-modernes-sur-papiers\\\/antoinette-raphael-dessin\\\/#primaryimage\"},\"thumbnailUrl\":\"https:\\\/\\\/egidimadeinitaly.com\\\/v25\\\/wp-content\\\/uploads\\\/2024\\\/11\\\/Antonietta-Raphael-disegno.jpg\",\"datePublished\":\"2024-11-06T12:25:53+00:00\",\"dateModified\":\"2025-01-11T21:01:39+00:00\",\"description\":\"Antonietta Rapha\u00ebl \u0153uvre sur papier encre et aquarelle sign\u00e9e et situ\u00e9e Abbadia archiv\u00e9e et authentifi\u00e9e disponible sur Egidi MadeinItaly\",\"breadcrumb\":{\"@id\":\"https:\\\/\\\/egidimadeinitaly.com\\\/fr\\\/produit\\\/art-moderne\\\/oeuvres-modernes-sur-papiers\\\/antoinette-raphael-dessin\\\/#breadcrumb\"},\"inLanguage\":\"fr-FR\",\"potentialAction\":[{\"@type\":\"ReadAction\",\"target\":[\"https:\\\/\\\/egidimadeinitaly.com\\\/fr\\\/produit\\\/art-moderne\\\/oeuvres-modernes-sur-papiers\\\/antoinette-raphael-dessin\\\/\"]}]},{\"@type\":\"ImageObject\",\"inLanguage\":\"fr-FR\",\"@id\":\"https:\\\/\\\/egidimadeinitaly.com\\\/fr\\\/produit\\\/art-moderne\\\/oeuvres-modernes-sur-papiers\\\/antoinette-raphael-dessin\\\/#primaryimage\",\"url\":\"https:\\\/\\\/egidimadeinitaly.com\\\/v25\\\/wp-content\\\/uploads\\\/2024\\\/11\\\/Antonietta-Raphael-disegno.jpg\",\"contentUrl\":\"https:\\\/\\\/egidimadeinitaly.com\\\/v25\\\/wp-content\\\/uploads\\\/2024\\\/11\\\/Antonietta-Raphael-disegno.jpg\",\"width\":1984,\"height\":1984,\"caption\":\"Antonietta Rapha\u00ebl dessin\"},{\"@type\":\"BreadcrumbList\",\"@id\":\"https:\\\/\\\/egidimadeinitaly.com\\\/fr\\\/produit\\\/art-moderne\\\/oeuvres-modernes-sur-papiers\\\/antoinette-raphael-dessin\\\/#breadcrumb\",\"itemListElement\":[{\"@type\":\"ListItem\",\"position\":1,\"name\":\"Home\",\"item\":\"https:\\\/\\\/egidimadeinitaly.com\\\/fr\\\/\"},{\"@type\":\"ListItem\",\"position\":2,\"name\":\"Produits\",\"item\":\"https:\\\/\\\/egidimadeinitaly.com\\\/fr\\\/shop\\\/\"},{\"@type\":\"ListItem\",\"position\":3,\"name\":\"Art moderne\",\"item\":\"https:\\\/\\\/egidimadeinitaly.com\\\/fr\\\/product-category\\\/art-moderne\\\/\"},{\"@type\":\"ListItem\",\"position\":4,\"name\":\"\u0152uvres modernes sur papiers\",\"item\":\"https:\\\/\\\/egidimadeinitaly.com\\\/fr\\\/product-category\\\/art-moderne\\\/oeuvres-modernes-sur-papiers\\\/\"},{\"@type\":\"ListItem\",\"position\":5,\"name\":\"Antonietta Rapha\u00ebl dessin\"}]},{\"@type\":\"WebSite\",\"@id\":\"https:\\\/\\\/egidimadeinitaly.com\\\/fr\\\/#website\",\"url\":\"https:\\\/\\\/egidimadeinitaly.com\\\/fr\\\/\",\"name\":\"Egidi MadeinItaly\",\"description\":\"Fine Art\",\"potentialAction\":[{\"@type\":\"SearchAction\",\"target\":{\"@type\":\"EntryPoint\",\"urlTemplate\":\"https:\\\/\\\/egidimadeinitaly.com\\\/fr\\\/?s={search_term_string}\"},\"query-input\":{\"@type\":\"PropertyValueSpecification\",\"valueRequired\":true,\"valueName\":\"search_term_string\"}}],\"inLanguage\":\"fr-FR\"}]}<\/script>\n<!-- \/ Yoast SEO Premium plugin. -->","yoast_head_json":{"title":"Antonietta Rapha\u00ebl dessin - Egidi MadeinItaly","description":"Antonietta Rapha\u00ebl \u0153uvre sur papier encre et aquarelle sign\u00e9e et situ\u00e9e Abbadia archiv\u00e9e et authentifi\u00e9e disponible sur Egidi MadeinItaly","robots":{"index":"index","follow":"follow","max-snippet":"max-snippet:-1","max-image-preview":"max-image-preview:large","max-video-preview":"max-video-preview:-1"},"canonical":"https:\/\/egidimadeinitaly.com\/fr\/produit\/art-moderne\/oeuvres-modernes-sur-papiers\/antoinette-raphael-dessin\/","og_locale":"fr_FR","og_type":"article","og_title":"Antonietta Rapha\u00ebl dessin","og_description":"Antonietta Rapha\u00ebl, technique mixte sur papier, signature et date lat\u00e9rales en haut \u00e0 droite. L'\u0153uvre, dat\u00e9e de 1956, fait r\u00e9f\u00e9rence \u00e0 la p\u00e9riode pass\u00e9e en Toscane, imm\u00e9diatement apr\u00e8s le long voyage en Chine effectu\u00e9 avec la d\u00e9l\u00e9gation d'artistes italiens.","og_url":"https:\/\/egidimadeinitaly.com\/fr\/produit\/art-moderne\/oeuvres-modernes-sur-papiers\/antoinette-raphael-dessin\/","og_site_name":"Egidi MadeinItaly","article_publisher":"https:\/\/www.facebook.com\/egidimadeinitaly\/","article_modified_time":"2025-01-11T21:01:39+00:00","og_image":[{"width":1984,"height":1984,"url":"https:\/\/egidimadeinitaly.com\/v25\/wp-content\/uploads\/2024\/11\/Antonietta-Raphael-disegno.jpg","type":"image\/jpeg"}],"schema":{"@context":"https:\/\/schema.org","@graph":[{"@type":"WebPage","@id":"https:\/\/egidimadeinitaly.com\/fr\/negozio\/art-moderne\/oeuvres-modernes-sur-papiers\/antonietta-raphael-dessin\/","url":"https:\/\/egidimadeinitaly.com\/fr\/produit\/art-moderne\/oeuvres-modernes-sur-papiers\/antoinette-raphael-dessin\/","name":"Antonietta Rapha\u00ebl dessin - Egidi MadeinItaly","isPartOf":{"@id":"https:\/\/egidimadeinitaly.com\/fr\/#website"},"primaryImageOfPage":{"@id":"https:\/\/egidimadeinitaly.com\/fr\/produit\/art-moderne\/oeuvres-modernes-sur-papiers\/antoinette-raphael-dessin\/#primaryimage"},"image":{"@id":"https:\/\/egidimadeinitaly.com\/fr\/produit\/art-moderne\/oeuvres-modernes-sur-papiers\/antoinette-raphael-dessin\/#primaryimage"},"thumbnailUrl":"https:\/\/egidimadeinitaly.com\/v25\/wp-content\/uploads\/2024\/11\/Antonietta-Raphael-disegno.jpg","datePublished":"2024-11-06T12:25:53+00:00","dateModified":"2025-01-11T21:01:39+00:00","description":"Antonietta Rapha\u00ebl \u0153uvre sur papier encre et aquarelle sign\u00e9e et situ\u00e9e Abbadia archiv\u00e9e et authentifi\u00e9e disponible sur Egidi MadeinItaly","breadcrumb":{"@id":"https:\/\/egidimadeinitaly.com\/fr\/produit\/art-moderne\/oeuvres-modernes-sur-papiers\/antoinette-raphael-dessin\/#breadcrumb"},"inLanguage":"fr-FR","potentialAction":[{"@type":"ReadAction","target":["https:\/\/egidimadeinitaly.com\/fr\/produit\/art-moderne\/oeuvres-modernes-sur-papiers\/antoinette-raphael-dessin\/"]}]},{"@type":"ImageObject","inLanguage":"fr-FR","@id":"https:\/\/egidimadeinitaly.com\/fr\/produit\/art-moderne\/oeuvres-modernes-sur-papiers\/antoinette-raphael-dessin\/#primaryimage","url":"https:\/\/egidimadeinitaly.com\/v25\/wp-content\/uploads\/2024\/11\/Antonietta-Raphael-disegno.jpg","contentUrl":"https:\/\/egidimadeinitaly.com\/v25\/wp-content\/uploads\/2024\/11\/Antonietta-Raphael-disegno.jpg","width":1984,"height":1984,"caption":"Antonietta Rapha\u00ebl dessin"},{"@type":"BreadcrumbList","@id":"https:\/\/egidimadeinitaly.com\/fr\/produit\/art-moderne\/oeuvres-modernes-sur-papiers\/antoinette-raphael-dessin\/#breadcrumb","itemListElement":[{"@type":"ListItem","position":1,"name":"Home","item":"https:\/\/egidimadeinitaly.com\/fr\/"},{"@type":"ListItem","position":2,"name":"Produits","item":"https:\/\/egidimadeinitaly.com\/fr\/shop\/"},{"@type":"ListItem","position":3,"name":"Art moderne","item":"https:\/\/egidimadeinitaly.com\/fr\/product-category\/art-moderne\/"},{"@type":"ListItem","position":4,"name":"\u0152uvres modernes sur papiers","item":"https:\/\/egidimadeinitaly.com\/fr\/product-category\/art-moderne\/oeuvres-modernes-sur-papiers\/"},{"@type":"ListItem","position":5,"name":"Antonietta Rapha\u00ebl dessin"}]},{"@type":"WebSite","@id":"https:\/\/egidimadeinitaly.com\/fr\/#website","url":"https:\/\/egidimadeinitaly.com\/fr\/","name":"Egidi MadeinItaly","description":"Fine Art","potentialAction":[{"@type":"SearchAction","target":{"@type":"EntryPoint","urlTemplate":"https:\/\/egidimadeinitaly.com\/fr\/?s={search_term_string}"},"query-input":{"@type":"PropertyValueSpecification","valueRequired":true,"valueName":"search_term_string"}}],"inLanguage":"fr-FR"}]}},"_links":{"self":[{"href":"https:\/\/egidimadeinitaly.com\/fr\/wp-json\/wp\/v2\/product\/120249","targetHints":{"allow":["GET"]}}],"collection":[{"href":"https:\/\/egidimadeinitaly.com\/fr\/wp-json\/wp\/v2\/product"}],"about":[{"href":"https:\/\/egidimadeinitaly.com\/fr\/wp-json\/wp\/v2\/types\/product"}],"wp:featuredmedia":[{"embeddable":true,"href":"https:\/\/egidimadeinitaly.com\/fr\/wp-json\/wp\/v2\/media\/121275"}],"wp:attachment":[{"href":"https:\/\/egidimadeinitaly.com\/fr\/wp-json\/wp\/v2\/media?parent=120249"}],"wp:term":[{"taxonomy":"product_brand","embeddable":true,"href":"https:\/\/egidimadeinitaly.com\/fr\/wp-json\/wp\/v2\/product_brand?post=120249"},{"taxonomy":"product_cat","embeddable":true,"href":"https:\/\/egidimadeinitaly.com\/fr\/wp-json\/wp\/v2\/product_cat?post=120249"},{"taxonomy":"product_tag","embeddable":true,"href":"https:\/\/egidimadeinitaly.com\/fr\/wp-json\/wp\/v2\/product_tag?post=120249"}],"curies":[{"name":"wp","href":"https:\/\/api.w.org\/{rel}","templated":true}]}}