{"id":119907,"date":"2024-10-28T09:49:40","date_gmt":"2024-10-28T08:49:40","guid":{"rendered":"https:\/\/egidimadeinitaly.com\/?post_type=product&#038;p=119907"},"modified":"2024-10-28T10:13:37","modified_gmt":"2024-10-28T09:13:37","slug":"tomas-martin-rebollo-oeuvre","status":"publish","type":"product","link":"https:\/\/egidimadeinitaly.com\/fr\/negozio\/art-ancien\/tableaux-anciens-fr\/tomas-martin-rebollo-oeuvre\/","title":{"rendered":"Tom\u00e1s Mart\u00edn Rebollo \u0153uvre"},"content":{"rendered":"<p>L&rsquo;\u0153uvre est enrichie d&rsquo;un beau cadre en bois \u00e9bonis\u00e9 dit<em> \u00e0 guilloch\u00e9<\/em>.<\/p>\n","protected":false},"excerpt":{"rendered":"<p>Il s&rsquo;agit d&rsquo;une \u0153uvre sur panneau repr\u00e9sentant un p\u00e8lerinage, sign\u00e9e par <strong>Tom\u00e1s Mart\u00edn Rebollo<\/strong> (Grenade, 1858 &#8211; Madrid, 1919), peintre grenadin qui d\u00e9buta dans le genre de la nature morte et qui, apr\u00e8s avoir connu l&rsquo;\u0153uvre de Mariano Fortuny, se mit \u00e0 repr\u00e9senter des sc\u00e8nes populaires. Elle porte le num\u00e9ro d&rsquo;inventaire 47, la signature du peintre ainsi que le titre \u00ab <em>Una romeria<\/em> \u00bb.<\/p>\n","protected":false},"featured_media":119901,"template":"","meta":{"_acf_changed":false},"product_brand":[],"product_cat":[6374,6408],"product_tag":[],"class_list":{"0":"post-119907","1":"product","2":"type-product","3":"status-publish","4":"has-post-thumbnail","6":"product_cat-art-ancien","7":"product_cat-tableaux-anciens-fr","9":"first","10":"outofstock","11":"taxable","12":"shipping-taxable","13":"product-type-simple"},"acf":[],"yoast_head":"<!-- This site is optimized with the Yoast SEO Premium plugin v27.5 (Yoast SEO v27.5) - https:\/\/yoast.com\/product\/yoast-seo-premium-wordpress\/ -->\n<title>Tom\u00e1s Mart\u00edn Rebollo \u0153uvre - Egidi MadeinItaly<\/title>\n<meta name=\"description\" content=\"\u0152uvre sur panneau repr\u00e9sentant un p\u00e8lerinage sign\u00e9e Tom\u00e1s Mart\u00edn Rebollo, fin du 19\u00e8me si\u00e8cle, en vente sur Egidi MadeinItaly.\" \/>\n<meta name=\"robots\" content=\"index, follow, max-snippet:-1, max-image-preview:large, max-video-preview:-1\" \/>\n<link rel=\"canonical\" href=\"https:\/\/egidimadeinitaly.com\/fr\/produit\/art-ancien\/tableaux-anciens-fr\/tomas-martin-rebollo-oeuvre\/\" \/>\n<meta property=\"og:locale\" content=\"fr_FR\" \/>\n<meta property=\"og:type\" content=\"article\" \/>\n<meta property=\"og:title\" content=\"Tom\u00e1s Mart\u00edn Rebollo \u0153uvre\" \/>\n<meta property=\"og:description\" content=\"Il s&#039;agit d&#039;une \u0153uvre sur panneau repr\u00e9sentant un p\u00e8lerinage, sign\u00e9e par Tom\u00e1s Mart\u00edn Rebollo (Grenade, 1858 - Madrid, 1919), peintre grenadin qui d\u00e9buta dans le genre de la nature morte et qui, apr\u00e8s avoir connu l&#039;\u0153uvre de Mariano Fortuny, se mit \u00e0 repr\u00e9senter des sc\u00e8nes populaires. Elle porte le num\u00e9ro d&#039;inventaire 47, la signature du peintre ainsi que le titre \u00ab Una romeria \u00bb.\" \/>\n<meta property=\"og:url\" content=\"https:\/\/egidimadeinitaly.com\/fr\/produit\/art-ancien\/tableaux-anciens-fr\/tomas-martin-rebollo-oeuvre\/\" \/>\n<meta property=\"og:site_name\" content=\"Egidi MadeinItaly\" \/>\n<meta property=\"article:publisher\" content=\"https:\/\/www.facebook.com\/egidimadeinitaly\/\" \/>\n<meta property=\"article:modified_time\" content=\"2024-10-28T09:13:37+00:00\" \/>\n<meta property=\"og:image\" content=\"https:\/\/egidimadeinitaly.com\/v25\/wp-content\/uploads\/2024\/10\/tomas-martin-rebollo-Scampagnata-scaled.webp\" \/>\n\t<meta property=\"og:image:width\" content=\"2560\" \/>\n\t<meta property=\"og:image:height\" content=\"2560\" \/>\n\t<meta property=\"og:image:type\" content=\"image\/webp\" \/>\n<script type=\"application\/ld+json\" class=\"yoast-schema-graph\">{\"@context\":\"https:\\\/\\\/schema.org\",\"@graph\":[{\"@type\":\"WebPage\",\"@id\":\"https:\\\/\\\/egidimadeinitaly.com\\\/fr\\\/negozio\\\/art-ancien\\\/tableaux-anciens-fr\\\/tomas-martin-rebollo-oeuvre\\\/\",\"url\":\"https:\\\/\\\/egidimadeinitaly.com\\\/fr\\\/produit\\\/art-ancien\\\/tableaux-anciens-fr\\\/tomas-martin-rebollo-oeuvre\\\/\",\"name\":\"Tom\u00e1s Mart\u00edn Rebollo \u0153uvre - Egidi MadeinItaly\",\"isPartOf\":{\"@id\":\"https:\\\/\\\/egidimadeinitaly.com\\\/fr\\\/#website\"},\"primaryImageOfPage\":{\"@id\":\"https:\\\/\\\/egidimadeinitaly.com\\\/fr\\\/produit\\\/art-ancien\\\/tableaux-anciens-fr\\\/tomas-martin-rebollo-oeuvre\\\/#primaryimage\"},\"image\":{\"@id\":\"https:\\\/\\\/egidimadeinitaly.com\\\/fr\\\/produit\\\/art-ancien\\\/tableaux-anciens-fr\\\/tomas-martin-rebollo-oeuvre\\\/#primaryimage\"},\"thumbnailUrl\":\"https:\\\/\\\/egidimadeinitaly.com\\\/v25\\\/wp-content\\\/uploads\\\/2024\\\/10\\\/tomas-martin-rebollo-Scampagnata-scaled.webp\",\"datePublished\":\"2024-10-28T08:49:40+00:00\",\"dateModified\":\"2024-10-28T09:13:37+00:00\",\"description\":\"\u0152uvre sur panneau repr\u00e9sentant un p\u00e8lerinage sign\u00e9e Tom\u00e1s Mart\u00edn Rebollo, fin du 19\u00e8me si\u00e8cle, en vente sur Egidi MadeinItaly.\",\"breadcrumb\":{\"@id\":\"https:\\\/\\\/egidimadeinitaly.com\\\/fr\\\/produit\\\/art-ancien\\\/tableaux-anciens-fr\\\/tomas-martin-rebollo-oeuvre\\\/#breadcrumb\"},\"inLanguage\":\"fr-FR\",\"potentialAction\":[{\"@type\":\"ReadAction\",\"target\":[\"https:\\\/\\\/egidimadeinitaly.com\\\/fr\\\/produit\\\/art-ancien\\\/tableaux-anciens-fr\\\/tomas-martin-rebollo-oeuvre\\\/\"]}]},{\"@type\":\"ImageObject\",\"inLanguage\":\"fr-FR\",\"@id\":\"https:\\\/\\\/egidimadeinitaly.com\\\/fr\\\/produit\\\/art-ancien\\\/tableaux-anciens-fr\\\/tomas-martin-rebollo-oeuvre\\\/#primaryimage\",\"url\":\"https:\\\/\\\/egidimadeinitaly.com\\\/v25\\\/wp-content\\\/uploads\\\/2024\\\/10\\\/tomas-martin-rebollo-Scampagnata-scaled.webp\",\"contentUrl\":\"https:\\\/\\\/egidimadeinitaly.com\\\/v25\\\/wp-content\\\/uploads\\\/2024\\\/10\\\/tomas-martin-rebollo-Scampagnata-scaled.webp\",\"width\":2560,\"height\":2560,\"caption\":\"Un p\u00e8lerinage\"},{\"@type\":\"BreadcrumbList\",\"@id\":\"https:\\\/\\\/egidimadeinitaly.com\\\/fr\\\/produit\\\/art-ancien\\\/tableaux-anciens-fr\\\/tomas-martin-rebollo-oeuvre\\\/#breadcrumb\",\"itemListElement\":[{\"@type\":\"ListItem\",\"position\":1,\"name\":\"Home\",\"item\":\"https:\\\/\\\/egidimadeinitaly.com\\\/fr\\\/\"},{\"@type\":\"ListItem\",\"position\":2,\"name\":\"Produits\",\"item\":\"https:\\\/\\\/egidimadeinitaly.com\\\/fr\\\/shop\\\/\"},{\"@type\":\"ListItem\",\"position\":3,\"name\":\"Art ancien\",\"item\":\"https:\\\/\\\/egidimadeinitaly.com\\\/fr\\\/product-category\\\/art-ancien\\\/\"},{\"@type\":\"ListItem\",\"position\":4,\"name\":\"Tableaux anciens\",\"item\":\"https:\\\/\\\/egidimadeinitaly.com\\\/fr\\\/product-category\\\/art-ancien\\\/tableaux-anciens-fr\\\/\"},{\"@type\":\"ListItem\",\"position\":5,\"name\":\"Tom\u00e1s Mart\u00edn Rebollo \u0153uvre\"}]},{\"@type\":\"WebSite\",\"@id\":\"https:\\\/\\\/egidimadeinitaly.com\\\/fr\\\/#website\",\"url\":\"https:\\\/\\\/egidimadeinitaly.com\\\/fr\\\/\",\"name\":\"Egidi MadeinItaly\",\"description\":\"Fine Art\",\"potentialAction\":[{\"@type\":\"SearchAction\",\"target\":{\"@type\":\"EntryPoint\",\"urlTemplate\":\"https:\\\/\\\/egidimadeinitaly.com\\\/fr\\\/?s={search_term_string}\"},\"query-input\":{\"@type\":\"PropertyValueSpecification\",\"valueRequired\":true,\"valueName\":\"search_term_string\"}}],\"inLanguage\":\"fr-FR\"}]}<\/script>\n<!-- \/ Yoast SEO Premium plugin. -->","yoast_head_json":{"title":"Tom\u00e1s Mart\u00edn Rebollo \u0153uvre - Egidi MadeinItaly","description":"\u0152uvre sur panneau repr\u00e9sentant un p\u00e8lerinage sign\u00e9e Tom\u00e1s Mart\u00edn Rebollo, fin du 19\u00e8me si\u00e8cle, en vente sur Egidi MadeinItaly.","robots":{"index":"index","follow":"follow","max-snippet":"max-snippet:-1","max-image-preview":"max-image-preview:large","max-video-preview":"max-video-preview:-1"},"canonical":"https:\/\/egidimadeinitaly.com\/fr\/produit\/art-ancien\/tableaux-anciens-fr\/tomas-martin-rebollo-oeuvre\/","og_locale":"fr_FR","og_type":"article","og_title":"Tom\u00e1s Mart\u00edn Rebollo \u0153uvre","og_description":"Il s'agit d'une \u0153uvre sur panneau repr\u00e9sentant un p\u00e8lerinage, sign\u00e9e par Tom\u00e1s Mart\u00edn Rebollo (Grenade, 1858 - Madrid, 1919), peintre grenadin qui d\u00e9buta dans le genre de la nature morte et qui, apr\u00e8s avoir connu l'\u0153uvre de Mariano Fortuny, se mit \u00e0 repr\u00e9senter des sc\u00e8nes populaires. Elle porte le num\u00e9ro d'inventaire 47, la signature du peintre ainsi que le titre \u00ab Una romeria \u00bb.","og_url":"https:\/\/egidimadeinitaly.com\/fr\/produit\/art-ancien\/tableaux-anciens-fr\/tomas-martin-rebollo-oeuvre\/","og_site_name":"Egidi MadeinItaly","article_publisher":"https:\/\/www.facebook.com\/egidimadeinitaly\/","article_modified_time":"2024-10-28T09:13:37+00:00","og_image":[{"width":2560,"height":2560,"url":"https:\/\/egidimadeinitaly.com\/v25\/wp-content\/uploads\/2024\/10\/tomas-martin-rebollo-Scampagnata-scaled.webp","type":"image\/webp"}],"schema":{"@context":"https:\/\/schema.org","@graph":[{"@type":"WebPage","@id":"https:\/\/egidimadeinitaly.com\/fr\/negozio\/art-ancien\/tableaux-anciens-fr\/tomas-martin-rebollo-oeuvre\/","url":"https:\/\/egidimadeinitaly.com\/fr\/produit\/art-ancien\/tableaux-anciens-fr\/tomas-martin-rebollo-oeuvre\/","name":"Tom\u00e1s Mart\u00edn Rebollo \u0153uvre - Egidi MadeinItaly","isPartOf":{"@id":"https:\/\/egidimadeinitaly.com\/fr\/#website"},"primaryImageOfPage":{"@id":"https:\/\/egidimadeinitaly.com\/fr\/produit\/art-ancien\/tableaux-anciens-fr\/tomas-martin-rebollo-oeuvre\/#primaryimage"},"image":{"@id":"https:\/\/egidimadeinitaly.com\/fr\/produit\/art-ancien\/tableaux-anciens-fr\/tomas-martin-rebollo-oeuvre\/#primaryimage"},"thumbnailUrl":"https:\/\/egidimadeinitaly.com\/v25\/wp-content\/uploads\/2024\/10\/tomas-martin-rebollo-Scampagnata-scaled.webp","datePublished":"2024-10-28T08:49:40+00:00","dateModified":"2024-10-28T09:13:37+00:00","description":"\u0152uvre sur panneau repr\u00e9sentant un p\u00e8lerinage sign\u00e9e Tom\u00e1s Mart\u00edn Rebollo, fin du 19\u00e8me si\u00e8cle, en vente sur Egidi MadeinItaly.","breadcrumb":{"@id":"https:\/\/egidimadeinitaly.com\/fr\/produit\/art-ancien\/tableaux-anciens-fr\/tomas-martin-rebollo-oeuvre\/#breadcrumb"},"inLanguage":"fr-FR","potentialAction":[{"@type":"ReadAction","target":["https:\/\/egidimadeinitaly.com\/fr\/produit\/art-ancien\/tableaux-anciens-fr\/tomas-martin-rebollo-oeuvre\/"]}]},{"@type":"ImageObject","inLanguage":"fr-FR","@id":"https:\/\/egidimadeinitaly.com\/fr\/produit\/art-ancien\/tableaux-anciens-fr\/tomas-martin-rebollo-oeuvre\/#primaryimage","url":"https:\/\/egidimadeinitaly.com\/v25\/wp-content\/uploads\/2024\/10\/tomas-martin-rebollo-Scampagnata-scaled.webp","contentUrl":"https:\/\/egidimadeinitaly.com\/v25\/wp-content\/uploads\/2024\/10\/tomas-martin-rebollo-Scampagnata-scaled.webp","width":2560,"height":2560,"caption":"Un p\u00e8lerinage"},{"@type":"BreadcrumbList","@id":"https:\/\/egidimadeinitaly.com\/fr\/produit\/art-ancien\/tableaux-anciens-fr\/tomas-martin-rebollo-oeuvre\/#breadcrumb","itemListElement":[{"@type":"ListItem","position":1,"name":"Home","item":"https:\/\/egidimadeinitaly.com\/fr\/"},{"@type":"ListItem","position":2,"name":"Produits","item":"https:\/\/egidimadeinitaly.com\/fr\/shop\/"},{"@type":"ListItem","position":3,"name":"Art ancien","item":"https:\/\/egidimadeinitaly.com\/fr\/product-category\/art-ancien\/"},{"@type":"ListItem","position":4,"name":"Tableaux anciens","item":"https:\/\/egidimadeinitaly.com\/fr\/product-category\/art-ancien\/tableaux-anciens-fr\/"},{"@type":"ListItem","position":5,"name":"Tom\u00e1s Mart\u00edn Rebollo \u0153uvre"}]},{"@type":"WebSite","@id":"https:\/\/egidimadeinitaly.com\/fr\/#website","url":"https:\/\/egidimadeinitaly.com\/fr\/","name":"Egidi MadeinItaly","description":"Fine Art","potentialAction":[{"@type":"SearchAction","target":{"@type":"EntryPoint","urlTemplate":"https:\/\/egidimadeinitaly.com\/fr\/?s={search_term_string}"},"query-input":{"@type":"PropertyValueSpecification","valueRequired":true,"valueName":"search_term_string"}}],"inLanguage":"fr-FR"}]}},"_links":{"self":[{"href":"https:\/\/egidimadeinitaly.com\/fr\/wp-json\/wp\/v2\/product\/119907","targetHints":{"allow":["GET"]}}],"collection":[{"href":"https:\/\/egidimadeinitaly.com\/fr\/wp-json\/wp\/v2\/product"}],"about":[{"href":"https:\/\/egidimadeinitaly.com\/fr\/wp-json\/wp\/v2\/types\/product"}],"wp:featuredmedia":[{"embeddable":true,"href":"https:\/\/egidimadeinitaly.com\/fr\/wp-json\/wp\/v2\/media\/119901"}],"wp:attachment":[{"href":"https:\/\/egidimadeinitaly.com\/fr\/wp-json\/wp\/v2\/media?parent=119907"}],"wp:term":[{"taxonomy":"product_brand","embeddable":true,"href":"https:\/\/egidimadeinitaly.com\/fr\/wp-json\/wp\/v2\/product_brand?post=119907"},{"taxonomy":"product_cat","embeddable":true,"href":"https:\/\/egidimadeinitaly.com\/fr\/wp-json\/wp\/v2\/product_cat?post=119907"},{"taxonomy":"product_tag","embeddable":true,"href":"https:\/\/egidimadeinitaly.com\/fr\/wp-json\/wp\/v2\/product_tag?post=119907"}],"curies":[{"name":"wp","href":"https:\/\/api.w.org\/{rel}","templated":true}]}}