{"id":119585,"date":"2024-10-16T17:00:57","date_gmt":"2024-10-16T16:00:57","guid":{"rendered":"https:\/\/egidimadeinitaly.com\/?post_type=product&#038;p=119585"},"modified":"2024-10-16T17:40:54","modified_gmt":"2024-10-16T16:40:54","slug":"banquette-en-bois-sculptee-et-doreee","status":"publish","type":"product","link":"https:\/\/egidimadeinitaly.com\/fr\/negozio\/objets-dart\/objets-dart-anciens-fr\/banquette-en-bois-sculptee-et-doreee\/","title":{"rendered":"Banquette en bois sculpt\u00e9 et dor\u00e9"},"content":{"rendered":"<p>Ce <strong>banc dor\u00e9 de la c\u00e9l\u00e8bre Maison Jansen \u00e0 Paris<\/strong> se pr\u00e9sente dans une splendide premi\u00e8re patine, avec son assise confortable garnie d&rsquo;un fin tissu damass\u00e9 de la plus haute qualit\u00e9, conserv\u00e9 dans un \u00e9tat impeccable.<\/p>\n<p>Raret\u00e9 et \u00e9l\u00e9gance : il sera parfait pour meubler et rendre unique un hall d&rsquo;entr\u00e9e ou la chambre d&rsquo;un m\u00e9c\u00e8ne. D\u00e9but du XIXe si\u00e8cle<\/p>\n","protected":false},"excerpt":{"rendered":"<p>Cette banquette pr\u00e9cieuse et charmante en bois sculpt\u00e9 et dor\u00e9. \u00e0 l&rsquo;or fin incarne l&rsquo;\u00e9l\u00e9gance intemporelle du style Louis XV fran\u00e7ais.<\/p>\n<p>D&rsquo;une superbe qualit\u00e9, Elle est magnifiquement sculpt\u00e9e et finement travaill\u00e9e, jusque dans les moindres d\u00e9tails, avec une grande sym\u00e9trie des deux c\u00f4t\u00e9s.<\/p>\n<p>La tr\u00e8s grande qualit\u00e9 et la beaut\u00e9 de ce travail permettent d&rsquo;attribuer ce banc \u00e0 la c\u00e9l\u00e8bre <strong>Maison Jansen Paris<\/strong>.<\/p>\n<p>&nbsp;<\/p>\n","protected":false},"featured_media":118500,"template":"","meta":{"_acf_changed":false},"product_brand":[],"product_cat":[6406,6492],"product_tag":[1319],"class_list":{"0":"post-119585","1":"product","2":"type-product","3":"status-publish","4":"has-post-thumbnail","6":"product_cat-objets-dart-anciens-fr","7":"product_cat-objets-dart","8":"product_tag-or-fr","10":"first","11":"outofstock","12":"taxable","13":"shipping-taxable","14":"product-type-simple"},"acf":[],"yoast_head":"<!-- This site is optimized with the Yoast SEO Premium plugin v27.4 (Yoast SEO v27.5) - https:\/\/yoast.com\/product\/yoast-seo-premium-wordpress\/ -->\n<title>Banquette en bois sculpt\u00e9 et dor\u00e9 - Egidi MadeinItaly<\/title>\n<meta name=\"description\" content=\"Banquette dor\u00e9e de la c\u00e9l\u00e8bre Maison parisienne Jansen connue pour ses cr\u00e9ations exclusives et raffin\u00e9es en vente sur Egidi MadeinItaly\" \/>\n<meta name=\"robots\" content=\"index, follow, max-snippet:-1, max-image-preview:large, max-video-preview:-1\" \/>\n<link rel=\"canonical\" href=\"https:\/\/egidimadeinitaly.com\/fr\/produit\/objets-dart\/objets-dart-anciens-fr\/banquette-en-bois-sculptee-et-doreee\/\" \/>\n<meta property=\"og:locale\" content=\"fr_FR\" \/>\n<meta property=\"og:type\" content=\"article\" \/>\n<meta property=\"og:title\" content=\"Banquette en bois sculpt\u00e9 et dor\u00e9\" \/>\n<meta property=\"og:description\" content=\"Cette banquette pr\u00e9cieuse et charmante en bois sculpt\u00e9 et dor\u00e9. \u00e0 l&#039;or fin incarne l&#039;\u00e9l\u00e9gance intemporelle du style Louis XV fran\u00e7ais.  D&#039;une superbe qualit\u00e9, Elle est magnifiquement sculpt\u00e9e et finement travaill\u00e9e, jusque dans les moindres d\u00e9tails, avec une grande sym\u00e9trie des deux c\u00f4t\u00e9s.  La tr\u00e8s grande qualit\u00e9 et la beaut\u00e9 de ce travail permettent d&#039;attribuer ce banc \u00e0 la c\u00e9l\u00e8bre Maison Jansen Paris.  &nbsp;\" \/>\n<meta property=\"og:url\" content=\"https:\/\/egidimadeinitaly.com\/fr\/produit\/objets-dart\/objets-dart-anciens-fr\/banquette-en-bois-sculptee-et-doreee\/\" \/>\n<meta property=\"og:site_name\" content=\"Egidi MadeinItaly\" \/>\n<meta property=\"article:publisher\" content=\"https:\/\/www.facebook.com\/egidimadeinitaly\/\" \/>\n<meta property=\"article:modified_time\" content=\"2024-10-16T16:40:54+00:00\" \/>\n<meta property=\"og:image\" content=\"https:\/\/egidimadeinitaly.com\/wp-content\/uploads\/2024\/05\/panchetto-in-legno-dorato.jpg\" \/>\n\t<meta property=\"og:image:width\" content=\"1984\" \/>\n\t<meta property=\"og:image:height\" content=\"1323\" \/>\n\t<meta property=\"og:image:type\" content=\"image\/jpeg\" \/>\n<script type=\"application\/ld+json\" class=\"yoast-schema-graph\">{\"@context\":\"https:\\\/\\\/schema.org\",\"@graph\":[{\"@type\":\"WebPage\",\"@id\":\"https:\\\/\\\/egidimadeinitaly.com\\\/fr\\\/negozio\\\/objets-dart\\\/objets-dart-anciens-fr\\\/banquette-en-bois-sculptee-et-doreee\\\/\",\"url\":\"https:\\\/\\\/egidimadeinitaly.com\\\/fr\\\/produit\\\/objets-dart\\\/objets-dart-anciens-fr\\\/banquette-en-bois-sculptee-et-doreee\\\/\",\"name\":\"Banquette en bois sculpt\u00e9 et dor\u00e9 - Egidi MadeinItaly\",\"isPartOf\":{\"@id\":\"https:\\\/\\\/egidimadeinitaly.com\\\/fr\\\/#website\"},\"primaryImageOfPage\":{\"@id\":\"https:\\\/\\\/egidimadeinitaly.com\\\/fr\\\/produit\\\/objets-dart\\\/objets-dart-anciens-fr\\\/banquette-en-bois-sculptee-et-doreee\\\/#primaryimage\"},\"image\":{\"@id\":\"https:\\\/\\\/egidimadeinitaly.com\\\/fr\\\/produit\\\/objets-dart\\\/objets-dart-anciens-fr\\\/banquette-en-bois-sculptee-et-doreee\\\/#primaryimage\"},\"thumbnailUrl\":\"https:\\\/\\\/egidimadeinitaly.com\\\/v25\\\/wp-content\\\/uploads\\\/2024\\\/05\\\/panchetto-in-legno-dorato.jpg\",\"datePublished\":\"2024-10-16T16:00:57+00:00\",\"dateModified\":\"2024-10-16T16:40:54+00:00\",\"description\":\"Banquette dor\u00e9e de la c\u00e9l\u00e8bre Maison parisienne Jansen connue pour ses cr\u00e9ations exclusives et raffin\u00e9es en vente sur Egidi MadeinItaly\",\"breadcrumb\":{\"@id\":\"https:\\\/\\\/egidimadeinitaly.com\\\/fr\\\/produit\\\/objets-dart\\\/objets-dart-anciens-fr\\\/banquette-en-bois-sculptee-et-doreee\\\/#breadcrumb\"},\"inLanguage\":\"fr-FR\",\"potentialAction\":[{\"@type\":\"ReadAction\",\"target\":[\"https:\\\/\\\/egidimadeinitaly.com\\\/fr\\\/produit\\\/objets-dart\\\/objets-dart-anciens-fr\\\/banquette-en-bois-sculptee-et-doreee\\\/\"]}]},{\"@type\":\"ImageObject\",\"inLanguage\":\"fr-FR\",\"@id\":\"https:\\\/\\\/egidimadeinitaly.com\\\/fr\\\/produit\\\/objets-dart\\\/objets-dart-anciens-fr\\\/banquette-en-bois-sculptee-et-doreee\\\/#primaryimage\",\"url\":\"https:\\\/\\\/egidimadeinitaly.com\\\/v25\\\/wp-content\\\/uploads\\\/2024\\\/05\\\/panchetto-in-legno-dorato.jpg\",\"contentUrl\":\"https:\\\/\\\/egidimadeinitaly.com\\\/v25\\\/wp-content\\\/uploads\\\/2024\\\/05\\\/panchetto-in-legno-dorato.jpg\",\"width\":1984,\"height\":1323,\"caption\":\"Banquette en bois sculpt\u00e9 et dor\u00e9\"},{\"@type\":\"BreadcrumbList\",\"@id\":\"https:\\\/\\\/egidimadeinitaly.com\\\/fr\\\/produit\\\/objets-dart\\\/objets-dart-anciens-fr\\\/banquette-en-bois-sculptee-et-doreee\\\/#breadcrumb\",\"itemListElement\":[{\"@type\":\"ListItem\",\"position\":1,\"name\":\"Home\",\"item\":\"https:\\\/\\\/egidimadeinitaly.com\\\/fr\\\/\"},{\"@type\":\"ListItem\",\"position\":2,\"name\":\"Produits\",\"item\":\"https:\\\/\\\/egidimadeinitaly.com\\\/fr\\\/shop\\\/\"},{\"@type\":\"ListItem\",\"position\":3,\"name\":\"Objets d\u2019art\",\"item\":\"https:\\\/\\\/egidimadeinitaly.com\\\/fr\\\/product-category\\\/objets-dart\\\/\"},{\"@type\":\"ListItem\",\"position\":4,\"name\":\"Objets d'art anciens\",\"item\":\"https:\\\/\\\/egidimadeinitaly.com\\\/fr\\\/product-category\\\/objets-dart\\\/objets-dart-anciens-fr\\\/\"},{\"@type\":\"ListItem\",\"position\":5,\"name\":\"Banquette en bois sculpt\u00e9 et dor\u00e9\"}]},{\"@type\":\"WebSite\",\"@id\":\"https:\\\/\\\/egidimadeinitaly.com\\\/fr\\\/#website\",\"url\":\"https:\\\/\\\/egidimadeinitaly.com\\\/fr\\\/\",\"name\":\"Egidi MadeinItaly\",\"description\":\"Fine Art\",\"potentialAction\":[{\"@type\":\"SearchAction\",\"target\":{\"@type\":\"EntryPoint\",\"urlTemplate\":\"https:\\\/\\\/egidimadeinitaly.com\\\/fr\\\/?s={search_term_string}\"},\"query-input\":{\"@type\":\"PropertyValueSpecification\",\"valueRequired\":true,\"valueName\":\"search_term_string\"}}],\"inLanguage\":\"fr-FR\"}]}<\/script>\n<!-- \/ Yoast SEO Premium plugin. -->","yoast_head_json":{"title":"Banquette en bois sculpt\u00e9 et dor\u00e9 - Egidi MadeinItaly","description":"Banquette dor\u00e9e de la c\u00e9l\u00e8bre Maison parisienne Jansen connue pour ses cr\u00e9ations exclusives et raffin\u00e9es en vente sur Egidi MadeinItaly","robots":{"index":"index","follow":"follow","max-snippet":"max-snippet:-1","max-image-preview":"max-image-preview:large","max-video-preview":"max-video-preview:-1"},"canonical":"https:\/\/egidimadeinitaly.com\/fr\/produit\/objets-dart\/objets-dart-anciens-fr\/banquette-en-bois-sculptee-et-doreee\/","og_locale":"fr_FR","og_type":"article","og_title":"Banquette en bois sculpt\u00e9 et dor\u00e9","og_description":"Cette banquette pr\u00e9cieuse et charmante en bois sculpt\u00e9 et dor\u00e9. \u00e0 l'or fin incarne l'\u00e9l\u00e9gance intemporelle du style Louis XV fran\u00e7ais.  D'une superbe qualit\u00e9, Elle est magnifiquement sculpt\u00e9e et finement travaill\u00e9e, jusque dans les moindres d\u00e9tails, avec une grande sym\u00e9trie des deux c\u00f4t\u00e9s.  La tr\u00e8s grande qualit\u00e9 et la beaut\u00e9 de ce travail permettent d'attribuer ce banc \u00e0 la c\u00e9l\u00e8bre Maison Jansen Paris.  &nbsp;","og_url":"https:\/\/egidimadeinitaly.com\/fr\/produit\/objets-dart\/objets-dart-anciens-fr\/banquette-en-bois-sculptee-et-doreee\/","og_site_name":"Egidi MadeinItaly","article_publisher":"https:\/\/www.facebook.com\/egidimadeinitaly\/","article_modified_time":"2024-10-16T16:40:54+00:00","og_image":[{"width":1984,"height":1323,"url":"https:\/\/egidimadeinitaly.com\/wp-content\/uploads\/2024\/05\/panchetto-in-legno-dorato.jpg","type":"image\/jpeg"}],"schema":{"@context":"https:\/\/schema.org","@graph":[{"@type":"WebPage","@id":"https:\/\/egidimadeinitaly.com\/fr\/negozio\/objets-dart\/objets-dart-anciens-fr\/banquette-en-bois-sculptee-et-doreee\/","url":"https:\/\/egidimadeinitaly.com\/fr\/produit\/objets-dart\/objets-dart-anciens-fr\/banquette-en-bois-sculptee-et-doreee\/","name":"Banquette en bois sculpt\u00e9 et dor\u00e9 - Egidi MadeinItaly","isPartOf":{"@id":"https:\/\/egidimadeinitaly.com\/fr\/#website"},"primaryImageOfPage":{"@id":"https:\/\/egidimadeinitaly.com\/fr\/produit\/objets-dart\/objets-dart-anciens-fr\/banquette-en-bois-sculptee-et-doreee\/#primaryimage"},"image":{"@id":"https:\/\/egidimadeinitaly.com\/fr\/produit\/objets-dart\/objets-dart-anciens-fr\/banquette-en-bois-sculptee-et-doreee\/#primaryimage"},"thumbnailUrl":"https:\/\/egidimadeinitaly.com\/v25\/wp-content\/uploads\/2024\/05\/panchetto-in-legno-dorato.jpg","datePublished":"2024-10-16T16:00:57+00:00","dateModified":"2024-10-16T16:40:54+00:00","description":"Banquette dor\u00e9e de la c\u00e9l\u00e8bre Maison parisienne Jansen connue pour ses cr\u00e9ations exclusives et raffin\u00e9es en vente sur Egidi MadeinItaly","breadcrumb":{"@id":"https:\/\/egidimadeinitaly.com\/fr\/produit\/objets-dart\/objets-dart-anciens-fr\/banquette-en-bois-sculptee-et-doreee\/#breadcrumb"},"inLanguage":"fr-FR","potentialAction":[{"@type":"ReadAction","target":["https:\/\/egidimadeinitaly.com\/fr\/produit\/objets-dart\/objets-dart-anciens-fr\/banquette-en-bois-sculptee-et-doreee\/"]}]},{"@type":"ImageObject","inLanguage":"fr-FR","@id":"https:\/\/egidimadeinitaly.com\/fr\/produit\/objets-dart\/objets-dart-anciens-fr\/banquette-en-bois-sculptee-et-doreee\/#primaryimage","url":"https:\/\/egidimadeinitaly.com\/v25\/wp-content\/uploads\/2024\/05\/panchetto-in-legno-dorato.jpg","contentUrl":"https:\/\/egidimadeinitaly.com\/v25\/wp-content\/uploads\/2024\/05\/panchetto-in-legno-dorato.jpg","width":1984,"height":1323,"caption":"Banquette en bois sculpt\u00e9 et dor\u00e9"},{"@type":"BreadcrumbList","@id":"https:\/\/egidimadeinitaly.com\/fr\/produit\/objets-dart\/objets-dart-anciens-fr\/banquette-en-bois-sculptee-et-doreee\/#breadcrumb","itemListElement":[{"@type":"ListItem","position":1,"name":"Home","item":"https:\/\/egidimadeinitaly.com\/fr\/"},{"@type":"ListItem","position":2,"name":"Produits","item":"https:\/\/egidimadeinitaly.com\/fr\/shop\/"},{"@type":"ListItem","position":3,"name":"Objets d\u2019art","item":"https:\/\/egidimadeinitaly.com\/fr\/product-category\/objets-dart\/"},{"@type":"ListItem","position":4,"name":"Objets d'art anciens","item":"https:\/\/egidimadeinitaly.com\/fr\/product-category\/objets-dart\/objets-dart-anciens-fr\/"},{"@type":"ListItem","position":5,"name":"Banquette en bois sculpt\u00e9 et dor\u00e9"}]},{"@type":"WebSite","@id":"https:\/\/egidimadeinitaly.com\/fr\/#website","url":"https:\/\/egidimadeinitaly.com\/fr\/","name":"Egidi MadeinItaly","description":"Fine Art","potentialAction":[{"@type":"SearchAction","target":{"@type":"EntryPoint","urlTemplate":"https:\/\/egidimadeinitaly.com\/fr\/?s={search_term_string}"},"query-input":{"@type":"PropertyValueSpecification","valueRequired":true,"valueName":"search_term_string"}}],"inLanguage":"fr-FR"}]}},"_links":{"self":[{"href":"https:\/\/egidimadeinitaly.com\/fr\/wp-json\/wp\/v2\/product\/119585","targetHints":{"allow":["GET"]}}],"collection":[{"href":"https:\/\/egidimadeinitaly.com\/fr\/wp-json\/wp\/v2\/product"}],"about":[{"href":"https:\/\/egidimadeinitaly.com\/fr\/wp-json\/wp\/v2\/types\/product"}],"wp:featuredmedia":[{"embeddable":true,"href":"https:\/\/egidimadeinitaly.com\/fr\/wp-json\/wp\/v2\/media\/118500"}],"wp:attachment":[{"href":"https:\/\/egidimadeinitaly.com\/fr\/wp-json\/wp\/v2\/media?parent=119585"}],"wp:term":[{"taxonomy":"product_brand","embeddable":true,"href":"https:\/\/egidimadeinitaly.com\/fr\/wp-json\/wp\/v2\/product_brand?post=119585"},{"taxonomy":"product_cat","embeddable":true,"href":"https:\/\/egidimadeinitaly.com\/fr\/wp-json\/wp\/v2\/product_cat?post=119585"},{"taxonomy":"product_tag","embeddable":true,"href":"https:\/\/egidimadeinitaly.com\/fr\/wp-json\/wp\/v2\/product_tag?post=119585"}],"curies":[{"name":"wp","href":"https:\/\/api.w.org\/{rel}","templated":true}]}}