{"id":118825,"date":"2024-06-12T19:03:06","date_gmt":"2024-06-12T18:03:06","guid":{"rendered":"https:\/\/egidimadeinitaly.com\/?post_type=product&#038;p=118825"},"modified":"2025-09-30T09:04:49","modified_gmt":"2025-09-30T08:04:49","slug":"demetrio-tabacco-oeuvre","status":"publish","type":"product","link":"https:\/\/egidimadeinitaly.com\/fr\/negozio\/art-moderne\/tableaux-modernes-fr\/demetrio-tabacco-oeuvre\/","title":{"rendered":"Demetrio Tabacco \u0153uvre"},"content":{"rendered":"<p><span style=\"font-weight: 400;\"><em>Nevicata nella campagna vercellese<\/em> (Chute de neige dans la campagne de Verceil). <strong>Demetrio Tabacco<\/strong> est n\u00e9 \u00e0 Turin le 7 mai 1886. Il \u00e9tait peintre et illustrateur.<\/span><\/p>\n<p><span style=\"font-weight: 400;\">Dans sa ville natale, il fr\u00e9quente pendant une courte p\u00e9riode l&rsquo;atelier de Tommaso Ruffo.\u00a0 En 1921, il fait ses d\u00e9buts \u00e0 Biella. Par la suite, il expose \u00e0 Turin, \u00e0 Verceil et \u00e0 Novara.<\/span><\/p>\n<p><span style=\"font-weight: 400;\">\u00a0De 1916 \u00e0 1918, il s&rsquo;installe \u00e0 Tripoli, o\u00f9 il d\u00e9peint fid\u00e8lement des sc\u00e8nes d&rsquo;ambiance et de m\u0153urs.\u00a0<\/span><span style=\"font-weight: 400;\">Il traite le paysage, mais pr\u00e9f\u00e8re les figures.<\/span><\/p>\n<p><span style=\"font-weight: 400;\">Parmi ses \u0153uvres, on peut citer : Cavalieri arabi (Cavaliers arabes), \u0153uvre expos\u00e9e \u00e0 la 3<\/span><span style=\"font-weight: 400;\">e<\/span><span style=\"font-weight: 400;\"> exposition des Beaux-Arts de Biella ; Castello di Murzuk (Ch\u00e2teau de Murzuk) ; Fantasia araba (Fantaisie arabe) ; Portatrici d&rsquo;acqua (Porteuses d&rsquo;eau) ; Pozzo arabo (Puits arabe) ; Il mercato arabo (Le march\u00e9 arabe) ; Musicisti ambulanti (Musiciens itin\u00e9rants) ; La carovana (La caravane) ; La preghiera nel deserto (Pri\u00e8re dans le d\u00e9sert) ; Interno di moschea (Int\u00e9rieur d&rsquo;une mosqu\u00e9e) ; dans lesquelles il met en valeur son talent pour la perspective.<\/span><\/p>\n","protected":false},"excerpt":{"rendered":"<p><span style=\"font-weight: 400;\">Pastel sur papier \u00ab <em>Nevicata nella campagna vercellese<\/em> \u00bb (Chute de neige dans la campagne de Verceil) sign\u00e9e en bas \u00e0 gauche D. Tabacco 1944.\u00a0 Alors que les flocons de neige tombent silencieusement, un homme et son chien se prom\u00e8nent dans la campagne de Verceil, parmi les arbres d\u00e9nud\u00e9s. Dans le ciel, un soleil p\u00e2le.<\/span><\/p>\n","protected":false},"featured_media":118814,"template":"","meta":{"_acf_changed":false},"product_brand":[],"product_cat":[6377,6416],"product_tag":[6467],"class_list":{"0":"post-118825","1":"product","2":"type-product","3":"status-publish","4":"has-post-thumbnail","6":"product_cat-art-moderne","7":"product_cat-tableaux-modernes-fr","8":"product_tag-paysage-fr","10":"first","11":"instock","12":"taxable","13":"shipping-taxable","14":"product-type-simple"},"acf":[],"yoast_head":"<!-- This site is optimized with the Yoast SEO Premium plugin v27.3 (Yoast SEO v27.4) - https:\/\/yoast.com\/product\/yoast-seo-premium-wordpress\/ -->\n<title>Demetrio Tabacco \u0153uvre - Egidi MadeinItaly<\/title>\n<meta name=\"description\" content=\"Demetrio Tabacco Pastel sur papier Chute de neige dans la campagne de Verceil sign\u00e9e en bas \u00e0 gauche D. Tabacco 1944 sur Egidi MadeinItaly\" \/>\n<meta name=\"robots\" content=\"index, follow, max-snippet:-1, max-image-preview:large, max-video-preview:-1\" \/>\n<link rel=\"canonical\" href=\"https:\/\/egidimadeinitaly.com\/fr\/produit\/art-moderne\/tableaux-modernes-fr\/demetrio-tabacco-oeuvre\/\" \/>\n<meta property=\"og:locale\" content=\"fr_FR\" \/>\n<meta property=\"og:type\" content=\"article\" \/>\n<meta property=\"og:title\" content=\"Demetrio Tabacco \u0153uvre\" \/>\n<meta property=\"og:description\" content=\"Pastel sur papier \u00ab Nevicata nella campagna vercellese \u00bb (Chute de neige dans la campagne de Verceil) sign\u00e9e en bas \u00e0 gauche D. Tabacco 1944.\u00a0 Alors que les flocons de neige tombent silencieusement, un homme et son chien se prom\u00e8nent dans la campagne de Verceil, parmi les arbres d\u00e9nud\u00e9s. Dans le ciel, un soleil p\u00e2le.\" \/>\n<meta property=\"og:url\" content=\"https:\/\/egidimadeinitaly.com\/fr\/produit\/art-moderne\/tableaux-modernes-fr\/demetrio-tabacco-oeuvre\/\" \/>\n<meta property=\"og:site_name\" content=\"Egidi MadeinItaly\" \/>\n<meta property=\"article:publisher\" content=\"https:\/\/www.facebook.com\/egidimadeinitaly\/\" \/>\n<meta property=\"article:modified_time\" content=\"2025-09-30T08:04:49+00:00\" \/>\n<meta property=\"og:image\" content=\"https:\/\/egidimadeinitaly.com\/v25\/wp-content\/uploads\/2024\/06\/demetrio-tabacco_opera_nevicata_nella_campagna_vercellese.webp\" \/>\n\t<meta property=\"og:image:width\" content=\"1984\" \/>\n\t<meta property=\"og:image:height\" content=\"1984\" \/>\n\t<meta property=\"og:image:type\" content=\"image\/webp\" \/>\n<script type=\"application\/ld+json\" class=\"yoast-schema-graph\">{\"@context\":\"https:\\\/\\\/schema.org\",\"@graph\":[{\"@type\":\"WebPage\",\"@id\":\"https:\\\/\\\/egidimadeinitaly.com\\\/fr\\\/negozio\\\/art-moderne\\\/tableaux-modernes-fr\\\/demetrio-tabacco-oeuvre\\\/\",\"url\":\"https:\\\/\\\/egidimadeinitaly.com\\\/fr\\\/produit\\\/art-moderne\\\/tableaux-modernes-fr\\\/demetrio-tabacco-oeuvre\\\/\",\"name\":\"Demetrio Tabacco \u0153uvre - Egidi MadeinItaly\",\"isPartOf\":{\"@id\":\"https:\\\/\\\/egidimadeinitaly.com\\\/fr\\\/#website\"},\"primaryImageOfPage\":{\"@id\":\"https:\\\/\\\/egidimadeinitaly.com\\\/fr\\\/produit\\\/art-moderne\\\/tableaux-modernes-fr\\\/demetrio-tabacco-oeuvre\\\/#primaryimage\"},\"image\":{\"@id\":\"https:\\\/\\\/egidimadeinitaly.com\\\/fr\\\/produit\\\/art-moderne\\\/tableaux-modernes-fr\\\/demetrio-tabacco-oeuvre\\\/#primaryimage\"},\"thumbnailUrl\":\"https:\\\/\\\/egidimadeinitaly.com\\\/v25\\\/wp-content\\\/uploads\\\/2024\\\/06\\\/demetrio-tabacco_opera_nevicata_nella_campagna_vercellese.webp\",\"datePublished\":\"2024-06-12T18:03:06+00:00\",\"dateModified\":\"2025-09-30T08:04:49+00:00\",\"description\":\"Demetrio Tabacco Pastel sur papier Chute de neige dans la campagne de Verceil sign\u00e9e en bas \u00e0 gauche D. Tabacco 1944 sur Egidi MadeinItaly\",\"breadcrumb\":{\"@id\":\"https:\\\/\\\/egidimadeinitaly.com\\\/fr\\\/produit\\\/art-moderne\\\/tableaux-modernes-fr\\\/demetrio-tabacco-oeuvre\\\/#breadcrumb\"},\"inLanguage\":\"fr-FR\",\"potentialAction\":[{\"@type\":\"ReadAction\",\"target\":[\"https:\\\/\\\/egidimadeinitaly.com\\\/fr\\\/produit\\\/art-moderne\\\/tableaux-modernes-fr\\\/demetrio-tabacco-oeuvre\\\/\"]}]},{\"@type\":\"ImageObject\",\"inLanguage\":\"fr-FR\",\"@id\":\"https:\\\/\\\/egidimadeinitaly.com\\\/fr\\\/produit\\\/art-moderne\\\/tableaux-modernes-fr\\\/demetrio-tabacco-oeuvre\\\/#primaryimage\",\"url\":\"https:\\\/\\\/egidimadeinitaly.com\\\/v25\\\/wp-content\\\/uploads\\\/2024\\\/06\\\/demetrio-tabacco_opera_nevicata_nella_campagna_vercellese.webp\",\"contentUrl\":\"https:\\\/\\\/egidimadeinitaly.com\\\/v25\\\/wp-content\\\/uploads\\\/2024\\\/06\\\/demetrio-tabacco_opera_nevicata_nella_campagna_vercellese.webp\",\"width\":1984,\"height\":1984,\"caption\":\"Demetrio Tabacco \u0153uvre sur papier\"},{\"@type\":\"BreadcrumbList\",\"@id\":\"https:\\\/\\\/egidimadeinitaly.com\\\/fr\\\/produit\\\/art-moderne\\\/tableaux-modernes-fr\\\/demetrio-tabacco-oeuvre\\\/#breadcrumb\",\"itemListElement\":[{\"@type\":\"ListItem\",\"position\":1,\"name\":\"Home\",\"item\":\"https:\\\/\\\/egidimadeinitaly.com\\\/fr\\\/\"},{\"@type\":\"ListItem\",\"position\":2,\"name\":\"Produits\",\"item\":\"https:\\\/\\\/egidimadeinitaly.com\\\/fr\\\/shop\\\/\"},{\"@type\":\"ListItem\",\"position\":3,\"name\":\"Art moderne\",\"item\":\"https:\\\/\\\/egidimadeinitaly.com\\\/fr\\\/product-category\\\/art-moderne\\\/\"},{\"@type\":\"ListItem\",\"position\":4,\"name\":\"Tableaux modernes\",\"item\":\"https:\\\/\\\/egidimadeinitaly.com\\\/fr\\\/product-category\\\/art-moderne\\\/tableaux-modernes-fr\\\/\"},{\"@type\":\"ListItem\",\"position\":5,\"name\":\"Demetrio Tabacco \u0153uvre\"}]},{\"@type\":\"WebSite\",\"@id\":\"https:\\\/\\\/egidimadeinitaly.com\\\/fr\\\/#website\",\"url\":\"https:\\\/\\\/egidimadeinitaly.com\\\/fr\\\/\",\"name\":\"Egidi MadeinItaly\",\"description\":\"Fine Art\",\"potentialAction\":[{\"@type\":\"SearchAction\",\"target\":{\"@type\":\"EntryPoint\",\"urlTemplate\":\"https:\\\/\\\/egidimadeinitaly.com\\\/fr\\\/?s={search_term_string}\"},\"query-input\":{\"@type\":\"PropertyValueSpecification\",\"valueRequired\":true,\"valueName\":\"search_term_string\"}}],\"inLanguage\":\"fr-FR\"}]}<\/script>\n<!-- \/ Yoast SEO Premium plugin. -->","yoast_head_json":{"title":"Demetrio Tabacco \u0153uvre - Egidi MadeinItaly","description":"Demetrio Tabacco Pastel sur papier Chute de neige dans la campagne de Verceil sign\u00e9e en bas \u00e0 gauche D. Tabacco 1944 sur Egidi MadeinItaly","robots":{"index":"index","follow":"follow","max-snippet":"max-snippet:-1","max-image-preview":"max-image-preview:large","max-video-preview":"max-video-preview:-1"},"canonical":"https:\/\/egidimadeinitaly.com\/fr\/produit\/art-moderne\/tableaux-modernes-fr\/demetrio-tabacco-oeuvre\/","og_locale":"fr_FR","og_type":"article","og_title":"Demetrio Tabacco \u0153uvre","og_description":"Pastel sur papier \u00ab Nevicata nella campagna vercellese \u00bb (Chute de neige dans la campagne de Verceil) sign\u00e9e en bas \u00e0 gauche D. Tabacco 1944.\u00a0 Alors que les flocons de neige tombent silencieusement, un homme et son chien se prom\u00e8nent dans la campagne de Verceil, parmi les arbres d\u00e9nud\u00e9s. Dans le ciel, un soleil p\u00e2le.","og_url":"https:\/\/egidimadeinitaly.com\/fr\/produit\/art-moderne\/tableaux-modernes-fr\/demetrio-tabacco-oeuvre\/","og_site_name":"Egidi MadeinItaly","article_publisher":"https:\/\/www.facebook.com\/egidimadeinitaly\/","article_modified_time":"2025-09-30T08:04:49+00:00","og_image":[{"width":1984,"height":1984,"url":"https:\/\/egidimadeinitaly.com\/v25\/wp-content\/uploads\/2024\/06\/demetrio-tabacco_opera_nevicata_nella_campagna_vercellese.webp","type":"image\/webp"}],"schema":{"@context":"https:\/\/schema.org","@graph":[{"@type":"WebPage","@id":"https:\/\/egidimadeinitaly.com\/fr\/negozio\/art-moderne\/tableaux-modernes-fr\/demetrio-tabacco-oeuvre\/","url":"https:\/\/egidimadeinitaly.com\/fr\/produit\/art-moderne\/tableaux-modernes-fr\/demetrio-tabacco-oeuvre\/","name":"Demetrio Tabacco \u0153uvre - Egidi MadeinItaly","isPartOf":{"@id":"https:\/\/egidimadeinitaly.com\/fr\/#website"},"primaryImageOfPage":{"@id":"https:\/\/egidimadeinitaly.com\/fr\/produit\/art-moderne\/tableaux-modernes-fr\/demetrio-tabacco-oeuvre\/#primaryimage"},"image":{"@id":"https:\/\/egidimadeinitaly.com\/fr\/produit\/art-moderne\/tableaux-modernes-fr\/demetrio-tabacco-oeuvre\/#primaryimage"},"thumbnailUrl":"https:\/\/egidimadeinitaly.com\/v25\/wp-content\/uploads\/2024\/06\/demetrio-tabacco_opera_nevicata_nella_campagna_vercellese.webp","datePublished":"2024-06-12T18:03:06+00:00","dateModified":"2025-09-30T08:04:49+00:00","description":"Demetrio Tabacco Pastel sur papier Chute de neige dans la campagne de Verceil sign\u00e9e en bas \u00e0 gauche D. Tabacco 1944 sur Egidi MadeinItaly","breadcrumb":{"@id":"https:\/\/egidimadeinitaly.com\/fr\/produit\/art-moderne\/tableaux-modernes-fr\/demetrio-tabacco-oeuvre\/#breadcrumb"},"inLanguage":"fr-FR","potentialAction":[{"@type":"ReadAction","target":["https:\/\/egidimadeinitaly.com\/fr\/produit\/art-moderne\/tableaux-modernes-fr\/demetrio-tabacco-oeuvre\/"]}]},{"@type":"ImageObject","inLanguage":"fr-FR","@id":"https:\/\/egidimadeinitaly.com\/fr\/produit\/art-moderne\/tableaux-modernes-fr\/demetrio-tabacco-oeuvre\/#primaryimage","url":"https:\/\/egidimadeinitaly.com\/v25\/wp-content\/uploads\/2024\/06\/demetrio-tabacco_opera_nevicata_nella_campagna_vercellese.webp","contentUrl":"https:\/\/egidimadeinitaly.com\/v25\/wp-content\/uploads\/2024\/06\/demetrio-tabacco_opera_nevicata_nella_campagna_vercellese.webp","width":1984,"height":1984,"caption":"Demetrio Tabacco \u0153uvre sur papier"},{"@type":"BreadcrumbList","@id":"https:\/\/egidimadeinitaly.com\/fr\/produit\/art-moderne\/tableaux-modernes-fr\/demetrio-tabacco-oeuvre\/#breadcrumb","itemListElement":[{"@type":"ListItem","position":1,"name":"Home","item":"https:\/\/egidimadeinitaly.com\/fr\/"},{"@type":"ListItem","position":2,"name":"Produits","item":"https:\/\/egidimadeinitaly.com\/fr\/shop\/"},{"@type":"ListItem","position":3,"name":"Art moderne","item":"https:\/\/egidimadeinitaly.com\/fr\/product-category\/art-moderne\/"},{"@type":"ListItem","position":4,"name":"Tableaux modernes","item":"https:\/\/egidimadeinitaly.com\/fr\/product-category\/art-moderne\/tableaux-modernes-fr\/"},{"@type":"ListItem","position":5,"name":"Demetrio Tabacco \u0153uvre"}]},{"@type":"WebSite","@id":"https:\/\/egidimadeinitaly.com\/fr\/#website","url":"https:\/\/egidimadeinitaly.com\/fr\/","name":"Egidi MadeinItaly","description":"Fine Art","potentialAction":[{"@type":"SearchAction","target":{"@type":"EntryPoint","urlTemplate":"https:\/\/egidimadeinitaly.com\/fr\/?s={search_term_string}"},"query-input":{"@type":"PropertyValueSpecification","valueRequired":true,"valueName":"search_term_string"}}],"inLanguage":"fr-FR"}]}},"_links":{"self":[{"href":"https:\/\/egidimadeinitaly.com\/fr\/wp-json\/wp\/v2\/product\/118825","targetHints":{"allow":["GET"]}}],"collection":[{"href":"https:\/\/egidimadeinitaly.com\/fr\/wp-json\/wp\/v2\/product"}],"about":[{"href":"https:\/\/egidimadeinitaly.com\/fr\/wp-json\/wp\/v2\/types\/product"}],"wp:featuredmedia":[{"embeddable":true,"href":"https:\/\/egidimadeinitaly.com\/fr\/wp-json\/wp\/v2\/media\/118814"}],"wp:attachment":[{"href":"https:\/\/egidimadeinitaly.com\/fr\/wp-json\/wp\/v2\/media?parent=118825"}],"wp:term":[{"taxonomy":"product_brand","embeddable":true,"href":"https:\/\/egidimadeinitaly.com\/fr\/wp-json\/wp\/v2\/product_brand?post=118825"},{"taxonomy":"product_cat","embeddable":true,"href":"https:\/\/egidimadeinitaly.com\/fr\/wp-json\/wp\/v2\/product_cat?post=118825"},{"taxonomy":"product_tag","embeddable":true,"href":"https:\/\/egidimadeinitaly.com\/fr\/wp-json\/wp\/v2\/product_tag?post=118825"}],"curies":[{"name":"wp","href":"https:\/\/api.w.org\/{rel}","templated":true}]}}