{"id":118740,"date":"2024-06-10T19:20:42","date_gmt":"2024-06-10T18:20:42","guid":{"rendered":"https:\/\/egidimadeinitaly.com\/?post_type=product&#038;p=118740"},"modified":"2024-06-10T19:37:04","modified_gmt":"2024-06-10T18:37:04","slug":"mario-schifano-paysage-tv","status":"publish","type":"product","link":"https:\/\/egidimadeinitaly.com\/fr\/negozio\/art-moderne\/tableaux-modernes-fr\/mario-schifano-paysage-tv\/","title":{"rendered":"Mario Schifano Paysage TV"},"content":{"rendered":"<p>Cette oeuvre Paysage TV est r\u00e9pertori\u00e9e dans les Archives de l&rsquo;artiste sous le n. 06089240511. L&rsquo;oeuvre est vendue avec son certificat d&rsquo;authenticit\u00e9 d\u00e9livr\u00e9 par l&rsquo;Ayant-droit, madame Monica Schifano<\/p>\n","protected":false},"excerpt":{"rendered":"<p>Paysage TV de Mario Schifano (Homs 1934 &#8211; Rome 1998). \u00c9mail sur toile \u00e9mulsionn\u00e9e et perspex dans son cadre d&rsquo;origine en plexiglas. Sign\u00e9e au dos Schifano. Ex\u00e9cut\u00e9 dans la premi\u00e8re moiti\u00e9 des ann\u00e9es 1970.<\/p>\n<h1 class=\"w-70-lg-up mt-0 mb-1 h1-sm\" title=\"lot title\"><\/h1>\n","protected":false},"featured_media":118725,"template":"","meta":{"_acf_changed":false},"product_brand":[],"product_cat":[6377,6416],"product_tag":[6456,6447,2743],"class_list":{"0":"post-118740","1":"product","2":"type-product","3":"status-publish","4":"has-post-thumbnail","6":"product_cat-art-moderne","7":"product_cat-tableaux-modernes-fr","8":"product_tag-ecole-de-piazza-del-popolo","9":"product_tag-mario-schifano-fr","10":"product_tag-pop-art-fr","12":"first","13":"instock","14":"taxable","15":"shipping-taxable","16":"product-type-simple"},"acf":[],"yoast_head":"<!-- This site is optimized with the Yoast SEO Premium plugin v27.3 (Yoast SEO v27.4) - https:\/\/yoast.com\/product\/yoast-seo-premium-wordpress\/ -->\n<title>Mario Schifano Paysage TV - Egidi MadeinItaly<\/title>\n<meta name=\"description\" content=\"Mario Schifano Paysage TV \u00e9mail sur toile \u00e9mulsionn\u00e9e dans un coffret en plexiglas original sign\u00e9 au dos d\u00e9but des ann\u00e9es 1970 sur Egidi MadeinItaly\" \/>\n<meta name=\"robots\" content=\"index, follow, max-snippet:-1, max-image-preview:large, max-video-preview:-1\" \/>\n<link rel=\"canonical\" href=\"https:\/\/egidimadeinitaly.com\/fr\/produit\/art-moderne\/tableaux-modernes-fr\/mario-schifano-paysage-tv\/\" \/>\n<meta property=\"og:locale\" content=\"fr_FR\" \/>\n<meta property=\"og:type\" content=\"article\" \/>\n<meta property=\"og:title\" content=\"Mario Schifano Paysage TV\" \/>\n<meta property=\"og:description\" content=\"Paysage TV de Mario Schifano (Homs 1934 - Rome 1998). \u00c9mail sur toile \u00e9mulsionn\u00e9e et perspex dans son cadre d&#039;origine en plexiglas. Sign\u00e9e au dos Schifano. Ex\u00e9cut\u00e9 dans la premi\u00e8re moiti\u00e9 des ann\u00e9es 1970.\" \/>\n<meta property=\"og:url\" content=\"https:\/\/egidimadeinitaly.com\/fr\/produit\/art-moderne\/tableaux-modernes-fr\/mario-schifano-paysage-tv\/\" \/>\n<meta property=\"og:site_name\" content=\"Egidi MadeinItaly\" \/>\n<meta property=\"article:publisher\" content=\"https:\/\/www.facebook.com\/egidimadeinitaly\/\" \/>\n<meta property=\"article:modified_time\" content=\"2024-06-10T18:37:04+00:00\" \/>\n<meta property=\"og:image\" content=\"https:\/\/egidimadeinitaly.com\/wp-content\/uploads\/2024\/06\/mario-schifano-paesaggio-tv-e1718107866626.jpg\" \/>\n\t<meta property=\"og:image:width\" content=\"1984\" \/>\n\t<meta property=\"og:image:height\" content=\"1984\" \/>\n\t<meta property=\"og:image:type\" content=\"image\/jpeg\" \/>\n<script type=\"application\/ld+json\" class=\"yoast-schema-graph\">{\"@context\":\"https:\\\/\\\/schema.org\",\"@graph\":[{\"@type\":\"WebPage\",\"@id\":\"https:\\\/\\\/egidimadeinitaly.com\\\/fr\\\/negozio\\\/art-moderne\\\/tableaux-modernes-fr\\\/mario-schifano-paysage-tv\\\/\",\"url\":\"https:\\\/\\\/egidimadeinitaly.com\\\/fr\\\/produit\\\/art-moderne\\\/tableaux-modernes-fr\\\/mario-schifano-paysage-tv\\\/\",\"name\":\"Mario Schifano Paysage TV - Egidi MadeinItaly\",\"isPartOf\":{\"@id\":\"https:\\\/\\\/egidimadeinitaly.com\\\/fr\\\/#website\"},\"primaryImageOfPage\":{\"@id\":\"https:\\\/\\\/egidimadeinitaly.com\\\/fr\\\/produit\\\/art-moderne\\\/tableaux-modernes-fr\\\/mario-schifano-paysage-tv\\\/#primaryimage\"},\"image\":{\"@id\":\"https:\\\/\\\/egidimadeinitaly.com\\\/fr\\\/produit\\\/art-moderne\\\/tableaux-modernes-fr\\\/mario-schifano-paysage-tv\\\/#primaryimage\"},\"thumbnailUrl\":\"https:\\\/\\\/egidimadeinitaly.com\\\/v25\\\/wp-content\\\/uploads\\\/2024\\\/06\\\/mario-schifano-paesaggio-tv-e1718107866626.jpg\",\"datePublished\":\"2024-06-10T18:20:42+00:00\",\"dateModified\":\"2024-06-10T18:37:04+00:00\",\"description\":\"Mario Schifano Paysage TV \u00e9mail sur toile \u00e9mulsionn\u00e9e dans un coffret en plexiglas original sign\u00e9 au dos d\u00e9but des ann\u00e9es 1970 sur Egidi MadeinItaly\",\"breadcrumb\":{\"@id\":\"https:\\\/\\\/egidimadeinitaly.com\\\/fr\\\/produit\\\/art-moderne\\\/tableaux-modernes-fr\\\/mario-schifano-paysage-tv\\\/#breadcrumb\"},\"inLanguage\":\"fr-FR\",\"potentialAction\":[{\"@type\":\"ReadAction\",\"target\":[\"https:\\\/\\\/egidimadeinitaly.com\\\/fr\\\/produit\\\/art-moderne\\\/tableaux-modernes-fr\\\/mario-schifano-paysage-tv\\\/\"]}]},{\"@type\":\"ImageObject\",\"inLanguage\":\"fr-FR\",\"@id\":\"https:\\\/\\\/egidimadeinitaly.com\\\/fr\\\/produit\\\/art-moderne\\\/tableaux-modernes-fr\\\/mario-schifano-paysage-tv\\\/#primaryimage\",\"url\":\"https:\\\/\\\/egidimadeinitaly.com\\\/v25\\\/wp-content\\\/uploads\\\/2024\\\/06\\\/mario-schifano-paesaggio-tv-e1718107866626.jpg\",\"contentUrl\":\"https:\\\/\\\/egidimadeinitaly.com\\\/v25\\\/wp-content\\\/uploads\\\/2024\\\/06\\\/mario-schifano-paesaggio-tv-e1718107866626.jpg\",\"width\":1984,\"height\":1984,\"caption\":\"Mario Schifano Paysage TV\"},{\"@type\":\"BreadcrumbList\",\"@id\":\"https:\\\/\\\/egidimadeinitaly.com\\\/fr\\\/produit\\\/art-moderne\\\/tableaux-modernes-fr\\\/mario-schifano-paysage-tv\\\/#breadcrumb\",\"itemListElement\":[{\"@type\":\"ListItem\",\"position\":1,\"name\":\"Home\",\"item\":\"https:\\\/\\\/egidimadeinitaly.com\\\/fr\\\/\"},{\"@type\":\"ListItem\",\"position\":2,\"name\":\"Produits\",\"item\":\"https:\\\/\\\/egidimadeinitaly.com\\\/fr\\\/shop\\\/\"},{\"@type\":\"ListItem\",\"position\":3,\"name\":\"Art moderne\",\"item\":\"https:\\\/\\\/egidimadeinitaly.com\\\/fr\\\/product-category\\\/art-moderne\\\/\"},{\"@type\":\"ListItem\",\"position\":4,\"name\":\"Tableaux modernes\",\"item\":\"https:\\\/\\\/egidimadeinitaly.com\\\/fr\\\/product-category\\\/art-moderne\\\/tableaux-modernes-fr\\\/\"},{\"@type\":\"ListItem\",\"position\":5,\"name\":\"Mario Schifano Paysage TV\"}]},{\"@type\":\"WebSite\",\"@id\":\"https:\\\/\\\/egidimadeinitaly.com\\\/fr\\\/#website\",\"url\":\"https:\\\/\\\/egidimadeinitaly.com\\\/fr\\\/\",\"name\":\"Egidi MadeinItaly\",\"description\":\"Fine Art\",\"potentialAction\":[{\"@type\":\"SearchAction\",\"target\":{\"@type\":\"EntryPoint\",\"urlTemplate\":\"https:\\\/\\\/egidimadeinitaly.com\\\/fr\\\/?s={search_term_string}\"},\"query-input\":{\"@type\":\"PropertyValueSpecification\",\"valueRequired\":true,\"valueName\":\"search_term_string\"}}],\"inLanguage\":\"fr-FR\"}]}<\/script>\n<!-- \/ Yoast SEO Premium plugin. -->","yoast_head_json":{"title":"Mario Schifano Paysage TV - Egidi MadeinItaly","description":"Mario Schifano Paysage TV \u00e9mail sur toile \u00e9mulsionn\u00e9e dans un coffret en plexiglas original sign\u00e9 au dos d\u00e9but des ann\u00e9es 1970 sur Egidi MadeinItaly","robots":{"index":"index","follow":"follow","max-snippet":"max-snippet:-1","max-image-preview":"max-image-preview:large","max-video-preview":"max-video-preview:-1"},"canonical":"https:\/\/egidimadeinitaly.com\/fr\/produit\/art-moderne\/tableaux-modernes-fr\/mario-schifano-paysage-tv\/","og_locale":"fr_FR","og_type":"article","og_title":"Mario Schifano Paysage TV","og_description":"Paysage TV de Mario Schifano (Homs 1934 - Rome 1998). \u00c9mail sur toile \u00e9mulsionn\u00e9e et perspex dans son cadre d'origine en plexiglas. Sign\u00e9e au dos Schifano. Ex\u00e9cut\u00e9 dans la premi\u00e8re moiti\u00e9 des ann\u00e9es 1970.","og_url":"https:\/\/egidimadeinitaly.com\/fr\/produit\/art-moderne\/tableaux-modernes-fr\/mario-schifano-paysage-tv\/","og_site_name":"Egidi MadeinItaly","article_publisher":"https:\/\/www.facebook.com\/egidimadeinitaly\/","article_modified_time":"2024-06-10T18:37:04+00:00","og_image":[{"width":1984,"height":1984,"url":"https:\/\/egidimadeinitaly.com\/wp-content\/uploads\/2024\/06\/mario-schifano-paesaggio-tv-e1718107866626.jpg","type":"image\/jpeg"}],"schema":{"@context":"https:\/\/schema.org","@graph":[{"@type":"WebPage","@id":"https:\/\/egidimadeinitaly.com\/fr\/negozio\/art-moderne\/tableaux-modernes-fr\/mario-schifano-paysage-tv\/","url":"https:\/\/egidimadeinitaly.com\/fr\/produit\/art-moderne\/tableaux-modernes-fr\/mario-schifano-paysage-tv\/","name":"Mario Schifano Paysage TV - Egidi MadeinItaly","isPartOf":{"@id":"https:\/\/egidimadeinitaly.com\/fr\/#website"},"primaryImageOfPage":{"@id":"https:\/\/egidimadeinitaly.com\/fr\/produit\/art-moderne\/tableaux-modernes-fr\/mario-schifano-paysage-tv\/#primaryimage"},"image":{"@id":"https:\/\/egidimadeinitaly.com\/fr\/produit\/art-moderne\/tableaux-modernes-fr\/mario-schifano-paysage-tv\/#primaryimage"},"thumbnailUrl":"https:\/\/egidimadeinitaly.com\/v25\/wp-content\/uploads\/2024\/06\/mario-schifano-paesaggio-tv-e1718107866626.jpg","datePublished":"2024-06-10T18:20:42+00:00","dateModified":"2024-06-10T18:37:04+00:00","description":"Mario Schifano Paysage TV \u00e9mail sur toile \u00e9mulsionn\u00e9e dans un coffret en plexiglas original sign\u00e9 au dos d\u00e9but des ann\u00e9es 1970 sur Egidi MadeinItaly","breadcrumb":{"@id":"https:\/\/egidimadeinitaly.com\/fr\/produit\/art-moderne\/tableaux-modernes-fr\/mario-schifano-paysage-tv\/#breadcrumb"},"inLanguage":"fr-FR","potentialAction":[{"@type":"ReadAction","target":["https:\/\/egidimadeinitaly.com\/fr\/produit\/art-moderne\/tableaux-modernes-fr\/mario-schifano-paysage-tv\/"]}]},{"@type":"ImageObject","inLanguage":"fr-FR","@id":"https:\/\/egidimadeinitaly.com\/fr\/produit\/art-moderne\/tableaux-modernes-fr\/mario-schifano-paysage-tv\/#primaryimage","url":"https:\/\/egidimadeinitaly.com\/v25\/wp-content\/uploads\/2024\/06\/mario-schifano-paesaggio-tv-e1718107866626.jpg","contentUrl":"https:\/\/egidimadeinitaly.com\/v25\/wp-content\/uploads\/2024\/06\/mario-schifano-paesaggio-tv-e1718107866626.jpg","width":1984,"height":1984,"caption":"Mario Schifano Paysage TV"},{"@type":"BreadcrumbList","@id":"https:\/\/egidimadeinitaly.com\/fr\/produit\/art-moderne\/tableaux-modernes-fr\/mario-schifano-paysage-tv\/#breadcrumb","itemListElement":[{"@type":"ListItem","position":1,"name":"Home","item":"https:\/\/egidimadeinitaly.com\/fr\/"},{"@type":"ListItem","position":2,"name":"Produits","item":"https:\/\/egidimadeinitaly.com\/fr\/shop\/"},{"@type":"ListItem","position":3,"name":"Art moderne","item":"https:\/\/egidimadeinitaly.com\/fr\/product-category\/art-moderne\/"},{"@type":"ListItem","position":4,"name":"Tableaux modernes","item":"https:\/\/egidimadeinitaly.com\/fr\/product-category\/art-moderne\/tableaux-modernes-fr\/"},{"@type":"ListItem","position":5,"name":"Mario Schifano Paysage TV"}]},{"@type":"WebSite","@id":"https:\/\/egidimadeinitaly.com\/fr\/#website","url":"https:\/\/egidimadeinitaly.com\/fr\/","name":"Egidi MadeinItaly","description":"Fine Art","potentialAction":[{"@type":"SearchAction","target":{"@type":"EntryPoint","urlTemplate":"https:\/\/egidimadeinitaly.com\/fr\/?s={search_term_string}"},"query-input":{"@type":"PropertyValueSpecification","valueRequired":true,"valueName":"search_term_string"}}],"inLanguage":"fr-FR"}]}},"_links":{"self":[{"href":"https:\/\/egidimadeinitaly.com\/fr\/wp-json\/wp\/v2\/product\/118740","targetHints":{"allow":["GET"]}}],"collection":[{"href":"https:\/\/egidimadeinitaly.com\/fr\/wp-json\/wp\/v2\/product"}],"about":[{"href":"https:\/\/egidimadeinitaly.com\/fr\/wp-json\/wp\/v2\/types\/product"}],"wp:featuredmedia":[{"embeddable":true,"href":"https:\/\/egidimadeinitaly.com\/fr\/wp-json\/wp\/v2\/media\/118725"}],"wp:attachment":[{"href":"https:\/\/egidimadeinitaly.com\/fr\/wp-json\/wp\/v2\/media?parent=118740"}],"wp:term":[{"taxonomy":"product_brand","embeddable":true,"href":"https:\/\/egidimadeinitaly.com\/fr\/wp-json\/wp\/v2\/product_brand?post=118740"},{"taxonomy":"product_cat","embeddable":true,"href":"https:\/\/egidimadeinitaly.com\/fr\/wp-json\/wp\/v2\/product_cat?post=118740"},{"taxonomy":"product_tag","embeddable":true,"href":"https:\/\/egidimadeinitaly.com\/fr\/wp-json\/wp\/v2\/product_tag?post=118740"}],"curies":[{"name":"wp","href":"https:\/\/api.w.org\/{rel}","templated":true}]}}