{"id":118581,"date":"2024-05-24T08:28:18","date_gmt":"2024-05-24T07:28:18","guid":{"rendered":"https:\/\/egidimadeinitaly.com\/?post_type=product&#038;p=118581"},"modified":"2024-05-24T08:37:37","modified_gmt":"2024-05-24T07:37:37","slug":"smeraldo-di-giovanni-tempera-sur-bois","status":"publish","type":"product","link":"https:\/\/egidimadeinitaly.com\/fr\/negozio\/art-ancien\/tableaux-anciens-fr\/smeraldo-di-giovanni-tempera-sur-bois\/","title":{"rendered":"Smeraldo di Giovanni Tempera sur bois"},"content":{"rendered":"<p>Cette belle et importante peinture repr\u00e9sente au mieux l&rsquo;<strong>\u00e9cole toscane de la Renaissance<\/strong>, \u00e0 commencer par les saints repr\u00e9sent\u00e9s, les saints patrons de Florence.<\/p>\n<p>L&rsquo;atmosph\u00e8re color\u00e9e, le fond d&rsquo;or et les robes, sobres et somptueuses \u00e0 la fois, repr\u00e9sentent le mieux le temp\u00e9rament gothique international.<\/p>\n<p>Attribu\u00e9e par le <strong>professeur Strinati<\/strong> \u00e0 <strong>Smeraldo di Giovanni<\/strong> (1365 &#8211; 1444), actif \u00e0 Florence au XVe si\u00e8cle.<\/p>\n<p>Les fresques des Cappelli degli Scali dans l&rsquo;\u00e9glise de Santa Trinit\u00e0 \u00e0 Florence sont dues \u00e0 cet artiste, en collaboration avec Giovanni dal Ponte.<\/p>\n<p>Fiche technique pr\u00e9par\u00e9e par le professeur Strinati disponible sur demande.<\/p>\n","protected":false},"excerpt":{"rendered":"<p><strong>Vierge \u00e0 la rose avec l&rsquo;enfant tr\u00f4nant entre les saints Jean-Baptiste et Laurent<\/strong>. Tempera et huile sur panneau de parquet. P\u00e9riode XVe si\u00e8cle, attribu\u00e9e par le professeur Strinati \u00e0 <strong>Smeraldo di Giovanni<\/strong> (1365-1444).<\/p>\n<p>&nbsp;<\/p>\n","protected":false},"featured_media":118577,"template":"","meta":{"_acf_changed":false},"product_brand":[],"product_cat":[6374,6408],"product_tag":[],"class_list":{"0":"post-118581","1":"product","2":"type-product","3":"status-publish","4":"has-post-thumbnail","6":"product_cat-art-ancien","7":"product_cat-tableaux-anciens-fr","9":"first","10":"instock","11":"taxable","12":"shipping-taxable","13":"product-type-simple"},"acf":[],"yoast_head":"<!-- This site is optimized with the Yoast SEO Premium plugin v27.3 (Yoast SEO v27.4) - https:\/\/yoast.com\/product\/yoast-seo-premium-wordpress\/ -->\n<title>Smeraldo di Giovanni Tempera sur bois - Egidi MadeinItaly<\/title>\n<meta name=\"description\" content=\"Smeraldo di Giovanni tempera sur bois Madone \u00e0 la rose avec l&#039;enfant tr\u00f4nant entre les saints Jean-Baptiste et Laurent 15e si\u00e8cle sur Egidi MadeinItaly\" \/>\n<meta name=\"robots\" content=\"index, follow, max-snippet:-1, max-image-preview:large, max-video-preview:-1\" \/>\n<link rel=\"canonical\" href=\"https:\/\/egidimadeinitaly.com\/fr\/produit\/art-ancien\/tableaux-anciens-fr\/smeraldo-di-giovanni-tempera-sur-bois\/\" \/>\n<meta property=\"og:locale\" content=\"fr_FR\" \/>\n<meta property=\"og:type\" content=\"article\" \/>\n<meta property=\"og:title\" content=\"Smeraldo di Giovanni Tempera sur bois\" \/>\n<meta property=\"og:description\" content=\"Vierge \u00e0 la rose avec l&#039;enfant tr\u00f4nant entre les saints Jean-Baptiste et Laurent. Tempera et huile sur panneau de parquet. P\u00e9riode XVe si\u00e8cle, attribu\u00e9e par le professeur Strinati \u00e0 Smeraldo di Giovanni (1365-1444).  &nbsp;\" \/>\n<meta property=\"og:url\" content=\"https:\/\/egidimadeinitaly.com\/fr\/produit\/art-ancien\/tableaux-anciens-fr\/smeraldo-di-giovanni-tempera-sur-bois\/\" \/>\n<meta property=\"og:site_name\" content=\"Egidi MadeinItaly\" \/>\n<meta property=\"article:publisher\" content=\"https:\/\/www.facebook.com\/egidimadeinitaly\/\" \/>\n<meta property=\"article:modified_time\" content=\"2024-05-24T07:37:37+00:00\" \/>\n<meta property=\"og:image\" content=\"https:\/\/egidimadeinitaly.com\/v25\/wp-content\/uploads\/2024\/05\/Madonna-della-Rosa-su-tavola_risultato.webp\" \/>\n\t<meta property=\"og:image:width\" content=\"1984\" \/>\n\t<meta property=\"og:image:height\" content=\"1984\" \/>\n\t<meta property=\"og:image:type\" content=\"image\/webp\" \/>\n<script type=\"application\/ld+json\" class=\"yoast-schema-graph\">{\"@context\":\"https:\\\/\\\/schema.org\",\"@graph\":[{\"@type\":\"WebPage\",\"@id\":\"https:\\\/\\\/egidimadeinitaly.com\\\/fr\\\/negozio\\\/art-ancien\\\/tableaux-anciens-fr\\\/smeraldo-di-giovanni-tempera-sur-bois\\\/\",\"url\":\"https:\\\/\\\/egidimadeinitaly.com\\\/fr\\\/produit\\\/art-ancien\\\/tableaux-anciens-fr\\\/smeraldo-di-giovanni-tempera-sur-bois\\\/\",\"name\":\"Smeraldo di Giovanni Tempera sur bois - Egidi MadeinItaly\",\"isPartOf\":{\"@id\":\"https:\\\/\\\/egidimadeinitaly.com\\\/fr\\\/#website\"},\"primaryImageOfPage\":{\"@id\":\"https:\\\/\\\/egidimadeinitaly.com\\\/fr\\\/produit\\\/art-ancien\\\/tableaux-anciens-fr\\\/smeraldo-di-giovanni-tempera-sur-bois\\\/#primaryimage\"},\"image\":{\"@id\":\"https:\\\/\\\/egidimadeinitaly.com\\\/fr\\\/produit\\\/art-ancien\\\/tableaux-anciens-fr\\\/smeraldo-di-giovanni-tempera-sur-bois\\\/#primaryimage\"},\"thumbnailUrl\":\"https:\\\/\\\/egidimadeinitaly.com\\\/v25\\\/wp-content\\\/uploads\\\/2024\\\/05\\\/Madonna-della-Rosa-su-tavola_risultato.webp\",\"datePublished\":\"2024-05-24T07:28:18+00:00\",\"dateModified\":\"2024-05-24T07:37:37+00:00\",\"description\":\"Smeraldo di Giovanni tempera sur bois Madone \u00e0 la rose avec l'enfant tr\u00f4nant entre les saints Jean-Baptiste et Laurent 15e si\u00e8cle sur Egidi MadeinItaly\",\"breadcrumb\":{\"@id\":\"https:\\\/\\\/egidimadeinitaly.com\\\/fr\\\/produit\\\/art-ancien\\\/tableaux-anciens-fr\\\/smeraldo-di-giovanni-tempera-sur-bois\\\/#breadcrumb\"},\"inLanguage\":\"fr-FR\",\"potentialAction\":[{\"@type\":\"ReadAction\",\"target\":[\"https:\\\/\\\/egidimadeinitaly.com\\\/fr\\\/produit\\\/art-ancien\\\/tableaux-anciens-fr\\\/smeraldo-di-giovanni-tempera-sur-bois\\\/\"]}]},{\"@type\":\"ImageObject\",\"inLanguage\":\"fr-FR\",\"@id\":\"https:\\\/\\\/egidimadeinitaly.com\\\/fr\\\/produit\\\/art-ancien\\\/tableaux-anciens-fr\\\/smeraldo-di-giovanni-tempera-sur-bois\\\/#primaryimage\",\"url\":\"https:\\\/\\\/egidimadeinitaly.com\\\/v25\\\/wp-content\\\/uploads\\\/2024\\\/05\\\/Madonna-della-Rosa-su-tavola_risultato.webp\",\"contentUrl\":\"https:\\\/\\\/egidimadeinitaly.com\\\/v25\\\/wp-content\\\/uploads\\\/2024\\\/05\\\/Madonna-della-Rosa-su-tavola_risultato.webp\",\"width\":1984,\"height\":1984,\"caption\":\"Smeraldo di Giovanni Tempera sur bois\"},{\"@type\":\"BreadcrumbList\",\"@id\":\"https:\\\/\\\/egidimadeinitaly.com\\\/fr\\\/produit\\\/art-ancien\\\/tableaux-anciens-fr\\\/smeraldo-di-giovanni-tempera-sur-bois\\\/#breadcrumb\",\"itemListElement\":[{\"@type\":\"ListItem\",\"position\":1,\"name\":\"Home\",\"item\":\"https:\\\/\\\/egidimadeinitaly.com\\\/fr\\\/\"},{\"@type\":\"ListItem\",\"position\":2,\"name\":\"Produits\",\"item\":\"https:\\\/\\\/egidimadeinitaly.com\\\/fr\\\/shop\\\/\"},{\"@type\":\"ListItem\",\"position\":3,\"name\":\"Art ancien\",\"item\":\"https:\\\/\\\/egidimadeinitaly.com\\\/fr\\\/product-category\\\/art-ancien\\\/\"},{\"@type\":\"ListItem\",\"position\":4,\"name\":\"Tableaux anciens\",\"item\":\"https:\\\/\\\/egidimadeinitaly.com\\\/fr\\\/product-category\\\/art-ancien\\\/tableaux-anciens-fr\\\/\"},{\"@type\":\"ListItem\",\"position\":5,\"name\":\"Smeraldo di Giovanni Tempera sur bois\"}]},{\"@type\":\"WebSite\",\"@id\":\"https:\\\/\\\/egidimadeinitaly.com\\\/fr\\\/#website\",\"url\":\"https:\\\/\\\/egidimadeinitaly.com\\\/fr\\\/\",\"name\":\"Egidi MadeinItaly\",\"description\":\"Fine Art\",\"potentialAction\":[{\"@type\":\"SearchAction\",\"target\":{\"@type\":\"EntryPoint\",\"urlTemplate\":\"https:\\\/\\\/egidimadeinitaly.com\\\/fr\\\/?s={search_term_string}\"},\"query-input\":{\"@type\":\"PropertyValueSpecification\",\"valueRequired\":true,\"valueName\":\"search_term_string\"}}],\"inLanguage\":\"fr-FR\"}]}<\/script>\n<!-- \/ Yoast SEO Premium plugin. -->","yoast_head_json":{"title":"Smeraldo di Giovanni Tempera sur bois - Egidi MadeinItaly","description":"Smeraldo di Giovanni tempera sur bois Madone \u00e0 la rose avec l'enfant tr\u00f4nant entre les saints Jean-Baptiste et Laurent 15e si\u00e8cle sur Egidi MadeinItaly","robots":{"index":"index","follow":"follow","max-snippet":"max-snippet:-1","max-image-preview":"max-image-preview:large","max-video-preview":"max-video-preview:-1"},"canonical":"https:\/\/egidimadeinitaly.com\/fr\/produit\/art-ancien\/tableaux-anciens-fr\/smeraldo-di-giovanni-tempera-sur-bois\/","og_locale":"fr_FR","og_type":"article","og_title":"Smeraldo di Giovanni Tempera sur bois","og_description":"Vierge \u00e0 la rose avec l'enfant tr\u00f4nant entre les saints Jean-Baptiste et Laurent. Tempera et huile sur panneau de parquet. P\u00e9riode XVe si\u00e8cle, attribu\u00e9e par le professeur Strinati \u00e0 Smeraldo di Giovanni (1365-1444).  &nbsp;","og_url":"https:\/\/egidimadeinitaly.com\/fr\/produit\/art-ancien\/tableaux-anciens-fr\/smeraldo-di-giovanni-tempera-sur-bois\/","og_site_name":"Egidi MadeinItaly","article_publisher":"https:\/\/www.facebook.com\/egidimadeinitaly\/","article_modified_time":"2024-05-24T07:37:37+00:00","og_image":[{"width":1984,"height":1984,"url":"https:\/\/egidimadeinitaly.com\/v25\/wp-content\/uploads\/2024\/05\/Madonna-della-Rosa-su-tavola_risultato.webp","type":"image\/webp"}],"schema":{"@context":"https:\/\/schema.org","@graph":[{"@type":"WebPage","@id":"https:\/\/egidimadeinitaly.com\/fr\/negozio\/art-ancien\/tableaux-anciens-fr\/smeraldo-di-giovanni-tempera-sur-bois\/","url":"https:\/\/egidimadeinitaly.com\/fr\/produit\/art-ancien\/tableaux-anciens-fr\/smeraldo-di-giovanni-tempera-sur-bois\/","name":"Smeraldo di Giovanni Tempera sur bois - Egidi MadeinItaly","isPartOf":{"@id":"https:\/\/egidimadeinitaly.com\/fr\/#website"},"primaryImageOfPage":{"@id":"https:\/\/egidimadeinitaly.com\/fr\/produit\/art-ancien\/tableaux-anciens-fr\/smeraldo-di-giovanni-tempera-sur-bois\/#primaryimage"},"image":{"@id":"https:\/\/egidimadeinitaly.com\/fr\/produit\/art-ancien\/tableaux-anciens-fr\/smeraldo-di-giovanni-tempera-sur-bois\/#primaryimage"},"thumbnailUrl":"https:\/\/egidimadeinitaly.com\/v25\/wp-content\/uploads\/2024\/05\/Madonna-della-Rosa-su-tavola_risultato.webp","datePublished":"2024-05-24T07:28:18+00:00","dateModified":"2024-05-24T07:37:37+00:00","description":"Smeraldo di Giovanni tempera sur bois Madone \u00e0 la rose avec l'enfant tr\u00f4nant entre les saints Jean-Baptiste et Laurent 15e si\u00e8cle sur Egidi MadeinItaly","breadcrumb":{"@id":"https:\/\/egidimadeinitaly.com\/fr\/produit\/art-ancien\/tableaux-anciens-fr\/smeraldo-di-giovanni-tempera-sur-bois\/#breadcrumb"},"inLanguage":"fr-FR","potentialAction":[{"@type":"ReadAction","target":["https:\/\/egidimadeinitaly.com\/fr\/produit\/art-ancien\/tableaux-anciens-fr\/smeraldo-di-giovanni-tempera-sur-bois\/"]}]},{"@type":"ImageObject","inLanguage":"fr-FR","@id":"https:\/\/egidimadeinitaly.com\/fr\/produit\/art-ancien\/tableaux-anciens-fr\/smeraldo-di-giovanni-tempera-sur-bois\/#primaryimage","url":"https:\/\/egidimadeinitaly.com\/v25\/wp-content\/uploads\/2024\/05\/Madonna-della-Rosa-su-tavola_risultato.webp","contentUrl":"https:\/\/egidimadeinitaly.com\/v25\/wp-content\/uploads\/2024\/05\/Madonna-della-Rosa-su-tavola_risultato.webp","width":1984,"height":1984,"caption":"Smeraldo di Giovanni Tempera sur bois"},{"@type":"BreadcrumbList","@id":"https:\/\/egidimadeinitaly.com\/fr\/produit\/art-ancien\/tableaux-anciens-fr\/smeraldo-di-giovanni-tempera-sur-bois\/#breadcrumb","itemListElement":[{"@type":"ListItem","position":1,"name":"Home","item":"https:\/\/egidimadeinitaly.com\/fr\/"},{"@type":"ListItem","position":2,"name":"Produits","item":"https:\/\/egidimadeinitaly.com\/fr\/shop\/"},{"@type":"ListItem","position":3,"name":"Art ancien","item":"https:\/\/egidimadeinitaly.com\/fr\/product-category\/art-ancien\/"},{"@type":"ListItem","position":4,"name":"Tableaux anciens","item":"https:\/\/egidimadeinitaly.com\/fr\/product-category\/art-ancien\/tableaux-anciens-fr\/"},{"@type":"ListItem","position":5,"name":"Smeraldo di Giovanni Tempera sur bois"}]},{"@type":"WebSite","@id":"https:\/\/egidimadeinitaly.com\/fr\/#website","url":"https:\/\/egidimadeinitaly.com\/fr\/","name":"Egidi MadeinItaly","description":"Fine Art","potentialAction":[{"@type":"SearchAction","target":{"@type":"EntryPoint","urlTemplate":"https:\/\/egidimadeinitaly.com\/fr\/?s={search_term_string}"},"query-input":{"@type":"PropertyValueSpecification","valueRequired":true,"valueName":"search_term_string"}}],"inLanguage":"fr-FR"}]}},"_links":{"self":[{"href":"https:\/\/egidimadeinitaly.com\/fr\/wp-json\/wp\/v2\/product\/118581","targetHints":{"allow":["GET"]}}],"collection":[{"href":"https:\/\/egidimadeinitaly.com\/fr\/wp-json\/wp\/v2\/product"}],"about":[{"href":"https:\/\/egidimadeinitaly.com\/fr\/wp-json\/wp\/v2\/types\/product"}],"wp:featuredmedia":[{"embeddable":true,"href":"https:\/\/egidimadeinitaly.com\/fr\/wp-json\/wp\/v2\/media\/118577"}],"wp:attachment":[{"href":"https:\/\/egidimadeinitaly.com\/fr\/wp-json\/wp\/v2\/media?parent=118581"}],"wp:term":[{"taxonomy":"product_brand","embeddable":true,"href":"https:\/\/egidimadeinitaly.com\/fr\/wp-json\/wp\/v2\/product_brand?post=118581"},{"taxonomy":"product_cat","embeddable":true,"href":"https:\/\/egidimadeinitaly.com\/fr\/wp-json\/wp\/v2\/product_cat?post=118581"},{"taxonomy":"product_tag","embeddable":true,"href":"https:\/\/egidimadeinitaly.com\/fr\/wp-json\/wp\/v2\/product_tag?post=118581"}],"curies":[{"name":"wp","href":"https:\/\/api.w.org\/{rel}","templated":true}]}}