{"id":118494,"date":"2024-05-27T15:10:54","date_gmt":"2024-05-27T14:10:54","guid":{"rendered":"https:\/\/egidimadeinitaly.com\/?post_type=product&#038;p=118494"},"modified":"2024-10-16T18:05:55","modified_gmt":"2024-10-16T17:05:55","slug":"paire-de-tabourets-en-bois-dore","status":"publish","type":"product","link":"https:\/\/egidimadeinitaly.com\/fr\/negozio\/objets-dart\/objets-dart-anciens-fr\/paire-de-tabourets-en-bois-dore\/","title":{"rendered":"Paire de tabourets en bois dor\u00e9"},"content":{"rendered":"<p><span style=\"font-weight: 400;\">Le dessus finement rembourr\u00e9 repose sur des pieds en cabriole \u00e9l\u00e9gamment tourn\u00e9s.<\/span><\/p>\n<p><span style=\"font-weight: 400;\">Cette \u00e9l\u00e9gante paire de tabourets en bois dor\u00e9 a conserv\u00e9 sa patine d\u2019origine<\/span><\/p>\n","protected":false},"excerpt":{"rendered":"<p><span style=\"font-weight: 400;\">Superbe <strong>paire de tabourets en bois sculpt\u00e9 et dor\u00e9<\/strong>\u00a0\u00e0 l&rsquo;or fin. <\/span><span style=\"font-weight: 400;\">R\u00e9alis\u00e9s dans le plus pur style Louis XV, il s&rsquo;agit vraisemblablement d&rsquo;une <strong>cr\u00e9ation de la Maison Jansen<\/strong>. <\/span><span style=\"font-weight: 400;\">Magnifiquement sculpt\u00e9s, avec une finition identique sur les quatre c\u00f4t\u00e9s, ils doivent leur qualit\u00e9 et leur beaut\u00e9 \u00e0 la tr\u00e8s c\u00e9l\u00e8bre Maison fran\u00e7aise. <\/span><span style=\"font-weight: 400;\">Ils sont recouverts d&rsquo;un tissu damass\u00e9 de grande qualit\u00e9 encore en parfait \u00e9tat.<\/span><\/p>\n<p>&nbsp;<\/p>\n","protected":false},"featured_media":118628,"template":"","meta":{"_acf_changed":false},"product_brand":[],"product_cat":[6406,6492],"product_tag":[],"class_list":{"0":"post-118494","1":"product","2":"type-product","3":"status-publish","4":"has-post-thumbnail","6":"product_cat-objets-dart-anciens-fr","7":"product_cat-objets-dart","9":"first","10":"outofstock","11":"taxable","12":"shipping-taxable","13":"product-type-simple"},"acf":[],"yoast_head":"<!-- This site is optimized with the Yoast SEO Premium plugin v27.3 (Yoast SEO v27.4) - https:\/\/yoast.com\/product\/yoast-seo-premium-wordpress\/ -->\n<title>Paire de tabourets en bois dor\u00e9 - Egidi MadeinItaly<\/title>\n<meta name=\"description\" content=\"Paire de tabourets en bois sculpt\u00e9 et dor\u00e9 dans le plus pur style Louis XV fran\u00e7ais, probablement Maison Jansen. En vente sur Egidi MadeinItaly\" \/>\n<meta name=\"robots\" content=\"index, follow, max-snippet:-1, max-image-preview:large, max-video-preview:-1\" \/>\n<link rel=\"canonical\" href=\"https:\/\/egidimadeinitaly.com\/fr\/produit\/art-ancien\/objets-dart-anciens-fr\/paire-de-tabourets-en-bois-dore\/\" \/>\n<meta property=\"og:locale\" content=\"fr_FR\" \/>\n<meta property=\"og:type\" content=\"article\" \/>\n<meta property=\"og:title\" content=\"Paire de tabourets en bois dor\u00e9\" \/>\n<meta property=\"og:description\" content=\"Superbe paire de tabourets en bois sculpt\u00e9 et dor\u00e9\u00a0\u00e0 l&#039;or fin. R\u00e9alis\u00e9s dans le plus pur style Louis XV, il s&#039;agit vraisemblablement d&#039;une cr\u00e9ation de la Maison Jansen. Magnifiquement sculpt\u00e9s, avec une finition identique sur les quatre c\u00f4t\u00e9s, ils doivent leur qualit\u00e9 et leur beaut\u00e9 \u00e0 la tr\u00e8s c\u00e9l\u00e8bre Maison fran\u00e7aise. Ils sont recouverts d&#039;un tissu damass\u00e9 de grande qualit\u00e9 encore en parfait \u00e9tat.  &nbsp;\" \/>\n<meta property=\"og:url\" content=\"https:\/\/egidimadeinitaly.com\/fr\/produit\/art-ancien\/objets-dart-anciens-fr\/paire-de-tabourets-en-bois-dore\/\" \/>\n<meta property=\"og:site_name\" content=\"Egidi MadeinItaly\" \/>\n<meta property=\"article:publisher\" content=\"https:\/\/www.facebook.com\/egidimadeinitaly\/\" \/>\n<meta property=\"article:modified_time\" content=\"2024-10-16T17:05:55+00:00\" \/>\n<meta property=\"og:image\" content=\"https:\/\/egidimadeinitaly.com\/wp-content\/uploads\/2024\/05\/coppia-sgabelli-maison-jansen-1.jpg\" \/>\n\t<meta property=\"og:image:width\" content=\"1984\" \/>\n\t<meta property=\"og:image:height\" content=\"1984\" \/>\n\t<meta property=\"og:image:type\" content=\"image\/jpeg\" \/>\n<script type=\"application\/ld+json\" class=\"yoast-schema-graph\">{\"@context\":\"https:\\\/\\\/schema.org\",\"@graph\":[{\"@type\":\"WebPage\",\"@id\":\"https:\\\/\\\/egidimadeinitaly.com\\\/fr\\\/negozio\\\/objets-dart\\\/objets-dart-anciens-fr\\\/paire-de-tabourets-en-bois-dore\\\/\",\"url\":\"https:\\\/\\\/egidimadeinitaly.com\\\/fr\\\/produit\\\/art-ancien\\\/objets-dart-anciens-fr\\\/paire-de-tabourets-en-bois-dore\\\/\",\"name\":\"Paire de tabourets en bois dor\u00e9 - Egidi MadeinItaly\",\"isPartOf\":{\"@id\":\"https:\\\/\\\/egidimadeinitaly.com\\\/fr\\\/#website\"},\"primaryImageOfPage\":{\"@id\":\"https:\\\/\\\/egidimadeinitaly.com\\\/fr\\\/produit\\\/art-ancien\\\/objets-dart-anciens-fr\\\/paire-de-tabourets-en-bois-dore\\\/#primaryimage\"},\"image\":{\"@id\":\"https:\\\/\\\/egidimadeinitaly.com\\\/fr\\\/produit\\\/art-ancien\\\/objets-dart-anciens-fr\\\/paire-de-tabourets-en-bois-dore\\\/#primaryimage\"},\"thumbnailUrl\":\"https:\\\/\\\/egidimadeinitaly.com\\\/v25\\\/wp-content\\\/uploads\\\/2024\\\/05\\\/coppia-sgabelli-maison-jansen-1.jpg\",\"datePublished\":\"2024-05-27T14:10:54+00:00\",\"dateModified\":\"2024-10-16T17:05:55+00:00\",\"description\":\"Paire de tabourets en bois sculpt\u00e9 et dor\u00e9 dans le plus pur style Louis XV fran\u00e7ais, probablement Maison Jansen. En vente sur Egidi MadeinItaly\",\"breadcrumb\":{\"@id\":\"https:\\\/\\\/egidimadeinitaly.com\\\/fr\\\/produit\\\/art-ancien\\\/objets-dart-anciens-fr\\\/paire-de-tabourets-en-bois-dore\\\/#breadcrumb\"},\"inLanguage\":\"fr-FR\",\"potentialAction\":[{\"@type\":\"ReadAction\",\"target\":[\"https:\\\/\\\/egidimadeinitaly.com\\\/fr\\\/produit\\\/art-ancien\\\/objets-dart-anciens-fr\\\/paire-de-tabourets-en-bois-dore\\\/\"]}]},{\"@type\":\"ImageObject\",\"inLanguage\":\"fr-FR\",\"@id\":\"https:\\\/\\\/egidimadeinitaly.com\\\/fr\\\/produit\\\/art-ancien\\\/objets-dart-anciens-fr\\\/paire-de-tabourets-en-bois-dore\\\/#primaryimage\",\"url\":\"https:\\\/\\\/egidimadeinitaly.com\\\/v25\\\/wp-content\\\/uploads\\\/2024\\\/05\\\/coppia-sgabelli-maison-jansen-1.jpg\",\"contentUrl\":\"https:\\\/\\\/egidimadeinitaly.com\\\/v25\\\/wp-content\\\/uploads\\\/2024\\\/05\\\/coppia-sgabelli-maison-jansen-1.jpg\",\"width\":1984,\"height\":1984,\"caption\":\"Maison Jansen Paire de tabourets en bois dor\u00e9\"},{\"@type\":\"BreadcrumbList\",\"@id\":\"https:\\\/\\\/egidimadeinitaly.com\\\/fr\\\/produit\\\/art-ancien\\\/objets-dart-anciens-fr\\\/paire-de-tabourets-en-bois-dore\\\/#breadcrumb\",\"itemListElement\":[{\"@type\":\"ListItem\",\"position\":1,\"name\":\"Home\",\"item\":\"https:\\\/\\\/egidimadeinitaly.com\\\/fr\\\/\"},{\"@type\":\"ListItem\",\"position\":2,\"name\":\"Produits\",\"item\":\"https:\\\/\\\/egidimadeinitaly.com\\\/fr\\\/shop\\\/\"},{\"@type\":\"ListItem\",\"position\":3,\"name\":\"Objets d\u2019art\",\"item\":\"https:\\\/\\\/egidimadeinitaly.com\\\/fr\\\/product-category\\\/objets-dart\\\/\"},{\"@type\":\"ListItem\",\"position\":4,\"name\":\"Objets d'art anciens\",\"item\":\"https:\\\/\\\/egidimadeinitaly.com\\\/fr\\\/product-category\\\/objets-dart\\\/objets-dart-anciens-fr\\\/\"},{\"@type\":\"ListItem\",\"position\":5,\"name\":\"Paire de tabourets en bois dor\u00e9\"}]},{\"@type\":\"WebSite\",\"@id\":\"https:\\\/\\\/egidimadeinitaly.com\\\/fr\\\/#website\",\"url\":\"https:\\\/\\\/egidimadeinitaly.com\\\/fr\\\/\",\"name\":\"Egidi MadeinItaly\",\"description\":\"Fine Art\",\"potentialAction\":[{\"@type\":\"SearchAction\",\"target\":{\"@type\":\"EntryPoint\",\"urlTemplate\":\"https:\\\/\\\/egidimadeinitaly.com\\\/fr\\\/?s={search_term_string}\"},\"query-input\":{\"@type\":\"PropertyValueSpecification\",\"valueRequired\":true,\"valueName\":\"search_term_string\"}}],\"inLanguage\":\"fr-FR\"}]}<\/script>\n<!-- \/ Yoast SEO Premium plugin. -->","yoast_head_json":{"title":"Paire de tabourets en bois dor\u00e9 - Egidi MadeinItaly","description":"Paire de tabourets en bois sculpt\u00e9 et dor\u00e9 dans le plus pur style Louis XV fran\u00e7ais, probablement Maison Jansen. En vente sur Egidi MadeinItaly","robots":{"index":"index","follow":"follow","max-snippet":"max-snippet:-1","max-image-preview":"max-image-preview:large","max-video-preview":"max-video-preview:-1"},"canonical":"https:\/\/egidimadeinitaly.com\/fr\/produit\/art-ancien\/objets-dart-anciens-fr\/paire-de-tabourets-en-bois-dore\/","og_locale":"fr_FR","og_type":"article","og_title":"Paire de tabourets en bois dor\u00e9","og_description":"Superbe paire de tabourets en bois sculpt\u00e9 et dor\u00e9\u00a0\u00e0 l'or fin. R\u00e9alis\u00e9s dans le plus pur style Louis XV, il s'agit vraisemblablement d'une cr\u00e9ation de la Maison Jansen. Magnifiquement sculpt\u00e9s, avec une finition identique sur les quatre c\u00f4t\u00e9s, ils doivent leur qualit\u00e9 et leur beaut\u00e9 \u00e0 la tr\u00e8s c\u00e9l\u00e8bre Maison fran\u00e7aise. Ils sont recouverts d'un tissu damass\u00e9 de grande qualit\u00e9 encore en parfait \u00e9tat.  &nbsp;","og_url":"https:\/\/egidimadeinitaly.com\/fr\/produit\/art-ancien\/objets-dart-anciens-fr\/paire-de-tabourets-en-bois-dore\/","og_site_name":"Egidi MadeinItaly","article_publisher":"https:\/\/www.facebook.com\/egidimadeinitaly\/","article_modified_time":"2024-10-16T17:05:55+00:00","og_image":[{"width":1984,"height":1984,"url":"https:\/\/egidimadeinitaly.com\/wp-content\/uploads\/2024\/05\/coppia-sgabelli-maison-jansen-1.jpg","type":"image\/jpeg"}],"schema":{"@context":"https:\/\/schema.org","@graph":[{"@type":"WebPage","@id":"https:\/\/egidimadeinitaly.com\/fr\/negozio\/objets-dart\/objets-dart-anciens-fr\/paire-de-tabourets-en-bois-dore\/","url":"https:\/\/egidimadeinitaly.com\/fr\/produit\/art-ancien\/objets-dart-anciens-fr\/paire-de-tabourets-en-bois-dore\/","name":"Paire de tabourets en bois dor\u00e9 - Egidi MadeinItaly","isPartOf":{"@id":"https:\/\/egidimadeinitaly.com\/fr\/#website"},"primaryImageOfPage":{"@id":"https:\/\/egidimadeinitaly.com\/fr\/produit\/art-ancien\/objets-dart-anciens-fr\/paire-de-tabourets-en-bois-dore\/#primaryimage"},"image":{"@id":"https:\/\/egidimadeinitaly.com\/fr\/produit\/art-ancien\/objets-dart-anciens-fr\/paire-de-tabourets-en-bois-dore\/#primaryimage"},"thumbnailUrl":"https:\/\/egidimadeinitaly.com\/v25\/wp-content\/uploads\/2024\/05\/coppia-sgabelli-maison-jansen-1.jpg","datePublished":"2024-05-27T14:10:54+00:00","dateModified":"2024-10-16T17:05:55+00:00","description":"Paire de tabourets en bois sculpt\u00e9 et dor\u00e9 dans le plus pur style Louis XV fran\u00e7ais, probablement Maison Jansen. En vente sur Egidi MadeinItaly","breadcrumb":{"@id":"https:\/\/egidimadeinitaly.com\/fr\/produit\/art-ancien\/objets-dart-anciens-fr\/paire-de-tabourets-en-bois-dore\/#breadcrumb"},"inLanguage":"fr-FR","potentialAction":[{"@type":"ReadAction","target":["https:\/\/egidimadeinitaly.com\/fr\/produit\/art-ancien\/objets-dart-anciens-fr\/paire-de-tabourets-en-bois-dore\/"]}]},{"@type":"ImageObject","inLanguage":"fr-FR","@id":"https:\/\/egidimadeinitaly.com\/fr\/produit\/art-ancien\/objets-dart-anciens-fr\/paire-de-tabourets-en-bois-dore\/#primaryimage","url":"https:\/\/egidimadeinitaly.com\/v25\/wp-content\/uploads\/2024\/05\/coppia-sgabelli-maison-jansen-1.jpg","contentUrl":"https:\/\/egidimadeinitaly.com\/v25\/wp-content\/uploads\/2024\/05\/coppia-sgabelli-maison-jansen-1.jpg","width":1984,"height":1984,"caption":"Maison Jansen Paire de tabourets en bois dor\u00e9"},{"@type":"BreadcrumbList","@id":"https:\/\/egidimadeinitaly.com\/fr\/produit\/art-ancien\/objets-dart-anciens-fr\/paire-de-tabourets-en-bois-dore\/#breadcrumb","itemListElement":[{"@type":"ListItem","position":1,"name":"Home","item":"https:\/\/egidimadeinitaly.com\/fr\/"},{"@type":"ListItem","position":2,"name":"Produits","item":"https:\/\/egidimadeinitaly.com\/fr\/shop\/"},{"@type":"ListItem","position":3,"name":"Objets d\u2019art","item":"https:\/\/egidimadeinitaly.com\/fr\/product-category\/objets-dart\/"},{"@type":"ListItem","position":4,"name":"Objets d'art anciens","item":"https:\/\/egidimadeinitaly.com\/fr\/product-category\/objets-dart\/objets-dart-anciens-fr\/"},{"@type":"ListItem","position":5,"name":"Paire de tabourets en bois dor\u00e9"}]},{"@type":"WebSite","@id":"https:\/\/egidimadeinitaly.com\/fr\/#website","url":"https:\/\/egidimadeinitaly.com\/fr\/","name":"Egidi MadeinItaly","description":"Fine Art","potentialAction":[{"@type":"SearchAction","target":{"@type":"EntryPoint","urlTemplate":"https:\/\/egidimadeinitaly.com\/fr\/?s={search_term_string}"},"query-input":{"@type":"PropertyValueSpecification","valueRequired":true,"valueName":"search_term_string"}}],"inLanguage":"fr-FR"}]}},"_links":{"self":[{"href":"https:\/\/egidimadeinitaly.com\/fr\/wp-json\/wp\/v2\/product\/118494","targetHints":{"allow":["GET"]}}],"collection":[{"href":"https:\/\/egidimadeinitaly.com\/fr\/wp-json\/wp\/v2\/product"}],"about":[{"href":"https:\/\/egidimadeinitaly.com\/fr\/wp-json\/wp\/v2\/types\/product"}],"wp:featuredmedia":[{"embeddable":true,"href":"https:\/\/egidimadeinitaly.com\/fr\/wp-json\/wp\/v2\/media\/118628"}],"wp:attachment":[{"href":"https:\/\/egidimadeinitaly.com\/fr\/wp-json\/wp\/v2\/media?parent=118494"}],"wp:term":[{"taxonomy":"product_brand","embeddable":true,"href":"https:\/\/egidimadeinitaly.com\/fr\/wp-json\/wp\/v2\/product_brand?post=118494"},{"taxonomy":"product_cat","embeddable":true,"href":"https:\/\/egidimadeinitaly.com\/fr\/wp-json\/wp\/v2\/product_cat?post=118494"},{"taxonomy":"product_tag","embeddable":true,"href":"https:\/\/egidimadeinitaly.com\/fr\/wp-json\/wp\/v2\/product_tag?post=118494"}],"curies":[{"name":"wp","href":"https:\/\/api.w.org\/{rel}","templated":true}]}}