{"id":117797,"date":"2024-02-07T18:14:56","date_gmt":"2024-02-07T17:14:56","guid":{"rendered":"https:\/\/egidimadeinitaly.com\/?post_type=product&#038;p=117797"},"modified":"2024-10-06T14:46:49","modified_gmt":"2024-10-06T13:46:49","slug":"roberto-fontana-portrait","status":"publish","type":"product","link":"https:\/\/egidimadeinitaly.com\/fr\/negozio\/art-ancien\/tableaux-anciens-fr\/roberto-fontana-portrait\/","title":{"rendered":"Roberto Fontana portrait"},"content":{"rendered":"<p>Huile sur toile avec cadre. Manuscrit en bas \u00e0 gauche : \u00ab\u00a0<em>R. Fontana<\/em>\u00ab\u00a0.<\/p>\n<p>Les dimensions de l&rsquo;\u0153uvre sans cadre sont de 31 x 39,5 cm.<\/p>\n<p><strong>Roberto Fontana<\/strong> (Milan, 1844 -1907) fut l&rsquo;un des jeunes membres rebelles et anticonformistes du mouvement culturel Scapigliatura, form\u00e9 en Italie dans la seconde moiti\u00e9 du XIXe si\u00e8cle, qui regardait l&rsquo;existence d&rsquo;un \u0153il vif, \u00e0 la recherche constante d&rsquo;un lien sous-jacent entre la r\u00e9alit\u00e9 physique et le monde psychique.<\/p>\n","protected":false},"excerpt":{"rendered":"<p>Portrait d&rsquo;un jeune gar\u00e7on sign\u00e9 en bas \u00e0 gauche par<strong> Roberto Fontana<\/strong> (Milan, 1844 -1907).<\/p>\n","protected":false},"featured_media":117791,"template":"","meta":{"_acf_changed":false},"product_brand":[],"product_cat":[6374,6408],"product_tag":[5492],"class_list":{"0":"post-117797","1":"product","2":"type-product","3":"status-publish","4":"has-post-thumbnail","6":"product_cat-art-ancien","7":"product_cat-tableaux-anciens-fr","8":"product_tag-portraits-fr","10":"first","11":"outofstock","12":"taxable","13":"shipping-taxable","14":"product-type-simple"},"acf":[],"yoast_head":"<!-- This site is optimized with the Yoast SEO Premium plugin v27.5 (Yoast SEO v27.5) - https:\/\/yoast.com\/product\/yoast-seo-premium-wordpress\/ -->\n<title>Roberto Fontana portrait - Egidi MadeinItaly<\/title>\n<meta name=\"description\" content=\"Roberto Fontana peintre milanais du 19\u00e8me si\u00e8cle portrait d&#039;un jeune gar\u00e7on huile sur toile \u00e0 vendre sur Egidi MadeinItaly\" \/>\n<meta name=\"robots\" content=\"index, follow, max-snippet:-1, max-image-preview:large, max-video-preview:-1\" \/>\n<link rel=\"canonical\" href=\"https:\/\/egidimadeinitaly.com\/fr\/produit\/art-ancien\/tableaux-anciens-fr\/roberto-fontana-portrait\/\" \/>\n<meta property=\"og:locale\" content=\"fr_FR\" \/>\n<meta property=\"og:type\" content=\"article\" \/>\n<meta property=\"og:title\" content=\"Roberto Fontana portrait\" \/>\n<meta property=\"og:description\" content=\"Portrait d&#039;un jeune gar\u00e7on sign\u00e9 en bas \u00e0 gauche par Roberto Fontana (Milan, 1844 -1907).\" \/>\n<meta property=\"og:url\" content=\"https:\/\/egidimadeinitaly.com\/fr\/produit\/art-ancien\/tableaux-anciens-fr\/roberto-fontana-portrait\/\" \/>\n<meta property=\"og:site_name\" content=\"Egidi MadeinItaly\" \/>\n<meta property=\"article:publisher\" content=\"https:\/\/www.facebook.com\/egidimadeinitaly\/\" \/>\n<meta property=\"article:modified_time\" content=\"2024-10-06T13:46:49+00:00\" \/>\n<meta property=\"og:image\" content=\"https:\/\/egidimadeinitaly.com\/wp-content\/uploads\/2024\/02\/Ritratto-maschile-Roberto-Fontana.jpg\" \/>\n\t<meta property=\"og:image:width\" content=\"1984\" \/>\n\t<meta property=\"og:image:height\" content=\"1984\" \/>\n\t<meta property=\"og:image:type\" content=\"image\/jpeg\" \/>\n<script type=\"application\/ld+json\" class=\"yoast-schema-graph\">{\"@context\":\"https:\\\/\\\/schema.org\",\"@graph\":[{\"@type\":\"WebPage\",\"@id\":\"https:\\\/\\\/egidimadeinitaly.com\\\/fr\\\/negozio\\\/art-ancien\\\/tableaux-anciens-fr\\\/roberto-fontana-portrait\\\/\",\"url\":\"https:\\\/\\\/egidimadeinitaly.com\\\/fr\\\/produit\\\/art-ancien\\\/tableaux-anciens-fr\\\/roberto-fontana-portrait\\\/\",\"name\":\"Roberto Fontana portrait - Egidi MadeinItaly\",\"isPartOf\":{\"@id\":\"https:\\\/\\\/egidimadeinitaly.com\\\/fr\\\/#website\"},\"primaryImageOfPage\":{\"@id\":\"https:\\\/\\\/egidimadeinitaly.com\\\/fr\\\/produit\\\/art-ancien\\\/tableaux-anciens-fr\\\/roberto-fontana-portrait\\\/#primaryimage\"},\"image\":{\"@id\":\"https:\\\/\\\/egidimadeinitaly.com\\\/fr\\\/produit\\\/art-ancien\\\/tableaux-anciens-fr\\\/roberto-fontana-portrait\\\/#primaryimage\"},\"thumbnailUrl\":\"https:\\\/\\\/egidimadeinitaly.com\\\/v25\\\/wp-content\\\/uploads\\\/2024\\\/02\\\/Ritratto-maschile-Roberto-Fontana.jpg\",\"datePublished\":\"2024-02-07T17:14:56+00:00\",\"dateModified\":\"2024-10-06T13:46:49+00:00\",\"description\":\"Roberto Fontana peintre milanais du 19\u00e8me si\u00e8cle portrait d'un jeune gar\u00e7on huile sur toile \u00e0 vendre sur Egidi MadeinItaly\",\"breadcrumb\":{\"@id\":\"https:\\\/\\\/egidimadeinitaly.com\\\/fr\\\/produit\\\/art-ancien\\\/tableaux-anciens-fr\\\/roberto-fontana-portrait\\\/#breadcrumb\"},\"inLanguage\":\"fr-FR\",\"potentialAction\":[{\"@type\":\"ReadAction\",\"target\":[\"https:\\\/\\\/egidimadeinitaly.com\\\/fr\\\/produit\\\/art-ancien\\\/tableaux-anciens-fr\\\/roberto-fontana-portrait\\\/\"]}]},{\"@type\":\"ImageObject\",\"inLanguage\":\"fr-FR\",\"@id\":\"https:\\\/\\\/egidimadeinitaly.com\\\/fr\\\/produit\\\/art-ancien\\\/tableaux-anciens-fr\\\/roberto-fontana-portrait\\\/#primaryimage\",\"url\":\"https:\\\/\\\/egidimadeinitaly.com\\\/v25\\\/wp-content\\\/uploads\\\/2024\\\/02\\\/Ritratto-maschile-Roberto-Fontana.jpg\",\"contentUrl\":\"https:\\\/\\\/egidimadeinitaly.com\\\/v25\\\/wp-content\\\/uploads\\\/2024\\\/02\\\/Ritratto-maschile-Roberto-Fontana.jpg\",\"width\":1984,\"height\":1984,\"caption\":\"Roberto Fontana portrait\"},{\"@type\":\"BreadcrumbList\",\"@id\":\"https:\\\/\\\/egidimadeinitaly.com\\\/fr\\\/produit\\\/art-ancien\\\/tableaux-anciens-fr\\\/roberto-fontana-portrait\\\/#breadcrumb\",\"itemListElement\":[{\"@type\":\"ListItem\",\"position\":1,\"name\":\"Home\",\"item\":\"https:\\\/\\\/egidimadeinitaly.com\\\/fr\\\/\"},{\"@type\":\"ListItem\",\"position\":2,\"name\":\"Produits\",\"item\":\"https:\\\/\\\/egidimadeinitaly.com\\\/fr\\\/shop\\\/\"},{\"@type\":\"ListItem\",\"position\":3,\"name\":\"Art ancien\",\"item\":\"https:\\\/\\\/egidimadeinitaly.com\\\/fr\\\/product-category\\\/art-ancien\\\/\"},{\"@type\":\"ListItem\",\"position\":4,\"name\":\"Tableaux anciens\",\"item\":\"https:\\\/\\\/egidimadeinitaly.com\\\/fr\\\/product-category\\\/art-ancien\\\/tableaux-anciens-fr\\\/\"},{\"@type\":\"ListItem\",\"position\":5,\"name\":\"Roberto Fontana portrait\"}]},{\"@type\":\"WebSite\",\"@id\":\"https:\\\/\\\/egidimadeinitaly.com\\\/fr\\\/#website\",\"url\":\"https:\\\/\\\/egidimadeinitaly.com\\\/fr\\\/\",\"name\":\"Egidi MadeinItaly\",\"description\":\"Fine Art\",\"potentialAction\":[{\"@type\":\"SearchAction\",\"target\":{\"@type\":\"EntryPoint\",\"urlTemplate\":\"https:\\\/\\\/egidimadeinitaly.com\\\/fr\\\/?s={search_term_string}\"},\"query-input\":{\"@type\":\"PropertyValueSpecification\",\"valueRequired\":true,\"valueName\":\"search_term_string\"}}],\"inLanguage\":\"fr-FR\"}]}<\/script>\n<!-- \/ Yoast SEO Premium plugin. -->","yoast_head_json":{"title":"Roberto Fontana portrait - Egidi MadeinItaly","description":"Roberto Fontana peintre milanais du 19\u00e8me si\u00e8cle portrait d'un jeune gar\u00e7on huile sur toile \u00e0 vendre sur Egidi MadeinItaly","robots":{"index":"index","follow":"follow","max-snippet":"max-snippet:-1","max-image-preview":"max-image-preview:large","max-video-preview":"max-video-preview:-1"},"canonical":"https:\/\/egidimadeinitaly.com\/fr\/produit\/art-ancien\/tableaux-anciens-fr\/roberto-fontana-portrait\/","og_locale":"fr_FR","og_type":"article","og_title":"Roberto Fontana portrait","og_description":"Portrait d'un jeune gar\u00e7on sign\u00e9 en bas \u00e0 gauche par Roberto Fontana (Milan, 1844 -1907).","og_url":"https:\/\/egidimadeinitaly.com\/fr\/produit\/art-ancien\/tableaux-anciens-fr\/roberto-fontana-portrait\/","og_site_name":"Egidi MadeinItaly","article_publisher":"https:\/\/www.facebook.com\/egidimadeinitaly\/","article_modified_time":"2024-10-06T13:46:49+00:00","og_image":[{"width":1984,"height":1984,"url":"https:\/\/egidimadeinitaly.com\/wp-content\/uploads\/2024\/02\/Ritratto-maschile-Roberto-Fontana.jpg","type":"image\/jpeg"}],"schema":{"@context":"https:\/\/schema.org","@graph":[{"@type":"WebPage","@id":"https:\/\/egidimadeinitaly.com\/fr\/negozio\/art-ancien\/tableaux-anciens-fr\/roberto-fontana-portrait\/","url":"https:\/\/egidimadeinitaly.com\/fr\/produit\/art-ancien\/tableaux-anciens-fr\/roberto-fontana-portrait\/","name":"Roberto Fontana portrait - Egidi MadeinItaly","isPartOf":{"@id":"https:\/\/egidimadeinitaly.com\/fr\/#website"},"primaryImageOfPage":{"@id":"https:\/\/egidimadeinitaly.com\/fr\/produit\/art-ancien\/tableaux-anciens-fr\/roberto-fontana-portrait\/#primaryimage"},"image":{"@id":"https:\/\/egidimadeinitaly.com\/fr\/produit\/art-ancien\/tableaux-anciens-fr\/roberto-fontana-portrait\/#primaryimage"},"thumbnailUrl":"https:\/\/egidimadeinitaly.com\/v25\/wp-content\/uploads\/2024\/02\/Ritratto-maschile-Roberto-Fontana.jpg","datePublished":"2024-02-07T17:14:56+00:00","dateModified":"2024-10-06T13:46:49+00:00","description":"Roberto Fontana peintre milanais du 19\u00e8me si\u00e8cle portrait d'un jeune gar\u00e7on huile sur toile \u00e0 vendre sur Egidi MadeinItaly","breadcrumb":{"@id":"https:\/\/egidimadeinitaly.com\/fr\/produit\/art-ancien\/tableaux-anciens-fr\/roberto-fontana-portrait\/#breadcrumb"},"inLanguage":"fr-FR","potentialAction":[{"@type":"ReadAction","target":["https:\/\/egidimadeinitaly.com\/fr\/produit\/art-ancien\/tableaux-anciens-fr\/roberto-fontana-portrait\/"]}]},{"@type":"ImageObject","inLanguage":"fr-FR","@id":"https:\/\/egidimadeinitaly.com\/fr\/produit\/art-ancien\/tableaux-anciens-fr\/roberto-fontana-portrait\/#primaryimage","url":"https:\/\/egidimadeinitaly.com\/v25\/wp-content\/uploads\/2024\/02\/Ritratto-maschile-Roberto-Fontana.jpg","contentUrl":"https:\/\/egidimadeinitaly.com\/v25\/wp-content\/uploads\/2024\/02\/Ritratto-maschile-Roberto-Fontana.jpg","width":1984,"height":1984,"caption":"Roberto Fontana portrait"},{"@type":"BreadcrumbList","@id":"https:\/\/egidimadeinitaly.com\/fr\/produit\/art-ancien\/tableaux-anciens-fr\/roberto-fontana-portrait\/#breadcrumb","itemListElement":[{"@type":"ListItem","position":1,"name":"Home","item":"https:\/\/egidimadeinitaly.com\/fr\/"},{"@type":"ListItem","position":2,"name":"Produits","item":"https:\/\/egidimadeinitaly.com\/fr\/shop\/"},{"@type":"ListItem","position":3,"name":"Art ancien","item":"https:\/\/egidimadeinitaly.com\/fr\/product-category\/art-ancien\/"},{"@type":"ListItem","position":4,"name":"Tableaux anciens","item":"https:\/\/egidimadeinitaly.com\/fr\/product-category\/art-ancien\/tableaux-anciens-fr\/"},{"@type":"ListItem","position":5,"name":"Roberto Fontana portrait"}]},{"@type":"WebSite","@id":"https:\/\/egidimadeinitaly.com\/fr\/#website","url":"https:\/\/egidimadeinitaly.com\/fr\/","name":"Egidi MadeinItaly","description":"Fine Art","potentialAction":[{"@type":"SearchAction","target":{"@type":"EntryPoint","urlTemplate":"https:\/\/egidimadeinitaly.com\/fr\/?s={search_term_string}"},"query-input":{"@type":"PropertyValueSpecification","valueRequired":true,"valueName":"search_term_string"}}],"inLanguage":"fr-FR"}]}},"_links":{"self":[{"href":"https:\/\/egidimadeinitaly.com\/fr\/wp-json\/wp\/v2\/product\/117797","targetHints":{"allow":["GET"]}}],"collection":[{"href":"https:\/\/egidimadeinitaly.com\/fr\/wp-json\/wp\/v2\/product"}],"about":[{"href":"https:\/\/egidimadeinitaly.com\/fr\/wp-json\/wp\/v2\/types\/product"}],"wp:featuredmedia":[{"embeddable":true,"href":"https:\/\/egidimadeinitaly.com\/fr\/wp-json\/wp\/v2\/media\/117791"}],"wp:attachment":[{"href":"https:\/\/egidimadeinitaly.com\/fr\/wp-json\/wp\/v2\/media?parent=117797"}],"wp:term":[{"taxonomy":"product_brand","embeddable":true,"href":"https:\/\/egidimadeinitaly.com\/fr\/wp-json\/wp\/v2\/product_brand?post=117797"},{"taxonomy":"product_cat","embeddable":true,"href":"https:\/\/egidimadeinitaly.com\/fr\/wp-json\/wp\/v2\/product_cat?post=117797"},{"taxonomy":"product_tag","embeddable":true,"href":"https:\/\/egidimadeinitaly.com\/fr\/wp-json\/wp\/v2\/product_tag?post=117797"}],"curies":[{"name":"wp","href":"https:\/\/api.w.org\/{rel}","templated":true}]}}