{"id":117651,"date":"2024-01-31T15:30:12","date_gmt":"2024-01-31T14:30:12","guid":{"rendered":"https:\/\/egidimadeinitaly.com\/negozio\/uncategorized\/antonietta-brandeis-vue-venise\/"},"modified":"2024-01-31T18:15:53","modified_gmt":"2024-01-31T17:15:53","slug":"antonietta-brandeis-vue-venise","status":"publish","type":"product","link":"https:\/\/egidimadeinitaly.com\/fr\/negozio\/art-ancien\/tableaux-anciens-fr\/antonietta-brandeis-vue-venise\/","title":{"rendered":"Antonietta Brandeis vue Venise"},"content":{"rendered":"<p>Antonietta Brandeis a consacr\u00e9 une grande partie de son travail \u00e0 des vues v\u00e9nitiennes \u00e0 petite \u00e9chelle, qui constituaient le souvenir id\u00e9al pour les touristes visitant Venise. Sa palette lumineuse et color\u00e9e et son sens aigu du d\u00e9tail sont visibles dans le rendu pr\u00e9cis du cadre embl\u00e9matique et des personnages individuels qui animent la sc\u00e8ne.<\/p>\n","protected":false},"excerpt":{"rendered":"<p>Vue iconique de la place Saint-Marc \u00e0 Venise. Peinture \u00e0 l&rsquo;huile sur panneau avec cadre, sign\u00e9e en bas \u00e0 gauche Brandeis. Antonietta Brandeis (1848-1926). Le peinture sans le cadre mesure cm 32 x 21.<\/p>\n","protected":false},"featured_media":0,"template":"","meta":{"_acf_changed":false},"product_brand":[],"product_cat":[6374,6408],"product_tag":[],"class_list":{"0":"post-117651","1":"product","2":"type-product","3":"status-publish","5":"product_cat-art-ancien","6":"product_cat-tableaux-anciens-fr","8":"first","9":"instock","10":"taxable","11":"shipping-taxable","12":"product-type-simple"},"acf":[],"yoast_head":"<!-- This site is optimized with the Yoast SEO Premium plugin v27.5 (Yoast SEO v27.5) - https:\/\/yoast.com\/product\/yoast-seo-premium-wordpress\/ -->\n<title>Antonietta Brandeis vue Venise - Egidi MadeinItaly<\/title>\n<meta name=\"description\" content=\"Antonietta Brandeis vue iconique de la place Saint-Marc \u00e0 Venise huile sur panneau sign\u00e9e en vente sur Egidi MadeinItaly\" \/>\n<meta name=\"robots\" content=\"index, follow, max-snippet:-1, max-image-preview:large, max-video-preview:-1\" \/>\n<link rel=\"canonical\" href=\"https:\/\/egidimadeinitaly.com\/fr\/produit\/art-ancien\/tableaux-anciens-fr\/antonietta-brandeis-vue-venise\/\" \/>\n<meta property=\"og:locale\" content=\"fr_FR\" \/>\n<meta property=\"og:type\" content=\"article\" \/>\n<meta property=\"og:title\" content=\"Antonietta Brandeis vue Venise\" \/>\n<meta property=\"og:description\" content=\"Vue iconique de la place Saint-Marc \u00e0 Venise. Peinture \u00e0 l&#039;huile sur panneau avec cadre, sign\u00e9e en bas \u00e0 gauche Brandeis. Antonietta Brandeis (1848-1926). Le peinture sans le cadre mesure cm 32 x 21.\" \/>\n<meta property=\"og:url\" content=\"https:\/\/egidimadeinitaly.com\/fr\/produit\/art-ancien\/tableaux-anciens-fr\/antonietta-brandeis-vue-venise\/\" \/>\n<meta property=\"og:site_name\" content=\"Egidi MadeinItaly\" \/>\n<meta property=\"article:publisher\" content=\"https:\/\/www.facebook.com\/egidimadeinitaly\/\" \/>\n<meta property=\"article:modified_time\" content=\"2024-01-31T17:15:53+00:00\" \/>\n<script type=\"application\/ld+json\" class=\"yoast-schema-graph\">{\"@context\":\"https:\\\/\\\/schema.org\",\"@graph\":[{\"@type\":\"WebPage\",\"@id\":\"https:\\\/\\\/egidimadeinitaly.com\\\/fr\\\/negozio\\\/art-ancien\\\/tableaux-anciens-fr\\\/antonietta-brandeis-vue-venise\\\/\",\"url\":\"https:\\\/\\\/egidimadeinitaly.com\\\/fr\\\/produit\\\/art-ancien\\\/tableaux-anciens-fr\\\/antonietta-brandeis-vue-venise\\\/\",\"name\":\"Antonietta Brandeis vue Venise - Egidi MadeinItaly\",\"isPartOf\":{\"@id\":\"https:\\\/\\\/egidimadeinitaly.com\\\/fr\\\/#website\"},\"datePublished\":\"2024-01-31T14:30:12+00:00\",\"dateModified\":\"2024-01-31T17:15:53+00:00\",\"description\":\"Antonietta Brandeis vue iconique de la place Saint-Marc \u00e0 Venise huile sur panneau sign\u00e9e en vente sur Egidi MadeinItaly\",\"breadcrumb\":{\"@id\":\"https:\\\/\\\/egidimadeinitaly.com\\\/fr\\\/produit\\\/art-ancien\\\/tableaux-anciens-fr\\\/antonietta-brandeis-vue-venise\\\/#breadcrumb\"},\"inLanguage\":\"fr-FR\",\"potentialAction\":[{\"@type\":\"ReadAction\",\"target\":[\"https:\\\/\\\/egidimadeinitaly.com\\\/fr\\\/produit\\\/art-ancien\\\/tableaux-anciens-fr\\\/antonietta-brandeis-vue-venise\\\/\"]}]},{\"@type\":\"BreadcrumbList\",\"@id\":\"https:\\\/\\\/egidimadeinitaly.com\\\/fr\\\/produit\\\/art-ancien\\\/tableaux-anciens-fr\\\/antonietta-brandeis-vue-venise\\\/#breadcrumb\",\"itemListElement\":[{\"@type\":\"ListItem\",\"position\":1,\"name\":\"Home\",\"item\":\"https:\\\/\\\/egidimadeinitaly.com\\\/fr\\\/\"},{\"@type\":\"ListItem\",\"position\":2,\"name\":\"Produits\",\"item\":\"https:\\\/\\\/egidimadeinitaly.com\\\/fr\\\/shop\\\/\"},{\"@type\":\"ListItem\",\"position\":3,\"name\":\"Art ancien\",\"item\":\"https:\\\/\\\/egidimadeinitaly.com\\\/fr\\\/product-category\\\/art-ancien\\\/\"},{\"@type\":\"ListItem\",\"position\":4,\"name\":\"Tableaux anciens\",\"item\":\"https:\\\/\\\/egidimadeinitaly.com\\\/fr\\\/product-category\\\/art-ancien\\\/tableaux-anciens-fr\\\/\"},{\"@type\":\"ListItem\",\"position\":5,\"name\":\"Antonietta Brandeis vue Venise\"}]},{\"@type\":\"WebSite\",\"@id\":\"https:\\\/\\\/egidimadeinitaly.com\\\/fr\\\/#website\",\"url\":\"https:\\\/\\\/egidimadeinitaly.com\\\/fr\\\/\",\"name\":\"Egidi MadeinItaly\",\"description\":\"Fine Art\",\"potentialAction\":[{\"@type\":\"SearchAction\",\"target\":{\"@type\":\"EntryPoint\",\"urlTemplate\":\"https:\\\/\\\/egidimadeinitaly.com\\\/fr\\\/?s={search_term_string}\"},\"query-input\":{\"@type\":\"PropertyValueSpecification\",\"valueRequired\":true,\"valueName\":\"search_term_string\"}}],\"inLanguage\":\"fr-FR\"}]}<\/script>\n<!-- \/ Yoast SEO Premium plugin. -->","yoast_head_json":{"title":"Antonietta Brandeis vue Venise - Egidi MadeinItaly","description":"Antonietta Brandeis vue iconique de la place Saint-Marc \u00e0 Venise huile sur panneau sign\u00e9e en vente sur Egidi MadeinItaly","robots":{"index":"index","follow":"follow","max-snippet":"max-snippet:-1","max-image-preview":"max-image-preview:large","max-video-preview":"max-video-preview:-1"},"canonical":"https:\/\/egidimadeinitaly.com\/fr\/produit\/art-ancien\/tableaux-anciens-fr\/antonietta-brandeis-vue-venise\/","og_locale":"fr_FR","og_type":"article","og_title":"Antonietta Brandeis vue Venise","og_description":"Vue iconique de la place Saint-Marc \u00e0 Venise. Peinture \u00e0 l'huile sur panneau avec cadre, sign\u00e9e en bas \u00e0 gauche Brandeis. Antonietta Brandeis (1848-1926). Le peinture sans le cadre mesure cm 32 x 21.","og_url":"https:\/\/egidimadeinitaly.com\/fr\/produit\/art-ancien\/tableaux-anciens-fr\/antonietta-brandeis-vue-venise\/","og_site_name":"Egidi MadeinItaly","article_publisher":"https:\/\/www.facebook.com\/egidimadeinitaly\/","article_modified_time":"2024-01-31T17:15:53+00:00","schema":{"@context":"https:\/\/schema.org","@graph":[{"@type":"WebPage","@id":"https:\/\/egidimadeinitaly.com\/fr\/negozio\/art-ancien\/tableaux-anciens-fr\/antonietta-brandeis-vue-venise\/","url":"https:\/\/egidimadeinitaly.com\/fr\/produit\/art-ancien\/tableaux-anciens-fr\/antonietta-brandeis-vue-venise\/","name":"Antonietta Brandeis vue Venise - Egidi MadeinItaly","isPartOf":{"@id":"https:\/\/egidimadeinitaly.com\/fr\/#website"},"datePublished":"2024-01-31T14:30:12+00:00","dateModified":"2024-01-31T17:15:53+00:00","description":"Antonietta Brandeis vue iconique de la place Saint-Marc \u00e0 Venise huile sur panneau sign\u00e9e en vente sur Egidi MadeinItaly","breadcrumb":{"@id":"https:\/\/egidimadeinitaly.com\/fr\/produit\/art-ancien\/tableaux-anciens-fr\/antonietta-brandeis-vue-venise\/#breadcrumb"},"inLanguage":"fr-FR","potentialAction":[{"@type":"ReadAction","target":["https:\/\/egidimadeinitaly.com\/fr\/produit\/art-ancien\/tableaux-anciens-fr\/antonietta-brandeis-vue-venise\/"]}]},{"@type":"BreadcrumbList","@id":"https:\/\/egidimadeinitaly.com\/fr\/produit\/art-ancien\/tableaux-anciens-fr\/antonietta-brandeis-vue-venise\/#breadcrumb","itemListElement":[{"@type":"ListItem","position":1,"name":"Home","item":"https:\/\/egidimadeinitaly.com\/fr\/"},{"@type":"ListItem","position":2,"name":"Produits","item":"https:\/\/egidimadeinitaly.com\/fr\/shop\/"},{"@type":"ListItem","position":3,"name":"Art ancien","item":"https:\/\/egidimadeinitaly.com\/fr\/product-category\/art-ancien\/"},{"@type":"ListItem","position":4,"name":"Tableaux anciens","item":"https:\/\/egidimadeinitaly.com\/fr\/product-category\/art-ancien\/tableaux-anciens-fr\/"},{"@type":"ListItem","position":5,"name":"Antonietta Brandeis vue Venise"}]},{"@type":"WebSite","@id":"https:\/\/egidimadeinitaly.com\/fr\/#website","url":"https:\/\/egidimadeinitaly.com\/fr\/","name":"Egidi MadeinItaly","description":"Fine Art","potentialAction":[{"@type":"SearchAction","target":{"@type":"EntryPoint","urlTemplate":"https:\/\/egidimadeinitaly.com\/fr\/?s={search_term_string}"},"query-input":{"@type":"PropertyValueSpecification","valueRequired":true,"valueName":"search_term_string"}}],"inLanguage":"fr-FR"}]}},"_links":{"self":[{"href":"https:\/\/egidimadeinitaly.com\/fr\/wp-json\/wp\/v2\/product\/117651","targetHints":{"allow":["GET"]}}],"collection":[{"href":"https:\/\/egidimadeinitaly.com\/fr\/wp-json\/wp\/v2\/product"}],"about":[{"href":"https:\/\/egidimadeinitaly.com\/fr\/wp-json\/wp\/v2\/types\/product"}],"wp:attachment":[{"href":"https:\/\/egidimadeinitaly.com\/fr\/wp-json\/wp\/v2\/media?parent=117651"}],"wp:term":[{"taxonomy":"product_brand","embeddable":true,"href":"https:\/\/egidimadeinitaly.com\/fr\/wp-json\/wp\/v2\/product_brand?post=117651"},{"taxonomy":"product_cat","embeddable":true,"href":"https:\/\/egidimadeinitaly.com\/fr\/wp-json\/wp\/v2\/product_cat?post=117651"},{"taxonomy":"product_tag","embeddable":true,"href":"https:\/\/egidimadeinitaly.com\/fr\/wp-json\/wp\/v2\/product_tag?post=117651"}],"curies":[{"name":"wp","href":"https:\/\/api.w.org\/{rel}","templated":true}]}}