{"id":117634,"date":"2024-01-31T12:47:29","date_gmt":"2024-01-31T11:47:29","guid":{"rendered":"https:\/\/egidimadeinitaly.com\/?post_type=product&#038;p=117634"},"modified":"2026-02-05T18:14:08","modified_gmt":"2026-02-05T17:14:08","slug":"francesco-vinea-portrait-dune-femme","status":"publish","type":"product","link":"https:\/\/egidimadeinitaly.com\/fr\/negozio\/art-ancien\/tableaux-anciens-fr\/francesco-vinea-portrait-dune-femme\/","title":{"rendered":"Francesco Vinea portrait d&rsquo;une femme"},"content":{"rendered":"<p>Au dos figure une inscription.<\/p>\n<p>\u00c0 Florence, <strong>Francesco Vinea<\/strong> suit les cours du professeur et peintre Enrico Pollastrini (1817-1876) \u00e0 l&rsquo;Accademia delle Belle Arti.<\/p>\n<p>Nullement influenc\u00e9 par ses \u00e9tudes acad\u00e9miques ant\u00e9rieures, il r\u00e9v\u00e8le imm\u00e9diatement une capacit\u00e9 extraordinaire pour les sujets de genre et de costume (des XVIe, XVIIe et XVIIIe si\u00e8cles) ex\u00e9cut\u00e9s avec des couleurs gracieuses et en ex\u00e9cutant des sujets qui r\u00e9pondent au go\u00fbt du public.<\/p>\n<p>Ses premiers int\u00e9rieurs font fortune : les marchands de Paris et de Londres se les disputent et donnent au jeune Francesco de nouvelles commandes.<\/p>\n<p>Il s&rsquo;enrichit et d\u00e9pense une grande partie de sa fortune en tapisseries, tapis, peaux pr\u00e9cieuses, instruments de musique, meubles, armes et bronzes.<\/p>\n","protected":false},"excerpt":{"rendered":"<p>\u0152uvre du peintre <strong>Francesco Vinea<\/strong> (Forli 1845- Florence1902). Huile sur toile repr\u00e9sentant une jeune femme de style Empire dans une robe rouge avec un beau collier en or. Sign\u00e9e et dat\u00e9e en bas \u00e0 gauche F. Vinea 1888. Le tableau est orn\u00e9 d&rsquo;un cadre en bois dor\u00e9.<\/p>\n","protected":false},"featured_media":117554,"template":"","meta":{"_acf_changed":false},"product_brand":[],"product_cat":[6374,6408],"product_tag":[5492],"class_list":{"0":"post-117634","1":"product","2":"type-product","3":"status-publish","4":"has-post-thumbnail","6":"product_cat-art-ancien","7":"product_cat-tableaux-anciens-fr","8":"product_tag-portraits-fr","10":"first","11":"instock","12":"taxable","13":"shipping-taxable","14":"purchasable","15":"product-type-simple"},"acf":[],"yoast_head":"<!-- This site is optimized with the Yoast SEO Premium plugin v27.3 (Yoast SEO v27.4) - https:\/\/yoast.com\/product\/yoast-seo-premium-wordpress\/ -->\n<title>Francesco Vinea portrait d&#039;une femme - Egidi MadeinItaly<\/title>\n<meta name=\"description\" content=\"Peinture de Francesco Vinea repr\u00e9sentant un portrait de femme avec des bijoux, datant de la fin du XIXe si\u00e8cle, en vente chez Egidi MadeinItaly.\" \/>\n<meta name=\"robots\" content=\"index, follow, max-snippet:-1, max-image-preview:large, max-video-preview:-1\" \/>\n<link rel=\"canonical\" href=\"https:\/\/egidimadeinitaly.com\/fr\/produit\/art-ancien\/tableaux-anciens-fr\/francesco-vinea-portrait-dune-femme\/\" \/>\n<meta property=\"og:locale\" content=\"fr_FR\" \/>\n<meta property=\"og:type\" content=\"article\" \/>\n<meta property=\"og:title\" content=\"Francesco Vinea portrait d&#039;une femme\" \/>\n<meta property=\"og:description\" content=\"\u0152uvre du peintre Francesco Vinea (Forli 1845- Florence1902). Huile sur toile repr\u00e9sentant une jeune femme de style Empire dans une robe rouge avec un beau collier en or. Sign\u00e9e et dat\u00e9e en bas \u00e0 gauche F. Vinea 1888. Le tableau est orn\u00e9 d&#039;un cadre en bois dor\u00e9.\" \/>\n<meta property=\"og:url\" content=\"https:\/\/egidimadeinitaly.com\/fr\/produit\/art-ancien\/tableaux-anciens-fr\/francesco-vinea-portrait-dune-femme\/\" \/>\n<meta property=\"og:site_name\" content=\"Egidi MadeinItaly\" \/>\n<meta property=\"article:publisher\" content=\"https:\/\/www.facebook.com\/egidimadeinitaly\/\" \/>\n<meta property=\"article:modified_time\" content=\"2026-02-05T17:14:08+00:00\" \/>\n<meta property=\"og:image\" content=\"https:\/\/egidimadeinitaly.com\/v25\/wp-content\/uploads\/2024\/01\/2022-11-25-Egidi-madeinItaly-28-ORIGINALI-49-scaled-e1706355601658.jpg\" \/>\n\t<meta property=\"og:image:width\" content=\"2560\" \/>\n\t<meta property=\"og:image:height\" content=\"2560\" \/>\n\t<meta property=\"og:image:type\" content=\"image\/jpeg\" \/>\n<script type=\"application\/ld+json\" class=\"yoast-schema-graph\">{\"@context\":\"https:\\\/\\\/schema.org\",\"@graph\":[{\"@type\":\"WebPage\",\"@id\":\"https:\\\/\\\/egidimadeinitaly.com\\\/fr\\\/negozio\\\/art-ancien\\\/tableaux-anciens-fr\\\/francesco-vinea-portrait-dune-femme\\\/\",\"url\":\"https:\\\/\\\/egidimadeinitaly.com\\\/fr\\\/produit\\\/art-ancien\\\/tableaux-anciens-fr\\\/francesco-vinea-portrait-dune-femme\\\/\",\"name\":\"Francesco Vinea portrait d'une femme - Egidi MadeinItaly\",\"isPartOf\":{\"@id\":\"https:\\\/\\\/egidimadeinitaly.com\\\/fr\\\/#website\"},\"primaryImageOfPage\":{\"@id\":\"https:\\\/\\\/egidimadeinitaly.com\\\/fr\\\/produit\\\/art-ancien\\\/tableaux-anciens-fr\\\/francesco-vinea-portrait-dune-femme\\\/#primaryimage\"},\"image\":{\"@id\":\"https:\\\/\\\/egidimadeinitaly.com\\\/fr\\\/produit\\\/art-ancien\\\/tableaux-anciens-fr\\\/francesco-vinea-portrait-dune-femme\\\/#primaryimage\"},\"thumbnailUrl\":\"https:\\\/\\\/egidimadeinitaly.com\\\/v25\\\/wp-content\\\/uploads\\\/2024\\\/01\\\/2022-11-25-Egidi-madeinItaly-28-ORIGINALI-49-scaled-e1706355601658.jpg\",\"datePublished\":\"2024-01-31T11:47:29+00:00\",\"dateModified\":\"2026-02-05T17:14:08+00:00\",\"description\":\"Peinture de Francesco Vinea repr\u00e9sentant un portrait de femme avec des bijoux, datant de la fin du XIXe si\u00e8cle, en vente chez Egidi MadeinItaly.\",\"breadcrumb\":{\"@id\":\"https:\\\/\\\/egidimadeinitaly.com\\\/fr\\\/produit\\\/art-ancien\\\/tableaux-anciens-fr\\\/francesco-vinea-portrait-dune-femme\\\/#breadcrumb\"},\"inLanguage\":\"fr-FR\",\"potentialAction\":[{\"@type\":\"ReadAction\",\"target\":[\"https:\\\/\\\/egidimadeinitaly.com\\\/fr\\\/produit\\\/art-ancien\\\/tableaux-anciens-fr\\\/francesco-vinea-portrait-dune-femme\\\/\"]}]},{\"@type\":\"ImageObject\",\"inLanguage\":\"fr-FR\",\"@id\":\"https:\\\/\\\/egidimadeinitaly.com\\\/fr\\\/produit\\\/art-ancien\\\/tableaux-anciens-fr\\\/francesco-vinea-portrait-dune-femme\\\/#primaryimage\",\"url\":\"https:\\\/\\\/egidimadeinitaly.com\\\/v25\\\/wp-content\\\/uploads\\\/2024\\\/01\\\/2022-11-25-Egidi-madeinItaly-28-ORIGINALI-49-scaled-e1706355601658.jpg\",\"contentUrl\":\"https:\\\/\\\/egidimadeinitaly.com\\\/v25\\\/wp-content\\\/uploads\\\/2024\\\/01\\\/2022-11-25-Egidi-madeinItaly-28-ORIGINALI-49-scaled-e1706355601658.jpg\",\"width\":2560,\"height\":2560,\"caption\":\"Francesco Vinea portrait d'une femme\"},{\"@type\":\"BreadcrumbList\",\"@id\":\"https:\\\/\\\/egidimadeinitaly.com\\\/fr\\\/produit\\\/art-ancien\\\/tableaux-anciens-fr\\\/francesco-vinea-portrait-dune-femme\\\/#breadcrumb\",\"itemListElement\":[{\"@type\":\"ListItem\",\"position\":1,\"name\":\"Home\",\"item\":\"https:\\\/\\\/egidimadeinitaly.com\\\/fr\\\/\"},{\"@type\":\"ListItem\",\"position\":2,\"name\":\"Produits\",\"item\":\"https:\\\/\\\/egidimadeinitaly.com\\\/fr\\\/shop\\\/\"},{\"@type\":\"ListItem\",\"position\":3,\"name\":\"Art ancien\",\"item\":\"https:\\\/\\\/egidimadeinitaly.com\\\/fr\\\/product-category\\\/art-ancien\\\/\"},{\"@type\":\"ListItem\",\"position\":4,\"name\":\"Tableaux anciens\",\"item\":\"https:\\\/\\\/egidimadeinitaly.com\\\/fr\\\/product-category\\\/art-ancien\\\/tableaux-anciens-fr\\\/\"},{\"@type\":\"ListItem\",\"position\":5,\"name\":\"Francesco Vinea portrait d&#8217;une femme\"}]},{\"@type\":\"WebSite\",\"@id\":\"https:\\\/\\\/egidimadeinitaly.com\\\/fr\\\/#website\",\"url\":\"https:\\\/\\\/egidimadeinitaly.com\\\/fr\\\/\",\"name\":\"Egidi MadeinItaly\",\"description\":\"Fine Art\",\"potentialAction\":[{\"@type\":\"SearchAction\",\"target\":{\"@type\":\"EntryPoint\",\"urlTemplate\":\"https:\\\/\\\/egidimadeinitaly.com\\\/fr\\\/?s={search_term_string}\"},\"query-input\":{\"@type\":\"PropertyValueSpecification\",\"valueRequired\":true,\"valueName\":\"search_term_string\"}}],\"inLanguage\":\"fr-FR\"}]}<\/script>\n<!-- \/ Yoast SEO Premium plugin. -->","yoast_head_json":{"title":"Francesco Vinea portrait d'une femme - Egidi MadeinItaly","description":"Peinture de Francesco Vinea repr\u00e9sentant un portrait de femme avec des bijoux, datant de la fin du XIXe si\u00e8cle, en vente chez Egidi MadeinItaly.","robots":{"index":"index","follow":"follow","max-snippet":"max-snippet:-1","max-image-preview":"max-image-preview:large","max-video-preview":"max-video-preview:-1"},"canonical":"https:\/\/egidimadeinitaly.com\/fr\/produit\/art-ancien\/tableaux-anciens-fr\/francesco-vinea-portrait-dune-femme\/","og_locale":"fr_FR","og_type":"article","og_title":"Francesco Vinea portrait d'une femme","og_description":"\u0152uvre du peintre Francesco Vinea (Forli 1845- Florence1902). Huile sur toile repr\u00e9sentant une jeune femme de style Empire dans une robe rouge avec un beau collier en or. Sign\u00e9e et dat\u00e9e en bas \u00e0 gauche F. Vinea 1888. Le tableau est orn\u00e9 d'un cadre en bois dor\u00e9.","og_url":"https:\/\/egidimadeinitaly.com\/fr\/produit\/art-ancien\/tableaux-anciens-fr\/francesco-vinea-portrait-dune-femme\/","og_site_name":"Egidi MadeinItaly","article_publisher":"https:\/\/www.facebook.com\/egidimadeinitaly\/","article_modified_time":"2026-02-05T17:14:08+00:00","og_image":[{"width":2560,"height":2560,"url":"https:\/\/egidimadeinitaly.com\/v25\/wp-content\/uploads\/2024\/01\/2022-11-25-Egidi-madeinItaly-28-ORIGINALI-49-scaled-e1706355601658.jpg","type":"image\/jpeg"}],"schema":{"@context":"https:\/\/schema.org","@graph":[{"@type":"WebPage","@id":"https:\/\/egidimadeinitaly.com\/fr\/negozio\/art-ancien\/tableaux-anciens-fr\/francesco-vinea-portrait-dune-femme\/","url":"https:\/\/egidimadeinitaly.com\/fr\/produit\/art-ancien\/tableaux-anciens-fr\/francesco-vinea-portrait-dune-femme\/","name":"Francesco Vinea portrait d'une femme - Egidi MadeinItaly","isPartOf":{"@id":"https:\/\/egidimadeinitaly.com\/fr\/#website"},"primaryImageOfPage":{"@id":"https:\/\/egidimadeinitaly.com\/fr\/produit\/art-ancien\/tableaux-anciens-fr\/francesco-vinea-portrait-dune-femme\/#primaryimage"},"image":{"@id":"https:\/\/egidimadeinitaly.com\/fr\/produit\/art-ancien\/tableaux-anciens-fr\/francesco-vinea-portrait-dune-femme\/#primaryimage"},"thumbnailUrl":"https:\/\/egidimadeinitaly.com\/v25\/wp-content\/uploads\/2024\/01\/2022-11-25-Egidi-madeinItaly-28-ORIGINALI-49-scaled-e1706355601658.jpg","datePublished":"2024-01-31T11:47:29+00:00","dateModified":"2026-02-05T17:14:08+00:00","description":"Peinture de Francesco Vinea repr\u00e9sentant un portrait de femme avec des bijoux, datant de la fin du XIXe si\u00e8cle, en vente chez Egidi MadeinItaly.","breadcrumb":{"@id":"https:\/\/egidimadeinitaly.com\/fr\/produit\/art-ancien\/tableaux-anciens-fr\/francesco-vinea-portrait-dune-femme\/#breadcrumb"},"inLanguage":"fr-FR","potentialAction":[{"@type":"ReadAction","target":["https:\/\/egidimadeinitaly.com\/fr\/produit\/art-ancien\/tableaux-anciens-fr\/francesco-vinea-portrait-dune-femme\/"]}]},{"@type":"ImageObject","inLanguage":"fr-FR","@id":"https:\/\/egidimadeinitaly.com\/fr\/produit\/art-ancien\/tableaux-anciens-fr\/francesco-vinea-portrait-dune-femme\/#primaryimage","url":"https:\/\/egidimadeinitaly.com\/v25\/wp-content\/uploads\/2024\/01\/2022-11-25-Egidi-madeinItaly-28-ORIGINALI-49-scaled-e1706355601658.jpg","contentUrl":"https:\/\/egidimadeinitaly.com\/v25\/wp-content\/uploads\/2024\/01\/2022-11-25-Egidi-madeinItaly-28-ORIGINALI-49-scaled-e1706355601658.jpg","width":2560,"height":2560,"caption":"Francesco Vinea portrait d'une femme"},{"@type":"BreadcrumbList","@id":"https:\/\/egidimadeinitaly.com\/fr\/produit\/art-ancien\/tableaux-anciens-fr\/francesco-vinea-portrait-dune-femme\/#breadcrumb","itemListElement":[{"@type":"ListItem","position":1,"name":"Home","item":"https:\/\/egidimadeinitaly.com\/fr\/"},{"@type":"ListItem","position":2,"name":"Produits","item":"https:\/\/egidimadeinitaly.com\/fr\/shop\/"},{"@type":"ListItem","position":3,"name":"Art ancien","item":"https:\/\/egidimadeinitaly.com\/fr\/product-category\/art-ancien\/"},{"@type":"ListItem","position":4,"name":"Tableaux anciens","item":"https:\/\/egidimadeinitaly.com\/fr\/product-category\/art-ancien\/tableaux-anciens-fr\/"},{"@type":"ListItem","position":5,"name":"Francesco Vinea portrait d&#8217;une femme"}]},{"@type":"WebSite","@id":"https:\/\/egidimadeinitaly.com\/fr\/#website","url":"https:\/\/egidimadeinitaly.com\/fr\/","name":"Egidi MadeinItaly","description":"Fine Art","potentialAction":[{"@type":"SearchAction","target":{"@type":"EntryPoint","urlTemplate":"https:\/\/egidimadeinitaly.com\/fr\/?s={search_term_string}"},"query-input":{"@type":"PropertyValueSpecification","valueRequired":true,"valueName":"search_term_string"}}],"inLanguage":"fr-FR"}]}},"_links":{"self":[{"href":"https:\/\/egidimadeinitaly.com\/fr\/wp-json\/wp\/v2\/product\/117634","targetHints":{"allow":["GET"]}}],"collection":[{"href":"https:\/\/egidimadeinitaly.com\/fr\/wp-json\/wp\/v2\/product"}],"about":[{"href":"https:\/\/egidimadeinitaly.com\/fr\/wp-json\/wp\/v2\/types\/product"}],"wp:featuredmedia":[{"embeddable":true,"href":"https:\/\/egidimadeinitaly.com\/fr\/wp-json\/wp\/v2\/media\/117554"}],"wp:attachment":[{"href":"https:\/\/egidimadeinitaly.com\/fr\/wp-json\/wp\/v2\/media?parent=117634"}],"wp:term":[{"taxonomy":"product_brand","embeddable":true,"href":"https:\/\/egidimadeinitaly.com\/fr\/wp-json\/wp\/v2\/product_brand?post=117634"},{"taxonomy":"product_cat","embeddable":true,"href":"https:\/\/egidimadeinitaly.com\/fr\/wp-json\/wp\/v2\/product_cat?post=117634"},{"taxonomy":"product_tag","embeddable":true,"href":"https:\/\/egidimadeinitaly.com\/fr\/wp-json\/wp\/v2\/product_tag?post=117634"}],"curies":[{"name":"wp","href":"https:\/\/api.w.org\/{rel}","templated":true}]}}