{"id":117622,"date":"2024-01-31T10:40:34","date_gmt":"2024-01-31T09:40:34","guid":{"rendered":"https:\/\/egidimadeinitaly.com\/?post_type=product&#038;p=117622"},"modified":"2025-06-03T14:40:02","modified_gmt":"2025-06-03T13:40:02","slug":"domenico-morelli-aquarelle","status":"publish","type":"product","link":"https:\/\/egidimadeinitaly.com\/fr\/negozio\/art-ancien\/domenico-morelli-aquarelle\/","title":{"rendered":"Domenico Morelli aquarelle"},"content":{"rendered":"<p><strong>Domenico Morelli<\/strong>, peintre d&rsquo;histoire, de paysages, de portraits et de genre, n\u00e9 \u00e0 Naples le 4 ao\u00fbt 1826, mort dans la meme ville le 13 ao\u00fbt 1901.<\/p>\n<p>L&rsquo;\u0153uvre, in\u00e9dite sur le march\u00e9, provient d&rsquo;une collection priv\u00e9e et est prot\u00e9g\u00e9e par un cadre et une vitre.<\/p>\n<p>Dimensions sans cadre cm. 7,5 x 19.<\/p>\n","protected":false},"excerpt":{"rendered":"<p><span style=\"font-weight: 400;\">Femme au puits avec son outre. Aquarelle sur papier sign\u00e9e Morelli (Naples 1823-1901).<\/span><\/p>\n","protected":false},"featured_media":117617,"template":"","meta":{"_acf_changed":false},"product_brand":[],"product_cat":[6374],"product_tag":[6607],"class_list":{"0":"post-117622","1":"product","2":"type-product","3":"status-publish","4":"has-post-thumbnail","6":"product_cat-art-ancien","7":"product_tag-orientalistes-napolitains","9":"first","10":"instock","11":"taxable","12":"shipping-taxable","13":"purchasable","14":"product-type-simple"},"acf":[],"yoast_head":"<!-- This site is optimized with the Yoast SEO Premium plugin v27.5 (Yoast SEO v27.5) - https:\/\/yoast.com\/product\/yoast-seo-premium-wordpress\/ -->\n<title>Domenico Morelli aquarelle - Egidi MadeinItaly<\/title>\n<meta name=\"description\" content=\"Domenico Morelli Femme au puits avec une outre Aquarelle sur papier sign\u00e9e Morelli Oeuvre ancienne sur papier en vente sur Egidi MadeinItaly\" \/>\n<meta name=\"robots\" content=\"index, follow, max-snippet:-1, max-image-preview:large, max-video-preview:-1\" \/>\n<link rel=\"canonical\" href=\"https:\/\/egidimadeinitaly.com\/fr\/produit\/art-ancien\/oeuvres-anciennes-sur-papier-fr\/domenico-morelli-aquarelle\/\" \/>\n<meta property=\"og:locale\" content=\"fr_FR\" \/>\n<meta property=\"og:type\" content=\"article\" \/>\n<meta property=\"og:title\" content=\"Domenico Morelli aquarelle\" \/>\n<meta property=\"og:description\" content=\"Femme au puits avec son outre. Aquarelle sur papier sign\u00e9e Morelli (Naples 1823-1901).\" \/>\n<meta property=\"og:url\" content=\"https:\/\/egidimadeinitaly.com\/fr\/produit\/art-ancien\/oeuvres-anciennes-sur-papier-fr\/domenico-morelli-aquarelle\/\" \/>\n<meta property=\"og:site_name\" content=\"Egidi MadeinItaly\" \/>\n<meta property=\"article:publisher\" content=\"https:\/\/www.facebook.com\/egidimadeinitaly\/\" \/>\n<meta property=\"article:modified_time\" content=\"2025-06-03T13:40:02+00:00\" \/>\n<meta property=\"og:image\" content=\"https:\/\/egidimadeinitaly.com\/v25\/wp-content\/uploads\/2024\/01\/Domenico-Morelli-1.jpg\" \/>\n\t<meta property=\"og:image:width\" content=\"1984\" \/>\n\t<meta property=\"og:image:height\" content=\"1984\" \/>\n\t<meta property=\"og:image:type\" content=\"image\/jpeg\" \/>\n<script type=\"application\/ld+json\" class=\"yoast-schema-graph\">{\"@context\":\"https:\\\/\\\/schema.org\",\"@graph\":[{\"@type\":\"WebPage\",\"@id\":\"https:\\\/\\\/egidimadeinitaly.com\\\/fr\\\/negozio\\\/art-ancien\\\/domenico-morelli-aquarelle\\\/\",\"url\":\"https:\\\/\\\/egidimadeinitaly.com\\\/fr\\\/produit\\\/art-ancien\\\/oeuvres-anciennes-sur-papier-fr\\\/domenico-morelli-aquarelle\\\/\",\"name\":\"Domenico Morelli aquarelle - Egidi MadeinItaly\",\"isPartOf\":{\"@id\":\"https:\\\/\\\/egidimadeinitaly.com\\\/fr\\\/#website\"},\"primaryImageOfPage\":{\"@id\":\"https:\\\/\\\/egidimadeinitaly.com\\\/fr\\\/produit\\\/art-ancien\\\/oeuvres-anciennes-sur-papier-fr\\\/domenico-morelli-aquarelle\\\/#primaryimage\"},\"image\":{\"@id\":\"https:\\\/\\\/egidimadeinitaly.com\\\/fr\\\/produit\\\/art-ancien\\\/oeuvres-anciennes-sur-papier-fr\\\/domenico-morelli-aquarelle\\\/#primaryimage\"},\"thumbnailUrl\":\"https:\\\/\\\/egidimadeinitaly.com\\\/v25\\\/wp-content\\\/uploads\\\/2024\\\/01\\\/Domenico-Morelli-1.jpg\",\"datePublished\":\"2024-01-31T09:40:34+00:00\",\"dateModified\":\"2025-06-03T13:40:02+00:00\",\"description\":\"Domenico Morelli Femme au puits avec une outre Aquarelle sur papier sign\u00e9e Morelli Oeuvre ancienne sur papier en vente sur Egidi MadeinItaly\",\"breadcrumb\":{\"@id\":\"https:\\\/\\\/egidimadeinitaly.com\\\/fr\\\/produit\\\/art-ancien\\\/oeuvres-anciennes-sur-papier-fr\\\/domenico-morelli-aquarelle\\\/#breadcrumb\"},\"inLanguage\":\"fr-FR\",\"potentialAction\":[{\"@type\":\"ReadAction\",\"target\":[\"https:\\\/\\\/egidimadeinitaly.com\\\/fr\\\/produit\\\/art-ancien\\\/oeuvres-anciennes-sur-papier-fr\\\/domenico-morelli-aquarelle\\\/\"]}]},{\"@type\":\"ImageObject\",\"inLanguage\":\"fr-FR\",\"@id\":\"https:\\\/\\\/egidimadeinitaly.com\\\/fr\\\/produit\\\/art-ancien\\\/oeuvres-anciennes-sur-papier-fr\\\/domenico-morelli-aquarelle\\\/#primaryimage\",\"url\":\"https:\\\/\\\/egidimadeinitaly.com\\\/v25\\\/wp-content\\\/uploads\\\/2024\\\/01\\\/Domenico-Morelli-1.jpg\",\"contentUrl\":\"https:\\\/\\\/egidimadeinitaly.com\\\/v25\\\/wp-content\\\/uploads\\\/2024\\\/01\\\/Domenico-Morelli-1.jpg\",\"width\":1984,\"height\":1984,\"caption\":\"Domenico Morelli\"},{\"@type\":\"BreadcrumbList\",\"@id\":\"https:\\\/\\\/egidimadeinitaly.com\\\/fr\\\/produit\\\/art-ancien\\\/oeuvres-anciennes-sur-papier-fr\\\/domenico-morelli-aquarelle\\\/#breadcrumb\",\"itemListElement\":[{\"@type\":\"ListItem\",\"position\":1,\"name\":\"Home\",\"item\":\"https:\\\/\\\/egidimadeinitaly.com\\\/fr\\\/\"},{\"@type\":\"ListItem\",\"position\":2,\"name\":\"Produits\",\"item\":\"https:\\\/\\\/egidimadeinitaly.com\\\/fr\\\/shop\\\/\"},{\"@type\":\"ListItem\",\"position\":3,\"name\":\"Art ancien\",\"item\":\"https:\\\/\\\/egidimadeinitaly.com\\\/fr\\\/product-category\\\/art-ancien\\\/\"},{\"@type\":\"ListItem\",\"position\":4,\"name\":\"\u0152uvres anciennes sur papier\",\"item\":\"https:\\\/\\\/egidimadeinitaly.com\\\/fr\\\/product-category\\\/art-ancien\\\/oeuvres-anciennes-sur-papier-fr\\\/\"},{\"@type\":\"ListItem\",\"position\":5,\"name\":\"Domenico Morelli aquarelle\"}]},{\"@type\":\"WebSite\",\"@id\":\"https:\\\/\\\/egidimadeinitaly.com\\\/fr\\\/#website\",\"url\":\"https:\\\/\\\/egidimadeinitaly.com\\\/fr\\\/\",\"name\":\"Egidi MadeinItaly\",\"description\":\"Fine Art\",\"potentialAction\":[{\"@type\":\"SearchAction\",\"target\":{\"@type\":\"EntryPoint\",\"urlTemplate\":\"https:\\\/\\\/egidimadeinitaly.com\\\/fr\\\/?s={search_term_string}\"},\"query-input\":{\"@type\":\"PropertyValueSpecification\",\"valueRequired\":true,\"valueName\":\"search_term_string\"}}],\"inLanguage\":\"fr-FR\"}]}<\/script>\n<!-- \/ Yoast SEO Premium plugin. -->","yoast_head_json":{"title":"Domenico Morelli aquarelle - Egidi MadeinItaly","description":"Domenico Morelli Femme au puits avec une outre Aquarelle sur papier sign\u00e9e Morelli Oeuvre ancienne sur papier en vente sur Egidi MadeinItaly","robots":{"index":"index","follow":"follow","max-snippet":"max-snippet:-1","max-image-preview":"max-image-preview:large","max-video-preview":"max-video-preview:-1"},"canonical":"https:\/\/egidimadeinitaly.com\/fr\/produit\/art-ancien\/oeuvres-anciennes-sur-papier-fr\/domenico-morelli-aquarelle\/","og_locale":"fr_FR","og_type":"article","og_title":"Domenico Morelli aquarelle","og_description":"Femme au puits avec son outre. Aquarelle sur papier sign\u00e9e Morelli (Naples 1823-1901).","og_url":"https:\/\/egidimadeinitaly.com\/fr\/produit\/art-ancien\/oeuvres-anciennes-sur-papier-fr\/domenico-morelli-aquarelle\/","og_site_name":"Egidi MadeinItaly","article_publisher":"https:\/\/www.facebook.com\/egidimadeinitaly\/","article_modified_time":"2025-06-03T13:40:02+00:00","og_image":[{"width":1984,"height":1984,"url":"https:\/\/egidimadeinitaly.com\/v25\/wp-content\/uploads\/2024\/01\/Domenico-Morelli-1.jpg","type":"image\/jpeg"}],"schema":{"@context":"https:\/\/schema.org","@graph":[{"@type":"WebPage","@id":"https:\/\/egidimadeinitaly.com\/fr\/negozio\/art-ancien\/domenico-morelli-aquarelle\/","url":"https:\/\/egidimadeinitaly.com\/fr\/produit\/art-ancien\/oeuvres-anciennes-sur-papier-fr\/domenico-morelli-aquarelle\/","name":"Domenico Morelli aquarelle - Egidi MadeinItaly","isPartOf":{"@id":"https:\/\/egidimadeinitaly.com\/fr\/#website"},"primaryImageOfPage":{"@id":"https:\/\/egidimadeinitaly.com\/fr\/produit\/art-ancien\/oeuvres-anciennes-sur-papier-fr\/domenico-morelli-aquarelle\/#primaryimage"},"image":{"@id":"https:\/\/egidimadeinitaly.com\/fr\/produit\/art-ancien\/oeuvres-anciennes-sur-papier-fr\/domenico-morelli-aquarelle\/#primaryimage"},"thumbnailUrl":"https:\/\/egidimadeinitaly.com\/v25\/wp-content\/uploads\/2024\/01\/Domenico-Morelli-1.jpg","datePublished":"2024-01-31T09:40:34+00:00","dateModified":"2025-06-03T13:40:02+00:00","description":"Domenico Morelli Femme au puits avec une outre Aquarelle sur papier sign\u00e9e Morelli Oeuvre ancienne sur papier en vente sur Egidi MadeinItaly","breadcrumb":{"@id":"https:\/\/egidimadeinitaly.com\/fr\/produit\/art-ancien\/oeuvres-anciennes-sur-papier-fr\/domenico-morelli-aquarelle\/#breadcrumb"},"inLanguage":"fr-FR","potentialAction":[{"@type":"ReadAction","target":["https:\/\/egidimadeinitaly.com\/fr\/produit\/art-ancien\/oeuvres-anciennes-sur-papier-fr\/domenico-morelli-aquarelle\/"]}]},{"@type":"ImageObject","inLanguage":"fr-FR","@id":"https:\/\/egidimadeinitaly.com\/fr\/produit\/art-ancien\/oeuvres-anciennes-sur-papier-fr\/domenico-morelli-aquarelle\/#primaryimage","url":"https:\/\/egidimadeinitaly.com\/v25\/wp-content\/uploads\/2024\/01\/Domenico-Morelli-1.jpg","contentUrl":"https:\/\/egidimadeinitaly.com\/v25\/wp-content\/uploads\/2024\/01\/Domenico-Morelli-1.jpg","width":1984,"height":1984,"caption":"Domenico Morelli"},{"@type":"BreadcrumbList","@id":"https:\/\/egidimadeinitaly.com\/fr\/produit\/art-ancien\/oeuvres-anciennes-sur-papier-fr\/domenico-morelli-aquarelle\/#breadcrumb","itemListElement":[{"@type":"ListItem","position":1,"name":"Home","item":"https:\/\/egidimadeinitaly.com\/fr\/"},{"@type":"ListItem","position":2,"name":"Produits","item":"https:\/\/egidimadeinitaly.com\/fr\/shop\/"},{"@type":"ListItem","position":3,"name":"Art ancien","item":"https:\/\/egidimadeinitaly.com\/fr\/product-category\/art-ancien\/"},{"@type":"ListItem","position":4,"name":"\u0152uvres anciennes sur papier","item":"https:\/\/egidimadeinitaly.com\/fr\/product-category\/art-ancien\/oeuvres-anciennes-sur-papier-fr\/"},{"@type":"ListItem","position":5,"name":"Domenico Morelli aquarelle"}]},{"@type":"WebSite","@id":"https:\/\/egidimadeinitaly.com\/fr\/#website","url":"https:\/\/egidimadeinitaly.com\/fr\/","name":"Egidi MadeinItaly","description":"Fine Art","potentialAction":[{"@type":"SearchAction","target":{"@type":"EntryPoint","urlTemplate":"https:\/\/egidimadeinitaly.com\/fr\/?s={search_term_string}"},"query-input":{"@type":"PropertyValueSpecification","valueRequired":true,"valueName":"search_term_string"}}],"inLanguage":"fr-FR"}]}},"_links":{"self":[{"href":"https:\/\/egidimadeinitaly.com\/fr\/wp-json\/wp\/v2\/product\/117622","targetHints":{"allow":["GET"]}}],"collection":[{"href":"https:\/\/egidimadeinitaly.com\/fr\/wp-json\/wp\/v2\/product"}],"about":[{"href":"https:\/\/egidimadeinitaly.com\/fr\/wp-json\/wp\/v2\/types\/product"}],"wp:featuredmedia":[{"embeddable":true,"href":"https:\/\/egidimadeinitaly.com\/fr\/wp-json\/wp\/v2\/media\/117617"}],"wp:attachment":[{"href":"https:\/\/egidimadeinitaly.com\/fr\/wp-json\/wp\/v2\/media?parent=117622"}],"wp:term":[{"taxonomy":"product_brand","embeddable":true,"href":"https:\/\/egidimadeinitaly.com\/fr\/wp-json\/wp\/v2\/product_brand?post=117622"},{"taxonomy":"product_cat","embeddable":true,"href":"https:\/\/egidimadeinitaly.com\/fr\/wp-json\/wp\/v2\/product_cat?post=117622"},{"taxonomy":"product_tag","embeddable":true,"href":"https:\/\/egidimadeinitaly.com\/fr\/wp-json\/wp\/v2\/product_tag?post=117622"}],"curies":[{"name":"wp","href":"https:\/\/api.w.org\/{rel}","templated":true}]}}