{"id":117473,"date":"2024-01-25T15:37:41","date_gmt":"2024-01-25T14:37:41","guid":{"rendered":"https:\/\/egidimadeinitaly.com\/?post_type=product&#038;p=117473"},"modified":"2024-10-19T20:31:24","modified_gmt":"2024-10-19T19:31:24","slug":"onorio-marinari-sainte-marguerite-dantioche","status":"publish","type":"product","link":"https:\/\/egidimadeinitaly.com\/fr\/negozio\/art-ancien\/tableaux-anciens-fr\/onorio-marinari-sainte-marguerite-dantioche\/","title":{"rendered":"Onorio Marinari Sainte Marguerite d&rsquo;Antioche"},"content":{"rendered":"<p><strong>Sainte Marguerite d&rsquo;Antioche<\/strong> est une sainte de l&rsquo;\u00c9glise catholique.<\/p>\n<p>Sainte Marguerite d&rsquo;Antioche avec une <strong>t\u00eate de dragon<\/strong>, l&rsquo;attribut habituel de la jeune chr\u00e9tienne qui v\u00e9cut au III^e si\u00e8cle, pendant les pers\u00e9cutions promues par l&#8217;empereur Diocl\u00e9tien.<\/p>\n<p>Selon le texte de sa fantaisiste Passio, \u00e9crite en grec par Th\u00e9otimo, Marguerite, \u00e2g\u00e9e de 15 ans, ayant consacr\u00e9 sa virginit\u00e9 \u00e0 Dieu, refusa les propositions du pr\u00e9fet Ollarios qui l&rsquo;avait remarqu\u00e9e alors que la jeune fille faisait pa\u00eetre son troupeau.<br \/>\nLe pr\u00e9fet, humili\u00e9, la d\u00e9non\u00e7a pour sa foi et la fit emprisonner. Dans sa cellule, le diable apparut \u00e0 Marguerite sous la forme d&rsquo;un dragon qui l&rsquo;engloutit, mais la jeune femme r\u00e9ussit \u00e0 lui d\u00e9chirer le ventre avec la croix qu&rsquo;elle tenait fermement dans ses mains, restant ainsi indemne.<\/p>\n<h2 style=\"text-align: center;\">Vous poss\u00e9dez une \u0153uvre de Onorio Marinari et vous voulez la vendre ?<\/h2>\n<p style=\"text-align: center;\">Pour toute expertise ou estimation de vos \u0153uvres et de vos collections,<\/p>\n<p style=\"text-align: center;\">vous pouvez nous contacter \u00e0 l&rsquo;adresse sabrina@egidimadeinitaly.com<\/p>\n<p style=\"text-align: center;\">ou<\/p>\n<p style=\"text-align: center;\">\u00a0envoyez-nous un message WhatsApp au au\u00a0 +39 3356585431<\/p>\n<p style=\"text-align: center;\"><span style=\"color: #ff6600;\"><strong>VOUS POUVEZ NOUS FAIRE CONFIANCE<\/strong><\/span><\/p>\n<p>&nbsp;<\/p>\n<p>&nbsp;<\/p>\n<p>&nbsp;<\/p>\n<p>&nbsp;<\/p>\n<p>&nbsp;<\/p>\n<p>&nbsp;<\/p>\n<p>&nbsp;<\/p>\n<p>&nbsp;<\/p>\n<p>&nbsp;<\/p>\n","protected":false},"excerpt":{"rendered":"<p>Onorio Marinari (Florence, 1627-1716) Sainte Marguerite d&rsquo;Antioche Huile sur toile, 94&#215;74,5 cm Collection particuli\u00e8re. Fiche technique du Dr. Silvia Benassai.<\/p>\n","protected":false},"featured_media":117402,"template":"","meta":{"_acf_changed":false},"product_brand":[],"product_cat":[6374,6408],"product_tag":[4245,5732],"class_list":{"0":"post-117473","1":"product","2":"type-product","3":"status-publish","4":"has-post-thumbnail","6":"product_cat-art-ancien","7":"product_cat-tableaux-anciens-fr","8":"product_tag-art-sacre","9":"product_tag-beaux-arts-fr","11":"first","12":"instock","13":"taxable","14":"shipping-taxable","15":"purchasable","16":"product-type-simple"},"acf":[],"yoast_head":"<!-- This site is optimized with the Yoast SEO Premium plugin v27.5 (Yoast SEO v27.5) - https:\/\/yoast.com\/product\/yoast-seo-premium-wordpress\/ -->\n<title>Onorio Marinari Sainte Marguerite d&#039;Antioche - Egidi MadeinItaly<\/title>\n<meta name=\"description\" content=\"Tableau ancien du peintre florentin Onorio Marinari repr\u00e9sentant Sainte Marguerite d&#039;Antioche disponible sur Egidi MadeinItaly\" \/>\n<meta name=\"robots\" content=\"index, follow, max-snippet:-1, max-image-preview:large, max-video-preview:-1\" \/>\n<link rel=\"canonical\" href=\"https:\/\/egidimadeinitaly.com\/fr\/produit\/art-ancien\/tableaux-anciens-fr\/onorio-marinari-sainte-marguerite-dantioche\/\" \/>\n<meta property=\"og:locale\" content=\"fr_FR\" \/>\n<meta property=\"og:type\" content=\"article\" \/>\n<meta property=\"og:title\" content=\"Onorio Marinari Sainte Marguerite d&#039;Antioche\" \/>\n<meta property=\"og:description\" content=\"Onorio Marinari (Florence, 1627-1716) Sainte Marguerite d&#039;Antioche Huile sur toile, 94x74,5 cm Collection particuli\u00e8re. Fiche technique du Dr. Silvia Benassai.\" \/>\n<meta property=\"og:url\" content=\"https:\/\/egidimadeinitaly.com\/fr\/produit\/art-ancien\/tableaux-anciens-fr\/onorio-marinari-sainte-marguerite-dantioche\/\" \/>\n<meta property=\"og:site_name\" content=\"Egidi MadeinItaly\" \/>\n<meta property=\"article:publisher\" content=\"https:\/\/www.facebook.com\/egidimadeinitaly\/\" \/>\n<meta property=\"article:modified_time\" content=\"2024-10-19T19:31:24+00:00\" \/>\n<meta property=\"og:image\" content=\"https:\/\/egidimadeinitaly.com\/wp-content\/uploads\/2024\/01\/Santa-Margherita-da-Cortona-di-Onorio-Marinati-c-cornice.jpg\" \/>\n\t<meta property=\"og:image:width\" content=\"1984\" \/>\n\t<meta property=\"og:image:height\" content=\"1984\" \/>\n\t<meta property=\"og:image:type\" content=\"image\/jpeg\" \/>\n<script type=\"application\/ld+json\" class=\"yoast-schema-graph\">{\"@context\":\"https:\\\/\\\/schema.org\",\"@graph\":[{\"@type\":\"WebPage\",\"@id\":\"https:\\\/\\\/egidimadeinitaly.com\\\/fr\\\/negozio\\\/art-ancien\\\/tableaux-anciens-fr\\\/onorio-marinari-sainte-marguerite-dantioche\\\/\",\"url\":\"https:\\\/\\\/egidimadeinitaly.com\\\/fr\\\/produit\\\/art-ancien\\\/tableaux-anciens-fr\\\/onorio-marinari-sainte-marguerite-dantioche\\\/\",\"name\":\"Onorio Marinari Sainte Marguerite d'Antioche - Egidi MadeinItaly\",\"isPartOf\":{\"@id\":\"https:\\\/\\\/egidimadeinitaly.com\\\/fr\\\/#website\"},\"primaryImageOfPage\":{\"@id\":\"https:\\\/\\\/egidimadeinitaly.com\\\/fr\\\/produit\\\/art-ancien\\\/tableaux-anciens-fr\\\/onorio-marinari-sainte-marguerite-dantioche\\\/#primaryimage\"},\"image\":{\"@id\":\"https:\\\/\\\/egidimadeinitaly.com\\\/fr\\\/produit\\\/art-ancien\\\/tableaux-anciens-fr\\\/onorio-marinari-sainte-marguerite-dantioche\\\/#primaryimage\"},\"thumbnailUrl\":\"https:\\\/\\\/egidimadeinitaly.com\\\/v25\\\/wp-content\\\/uploads\\\/2024\\\/01\\\/Santa-Margherita-da-Cortona-di-Onorio-Marinati-c-cornice.jpg\",\"datePublished\":\"2024-01-25T14:37:41+00:00\",\"dateModified\":\"2024-10-19T19:31:24+00:00\",\"description\":\"Tableau ancien du peintre florentin Onorio Marinari repr\u00e9sentant Sainte Marguerite d'Antioche disponible sur Egidi MadeinItaly\",\"breadcrumb\":{\"@id\":\"https:\\\/\\\/egidimadeinitaly.com\\\/fr\\\/produit\\\/art-ancien\\\/tableaux-anciens-fr\\\/onorio-marinari-sainte-marguerite-dantioche\\\/#breadcrumb\"},\"inLanguage\":\"fr-FR\",\"potentialAction\":[{\"@type\":\"ReadAction\",\"target\":[\"https:\\\/\\\/egidimadeinitaly.com\\\/fr\\\/produit\\\/art-ancien\\\/tableaux-anciens-fr\\\/onorio-marinari-sainte-marguerite-dantioche\\\/\"]}]},{\"@type\":\"ImageObject\",\"inLanguage\":\"fr-FR\",\"@id\":\"https:\\\/\\\/egidimadeinitaly.com\\\/fr\\\/produit\\\/art-ancien\\\/tableaux-anciens-fr\\\/onorio-marinari-sainte-marguerite-dantioche\\\/#primaryimage\",\"url\":\"https:\\\/\\\/egidimadeinitaly.com\\\/v25\\\/wp-content\\\/uploads\\\/2024\\\/01\\\/Santa-Margherita-da-Cortona-di-Onorio-Marinati-c-cornice.jpg\",\"contentUrl\":\"https:\\\/\\\/egidimadeinitaly.com\\\/v25\\\/wp-content\\\/uploads\\\/2024\\\/01\\\/Santa-Margherita-da-Cortona-di-Onorio-Marinati-c-cornice.jpg\",\"width\":1984,\"height\":1984,\"caption\":\"Peinture ancienne Onorio Marinari\"},{\"@type\":\"BreadcrumbList\",\"@id\":\"https:\\\/\\\/egidimadeinitaly.com\\\/fr\\\/produit\\\/art-ancien\\\/tableaux-anciens-fr\\\/onorio-marinari-sainte-marguerite-dantioche\\\/#breadcrumb\",\"itemListElement\":[{\"@type\":\"ListItem\",\"position\":1,\"name\":\"Home\",\"item\":\"https:\\\/\\\/egidimadeinitaly.com\\\/fr\\\/\"},{\"@type\":\"ListItem\",\"position\":2,\"name\":\"Produits\",\"item\":\"https:\\\/\\\/egidimadeinitaly.com\\\/fr\\\/shop\\\/\"},{\"@type\":\"ListItem\",\"position\":3,\"name\":\"Art ancien\",\"item\":\"https:\\\/\\\/egidimadeinitaly.com\\\/fr\\\/product-category\\\/art-ancien\\\/\"},{\"@type\":\"ListItem\",\"position\":4,\"name\":\"Tableaux anciens\",\"item\":\"https:\\\/\\\/egidimadeinitaly.com\\\/fr\\\/product-category\\\/art-ancien\\\/tableaux-anciens-fr\\\/\"},{\"@type\":\"ListItem\",\"position\":5,\"name\":\"Onorio Marinari Sainte Marguerite d&#8217;Antioche\"}]},{\"@type\":\"WebSite\",\"@id\":\"https:\\\/\\\/egidimadeinitaly.com\\\/fr\\\/#website\",\"url\":\"https:\\\/\\\/egidimadeinitaly.com\\\/fr\\\/\",\"name\":\"Egidi MadeinItaly\",\"description\":\"Fine Art\",\"potentialAction\":[{\"@type\":\"SearchAction\",\"target\":{\"@type\":\"EntryPoint\",\"urlTemplate\":\"https:\\\/\\\/egidimadeinitaly.com\\\/fr\\\/?s={search_term_string}\"},\"query-input\":{\"@type\":\"PropertyValueSpecification\",\"valueRequired\":true,\"valueName\":\"search_term_string\"}}],\"inLanguage\":\"fr-FR\"}]}<\/script>\n<!-- \/ Yoast SEO Premium plugin. -->","yoast_head_json":{"title":"Onorio Marinari Sainte Marguerite d'Antioche - Egidi MadeinItaly","description":"Tableau ancien du peintre florentin Onorio Marinari repr\u00e9sentant Sainte Marguerite d'Antioche disponible sur Egidi MadeinItaly","robots":{"index":"index","follow":"follow","max-snippet":"max-snippet:-1","max-image-preview":"max-image-preview:large","max-video-preview":"max-video-preview:-1"},"canonical":"https:\/\/egidimadeinitaly.com\/fr\/produit\/art-ancien\/tableaux-anciens-fr\/onorio-marinari-sainte-marguerite-dantioche\/","og_locale":"fr_FR","og_type":"article","og_title":"Onorio Marinari Sainte Marguerite d'Antioche","og_description":"Onorio Marinari (Florence, 1627-1716) Sainte Marguerite d'Antioche Huile sur toile, 94x74,5 cm Collection particuli\u00e8re. Fiche technique du Dr. Silvia Benassai.","og_url":"https:\/\/egidimadeinitaly.com\/fr\/produit\/art-ancien\/tableaux-anciens-fr\/onorio-marinari-sainte-marguerite-dantioche\/","og_site_name":"Egidi MadeinItaly","article_publisher":"https:\/\/www.facebook.com\/egidimadeinitaly\/","article_modified_time":"2024-10-19T19:31:24+00:00","og_image":[{"width":1984,"height":1984,"url":"https:\/\/egidimadeinitaly.com\/wp-content\/uploads\/2024\/01\/Santa-Margherita-da-Cortona-di-Onorio-Marinati-c-cornice.jpg","type":"image\/jpeg"}],"schema":{"@context":"https:\/\/schema.org","@graph":[{"@type":"WebPage","@id":"https:\/\/egidimadeinitaly.com\/fr\/negozio\/art-ancien\/tableaux-anciens-fr\/onorio-marinari-sainte-marguerite-dantioche\/","url":"https:\/\/egidimadeinitaly.com\/fr\/produit\/art-ancien\/tableaux-anciens-fr\/onorio-marinari-sainte-marguerite-dantioche\/","name":"Onorio Marinari Sainte Marguerite d'Antioche - Egidi MadeinItaly","isPartOf":{"@id":"https:\/\/egidimadeinitaly.com\/fr\/#website"},"primaryImageOfPage":{"@id":"https:\/\/egidimadeinitaly.com\/fr\/produit\/art-ancien\/tableaux-anciens-fr\/onorio-marinari-sainte-marguerite-dantioche\/#primaryimage"},"image":{"@id":"https:\/\/egidimadeinitaly.com\/fr\/produit\/art-ancien\/tableaux-anciens-fr\/onorio-marinari-sainte-marguerite-dantioche\/#primaryimage"},"thumbnailUrl":"https:\/\/egidimadeinitaly.com\/v25\/wp-content\/uploads\/2024\/01\/Santa-Margherita-da-Cortona-di-Onorio-Marinati-c-cornice.jpg","datePublished":"2024-01-25T14:37:41+00:00","dateModified":"2024-10-19T19:31:24+00:00","description":"Tableau ancien du peintre florentin Onorio Marinari repr\u00e9sentant Sainte Marguerite d'Antioche disponible sur Egidi MadeinItaly","breadcrumb":{"@id":"https:\/\/egidimadeinitaly.com\/fr\/produit\/art-ancien\/tableaux-anciens-fr\/onorio-marinari-sainte-marguerite-dantioche\/#breadcrumb"},"inLanguage":"fr-FR","potentialAction":[{"@type":"ReadAction","target":["https:\/\/egidimadeinitaly.com\/fr\/produit\/art-ancien\/tableaux-anciens-fr\/onorio-marinari-sainte-marguerite-dantioche\/"]}]},{"@type":"ImageObject","inLanguage":"fr-FR","@id":"https:\/\/egidimadeinitaly.com\/fr\/produit\/art-ancien\/tableaux-anciens-fr\/onorio-marinari-sainte-marguerite-dantioche\/#primaryimage","url":"https:\/\/egidimadeinitaly.com\/v25\/wp-content\/uploads\/2024\/01\/Santa-Margherita-da-Cortona-di-Onorio-Marinati-c-cornice.jpg","contentUrl":"https:\/\/egidimadeinitaly.com\/v25\/wp-content\/uploads\/2024\/01\/Santa-Margherita-da-Cortona-di-Onorio-Marinati-c-cornice.jpg","width":1984,"height":1984,"caption":"Peinture ancienne Onorio Marinari"},{"@type":"BreadcrumbList","@id":"https:\/\/egidimadeinitaly.com\/fr\/produit\/art-ancien\/tableaux-anciens-fr\/onorio-marinari-sainte-marguerite-dantioche\/#breadcrumb","itemListElement":[{"@type":"ListItem","position":1,"name":"Home","item":"https:\/\/egidimadeinitaly.com\/fr\/"},{"@type":"ListItem","position":2,"name":"Produits","item":"https:\/\/egidimadeinitaly.com\/fr\/shop\/"},{"@type":"ListItem","position":3,"name":"Art ancien","item":"https:\/\/egidimadeinitaly.com\/fr\/product-category\/art-ancien\/"},{"@type":"ListItem","position":4,"name":"Tableaux anciens","item":"https:\/\/egidimadeinitaly.com\/fr\/product-category\/art-ancien\/tableaux-anciens-fr\/"},{"@type":"ListItem","position":5,"name":"Onorio Marinari Sainte Marguerite d&#8217;Antioche"}]},{"@type":"WebSite","@id":"https:\/\/egidimadeinitaly.com\/fr\/#website","url":"https:\/\/egidimadeinitaly.com\/fr\/","name":"Egidi MadeinItaly","description":"Fine Art","potentialAction":[{"@type":"SearchAction","target":{"@type":"EntryPoint","urlTemplate":"https:\/\/egidimadeinitaly.com\/fr\/?s={search_term_string}"},"query-input":{"@type":"PropertyValueSpecification","valueRequired":true,"valueName":"search_term_string"}}],"inLanguage":"fr-FR"}]}},"_links":{"self":[{"href":"https:\/\/egidimadeinitaly.com\/fr\/wp-json\/wp\/v2\/product\/117473","targetHints":{"allow":["GET"]}}],"collection":[{"href":"https:\/\/egidimadeinitaly.com\/fr\/wp-json\/wp\/v2\/product"}],"about":[{"href":"https:\/\/egidimadeinitaly.com\/fr\/wp-json\/wp\/v2\/types\/product"}],"wp:featuredmedia":[{"embeddable":true,"href":"https:\/\/egidimadeinitaly.com\/fr\/wp-json\/wp\/v2\/media\/117402"}],"wp:attachment":[{"href":"https:\/\/egidimadeinitaly.com\/fr\/wp-json\/wp\/v2\/media?parent=117473"}],"wp:term":[{"taxonomy":"product_brand","embeddable":true,"href":"https:\/\/egidimadeinitaly.com\/fr\/wp-json\/wp\/v2\/product_brand?post=117473"},{"taxonomy":"product_cat","embeddable":true,"href":"https:\/\/egidimadeinitaly.com\/fr\/wp-json\/wp\/v2\/product_cat?post=117473"},{"taxonomy":"product_tag","embeddable":true,"href":"https:\/\/egidimadeinitaly.com\/fr\/wp-json\/wp\/v2\/product_tag?post=117473"}],"curies":[{"name":"wp","href":"https:\/\/api.w.org\/{rel}","templated":true}]}}