{"id":117159,"date":"2023-12-05T17:41:35","date_gmt":"2023-12-05T16:41:35","guid":{"rendered":"https:\/\/egidimadeinitaly.com\/negozio\/uncategorized\/nino-caffe-peinture\/"},"modified":"2024-01-31T11:07:59","modified_gmt":"2024-01-31T10:07:59","slug":"nino-caffe-peinture","status":"publish","type":"product","link":"https:\/\/egidimadeinitaly.com\/fr\/negozio\/art-moderne\/oeuvres-modernes-sur-papiers\/nino-caffe-peinture\/","title":{"rendered":"Nino Caff\u00e8 peinture"},"content":{"rendered":"<p><span style=\"font-weight: 400;\"><strong>Nino Caff\u00e8<\/strong>, (1909-1975) peintre et graveur.<\/span><\/p>\n<p>Il a travaill\u00e9 dans l&rsquo;entourage du peintre Afro.<\/p>\n<p><span style=\"font-weight: 400;\">En 1938, il participe \u00e0 la Biennale de Venise.<\/span><\/p>\n<p><span style=\"font-weight: 400;\">Il passe la p\u00e9riode de la guerre \u00e0 Urbino. De la fen\u00eatre de sa maison, en face de la cath\u00e9drale, il voyait les s\u00e9minaristes, ses \u00ab\u00a0jeunes pr\u00eatres\u00a0\u00bb. Ces images seront le sujet de pr\u00e9dilection de sa peinture.\u00a0C&rsquo;est pourquoi il est surnomm\u00e9 le peintre des \u00ab\u00a0jeunes pr\u00eatres\u00a0\u00bb.<\/span><\/p>\n<p><span style=\"font-weight: 400;\">Ses \u0153uvres sont appr\u00e9ci\u00e9es par les grands collectionneurs europ\u00e9ens et am\u00e9ricains, vouant le peintre \u00ab\u00a0des jeunes pr\u00eatres\u00a0\u00bb \u00e0 une renomm\u00e9e internationale.<\/span><\/p>\n<p><span style=\"font-weight: 400;\">Il ouvre un atelier \u00e0 Rome et collabore avec la Galleria dell&rsquo;Obelisco de Gaspero del Corso et Irene Brin.\u00a0 La Galleria dell&rsquo;Obelisco inaugure son si\u00e8ge de New York avec une exposition personnelle de ses \u0153uvres.<\/span><\/p>\n<p><span style=\"font-weight: 400;\">Nino Caff\u00e8 collabore \u00e9galement avec la galerie Gianferrari de Milan, la galerie Vicolo de G\u00eanes et la galerie San Luca de V\u00e9rone.<\/span><\/p>\n","protected":false},"excerpt":{"rendered":"<p><b>Nino Caff\u00e8 <\/b><span style=\"font-weight: 400;\">\u0152uvre sur papier <em>Vestizione di un pretino<\/em> (V\u00eature d&rsquo;un jeune pr\u00eatre). Peinture sur papier, technique mixte.<\/span><\/p>\n<p><span style=\"font-weight: 400;\">Le sujet de cette peinture repr\u00e9sente un \u00ab\u00a0 jeune pr\u00eatre\u00a0\u00bb\u00a0 portant des v\u00eatements sacerdotaux.<\/span><\/p>\n<p><span style=\"font-weight: 400;\">Sign\u00e9 en bas au centre : <\/span><i><span style=\"font-weight: 400;\">Caff\u00e8<\/span><\/i><span style=\"font-weight: 400;\">.\u00a0 Les jeunes pr\u00eatres sont les sujets pr\u00e9f\u00e9r\u00e9s de Nino Caff\u00e8 dans la Rome des ann\u00e9es 1950.<\/span><\/p>\n<p><span style=\"font-weight: 400;\">Les dimensions de l&rsquo;\u0153uvre avec le cadre sont de 51,5 cm x33 cm.<\/span><\/p>\n","protected":false},"featured_media":117023,"template":"","meta":{"_acf_changed":false},"product_brand":[],"product_cat":[6377,6414],"product_tag":[],"class_list":{"0":"post-117159","1":"product","2":"type-product","3":"status-publish","4":"has-post-thumbnail","6":"product_cat-art-moderne","7":"product_cat-oeuvres-modernes-sur-papiers","9":"first","10":"instock","11":"taxable","12":"shipping-taxable","13":"product-type-simple"},"acf":[],"yoast_head":"<!-- This site is optimized with the Yoast SEO Premium plugin v27.3 (Yoast SEO v27.4) - https:\/\/yoast.com\/product\/yoast-seo-premium-wordpress\/ -->\n<title>Nino Caff\u00e8 peinture - Egidi MadeinItaly<\/title>\n<meta name=\"description\" content=\"Nino Caff\u00e8 peinture sur papier technique mixte repr\u00e9sentant la v\u00eature d&#039;un jeune pr\u00eatre, un sujet tr\u00e8s cher \u00e0 l&#039;artiste, en vente sur Egidi MadeinItaly\" \/>\n<meta name=\"robots\" content=\"index, follow, max-snippet:-1, max-image-preview:large, max-video-preview:-1\" \/>\n<link rel=\"canonical\" href=\"https:\/\/egidimadeinitaly.com\/fr\/negozio\/art-moderne\/oeuvres-modernes-sur-papiers\/nino-caffe-peinture\/\" \/>\n<meta property=\"og:locale\" content=\"fr_FR\" \/>\n<meta property=\"og:type\" content=\"article\" \/>\n<meta property=\"og:title\" content=\"Nino Caff\u00e8 peinture\" \/>\n<meta property=\"og:description\" content=\"Nino Caff\u00e8 \u0152uvre sur papier Vestizione di un pretino (V\u00eature d&#039;un jeune pr\u00eatre). Peinture sur papier, technique mixte.  Le sujet de cette peinture repr\u00e9sente un \u00ab\u00a0 jeune pr\u00eatre\u00a0\u00bb\u00a0 portant des v\u00eatements sacerdotaux.  Sign\u00e9 en bas au centre : Caff\u00e8.\u00a0 Les jeunes pr\u00eatres sont les sujets pr\u00e9f\u00e9r\u00e9s de Nino Caff\u00e8 dans la Rome des ann\u00e9es 1950.  Les dimensions de l&#039;\u0153uvre avec le cadre sont de 51,5 cm x33 cm.\" \/>\n<meta property=\"og:url\" content=\"https:\/\/egidimadeinitaly.com\/fr\/negozio\/art-moderne\/oeuvres-modernes-sur-papiers\/nino-caffe-peinture\/\" \/>\n<meta property=\"og:site_name\" content=\"Egidi MadeinItaly\" \/>\n<meta property=\"article:publisher\" content=\"https:\/\/www.facebook.com\/egidimadeinitaly\/\" \/>\n<meta property=\"article:modified_time\" content=\"2024-01-31T10:07:59+00:00\" \/>\n<meta property=\"og:image\" content=\"https:\/\/egidimadeinitaly.com\/wp-content\/uploads\/2023\/12\/Nino-Caffe-dipinto-scaled-e1701768499373.jpg\" \/>\n\t<meta property=\"og:image:width\" content=\"2560\" \/>\n\t<meta property=\"og:image:height\" content=\"2560\" \/>\n\t<meta property=\"og:image:type\" content=\"image\/jpeg\" \/>\n<script type=\"application\/ld+json\" class=\"yoast-schema-graph\">{\"@context\":\"https:\\\/\\\/schema.org\",\"@graph\":[{\"@type\":\"WebPage\",\"@id\":\"https:\\\/\\\/egidimadeinitaly.com\\\/fr\\\/negozio\\\/art-moderne\\\/oeuvres-modernes-sur-papiers\\\/nino-caffe-peinture\\\/\",\"url\":\"https:\\\/\\\/egidimadeinitaly.com\\\/fr\\\/negozio\\\/art-moderne\\\/oeuvres-modernes-sur-papiers\\\/nino-caffe-peinture\\\/\",\"name\":\"Nino Caff\u00e8 peinture - Egidi MadeinItaly\",\"isPartOf\":{\"@id\":\"https:\\\/\\\/egidimadeinitaly.com\\\/fr\\\/#website\"},\"primaryImageOfPage\":{\"@id\":\"https:\\\/\\\/egidimadeinitaly.com\\\/fr\\\/negozio\\\/art-moderne\\\/oeuvres-modernes-sur-papiers\\\/nino-caffe-peinture\\\/#primaryimage\"},\"image\":{\"@id\":\"https:\\\/\\\/egidimadeinitaly.com\\\/fr\\\/negozio\\\/art-moderne\\\/oeuvres-modernes-sur-papiers\\\/nino-caffe-peinture\\\/#primaryimage\"},\"thumbnailUrl\":\"https:\\\/\\\/egidimadeinitaly.com\\\/v25\\\/wp-content\\\/uploads\\\/2023\\\/12\\\/Nino-Caffe-dipinto-scaled-e1701768499373.jpg\",\"datePublished\":\"2023-12-05T16:41:35+00:00\",\"dateModified\":\"2024-01-31T10:07:59+00:00\",\"description\":\"Nino Caff\u00e8 peinture sur papier technique mixte repr\u00e9sentant la v\u00eature d'un jeune pr\u00eatre, un sujet tr\u00e8s cher \u00e0 l'artiste, en vente sur Egidi MadeinItaly\",\"breadcrumb\":{\"@id\":\"https:\\\/\\\/egidimadeinitaly.com\\\/fr\\\/negozio\\\/art-moderne\\\/oeuvres-modernes-sur-papiers\\\/nino-caffe-peinture\\\/#breadcrumb\"},\"inLanguage\":\"fr-FR\",\"potentialAction\":[{\"@type\":\"ReadAction\",\"target\":[\"https:\\\/\\\/egidimadeinitaly.com\\\/fr\\\/negozio\\\/art-moderne\\\/oeuvres-modernes-sur-papiers\\\/nino-caffe-peinture\\\/\"]}]},{\"@type\":\"ImageObject\",\"inLanguage\":\"fr-FR\",\"@id\":\"https:\\\/\\\/egidimadeinitaly.com\\\/fr\\\/negozio\\\/art-moderne\\\/oeuvres-modernes-sur-papiers\\\/nino-caffe-peinture\\\/#primaryimage\",\"url\":\"https:\\\/\\\/egidimadeinitaly.com\\\/v25\\\/wp-content\\\/uploads\\\/2023\\\/12\\\/Nino-Caffe-dipinto-scaled-e1701768499373.jpg\",\"contentUrl\":\"https:\\\/\\\/egidimadeinitaly.com\\\/v25\\\/wp-content\\\/uploads\\\/2023\\\/12\\\/Nino-Caffe-dipinto-scaled-e1701768499373.jpg\",\"width\":2560,\"height\":2560,\"caption\":\"Nino Caff\u00e8 peinture\"},{\"@type\":\"BreadcrumbList\",\"@id\":\"https:\\\/\\\/egidimadeinitaly.com\\\/fr\\\/negozio\\\/art-moderne\\\/oeuvres-modernes-sur-papiers\\\/nino-caffe-peinture\\\/#breadcrumb\",\"itemListElement\":[{\"@type\":\"ListItem\",\"position\":1,\"name\":\"Home\",\"item\":\"https:\\\/\\\/egidimadeinitaly.com\\\/fr\\\/\"},{\"@type\":\"ListItem\",\"position\":2,\"name\":\"Produits\",\"item\":\"https:\\\/\\\/egidimadeinitaly.com\\\/fr\\\/shop\\\/\"},{\"@type\":\"ListItem\",\"position\":3,\"name\":\"Art moderne\",\"item\":\"https:\\\/\\\/egidimadeinitaly.com\\\/fr\\\/product-category\\\/art-moderne\\\/\"},{\"@type\":\"ListItem\",\"position\":4,\"name\":\"\u0152uvres modernes sur papiers\",\"item\":\"https:\\\/\\\/egidimadeinitaly.com\\\/fr\\\/product-category\\\/art-moderne\\\/oeuvres-modernes-sur-papiers\\\/\"},{\"@type\":\"ListItem\",\"position\":5,\"name\":\"Nino Caff\u00e8 peinture\"}]},{\"@type\":\"WebSite\",\"@id\":\"https:\\\/\\\/egidimadeinitaly.com\\\/fr\\\/#website\",\"url\":\"https:\\\/\\\/egidimadeinitaly.com\\\/fr\\\/\",\"name\":\"Egidi MadeinItaly\",\"description\":\"Fine Art\",\"potentialAction\":[{\"@type\":\"SearchAction\",\"target\":{\"@type\":\"EntryPoint\",\"urlTemplate\":\"https:\\\/\\\/egidimadeinitaly.com\\\/fr\\\/?s={search_term_string}\"},\"query-input\":{\"@type\":\"PropertyValueSpecification\",\"valueRequired\":true,\"valueName\":\"search_term_string\"}}],\"inLanguage\":\"fr-FR\"}]}<\/script>\n<!-- \/ Yoast SEO Premium plugin. -->","yoast_head_json":{"title":"Nino Caff\u00e8 peinture - Egidi MadeinItaly","description":"Nino Caff\u00e8 peinture sur papier technique mixte repr\u00e9sentant la v\u00eature d'un jeune pr\u00eatre, un sujet tr\u00e8s cher \u00e0 l'artiste, en vente sur Egidi MadeinItaly","robots":{"index":"index","follow":"follow","max-snippet":"max-snippet:-1","max-image-preview":"max-image-preview:large","max-video-preview":"max-video-preview:-1"},"canonical":"https:\/\/egidimadeinitaly.com\/fr\/negozio\/art-moderne\/oeuvres-modernes-sur-papiers\/nino-caffe-peinture\/","og_locale":"fr_FR","og_type":"article","og_title":"Nino Caff\u00e8 peinture","og_description":"Nino Caff\u00e8 \u0152uvre sur papier Vestizione di un pretino (V\u00eature d'un jeune pr\u00eatre). Peinture sur papier, technique mixte.  Le sujet de cette peinture repr\u00e9sente un \u00ab\u00a0 jeune pr\u00eatre\u00a0\u00bb\u00a0 portant des v\u00eatements sacerdotaux.  Sign\u00e9 en bas au centre : Caff\u00e8.\u00a0 Les jeunes pr\u00eatres sont les sujets pr\u00e9f\u00e9r\u00e9s de Nino Caff\u00e8 dans la Rome des ann\u00e9es 1950.  Les dimensions de l'\u0153uvre avec le cadre sont de 51,5 cm x33 cm.","og_url":"https:\/\/egidimadeinitaly.com\/fr\/negozio\/art-moderne\/oeuvres-modernes-sur-papiers\/nino-caffe-peinture\/","og_site_name":"Egidi MadeinItaly","article_publisher":"https:\/\/www.facebook.com\/egidimadeinitaly\/","article_modified_time":"2024-01-31T10:07:59+00:00","og_image":[{"width":2560,"height":2560,"url":"https:\/\/egidimadeinitaly.com\/wp-content\/uploads\/2023\/12\/Nino-Caffe-dipinto-scaled-e1701768499373.jpg","type":"image\/jpeg"}],"schema":{"@context":"https:\/\/schema.org","@graph":[{"@type":"WebPage","@id":"https:\/\/egidimadeinitaly.com\/fr\/negozio\/art-moderne\/oeuvres-modernes-sur-papiers\/nino-caffe-peinture\/","url":"https:\/\/egidimadeinitaly.com\/fr\/negozio\/art-moderne\/oeuvres-modernes-sur-papiers\/nino-caffe-peinture\/","name":"Nino Caff\u00e8 peinture - Egidi MadeinItaly","isPartOf":{"@id":"https:\/\/egidimadeinitaly.com\/fr\/#website"},"primaryImageOfPage":{"@id":"https:\/\/egidimadeinitaly.com\/fr\/negozio\/art-moderne\/oeuvres-modernes-sur-papiers\/nino-caffe-peinture\/#primaryimage"},"image":{"@id":"https:\/\/egidimadeinitaly.com\/fr\/negozio\/art-moderne\/oeuvres-modernes-sur-papiers\/nino-caffe-peinture\/#primaryimage"},"thumbnailUrl":"https:\/\/egidimadeinitaly.com\/v25\/wp-content\/uploads\/2023\/12\/Nino-Caffe-dipinto-scaled-e1701768499373.jpg","datePublished":"2023-12-05T16:41:35+00:00","dateModified":"2024-01-31T10:07:59+00:00","description":"Nino Caff\u00e8 peinture sur papier technique mixte repr\u00e9sentant la v\u00eature d'un jeune pr\u00eatre, un sujet tr\u00e8s cher \u00e0 l'artiste, en vente sur Egidi MadeinItaly","breadcrumb":{"@id":"https:\/\/egidimadeinitaly.com\/fr\/negozio\/art-moderne\/oeuvres-modernes-sur-papiers\/nino-caffe-peinture\/#breadcrumb"},"inLanguage":"fr-FR","potentialAction":[{"@type":"ReadAction","target":["https:\/\/egidimadeinitaly.com\/fr\/negozio\/art-moderne\/oeuvres-modernes-sur-papiers\/nino-caffe-peinture\/"]}]},{"@type":"ImageObject","inLanguage":"fr-FR","@id":"https:\/\/egidimadeinitaly.com\/fr\/negozio\/art-moderne\/oeuvres-modernes-sur-papiers\/nino-caffe-peinture\/#primaryimage","url":"https:\/\/egidimadeinitaly.com\/v25\/wp-content\/uploads\/2023\/12\/Nino-Caffe-dipinto-scaled-e1701768499373.jpg","contentUrl":"https:\/\/egidimadeinitaly.com\/v25\/wp-content\/uploads\/2023\/12\/Nino-Caffe-dipinto-scaled-e1701768499373.jpg","width":2560,"height":2560,"caption":"Nino Caff\u00e8 peinture"},{"@type":"BreadcrumbList","@id":"https:\/\/egidimadeinitaly.com\/fr\/negozio\/art-moderne\/oeuvres-modernes-sur-papiers\/nino-caffe-peinture\/#breadcrumb","itemListElement":[{"@type":"ListItem","position":1,"name":"Home","item":"https:\/\/egidimadeinitaly.com\/fr\/"},{"@type":"ListItem","position":2,"name":"Produits","item":"https:\/\/egidimadeinitaly.com\/fr\/shop\/"},{"@type":"ListItem","position":3,"name":"Art moderne","item":"https:\/\/egidimadeinitaly.com\/fr\/product-category\/art-moderne\/"},{"@type":"ListItem","position":4,"name":"\u0152uvres modernes sur papiers","item":"https:\/\/egidimadeinitaly.com\/fr\/product-category\/art-moderne\/oeuvres-modernes-sur-papiers\/"},{"@type":"ListItem","position":5,"name":"Nino Caff\u00e8 peinture"}]},{"@type":"WebSite","@id":"https:\/\/egidimadeinitaly.com\/fr\/#website","url":"https:\/\/egidimadeinitaly.com\/fr\/","name":"Egidi MadeinItaly","description":"Fine Art","potentialAction":[{"@type":"SearchAction","target":{"@type":"EntryPoint","urlTemplate":"https:\/\/egidimadeinitaly.com\/fr\/?s={search_term_string}"},"query-input":{"@type":"PropertyValueSpecification","valueRequired":true,"valueName":"search_term_string"}}],"inLanguage":"fr-FR"}]}},"_links":{"self":[{"href":"https:\/\/egidimadeinitaly.com\/fr\/wp-json\/wp\/v2\/product\/117159","targetHints":{"allow":["GET"]}}],"collection":[{"href":"https:\/\/egidimadeinitaly.com\/fr\/wp-json\/wp\/v2\/product"}],"about":[{"href":"https:\/\/egidimadeinitaly.com\/fr\/wp-json\/wp\/v2\/types\/product"}],"wp:featuredmedia":[{"embeddable":true,"href":"https:\/\/egidimadeinitaly.com\/fr\/wp-json\/wp\/v2\/media\/117023"}],"wp:attachment":[{"href":"https:\/\/egidimadeinitaly.com\/fr\/wp-json\/wp\/v2\/media?parent=117159"}],"wp:term":[{"taxonomy":"product_brand","embeddable":true,"href":"https:\/\/egidimadeinitaly.com\/fr\/wp-json\/wp\/v2\/product_brand?post=117159"},{"taxonomy":"product_cat","embeddable":true,"href":"https:\/\/egidimadeinitaly.com\/fr\/wp-json\/wp\/v2\/product_cat?post=117159"},{"taxonomy":"product_tag","embeddable":true,"href":"https:\/\/egidimadeinitaly.com\/fr\/wp-json\/wp\/v2\/product_tag?post=117159"}],"curies":[{"name":"wp","href":"https:\/\/api.w.org\/{rel}","templated":true}]}}