{"id":117111,"date":"2024-02-12T13:22:36","date_gmt":"2024-02-12T12:22:36","guid":{"rendered":"https:\/\/egidimadeinitaly.com\/negozio\/uncategorized\/giovanni-omiccioli-oeuvre\/"},"modified":"2025-07-10T17:49:45","modified_gmt":"2025-07-10T16:49:45","slug":"giovanni-omiccioli-oeuvre","status":"publish","type":"product","link":"https:\/\/egidimadeinitaly.com\/fr\/negozio\/art-moderne\/oeuvres-modernes-sur-papiers\/giovanni-omiccioli-oeuvre\/","title":{"rendered":"Giovanni Omiccioli \u0153uvre"},"content":{"rendered":"<p><strong>Giovanni Omiccioli<\/strong> (1901-1975), peintre romain et repr\u00e9sentant de l&rsquo;\u00e9cole romaine, a exp\u00e9riment\u00e9 diff\u00e9rentes techniques dans son atelier du 51 Via Margutta \u00e0 Rome, entre la fin des ann\u00e9es 1940 et le d\u00e9but des ann\u00e9es 1950.<\/p>\n<p>Il est pass\u00e9 des collages aux mosa\u00efques, des esquisses de papier peint aux mod\u00e8les de tapis et de tapisseries.<br \/>\nCette \u0153uvre <strong>Lo Zodiaco<\/strong> \u00e9tait certainement une esquisse pr\u00e9paratoire pour un plateau de table en mosa\u00efque command\u00e9 pour le si\u00e8ge d&rsquo;Alitalia \u00e0 Osaka.<\/p>\n<p>Giovanni Omiccioli a particip\u00e9 \u00e0 toutes les plus importantes expositions italiennes et \u00e9trang\u00e8res. Parmi les plus importantes, citons la Biennale de Venise de 1940, les Syndicats romains de 1934, 1936, 1937, 1938 et 1940 et le Syndicat national de Naples de 1937. Ses \u0153uvres figurent dans des collections publiques et priv\u00e9es.<\/p>\n<p><span style=\"font-weight: 400;\">Entre la fin des ann\u00e9es 1940 et le d\u00e9but des ann\u00e9es 1950, <strong>Giovanni Omiccioli<\/strong> a exp\u00e9riment\u00e9 diff\u00e9rentes techniques, des collages aux mosa\u00efques, des esquisses de tapisseries aux mod\u00e8les de tapis et de tapisseries. <\/span><\/p>\n<p><span style=\"font-weight: 400;\">Niki Berlinguer, n\u00e9e\u00a0<\/span><b>Corinna Adelaide Augusta Fidelia<\/b><span style=\"font-weight: 400;\">, qui a \u00e9pous\u00e9 en secondes noces, en 1950, Mario Berlinguer, veuf et p\u00e8re d&rsquo;Enrico &#8211; surnomm\u00e9e \u00ab\u00a0la grande dame de la tapisserie\u00a0\u00bb -, a r\u00e9alis\u00e9 plusieurs tapisseries \u00e0 partir des esquisses d&rsquo;Omiccioli.<\/span><\/p>\n<p><span style=\"font-weight: 400;\">\u00a0<\/span><\/p>\n<p><span style=\"font-weight: 400;\">\u00a0<\/span><\/p>\n<p>&nbsp;<\/p>\n","protected":false},"excerpt":{"rendered":"<p><strong>Giovanni Omiccioli<\/strong> (1901-1975), peintre romain appartenant <strong>au groupe des peintres de l&rsquo;\u00c9cole romaine<\/strong>, a r\u00e9alis\u00e9 l&rsquo;oeuvre <strong><em>Lo zodiaco<\/em><\/strong> (Le Zodiaque) vers les ann\u00e9es 1940, une grande \u0153uvre unique sur papier d\u00e9coup\u00e9 octogonal, sign\u00e9e <em>G. Omiccioli<\/em> en bas \u00e0 gauche.<\/p>\n<p>La partie centrale refl\u00e8te l&rsquo;int\u00e9r\u00eat d&rsquo;Omiccioli pour l&rsquo;astrologie et le symbolisme : tous les signes du zodiaque y sont repr\u00e9sent\u00e9s sur un fond bleu, avec une \u00e9toile ou une rose des vents au centre.<br \/>\nOn peut voir, sur le bord de l&rsquo;\u0153uvre, les notes du maestro Omiccioli sur la s\u00e9quence des couleurs \u00e0 utiliser par les ouvriers pour r\u00e9aliser l&rsquo;\u0153uvre.<br \/>\nL&rsquo;oeuvre est prot\u00e9g\u00e9e par une vitre au recto et au verso et par un cadre lin\u00e9aire en bois.<br \/>\nElle mesure 175 x 175 cm.<br \/>\nLa <strong>Omiccioli Archive and Authentic Foundation<\/strong> a archiv\u00e9 l&rsquo;\u0153uvre.<\/p>\n","protected":false},"featured_media":117096,"template":"","meta":{"_acf_changed":false},"product_brand":[],"product_cat":[6377,6414],"product_tag":[6154],"class_list":{"0":"post-117111","1":"product","2":"type-product","3":"status-publish","4":"has-post-thumbnail","6":"product_cat-art-moderne","7":"product_cat-oeuvres-modernes-sur-papiers","8":"product_tag-ecole-romaine","10":"first","11":"outofstock","12":"taxable","13":"shipping-taxable","14":"product-type-simple"},"acf":[],"yoast_head":"<!-- This site is optimized with the Yoast SEO Premium plugin v27.3 (Yoast SEO v27.4) - https:\/\/yoast.com\/product\/yoast-seo-premium-wordpress\/ -->\n<title>Giovanni Omiccioli \u0153uvre - Egidi MadeinItaly<\/title>\n<meta name=\"description\" content=\"Giovanni Omiccioli Lo Zodiaque \u0153uvre unique sur papier d\u00e9coup\u00e9 octogonal fin des ann\u00e9es 1940 Art moderne en vente sur Egidi MadeinItaly\" \/>\n<meta name=\"robots\" content=\"index, follow, max-snippet:-1, max-image-preview:large, max-video-preview:-1\" \/>\n<link rel=\"canonical\" href=\"https:\/\/egidimadeinitaly.com\/fr\/produit\/art-moderne\/oeuvres-modernes-sur-papiers\/giovanni-omiccioli-oeuvre\/\" \/>\n<meta property=\"og:locale\" content=\"fr_FR\" \/>\n<meta property=\"og:type\" content=\"article\" \/>\n<meta property=\"og:title\" content=\"Giovanni Omiccioli \u0153uvre\" \/>\n<meta property=\"og:description\" content=\"Giovanni Omiccioli (1901-1975), peintre romain appartenant au groupe des peintres de l&#039;\u00c9cole romaine, a r\u00e9alis\u00e9 l&#039;oeuvre Lo zodiaco (Le Zodiaque) vers les ann\u00e9es 1940, une grande \u0153uvre unique sur papier d\u00e9coup\u00e9 octogonal, sign\u00e9e G. Omiccioli en bas \u00e0 gauche.  La partie centrale refl\u00e8te l&#039;int\u00e9r\u00eat d&#039;Omiccioli pour l&#039;astrologie et le symbolisme : tous les signes du zodiaque y sont repr\u00e9sent\u00e9s sur un fond bleu, avec une \u00e9toile ou une rose des vents au centre. On peut voir, sur le bord de l&#039;\u0153uvre, les notes du maestro Omiccioli sur la s\u00e9quence des couleurs \u00e0 utiliser par les ouvriers pour r\u00e9aliser l&#039;\u0153uvre. L&#039;oeuvre est prot\u00e9g\u00e9e par une vitre au recto et au verso et par un cadre lin\u00e9aire en bois. Elle mesure 175 x 175 cm. La Omiccioli Archive and Authentic Foundation a archiv\u00e9 l&#039;\u0153uvre.\" \/>\n<meta property=\"og:url\" content=\"https:\/\/egidimadeinitaly.com\/fr\/produit\/art-moderne\/oeuvres-modernes-sur-papiers\/giovanni-omiccioli-oeuvre\/\" \/>\n<meta property=\"og:site_name\" content=\"Egidi MadeinItaly\" \/>\n<meta property=\"article:publisher\" content=\"https:\/\/www.facebook.com\/egidimadeinitaly\/\" \/>\n<meta property=\"article:modified_time\" content=\"2025-07-10T16:49:45+00:00\" \/>\n<meta property=\"og:image\" content=\"https:\/\/egidimadeinitaly.com\/v25\/wp-content\/uploads\/2023\/12\/Giovanni-Omiccioli-opera-su-carta-e1704119536631.jpg\" \/>\n\t<meta property=\"og:image:width\" content=\"1984\" \/>\n\t<meta property=\"og:image:height\" content=\"1984\" \/>\n\t<meta property=\"og:image:type\" content=\"image\/jpeg\" \/>\n<script type=\"application\/ld+json\" class=\"yoast-schema-graph\">{\"@context\":\"https:\\\/\\\/schema.org\",\"@graph\":[{\"@type\":\"WebPage\",\"@id\":\"https:\\\/\\\/egidimadeinitaly.com\\\/fr\\\/negozio\\\/art-moderne\\\/oeuvres-modernes-sur-papiers\\\/giovanni-omiccioli-oeuvre\\\/\",\"url\":\"https:\\\/\\\/egidimadeinitaly.com\\\/fr\\\/produit\\\/art-moderne\\\/oeuvres-modernes-sur-papiers\\\/giovanni-omiccioli-oeuvre\\\/\",\"name\":\"Giovanni Omiccioli \u0153uvre - Egidi MadeinItaly\",\"isPartOf\":{\"@id\":\"https:\\\/\\\/egidimadeinitaly.com\\\/fr\\\/#website\"},\"primaryImageOfPage\":{\"@id\":\"https:\\\/\\\/egidimadeinitaly.com\\\/fr\\\/produit\\\/art-moderne\\\/oeuvres-modernes-sur-papiers\\\/giovanni-omiccioli-oeuvre\\\/#primaryimage\"},\"image\":{\"@id\":\"https:\\\/\\\/egidimadeinitaly.com\\\/fr\\\/produit\\\/art-moderne\\\/oeuvres-modernes-sur-papiers\\\/giovanni-omiccioli-oeuvre\\\/#primaryimage\"},\"thumbnailUrl\":\"https:\\\/\\\/egidimadeinitaly.com\\\/v25\\\/wp-content\\\/uploads\\\/2023\\\/12\\\/Giovanni-Omiccioli-opera-su-carta-e1704119536631.jpg\",\"datePublished\":\"2024-02-12T12:22:36+00:00\",\"dateModified\":\"2025-07-10T16:49:45+00:00\",\"description\":\"Giovanni Omiccioli Lo Zodiaque \u0153uvre unique sur papier d\u00e9coup\u00e9 octogonal fin des ann\u00e9es 1940 Art moderne en vente sur Egidi MadeinItaly\",\"breadcrumb\":{\"@id\":\"https:\\\/\\\/egidimadeinitaly.com\\\/fr\\\/produit\\\/art-moderne\\\/oeuvres-modernes-sur-papiers\\\/giovanni-omiccioli-oeuvre\\\/#breadcrumb\"},\"inLanguage\":\"fr-FR\",\"potentialAction\":[{\"@type\":\"ReadAction\",\"target\":[\"https:\\\/\\\/egidimadeinitaly.com\\\/fr\\\/produit\\\/art-moderne\\\/oeuvres-modernes-sur-papiers\\\/giovanni-omiccioli-oeuvre\\\/\"]}]},{\"@type\":\"ImageObject\",\"inLanguage\":\"fr-FR\",\"@id\":\"https:\\\/\\\/egidimadeinitaly.com\\\/fr\\\/produit\\\/art-moderne\\\/oeuvres-modernes-sur-papiers\\\/giovanni-omiccioli-oeuvre\\\/#primaryimage\",\"url\":\"https:\\\/\\\/egidimadeinitaly.com\\\/v25\\\/wp-content\\\/uploads\\\/2023\\\/12\\\/Giovanni-Omiccioli-opera-su-carta-e1704119536631.jpg\",\"contentUrl\":\"https:\\\/\\\/egidimadeinitaly.com\\\/v25\\\/wp-content\\\/uploads\\\/2023\\\/12\\\/Giovanni-Omiccioli-opera-su-carta-e1704119536631.jpg\",\"width\":1984,\"height\":1984,\"caption\":\"Giovanni Omiccioli \u0153uvre sur papier\"},{\"@type\":\"BreadcrumbList\",\"@id\":\"https:\\\/\\\/egidimadeinitaly.com\\\/fr\\\/produit\\\/art-moderne\\\/oeuvres-modernes-sur-papiers\\\/giovanni-omiccioli-oeuvre\\\/#breadcrumb\",\"itemListElement\":[{\"@type\":\"ListItem\",\"position\":1,\"name\":\"Home\",\"item\":\"https:\\\/\\\/egidimadeinitaly.com\\\/fr\\\/\"},{\"@type\":\"ListItem\",\"position\":2,\"name\":\"Produits\",\"item\":\"https:\\\/\\\/egidimadeinitaly.com\\\/fr\\\/shop\\\/\"},{\"@type\":\"ListItem\",\"position\":3,\"name\":\"Art moderne\",\"item\":\"https:\\\/\\\/egidimadeinitaly.com\\\/fr\\\/product-category\\\/art-moderne\\\/\"},{\"@type\":\"ListItem\",\"position\":4,\"name\":\"\u0152uvres modernes sur papiers\",\"item\":\"https:\\\/\\\/egidimadeinitaly.com\\\/fr\\\/product-category\\\/art-moderne\\\/oeuvres-modernes-sur-papiers\\\/\"},{\"@type\":\"ListItem\",\"position\":5,\"name\":\"Giovanni Omiccioli \u0153uvre\"}]},{\"@type\":\"WebSite\",\"@id\":\"https:\\\/\\\/egidimadeinitaly.com\\\/fr\\\/#website\",\"url\":\"https:\\\/\\\/egidimadeinitaly.com\\\/fr\\\/\",\"name\":\"Egidi MadeinItaly\",\"description\":\"Fine Art\",\"potentialAction\":[{\"@type\":\"SearchAction\",\"target\":{\"@type\":\"EntryPoint\",\"urlTemplate\":\"https:\\\/\\\/egidimadeinitaly.com\\\/fr\\\/?s={search_term_string}\"},\"query-input\":{\"@type\":\"PropertyValueSpecification\",\"valueRequired\":true,\"valueName\":\"search_term_string\"}}],\"inLanguage\":\"fr-FR\"}]}<\/script>\n<!-- \/ Yoast SEO Premium plugin. -->","yoast_head_json":{"title":"Giovanni Omiccioli \u0153uvre - Egidi MadeinItaly","description":"Giovanni Omiccioli Lo Zodiaque \u0153uvre unique sur papier d\u00e9coup\u00e9 octogonal fin des ann\u00e9es 1940 Art moderne en vente sur Egidi MadeinItaly","robots":{"index":"index","follow":"follow","max-snippet":"max-snippet:-1","max-image-preview":"max-image-preview:large","max-video-preview":"max-video-preview:-1"},"canonical":"https:\/\/egidimadeinitaly.com\/fr\/produit\/art-moderne\/oeuvres-modernes-sur-papiers\/giovanni-omiccioli-oeuvre\/","og_locale":"fr_FR","og_type":"article","og_title":"Giovanni Omiccioli \u0153uvre","og_description":"Giovanni Omiccioli (1901-1975), peintre romain appartenant au groupe des peintres de l'\u00c9cole romaine, a r\u00e9alis\u00e9 l'oeuvre Lo zodiaco (Le Zodiaque) vers les ann\u00e9es 1940, une grande \u0153uvre unique sur papier d\u00e9coup\u00e9 octogonal, sign\u00e9e G. Omiccioli en bas \u00e0 gauche.  La partie centrale refl\u00e8te l'int\u00e9r\u00eat d'Omiccioli pour l'astrologie et le symbolisme : tous les signes du zodiaque y sont repr\u00e9sent\u00e9s sur un fond bleu, avec une \u00e9toile ou une rose des vents au centre. On peut voir, sur le bord de l'\u0153uvre, les notes du maestro Omiccioli sur la s\u00e9quence des couleurs \u00e0 utiliser par les ouvriers pour r\u00e9aliser l'\u0153uvre. L'oeuvre est prot\u00e9g\u00e9e par une vitre au recto et au verso et par un cadre lin\u00e9aire en bois. Elle mesure 175 x 175 cm. La Omiccioli Archive and Authentic Foundation a archiv\u00e9 l'\u0153uvre.","og_url":"https:\/\/egidimadeinitaly.com\/fr\/produit\/art-moderne\/oeuvres-modernes-sur-papiers\/giovanni-omiccioli-oeuvre\/","og_site_name":"Egidi MadeinItaly","article_publisher":"https:\/\/www.facebook.com\/egidimadeinitaly\/","article_modified_time":"2025-07-10T16:49:45+00:00","og_image":[{"width":1984,"height":1984,"url":"https:\/\/egidimadeinitaly.com\/v25\/wp-content\/uploads\/2023\/12\/Giovanni-Omiccioli-opera-su-carta-e1704119536631.jpg","type":"image\/jpeg"}],"schema":{"@context":"https:\/\/schema.org","@graph":[{"@type":"WebPage","@id":"https:\/\/egidimadeinitaly.com\/fr\/negozio\/art-moderne\/oeuvres-modernes-sur-papiers\/giovanni-omiccioli-oeuvre\/","url":"https:\/\/egidimadeinitaly.com\/fr\/produit\/art-moderne\/oeuvres-modernes-sur-papiers\/giovanni-omiccioli-oeuvre\/","name":"Giovanni Omiccioli \u0153uvre - Egidi MadeinItaly","isPartOf":{"@id":"https:\/\/egidimadeinitaly.com\/fr\/#website"},"primaryImageOfPage":{"@id":"https:\/\/egidimadeinitaly.com\/fr\/produit\/art-moderne\/oeuvres-modernes-sur-papiers\/giovanni-omiccioli-oeuvre\/#primaryimage"},"image":{"@id":"https:\/\/egidimadeinitaly.com\/fr\/produit\/art-moderne\/oeuvres-modernes-sur-papiers\/giovanni-omiccioli-oeuvre\/#primaryimage"},"thumbnailUrl":"https:\/\/egidimadeinitaly.com\/v25\/wp-content\/uploads\/2023\/12\/Giovanni-Omiccioli-opera-su-carta-e1704119536631.jpg","datePublished":"2024-02-12T12:22:36+00:00","dateModified":"2025-07-10T16:49:45+00:00","description":"Giovanni Omiccioli Lo Zodiaque \u0153uvre unique sur papier d\u00e9coup\u00e9 octogonal fin des ann\u00e9es 1940 Art moderne en vente sur Egidi MadeinItaly","breadcrumb":{"@id":"https:\/\/egidimadeinitaly.com\/fr\/produit\/art-moderne\/oeuvres-modernes-sur-papiers\/giovanni-omiccioli-oeuvre\/#breadcrumb"},"inLanguage":"fr-FR","potentialAction":[{"@type":"ReadAction","target":["https:\/\/egidimadeinitaly.com\/fr\/produit\/art-moderne\/oeuvres-modernes-sur-papiers\/giovanni-omiccioli-oeuvre\/"]}]},{"@type":"ImageObject","inLanguage":"fr-FR","@id":"https:\/\/egidimadeinitaly.com\/fr\/produit\/art-moderne\/oeuvres-modernes-sur-papiers\/giovanni-omiccioli-oeuvre\/#primaryimage","url":"https:\/\/egidimadeinitaly.com\/v25\/wp-content\/uploads\/2023\/12\/Giovanni-Omiccioli-opera-su-carta-e1704119536631.jpg","contentUrl":"https:\/\/egidimadeinitaly.com\/v25\/wp-content\/uploads\/2023\/12\/Giovanni-Omiccioli-opera-su-carta-e1704119536631.jpg","width":1984,"height":1984,"caption":"Giovanni Omiccioli \u0153uvre sur papier"},{"@type":"BreadcrumbList","@id":"https:\/\/egidimadeinitaly.com\/fr\/produit\/art-moderne\/oeuvres-modernes-sur-papiers\/giovanni-omiccioli-oeuvre\/#breadcrumb","itemListElement":[{"@type":"ListItem","position":1,"name":"Home","item":"https:\/\/egidimadeinitaly.com\/fr\/"},{"@type":"ListItem","position":2,"name":"Produits","item":"https:\/\/egidimadeinitaly.com\/fr\/shop\/"},{"@type":"ListItem","position":3,"name":"Art moderne","item":"https:\/\/egidimadeinitaly.com\/fr\/product-category\/art-moderne\/"},{"@type":"ListItem","position":4,"name":"\u0152uvres modernes sur papiers","item":"https:\/\/egidimadeinitaly.com\/fr\/product-category\/art-moderne\/oeuvres-modernes-sur-papiers\/"},{"@type":"ListItem","position":5,"name":"Giovanni Omiccioli \u0153uvre"}]},{"@type":"WebSite","@id":"https:\/\/egidimadeinitaly.com\/fr\/#website","url":"https:\/\/egidimadeinitaly.com\/fr\/","name":"Egidi MadeinItaly","description":"Fine Art","potentialAction":[{"@type":"SearchAction","target":{"@type":"EntryPoint","urlTemplate":"https:\/\/egidimadeinitaly.com\/fr\/?s={search_term_string}"},"query-input":{"@type":"PropertyValueSpecification","valueRequired":true,"valueName":"search_term_string"}}],"inLanguage":"fr-FR"}]}},"_links":{"self":[{"href":"https:\/\/egidimadeinitaly.com\/fr\/wp-json\/wp\/v2\/product\/117111","targetHints":{"allow":["GET"]}}],"collection":[{"href":"https:\/\/egidimadeinitaly.com\/fr\/wp-json\/wp\/v2\/product"}],"about":[{"href":"https:\/\/egidimadeinitaly.com\/fr\/wp-json\/wp\/v2\/types\/product"}],"wp:featuredmedia":[{"embeddable":true,"href":"https:\/\/egidimadeinitaly.com\/fr\/wp-json\/wp\/v2\/media\/117096"}],"wp:attachment":[{"href":"https:\/\/egidimadeinitaly.com\/fr\/wp-json\/wp\/v2\/media?parent=117111"}],"wp:term":[{"taxonomy":"product_brand","embeddable":true,"href":"https:\/\/egidimadeinitaly.com\/fr\/wp-json\/wp\/v2\/product_brand?post=117111"},{"taxonomy":"product_cat","embeddable":true,"href":"https:\/\/egidimadeinitaly.com\/fr\/wp-json\/wp\/v2\/product_cat?post=117111"},{"taxonomy":"product_tag","embeddable":true,"href":"https:\/\/egidimadeinitaly.com\/fr\/wp-json\/wp\/v2\/product_tag?post=117111"}],"curies":[{"name":"wp","href":"https:\/\/api.w.org\/{rel}","templated":true}]}}