{"id":117073,"date":"2023-12-07T15:32:26","date_gmt":"2023-12-07T14:32:26","guid":{"rendered":"https:\/\/egidimadeinitaly.com\/?post_type=product&#038;p=117073"},"modified":"2025-11-04T08:39:10","modified_gmt":"2025-11-04T07:39:10","slug":"enrico-coleman-peinture","status":"publish","type":"product","link":"https:\/\/egidimadeinitaly.com\/fr\/negozio\/art-ancien\/tableaux-anciens-fr\/enrico-coleman-peinture\/","title":{"rendered":"Enrico Coleman peinture"},"content":{"rendered":"<p><span style=\"font-weight: 400;\"><strong>Enrico Coleman<\/strong>, ma\u00eetre du naturalisme, a \u00e9t\u00e9 l&rsquo;un des fondateurs du groupe des <\/span><b>XXV de la Campagne romaine<\/b><span style=\"font-weight: 400;\"> en 1904.<\/span><\/p>\n<p>Il est consid\u00e9r\u00e9 comme l&rsquo;un des peintre de paysage italien les plus important de son \u00e9poque.<\/p>\n<p>Surtout connu pour ses vues de la campagne romaine.<\/p>\n","protected":false},"excerpt":{"rendered":"<p><span style=\"font-weight: 400;\"><strong>Enrico Coleman<\/strong> peinture. <em>Lavandaie alla fontana<\/em> (Lavandi\u00e8res \u00e0 la fontaine).<\/span><\/p>\n<p><span style=\"font-weight: 400;\">\u00a0Peinture \u00e0 l&rsquo;huile sur papier appliqu\u00e9e sur panneau. Les dimensions, comprenant le cadre en bois sculpt\u00e9 et dor\u00e9, sont de 56cm x 47,7.<\/span><\/p>\n<p><span style=\"font-weight: 400;\">Au dos de l&rsquo;\u0153uvre les num\u00e9ros d&rsquo;inventaire et une \u00e9tiquette de la <em>galerie Belardi Rumor de Rome<\/em>.<\/span><\/p>\n<p>Peinture \u00e0 l&rsquo;huile sur papier appliqu\u00e9e sur panneau.<\/p>\n<p>&nbsp;<\/p>\n","protected":false},"featured_media":117058,"template":"","meta":{"_acf_changed":false},"product_brand":[],"product_cat":[6374,6408],"product_tag":[],"class_list":{"0":"post-117073","1":"product","2":"type-product","3":"status-publish","4":"has-post-thumbnail","6":"product_cat-art-ancien","7":"product_cat-tableaux-anciens-fr","9":"first","10":"outofstock","11":"taxable","12":"shipping-taxable","13":"product-type-simple"},"acf":[],"yoast_head":"<!-- This site is optimized with the Yoast SEO Premium plugin v27.5 (Yoast SEO v27.5) - https:\/\/yoast.com\/product\/yoast-seo-premium-wordpress\/ -->\n<title>Enrico Coleman peinture - Egidi MadeinItaly<\/title>\n<meta name=\"description\" content=\"Enrico Coleman l&#039;un des fondateurs du groupe des XXV de la Campagne romaine Peinture Lavandi\u00e8res \u00e0 la fontaine Art ancien en vente sur Egidi MadeinItaly Ecommerce\" \/>\n<meta name=\"robots\" content=\"index, follow, max-snippet:-1, max-image-preview:large, max-video-preview:-1\" \/>\n<link rel=\"canonical\" href=\"https:\/\/egidimadeinitaly.com\/fr\/produit\/art-ancien\/tableaux-anciens-fr\/enrico-coleman-peinture\/\" \/>\n<meta property=\"og:locale\" content=\"fr_FR\" \/>\n<meta property=\"og:type\" content=\"article\" \/>\n<meta property=\"og:title\" content=\"Enrico Coleman peinture\" \/>\n<meta property=\"og:description\" content=\"Enrico Coleman peinture. Lavandaie alla fontana (Lavandi\u00e8res \u00e0 la fontaine).  \u00a0Peinture \u00e0 l&#039;huile sur papier appliqu\u00e9e sur panneau. Les dimensions, comprenant le cadre en bois sculpt\u00e9 et dor\u00e9, sont de 56cm x 47,7.  Au dos de l&#039;\u0153uvre les num\u00e9ros d&#039;inventaire et une \u00e9tiquette de la galerie Belardi Rumor de Rome.  Peinture \u00e0 l&#039;huile sur papier appliqu\u00e9e sur panneau.  &nbsp;\" \/>\n<meta property=\"og:url\" content=\"https:\/\/egidimadeinitaly.com\/fr\/produit\/art-ancien\/tableaux-anciens-fr\/enrico-coleman-peinture\/\" \/>\n<meta property=\"og:site_name\" content=\"Egidi MadeinItaly\" \/>\n<meta property=\"article:publisher\" content=\"https:\/\/www.facebook.com\/egidimadeinitaly\/\" \/>\n<meta property=\"article:modified_time\" content=\"2025-11-04T07:39:10+00:00\" \/>\n<meta property=\"og:image\" content=\"https:\/\/egidimadeinitaly.com\/v25\/wp-content\/uploads\/2023\/12\/Enrico-Coleman-Lavandaie-alla-fontana-e1701879589774.jpg\" \/>\n\t<meta property=\"og:image:width\" content=\"1984\" \/>\n\t<meta property=\"og:image:height\" content=\"1984\" \/>\n\t<meta property=\"og:image:type\" content=\"image\/jpeg\" \/>\n<script type=\"application\/ld+json\" class=\"yoast-schema-graph\">{\"@context\":\"https:\\\/\\\/schema.org\",\"@graph\":[{\"@type\":\"WebPage\",\"@id\":\"https:\\\/\\\/egidimadeinitaly.com\\\/fr\\\/negozio\\\/art-ancien\\\/tableaux-anciens-fr\\\/enrico-coleman-peinture\\\/\",\"url\":\"https:\\\/\\\/egidimadeinitaly.com\\\/fr\\\/produit\\\/art-ancien\\\/tableaux-anciens-fr\\\/enrico-coleman-peinture\\\/\",\"name\":\"Enrico Coleman peinture - Egidi MadeinItaly\",\"isPartOf\":{\"@id\":\"https:\\\/\\\/egidimadeinitaly.com\\\/fr\\\/#website\"},\"primaryImageOfPage\":{\"@id\":\"https:\\\/\\\/egidimadeinitaly.com\\\/fr\\\/produit\\\/art-ancien\\\/tableaux-anciens-fr\\\/enrico-coleman-peinture\\\/#primaryimage\"},\"image\":{\"@id\":\"https:\\\/\\\/egidimadeinitaly.com\\\/fr\\\/produit\\\/art-ancien\\\/tableaux-anciens-fr\\\/enrico-coleman-peinture\\\/#primaryimage\"},\"thumbnailUrl\":\"https:\\\/\\\/egidimadeinitaly.com\\\/v25\\\/wp-content\\\/uploads\\\/2023\\\/12\\\/Enrico-Coleman-Lavandaie-alla-fontana-e1701879589774.jpg\",\"datePublished\":\"2023-12-07T14:32:26+00:00\",\"dateModified\":\"2025-11-04T07:39:10+00:00\",\"description\":\"Enrico Coleman l'un des fondateurs du groupe des XXV de la Campagne romaine Peinture Lavandi\u00e8res \u00e0 la fontaine Art ancien en vente sur Egidi MadeinItaly Ecommerce\",\"breadcrumb\":{\"@id\":\"https:\\\/\\\/egidimadeinitaly.com\\\/fr\\\/produit\\\/art-ancien\\\/tableaux-anciens-fr\\\/enrico-coleman-peinture\\\/#breadcrumb\"},\"inLanguage\":\"fr-FR\",\"potentialAction\":[{\"@type\":\"ReadAction\",\"target\":[\"https:\\\/\\\/egidimadeinitaly.com\\\/fr\\\/produit\\\/art-ancien\\\/tableaux-anciens-fr\\\/enrico-coleman-peinture\\\/\"]}]},{\"@type\":\"ImageObject\",\"inLanguage\":\"fr-FR\",\"@id\":\"https:\\\/\\\/egidimadeinitaly.com\\\/fr\\\/produit\\\/art-ancien\\\/tableaux-anciens-fr\\\/enrico-coleman-peinture\\\/#primaryimage\",\"url\":\"https:\\\/\\\/egidimadeinitaly.com\\\/v25\\\/wp-content\\\/uploads\\\/2023\\\/12\\\/Enrico-Coleman-Lavandaie-alla-fontana-e1701879589774.jpg\",\"contentUrl\":\"https:\\\/\\\/egidimadeinitaly.com\\\/v25\\\/wp-content\\\/uploads\\\/2023\\\/12\\\/Enrico-Coleman-Lavandaie-alla-fontana-e1701879589774.jpg\",\"width\":1984,\"height\":1984,\"caption\":\"Enrico Coleman Lavandi\u00e8res \u00e0 la fontaine\"},{\"@type\":\"BreadcrumbList\",\"@id\":\"https:\\\/\\\/egidimadeinitaly.com\\\/fr\\\/produit\\\/art-ancien\\\/tableaux-anciens-fr\\\/enrico-coleman-peinture\\\/#breadcrumb\",\"itemListElement\":[{\"@type\":\"ListItem\",\"position\":1,\"name\":\"Home\",\"item\":\"https:\\\/\\\/egidimadeinitaly.com\\\/fr\\\/\"},{\"@type\":\"ListItem\",\"position\":2,\"name\":\"Produits\",\"item\":\"https:\\\/\\\/egidimadeinitaly.com\\\/fr\\\/shop\\\/\"},{\"@type\":\"ListItem\",\"position\":3,\"name\":\"Art ancien\",\"item\":\"https:\\\/\\\/egidimadeinitaly.com\\\/fr\\\/product-category\\\/art-ancien\\\/\"},{\"@type\":\"ListItem\",\"position\":4,\"name\":\"Tableaux anciens\",\"item\":\"https:\\\/\\\/egidimadeinitaly.com\\\/fr\\\/product-category\\\/art-ancien\\\/tableaux-anciens-fr\\\/\"},{\"@type\":\"ListItem\",\"position\":5,\"name\":\"Enrico Coleman peinture\"}]},{\"@type\":\"WebSite\",\"@id\":\"https:\\\/\\\/egidimadeinitaly.com\\\/fr\\\/#website\",\"url\":\"https:\\\/\\\/egidimadeinitaly.com\\\/fr\\\/\",\"name\":\"Egidi MadeinItaly\",\"description\":\"Fine Art\",\"potentialAction\":[{\"@type\":\"SearchAction\",\"target\":{\"@type\":\"EntryPoint\",\"urlTemplate\":\"https:\\\/\\\/egidimadeinitaly.com\\\/fr\\\/?s={search_term_string}\"},\"query-input\":{\"@type\":\"PropertyValueSpecification\",\"valueRequired\":true,\"valueName\":\"search_term_string\"}}],\"inLanguage\":\"fr-FR\"}]}<\/script>\n<!-- \/ Yoast SEO Premium plugin. -->","yoast_head_json":{"title":"Enrico Coleman peinture - Egidi MadeinItaly","description":"Enrico Coleman l'un des fondateurs du groupe des XXV de la Campagne romaine Peinture Lavandi\u00e8res \u00e0 la fontaine Art ancien en vente sur Egidi MadeinItaly Ecommerce","robots":{"index":"index","follow":"follow","max-snippet":"max-snippet:-1","max-image-preview":"max-image-preview:large","max-video-preview":"max-video-preview:-1"},"canonical":"https:\/\/egidimadeinitaly.com\/fr\/produit\/art-ancien\/tableaux-anciens-fr\/enrico-coleman-peinture\/","og_locale":"fr_FR","og_type":"article","og_title":"Enrico Coleman peinture","og_description":"Enrico Coleman peinture. Lavandaie alla fontana (Lavandi\u00e8res \u00e0 la fontaine).  \u00a0Peinture \u00e0 l'huile sur papier appliqu\u00e9e sur panneau. Les dimensions, comprenant le cadre en bois sculpt\u00e9 et dor\u00e9, sont de 56cm x 47,7.  Au dos de l'\u0153uvre les num\u00e9ros d'inventaire et une \u00e9tiquette de la galerie Belardi Rumor de Rome.  Peinture \u00e0 l'huile sur papier appliqu\u00e9e sur panneau.  &nbsp;","og_url":"https:\/\/egidimadeinitaly.com\/fr\/produit\/art-ancien\/tableaux-anciens-fr\/enrico-coleman-peinture\/","og_site_name":"Egidi MadeinItaly","article_publisher":"https:\/\/www.facebook.com\/egidimadeinitaly\/","article_modified_time":"2025-11-04T07:39:10+00:00","og_image":[{"width":1984,"height":1984,"url":"https:\/\/egidimadeinitaly.com\/v25\/wp-content\/uploads\/2023\/12\/Enrico-Coleman-Lavandaie-alla-fontana-e1701879589774.jpg","type":"image\/jpeg"}],"schema":{"@context":"https:\/\/schema.org","@graph":[{"@type":"WebPage","@id":"https:\/\/egidimadeinitaly.com\/fr\/negozio\/art-ancien\/tableaux-anciens-fr\/enrico-coleman-peinture\/","url":"https:\/\/egidimadeinitaly.com\/fr\/produit\/art-ancien\/tableaux-anciens-fr\/enrico-coleman-peinture\/","name":"Enrico Coleman peinture - Egidi MadeinItaly","isPartOf":{"@id":"https:\/\/egidimadeinitaly.com\/fr\/#website"},"primaryImageOfPage":{"@id":"https:\/\/egidimadeinitaly.com\/fr\/produit\/art-ancien\/tableaux-anciens-fr\/enrico-coleman-peinture\/#primaryimage"},"image":{"@id":"https:\/\/egidimadeinitaly.com\/fr\/produit\/art-ancien\/tableaux-anciens-fr\/enrico-coleman-peinture\/#primaryimage"},"thumbnailUrl":"https:\/\/egidimadeinitaly.com\/v25\/wp-content\/uploads\/2023\/12\/Enrico-Coleman-Lavandaie-alla-fontana-e1701879589774.jpg","datePublished":"2023-12-07T14:32:26+00:00","dateModified":"2025-11-04T07:39:10+00:00","description":"Enrico Coleman l'un des fondateurs du groupe des XXV de la Campagne romaine Peinture Lavandi\u00e8res \u00e0 la fontaine Art ancien en vente sur Egidi MadeinItaly Ecommerce","breadcrumb":{"@id":"https:\/\/egidimadeinitaly.com\/fr\/produit\/art-ancien\/tableaux-anciens-fr\/enrico-coleman-peinture\/#breadcrumb"},"inLanguage":"fr-FR","potentialAction":[{"@type":"ReadAction","target":["https:\/\/egidimadeinitaly.com\/fr\/produit\/art-ancien\/tableaux-anciens-fr\/enrico-coleman-peinture\/"]}]},{"@type":"ImageObject","inLanguage":"fr-FR","@id":"https:\/\/egidimadeinitaly.com\/fr\/produit\/art-ancien\/tableaux-anciens-fr\/enrico-coleman-peinture\/#primaryimage","url":"https:\/\/egidimadeinitaly.com\/v25\/wp-content\/uploads\/2023\/12\/Enrico-Coleman-Lavandaie-alla-fontana-e1701879589774.jpg","contentUrl":"https:\/\/egidimadeinitaly.com\/v25\/wp-content\/uploads\/2023\/12\/Enrico-Coleman-Lavandaie-alla-fontana-e1701879589774.jpg","width":1984,"height":1984,"caption":"Enrico Coleman Lavandi\u00e8res \u00e0 la fontaine"},{"@type":"BreadcrumbList","@id":"https:\/\/egidimadeinitaly.com\/fr\/produit\/art-ancien\/tableaux-anciens-fr\/enrico-coleman-peinture\/#breadcrumb","itemListElement":[{"@type":"ListItem","position":1,"name":"Home","item":"https:\/\/egidimadeinitaly.com\/fr\/"},{"@type":"ListItem","position":2,"name":"Produits","item":"https:\/\/egidimadeinitaly.com\/fr\/shop\/"},{"@type":"ListItem","position":3,"name":"Art ancien","item":"https:\/\/egidimadeinitaly.com\/fr\/product-category\/art-ancien\/"},{"@type":"ListItem","position":4,"name":"Tableaux anciens","item":"https:\/\/egidimadeinitaly.com\/fr\/product-category\/art-ancien\/tableaux-anciens-fr\/"},{"@type":"ListItem","position":5,"name":"Enrico Coleman peinture"}]},{"@type":"WebSite","@id":"https:\/\/egidimadeinitaly.com\/fr\/#website","url":"https:\/\/egidimadeinitaly.com\/fr\/","name":"Egidi MadeinItaly","description":"Fine Art","potentialAction":[{"@type":"SearchAction","target":{"@type":"EntryPoint","urlTemplate":"https:\/\/egidimadeinitaly.com\/fr\/?s={search_term_string}"},"query-input":{"@type":"PropertyValueSpecification","valueRequired":true,"valueName":"search_term_string"}}],"inLanguage":"fr-FR"}]}},"_links":{"self":[{"href":"https:\/\/egidimadeinitaly.com\/fr\/wp-json\/wp\/v2\/product\/117073","targetHints":{"allow":["GET"]}}],"collection":[{"href":"https:\/\/egidimadeinitaly.com\/fr\/wp-json\/wp\/v2\/product"}],"about":[{"href":"https:\/\/egidimadeinitaly.com\/fr\/wp-json\/wp\/v2\/types\/product"}],"wp:featuredmedia":[{"embeddable":true,"href":"https:\/\/egidimadeinitaly.com\/fr\/wp-json\/wp\/v2\/media\/117058"}],"wp:attachment":[{"href":"https:\/\/egidimadeinitaly.com\/fr\/wp-json\/wp\/v2\/media?parent=117073"}],"wp:term":[{"taxonomy":"product_brand","embeddable":true,"href":"https:\/\/egidimadeinitaly.com\/fr\/wp-json\/wp\/v2\/product_brand?post=117073"},{"taxonomy":"product_cat","embeddable":true,"href":"https:\/\/egidimadeinitaly.com\/fr\/wp-json\/wp\/v2\/product_cat?post=117073"},{"taxonomy":"product_tag","embeddable":true,"href":"https:\/\/egidimadeinitaly.com\/fr\/wp-json\/wp\/v2\/product_tag?post=117073"}],"curies":[{"name":"wp","href":"https:\/\/api.w.org\/{rel}","templated":true}]}}