{"id":116984,"date":"2023-12-01T13:05:22","date_gmt":"2023-12-01T12:05:22","guid":{"rendered":"https:\/\/egidimadeinitaly.com\/?post_type=product&#038;p=116984"},"modified":"2023-12-01T13:27:15","modified_gmt":"2023-12-01T12:27:15","slug":"camillo-innocenti-aquarelle-sur-papier","status":"publish","type":"product","link":"https:\/\/egidimadeinitaly.com\/fr\/negozio\/art-ancien\/camillo-innocenti-aquarelle-sur-papier\/","title":{"rendered":"Camillo Innocenti aquarelle sur papier"},"content":{"rendered":"<p>L&rsquo;aquarelle sur papier <em>Le pass\u00e9 glorieux<\/em> peut \u00eatre plac\u00e9e dans la p\u00e9riode \u00e9gyptienne de Camillo Innocenti. L&rsquo;\u0153uvre est dat\u00e9e au dos du 16 septembre 1926.<\/p>\n<h2 style=\"text-align: center;\">Vous poss\u00e9dez une \u0153uvre de Camillo Innocenti et vous voulez la vendre ?<\/h2>\n<p style=\"text-align: center;\">Appelez-nous au num\u00e9ro +39 3356585431 ou envoyez-nous un message WhatsApp au +39 3356585431<\/p>\n<p style=\"text-align: center;\"><strong><span style=\"color: #ff6600;\">VOUS POUVEZ NOUS FAIRE CONFIANCE<\/span><\/strong><\/p>\n<p style=\"text-align: center;\">Les meilleures estimations, comp\u00e9tence, s\u00e9rieux<\/p>\n","protected":false},"excerpt":{"rendered":"<p><strong>Camillo Innocenti<\/strong> (Rome 1871-1961) Aquarelle sur papier. Au dos de l&rsquo;\u0153uvre figurent le titre, la signature, l&rsquo;inscription et la date. Titre : Le pass\u00e9 glorieux, le roi victorieux, la construction du temple, le sphinx.<\/p>\n<p><span style=\"font-weight: 400;\">Au dos il est indiqu\u00e9 que cette \u0153uvre a \u00e9t\u00e9 offerte par l&rsquo;artiste en cadeau de mariage en 1955.<\/span><\/p>\n","protected":false},"featured_media":116973,"template":"","meta":{"_acf_changed":false},"product_brand":[],"product_cat":[6374],"product_tag":[],"class_list":{"0":"post-116984","1":"product","2":"type-product","3":"status-publish","4":"has-post-thumbnail","6":"product_cat-art-ancien","8":"first","9":"instock","10":"taxable","11":"shipping-taxable","12":"purchasable","13":"product-type-simple"},"acf":[],"yoast_head":"<!-- This site is optimized with the Yoast SEO Premium plugin v27.3 (Yoast SEO v27.4) - https:\/\/yoast.com\/product\/yoast-seo-premium-wordpress\/ -->\n<title>Camillo Innocenti aquarelle sur papier - Egidi MadeinItaly<\/title>\n<meta name=\"description\" content=\"Le peintre Camillo Innocenti a v\u00e9cu de 1923 \u00e0 1940 en Egypte, l&#039;aquarelle en vente sur Egidi MadeinItaly appartient \u00e0 la production de cette p\u00e9riode.\" \/>\n<meta name=\"robots\" content=\"index, follow, max-snippet:-1, max-image-preview:large, max-video-preview:-1\" \/>\n<link rel=\"canonical\" href=\"https:\/\/egidimadeinitaly.com\/fr\/produit\/art-ancien\/oeuvres-anciennes-sur-papier-fr\/camillo-innocenti-aquarelle-sur-papier\/\" \/>\n<meta property=\"og:locale\" content=\"fr_FR\" \/>\n<meta property=\"og:type\" content=\"article\" \/>\n<meta property=\"og:title\" content=\"Camillo Innocenti aquarelle sur papier\" \/>\n<meta property=\"og:description\" content=\"Camillo Innocenti (Rome 1871-1961) Aquarelle sur papier. Au dos de l&#039;\u0153uvre figurent le titre, la signature, l&#039;inscription et la date. Titre : Le pass\u00e9 glorieux, le roi victorieux, la construction du temple, le sphinx.  Au dos il est indiqu\u00e9 que cette \u0153uvre a \u00e9t\u00e9 offerte par l&#039;artiste en cadeau de mariage en 1955.\" \/>\n<meta property=\"og:url\" content=\"https:\/\/egidimadeinitaly.com\/fr\/produit\/art-ancien\/oeuvres-anciennes-sur-papier-fr\/camillo-innocenti-aquarelle-sur-papier\/\" \/>\n<meta property=\"og:site_name\" content=\"Egidi MadeinItaly\" \/>\n<meta property=\"article:publisher\" content=\"https:\/\/www.facebook.com\/egidimadeinitaly\/\" \/>\n<meta property=\"article:modified_time\" content=\"2023-12-01T12:27:15+00:00\" \/>\n<meta property=\"og:image\" content=\"https:\/\/egidimadeinitaly.com\/wp-content\/uploads\/2023\/12\/camillo-innocenti-il-passato-glorioso-e1704120560389.jpg\" \/>\n\t<meta property=\"og:image:width\" content=\"1984\" \/>\n\t<meta property=\"og:image:height\" content=\"1984\" \/>\n\t<meta property=\"og:image:type\" content=\"image\/jpeg\" \/>\n<script type=\"application\/ld+json\" class=\"yoast-schema-graph\">{\"@context\":\"https:\\\/\\\/schema.org\",\"@graph\":[{\"@type\":\"WebPage\",\"@id\":\"https:\\\/\\\/egidimadeinitaly.com\\\/fr\\\/negozio\\\/art-ancien\\\/camillo-innocenti-aquarelle-sur-papier\\\/\",\"url\":\"https:\\\/\\\/egidimadeinitaly.com\\\/fr\\\/produit\\\/art-ancien\\\/oeuvres-anciennes-sur-papier-fr\\\/camillo-innocenti-aquarelle-sur-papier\\\/\",\"name\":\"Camillo Innocenti aquarelle sur papier - Egidi MadeinItaly\",\"isPartOf\":{\"@id\":\"https:\\\/\\\/egidimadeinitaly.com\\\/fr\\\/#website\"},\"primaryImageOfPage\":{\"@id\":\"https:\\\/\\\/egidimadeinitaly.com\\\/fr\\\/produit\\\/art-ancien\\\/oeuvres-anciennes-sur-papier-fr\\\/camillo-innocenti-aquarelle-sur-papier\\\/#primaryimage\"},\"image\":{\"@id\":\"https:\\\/\\\/egidimadeinitaly.com\\\/fr\\\/produit\\\/art-ancien\\\/oeuvres-anciennes-sur-papier-fr\\\/camillo-innocenti-aquarelle-sur-papier\\\/#primaryimage\"},\"thumbnailUrl\":\"https:\\\/\\\/egidimadeinitaly.com\\\/v25\\\/wp-content\\\/uploads\\\/2023\\\/12\\\/camillo-innocenti-il-passato-glorioso-e1704120560389.jpg\",\"datePublished\":\"2023-12-01T12:05:22+00:00\",\"dateModified\":\"2023-12-01T12:27:15+00:00\",\"description\":\"Le peintre Camillo Innocenti a v\u00e9cu de 1923 \u00e0 1940 en Egypte, l'aquarelle en vente sur Egidi MadeinItaly appartient \u00e0 la production de cette p\u00e9riode.\",\"breadcrumb\":{\"@id\":\"https:\\\/\\\/egidimadeinitaly.com\\\/fr\\\/produit\\\/art-ancien\\\/oeuvres-anciennes-sur-papier-fr\\\/camillo-innocenti-aquarelle-sur-papier\\\/#breadcrumb\"},\"inLanguage\":\"fr-FR\",\"potentialAction\":[{\"@type\":\"ReadAction\",\"target\":[\"https:\\\/\\\/egidimadeinitaly.com\\\/fr\\\/produit\\\/art-ancien\\\/oeuvres-anciennes-sur-papier-fr\\\/camillo-innocenti-aquarelle-sur-papier\\\/\"]}]},{\"@type\":\"ImageObject\",\"inLanguage\":\"fr-FR\",\"@id\":\"https:\\\/\\\/egidimadeinitaly.com\\\/fr\\\/produit\\\/art-ancien\\\/oeuvres-anciennes-sur-papier-fr\\\/camillo-innocenti-aquarelle-sur-papier\\\/#primaryimage\",\"url\":\"https:\\\/\\\/egidimadeinitaly.com\\\/v25\\\/wp-content\\\/uploads\\\/2023\\\/12\\\/camillo-innocenti-il-passato-glorioso-e1704120560389.jpg\",\"contentUrl\":\"https:\\\/\\\/egidimadeinitaly.com\\\/v25\\\/wp-content\\\/uploads\\\/2023\\\/12\\\/camillo-innocenti-il-passato-glorioso-e1704120560389.jpg\",\"width\":1984,\"height\":1984,\"caption\":\"Camillo Innocenti Le pass\u00e9 glorieux\"},{\"@type\":\"BreadcrumbList\",\"@id\":\"https:\\\/\\\/egidimadeinitaly.com\\\/fr\\\/produit\\\/art-ancien\\\/oeuvres-anciennes-sur-papier-fr\\\/camillo-innocenti-aquarelle-sur-papier\\\/#breadcrumb\",\"itemListElement\":[{\"@type\":\"ListItem\",\"position\":1,\"name\":\"Home\",\"item\":\"https:\\\/\\\/egidimadeinitaly.com\\\/fr\\\/\"},{\"@type\":\"ListItem\",\"position\":2,\"name\":\"Produits\",\"item\":\"https:\\\/\\\/egidimadeinitaly.com\\\/fr\\\/shop\\\/\"},{\"@type\":\"ListItem\",\"position\":3,\"name\":\"Art ancien\",\"item\":\"https:\\\/\\\/egidimadeinitaly.com\\\/fr\\\/product-category\\\/art-ancien\\\/\"},{\"@type\":\"ListItem\",\"position\":4,\"name\":\"Camillo Innocenti aquarelle sur papier\"}]},{\"@type\":\"WebSite\",\"@id\":\"https:\\\/\\\/egidimadeinitaly.com\\\/fr\\\/#website\",\"url\":\"https:\\\/\\\/egidimadeinitaly.com\\\/fr\\\/\",\"name\":\"Egidi MadeinItaly\",\"description\":\"Fine Art\",\"potentialAction\":[{\"@type\":\"SearchAction\",\"target\":{\"@type\":\"EntryPoint\",\"urlTemplate\":\"https:\\\/\\\/egidimadeinitaly.com\\\/fr\\\/?s={search_term_string}\"},\"query-input\":{\"@type\":\"PropertyValueSpecification\",\"valueRequired\":true,\"valueName\":\"search_term_string\"}}],\"inLanguage\":\"fr-FR\"}]}<\/script>\n<!-- \/ Yoast SEO Premium plugin. -->","yoast_head_json":{"title":"Camillo Innocenti aquarelle sur papier - Egidi MadeinItaly","description":"Le peintre Camillo Innocenti a v\u00e9cu de 1923 \u00e0 1940 en Egypte, l'aquarelle en vente sur Egidi MadeinItaly appartient \u00e0 la production de cette p\u00e9riode.","robots":{"index":"index","follow":"follow","max-snippet":"max-snippet:-1","max-image-preview":"max-image-preview:large","max-video-preview":"max-video-preview:-1"},"canonical":"https:\/\/egidimadeinitaly.com\/fr\/produit\/art-ancien\/oeuvres-anciennes-sur-papier-fr\/camillo-innocenti-aquarelle-sur-papier\/","og_locale":"fr_FR","og_type":"article","og_title":"Camillo Innocenti aquarelle sur papier","og_description":"Camillo Innocenti (Rome 1871-1961) Aquarelle sur papier. Au dos de l'\u0153uvre figurent le titre, la signature, l'inscription et la date. Titre : Le pass\u00e9 glorieux, le roi victorieux, la construction du temple, le sphinx.  Au dos il est indiqu\u00e9 que cette \u0153uvre a \u00e9t\u00e9 offerte par l'artiste en cadeau de mariage en 1955.","og_url":"https:\/\/egidimadeinitaly.com\/fr\/produit\/art-ancien\/oeuvres-anciennes-sur-papier-fr\/camillo-innocenti-aquarelle-sur-papier\/","og_site_name":"Egidi MadeinItaly","article_publisher":"https:\/\/www.facebook.com\/egidimadeinitaly\/","article_modified_time":"2023-12-01T12:27:15+00:00","og_image":[{"width":1984,"height":1984,"url":"https:\/\/egidimadeinitaly.com\/wp-content\/uploads\/2023\/12\/camillo-innocenti-il-passato-glorioso-e1704120560389.jpg","type":"image\/jpeg"}],"schema":{"@context":"https:\/\/schema.org","@graph":[{"@type":"WebPage","@id":"https:\/\/egidimadeinitaly.com\/fr\/negozio\/art-ancien\/camillo-innocenti-aquarelle-sur-papier\/","url":"https:\/\/egidimadeinitaly.com\/fr\/produit\/art-ancien\/oeuvres-anciennes-sur-papier-fr\/camillo-innocenti-aquarelle-sur-papier\/","name":"Camillo Innocenti aquarelle sur papier - Egidi MadeinItaly","isPartOf":{"@id":"https:\/\/egidimadeinitaly.com\/fr\/#website"},"primaryImageOfPage":{"@id":"https:\/\/egidimadeinitaly.com\/fr\/produit\/art-ancien\/oeuvres-anciennes-sur-papier-fr\/camillo-innocenti-aquarelle-sur-papier\/#primaryimage"},"image":{"@id":"https:\/\/egidimadeinitaly.com\/fr\/produit\/art-ancien\/oeuvres-anciennes-sur-papier-fr\/camillo-innocenti-aquarelle-sur-papier\/#primaryimage"},"thumbnailUrl":"https:\/\/egidimadeinitaly.com\/v25\/wp-content\/uploads\/2023\/12\/camillo-innocenti-il-passato-glorioso-e1704120560389.jpg","datePublished":"2023-12-01T12:05:22+00:00","dateModified":"2023-12-01T12:27:15+00:00","description":"Le peintre Camillo Innocenti a v\u00e9cu de 1923 \u00e0 1940 en Egypte, l'aquarelle en vente sur Egidi MadeinItaly appartient \u00e0 la production de cette p\u00e9riode.","breadcrumb":{"@id":"https:\/\/egidimadeinitaly.com\/fr\/produit\/art-ancien\/oeuvres-anciennes-sur-papier-fr\/camillo-innocenti-aquarelle-sur-papier\/#breadcrumb"},"inLanguage":"fr-FR","potentialAction":[{"@type":"ReadAction","target":["https:\/\/egidimadeinitaly.com\/fr\/produit\/art-ancien\/oeuvres-anciennes-sur-papier-fr\/camillo-innocenti-aquarelle-sur-papier\/"]}]},{"@type":"ImageObject","inLanguage":"fr-FR","@id":"https:\/\/egidimadeinitaly.com\/fr\/produit\/art-ancien\/oeuvres-anciennes-sur-papier-fr\/camillo-innocenti-aquarelle-sur-papier\/#primaryimage","url":"https:\/\/egidimadeinitaly.com\/v25\/wp-content\/uploads\/2023\/12\/camillo-innocenti-il-passato-glorioso-e1704120560389.jpg","contentUrl":"https:\/\/egidimadeinitaly.com\/v25\/wp-content\/uploads\/2023\/12\/camillo-innocenti-il-passato-glorioso-e1704120560389.jpg","width":1984,"height":1984,"caption":"Camillo Innocenti Le pass\u00e9 glorieux"},{"@type":"BreadcrumbList","@id":"https:\/\/egidimadeinitaly.com\/fr\/produit\/art-ancien\/oeuvres-anciennes-sur-papier-fr\/camillo-innocenti-aquarelle-sur-papier\/#breadcrumb","itemListElement":[{"@type":"ListItem","position":1,"name":"Home","item":"https:\/\/egidimadeinitaly.com\/fr\/"},{"@type":"ListItem","position":2,"name":"Produits","item":"https:\/\/egidimadeinitaly.com\/fr\/shop\/"},{"@type":"ListItem","position":3,"name":"Art ancien","item":"https:\/\/egidimadeinitaly.com\/fr\/product-category\/art-ancien\/"},{"@type":"ListItem","position":4,"name":"Camillo Innocenti aquarelle sur papier"}]},{"@type":"WebSite","@id":"https:\/\/egidimadeinitaly.com\/fr\/#website","url":"https:\/\/egidimadeinitaly.com\/fr\/","name":"Egidi MadeinItaly","description":"Fine Art","potentialAction":[{"@type":"SearchAction","target":{"@type":"EntryPoint","urlTemplate":"https:\/\/egidimadeinitaly.com\/fr\/?s={search_term_string}"},"query-input":{"@type":"PropertyValueSpecification","valueRequired":true,"valueName":"search_term_string"}}],"inLanguage":"fr-FR"}]}},"_links":{"self":[{"href":"https:\/\/egidimadeinitaly.com\/fr\/wp-json\/wp\/v2\/product\/116984","targetHints":{"allow":["GET"]}}],"collection":[{"href":"https:\/\/egidimadeinitaly.com\/fr\/wp-json\/wp\/v2\/product"}],"about":[{"href":"https:\/\/egidimadeinitaly.com\/fr\/wp-json\/wp\/v2\/types\/product"}],"wp:featuredmedia":[{"embeddable":true,"href":"https:\/\/egidimadeinitaly.com\/fr\/wp-json\/wp\/v2\/media\/116973"}],"wp:attachment":[{"href":"https:\/\/egidimadeinitaly.com\/fr\/wp-json\/wp\/v2\/media?parent=116984"}],"wp:term":[{"taxonomy":"product_brand","embeddable":true,"href":"https:\/\/egidimadeinitaly.com\/fr\/wp-json\/wp\/v2\/product_brand?post=116984"},{"taxonomy":"product_cat","embeddable":true,"href":"https:\/\/egidimadeinitaly.com\/fr\/wp-json\/wp\/v2\/product_cat?post=116984"},{"taxonomy":"product_tag","embeddable":true,"href":"https:\/\/egidimadeinitaly.com\/fr\/wp-json\/wp\/v2\/product_tag?post=116984"}],"curies":[{"name":"wp","href":"https:\/\/api.w.org\/{rel}","templated":true}]}}