{"id":116968,"date":"2023-12-01T10:17:06","date_gmt":"2023-12-01T09:17:06","guid":{"rendered":"https:\/\/egidimadeinitaly.com\/?post_type=product&#038;p=116968"},"modified":"2024-10-19T19:45:54","modified_gmt":"2024-10-19T18:45:54","slug":"camillo-innocenti-oeuvre-sur-papier","status":"publish","type":"product","link":"https:\/\/egidimadeinitaly.com\/fr\/negozio\/art-ancien\/camillo-innocenti-oeuvre-sur-papier\/","title":{"rendered":"Camillo Innocenti \u0153uvre sur papier"},"content":{"rendered":"<p><span style=\"font-weight: 400;\"><strong>Camillo Innocenti<\/strong> (Roma 1871-1961) \u0152uvre encadr\u00e9e sur papier intitul\u00e9e \u00ab Mohamed Ali victorieux \u00bb. <\/span><\/p>\n<p><span style=\"font-weight: 400;\">Crayon et gouache. Inscription, titre, signature et date au dos. Il est \u00e9galement indiqu\u00e9 au dos que cette \u0153uvre a \u00e9t\u00e9 offerte par l&rsquo;artiste en cadeau de mariage en 1955.<\/span><\/p>\n<p><span style=\"font-weight: 400;\">\u00a0<\/span><\/p>\n","protected":false},"excerpt":{"rendered":"<p><span style=\"font-weight: 400;\">L&rsquo;\u0153uvre est dat\u00e9 16 septembre 1926. On peut supposer, selon toute vraisemblance, qu&rsquo;il s&rsquo;agit d&rsquo;une esquisse pour une \u0153uvre command\u00e9e \u00e0 <strong>Camillo Innocenti<\/strong>. De 1923 \u00e0 1940, ce dernier a en effet s\u00e9journ\u00e9 en \u00c9gypte, o\u00f9 il a dirig\u00e9 l&rsquo;Acad\u00e9mie des Beaux-Arts du Caire.\u00a0<\/span><\/p>\n<p><strong>Camillo Innocenti<\/strong> figura au Salon des Artistes Fran\u00e7ais o\u00f9 il obtint une mention honorable en 1902.<\/p>\n<h2 style=\"text-align: center;\">Vous poss\u00e9dez une \u0153uvre de Camillo Innocenti et vous voulez la vendre ?<\/h2>\n<p style=\"text-align: center;\">Appelez-nous au num\u00e9ro +39 3356585431 ou envoyez-nous un message WhatsApp au +39 3356585431<\/p>\n<p style=\"text-align: center;\"><strong><span style=\"color: #ff6600;\">VOUS POUVEZ NOUS FAIRE CONFIANCE<\/span><\/strong><\/p>\n<p style=\"text-align: center;\">Les meilleures estimations, comp\u00e9tence, s\u00e9rieux<\/p>\n<p style=\"text-align: center;\">\n","protected":false},"featured_media":116908,"template":"","meta":{"_acf_changed":false},"product_brand":[],"product_cat":[6374],"product_tag":[],"class_list":{"0":"post-116968","1":"product","2":"type-product","3":"status-publish","4":"has-post-thumbnail","6":"product_cat-art-ancien","8":"first","9":"instock","10":"taxable","11":"shipping-taxable","12":"purchasable","13":"product-type-simple"},"acf":[],"yoast_head":"<!-- This site is optimized with the Yoast SEO Premium plugin v27.3 (Yoast SEO v27.4) - https:\/\/yoast.com\/product\/yoast-seo-premium-wordpress\/ -->\n<title>Camillo Innocenti \u0153uvre sur papier - Egidi MadeinItaly<\/title>\n<meta name=\"description\" content=\"Le peintre romain Camillo Innocenti (1871-1961) a \u00e9t\u00e9 form\u00e9 par Antonio Mancini et Domenico Morelli. En vente sur Egidi MadeinItaly Ecommerce.\" \/>\n<meta name=\"robots\" content=\"index, follow, max-snippet:-1, max-image-preview:large, max-video-preview:-1\" \/>\n<link rel=\"canonical\" href=\"https:\/\/egidimadeinitaly.com\/fr\/produit\/art-ancien\/oeuvres-anciennes-sur-papier-fr\/camillo-innocenti-oeuvre-sur-papier\/\" \/>\n<meta property=\"og:locale\" content=\"fr_FR\" \/>\n<meta property=\"og:type\" content=\"article\" \/>\n<meta property=\"og:title\" content=\"Camillo Innocenti \u0153uvre sur papier\" \/>\n<meta property=\"og:description\" content=\"L&#039;\u0153uvre est dat\u00e9 16 septembre 1926. On peut supposer, selon toute vraisemblance, qu&#039;il s&#039;agit d&#039;une esquisse pour une \u0153uvre command\u00e9e \u00e0 Camillo Innocenti. De 1923 \u00e0 1940, ce dernier a en effet s\u00e9journ\u00e9 en \u00c9gypte, o\u00f9 il a dirig\u00e9 l&#039;Acad\u00e9mie des Beaux-Arts du Caire.\u00a0  Camillo Innocenti figura au Salon des Artistes Fran\u00e7ais o\u00f9 il obtint une mention honorable en 1902. Vous poss\u00e9dez une \u0153uvre de Camillo Innocenti et vous voulez la vendre ? Appelez-nous au num\u00e9ro +39 3356585431 ou envoyez-nous un message WhatsApp au +39 3356585431 VOUS POUVEZ NOUS FAIRE CONFIANCE Les meilleures estimations, comp\u00e9tence, s\u00e9rieux\" \/>\n<meta property=\"og:url\" content=\"https:\/\/egidimadeinitaly.com\/fr\/produit\/art-ancien\/oeuvres-anciennes-sur-papier-fr\/camillo-innocenti-oeuvre-sur-papier\/\" \/>\n<meta property=\"og:site_name\" content=\"Egidi MadeinItaly\" \/>\n<meta property=\"article:publisher\" content=\"https:\/\/www.facebook.com\/egidimadeinitaly\/\" \/>\n<meta property=\"article:modified_time\" content=\"2024-10-19T18:45:54+00:00\" \/>\n<meta property=\"og:image\" content=\"https:\/\/egidimadeinitaly.com\/wp-content\/uploads\/2023\/11\/camillo-innocenti_mohamed-ali-vittorioso-e1704120907790.jpg\" \/>\n\t<meta property=\"og:image:width\" content=\"1984\" \/>\n\t<meta property=\"og:image:height\" content=\"1984\" \/>\n\t<meta property=\"og:image:type\" content=\"image\/jpeg\" \/>\n<script type=\"application\/ld+json\" class=\"yoast-schema-graph\">{\"@context\":\"https:\\\/\\\/schema.org\",\"@graph\":[{\"@type\":\"WebPage\",\"@id\":\"https:\\\/\\\/egidimadeinitaly.com\\\/fr\\\/negozio\\\/art-ancien\\\/camillo-innocenti-oeuvre-sur-papier\\\/\",\"url\":\"https:\\\/\\\/egidimadeinitaly.com\\\/fr\\\/produit\\\/art-ancien\\\/oeuvres-anciennes-sur-papier-fr\\\/camillo-innocenti-oeuvre-sur-papier\\\/\",\"name\":\"Camillo Innocenti \u0153uvre sur papier - Egidi MadeinItaly\",\"isPartOf\":{\"@id\":\"https:\\\/\\\/egidimadeinitaly.com\\\/fr\\\/#website\"},\"primaryImageOfPage\":{\"@id\":\"https:\\\/\\\/egidimadeinitaly.com\\\/fr\\\/produit\\\/art-ancien\\\/oeuvres-anciennes-sur-papier-fr\\\/camillo-innocenti-oeuvre-sur-papier\\\/#primaryimage\"},\"image\":{\"@id\":\"https:\\\/\\\/egidimadeinitaly.com\\\/fr\\\/produit\\\/art-ancien\\\/oeuvres-anciennes-sur-papier-fr\\\/camillo-innocenti-oeuvre-sur-papier\\\/#primaryimage\"},\"thumbnailUrl\":\"https:\\\/\\\/egidimadeinitaly.com\\\/v25\\\/wp-content\\\/uploads\\\/2023\\\/11\\\/camillo-innocenti_mohamed-ali-vittorioso-e1704120907790.jpg\",\"datePublished\":\"2023-12-01T09:17:06+00:00\",\"dateModified\":\"2024-10-19T18:45:54+00:00\",\"description\":\"Le peintre romain Camillo Innocenti (1871-1961) a \u00e9t\u00e9 form\u00e9 par Antonio Mancini et Domenico Morelli. En vente sur Egidi MadeinItaly Ecommerce.\",\"breadcrumb\":{\"@id\":\"https:\\\/\\\/egidimadeinitaly.com\\\/fr\\\/produit\\\/art-ancien\\\/oeuvres-anciennes-sur-papier-fr\\\/camillo-innocenti-oeuvre-sur-papier\\\/#breadcrumb\"},\"inLanguage\":\"fr-FR\",\"potentialAction\":[{\"@type\":\"ReadAction\",\"target\":[\"https:\\\/\\\/egidimadeinitaly.com\\\/fr\\\/produit\\\/art-ancien\\\/oeuvres-anciennes-sur-papier-fr\\\/camillo-innocenti-oeuvre-sur-papier\\\/\"]}]},{\"@type\":\"ImageObject\",\"inLanguage\":\"fr-FR\",\"@id\":\"https:\\\/\\\/egidimadeinitaly.com\\\/fr\\\/produit\\\/art-ancien\\\/oeuvres-anciennes-sur-papier-fr\\\/camillo-innocenti-oeuvre-sur-papier\\\/#primaryimage\",\"url\":\"https:\\\/\\\/egidimadeinitaly.com\\\/v25\\\/wp-content\\\/uploads\\\/2023\\\/11\\\/camillo-innocenti_mohamed-ali-vittorioso-e1704120907790.jpg\",\"contentUrl\":\"https:\\\/\\\/egidimadeinitaly.com\\\/v25\\\/wp-content\\\/uploads\\\/2023\\\/11\\\/camillo-innocenti_mohamed-ali-vittorioso-e1704120907790.jpg\",\"width\":1984,\"height\":1984,\"caption\":\"Camillo Innocenti Mohamed Ali victorieux\"},{\"@type\":\"BreadcrumbList\",\"@id\":\"https:\\\/\\\/egidimadeinitaly.com\\\/fr\\\/produit\\\/art-ancien\\\/oeuvres-anciennes-sur-papier-fr\\\/camillo-innocenti-oeuvre-sur-papier\\\/#breadcrumb\",\"itemListElement\":[{\"@type\":\"ListItem\",\"position\":1,\"name\":\"Home\",\"item\":\"https:\\\/\\\/egidimadeinitaly.com\\\/fr\\\/\"},{\"@type\":\"ListItem\",\"position\":2,\"name\":\"Produits\",\"item\":\"https:\\\/\\\/egidimadeinitaly.com\\\/fr\\\/shop\\\/\"},{\"@type\":\"ListItem\",\"position\":3,\"name\":\"Art ancien\",\"item\":\"https:\\\/\\\/egidimadeinitaly.com\\\/fr\\\/product-category\\\/art-ancien\\\/\"},{\"@type\":\"ListItem\",\"position\":4,\"name\":\"Camillo Innocenti \u0153uvre sur papier\"}]},{\"@type\":\"WebSite\",\"@id\":\"https:\\\/\\\/egidimadeinitaly.com\\\/fr\\\/#website\",\"url\":\"https:\\\/\\\/egidimadeinitaly.com\\\/fr\\\/\",\"name\":\"Egidi MadeinItaly\",\"description\":\"Fine Art\",\"potentialAction\":[{\"@type\":\"SearchAction\",\"target\":{\"@type\":\"EntryPoint\",\"urlTemplate\":\"https:\\\/\\\/egidimadeinitaly.com\\\/fr\\\/?s={search_term_string}\"},\"query-input\":{\"@type\":\"PropertyValueSpecification\",\"valueRequired\":true,\"valueName\":\"search_term_string\"}}],\"inLanguage\":\"fr-FR\"}]}<\/script>\n<!-- \/ Yoast SEO Premium plugin. -->","yoast_head_json":{"title":"Camillo Innocenti \u0153uvre sur papier - Egidi MadeinItaly","description":"Le peintre romain Camillo Innocenti (1871-1961) a \u00e9t\u00e9 form\u00e9 par Antonio Mancini et Domenico Morelli. En vente sur Egidi MadeinItaly Ecommerce.","robots":{"index":"index","follow":"follow","max-snippet":"max-snippet:-1","max-image-preview":"max-image-preview:large","max-video-preview":"max-video-preview:-1"},"canonical":"https:\/\/egidimadeinitaly.com\/fr\/produit\/art-ancien\/oeuvres-anciennes-sur-papier-fr\/camillo-innocenti-oeuvre-sur-papier\/","og_locale":"fr_FR","og_type":"article","og_title":"Camillo Innocenti \u0153uvre sur papier","og_description":"L'\u0153uvre est dat\u00e9 16 septembre 1926. On peut supposer, selon toute vraisemblance, qu'il s'agit d'une esquisse pour une \u0153uvre command\u00e9e \u00e0 Camillo Innocenti. De 1923 \u00e0 1940, ce dernier a en effet s\u00e9journ\u00e9 en \u00c9gypte, o\u00f9 il a dirig\u00e9 l'Acad\u00e9mie des Beaux-Arts du Caire.\u00a0  Camillo Innocenti figura au Salon des Artistes Fran\u00e7ais o\u00f9 il obtint une mention honorable en 1902. Vous poss\u00e9dez une \u0153uvre de Camillo Innocenti et vous voulez la vendre ? Appelez-nous au num\u00e9ro +39 3356585431 ou envoyez-nous un message WhatsApp au +39 3356585431 VOUS POUVEZ NOUS FAIRE CONFIANCE Les meilleures estimations, comp\u00e9tence, s\u00e9rieux","og_url":"https:\/\/egidimadeinitaly.com\/fr\/produit\/art-ancien\/oeuvres-anciennes-sur-papier-fr\/camillo-innocenti-oeuvre-sur-papier\/","og_site_name":"Egidi MadeinItaly","article_publisher":"https:\/\/www.facebook.com\/egidimadeinitaly\/","article_modified_time":"2024-10-19T18:45:54+00:00","og_image":[{"width":1984,"height":1984,"url":"https:\/\/egidimadeinitaly.com\/wp-content\/uploads\/2023\/11\/camillo-innocenti_mohamed-ali-vittorioso-e1704120907790.jpg","type":"image\/jpeg"}],"schema":{"@context":"https:\/\/schema.org","@graph":[{"@type":"WebPage","@id":"https:\/\/egidimadeinitaly.com\/fr\/negozio\/art-ancien\/camillo-innocenti-oeuvre-sur-papier\/","url":"https:\/\/egidimadeinitaly.com\/fr\/produit\/art-ancien\/oeuvres-anciennes-sur-papier-fr\/camillo-innocenti-oeuvre-sur-papier\/","name":"Camillo Innocenti \u0153uvre sur papier - Egidi MadeinItaly","isPartOf":{"@id":"https:\/\/egidimadeinitaly.com\/fr\/#website"},"primaryImageOfPage":{"@id":"https:\/\/egidimadeinitaly.com\/fr\/produit\/art-ancien\/oeuvres-anciennes-sur-papier-fr\/camillo-innocenti-oeuvre-sur-papier\/#primaryimage"},"image":{"@id":"https:\/\/egidimadeinitaly.com\/fr\/produit\/art-ancien\/oeuvres-anciennes-sur-papier-fr\/camillo-innocenti-oeuvre-sur-papier\/#primaryimage"},"thumbnailUrl":"https:\/\/egidimadeinitaly.com\/v25\/wp-content\/uploads\/2023\/11\/camillo-innocenti_mohamed-ali-vittorioso-e1704120907790.jpg","datePublished":"2023-12-01T09:17:06+00:00","dateModified":"2024-10-19T18:45:54+00:00","description":"Le peintre romain Camillo Innocenti (1871-1961) a \u00e9t\u00e9 form\u00e9 par Antonio Mancini et Domenico Morelli. En vente sur Egidi MadeinItaly Ecommerce.","breadcrumb":{"@id":"https:\/\/egidimadeinitaly.com\/fr\/produit\/art-ancien\/oeuvres-anciennes-sur-papier-fr\/camillo-innocenti-oeuvre-sur-papier\/#breadcrumb"},"inLanguage":"fr-FR","potentialAction":[{"@type":"ReadAction","target":["https:\/\/egidimadeinitaly.com\/fr\/produit\/art-ancien\/oeuvres-anciennes-sur-papier-fr\/camillo-innocenti-oeuvre-sur-papier\/"]}]},{"@type":"ImageObject","inLanguage":"fr-FR","@id":"https:\/\/egidimadeinitaly.com\/fr\/produit\/art-ancien\/oeuvres-anciennes-sur-papier-fr\/camillo-innocenti-oeuvre-sur-papier\/#primaryimage","url":"https:\/\/egidimadeinitaly.com\/v25\/wp-content\/uploads\/2023\/11\/camillo-innocenti_mohamed-ali-vittorioso-e1704120907790.jpg","contentUrl":"https:\/\/egidimadeinitaly.com\/v25\/wp-content\/uploads\/2023\/11\/camillo-innocenti_mohamed-ali-vittorioso-e1704120907790.jpg","width":1984,"height":1984,"caption":"Camillo Innocenti Mohamed Ali victorieux"},{"@type":"BreadcrumbList","@id":"https:\/\/egidimadeinitaly.com\/fr\/produit\/art-ancien\/oeuvres-anciennes-sur-papier-fr\/camillo-innocenti-oeuvre-sur-papier\/#breadcrumb","itemListElement":[{"@type":"ListItem","position":1,"name":"Home","item":"https:\/\/egidimadeinitaly.com\/fr\/"},{"@type":"ListItem","position":2,"name":"Produits","item":"https:\/\/egidimadeinitaly.com\/fr\/shop\/"},{"@type":"ListItem","position":3,"name":"Art ancien","item":"https:\/\/egidimadeinitaly.com\/fr\/product-category\/art-ancien\/"},{"@type":"ListItem","position":4,"name":"Camillo Innocenti \u0153uvre sur papier"}]},{"@type":"WebSite","@id":"https:\/\/egidimadeinitaly.com\/fr\/#website","url":"https:\/\/egidimadeinitaly.com\/fr\/","name":"Egidi MadeinItaly","description":"Fine Art","potentialAction":[{"@type":"SearchAction","target":{"@type":"EntryPoint","urlTemplate":"https:\/\/egidimadeinitaly.com\/fr\/?s={search_term_string}"},"query-input":{"@type":"PropertyValueSpecification","valueRequired":true,"valueName":"search_term_string"}}],"inLanguage":"fr-FR"}]}},"_links":{"self":[{"href":"https:\/\/egidimadeinitaly.com\/fr\/wp-json\/wp\/v2\/product\/116968","targetHints":{"allow":["GET"]}}],"collection":[{"href":"https:\/\/egidimadeinitaly.com\/fr\/wp-json\/wp\/v2\/product"}],"about":[{"href":"https:\/\/egidimadeinitaly.com\/fr\/wp-json\/wp\/v2\/types\/product"}],"wp:featuredmedia":[{"embeddable":true,"href":"https:\/\/egidimadeinitaly.com\/fr\/wp-json\/wp\/v2\/media\/116908"}],"wp:attachment":[{"href":"https:\/\/egidimadeinitaly.com\/fr\/wp-json\/wp\/v2\/media?parent=116968"}],"wp:term":[{"taxonomy":"product_brand","embeddable":true,"href":"https:\/\/egidimadeinitaly.com\/fr\/wp-json\/wp\/v2\/product_brand?post=116968"},{"taxonomy":"product_cat","embeddable":true,"href":"https:\/\/egidimadeinitaly.com\/fr\/wp-json\/wp\/v2\/product_cat?post=116968"},{"taxonomy":"product_tag","embeddable":true,"href":"https:\/\/egidimadeinitaly.com\/fr\/wp-json\/wp\/v2\/product_tag?post=116968"}],"curies":[{"name":"wp","href":"https:\/\/api.w.org\/{rel}","templated":true}]}}