{"id":116945,"date":"2023-11-30T17:00:42","date_gmt":"2023-11-30T16:00:42","guid":{"rendered":"https:\/\/egidimadeinitaly.com\/?post_type=product&#038;p=116945"},"modified":"2024-10-19T19:36:04","modified_gmt":"2024-10-19T18:36:04","slug":"max-ingrand-lustre-pour-fontana-arte","status":"publish","type":"product","link":"https:\/\/egidimadeinitaly.com\/fr\/negozio\/objets-dart\/objets-dart-modernes\/max-ingrand-lustre-pour-fontana-arte\/","title":{"rendered":"Max Ingrand Lustre pour Fontana Arte"},"content":{"rendered":"<p><span style=\"font-weight: 400;\">En 1936, l&rsquo;artiste fran\u00e7ais <\/span><b>Max Ingrand <\/b><span style=\"font-weight: 400;\">cr\u00e9e une s\u00e9rie d&rsquo;\u0153uvres en verre et en cristal qui impressionnent Gio Ponti, le fondateur de<strong> Fontana Arte<\/strong>. <\/span><\/p>\n<p><span style=\"font-weight: 400;\">C&rsquo;est gr\u00e2ce \u00e0 l&rsquo;influence de Gio Ponti que, 18 ans plus tard, Max Ingrand est nomm\u00e9 directeur artistique de la soci\u00e9t\u00e9.<\/span><\/p>\n","protected":false},"excerpt":{"rendered":"<p>Max Ingrand Lustre pour Fontana Arte<\/p>\n<p><span style=\"font-weight: 400;\">Lustre iconique mod\u00e8le 1462 A produit par Fontana Arte dans les ann\u00e9es 1960 d&rsquo;apr\u00e8s un dessin de Max Ingrand. Les huit douilles de cand\u00e9labre sont masqu\u00e9es par un abat-jour en verre d\u00e9poli.<\/span><\/p>\n<p><span style=\"font-weight: 400;\">Une st\u00e8le conique en laiton dor\u00e9 soutient cette suspension dont la forme \u00ab satellite \u00bb en a fait un \u00e9l\u00e9ment essentiel d&rsquo;un d\u00e9cor qui se veut prestigieux et exclusif. <\/span><\/p>\n<p><span style=\"font-weight: 400;\">Le fleuron et la tige conique sont en laiton.<\/span><\/p>\n<p>&nbsp;<\/p>\n","protected":false},"featured_media":116831,"template":"","meta":{"_acf_changed":false},"product_brand":[],"product_cat":[6412,6492],"product_tag":[],"class_list":{"0":"post-116945","1":"product","2":"type-product","3":"status-publish","4":"has-post-thumbnail","6":"product_cat-objets-dart-modernes","7":"product_cat-objets-dart","9":"first","10":"outofstock","11":"taxable","12":"shipping-taxable","13":"product-type-simple"},"acf":[],"yoast_head":"<!-- This site is optimized with the Yoast SEO Premium plugin v27.3 (Yoast SEO v27.4) - https:\/\/yoast.com\/product\/yoast-seo-premium-wordpress\/ -->\n<title>Max Ingrand Lustre pour Fontana Arte - Egidi MadeinItaly<\/title>\n<meta name=\"description\" content=\"Lustre iconique mod\u00e8le 1462 A produit par Fontana Arte dans les ann\u00e9es 1960 d&#039;apr\u00e8s un dessin de Max Ingrand en vente sur Egidi MadeinItaly\" \/>\n<meta name=\"robots\" content=\"index, follow, max-snippet:-1, max-image-preview:large, max-video-preview:-1\" \/>\n<link rel=\"canonical\" href=\"https:\/\/egidimadeinitaly.com\/fr\/produit\/objets-dart\/objets-dart-modernes\/max-ingrand-lustre-pour-fontana-arte\/\" \/>\n<meta property=\"og:locale\" content=\"fr_FR\" \/>\n<meta property=\"og:type\" content=\"article\" \/>\n<meta property=\"og:title\" content=\"Max Ingrand Lustre pour Fontana Arte\" \/>\n<meta property=\"og:description\" content=\"Max Ingrand Lustre pour Fontana Arte  Lustre iconique mod\u00e8le 1462 A produit par Fontana Arte dans les ann\u00e9es 1960 d&#039;apr\u00e8s un dessin de Max Ingrand. Les huit douilles de cand\u00e9labre sont masqu\u00e9es par un abat-jour en verre d\u00e9poli.  Une st\u00e8le conique en laiton dor\u00e9 soutient cette suspension dont la forme \u00ab satellite \u00bb en a fait un \u00e9l\u00e9ment essentiel d&#039;un d\u00e9cor qui se veut prestigieux et exclusif.   Le fleuron et la tige conique sont en laiton.  &nbsp;\" \/>\n<meta property=\"og:url\" content=\"https:\/\/egidimadeinitaly.com\/fr\/produit\/objets-dart\/objets-dart-modernes\/max-ingrand-lustre-pour-fontana-arte\/\" \/>\n<meta property=\"og:site_name\" content=\"Egidi MadeinItaly\" \/>\n<meta property=\"article:publisher\" content=\"https:\/\/www.facebook.com\/egidimadeinitaly\/\" \/>\n<meta property=\"article:modified_time\" content=\"2024-10-19T18:36:04+00:00\" \/>\n<meta property=\"og:image\" content=\"https:\/\/egidimadeinitaly.com\/wp-content\/uploads\/2023\/11\/Lampadario-Max-Ingrand-Fontana-Arte-e1704121520730.jpg\" \/>\n\t<meta property=\"og:image:width\" content=\"1984\" \/>\n\t<meta property=\"og:image:height\" content=\"1984\" \/>\n\t<meta property=\"og:image:type\" content=\"image\/jpeg\" \/>\n<script type=\"application\/ld+json\" class=\"yoast-schema-graph\">{\"@context\":\"https:\\\/\\\/schema.org\",\"@graph\":[{\"@type\":\"WebPage\",\"@id\":\"https:\\\/\\\/egidimadeinitaly.com\\\/fr\\\/negozio\\\/objets-dart\\\/objets-dart-modernes\\\/max-ingrand-lustre-pour-fontana-arte\\\/\",\"url\":\"https:\\\/\\\/egidimadeinitaly.com\\\/fr\\\/produit\\\/objets-dart\\\/objets-dart-modernes\\\/max-ingrand-lustre-pour-fontana-arte\\\/\",\"name\":\"Max Ingrand Lustre pour Fontana Arte - Egidi MadeinItaly\",\"isPartOf\":{\"@id\":\"https:\\\/\\\/egidimadeinitaly.com\\\/fr\\\/#website\"},\"primaryImageOfPage\":{\"@id\":\"https:\\\/\\\/egidimadeinitaly.com\\\/fr\\\/produit\\\/objets-dart\\\/objets-dart-modernes\\\/max-ingrand-lustre-pour-fontana-arte\\\/#primaryimage\"},\"image\":{\"@id\":\"https:\\\/\\\/egidimadeinitaly.com\\\/fr\\\/produit\\\/objets-dart\\\/objets-dart-modernes\\\/max-ingrand-lustre-pour-fontana-arte\\\/#primaryimage\"},\"thumbnailUrl\":\"https:\\\/\\\/egidimadeinitaly.com\\\/v25\\\/wp-content\\\/uploads\\\/2023\\\/11\\\/Lampadario-Max-Ingrand-Fontana-Arte-e1704121520730.jpg\",\"datePublished\":\"2023-11-30T16:00:42+00:00\",\"dateModified\":\"2024-10-19T18:36:04+00:00\",\"description\":\"Lustre iconique mod\u00e8le 1462 A produit par Fontana Arte dans les ann\u00e9es 1960 d'apr\u00e8s un dessin de Max Ingrand en vente sur Egidi MadeinItaly\",\"breadcrumb\":{\"@id\":\"https:\\\/\\\/egidimadeinitaly.com\\\/fr\\\/produit\\\/objets-dart\\\/objets-dart-modernes\\\/max-ingrand-lustre-pour-fontana-arte\\\/#breadcrumb\"},\"inLanguage\":\"fr-FR\",\"potentialAction\":[{\"@type\":\"ReadAction\",\"target\":[\"https:\\\/\\\/egidimadeinitaly.com\\\/fr\\\/produit\\\/objets-dart\\\/objets-dart-modernes\\\/max-ingrand-lustre-pour-fontana-arte\\\/\"]}]},{\"@type\":\"ImageObject\",\"inLanguage\":\"fr-FR\",\"@id\":\"https:\\\/\\\/egidimadeinitaly.com\\\/fr\\\/produit\\\/objets-dart\\\/objets-dart-modernes\\\/max-ingrand-lustre-pour-fontana-arte\\\/#primaryimage\",\"url\":\"https:\\\/\\\/egidimadeinitaly.com\\\/v25\\\/wp-content\\\/uploads\\\/2023\\\/11\\\/Lampadario-Max-Ingrand-Fontana-Arte-e1704121520730.jpg\",\"contentUrl\":\"https:\\\/\\\/egidimadeinitaly.com\\\/v25\\\/wp-content\\\/uploads\\\/2023\\\/11\\\/Lampadario-Max-Ingrand-Fontana-Arte-e1704121520730.jpg\",\"width\":1984,\"height\":1984,\"caption\":\"Max Ingrand Lustre pour Fontana Arte\"},{\"@type\":\"BreadcrumbList\",\"@id\":\"https:\\\/\\\/egidimadeinitaly.com\\\/fr\\\/produit\\\/objets-dart\\\/objets-dart-modernes\\\/max-ingrand-lustre-pour-fontana-arte\\\/#breadcrumb\",\"itemListElement\":[{\"@type\":\"ListItem\",\"position\":1,\"name\":\"Home\",\"item\":\"https:\\\/\\\/egidimadeinitaly.com\\\/fr\\\/\"},{\"@type\":\"ListItem\",\"position\":2,\"name\":\"Produits\",\"item\":\"https:\\\/\\\/egidimadeinitaly.com\\\/fr\\\/shop\\\/\"},{\"@type\":\"ListItem\",\"position\":3,\"name\":\"Objets d\u2019art\",\"item\":\"https:\\\/\\\/egidimadeinitaly.com\\\/fr\\\/product-category\\\/objets-dart\\\/\"},{\"@type\":\"ListItem\",\"position\":4,\"name\":\"Objets d'art modernes\",\"item\":\"https:\\\/\\\/egidimadeinitaly.com\\\/fr\\\/product-category\\\/objets-dart\\\/objets-dart-modernes\\\/\"},{\"@type\":\"ListItem\",\"position\":5,\"name\":\"Max Ingrand Lustre pour Fontana Arte\"}]},{\"@type\":\"WebSite\",\"@id\":\"https:\\\/\\\/egidimadeinitaly.com\\\/fr\\\/#website\",\"url\":\"https:\\\/\\\/egidimadeinitaly.com\\\/fr\\\/\",\"name\":\"Egidi MadeinItaly\",\"description\":\"Fine Art\",\"potentialAction\":[{\"@type\":\"SearchAction\",\"target\":{\"@type\":\"EntryPoint\",\"urlTemplate\":\"https:\\\/\\\/egidimadeinitaly.com\\\/fr\\\/?s={search_term_string}\"},\"query-input\":{\"@type\":\"PropertyValueSpecification\",\"valueRequired\":true,\"valueName\":\"search_term_string\"}}],\"inLanguage\":\"fr-FR\"}]}<\/script>\n<!-- \/ Yoast SEO Premium plugin. -->","yoast_head_json":{"title":"Max Ingrand Lustre pour Fontana Arte - Egidi MadeinItaly","description":"Lustre iconique mod\u00e8le 1462 A produit par Fontana Arte dans les ann\u00e9es 1960 d'apr\u00e8s un dessin de Max Ingrand en vente sur Egidi MadeinItaly","robots":{"index":"index","follow":"follow","max-snippet":"max-snippet:-1","max-image-preview":"max-image-preview:large","max-video-preview":"max-video-preview:-1"},"canonical":"https:\/\/egidimadeinitaly.com\/fr\/produit\/objets-dart\/objets-dart-modernes\/max-ingrand-lustre-pour-fontana-arte\/","og_locale":"fr_FR","og_type":"article","og_title":"Max Ingrand Lustre pour Fontana Arte","og_description":"Max Ingrand Lustre pour Fontana Arte  Lustre iconique mod\u00e8le 1462 A produit par Fontana Arte dans les ann\u00e9es 1960 d'apr\u00e8s un dessin de Max Ingrand. Les huit douilles de cand\u00e9labre sont masqu\u00e9es par un abat-jour en verre d\u00e9poli.  Une st\u00e8le conique en laiton dor\u00e9 soutient cette suspension dont la forme \u00ab satellite \u00bb en a fait un \u00e9l\u00e9ment essentiel d'un d\u00e9cor qui se veut prestigieux et exclusif.   Le fleuron et la tige conique sont en laiton.  &nbsp;","og_url":"https:\/\/egidimadeinitaly.com\/fr\/produit\/objets-dart\/objets-dart-modernes\/max-ingrand-lustre-pour-fontana-arte\/","og_site_name":"Egidi MadeinItaly","article_publisher":"https:\/\/www.facebook.com\/egidimadeinitaly\/","article_modified_time":"2024-10-19T18:36:04+00:00","og_image":[{"width":1984,"height":1984,"url":"https:\/\/egidimadeinitaly.com\/wp-content\/uploads\/2023\/11\/Lampadario-Max-Ingrand-Fontana-Arte-e1704121520730.jpg","type":"image\/jpeg"}],"schema":{"@context":"https:\/\/schema.org","@graph":[{"@type":"WebPage","@id":"https:\/\/egidimadeinitaly.com\/fr\/negozio\/objets-dart\/objets-dart-modernes\/max-ingrand-lustre-pour-fontana-arte\/","url":"https:\/\/egidimadeinitaly.com\/fr\/produit\/objets-dart\/objets-dart-modernes\/max-ingrand-lustre-pour-fontana-arte\/","name":"Max Ingrand Lustre pour Fontana Arte - Egidi MadeinItaly","isPartOf":{"@id":"https:\/\/egidimadeinitaly.com\/fr\/#website"},"primaryImageOfPage":{"@id":"https:\/\/egidimadeinitaly.com\/fr\/produit\/objets-dart\/objets-dart-modernes\/max-ingrand-lustre-pour-fontana-arte\/#primaryimage"},"image":{"@id":"https:\/\/egidimadeinitaly.com\/fr\/produit\/objets-dart\/objets-dart-modernes\/max-ingrand-lustre-pour-fontana-arte\/#primaryimage"},"thumbnailUrl":"https:\/\/egidimadeinitaly.com\/v25\/wp-content\/uploads\/2023\/11\/Lampadario-Max-Ingrand-Fontana-Arte-e1704121520730.jpg","datePublished":"2023-11-30T16:00:42+00:00","dateModified":"2024-10-19T18:36:04+00:00","description":"Lustre iconique mod\u00e8le 1462 A produit par Fontana Arte dans les ann\u00e9es 1960 d'apr\u00e8s un dessin de Max Ingrand en vente sur Egidi MadeinItaly","breadcrumb":{"@id":"https:\/\/egidimadeinitaly.com\/fr\/produit\/objets-dart\/objets-dart-modernes\/max-ingrand-lustre-pour-fontana-arte\/#breadcrumb"},"inLanguage":"fr-FR","potentialAction":[{"@type":"ReadAction","target":["https:\/\/egidimadeinitaly.com\/fr\/produit\/objets-dart\/objets-dart-modernes\/max-ingrand-lustre-pour-fontana-arte\/"]}]},{"@type":"ImageObject","inLanguage":"fr-FR","@id":"https:\/\/egidimadeinitaly.com\/fr\/produit\/objets-dart\/objets-dart-modernes\/max-ingrand-lustre-pour-fontana-arte\/#primaryimage","url":"https:\/\/egidimadeinitaly.com\/v25\/wp-content\/uploads\/2023\/11\/Lampadario-Max-Ingrand-Fontana-Arte-e1704121520730.jpg","contentUrl":"https:\/\/egidimadeinitaly.com\/v25\/wp-content\/uploads\/2023\/11\/Lampadario-Max-Ingrand-Fontana-Arte-e1704121520730.jpg","width":1984,"height":1984,"caption":"Max Ingrand Lustre pour Fontana Arte"},{"@type":"BreadcrumbList","@id":"https:\/\/egidimadeinitaly.com\/fr\/produit\/objets-dart\/objets-dart-modernes\/max-ingrand-lustre-pour-fontana-arte\/#breadcrumb","itemListElement":[{"@type":"ListItem","position":1,"name":"Home","item":"https:\/\/egidimadeinitaly.com\/fr\/"},{"@type":"ListItem","position":2,"name":"Produits","item":"https:\/\/egidimadeinitaly.com\/fr\/shop\/"},{"@type":"ListItem","position":3,"name":"Objets d\u2019art","item":"https:\/\/egidimadeinitaly.com\/fr\/product-category\/objets-dart\/"},{"@type":"ListItem","position":4,"name":"Objets d'art modernes","item":"https:\/\/egidimadeinitaly.com\/fr\/product-category\/objets-dart\/objets-dart-modernes\/"},{"@type":"ListItem","position":5,"name":"Max Ingrand Lustre pour Fontana Arte"}]},{"@type":"WebSite","@id":"https:\/\/egidimadeinitaly.com\/fr\/#website","url":"https:\/\/egidimadeinitaly.com\/fr\/","name":"Egidi MadeinItaly","description":"Fine Art","potentialAction":[{"@type":"SearchAction","target":{"@type":"EntryPoint","urlTemplate":"https:\/\/egidimadeinitaly.com\/fr\/?s={search_term_string}"},"query-input":{"@type":"PropertyValueSpecification","valueRequired":true,"valueName":"search_term_string"}}],"inLanguage":"fr-FR"}]}},"_links":{"self":[{"href":"https:\/\/egidimadeinitaly.com\/fr\/wp-json\/wp\/v2\/product\/116945","targetHints":{"allow":["GET"]}}],"collection":[{"href":"https:\/\/egidimadeinitaly.com\/fr\/wp-json\/wp\/v2\/product"}],"about":[{"href":"https:\/\/egidimadeinitaly.com\/fr\/wp-json\/wp\/v2\/types\/product"}],"wp:featuredmedia":[{"embeddable":true,"href":"https:\/\/egidimadeinitaly.com\/fr\/wp-json\/wp\/v2\/media\/116831"}],"wp:attachment":[{"href":"https:\/\/egidimadeinitaly.com\/fr\/wp-json\/wp\/v2\/media?parent=116945"}],"wp:term":[{"taxonomy":"product_brand","embeddable":true,"href":"https:\/\/egidimadeinitaly.com\/fr\/wp-json\/wp\/v2\/product_brand?post=116945"},{"taxonomy":"product_cat","embeddable":true,"href":"https:\/\/egidimadeinitaly.com\/fr\/wp-json\/wp\/v2\/product_cat?post=116945"},{"taxonomy":"product_tag","embeddable":true,"href":"https:\/\/egidimadeinitaly.com\/fr\/wp-json\/wp\/v2\/product_tag?post=116945"}],"curies":[{"name":"wp","href":"https:\/\/api.w.org\/{rel}","templated":true}]}}