{"id":116899,"date":"2023-11-22T18:13:28","date_gmt":"2023-11-22T17:13:28","guid":{"rendered":"https:\/\/egidimadeinitaly.com\/?post_type=product&#038;p=116899"},"modified":"2025-07-16T09:40:50","modified_gmt":"2025-07-16T08:40:50","slug":"roland-bierge-nature-morte","status":"publish","type":"product","link":"https:\/\/egidimadeinitaly.com\/fr\/negozio\/art-moderne\/tableaux-modernes-fr\/roland-bierge-nature-morte\/","title":{"rendered":"Roland Bierge nature morte"},"content":{"rendered":"<p>L&rsquo;\u0153uvre date de 1959. Le tableau complet avec son cadre mesure cm 50 x cm 38 x cm 8.<\/p>\n","protected":false},"excerpt":{"rendered":"<p><em>\u00ab\u00a0Pomme et Pot \u00e0 lait de Dieulefit\u00a0\u00bb<\/em> Nature morte \u00e0 l&rsquo;huile sur toile de l&rsquo;artiste fran\u00e7ais <strong>Roland Bierge<\/strong> (1922-1991). Peintres du groupe de Puteaux. Sign\u00e9e en bas \u00e0 droite et au verso. <span style=\"font-weight: 400;\">L&rsquo;\u0153uvre faisait partie de la collection de Camille Renault (1904-1984) m\u00e9c\u00e8ne, galeriste et grand collectionneur avec le num\u00e9ro d&rsquo;inventaire 0292 au dos de la toile.<\/span><\/p>\n<p>&nbsp;<\/p>\n<p>&nbsp;<\/p>\n","protected":false},"featured_media":116877,"template":"","meta":{"_acf_changed":false},"product_brand":[],"product_cat":[6377,6416],"product_tag":[5645],"class_list":{"0":"post-116899","1":"product","2":"type-product","3":"status-publish","4":"has-post-thumbnail","6":"product_cat-art-moderne","7":"product_cat-tableaux-modernes-fr","8":"product_tag-art-abstrait","10":"first","11":"instock","12":"taxable","13":"shipping-taxable","14":"purchasable","15":"product-type-simple"},"acf":[],"yoast_head":"<!-- This site is optimized with the Yoast SEO Premium plugin v27.3 (Yoast SEO v27.4) - https:\/\/yoast.com\/product\/yoast-seo-premium-wordpress\/ -->\n<title>Roland Bierge nature morte - Egidi MadeinItaly<\/title>\n<meta name=\"description\" content=\"Roland Bierge Nature morte \u00e0 l&#039;huile sur toile sign\u00e9e et contresign\u00e9e au dos Art moderne du d\u00e9but du 20\u00e8me si\u00e8cle \u00e0 vendre chez Egidi MadeinItaly\" \/>\n<meta name=\"robots\" content=\"index, follow, max-snippet:-1, max-image-preview:large, max-video-preview:-1\" \/>\n<link rel=\"canonical\" href=\"https:\/\/egidimadeinitaly.com\/fr\/produit\/art-moderne\/tableaux-modernes-fr\/roland-bierge-nature-morte\/\" \/>\n<meta property=\"og:locale\" content=\"fr_FR\" \/>\n<meta property=\"og:type\" content=\"article\" \/>\n<meta property=\"og:title\" content=\"Roland Bierge nature morte\" \/>\n<meta property=\"og:description\" content=\"&quot;Pomme et Pot \u00e0 lait de Dieulefit&quot; Nature morte \u00e0 l&#039;huile sur toile de l&#039;artiste fran\u00e7ais Roland Bierge (1922-1991). Peintres du groupe de Puteaux. Sign\u00e9e en bas \u00e0 droite et au verso. L&#039;\u0153uvre faisait partie de la collection de Camille Renault (1904-1984) m\u00e9c\u00e8ne, galeriste et grand collectionneur avec le num\u00e9ro d&#039;inventaire 0292 au dos de la toile.  &nbsp;  &nbsp;\" \/>\n<meta property=\"og:url\" content=\"https:\/\/egidimadeinitaly.com\/fr\/produit\/art-moderne\/tableaux-modernes-fr\/roland-bierge-nature-morte\/\" \/>\n<meta property=\"og:site_name\" content=\"Egidi MadeinItaly\" \/>\n<meta property=\"article:publisher\" content=\"https:\/\/www.facebook.com\/egidimadeinitaly\/\" \/>\n<meta property=\"article:modified_time\" content=\"2025-07-16T08:40:50+00:00\" \/>\n<meta property=\"og:image\" content=\"https:\/\/egidimadeinitaly.com\/v25\/wp-content\/uploads\/2023\/11\/roland-bierge-olio-su-tela-e1704121138780.jpg\" \/>\n\t<meta property=\"og:image:width\" content=\"1984\" \/>\n\t<meta property=\"og:image:height\" content=\"1984\" \/>\n\t<meta property=\"og:image:type\" content=\"image\/jpeg\" \/>\n<script type=\"application\/ld+json\" class=\"yoast-schema-graph\">{\"@context\":\"https:\\\/\\\/schema.org\",\"@graph\":[{\"@type\":\"WebPage\",\"@id\":\"https:\\\/\\\/egidimadeinitaly.com\\\/fr\\\/negozio\\\/art-moderne\\\/tableaux-modernes-fr\\\/roland-bierge-nature-morte\\\/\",\"url\":\"https:\\\/\\\/egidimadeinitaly.com\\\/fr\\\/produit\\\/art-moderne\\\/tableaux-modernes-fr\\\/roland-bierge-nature-morte\\\/\",\"name\":\"Roland Bierge nature morte - Egidi MadeinItaly\",\"isPartOf\":{\"@id\":\"https:\\\/\\\/egidimadeinitaly.com\\\/fr\\\/#website\"},\"primaryImageOfPage\":{\"@id\":\"https:\\\/\\\/egidimadeinitaly.com\\\/fr\\\/produit\\\/art-moderne\\\/tableaux-modernes-fr\\\/roland-bierge-nature-morte\\\/#primaryimage\"},\"image\":{\"@id\":\"https:\\\/\\\/egidimadeinitaly.com\\\/fr\\\/produit\\\/art-moderne\\\/tableaux-modernes-fr\\\/roland-bierge-nature-morte\\\/#primaryimage\"},\"thumbnailUrl\":\"https:\\\/\\\/egidimadeinitaly.com\\\/v25\\\/wp-content\\\/uploads\\\/2023\\\/11\\\/roland-bierge-olio-su-tela-e1704121138780.jpg\",\"datePublished\":\"2023-11-22T17:13:28+00:00\",\"dateModified\":\"2025-07-16T08:40:50+00:00\",\"description\":\"Roland Bierge Nature morte \u00e0 l'huile sur toile sign\u00e9e et contresign\u00e9e au dos Art moderne du d\u00e9but du 20\u00e8me si\u00e8cle \u00e0 vendre chez Egidi MadeinItaly\",\"breadcrumb\":{\"@id\":\"https:\\\/\\\/egidimadeinitaly.com\\\/fr\\\/produit\\\/art-moderne\\\/tableaux-modernes-fr\\\/roland-bierge-nature-morte\\\/#breadcrumb\"},\"inLanguage\":\"fr-FR\",\"potentialAction\":[{\"@type\":\"ReadAction\",\"target\":[\"https:\\\/\\\/egidimadeinitaly.com\\\/fr\\\/produit\\\/art-moderne\\\/tableaux-modernes-fr\\\/roland-bierge-nature-morte\\\/\"]}]},{\"@type\":\"ImageObject\",\"inLanguage\":\"fr-FR\",\"@id\":\"https:\\\/\\\/egidimadeinitaly.com\\\/fr\\\/produit\\\/art-moderne\\\/tableaux-modernes-fr\\\/roland-bierge-nature-morte\\\/#primaryimage\",\"url\":\"https:\\\/\\\/egidimadeinitaly.com\\\/v25\\\/wp-content\\\/uploads\\\/2023\\\/11\\\/roland-bierge-olio-su-tela-e1704121138780.jpg\",\"contentUrl\":\"https:\\\/\\\/egidimadeinitaly.com\\\/v25\\\/wp-content\\\/uploads\\\/2023\\\/11\\\/roland-bierge-olio-su-tela-e1704121138780.jpg\",\"width\":1984,\"height\":1984,\"caption\":\"Roland Bierge nature morte\"},{\"@type\":\"BreadcrumbList\",\"@id\":\"https:\\\/\\\/egidimadeinitaly.com\\\/fr\\\/produit\\\/art-moderne\\\/tableaux-modernes-fr\\\/roland-bierge-nature-morte\\\/#breadcrumb\",\"itemListElement\":[{\"@type\":\"ListItem\",\"position\":1,\"name\":\"Home\",\"item\":\"https:\\\/\\\/egidimadeinitaly.com\\\/fr\\\/\"},{\"@type\":\"ListItem\",\"position\":2,\"name\":\"Produits\",\"item\":\"https:\\\/\\\/egidimadeinitaly.com\\\/fr\\\/shop\\\/\"},{\"@type\":\"ListItem\",\"position\":3,\"name\":\"Art moderne\",\"item\":\"https:\\\/\\\/egidimadeinitaly.com\\\/fr\\\/product-category\\\/art-moderne\\\/\"},{\"@type\":\"ListItem\",\"position\":4,\"name\":\"Tableaux modernes\",\"item\":\"https:\\\/\\\/egidimadeinitaly.com\\\/fr\\\/product-category\\\/art-moderne\\\/tableaux-modernes-fr\\\/\"},{\"@type\":\"ListItem\",\"position\":5,\"name\":\"Roland Bierge nature morte\"}]},{\"@type\":\"WebSite\",\"@id\":\"https:\\\/\\\/egidimadeinitaly.com\\\/fr\\\/#website\",\"url\":\"https:\\\/\\\/egidimadeinitaly.com\\\/fr\\\/\",\"name\":\"Egidi MadeinItaly\",\"description\":\"Fine Art\",\"potentialAction\":[{\"@type\":\"SearchAction\",\"target\":{\"@type\":\"EntryPoint\",\"urlTemplate\":\"https:\\\/\\\/egidimadeinitaly.com\\\/fr\\\/?s={search_term_string}\"},\"query-input\":{\"@type\":\"PropertyValueSpecification\",\"valueRequired\":true,\"valueName\":\"search_term_string\"}}],\"inLanguage\":\"fr-FR\"}]}<\/script>\n<!-- \/ Yoast SEO Premium plugin. -->","yoast_head_json":{"title":"Roland Bierge nature morte - Egidi MadeinItaly","description":"Roland Bierge Nature morte \u00e0 l'huile sur toile sign\u00e9e et contresign\u00e9e au dos Art moderne du d\u00e9but du 20\u00e8me si\u00e8cle \u00e0 vendre chez Egidi MadeinItaly","robots":{"index":"index","follow":"follow","max-snippet":"max-snippet:-1","max-image-preview":"max-image-preview:large","max-video-preview":"max-video-preview:-1"},"canonical":"https:\/\/egidimadeinitaly.com\/fr\/produit\/art-moderne\/tableaux-modernes-fr\/roland-bierge-nature-morte\/","og_locale":"fr_FR","og_type":"article","og_title":"Roland Bierge nature morte","og_description":"\"Pomme et Pot \u00e0 lait de Dieulefit\" Nature morte \u00e0 l'huile sur toile de l'artiste fran\u00e7ais Roland Bierge (1922-1991). Peintres du groupe de Puteaux. Sign\u00e9e en bas \u00e0 droite et au verso. L'\u0153uvre faisait partie de la collection de Camille Renault (1904-1984) m\u00e9c\u00e8ne, galeriste et grand collectionneur avec le num\u00e9ro d'inventaire 0292 au dos de la toile.  &nbsp;  &nbsp;","og_url":"https:\/\/egidimadeinitaly.com\/fr\/produit\/art-moderne\/tableaux-modernes-fr\/roland-bierge-nature-morte\/","og_site_name":"Egidi MadeinItaly","article_publisher":"https:\/\/www.facebook.com\/egidimadeinitaly\/","article_modified_time":"2025-07-16T08:40:50+00:00","og_image":[{"width":1984,"height":1984,"url":"https:\/\/egidimadeinitaly.com\/v25\/wp-content\/uploads\/2023\/11\/roland-bierge-olio-su-tela-e1704121138780.jpg","type":"image\/jpeg"}],"schema":{"@context":"https:\/\/schema.org","@graph":[{"@type":"WebPage","@id":"https:\/\/egidimadeinitaly.com\/fr\/negozio\/art-moderne\/tableaux-modernes-fr\/roland-bierge-nature-morte\/","url":"https:\/\/egidimadeinitaly.com\/fr\/produit\/art-moderne\/tableaux-modernes-fr\/roland-bierge-nature-morte\/","name":"Roland Bierge nature morte - Egidi MadeinItaly","isPartOf":{"@id":"https:\/\/egidimadeinitaly.com\/fr\/#website"},"primaryImageOfPage":{"@id":"https:\/\/egidimadeinitaly.com\/fr\/produit\/art-moderne\/tableaux-modernes-fr\/roland-bierge-nature-morte\/#primaryimage"},"image":{"@id":"https:\/\/egidimadeinitaly.com\/fr\/produit\/art-moderne\/tableaux-modernes-fr\/roland-bierge-nature-morte\/#primaryimage"},"thumbnailUrl":"https:\/\/egidimadeinitaly.com\/v25\/wp-content\/uploads\/2023\/11\/roland-bierge-olio-su-tela-e1704121138780.jpg","datePublished":"2023-11-22T17:13:28+00:00","dateModified":"2025-07-16T08:40:50+00:00","description":"Roland Bierge Nature morte \u00e0 l'huile sur toile sign\u00e9e et contresign\u00e9e au dos Art moderne du d\u00e9but du 20\u00e8me si\u00e8cle \u00e0 vendre chez Egidi MadeinItaly","breadcrumb":{"@id":"https:\/\/egidimadeinitaly.com\/fr\/produit\/art-moderne\/tableaux-modernes-fr\/roland-bierge-nature-morte\/#breadcrumb"},"inLanguage":"fr-FR","potentialAction":[{"@type":"ReadAction","target":["https:\/\/egidimadeinitaly.com\/fr\/produit\/art-moderne\/tableaux-modernes-fr\/roland-bierge-nature-morte\/"]}]},{"@type":"ImageObject","inLanguage":"fr-FR","@id":"https:\/\/egidimadeinitaly.com\/fr\/produit\/art-moderne\/tableaux-modernes-fr\/roland-bierge-nature-morte\/#primaryimage","url":"https:\/\/egidimadeinitaly.com\/v25\/wp-content\/uploads\/2023\/11\/roland-bierge-olio-su-tela-e1704121138780.jpg","contentUrl":"https:\/\/egidimadeinitaly.com\/v25\/wp-content\/uploads\/2023\/11\/roland-bierge-olio-su-tela-e1704121138780.jpg","width":1984,"height":1984,"caption":"Roland Bierge nature morte"},{"@type":"BreadcrumbList","@id":"https:\/\/egidimadeinitaly.com\/fr\/produit\/art-moderne\/tableaux-modernes-fr\/roland-bierge-nature-morte\/#breadcrumb","itemListElement":[{"@type":"ListItem","position":1,"name":"Home","item":"https:\/\/egidimadeinitaly.com\/fr\/"},{"@type":"ListItem","position":2,"name":"Produits","item":"https:\/\/egidimadeinitaly.com\/fr\/shop\/"},{"@type":"ListItem","position":3,"name":"Art moderne","item":"https:\/\/egidimadeinitaly.com\/fr\/product-category\/art-moderne\/"},{"@type":"ListItem","position":4,"name":"Tableaux modernes","item":"https:\/\/egidimadeinitaly.com\/fr\/product-category\/art-moderne\/tableaux-modernes-fr\/"},{"@type":"ListItem","position":5,"name":"Roland Bierge nature morte"}]},{"@type":"WebSite","@id":"https:\/\/egidimadeinitaly.com\/fr\/#website","url":"https:\/\/egidimadeinitaly.com\/fr\/","name":"Egidi MadeinItaly","description":"Fine Art","potentialAction":[{"@type":"SearchAction","target":{"@type":"EntryPoint","urlTemplate":"https:\/\/egidimadeinitaly.com\/fr\/?s={search_term_string}"},"query-input":{"@type":"PropertyValueSpecification","valueRequired":true,"valueName":"search_term_string"}}],"inLanguage":"fr-FR"}]}},"_links":{"self":[{"href":"https:\/\/egidimadeinitaly.com\/fr\/wp-json\/wp\/v2\/product\/116899","targetHints":{"allow":["GET"]}}],"collection":[{"href":"https:\/\/egidimadeinitaly.com\/fr\/wp-json\/wp\/v2\/product"}],"about":[{"href":"https:\/\/egidimadeinitaly.com\/fr\/wp-json\/wp\/v2\/types\/product"}],"wp:featuredmedia":[{"embeddable":true,"href":"https:\/\/egidimadeinitaly.com\/fr\/wp-json\/wp\/v2\/media\/116877"}],"wp:attachment":[{"href":"https:\/\/egidimadeinitaly.com\/fr\/wp-json\/wp\/v2\/media?parent=116899"}],"wp:term":[{"taxonomy":"product_brand","embeddable":true,"href":"https:\/\/egidimadeinitaly.com\/fr\/wp-json\/wp\/v2\/product_brand?post=116899"},{"taxonomy":"product_cat","embeddable":true,"href":"https:\/\/egidimadeinitaly.com\/fr\/wp-json\/wp\/v2\/product_cat?post=116899"},{"taxonomy":"product_tag","embeddable":true,"href":"https:\/\/egidimadeinitaly.com\/fr\/wp-json\/wp\/v2\/product_tag?post=116899"}],"curies":[{"name":"wp","href":"https:\/\/api.w.org\/{rel}","templated":true}]}}