{"id":116529,"date":"2023-11-20T11:52:02","date_gmt":"2023-11-20T10:52:02","guid":{"rendered":"https:\/\/egidimadeinitaly.com\/ecomsite\/?post_type=product&#038;p=116529"},"modified":"2024-02-03T10:40:44","modified_gmt":"2024-02-03T09:40:44","slug":"silvestro-lega-peinture","status":"publish","type":"product","link":"https:\/\/egidimadeinitaly.com\/fr\/negozio\/art-ancien\/tableaux-anciens-fr\/silvestro-lega-peinture\/","title":{"rendered":"Silvestro Lega peinture"},"content":{"rendered":"<p>Silvestro Lega (Modigliana, 1826 \u2013 Firenze, 1895).<\/p>\n<p>L&rsquo;\u0153uvre provient d&rsquo;une collection priv\u00e9e et est in\u00e9dite sur le march\u00e9.<\/p>\n<p>Ses \u0153uvres sont expos\u00e9es dans les principaux mus\u00e9es italiens et dans des collections priv\u00e9es.<\/p>\n<h2 style=\"text-align: center;\">Vous poss\u00e9dez une \u0153uvre de Silvestro Lega et vous voulez la vendre ?<\/h2>\n<p style=\"text-align: center;\">Appelez-nous au num\u00e9ro +39 3356585431 ou envoyez-nous un message WhatsApp au +39 3356585431<\/p>\n<p style=\"text-align: center;\"><span style=\"color: #ff6600;\"><strong>VOUS POUVEZ NOUS FAIRE CONFIANCE<\/strong><\/span><\/p>\n<p style=\"text-align: center;\">Les meilleures estimations, comp\u00e9tence, s\u00e9rieux<\/p>\n","protected":false},"excerpt":{"rendered":"<p><strong>Silvestro Lega<\/strong>, tableau huile sur panneau repr\u00e9sentant une jeune femme, vue de profil.\u00a0 Au dos figurent la signature du peintre et la date de l&rsquo;\u0153uvre ainsi que le num\u00e9ro de la collection priv\u00e9e. L&rsquo;\u0153uvre est enrichie d&rsquo;un cadre italien en bois laqu\u00e9 et dor\u00e9.<\/p>\n<p>L&rsquo;\u0153uvre, y compris le cadre, mesure 48x59x5 cm.<\/p>\n<p><strong>Silvestro Lega<\/strong> avec Giovanni Fattori et Telemaco Signorini est l&rsquo;un des principaux repr\u00e9sentants du <strong>mouvement florentin des Macchiaioli<\/strong>.<\/p>\n<p>La caract\u00e9ristique des Macchiaioli \u00e9tait qu&rsquo;ils travaillaient en plein air en utilisant la lumi\u00e8re du soleil comme contraste.<\/p>\n<p>&nbsp;<\/p>\n","protected":false},"featured_media":116798,"template":"","meta":{"_acf_changed":false},"product_brand":[],"product_cat":[6374,6408],"product_tag":[5492],"class_list":{"0":"post-116529","1":"product","2":"type-product","3":"status-publish","4":"has-post-thumbnail","6":"product_cat-art-ancien","7":"product_cat-tableaux-anciens-fr","8":"product_tag-portraits-fr","10":"first","11":"outofstock","12":"taxable","13":"shipping-taxable","14":"product-type-simple"},"acf":[],"yoast_head":"<!-- This site is optimized with the Yoast SEO Premium plugin v27.3 (Yoast SEO v27.4) - https:\/\/yoast.com\/product\/yoast-seo-premium-wordpress\/ -->\n<title>Silvestro Lega peinture - Egidi MadeinItaly<\/title>\n<meta name=\"description\" content=\"Silvestro Lega repr\u00e9sentant du mouvement Macchiaioli peinture huile sur panneau repr\u00e9sentant une jeune femme disponible sur Egidi MadeinItaly Ecommerce\" \/>\n<meta name=\"robots\" content=\"index, follow, max-snippet:-1, max-image-preview:large, max-video-preview:-1\" \/>\n<link rel=\"canonical\" href=\"https:\/\/egidimadeinitaly.com\/fr\/produit\/art-ancien\/tableaux-anciens-fr\/silvestro-lega-peinture\/\" \/>\n<meta property=\"og:locale\" content=\"fr_FR\" \/>\n<meta property=\"og:type\" content=\"article\" \/>\n<meta property=\"og:title\" content=\"Silvestro Lega peinture\" \/>\n<meta property=\"og:description\" content=\"Silvestro Lega, tableau huile sur panneau repr\u00e9sentant une jeune femme, vue de profil.\u00a0 Au dos figurent la signature du peintre et la date de l&#039;\u0153uvre ainsi que le num\u00e9ro de la collection priv\u00e9e. L&#039;\u0153uvre est enrichie d&#039;un cadre italien en bois laqu\u00e9 et dor\u00e9.  L&#039;\u0153uvre, y compris le cadre, mesure 48x59x5 cm.  Silvestro Lega avec Giovanni Fattori et Telemaco Signorini est l&#039;un des principaux repr\u00e9sentants du mouvement florentin des Macchiaioli.  La caract\u00e9ristique des Macchiaioli \u00e9tait qu&#039;ils travaillaient en plein air en utilisant la lumi\u00e8re du soleil comme contraste.  &nbsp;\" \/>\n<meta property=\"og:url\" content=\"https:\/\/egidimadeinitaly.com\/fr\/produit\/art-ancien\/tableaux-anciens-fr\/silvestro-lega-peinture\/\" \/>\n<meta property=\"og:site_name\" content=\"Egidi MadeinItaly\" \/>\n<meta property=\"article:publisher\" content=\"https:\/\/www.facebook.com\/egidimadeinitaly\/\" \/>\n<meta property=\"article:modified_time\" content=\"2024-02-03T09:40:44+00:00\" \/>\n<meta property=\"og:image\" content=\"https:\/\/egidimadeinitaly.com\/wp-content\/uploads\/2023\/11\/Silvestro-Lega-opera-in-vendita-su-Egidi-MadeinItaly.jpg\" \/>\n\t<meta property=\"og:image:width\" content=\"900\" \/>\n\t<meta property=\"og:image:height\" content=\"900\" \/>\n\t<meta property=\"og:image:type\" content=\"image\/jpeg\" \/>\n<script type=\"application\/ld+json\" class=\"yoast-schema-graph\">{\"@context\":\"https:\\\/\\\/schema.org\",\"@graph\":[{\"@type\":\"WebPage\",\"@id\":\"https:\\\/\\\/egidimadeinitaly.com\\\/fr\\\/negozio\\\/art-ancien\\\/tableaux-anciens-fr\\\/silvestro-lega-peinture\\\/\",\"url\":\"https:\\\/\\\/egidimadeinitaly.com\\\/fr\\\/produit\\\/art-ancien\\\/tableaux-anciens-fr\\\/silvestro-lega-peinture\\\/\",\"name\":\"Silvestro Lega peinture - Egidi MadeinItaly\",\"isPartOf\":{\"@id\":\"https:\\\/\\\/egidimadeinitaly.com\\\/fr\\\/#website\"},\"primaryImageOfPage\":{\"@id\":\"https:\\\/\\\/egidimadeinitaly.com\\\/fr\\\/produit\\\/art-ancien\\\/tableaux-anciens-fr\\\/silvestro-lega-peinture\\\/#primaryimage\"},\"image\":{\"@id\":\"https:\\\/\\\/egidimadeinitaly.com\\\/fr\\\/produit\\\/art-ancien\\\/tableaux-anciens-fr\\\/silvestro-lega-peinture\\\/#primaryimage\"},\"thumbnailUrl\":\"https:\\\/\\\/egidimadeinitaly.com\\\/v25\\\/wp-content\\\/uploads\\\/2023\\\/11\\\/Silvestro-Lega-opera-in-vendita-su-Egidi-MadeinItaly.jpg\",\"datePublished\":\"2023-11-20T10:52:02+00:00\",\"dateModified\":\"2024-02-03T09:40:44+00:00\",\"description\":\"Silvestro Lega repr\u00e9sentant du mouvement Macchiaioli peinture huile sur panneau repr\u00e9sentant une jeune femme disponible sur Egidi MadeinItaly Ecommerce\",\"breadcrumb\":{\"@id\":\"https:\\\/\\\/egidimadeinitaly.com\\\/fr\\\/produit\\\/art-ancien\\\/tableaux-anciens-fr\\\/silvestro-lega-peinture\\\/#breadcrumb\"},\"inLanguage\":\"fr-FR\",\"potentialAction\":[{\"@type\":\"ReadAction\",\"target\":[\"https:\\\/\\\/egidimadeinitaly.com\\\/fr\\\/produit\\\/art-ancien\\\/tableaux-anciens-fr\\\/silvestro-lega-peinture\\\/\"]}]},{\"@type\":\"ImageObject\",\"inLanguage\":\"fr-FR\",\"@id\":\"https:\\\/\\\/egidimadeinitaly.com\\\/fr\\\/produit\\\/art-ancien\\\/tableaux-anciens-fr\\\/silvestro-lega-peinture\\\/#primaryimage\",\"url\":\"https:\\\/\\\/egidimadeinitaly.com\\\/v25\\\/wp-content\\\/uploads\\\/2023\\\/11\\\/Silvestro-Lega-opera-in-vendita-su-Egidi-MadeinItaly.jpg\",\"contentUrl\":\"https:\\\/\\\/egidimadeinitaly.com\\\/v25\\\/wp-content\\\/uploads\\\/2023\\\/11\\\/Silvestro-Lega-opera-in-vendita-su-Egidi-MadeinItaly.jpg\",\"width\":900,\"height\":900,\"caption\":\"Silvestro Lega portrait de femme\"},{\"@type\":\"BreadcrumbList\",\"@id\":\"https:\\\/\\\/egidimadeinitaly.com\\\/fr\\\/produit\\\/art-ancien\\\/tableaux-anciens-fr\\\/silvestro-lega-peinture\\\/#breadcrumb\",\"itemListElement\":[{\"@type\":\"ListItem\",\"position\":1,\"name\":\"Home\",\"item\":\"https:\\\/\\\/egidimadeinitaly.com\\\/fr\\\/\"},{\"@type\":\"ListItem\",\"position\":2,\"name\":\"Produits\",\"item\":\"https:\\\/\\\/egidimadeinitaly.com\\\/fr\\\/shop\\\/\"},{\"@type\":\"ListItem\",\"position\":3,\"name\":\"Art ancien\",\"item\":\"https:\\\/\\\/egidimadeinitaly.com\\\/fr\\\/product-category\\\/art-ancien\\\/\"},{\"@type\":\"ListItem\",\"position\":4,\"name\":\"Tableaux anciens\",\"item\":\"https:\\\/\\\/egidimadeinitaly.com\\\/fr\\\/product-category\\\/art-ancien\\\/tableaux-anciens-fr\\\/\"},{\"@type\":\"ListItem\",\"position\":5,\"name\":\"Silvestro Lega peinture\"}]},{\"@type\":\"WebSite\",\"@id\":\"https:\\\/\\\/egidimadeinitaly.com\\\/fr\\\/#website\",\"url\":\"https:\\\/\\\/egidimadeinitaly.com\\\/fr\\\/\",\"name\":\"Egidi MadeinItaly\",\"description\":\"Fine Art\",\"potentialAction\":[{\"@type\":\"SearchAction\",\"target\":{\"@type\":\"EntryPoint\",\"urlTemplate\":\"https:\\\/\\\/egidimadeinitaly.com\\\/fr\\\/?s={search_term_string}\"},\"query-input\":{\"@type\":\"PropertyValueSpecification\",\"valueRequired\":true,\"valueName\":\"search_term_string\"}}],\"inLanguage\":\"fr-FR\"}]}<\/script>\n<!-- \/ Yoast SEO Premium plugin. -->","yoast_head_json":{"title":"Silvestro Lega peinture - Egidi MadeinItaly","description":"Silvestro Lega repr\u00e9sentant du mouvement Macchiaioli peinture huile sur panneau repr\u00e9sentant une jeune femme disponible sur Egidi MadeinItaly Ecommerce","robots":{"index":"index","follow":"follow","max-snippet":"max-snippet:-1","max-image-preview":"max-image-preview:large","max-video-preview":"max-video-preview:-1"},"canonical":"https:\/\/egidimadeinitaly.com\/fr\/produit\/art-ancien\/tableaux-anciens-fr\/silvestro-lega-peinture\/","og_locale":"fr_FR","og_type":"article","og_title":"Silvestro Lega peinture","og_description":"Silvestro Lega, tableau huile sur panneau repr\u00e9sentant une jeune femme, vue de profil.\u00a0 Au dos figurent la signature du peintre et la date de l'\u0153uvre ainsi que le num\u00e9ro de la collection priv\u00e9e. L'\u0153uvre est enrichie d'un cadre italien en bois laqu\u00e9 et dor\u00e9.  L'\u0153uvre, y compris le cadre, mesure 48x59x5 cm.  Silvestro Lega avec Giovanni Fattori et Telemaco Signorini est l'un des principaux repr\u00e9sentants du mouvement florentin des Macchiaioli.  La caract\u00e9ristique des Macchiaioli \u00e9tait qu'ils travaillaient en plein air en utilisant la lumi\u00e8re du soleil comme contraste.  &nbsp;","og_url":"https:\/\/egidimadeinitaly.com\/fr\/produit\/art-ancien\/tableaux-anciens-fr\/silvestro-lega-peinture\/","og_site_name":"Egidi MadeinItaly","article_publisher":"https:\/\/www.facebook.com\/egidimadeinitaly\/","article_modified_time":"2024-02-03T09:40:44+00:00","og_image":[{"width":900,"height":900,"url":"https:\/\/egidimadeinitaly.com\/wp-content\/uploads\/2023\/11\/Silvestro-Lega-opera-in-vendita-su-Egidi-MadeinItaly.jpg","type":"image\/jpeg"}],"schema":{"@context":"https:\/\/schema.org","@graph":[{"@type":"WebPage","@id":"https:\/\/egidimadeinitaly.com\/fr\/negozio\/art-ancien\/tableaux-anciens-fr\/silvestro-lega-peinture\/","url":"https:\/\/egidimadeinitaly.com\/fr\/produit\/art-ancien\/tableaux-anciens-fr\/silvestro-lega-peinture\/","name":"Silvestro Lega peinture - Egidi MadeinItaly","isPartOf":{"@id":"https:\/\/egidimadeinitaly.com\/fr\/#website"},"primaryImageOfPage":{"@id":"https:\/\/egidimadeinitaly.com\/fr\/produit\/art-ancien\/tableaux-anciens-fr\/silvestro-lega-peinture\/#primaryimage"},"image":{"@id":"https:\/\/egidimadeinitaly.com\/fr\/produit\/art-ancien\/tableaux-anciens-fr\/silvestro-lega-peinture\/#primaryimage"},"thumbnailUrl":"https:\/\/egidimadeinitaly.com\/v25\/wp-content\/uploads\/2023\/11\/Silvestro-Lega-opera-in-vendita-su-Egidi-MadeinItaly.jpg","datePublished":"2023-11-20T10:52:02+00:00","dateModified":"2024-02-03T09:40:44+00:00","description":"Silvestro Lega repr\u00e9sentant du mouvement Macchiaioli peinture huile sur panneau repr\u00e9sentant une jeune femme disponible sur Egidi MadeinItaly Ecommerce","breadcrumb":{"@id":"https:\/\/egidimadeinitaly.com\/fr\/produit\/art-ancien\/tableaux-anciens-fr\/silvestro-lega-peinture\/#breadcrumb"},"inLanguage":"fr-FR","potentialAction":[{"@type":"ReadAction","target":["https:\/\/egidimadeinitaly.com\/fr\/produit\/art-ancien\/tableaux-anciens-fr\/silvestro-lega-peinture\/"]}]},{"@type":"ImageObject","inLanguage":"fr-FR","@id":"https:\/\/egidimadeinitaly.com\/fr\/produit\/art-ancien\/tableaux-anciens-fr\/silvestro-lega-peinture\/#primaryimage","url":"https:\/\/egidimadeinitaly.com\/v25\/wp-content\/uploads\/2023\/11\/Silvestro-Lega-opera-in-vendita-su-Egidi-MadeinItaly.jpg","contentUrl":"https:\/\/egidimadeinitaly.com\/v25\/wp-content\/uploads\/2023\/11\/Silvestro-Lega-opera-in-vendita-su-Egidi-MadeinItaly.jpg","width":900,"height":900,"caption":"Silvestro Lega portrait de femme"},{"@type":"BreadcrumbList","@id":"https:\/\/egidimadeinitaly.com\/fr\/produit\/art-ancien\/tableaux-anciens-fr\/silvestro-lega-peinture\/#breadcrumb","itemListElement":[{"@type":"ListItem","position":1,"name":"Home","item":"https:\/\/egidimadeinitaly.com\/fr\/"},{"@type":"ListItem","position":2,"name":"Produits","item":"https:\/\/egidimadeinitaly.com\/fr\/shop\/"},{"@type":"ListItem","position":3,"name":"Art ancien","item":"https:\/\/egidimadeinitaly.com\/fr\/product-category\/art-ancien\/"},{"@type":"ListItem","position":4,"name":"Tableaux anciens","item":"https:\/\/egidimadeinitaly.com\/fr\/product-category\/art-ancien\/tableaux-anciens-fr\/"},{"@type":"ListItem","position":5,"name":"Silvestro Lega peinture"}]},{"@type":"WebSite","@id":"https:\/\/egidimadeinitaly.com\/fr\/#website","url":"https:\/\/egidimadeinitaly.com\/fr\/","name":"Egidi MadeinItaly","description":"Fine Art","potentialAction":[{"@type":"SearchAction","target":{"@type":"EntryPoint","urlTemplate":"https:\/\/egidimadeinitaly.com\/fr\/?s={search_term_string}"},"query-input":{"@type":"PropertyValueSpecification","valueRequired":true,"valueName":"search_term_string"}}],"inLanguage":"fr-FR"}]}},"_links":{"self":[{"href":"https:\/\/egidimadeinitaly.com\/fr\/wp-json\/wp\/v2\/product\/116529","targetHints":{"allow":["GET"]}}],"collection":[{"href":"https:\/\/egidimadeinitaly.com\/fr\/wp-json\/wp\/v2\/product"}],"about":[{"href":"https:\/\/egidimadeinitaly.com\/fr\/wp-json\/wp\/v2\/types\/product"}],"wp:featuredmedia":[{"embeddable":true,"href":"https:\/\/egidimadeinitaly.com\/fr\/wp-json\/wp\/v2\/media\/116798"}],"wp:attachment":[{"href":"https:\/\/egidimadeinitaly.com\/fr\/wp-json\/wp\/v2\/media?parent=116529"}],"wp:term":[{"taxonomy":"product_brand","embeddable":true,"href":"https:\/\/egidimadeinitaly.com\/fr\/wp-json\/wp\/v2\/product_brand?post=116529"},{"taxonomy":"product_cat","embeddable":true,"href":"https:\/\/egidimadeinitaly.com\/fr\/wp-json\/wp\/v2\/product_cat?post=116529"},{"taxonomy":"product_tag","embeddable":true,"href":"https:\/\/egidimadeinitaly.com\/fr\/wp-json\/wp\/v2\/product_tag?post=116529"}],"curies":[{"name":"wp","href":"https:\/\/api.w.org\/{rel}","templated":true}]}}