{"id":116370,"date":"2023-07-29T12:29:58","date_gmt":"2023-07-29T11:29:58","guid":{"rendered":"https:\/\/egidimadeinitaly.com\/ecomsite\/?post_type=product&#038;p=116370"},"modified":"2024-10-19T19:19:58","modified_gmt":"2024-10-19T18:19:58","slug":"mario-schifano-ora-esatta","status":"publish","type":"product","link":"https:\/\/egidimadeinitaly.com\/fr\/negozio\/art-moderne\/tableaux-modernes-fr\/mario-schifano-ora-esatta\/","title":{"rendered":"Mario Schifano Ora esatta"},"content":{"rendered":"<p>L&rsquo;\u0153uvre <strong>Ora esatta<\/strong> (Heure exacte) est sign\u00e9 \u00e0 la main \u00ab\u00a0Schifano\u00a0\u00bb (au verso).<\/p>\n<p>Pour de plus amples informations concernant les documents ou le prix des \u0153uvres de Mario Schifano, veuillez nous contacter par WhatsApp ou par courriel sabrina@egidimadeinitaly.com<\/p>\n<p>&nbsp;<\/p>\n","protected":false},"excerpt":{"rendered":"<p><strong>Mario Schifano<\/strong> (Homs\/Libye 1934-1998 Rome) <strong>Ora esatta<\/strong> (Heure exacte).<br \/>\n\u00c9mail sur toile \u00e9mulsionn\u00e9e et plexiglas.<br \/>\nEx\u00e9cut\u00e9 en 1970<\/p>\n<p>Cette \u0153uvre est enregistr\u00e9e dans l&rsquo;Archivio Mario Schifano, Rome, sous le n. 05618230624 et est accompagn\u00e9e d&rsquo;un certificat d&rsquo;authenticit\u00e9 d\u00e9livr\u00e9 par l&rsquo;Archivio Mario Schifano, Rome.<\/p>\n","protected":false},"featured_media":116358,"template":"","meta":{"_acf_changed":false},"product_brand":[],"product_cat":[6377,6416],"product_tag":[6456,6447],"class_list":{"0":"post-116370","1":"product","2":"type-product","3":"status-publish","4":"has-post-thumbnail","6":"product_cat-art-moderne","7":"product_cat-tableaux-modernes-fr","8":"product_tag-ecole-de-piazza-del-popolo","9":"product_tag-mario-schifano-fr","11":"first","12":"outofstock","13":"taxable","14":"shipping-taxable","15":"product-type-simple"},"acf":[],"yoast_head":"<!-- This site is optimized with the Yoast SEO Premium plugin v27.3 (Yoast SEO v27.4) - https:\/\/yoast.com\/product\/yoast-seo-premium-wordpress\/ -->\n<title>Mario Schifano Ora esatta - Egidi MadeinItaly<\/title>\n<meta name=\"description\" content=\"Mario Schifano Ora esatta \u00c9mail sur toile \u00e9mulsionn\u00e9e et plexi \u0153uvre r\u00e9pertori\u00e9e dans les Archives g\u00e9n\u00e9rales de Mario Schifano sur Egidi MadeinItaly\" \/>\n<meta name=\"robots\" content=\"index, follow, max-snippet:-1, max-image-preview:large, max-video-preview:-1\" \/>\n<link rel=\"canonical\" href=\"https:\/\/egidimadeinitaly.com\/fr\/produit\/art-moderne\/tableaux-modernes-fr\/mario-schifano-ora-esatta\/\" \/>\n<meta property=\"og:locale\" content=\"fr_FR\" \/>\n<meta property=\"og:type\" content=\"article\" \/>\n<meta property=\"og:title\" content=\"Mario Schifano Ora esatta\" \/>\n<meta property=\"og:description\" content=\"Mario Schifano (Homs\/Libye 1934-1998 Rome) Ora esatta (Heure exacte). \u00c9mail sur toile \u00e9mulsionn\u00e9e et plexiglas. Ex\u00e9cut\u00e9 en 1970  Cette \u0153uvre est enregistr\u00e9e dans l&#039;Archivio Mario Schifano, Rome, sous le n. 05618230624 et est accompagn\u00e9e d&#039;un certificat d&#039;authenticit\u00e9 d\u00e9livr\u00e9 par l&#039;Archivio Mario Schifano, Rome.\" \/>\n<meta property=\"og:url\" content=\"https:\/\/egidimadeinitaly.com\/fr\/produit\/art-moderne\/tableaux-modernes-fr\/mario-schifano-ora-esatta\/\" \/>\n<meta property=\"og:site_name\" content=\"Egidi MadeinItaly\" \/>\n<meta property=\"article:publisher\" content=\"https:\/\/www.facebook.com\/egidimadeinitaly\/\" \/>\n<meta property=\"article:modified_time\" content=\"2024-10-19T18:19:58+00:00\" \/>\n<meta property=\"og:image\" content=\"https:\/\/egidimadeinitaly.com\/wp-content\/uploads\/2023\/07\/mario-schifano_ora-esatta_fronte_con-plex_q-e1690702243460.jpg\" \/>\n\t<meta property=\"og:image:width\" content=\"900\" \/>\n\t<meta property=\"og:image:height\" content=\"900\" \/>\n\t<meta property=\"og:image:type\" content=\"image\/jpeg\" \/>\n<script type=\"application\/ld+json\" class=\"yoast-schema-graph\">{\"@context\":\"https:\\\/\\\/schema.org\",\"@graph\":[{\"@type\":\"WebPage\",\"@id\":\"https:\\\/\\\/egidimadeinitaly.com\\\/fr\\\/negozio\\\/art-moderne\\\/tableaux-modernes-fr\\\/mario-schifano-ora-esatta\\\/\",\"url\":\"https:\\\/\\\/egidimadeinitaly.com\\\/fr\\\/produit\\\/art-moderne\\\/tableaux-modernes-fr\\\/mario-schifano-ora-esatta\\\/\",\"name\":\"Mario Schifano Ora esatta - Egidi MadeinItaly\",\"isPartOf\":{\"@id\":\"https:\\\/\\\/egidimadeinitaly.com\\\/fr\\\/#website\"},\"primaryImageOfPage\":{\"@id\":\"https:\\\/\\\/egidimadeinitaly.com\\\/fr\\\/produit\\\/art-moderne\\\/tableaux-modernes-fr\\\/mario-schifano-ora-esatta\\\/#primaryimage\"},\"image\":{\"@id\":\"https:\\\/\\\/egidimadeinitaly.com\\\/fr\\\/produit\\\/art-moderne\\\/tableaux-modernes-fr\\\/mario-schifano-ora-esatta\\\/#primaryimage\"},\"thumbnailUrl\":\"https:\\\/\\\/egidimadeinitaly.com\\\/v25\\\/wp-content\\\/uploads\\\/2023\\\/07\\\/mario-schifano_ora-esatta_fronte_con-plex_q-e1690702243460.jpg\",\"datePublished\":\"2023-07-29T11:29:58+00:00\",\"dateModified\":\"2024-10-19T18:19:58+00:00\",\"description\":\"Mario Schifano Ora esatta \u00c9mail sur toile \u00e9mulsionn\u00e9e et plexi \u0153uvre r\u00e9pertori\u00e9e dans les Archives g\u00e9n\u00e9rales de Mario Schifano sur Egidi MadeinItaly\",\"breadcrumb\":{\"@id\":\"https:\\\/\\\/egidimadeinitaly.com\\\/fr\\\/produit\\\/art-moderne\\\/tableaux-modernes-fr\\\/mario-schifano-ora-esatta\\\/#breadcrumb\"},\"inLanguage\":\"fr-FR\",\"potentialAction\":[{\"@type\":\"ReadAction\",\"target\":[\"https:\\\/\\\/egidimadeinitaly.com\\\/fr\\\/produit\\\/art-moderne\\\/tableaux-modernes-fr\\\/mario-schifano-ora-esatta\\\/\"]}]},{\"@type\":\"ImageObject\",\"inLanguage\":\"fr-FR\",\"@id\":\"https:\\\/\\\/egidimadeinitaly.com\\\/fr\\\/produit\\\/art-moderne\\\/tableaux-modernes-fr\\\/mario-schifano-ora-esatta\\\/#primaryimage\",\"url\":\"https:\\\/\\\/egidimadeinitaly.com\\\/v25\\\/wp-content\\\/uploads\\\/2023\\\/07\\\/mario-schifano_ora-esatta_fronte_con-plex_q-e1690702243460.jpg\",\"contentUrl\":\"https:\\\/\\\/egidimadeinitaly.com\\\/v25\\\/wp-content\\\/uploads\\\/2023\\\/07\\\/mario-schifano_ora-esatta_fronte_con-plex_q-e1690702243460.jpg\",\"width\":900,\"height\":900,\"caption\":\"Ora Esatta Mario Schifano \u0153uvre archiv\u00e9e\"},{\"@type\":\"BreadcrumbList\",\"@id\":\"https:\\\/\\\/egidimadeinitaly.com\\\/fr\\\/produit\\\/art-moderne\\\/tableaux-modernes-fr\\\/mario-schifano-ora-esatta\\\/#breadcrumb\",\"itemListElement\":[{\"@type\":\"ListItem\",\"position\":1,\"name\":\"Home\",\"item\":\"https:\\\/\\\/egidimadeinitaly.com\\\/fr\\\/\"},{\"@type\":\"ListItem\",\"position\":2,\"name\":\"Produits\",\"item\":\"https:\\\/\\\/egidimadeinitaly.com\\\/fr\\\/shop\\\/\"},{\"@type\":\"ListItem\",\"position\":3,\"name\":\"Art moderne\",\"item\":\"https:\\\/\\\/egidimadeinitaly.com\\\/fr\\\/product-category\\\/art-moderne\\\/\"},{\"@type\":\"ListItem\",\"position\":4,\"name\":\"Tableaux modernes\",\"item\":\"https:\\\/\\\/egidimadeinitaly.com\\\/fr\\\/product-category\\\/art-moderne\\\/tableaux-modernes-fr\\\/\"},{\"@type\":\"ListItem\",\"position\":5,\"name\":\"Mario Schifano Ora esatta\"}]},{\"@type\":\"WebSite\",\"@id\":\"https:\\\/\\\/egidimadeinitaly.com\\\/fr\\\/#website\",\"url\":\"https:\\\/\\\/egidimadeinitaly.com\\\/fr\\\/\",\"name\":\"Egidi MadeinItaly\",\"description\":\"Fine Art\",\"potentialAction\":[{\"@type\":\"SearchAction\",\"target\":{\"@type\":\"EntryPoint\",\"urlTemplate\":\"https:\\\/\\\/egidimadeinitaly.com\\\/fr\\\/?s={search_term_string}\"},\"query-input\":{\"@type\":\"PropertyValueSpecification\",\"valueRequired\":true,\"valueName\":\"search_term_string\"}}],\"inLanguage\":\"fr-FR\"}]}<\/script>\n<!-- \/ Yoast SEO Premium plugin. -->","yoast_head_json":{"title":"Mario Schifano Ora esatta - Egidi MadeinItaly","description":"Mario Schifano Ora esatta \u00c9mail sur toile \u00e9mulsionn\u00e9e et plexi \u0153uvre r\u00e9pertori\u00e9e dans les Archives g\u00e9n\u00e9rales de Mario Schifano sur Egidi MadeinItaly","robots":{"index":"index","follow":"follow","max-snippet":"max-snippet:-1","max-image-preview":"max-image-preview:large","max-video-preview":"max-video-preview:-1"},"canonical":"https:\/\/egidimadeinitaly.com\/fr\/produit\/art-moderne\/tableaux-modernes-fr\/mario-schifano-ora-esatta\/","og_locale":"fr_FR","og_type":"article","og_title":"Mario Schifano Ora esatta","og_description":"Mario Schifano (Homs\/Libye 1934-1998 Rome) Ora esatta (Heure exacte). \u00c9mail sur toile \u00e9mulsionn\u00e9e et plexiglas. Ex\u00e9cut\u00e9 en 1970  Cette \u0153uvre est enregistr\u00e9e dans l'Archivio Mario Schifano, Rome, sous le n. 05618230624 et est accompagn\u00e9e d'un certificat d'authenticit\u00e9 d\u00e9livr\u00e9 par l'Archivio Mario Schifano, Rome.","og_url":"https:\/\/egidimadeinitaly.com\/fr\/produit\/art-moderne\/tableaux-modernes-fr\/mario-schifano-ora-esatta\/","og_site_name":"Egidi MadeinItaly","article_publisher":"https:\/\/www.facebook.com\/egidimadeinitaly\/","article_modified_time":"2024-10-19T18:19:58+00:00","og_image":[{"width":900,"height":900,"url":"https:\/\/egidimadeinitaly.com\/wp-content\/uploads\/2023\/07\/mario-schifano_ora-esatta_fronte_con-plex_q-e1690702243460.jpg","type":"image\/jpeg"}],"schema":{"@context":"https:\/\/schema.org","@graph":[{"@type":"WebPage","@id":"https:\/\/egidimadeinitaly.com\/fr\/negozio\/art-moderne\/tableaux-modernes-fr\/mario-schifano-ora-esatta\/","url":"https:\/\/egidimadeinitaly.com\/fr\/produit\/art-moderne\/tableaux-modernes-fr\/mario-schifano-ora-esatta\/","name":"Mario Schifano Ora esatta - Egidi MadeinItaly","isPartOf":{"@id":"https:\/\/egidimadeinitaly.com\/fr\/#website"},"primaryImageOfPage":{"@id":"https:\/\/egidimadeinitaly.com\/fr\/produit\/art-moderne\/tableaux-modernes-fr\/mario-schifano-ora-esatta\/#primaryimage"},"image":{"@id":"https:\/\/egidimadeinitaly.com\/fr\/produit\/art-moderne\/tableaux-modernes-fr\/mario-schifano-ora-esatta\/#primaryimage"},"thumbnailUrl":"https:\/\/egidimadeinitaly.com\/v25\/wp-content\/uploads\/2023\/07\/mario-schifano_ora-esatta_fronte_con-plex_q-e1690702243460.jpg","datePublished":"2023-07-29T11:29:58+00:00","dateModified":"2024-10-19T18:19:58+00:00","description":"Mario Schifano Ora esatta \u00c9mail sur toile \u00e9mulsionn\u00e9e et plexi \u0153uvre r\u00e9pertori\u00e9e dans les Archives g\u00e9n\u00e9rales de Mario Schifano sur Egidi MadeinItaly","breadcrumb":{"@id":"https:\/\/egidimadeinitaly.com\/fr\/produit\/art-moderne\/tableaux-modernes-fr\/mario-schifano-ora-esatta\/#breadcrumb"},"inLanguage":"fr-FR","potentialAction":[{"@type":"ReadAction","target":["https:\/\/egidimadeinitaly.com\/fr\/produit\/art-moderne\/tableaux-modernes-fr\/mario-schifano-ora-esatta\/"]}]},{"@type":"ImageObject","inLanguage":"fr-FR","@id":"https:\/\/egidimadeinitaly.com\/fr\/produit\/art-moderne\/tableaux-modernes-fr\/mario-schifano-ora-esatta\/#primaryimage","url":"https:\/\/egidimadeinitaly.com\/v25\/wp-content\/uploads\/2023\/07\/mario-schifano_ora-esatta_fronte_con-plex_q-e1690702243460.jpg","contentUrl":"https:\/\/egidimadeinitaly.com\/v25\/wp-content\/uploads\/2023\/07\/mario-schifano_ora-esatta_fronte_con-plex_q-e1690702243460.jpg","width":900,"height":900,"caption":"Ora Esatta Mario Schifano \u0153uvre archiv\u00e9e"},{"@type":"BreadcrumbList","@id":"https:\/\/egidimadeinitaly.com\/fr\/produit\/art-moderne\/tableaux-modernes-fr\/mario-schifano-ora-esatta\/#breadcrumb","itemListElement":[{"@type":"ListItem","position":1,"name":"Home","item":"https:\/\/egidimadeinitaly.com\/fr\/"},{"@type":"ListItem","position":2,"name":"Produits","item":"https:\/\/egidimadeinitaly.com\/fr\/shop\/"},{"@type":"ListItem","position":3,"name":"Art moderne","item":"https:\/\/egidimadeinitaly.com\/fr\/product-category\/art-moderne\/"},{"@type":"ListItem","position":4,"name":"Tableaux modernes","item":"https:\/\/egidimadeinitaly.com\/fr\/product-category\/art-moderne\/tableaux-modernes-fr\/"},{"@type":"ListItem","position":5,"name":"Mario Schifano Ora esatta"}]},{"@type":"WebSite","@id":"https:\/\/egidimadeinitaly.com\/fr\/#website","url":"https:\/\/egidimadeinitaly.com\/fr\/","name":"Egidi MadeinItaly","description":"Fine Art","potentialAction":[{"@type":"SearchAction","target":{"@type":"EntryPoint","urlTemplate":"https:\/\/egidimadeinitaly.com\/fr\/?s={search_term_string}"},"query-input":{"@type":"PropertyValueSpecification","valueRequired":true,"valueName":"search_term_string"}}],"inLanguage":"fr-FR"}]}},"_links":{"self":[{"href":"https:\/\/egidimadeinitaly.com\/fr\/wp-json\/wp\/v2\/product\/116370","targetHints":{"allow":["GET"]}}],"collection":[{"href":"https:\/\/egidimadeinitaly.com\/fr\/wp-json\/wp\/v2\/product"}],"about":[{"href":"https:\/\/egidimadeinitaly.com\/fr\/wp-json\/wp\/v2\/types\/product"}],"wp:featuredmedia":[{"embeddable":true,"href":"https:\/\/egidimadeinitaly.com\/fr\/wp-json\/wp\/v2\/media\/116358"}],"wp:attachment":[{"href":"https:\/\/egidimadeinitaly.com\/fr\/wp-json\/wp\/v2\/media?parent=116370"}],"wp:term":[{"taxonomy":"product_brand","embeddable":true,"href":"https:\/\/egidimadeinitaly.com\/fr\/wp-json\/wp\/v2\/product_brand?post=116370"},{"taxonomy":"product_cat","embeddable":true,"href":"https:\/\/egidimadeinitaly.com\/fr\/wp-json\/wp\/v2\/product_cat?post=116370"},{"taxonomy":"product_tag","embeddable":true,"href":"https:\/\/egidimadeinitaly.com\/fr\/wp-json\/wp\/v2\/product_tag?post=116370"}],"curies":[{"name":"wp","href":"https:\/\/api.w.org\/{rel}","templated":true}]}}