{"id":116085,"date":"2023-07-06T08:39:30","date_gmt":"2023-07-06T07:39:30","guid":{"rendered":"https:\/\/egidimadeinitaly.com\/ecomsite\/?post_type=product&#038;p=116085"},"modified":"2024-11-14T15:24:25","modified_gmt":"2024-11-14T14:24:25","slug":"mario-schifano-inventario","status":"publish","type":"product","link":"https:\/\/egidimadeinitaly.com\/fr\/negozio\/art-moderne\/tableaux-modernes-fr\/mario-schifano-inventario\/","title":{"rendered":"Mario Schifano Inventario"},"content":{"rendered":"<p>Mario\u00a0 Schifano (Homs, 1934 &#8211; Roma, 1998).<\/p>\n<p>Pour de plus amples informations concernant les documents ou le prix des \u0153uvres de Mario Schifano, veuillez nous contacter par WhatsApp ou par courriel. sabrina@egidimadeinitaly.com<\/p>\n","protected":false},"excerpt":{"rendered":"<p><strong>Mario Schifano<\/strong> \u0153uvre Inventario (Inventaire)<\/p>\n<p>\u00c9mail sur toile \u00e9mulsionn\u00e9e dans sa bo\u00eete en plexiglas d&rsquo;origine Certifi\u00e9e et archiv\u00e9e par les Archives Mario Schifano Roma.<\/p>\n<p>Tampon de la Pop Art Gallery Roma et signature au dos.<\/p>\n","protected":false},"featured_media":116001,"template":"","meta":{"_acf_changed":false},"product_brand":[],"product_cat":[6377,6416],"product_tag":[6447],"class_list":{"0":"post-116085","1":"product","2":"type-product","3":"status-publish","4":"has-post-thumbnail","6":"product_cat-art-moderne","7":"product_cat-tableaux-modernes-fr","8":"product_tag-mario-schifano-fr","10":"first","11":"instock","12":"taxable","13":"shipping-taxable","14":"product-type-simple"},"acf":[],"yoast_head":"<!-- This site is optimized with the Yoast SEO Premium plugin v27.4 (Yoast SEO v27.5) - https:\/\/yoast.com\/product\/yoast-seo-premium-wordpress\/ -->\n<title>Mario Schifano Inventario - Egidi MadeinItaly<\/title>\n<meta name=\"description\" content=\"Mario Schifano Inventario \u0152uvre sur toile \u00e9mulsionn\u00e9e certifi\u00e9e et archiv\u00e9e par les Archives Mario Schifano pour la vente sur Egidi MadeinItaly\" \/>\n<meta name=\"robots\" content=\"index, follow, max-snippet:-1, max-image-preview:large, max-video-preview:-1\" \/>\n<link rel=\"canonical\" href=\"https:\/\/egidimadeinitaly.com\/fr\/produit\/art-moderne\/tableaux-modernes-fr\/mario-schifano-inventario\/\" \/>\n<meta property=\"og:locale\" content=\"fr_FR\" \/>\n<meta property=\"og:type\" content=\"article\" \/>\n<meta property=\"og:title\" content=\"Mario Schifano Inventario\" \/>\n<meta property=\"og:description\" content=\"Mario Schifano \u0153uvre Inventario (Inventaire)  \u00c9mail sur toile \u00e9mulsionn\u00e9e dans sa bo\u00eete en plexiglas d&#039;origine Certifi\u00e9e et archiv\u00e9e par les Archives Mario Schifano Roma.  Tampon de la Pop Art Gallery Roma et signature au dos.\" \/>\n<meta property=\"og:url\" content=\"https:\/\/egidimadeinitaly.com\/fr\/produit\/art-moderne\/tableaux-modernes-fr\/mario-schifano-inventario\/\" \/>\n<meta property=\"og:site_name\" content=\"Egidi MadeinItaly\" \/>\n<meta property=\"article:publisher\" content=\"https:\/\/www.facebook.com\/egidimadeinitaly\/\" \/>\n<meta property=\"article:modified_time\" content=\"2024-11-14T14:24:25+00:00\" \/>\n<meta property=\"og:image\" content=\"https:\/\/egidimadeinitaly.com\/wp-content\/uploads\/2023\/06\/Mario-Schifano-con-perspex-e1690703132107.jpg\" \/>\n\t<meta property=\"og:image:width\" content=\"800\" \/>\n\t<meta property=\"og:image:height\" content=\"800\" \/>\n\t<meta property=\"og:image:type\" content=\"image\/jpeg\" \/>\n<script type=\"application\/ld+json\" class=\"yoast-schema-graph\">{\"@context\":\"https:\\\/\\\/schema.org\",\"@graph\":[{\"@type\":\"WebPage\",\"@id\":\"https:\\\/\\\/egidimadeinitaly.com\\\/fr\\\/negozio\\\/art-moderne\\\/tableaux-modernes-fr\\\/mario-schifano-inventario\\\/\",\"url\":\"https:\\\/\\\/egidimadeinitaly.com\\\/fr\\\/produit\\\/art-moderne\\\/tableaux-modernes-fr\\\/mario-schifano-inventario\\\/\",\"name\":\"Mario Schifano Inventario - Egidi MadeinItaly\",\"isPartOf\":{\"@id\":\"https:\\\/\\\/egidimadeinitaly.com\\\/fr\\\/#website\"},\"primaryImageOfPage\":{\"@id\":\"https:\\\/\\\/egidimadeinitaly.com\\\/fr\\\/produit\\\/art-moderne\\\/tableaux-modernes-fr\\\/mario-schifano-inventario\\\/#primaryimage\"},\"image\":{\"@id\":\"https:\\\/\\\/egidimadeinitaly.com\\\/fr\\\/produit\\\/art-moderne\\\/tableaux-modernes-fr\\\/mario-schifano-inventario\\\/#primaryimage\"},\"thumbnailUrl\":\"https:\\\/\\\/egidimadeinitaly.com\\\/v25\\\/wp-content\\\/uploads\\\/2023\\\/06\\\/Mario-Schifano-con-perspex-e1690703132107.jpg\",\"datePublished\":\"2023-07-06T07:39:30+00:00\",\"dateModified\":\"2024-11-14T14:24:25+00:00\",\"description\":\"Mario Schifano Inventario \u0152uvre sur toile \u00e9mulsionn\u00e9e certifi\u00e9e et archiv\u00e9e par les Archives Mario Schifano pour la vente sur Egidi MadeinItaly\",\"breadcrumb\":{\"@id\":\"https:\\\/\\\/egidimadeinitaly.com\\\/fr\\\/produit\\\/art-moderne\\\/tableaux-modernes-fr\\\/mario-schifano-inventario\\\/#breadcrumb\"},\"inLanguage\":\"fr-FR\",\"potentialAction\":[{\"@type\":\"ReadAction\",\"target\":[\"https:\\\/\\\/egidimadeinitaly.com\\\/fr\\\/produit\\\/art-moderne\\\/tableaux-modernes-fr\\\/mario-schifano-inventario\\\/\"]}]},{\"@type\":\"ImageObject\",\"inLanguage\":\"fr-FR\",\"@id\":\"https:\\\/\\\/egidimadeinitaly.com\\\/fr\\\/produit\\\/art-moderne\\\/tableaux-modernes-fr\\\/mario-schifano-inventario\\\/#primaryimage\",\"url\":\"https:\\\/\\\/egidimadeinitaly.com\\\/v25\\\/wp-content\\\/uploads\\\/2023\\\/06\\\/Mario-Schifano-con-perspex-e1690703132107.jpg\",\"contentUrl\":\"https:\\\/\\\/egidimadeinitaly.com\\\/v25\\\/wp-content\\\/uploads\\\/2023\\\/06\\\/Mario-Schifano-con-perspex-e1690703132107.jpg\",\"width\":800,\"height\":800,\"caption\":\"Inventario \u00c9mail sur toile \u00e9mulsionn\u00e9e\"},{\"@type\":\"BreadcrumbList\",\"@id\":\"https:\\\/\\\/egidimadeinitaly.com\\\/fr\\\/produit\\\/art-moderne\\\/tableaux-modernes-fr\\\/mario-schifano-inventario\\\/#breadcrumb\",\"itemListElement\":[{\"@type\":\"ListItem\",\"position\":1,\"name\":\"Home\",\"item\":\"https:\\\/\\\/egidimadeinitaly.com\\\/fr\\\/\"},{\"@type\":\"ListItem\",\"position\":2,\"name\":\"Produits\",\"item\":\"https:\\\/\\\/egidimadeinitaly.com\\\/fr\\\/shop\\\/\"},{\"@type\":\"ListItem\",\"position\":3,\"name\":\"Art moderne\",\"item\":\"https:\\\/\\\/egidimadeinitaly.com\\\/fr\\\/product-category\\\/art-moderne\\\/\"},{\"@type\":\"ListItem\",\"position\":4,\"name\":\"Tableaux modernes\",\"item\":\"https:\\\/\\\/egidimadeinitaly.com\\\/fr\\\/product-category\\\/art-moderne\\\/tableaux-modernes-fr\\\/\"},{\"@type\":\"ListItem\",\"position\":5,\"name\":\"Mario Schifano Inventario\"}]},{\"@type\":\"WebSite\",\"@id\":\"https:\\\/\\\/egidimadeinitaly.com\\\/fr\\\/#website\",\"url\":\"https:\\\/\\\/egidimadeinitaly.com\\\/fr\\\/\",\"name\":\"Egidi MadeinItaly\",\"description\":\"Fine Art\",\"potentialAction\":[{\"@type\":\"SearchAction\",\"target\":{\"@type\":\"EntryPoint\",\"urlTemplate\":\"https:\\\/\\\/egidimadeinitaly.com\\\/fr\\\/?s={search_term_string}\"},\"query-input\":{\"@type\":\"PropertyValueSpecification\",\"valueRequired\":true,\"valueName\":\"search_term_string\"}}],\"inLanguage\":\"fr-FR\"}]}<\/script>\n<!-- \/ Yoast SEO Premium plugin. -->","yoast_head_json":{"title":"Mario Schifano Inventario - Egidi MadeinItaly","description":"Mario Schifano Inventario \u0152uvre sur toile \u00e9mulsionn\u00e9e certifi\u00e9e et archiv\u00e9e par les Archives Mario Schifano pour la vente sur Egidi MadeinItaly","robots":{"index":"index","follow":"follow","max-snippet":"max-snippet:-1","max-image-preview":"max-image-preview:large","max-video-preview":"max-video-preview:-1"},"canonical":"https:\/\/egidimadeinitaly.com\/fr\/produit\/art-moderne\/tableaux-modernes-fr\/mario-schifano-inventario\/","og_locale":"fr_FR","og_type":"article","og_title":"Mario Schifano Inventario","og_description":"Mario Schifano \u0153uvre Inventario (Inventaire)  \u00c9mail sur toile \u00e9mulsionn\u00e9e dans sa bo\u00eete en plexiglas d'origine Certifi\u00e9e et archiv\u00e9e par les Archives Mario Schifano Roma.  Tampon de la Pop Art Gallery Roma et signature au dos.","og_url":"https:\/\/egidimadeinitaly.com\/fr\/produit\/art-moderne\/tableaux-modernes-fr\/mario-schifano-inventario\/","og_site_name":"Egidi MadeinItaly","article_publisher":"https:\/\/www.facebook.com\/egidimadeinitaly\/","article_modified_time":"2024-11-14T14:24:25+00:00","og_image":[{"width":800,"height":800,"url":"https:\/\/egidimadeinitaly.com\/wp-content\/uploads\/2023\/06\/Mario-Schifano-con-perspex-e1690703132107.jpg","type":"image\/jpeg"}],"schema":{"@context":"https:\/\/schema.org","@graph":[{"@type":"WebPage","@id":"https:\/\/egidimadeinitaly.com\/fr\/negozio\/art-moderne\/tableaux-modernes-fr\/mario-schifano-inventario\/","url":"https:\/\/egidimadeinitaly.com\/fr\/produit\/art-moderne\/tableaux-modernes-fr\/mario-schifano-inventario\/","name":"Mario Schifano Inventario - Egidi MadeinItaly","isPartOf":{"@id":"https:\/\/egidimadeinitaly.com\/fr\/#website"},"primaryImageOfPage":{"@id":"https:\/\/egidimadeinitaly.com\/fr\/produit\/art-moderne\/tableaux-modernes-fr\/mario-schifano-inventario\/#primaryimage"},"image":{"@id":"https:\/\/egidimadeinitaly.com\/fr\/produit\/art-moderne\/tableaux-modernes-fr\/mario-schifano-inventario\/#primaryimage"},"thumbnailUrl":"https:\/\/egidimadeinitaly.com\/v25\/wp-content\/uploads\/2023\/06\/Mario-Schifano-con-perspex-e1690703132107.jpg","datePublished":"2023-07-06T07:39:30+00:00","dateModified":"2024-11-14T14:24:25+00:00","description":"Mario Schifano Inventario \u0152uvre sur toile \u00e9mulsionn\u00e9e certifi\u00e9e et archiv\u00e9e par les Archives Mario Schifano pour la vente sur Egidi MadeinItaly","breadcrumb":{"@id":"https:\/\/egidimadeinitaly.com\/fr\/produit\/art-moderne\/tableaux-modernes-fr\/mario-schifano-inventario\/#breadcrumb"},"inLanguage":"fr-FR","potentialAction":[{"@type":"ReadAction","target":["https:\/\/egidimadeinitaly.com\/fr\/produit\/art-moderne\/tableaux-modernes-fr\/mario-schifano-inventario\/"]}]},{"@type":"ImageObject","inLanguage":"fr-FR","@id":"https:\/\/egidimadeinitaly.com\/fr\/produit\/art-moderne\/tableaux-modernes-fr\/mario-schifano-inventario\/#primaryimage","url":"https:\/\/egidimadeinitaly.com\/v25\/wp-content\/uploads\/2023\/06\/Mario-Schifano-con-perspex-e1690703132107.jpg","contentUrl":"https:\/\/egidimadeinitaly.com\/v25\/wp-content\/uploads\/2023\/06\/Mario-Schifano-con-perspex-e1690703132107.jpg","width":800,"height":800,"caption":"Inventario \u00c9mail sur toile \u00e9mulsionn\u00e9e"},{"@type":"BreadcrumbList","@id":"https:\/\/egidimadeinitaly.com\/fr\/produit\/art-moderne\/tableaux-modernes-fr\/mario-schifano-inventario\/#breadcrumb","itemListElement":[{"@type":"ListItem","position":1,"name":"Home","item":"https:\/\/egidimadeinitaly.com\/fr\/"},{"@type":"ListItem","position":2,"name":"Produits","item":"https:\/\/egidimadeinitaly.com\/fr\/shop\/"},{"@type":"ListItem","position":3,"name":"Art moderne","item":"https:\/\/egidimadeinitaly.com\/fr\/product-category\/art-moderne\/"},{"@type":"ListItem","position":4,"name":"Tableaux modernes","item":"https:\/\/egidimadeinitaly.com\/fr\/product-category\/art-moderne\/tableaux-modernes-fr\/"},{"@type":"ListItem","position":5,"name":"Mario Schifano Inventario"}]},{"@type":"WebSite","@id":"https:\/\/egidimadeinitaly.com\/fr\/#website","url":"https:\/\/egidimadeinitaly.com\/fr\/","name":"Egidi MadeinItaly","description":"Fine Art","potentialAction":[{"@type":"SearchAction","target":{"@type":"EntryPoint","urlTemplate":"https:\/\/egidimadeinitaly.com\/fr\/?s={search_term_string}"},"query-input":{"@type":"PropertyValueSpecification","valueRequired":true,"valueName":"search_term_string"}}],"inLanguage":"fr-FR"}]}},"_links":{"self":[{"href":"https:\/\/egidimadeinitaly.com\/fr\/wp-json\/wp\/v2\/product\/116085","targetHints":{"allow":["GET"]}}],"collection":[{"href":"https:\/\/egidimadeinitaly.com\/fr\/wp-json\/wp\/v2\/product"}],"about":[{"href":"https:\/\/egidimadeinitaly.com\/fr\/wp-json\/wp\/v2\/types\/product"}],"wp:featuredmedia":[{"embeddable":true,"href":"https:\/\/egidimadeinitaly.com\/fr\/wp-json\/wp\/v2\/media\/116001"}],"wp:attachment":[{"href":"https:\/\/egidimadeinitaly.com\/fr\/wp-json\/wp\/v2\/media?parent=116085"}],"wp:term":[{"taxonomy":"product_brand","embeddable":true,"href":"https:\/\/egidimadeinitaly.com\/fr\/wp-json\/wp\/v2\/product_brand?post=116085"},{"taxonomy":"product_cat","embeddable":true,"href":"https:\/\/egidimadeinitaly.com\/fr\/wp-json\/wp\/v2\/product_cat?post=116085"},{"taxonomy":"product_tag","embeddable":true,"href":"https:\/\/egidimadeinitaly.com\/fr\/wp-json\/wp\/v2\/product_tag?post=116085"}],"curies":[{"name":"wp","href":"https:\/\/api.w.org\/{rel}","templated":true}]}}