{"id":115966,"date":"2023-06-28T11:50:23","date_gmt":"2023-06-28T10:50:23","guid":{"rendered":"https:\/\/egidimadeinitaly.com\/ecomsite\/?post_type=product&#038;p=115966"},"modified":"2024-10-19T18:46:22","modified_gmt":"2024-10-19T17:46:22","slug":"mario-schifano-oeuvre-sur-papier","status":"publish","type":"product","link":"https:\/\/egidimadeinitaly.com\/fr\/negozio\/art-moderne\/oeuvres-modernes-sur-papiers\/mario-schifano-oeuvre-sur-papier\/","title":{"rendered":"Mario Schifano \u0153uvre sur papier"},"content":{"rendered":"<p>L&rsquo;\u0153uvre en vente fait partie de la collection \u00ab\u00a0<em>Best Seller : 31 \u0153uvres graphiques de Mario Schifano<\/em>\u00a0\u00bb \u00e9dit\u00e9e par Edizioni Torcular.<br \/>\n\u00c9dition sur papier artisanal avec filigrane Torcular de Cartiera Magnani de Pescia<br \/>\nImprimeur Egiziano Piersantini<\/p>\n","protected":false},"excerpt":{"rendered":"<p>S\u00e9rigraphie textur\u00e9e <em>Ondate di gelo<\/em> ( Vagues de givre) de l&rsquo;artiste du Pop art italien <strong>Mario Schifano<\/strong>.<\/p>\n<p>Signature et num\u00e9rotation au crayon au recto<\/p>\n<p>Cachet \u00e0 sec de l&rsquo;artiste au recto.<\/p>\n<p>Tirage H.C. (hors commerce) 23 sur 30. (Normalement du nombre pr\u00e9vu de tirages num\u00e9rot\u00e9s qui sont sortir de la presse, l\u2019artiste, l\u2019\u00e9diteur et l\u2019imprimeur se r\u00e9servent g\u00e9n\u00e9ralement quelques tirages.)<\/p>\n<p>\u0152uvre encadr\u00e9e.<\/p>\n","protected":false},"featured_media":115920,"template":"","meta":{"_acf_changed":false},"product_brand":[],"product_cat":[6377,6414],"product_tag":[6447],"class_list":{"0":"post-115966","1":"product","2":"type-product","3":"status-publish","4":"has-post-thumbnail","6":"product_cat-art-moderne","7":"product_cat-oeuvres-modernes-sur-papiers","8":"product_tag-mario-schifano-fr","10":"first","11":"instock","12":"taxable","13":"shipping-taxable","14":"purchasable","15":"product-type-simple"},"acf":[],"yoast_head":"<!-- This site is optimized with the Yoast SEO Premium plugin v27.3 (Yoast SEO v27.4) - https:\/\/yoast.com\/product\/yoast-seo-premium-wordpress\/ -->\n<title>Mario Schifano \u0153uvre sur papier - Egidi MadeinItaly<\/title>\n<meta name=\"description\" content=\"S\u00e9rigraphie textur\u00e9e de Mario Schifano intitul\u00e9e Ondate di gelo tirage H. C. 23 sur 30 \u0152uvres d&#039;art moderne sur papier en vente sur Egidi MadeinItaly\" \/>\n<meta name=\"robots\" content=\"index, follow, max-snippet:-1, max-image-preview:large, max-video-preview:-1\" \/>\n<link rel=\"canonical\" href=\"https:\/\/egidimadeinitaly.com\/fr\/produit\/art-moderne\/oeuvres-modernes-sur-papiers\/mario-schifano-oeuvre-sur-papier\/\" \/>\n<meta property=\"og:locale\" content=\"fr_FR\" \/>\n<meta property=\"og:type\" content=\"article\" \/>\n<meta property=\"og:title\" content=\"Mario Schifano \u0153uvre sur papier\" \/>\n<meta property=\"og:description\" content=\"S\u00e9rigraphie textur\u00e9e Ondate di gelo ( Vagues de givre) de l&#039;artiste du Pop art italien Mario Schifano.  Signature et num\u00e9rotation au crayon au recto  Cachet \u00e0 sec de l&#039;artiste au recto.  Tirage H.C. (hors commerce) 23 sur 30. (Normalement du nombre pr\u00e9vu de tirages num\u00e9rot\u00e9s qui sont sortir de la presse, l\u2019artiste, l\u2019\u00e9diteur et l\u2019imprimeur se r\u00e9servent g\u00e9n\u00e9ralement quelques tirages.)  \u0152uvre encadr\u00e9e.\" \/>\n<meta property=\"og:url\" content=\"https:\/\/egidimadeinitaly.com\/fr\/produit\/art-moderne\/oeuvres-modernes-sur-papiers\/mario-schifano-oeuvre-sur-papier\/\" \/>\n<meta property=\"og:site_name\" content=\"Egidi MadeinItaly\" \/>\n<meta property=\"article:publisher\" content=\"https:\/\/www.facebook.com\/egidimadeinitaly\/\" \/>\n<meta property=\"article:modified_time\" content=\"2024-10-19T17:46:22+00:00\" \/>\n<meta property=\"og:image\" content=\"https:\/\/egidimadeinitaly.com\/wp-content\/uploads\/2023\/06\/mario-schifano_6_fronte_q.jpg\" \/>\n\t<meta property=\"og:image:width\" content=\"900\" \/>\n\t<meta property=\"og:image:height\" content=\"900\" \/>\n\t<meta property=\"og:image:type\" content=\"image\/jpeg\" \/>\n<script type=\"application\/ld+json\" class=\"yoast-schema-graph\">{\"@context\":\"https:\\\/\\\/schema.org\",\"@graph\":[{\"@type\":\"WebPage\",\"@id\":\"https:\\\/\\\/egidimadeinitaly.com\\\/fr\\\/negozio\\\/art-moderne\\\/oeuvres-modernes-sur-papiers\\\/mario-schifano-oeuvre-sur-papier\\\/\",\"url\":\"https:\\\/\\\/egidimadeinitaly.com\\\/fr\\\/produit\\\/art-moderne\\\/oeuvres-modernes-sur-papiers\\\/mario-schifano-oeuvre-sur-papier\\\/\",\"name\":\"Mario Schifano \u0153uvre sur papier - Egidi MadeinItaly\",\"isPartOf\":{\"@id\":\"https:\\\/\\\/egidimadeinitaly.com\\\/fr\\\/#website\"},\"primaryImageOfPage\":{\"@id\":\"https:\\\/\\\/egidimadeinitaly.com\\\/fr\\\/produit\\\/art-moderne\\\/oeuvres-modernes-sur-papiers\\\/mario-schifano-oeuvre-sur-papier\\\/#primaryimage\"},\"image\":{\"@id\":\"https:\\\/\\\/egidimadeinitaly.com\\\/fr\\\/produit\\\/art-moderne\\\/oeuvres-modernes-sur-papiers\\\/mario-schifano-oeuvre-sur-papier\\\/#primaryimage\"},\"thumbnailUrl\":\"https:\\\/\\\/egidimadeinitaly.com\\\/v25\\\/wp-content\\\/uploads\\\/2023\\\/06\\\/mario-schifano_6_fronte_q.jpg\",\"datePublished\":\"2023-06-28T10:50:23+00:00\",\"dateModified\":\"2024-10-19T17:46:22+00:00\",\"description\":\"S\u00e9rigraphie textur\u00e9e de Mario Schifano intitul\u00e9e Ondate di gelo tirage H. C. 23 sur 30 \u0152uvres d'art moderne sur papier en vente sur Egidi MadeinItaly\",\"breadcrumb\":{\"@id\":\"https:\\\/\\\/egidimadeinitaly.com\\\/fr\\\/produit\\\/art-moderne\\\/oeuvres-modernes-sur-papiers\\\/mario-schifano-oeuvre-sur-papier\\\/#breadcrumb\"},\"inLanguage\":\"fr-FR\",\"potentialAction\":[{\"@type\":\"ReadAction\",\"target\":[\"https:\\\/\\\/egidimadeinitaly.com\\\/fr\\\/produit\\\/art-moderne\\\/oeuvres-modernes-sur-papiers\\\/mario-schifano-oeuvre-sur-papier\\\/\"]}]},{\"@type\":\"ImageObject\",\"inLanguage\":\"fr-FR\",\"@id\":\"https:\\\/\\\/egidimadeinitaly.com\\\/fr\\\/produit\\\/art-moderne\\\/oeuvres-modernes-sur-papiers\\\/mario-schifano-oeuvre-sur-papier\\\/#primaryimage\",\"url\":\"https:\\\/\\\/egidimadeinitaly.com\\\/v25\\\/wp-content\\\/uploads\\\/2023\\\/06\\\/mario-schifano_6_fronte_q.jpg\",\"contentUrl\":\"https:\\\/\\\/egidimadeinitaly.com\\\/v25\\\/wp-content\\\/uploads\\\/2023\\\/06\\\/mario-schifano_6_fronte_q.jpg\",\"width\":900,\"height\":900,\"caption\":\"Ondate di gelo \u0153uvre art moderne\"},{\"@type\":\"BreadcrumbList\",\"@id\":\"https:\\\/\\\/egidimadeinitaly.com\\\/fr\\\/produit\\\/art-moderne\\\/oeuvres-modernes-sur-papiers\\\/mario-schifano-oeuvre-sur-papier\\\/#breadcrumb\",\"itemListElement\":[{\"@type\":\"ListItem\",\"position\":1,\"name\":\"Home\",\"item\":\"https:\\\/\\\/egidimadeinitaly.com\\\/fr\\\/\"},{\"@type\":\"ListItem\",\"position\":2,\"name\":\"Produits\",\"item\":\"https:\\\/\\\/egidimadeinitaly.com\\\/fr\\\/shop\\\/\"},{\"@type\":\"ListItem\",\"position\":3,\"name\":\"Art moderne\",\"item\":\"https:\\\/\\\/egidimadeinitaly.com\\\/fr\\\/product-category\\\/art-moderne\\\/\"},{\"@type\":\"ListItem\",\"position\":4,\"name\":\"\u0152uvres modernes sur papiers\",\"item\":\"https:\\\/\\\/egidimadeinitaly.com\\\/fr\\\/product-category\\\/art-moderne\\\/oeuvres-modernes-sur-papiers\\\/\"},{\"@type\":\"ListItem\",\"position\":5,\"name\":\"Mario Schifano \u0153uvre sur papier\"}]},{\"@type\":\"WebSite\",\"@id\":\"https:\\\/\\\/egidimadeinitaly.com\\\/fr\\\/#website\",\"url\":\"https:\\\/\\\/egidimadeinitaly.com\\\/fr\\\/\",\"name\":\"Egidi MadeinItaly\",\"description\":\"Fine Art\",\"potentialAction\":[{\"@type\":\"SearchAction\",\"target\":{\"@type\":\"EntryPoint\",\"urlTemplate\":\"https:\\\/\\\/egidimadeinitaly.com\\\/fr\\\/?s={search_term_string}\"},\"query-input\":{\"@type\":\"PropertyValueSpecification\",\"valueRequired\":true,\"valueName\":\"search_term_string\"}}],\"inLanguage\":\"fr-FR\"}]}<\/script>\n<!-- \/ Yoast SEO Premium plugin. -->","yoast_head_json":{"title":"Mario Schifano \u0153uvre sur papier - Egidi MadeinItaly","description":"S\u00e9rigraphie textur\u00e9e de Mario Schifano intitul\u00e9e Ondate di gelo tirage H. C. 23 sur 30 \u0152uvres d'art moderne sur papier en vente sur Egidi MadeinItaly","robots":{"index":"index","follow":"follow","max-snippet":"max-snippet:-1","max-image-preview":"max-image-preview:large","max-video-preview":"max-video-preview:-1"},"canonical":"https:\/\/egidimadeinitaly.com\/fr\/produit\/art-moderne\/oeuvres-modernes-sur-papiers\/mario-schifano-oeuvre-sur-papier\/","og_locale":"fr_FR","og_type":"article","og_title":"Mario Schifano \u0153uvre sur papier","og_description":"S\u00e9rigraphie textur\u00e9e Ondate di gelo ( Vagues de givre) de l'artiste du Pop art italien Mario Schifano.  Signature et num\u00e9rotation au crayon au recto  Cachet \u00e0 sec de l'artiste au recto.  Tirage H.C. (hors commerce) 23 sur 30. (Normalement du nombre pr\u00e9vu de tirages num\u00e9rot\u00e9s qui sont sortir de la presse, l\u2019artiste, l\u2019\u00e9diteur et l\u2019imprimeur se r\u00e9servent g\u00e9n\u00e9ralement quelques tirages.)  \u0152uvre encadr\u00e9e.","og_url":"https:\/\/egidimadeinitaly.com\/fr\/produit\/art-moderne\/oeuvres-modernes-sur-papiers\/mario-schifano-oeuvre-sur-papier\/","og_site_name":"Egidi MadeinItaly","article_publisher":"https:\/\/www.facebook.com\/egidimadeinitaly\/","article_modified_time":"2024-10-19T17:46:22+00:00","og_image":[{"width":900,"height":900,"url":"https:\/\/egidimadeinitaly.com\/wp-content\/uploads\/2023\/06\/mario-schifano_6_fronte_q.jpg","type":"image\/jpeg"}],"schema":{"@context":"https:\/\/schema.org","@graph":[{"@type":"WebPage","@id":"https:\/\/egidimadeinitaly.com\/fr\/negozio\/art-moderne\/oeuvres-modernes-sur-papiers\/mario-schifano-oeuvre-sur-papier\/","url":"https:\/\/egidimadeinitaly.com\/fr\/produit\/art-moderne\/oeuvres-modernes-sur-papiers\/mario-schifano-oeuvre-sur-papier\/","name":"Mario Schifano \u0153uvre sur papier - Egidi MadeinItaly","isPartOf":{"@id":"https:\/\/egidimadeinitaly.com\/fr\/#website"},"primaryImageOfPage":{"@id":"https:\/\/egidimadeinitaly.com\/fr\/produit\/art-moderne\/oeuvres-modernes-sur-papiers\/mario-schifano-oeuvre-sur-papier\/#primaryimage"},"image":{"@id":"https:\/\/egidimadeinitaly.com\/fr\/produit\/art-moderne\/oeuvres-modernes-sur-papiers\/mario-schifano-oeuvre-sur-papier\/#primaryimage"},"thumbnailUrl":"https:\/\/egidimadeinitaly.com\/v25\/wp-content\/uploads\/2023\/06\/mario-schifano_6_fronte_q.jpg","datePublished":"2023-06-28T10:50:23+00:00","dateModified":"2024-10-19T17:46:22+00:00","description":"S\u00e9rigraphie textur\u00e9e de Mario Schifano intitul\u00e9e Ondate di gelo tirage H. C. 23 sur 30 \u0152uvres d'art moderne sur papier en vente sur Egidi MadeinItaly","breadcrumb":{"@id":"https:\/\/egidimadeinitaly.com\/fr\/produit\/art-moderne\/oeuvres-modernes-sur-papiers\/mario-schifano-oeuvre-sur-papier\/#breadcrumb"},"inLanguage":"fr-FR","potentialAction":[{"@type":"ReadAction","target":["https:\/\/egidimadeinitaly.com\/fr\/produit\/art-moderne\/oeuvres-modernes-sur-papiers\/mario-schifano-oeuvre-sur-papier\/"]}]},{"@type":"ImageObject","inLanguage":"fr-FR","@id":"https:\/\/egidimadeinitaly.com\/fr\/produit\/art-moderne\/oeuvres-modernes-sur-papiers\/mario-schifano-oeuvre-sur-papier\/#primaryimage","url":"https:\/\/egidimadeinitaly.com\/v25\/wp-content\/uploads\/2023\/06\/mario-schifano_6_fronte_q.jpg","contentUrl":"https:\/\/egidimadeinitaly.com\/v25\/wp-content\/uploads\/2023\/06\/mario-schifano_6_fronte_q.jpg","width":900,"height":900,"caption":"Ondate di gelo \u0153uvre art moderne"},{"@type":"BreadcrumbList","@id":"https:\/\/egidimadeinitaly.com\/fr\/produit\/art-moderne\/oeuvres-modernes-sur-papiers\/mario-schifano-oeuvre-sur-papier\/#breadcrumb","itemListElement":[{"@type":"ListItem","position":1,"name":"Home","item":"https:\/\/egidimadeinitaly.com\/fr\/"},{"@type":"ListItem","position":2,"name":"Produits","item":"https:\/\/egidimadeinitaly.com\/fr\/shop\/"},{"@type":"ListItem","position":3,"name":"Art moderne","item":"https:\/\/egidimadeinitaly.com\/fr\/product-category\/art-moderne\/"},{"@type":"ListItem","position":4,"name":"\u0152uvres modernes sur papiers","item":"https:\/\/egidimadeinitaly.com\/fr\/product-category\/art-moderne\/oeuvres-modernes-sur-papiers\/"},{"@type":"ListItem","position":5,"name":"Mario Schifano \u0153uvre sur papier"}]},{"@type":"WebSite","@id":"https:\/\/egidimadeinitaly.com\/fr\/#website","url":"https:\/\/egidimadeinitaly.com\/fr\/","name":"Egidi MadeinItaly","description":"Fine Art","potentialAction":[{"@type":"SearchAction","target":{"@type":"EntryPoint","urlTemplate":"https:\/\/egidimadeinitaly.com\/fr\/?s={search_term_string}"},"query-input":{"@type":"PropertyValueSpecification","valueRequired":true,"valueName":"search_term_string"}}],"inLanguage":"fr-FR"}]}},"_links":{"self":[{"href":"https:\/\/egidimadeinitaly.com\/fr\/wp-json\/wp\/v2\/product\/115966","targetHints":{"allow":["GET"]}}],"collection":[{"href":"https:\/\/egidimadeinitaly.com\/fr\/wp-json\/wp\/v2\/product"}],"about":[{"href":"https:\/\/egidimadeinitaly.com\/fr\/wp-json\/wp\/v2\/types\/product"}],"wp:featuredmedia":[{"embeddable":true,"href":"https:\/\/egidimadeinitaly.com\/fr\/wp-json\/wp\/v2\/media\/115920"}],"wp:attachment":[{"href":"https:\/\/egidimadeinitaly.com\/fr\/wp-json\/wp\/v2\/media?parent=115966"}],"wp:term":[{"taxonomy":"product_brand","embeddable":true,"href":"https:\/\/egidimadeinitaly.com\/fr\/wp-json\/wp\/v2\/product_brand?post=115966"},{"taxonomy":"product_cat","embeddable":true,"href":"https:\/\/egidimadeinitaly.com\/fr\/wp-json\/wp\/v2\/product_cat?post=115966"},{"taxonomy":"product_tag","embeddable":true,"href":"https:\/\/egidimadeinitaly.com\/fr\/wp-json\/wp\/v2\/product_tag?post=115966"}],"curies":[{"name":"wp","href":"https:\/\/api.w.org\/{rel}","templated":true}]}}