{"id":115667,"date":"2023-06-10T13:47:49","date_gmt":"2023-06-10T12:47:49","guid":{"rendered":"https:\/\/egidimadeinitaly.com\/ecomsite\/?post_type=product&#038;p=115667"},"modified":"2025-10-01T12:55:34","modified_gmt":"2025-10-01T11:55:34","slug":"carlo-brancaccio-tableau","status":"publish","type":"product","link":"https:\/\/egidimadeinitaly.com\/fr\/negozio\/art-ancien\/tableaux-anciens-fr\/carlo-brancaccio-tableau\/","title":{"rendered":"Carlo Brancaccio tableau"},"content":{"rendered":"<p>Carlo Brancaccio (Naples 1861-1920) <strong>Peintre impressionniste<\/strong>, d\u00e9di\u00e9 \u00e0 la peinture en plein air. Il fut l&rsquo;\u00e9l\u00e8ve d&rsquo;Edoardo Dalbono.<\/p>\n<p>Il est connu pour ses paysages et ses marines.<\/p>\n","protected":false},"excerpt":{"rendered":"<p>Peinture sur panneau repr\u00e9sentant la Piazza San Leone \u00e0 Gragnano, \u00e0 Naples, r\u00e9alis\u00e9e par le peintre Carlo Brancaccio (1861-1920).<br \/>\nL&rsquo; \u0153uvre est encadr\u00e9e et porte, en bas \u00e0 droite, la signature \u00ab Carlo Brancaccio Napoli \u00bb.<\/p>\n","protected":false},"featured_media":115334,"template":"","meta":{"_acf_changed":false},"product_brand":[],"product_cat":[6374,6408],"product_tag":[],"class_list":{"0":"post-115667","1":"product","2":"type-product","3":"status-publish","4":"has-post-thumbnail","6":"product_cat-art-ancien","7":"product_cat-tableaux-anciens-fr","9":"first","10":"outofstock","11":"taxable","12":"shipping-taxable","13":"product-type-simple"},"acf":[],"yoast_head":"<!-- This site is optimized with the Yoast SEO Premium plugin v27.5 (Yoast SEO v27.5) - https:\/\/yoast.com\/product\/yoast-seo-premium-wordpress\/ -->\n<title>Carlo Brancaccio tableau - Egidi MadeinItaly<\/title>\n<meta name=\"description\" content=\"Carlo Brancaccio (Naples 1861-1920) peinture \u00e0 l&#039;huile sur panneau vue Place San Leone \u00e0 Gragnano Art ancienne en vente sur Egidi MadeinItaly Ecommerce\" \/>\n<meta name=\"robots\" content=\"index, follow, max-snippet:-1, max-image-preview:large, max-video-preview:-1\" \/>\n<link rel=\"canonical\" href=\"https:\/\/egidimadeinitaly.com\/fr\/produit\/art-ancien\/tableaux-anciens-fr\/carlo-brancaccio-tableau\/\" \/>\n<meta property=\"og:locale\" content=\"fr_FR\" \/>\n<meta property=\"og:type\" content=\"article\" \/>\n<meta property=\"og:title\" content=\"Carlo Brancaccio tableau\" \/>\n<meta property=\"og:description\" content=\"Peinture sur panneau repr\u00e9sentant la Piazza San Leone \u00e0 Gragnano, \u00e0 Naples, r\u00e9alis\u00e9e par le peintre Carlo Brancaccio (1861-1920). L&#039; \u0153uvre est encadr\u00e9e et porte, en bas \u00e0 droite, la signature \u00ab Carlo Brancaccio Napoli \u00bb.\" \/>\n<meta property=\"og:url\" content=\"https:\/\/egidimadeinitaly.com\/fr\/produit\/art-ancien\/tableaux-anciens-fr\/carlo-brancaccio-tableau\/\" \/>\n<meta property=\"og:site_name\" content=\"Egidi MadeinItaly\" \/>\n<meta property=\"article:publisher\" content=\"https:\/\/www.facebook.com\/egidimadeinitaly\/\" \/>\n<meta property=\"article:modified_time\" content=\"2025-10-01T11:55:34+00:00\" \/>\n<meta property=\"og:image\" content=\"https:\/\/egidimadeinitaly.com\/v25\/wp-content\/uploads\/2023\/05\/Carlo-Brancaccio-quadro-paesaggio-scaled-e1690707176289.jpg\" \/>\n\t<meta property=\"og:image:width\" content=\"900\" \/>\n\t<meta property=\"og:image:height\" content=\"900\" \/>\n\t<meta property=\"og:image:type\" content=\"image\/jpeg\" \/>\n<script type=\"application\/ld+json\" class=\"yoast-schema-graph\">{\"@context\":\"https:\\\/\\\/schema.org\",\"@graph\":[{\"@type\":\"WebPage\",\"@id\":\"https:\\\/\\\/egidimadeinitaly.com\\\/fr\\\/negozio\\\/art-ancien\\\/tableaux-anciens-fr\\\/carlo-brancaccio-tableau\\\/\",\"url\":\"https:\\\/\\\/egidimadeinitaly.com\\\/fr\\\/produit\\\/art-ancien\\\/tableaux-anciens-fr\\\/carlo-brancaccio-tableau\\\/\",\"name\":\"Carlo Brancaccio tableau - Egidi MadeinItaly\",\"isPartOf\":{\"@id\":\"https:\\\/\\\/egidimadeinitaly.com\\\/fr\\\/#website\"},\"primaryImageOfPage\":{\"@id\":\"https:\\\/\\\/egidimadeinitaly.com\\\/fr\\\/produit\\\/art-ancien\\\/tableaux-anciens-fr\\\/carlo-brancaccio-tableau\\\/#primaryimage\"},\"image\":{\"@id\":\"https:\\\/\\\/egidimadeinitaly.com\\\/fr\\\/produit\\\/art-ancien\\\/tableaux-anciens-fr\\\/carlo-brancaccio-tableau\\\/#primaryimage\"},\"thumbnailUrl\":\"https:\\\/\\\/egidimadeinitaly.com\\\/v25\\\/wp-content\\\/uploads\\\/2023\\\/05\\\/Carlo-Brancaccio-quadro-paesaggio-scaled-e1690707176289.jpg\",\"datePublished\":\"2023-06-10T12:47:49+00:00\",\"dateModified\":\"2025-10-01T11:55:34+00:00\",\"description\":\"Carlo Brancaccio (Naples 1861-1920) peinture \u00e0 l'huile sur panneau vue Place San Leone \u00e0 Gragnano Art ancienne en vente sur Egidi MadeinItaly Ecommerce\",\"breadcrumb\":{\"@id\":\"https:\\\/\\\/egidimadeinitaly.com\\\/fr\\\/produit\\\/art-ancien\\\/tableaux-anciens-fr\\\/carlo-brancaccio-tableau\\\/#breadcrumb\"},\"inLanguage\":\"fr-FR\",\"potentialAction\":[{\"@type\":\"ReadAction\",\"target\":[\"https:\\\/\\\/egidimadeinitaly.com\\\/fr\\\/produit\\\/art-ancien\\\/tableaux-anciens-fr\\\/carlo-brancaccio-tableau\\\/\"]}]},{\"@type\":\"ImageObject\",\"inLanguage\":\"fr-FR\",\"@id\":\"https:\\\/\\\/egidimadeinitaly.com\\\/fr\\\/produit\\\/art-ancien\\\/tableaux-anciens-fr\\\/carlo-brancaccio-tableau\\\/#primaryimage\",\"url\":\"https:\\\/\\\/egidimadeinitaly.com\\\/v25\\\/wp-content\\\/uploads\\\/2023\\\/05\\\/Carlo-Brancaccio-quadro-paesaggio-scaled-e1690707176289.jpg\",\"contentUrl\":\"https:\\\/\\\/egidimadeinitaly.com\\\/v25\\\/wp-content\\\/uploads\\\/2023\\\/05\\\/Carlo-Brancaccio-quadro-paesaggio-scaled-e1690707176289.jpg\",\"width\":900,\"height\":900,\"caption\":\"Carlo Brancaccio paysage avec personnages\"},{\"@type\":\"BreadcrumbList\",\"@id\":\"https:\\\/\\\/egidimadeinitaly.com\\\/fr\\\/produit\\\/art-ancien\\\/tableaux-anciens-fr\\\/carlo-brancaccio-tableau\\\/#breadcrumb\",\"itemListElement\":[{\"@type\":\"ListItem\",\"position\":1,\"name\":\"Home\",\"item\":\"https:\\\/\\\/egidimadeinitaly.com\\\/fr\\\/\"},{\"@type\":\"ListItem\",\"position\":2,\"name\":\"Produits\",\"item\":\"https:\\\/\\\/egidimadeinitaly.com\\\/fr\\\/shop\\\/\"},{\"@type\":\"ListItem\",\"position\":3,\"name\":\"Art ancien\",\"item\":\"https:\\\/\\\/egidimadeinitaly.com\\\/fr\\\/product-category\\\/art-ancien\\\/\"},{\"@type\":\"ListItem\",\"position\":4,\"name\":\"Tableaux anciens\",\"item\":\"https:\\\/\\\/egidimadeinitaly.com\\\/fr\\\/product-category\\\/art-ancien\\\/tableaux-anciens-fr\\\/\"},{\"@type\":\"ListItem\",\"position\":5,\"name\":\"Carlo Brancaccio tableau\"}]},{\"@type\":\"WebSite\",\"@id\":\"https:\\\/\\\/egidimadeinitaly.com\\\/fr\\\/#website\",\"url\":\"https:\\\/\\\/egidimadeinitaly.com\\\/fr\\\/\",\"name\":\"Egidi MadeinItaly\",\"description\":\"Fine Art\",\"potentialAction\":[{\"@type\":\"SearchAction\",\"target\":{\"@type\":\"EntryPoint\",\"urlTemplate\":\"https:\\\/\\\/egidimadeinitaly.com\\\/fr\\\/?s={search_term_string}\"},\"query-input\":{\"@type\":\"PropertyValueSpecification\",\"valueRequired\":true,\"valueName\":\"search_term_string\"}}],\"inLanguage\":\"fr-FR\"}]}<\/script>\n<!-- \/ Yoast SEO Premium plugin. -->","yoast_head_json":{"title":"Carlo Brancaccio tableau - Egidi MadeinItaly","description":"Carlo Brancaccio (Naples 1861-1920) peinture \u00e0 l'huile sur panneau vue Place San Leone \u00e0 Gragnano Art ancienne en vente sur Egidi MadeinItaly Ecommerce","robots":{"index":"index","follow":"follow","max-snippet":"max-snippet:-1","max-image-preview":"max-image-preview:large","max-video-preview":"max-video-preview:-1"},"canonical":"https:\/\/egidimadeinitaly.com\/fr\/produit\/art-ancien\/tableaux-anciens-fr\/carlo-brancaccio-tableau\/","og_locale":"fr_FR","og_type":"article","og_title":"Carlo Brancaccio tableau","og_description":"Peinture sur panneau repr\u00e9sentant la Piazza San Leone \u00e0 Gragnano, \u00e0 Naples, r\u00e9alis\u00e9e par le peintre Carlo Brancaccio (1861-1920). L' \u0153uvre est encadr\u00e9e et porte, en bas \u00e0 droite, la signature \u00ab Carlo Brancaccio Napoli \u00bb.","og_url":"https:\/\/egidimadeinitaly.com\/fr\/produit\/art-ancien\/tableaux-anciens-fr\/carlo-brancaccio-tableau\/","og_site_name":"Egidi MadeinItaly","article_publisher":"https:\/\/www.facebook.com\/egidimadeinitaly\/","article_modified_time":"2025-10-01T11:55:34+00:00","og_image":[{"width":900,"height":900,"url":"https:\/\/egidimadeinitaly.com\/v25\/wp-content\/uploads\/2023\/05\/Carlo-Brancaccio-quadro-paesaggio-scaled-e1690707176289.jpg","type":"image\/jpeg"}],"schema":{"@context":"https:\/\/schema.org","@graph":[{"@type":"WebPage","@id":"https:\/\/egidimadeinitaly.com\/fr\/negozio\/art-ancien\/tableaux-anciens-fr\/carlo-brancaccio-tableau\/","url":"https:\/\/egidimadeinitaly.com\/fr\/produit\/art-ancien\/tableaux-anciens-fr\/carlo-brancaccio-tableau\/","name":"Carlo Brancaccio tableau - Egidi MadeinItaly","isPartOf":{"@id":"https:\/\/egidimadeinitaly.com\/fr\/#website"},"primaryImageOfPage":{"@id":"https:\/\/egidimadeinitaly.com\/fr\/produit\/art-ancien\/tableaux-anciens-fr\/carlo-brancaccio-tableau\/#primaryimage"},"image":{"@id":"https:\/\/egidimadeinitaly.com\/fr\/produit\/art-ancien\/tableaux-anciens-fr\/carlo-brancaccio-tableau\/#primaryimage"},"thumbnailUrl":"https:\/\/egidimadeinitaly.com\/v25\/wp-content\/uploads\/2023\/05\/Carlo-Brancaccio-quadro-paesaggio-scaled-e1690707176289.jpg","datePublished":"2023-06-10T12:47:49+00:00","dateModified":"2025-10-01T11:55:34+00:00","description":"Carlo Brancaccio (Naples 1861-1920) peinture \u00e0 l'huile sur panneau vue Place San Leone \u00e0 Gragnano Art ancienne en vente sur Egidi MadeinItaly Ecommerce","breadcrumb":{"@id":"https:\/\/egidimadeinitaly.com\/fr\/produit\/art-ancien\/tableaux-anciens-fr\/carlo-brancaccio-tableau\/#breadcrumb"},"inLanguage":"fr-FR","potentialAction":[{"@type":"ReadAction","target":["https:\/\/egidimadeinitaly.com\/fr\/produit\/art-ancien\/tableaux-anciens-fr\/carlo-brancaccio-tableau\/"]}]},{"@type":"ImageObject","inLanguage":"fr-FR","@id":"https:\/\/egidimadeinitaly.com\/fr\/produit\/art-ancien\/tableaux-anciens-fr\/carlo-brancaccio-tableau\/#primaryimage","url":"https:\/\/egidimadeinitaly.com\/v25\/wp-content\/uploads\/2023\/05\/Carlo-Brancaccio-quadro-paesaggio-scaled-e1690707176289.jpg","contentUrl":"https:\/\/egidimadeinitaly.com\/v25\/wp-content\/uploads\/2023\/05\/Carlo-Brancaccio-quadro-paesaggio-scaled-e1690707176289.jpg","width":900,"height":900,"caption":"Carlo Brancaccio paysage avec personnages"},{"@type":"BreadcrumbList","@id":"https:\/\/egidimadeinitaly.com\/fr\/produit\/art-ancien\/tableaux-anciens-fr\/carlo-brancaccio-tableau\/#breadcrumb","itemListElement":[{"@type":"ListItem","position":1,"name":"Home","item":"https:\/\/egidimadeinitaly.com\/fr\/"},{"@type":"ListItem","position":2,"name":"Produits","item":"https:\/\/egidimadeinitaly.com\/fr\/shop\/"},{"@type":"ListItem","position":3,"name":"Art ancien","item":"https:\/\/egidimadeinitaly.com\/fr\/product-category\/art-ancien\/"},{"@type":"ListItem","position":4,"name":"Tableaux anciens","item":"https:\/\/egidimadeinitaly.com\/fr\/product-category\/art-ancien\/tableaux-anciens-fr\/"},{"@type":"ListItem","position":5,"name":"Carlo Brancaccio tableau"}]},{"@type":"WebSite","@id":"https:\/\/egidimadeinitaly.com\/fr\/#website","url":"https:\/\/egidimadeinitaly.com\/fr\/","name":"Egidi MadeinItaly","description":"Fine Art","potentialAction":[{"@type":"SearchAction","target":{"@type":"EntryPoint","urlTemplate":"https:\/\/egidimadeinitaly.com\/fr\/?s={search_term_string}"},"query-input":{"@type":"PropertyValueSpecification","valueRequired":true,"valueName":"search_term_string"}}],"inLanguage":"fr-FR"}]}},"_links":{"self":[{"href":"https:\/\/egidimadeinitaly.com\/fr\/wp-json\/wp\/v2\/product\/115667","targetHints":{"allow":["GET"]}}],"collection":[{"href":"https:\/\/egidimadeinitaly.com\/fr\/wp-json\/wp\/v2\/product"}],"about":[{"href":"https:\/\/egidimadeinitaly.com\/fr\/wp-json\/wp\/v2\/types\/product"}],"wp:featuredmedia":[{"embeddable":true,"href":"https:\/\/egidimadeinitaly.com\/fr\/wp-json\/wp\/v2\/media\/115334"}],"wp:attachment":[{"href":"https:\/\/egidimadeinitaly.com\/fr\/wp-json\/wp\/v2\/media?parent=115667"}],"wp:term":[{"taxonomy":"product_brand","embeddable":true,"href":"https:\/\/egidimadeinitaly.com\/fr\/wp-json\/wp\/v2\/product_brand?post=115667"},{"taxonomy":"product_cat","embeddable":true,"href":"https:\/\/egidimadeinitaly.com\/fr\/wp-json\/wp\/v2\/product_cat?post=115667"},{"taxonomy":"product_tag","embeddable":true,"href":"https:\/\/egidimadeinitaly.com\/fr\/wp-json\/wp\/v2\/product_tag?post=115667"}],"curies":[{"name":"wp","href":"https:\/\/api.w.org\/{rel}","templated":true}]}}