{"id":115503,"date":"2023-05-25T09:19:43","date_gmt":"2023-05-25T08:19:43","guid":{"rendered":"https:\/\/egidimadeinitaly.com\/ecomsite\/?post_type=product&#038;p=115503"},"modified":"2025-04-22T17:32:13","modified_gmt":"2025-04-22T16:32:13","slug":"mario-schifano-paysage-televise","status":"publish","type":"product","link":"https:\/\/egidimadeinitaly.com\/fr\/negozio\/art-moderne\/tableaux-modernes-fr\/mario-schifano-paysage-televise\/","title":{"rendered":"Mario Schifano Paysage t\u00e9l\u00e9vis\u00e9"},"content":{"rendered":"<div dir=\"auto\">Mario Schifano (1934, Homs, Tripoli &#8211; Rome 1998)<\/div>\n<div dir=\"auto\">Peintre italien. Il d\u00e9bute en 1960, avec des panneaux monochromes, semblables \u00e0 un \u00e9cran o\u00f9 affleurent la signalisation et des lambeaux de paysage urbain.<\/div>\n<div dir=\"auto\">\u00a0Un voyage aux \u00c9tats-Unis et l&rsquo;\u0153uvre de Kline, \u00e0 qui il d\u00e9die une s\u00e9rie de peintures, le conduisent \u00e0 assumer les \u00e9l\u00e9ments linguistiques de la soci\u00e9t\u00e9 de consommation, de lettres isol\u00e9es \u00e0 l&rsquo;agrandissement fragment\u00e9 des logos de marques ( <em>Esso<\/em> ,\u00a0 <em>Coca-Cola<\/em> ).<\/div>\n<div dir=\"auto\">Mais ce n&rsquo;est pas tant un point de vue sociologique qu&rsquo;une analyse des structures de la perception qui l&rsquo;int\u00e9resse, comme le montre ensuite l&#8217;emploi du polaro\u00efd, gr\u00e2ce auquel il travaille sur les th\u00e8mes du mouvement et de l&rsquo;image t\u00e9l\u00e9vis\u00e9e. Un aspect de sa production constitue une r\u00e9flexion critique sur les avant-gardes historiques.<\/div>\n<div dir=\"auto\">Dans sa s\u00e9rie\u00a0 <em>Futurisme revisit\u00e9<\/em> il pr\u00e9sente des toiles sous une plaque de plexiglas monochrome ou color\u00e9.<\/div>\n","protected":false},"excerpt":{"rendered":"<p>Mario Schifano Paysage t\u00e9l\u00e9vis\u00e9. <span class=\"artwork_technique\">\u00c9mail et aniline sur toile \u00e9mulsionn\u00e9e <\/span>et plexiglas, sign\u00e9 au dos Schifano. \u0152uvre authentifi\u00e9e et enregistr\u00e9e \u00e0 l&rsquo;Archivio Mario Schifano, Rome, n\u00b0 05531230325.<\/p>\n","protected":false},"featured_media":115472,"template":"","meta":{"_acf_changed":false},"product_brand":[],"product_cat":[6377,6416],"product_tag":[6456,2743],"class_list":{"0":"post-115503","1":"product","2":"type-product","3":"status-publish","4":"has-post-thumbnail","6":"product_cat-art-moderne","7":"product_cat-tableaux-modernes-fr","8":"product_tag-ecole-de-piazza-del-popolo","9":"product_tag-pop-art-fr","11":"first","12":"outofstock","13":"taxable","14":"shipping-taxable","15":"product-type-simple"},"acf":[],"yoast_head":"<!-- This site is optimized with the Yoast SEO Premium plugin v27.5 (Yoast SEO v27.5) - https:\/\/yoast.com\/product\/yoast-seo-premium-wordpress\/ -->\n<title>Mario Schifano Paysage t\u00e9l\u00e9vis\u00e9 - Egidi MadeinItaly<\/title>\n<meta name=\"description\" content=\"Mario Schifano Paysage t\u00e9l\u00e9vis\u00e9 sur toile \u00e9mulsionn\u00e9e et plexiglas d\u00e9but des ann\u00e9es 1970 enregistr\u00e9 par les Archives Mario Schifano sur Egidi MadeinItaly\" \/>\n<meta name=\"robots\" content=\"index, follow, max-snippet:-1, max-image-preview:large, max-video-preview:-1\" \/>\n<link rel=\"canonical\" href=\"https:\/\/egidimadeinitaly.com\/fr\/negozio\/art-moderne\/tableaux-modernes-fr\/mario-schifano-paysage-televise\/\" \/>\n<meta property=\"og:locale\" content=\"fr_FR\" \/>\n<meta property=\"og:type\" content=\"article\" \/>\n<meta property=\"og:title\" content=\"Mario Schifano Paysage t\u00e9l\u00e9vis\u00e9\" \/>\n<meta property=\"og:description\" content=\"Mario Schifano Paysage t\u00e9l\u00e9vis\u00e9. \u00c9mail et aniline sur toile \u00e9mulsionn\u00e9e et plexiglas, sign\u00e9 au dos Schifano. \u0152uvre authentifi\u00e9e et enregistr\u00e9e \u00e0 l&#039;Archivio Mario Schifano, Rome, n\u00b0 05531230325.\" \/>\n<meta property=\"og:url\" content=\"https:\/\/egidimadeinitaly.com\/fr\/negozio\/art-moderne\/tableaux-modernes-fr\/mario-schifano-paysage-televise\/\" \/>\n<meta property=\"og:site_name\" content=\"Egidi MadeinItaly\" \/>\n<meta property=\"article:publisher\" content=\"https:\/\/www.facebook.com\/egidimadeinitaly\/\" \/>\n<meta property=\"article:modified_time\" content=\"2025-04-22T16:32:13+00:00\" \/>\n<meta property=\"og:image\" content=\"https:\/\/egidimadeinitaly.com\/wp-content\/uploads\/2023\/05\/mario-schifano-opera-autenticata-e1690706319725.jpg\" \/>\n\t<meta property=\"og:image:width\" content=\"800\" \/>\n\t<meta property=\"og:image:height\" content=\"574\" \/>\n\t<meta property=\"og:image:type\" content=\"image\/jpeg\" \/>\n<script type=\"application\/ld+json\" class=\"yoast-schema-graph\">{\"@context\":\"https:\\\/\\\/schema.org\",\"@graph\":[{\"@type\":\"WebPage\",\"@id\":\"https:\\\/\\\/egidimadeinitaly.com\\\/fr\\\/negozio\\\/art-moderne\\\/tableaux-modernes-fr\\\/mario-schifano-paysage-televise\\\/\",\"url\":\"https:\\\/\\\/egidimadeinitaly.com\\\/fr\\\/negozio\\\/art-moderne\\\/tableaux-modernes-fr\\\/mario-schifano-paysage-televise\\\/\",\"name\":\"Mario Schifano Paysage t\u00e9l\u00e9vis\u00e9 - Egidi MadeinItaly\",\"isPartOf\":{\"@id\":\"https:\\\/\\\/egidimadeinitaly.com\\\/fr\\\/#website\"},\"primaryImageOfPage\":{\"@id\":\"https:\\\/\\\/egidimadeinitaly.com\\\/fr\\\/negozio\\\/art-moderne\\\/tableaux-modernes-fr\\\/mario-schifano-paysage-televise\\\/#primaryimage\"},\"image\":{\"@id\":\"https:\\\/\\\/egidimadeinitaly.com\\\/fr\\\/negozio\\\/art-moderne\\\/tableaux-modernes-fr\\\/mario-schifano-paysage-televise\\\/#primaryimage\"},\"thumbnailUrl\":\"https:\\\/\\\/egidimadeinitaly.com\\\/v25\\\/wp-content\\\/uploads\\\/2023\\\/05\\\/mario-schifano-opera-autenticata-e1690706319725.jpg\",\"datePublished\":\"2023-05-25T08:19:43+00:00\",\"dateModified\":\"2025-04-22T16:32:13+00:00\",\"description\":\"Mario Schifano Paysage t\u00e9l\u00e9vis\u00e9 sur toile \u00e9mulsionn\u00e9e et plexiglas d\u00e9but des ann\u00e9es 1970 enregistr\u00e9 par les Archives Mario Schifano sur Egidi MadeinItaly\",\"breadcrumb\":{\"@id\":\"https:\\\/\\\/egidimadeinitaly.com\\\/fr\\\/negozio\\\/art-moderne\\\/tableaux-modernes-fr\\\/mario-schifano-paysage-televise\\\/#breadcrumb\"},\"inLanguage\":\"fr-FR\",\"potentialAction\":[{\"@type\":\"ReadAction\",\"target\":[\"https:\\\/\\\/egidimadeinitaly.com\\\/fr\\\/negozio\\\/art-moderne\\\/tableaux-modernes-fr\\\/mario-schifano-paysage-televise\\\/\"]}]},{\"@type\":\"ImageObject\",\"inLanguage\":\"fr-FR\",\"@id\":\"https:\\\/\\\/egidimadeinitaly.com\\\/fr\\\/negozio\\\/art-moderne\\\/tableaux-modernes-fr\\\/mario-schifano-paysage-televise\\\/#primaryimage\",\"url\":\"https:\\\/\\\/egidimadeinitaly.com\\\/v25\\\/wp-content\\\/uploads\\\/2023\\\/05\\\/mario-schifano-opera-autenticata-e1690706319725.jpg\",\"contentUrl\":\"https:\\\/\\\/egidimadeinitaly.com\\\/v25\\\/wp-content\\\/uploads\\\/2023\\\/05\\\/mario-schifano-opera-autenticata-e1690706319725.jpg\",\"width\":800,\"height\":574,\"caption\":\"Mario Schifano \u0152uvre authentifi\u00e9e\"},{\"@type\":\"BreadcrumbList\",\"@id\":\"https:\\\/\\\/egidimadeinitaly.com\\\/fr\\\/negozio\\\/art-moderne\\\/tableaux-modernes-fr\\\/mario-schifano-paysage-televise\\\/#breadcrumb\",\"itemListElement\":[{\"@type\":\"ListItem\",\"position\":1,\"name\":\"Home\",\"item\":\"https:\\\/\\\/egidimadeinitaly.com\\\/fr\\\/\"},{\"@type\":\"ListItem\",\"position\":2,\"name\":\"Produits\",\"item\":\"https:\\\/\\\/egidimadeinitaly.com\\\/fr\\\/shop\\\/\"},{\"@type\":\"ListItem\",\"position\":3,\"name\":\"Art moderne\",\"item\":\"https:\\\/\\\/egidimadeinitaly.com\\\/fr\\\/product-category\\\/art-moderne\\\/\"},{\"@type\":\"ListItem\",\"position\":4,\"name\":\"Tableaux modernes\",\"item\":\"https:\\\/\\\/egidimadeinitaly.com\\\/fr\\\/product-category\\\/art-moderne\\\/tableaux-modernes-fr\\\/\"},{\"@type\":\"ListItem\",\"position\":5,\"name\":\"Mario Schifano Paysage t\u00e9l\u00e9vis\u00e9\"}]},{\"@type\":\"WebSite\",\"@id\":\"https:\\\/\\\/egidimadeinitaly.com\\\/fr\\\/#website\",\"url\":\"https:\\\/\\\/egidimadeinitaly.com\\\/fr\\\/\",\"name\":\"Egidi MadeinItaly\",\"description\":\"Fine Art\",\"potentialAction\":[{\"@type\":\"SearchAction\",\"target\":{\"@type\":\"EntryPoint\",\"urlTemplate\":\"https:\\\/\\\/egidimadeinitaly.com\\\/fr\\\/?s={search_term_string}\"},\"query-input\":{\"@type\":\"PropertyValueSpecification\",\"valueRequired\":true,\"valueName\":\"search_term_string\"}}],\"inLanguage\":\"fr-FR\"}]}<\/script>\n<!-- \/ Yoast SEO Premium plugin. -->","yoast_head_json":{"title":"Mario Schifano Paysage t\u00e9l\u00e9vis\u00e9 - Egidi MadeinItaly","description":"Mario Schifano Paysage t\u00e9l\u00e9vis\u00e9 sur toile \u00e9mulsionn\u00e9e et plexiglas d\u00e9but des ann\u00e9es 1970 enregistr\u00e9 par les Archives Mario Schifano sur Egidi MadeinItaly","robots":{"index":"index","follow":"follow","max-snippet":"max-snippet:-1","max-image-preview":"max-image-preview:large","max-video-preview":"max-video-preview:-1"},"canonical":"https:\/\/egidimadeinitaly.com\/fr\/negozio\/art-moderne\/tableaux-modernes-fr\/mario-schifano-paysage-televise\/","og_locale":"fr_FR","og_type":"article","og_title":"Mario Schifano Paysage t\u00e9l\u00e9vis\u00e9","og_description":"Mario Schifano Paysage t\u00e9l\u00e9vis\u00e9. \u00c9mail et aniline sur toile \u00e9mulsionn\u00e9e et plexiglas, sign\u00e9 au dos Schifano. \u0152uvre authentifi\u00e9e et enregistr\u00e9e \u00e0 l'Archivio Mario Schifano, Rome, n\u00b0 05531230325.","og_url":"https:\/\/egidimadeinitaly.com\/fr\/negozio\/art-moderne\/tableaux-modernes-fr\/mario-schifano-paysage-televise\/","og_site_name":"Egidi MadeinItaly","article_publisher":"https:\/\/www.facebook.com\/egidimadeinitaly\/","article_modified_time":"2025-04-22T16:32:13+00:00","og_image":[{"width":800,"height":574,"url":"https:\/\/egidimadeinitaly.com\/wp-content\/uploads\/2023\/05\/mario-schifano-opera-autenticata-e1690706319725.jpg","type":"image\/jpeg"}],"schema":{"@context":"https:\/\/schema.org","@graph":[{"@type":"WebPage","@id":"https:\/\/egidimadeinitaly.com\/fr\/negozio\/art-moderne\/tableaux-modernes-fr\/mario-schifano-paysage-televise\/","url":"https:\/\/egidimadeinitaly.com\/fr\/negozio\/art-moderne\/tableaux-modernes-fr\/mario-schifano-paysage-televise\/","name":"Mario Schifano Paysage t\u00e9l\u00e9vis\u00e9 - Egidi MadeinItaly","isPartOf":{"@id":"https:\/\/egidimadeinitaly.com\/fr\/#website"},"primaryImageOfPage":{"@id":"https:\/\/egidimadeinitaly.com\/fr\/negozio\/art-moderne\/tableaux-modernes-fr\/mario-schifano-paysage-televise\/#primaryimage"},"image":{"@id":"https:\/\/egidimadeinitaly.com\/fr\/negozio\/art-moderne\/tableaux-modernes-fr\/mario-schifano-paysage-televise\/#primaryimage"},"thumbnailUrl":"https:\/\/egidimadeinitaly.com\/v25\/wp-content\/uploads\/2023\/05\/mario-schifano-opera-autenticata-e1690706319725.jpg","datePublished":"2023-05-25T08:19:43+00:00","dateModified":"2025-04-22T16:32:13+00:00","description":"Mario Schifano Paysage t\u00e9l\u00e9vis\u00e9 sur toile \u00e9mulsionn\u00e9e et plexiglas d\u00e9but des ann\u00e9es 1970 enregistr\u00e9 par les Archives Mario Schifano sur Egidi MadeinItaly","breadcrumb":{"@id":"https:\/\/egidimadeinitaly.com\/fr\/negozio\/art-moderne\/tableaux-modernes-fr\/mario-schifano-paysage-televise\/#breadcrumb"},"inLanguage":"fr-FR","potentialAction":[{"@type":"ReadAction","target":["https:\/\/egidimadeinitaly.com\/fr\/negozio\/art-moderne\/tableaux-modernes-fr\/mario-schifano-paysage-televise\/"]}]},{"@type":"ImageObject","inLanguage":"fr-FR","@id":"https:\/\/egidimadeinitaly.com\/fr\/negozio\/art-moderne\/tableaux-modernes-fr\/mario-schifano-paysage-televise\/#primaryimage","url":"https:\/\/egidimadeinitaly.com\/v25\/wp-content\/uploads\/2023\/05\/mario-schifano-opera-autenticata-e1690706319725.jpg","contentUrl":"https:\/\/egidimadeinitaly.com\/v25\/wp-content\/uploads\/2023\/05\/mario-schifano-opera-autenticata-e1690706319725.jpg","width":800,"height":574,"caption":"Mario Schifano \u0152uvre authentifi\u00e9e"},{"@type":"BreadcrumbList","@id":"https:\/\/egidimadeinitaly.com\/fr\/negozio\/art-moderne\/tableaux-modernes-fr\/mario-schifano-paysage-televise\/#breadcrumb","itemListElement":[{"@type":"ListItem","position":1,"name":"Home","item":"https:\/\/egidimadeinitaly.com\/fr\/"},{"@type":"ListItem","position":2,"name":"Produits","item":"https:\/\/egidimadeinitaly.com\/fr\/shop\/"},{"@type":"ListItem","position":3,"name":"Art moderne","item":"https:\/\/egidimadeinitaly.com\/fr\/product-category\/art-moderne\/"},{"@type":"ListItem","position":4,"name":"Tableaux modernes","item":"https:\/\/egidimadeinitaly.com\/fr\/product-category\/art-moderne\/tableaux-modernes-fr\/"},{"@type":"ListItem","position":5,"name":"Mario Schifano Paysage t\u00e9l\u00e9vis\u00e9"}]},{"@type":"WebSite","@id":"https:\/\/egidimadeinitaly.com\/fr\/#website","url":"https:\/\/egidimadeinitaly.com\/fr\/","name":"Egidi MadeinItaly","description":"Fine Art","potentialAction":[{"@type":"SearchAction","target":{"@type":"EntryPoint","urlTemplate":"https:\/\/egidimadeinitaly.com\/fr\/?s={search_term_string}"},"query-input":{"@type":"PropertyValueSpecification","valueRequired":true,"valueName":"search_term_string"}}],"inLanguage":"fr-FR"}]}},"_links":{"self":[{"href":"https:\/\/egidimadeinitaly.com\/fr\/wp-json\/wp\/v2\/product\/115503","targetHints":{"allow":["GET"]}}],"collection":[{"href":"https:\/\/egidimadeinitaly.com\/fr\/wp-json\/wp\/v2\/product"}],"about":[{"href":"https:\/\/egidimadeinitaly.com\/fr\/wp-json\/wp\/v2\/types\/product"}],"wp:featuredmedia":[{"embeddable":true,"href":"https:\/\/egidimadeinitaly.com\/fr\/wp-json\/wp\/v2\/media\/115472"}],"wp:attachment":[{"href":"https:\/\/egidimadeinitaly.com\/fr\/wp-json\/wp\/v2\/media?parent=115503"}],"wp:term":[{"taxonomy":"product_brand","embeddable":true,"href":"https:\/\/egidimadeinitaly.com\/fr\/wp-json\/wp\/v2\/product_brand?post=115503"},{"taxonomy":"product_cat","embeddable":true,"href":"https:\/\/egidimadeinitaly.com\/fr\/wp-json\/wp\/v2\/product_cat?post=115503"},{"taxonomy":"product_tag","embeddable":true,"href":"https:\/\/egidimadeinitaly.com\/fr\/wp-json\/wp\/v2\/product_tag?post=115503"}],"curies":[{"name":"wp","href":"https:\/\/api.w.org\/{rel}","templated":true}]}}