{"id":115188,"date":"2024-02-05T08:45:37","date_gmt":"2024-02-05T07:45:37","guid":{"rendered":"https:\/\/egidimadeinitaly.com\/ecomsite\/?post_type=product&#038;p=115188"},"modified":"2025-10-09T13:27:05","modified_gmt":"2025-10-09T12:27:05","slug":"gaetano-martinez-sculpture-en-bronze","status":"publish","type":"product","link":"https:\/\/egidimadeinitaly.com\/fr\/negozio\/sculpture-fr-2\/sculpture-moderne-fr\/gaetano-martinez-sculpture-en-bronze\/","title":{"rendered":"Gaetano Martinez sculpture en bronze"},"content":{"rendered":"<p>La sculpture repose sur une base carr\u00e9e en marbre.<\/p>\n<p><strong>Gaetano Martinez<\/strong> est n\u00e9 \u00e0 Galatina (Le) en 1892.<\/p>\n<p>Il \u00e9tait sculpteur autodidacte. Martinez participe pour la premi\u00e8re fois \u00e0 la Biennale internationale d&rsquo;art de Venise en 1928, en exposant <em>Lampada senza luce<\/em> (Lampe sans lumi\u00e8re), puis \u00e0 toutes les expositions suivantes jusqu&rsquo;\u00e0 la XXIIIe en 1942, ann\u00e9e o\u00f9 il dispose de sa propre salle.<\/p>\n<p>Il participe \u00e0 la troisi\u00e8me Biennale romaine, avec <em>Fanciulla<\/em> et <em>Il vinto<\/em>, \u00e0 la quatri\u00e8me Quadriennale romaine et \u00e0 de nombreuses autres expositions officielles.<\/p>\n<p><a href=\"https:\/\/storia.camera.it\/arte\/opera\/gaetano-martinez-filippo-turati-1857-1932\/1\" target=\"_blank\" rel=\"noopener\">Son buste en marbre de Filippo Turati est conserv\u00e9 \u00e0 la Chambre des d\u00e9put\u00e9s \u00e0 Rome<\/a>.<\/p>\n<p>Il est d\u00e9c\u00e9d\u00e9 \u00e0 Rome en 1951.<\/p>\n","protected":false},"excerpt":{"rendered":"<p>Jeune femme assise sculpture en bronze sign\u00e9e sur la base <em>Gaetano Martinez Roma<\/em>. Une \u0153uvre que l&rsquo;on peut situer entre les ann\u00e9es 1920 et 1930 du sculpteur de Lecce <strong>Gaetano Martinez<\/strong> (Galatina, LE,1892 &#8211; Rome,1951), qui a pass\u00e9 la plus grande partie de sa vie dans la capitale italienne. Avis \u00e9crit du Prof. Alfonso Panzetta<br \/>\nHistorien de l&rsquo;art &#8211; Acad\u00e9mie des Beaux-Arts de Bologne &#8211; D\u00e9partement de Sculpture<\/p>\n","protected":false},"featured_media":108847,"template":"","meta":{"_acf_changed":false},"product_brand":[],"product_cat":[6417,6421],"product_tag":[1324],"class_list":{"0":"post-115188","1":"product","2":"type-product","3":"status-publish","4":"has-post-thumbnail","6":"product_cat-sculpture-fr-2","7":"product_cat-sculpture-moderne-fr","8":"product_tag-bronzes-fr","10":"first","11":"instock","12":"taxable","13":"shipping-taxable","14":"purchasable","15":"product-type-simple"},"acf":[],"yoast_head":"<!-- This site is optimized with the Yoast SEO Premium plugin v27.3 (Yoast SEO v27.4) - https:\/\/yoast.com\/product\/yoast-seo-premium-wordpress\/ -->\n<title>Gaetano Martinez sculpture en bronze - Egidi MadeinItaly<\/title>\n<meta name=\"description\" content=\"Sculpture en bronze d&#039;art moderne repr\u00e9sentant une jeune fille assise sign\u00e9e Gaetano Martinez Rome en vente sur Egidi MadeinItaly\" \/>\n<meta name=\"robots\" content=\"index, follow, max-snippet:-1, max-image-preview:large, max-video-preview:-1\" \/>\n<link rel=\"canonical\" href=\"https:\/\/egidimadeinitaly.com\/fr\/produit\/sculpture-fr-2\/sculpture-moderne-fr\/gaetano-martinez-sculpture-en-bronze\/\" \/>\n<meta property=\"og:locale\" content=\"fr_FR\" \/>\n<meta property=\"og:type\" content=\"article\" \/>\n<meta property=\"og:title\" content=\"Gaetano Martinez sculpture en bronze\" \/>\n<meta property=\"og:description\" content=\"Jeune femme assise sculpture en bronze sign\u00e9e sur la base Gaetano Martinez Roma. Une \u0153uvre que l&#039;on peut situer entre les ann\u00e9es 1920 et 1930 du sculpteur de Lecce Gaetano Martinez (Galatina, LE,1892 - Rome,1951), qui a pass\u00e9 la plus grande partie de sa vie dans la capitale italienne. Avis \u00e9crit du Prof. Alfonso Panzetta Historien de l&#039;art - Acad\u00e9mie des Beaux-Arts de Bologne - D\u00e9partement de Sculpture\" \/>\n<meta property=\"og:url\" content=\"https:\/\/egidimadeinitaly.com\/fr\/produit\/sculpture-fr-2\/sculpture-moderne-fr\/gaetano-martinez-sculpture-en-bronze\/\" \/>\n<meta property=\"og:site_name\" content=\"Egidi MadeinItaly\" \/>\n<meta property=\"article:publisher\" content=\"https:\/\/www.facebook.com\/egidimadeinitaly\/\" \/>\n<meta property=\"article:modified_time\" content=\"2025-10-09T12:27:05+00:00\" \/>\n<meta property=\"og:image\" content=\"https:\/\/egidimadeinitaly.com\/v25\/wp-content\/uploads\/2022\/04\/22-04-05-Egidi-madeinItaly-23-60-scaled-e1683273307309.jpg\" \/>\n\t<meta property=\"og:image:width\" content=\"900\" \/>\n\t<meta property=\"og:image:height\" content=\"900\" \/>\n\t<meta property=\"og:image:type\" content=\"image\/jpeg\" \/>\n<script type=\"application\/ld+json\" class=\"yoast-schema-graph\">{\"@context\":\"https:\\\/\\\/schema.org\",\"@graph\":[{\"@type\":\"WebPage\",\"@id\":\"https:\\\/\\\/egidimadeinitaly.com\\\/fr\\\/negozio\\\/sculpture-fr-2\\\/sculpture-moderne-fr\\\/gaetano-martinez-sculpture-en-bronze\\\/\",\"url\":\"https:\\\/\\\/egidimadeinitaly.com\\\/fr\\\/produit\\\/sculpture-fr-2\\\/sculpture-moderne-fr\\\/gaetano-martinez-sculpture-en-bronze\\\/\",\"name\":\"Gaetano Martinez sculpture en bronze - Egidi MadeinItaly\",\"isPartOf\":{\"@id\":\"https:\\\/\\\/egidimadeinitaly.com\\\/fr\\\/#website\"},\"primaryImageOfPage\":{\"@id\":\"https:\\\/\\\/egidimadeinitaly.com\\\/fr\\\/produit\\\/sculpture-fr-2\\\/sculpture-moderne-fr\\\/gaetano-martinez-sculpture-en-bronze\\\/#primaryimage\"},\"image\":{\"@id\":\"https:\\\/\\\/egidimadeinitaly.com\\\/fr\\\/produit\\\/sculpture-fr-2\\\/sculpture-moderne-fr\\\/gaetano-martinez-sculpture-en-bronze\\\/#primaryimage\"},\"thumbnailUrl\":\"https:\\\/\\\/egidimadeinitaly.com\\\/v25\\\/wp-content\\\/uploads\\\/2022\\\/04\\\/22-04-05-Egidi-madeinItaly-23-60-scaled-e1683273307309.jpg\",\"datePublished\":\"2024-02-05T07:45:37+00:00\",\"dateModified\":\"2025-10-09T12:27:05+00:00\",\"description\":\"Sculpture en bronze d'art moderne repr\u00e9sentant une jeune fille assise sign\u00e9e Gaetano Martinez Rome en vente sur Egidi MadeinItaly\",\"breadcrumb\":{\"@id\":\"https:\\\/\\\/egidimadeinitaly.com\\\/fr\\\/produit\\\/sculpture-fr-2\\\/sculpture-moderne-fr\\\/gaetano-martinez-sculpture-en-bronze\\\/#breadcrumb\"},\"inLanguage\":\"fr-FR\",\"potentialAction\":[{\"@type\":\"ReadAction\",\"target\":[\"https:\\\/\\\/egidimadeinitaly.com\\\/fr\\\/produit\\\/sculpture-fr-2\\\/sculpture-moderne-fr\\\/gaetano-martinez-sculpture-en-bronze\\\/\"]}]},{\"@type\":\"ImageObject\",\"inLanguage\":\"fr-FR\",\"@id\":\"https:\\\/\\\/egidimadeinitaly.com\\\/fr\\\/produit\\\/sculpture-fr-2\\\/sculpture-moderne-fr\\\/gaetano-martinez-sculpture-en-bronze\\\/#primaryimage\",\"url\":\"https:\\\/\\\/egidimadeinitaly.com\\\/v25\\\/wp-content\\\/uploads\\\/2022\\\/04\\\/22-04-05-Egidi-madeinItaly-23-60-scaled-e1683273307309.jpg\",\"contentUrl\":\"https:\\\/\\\/egidimadeinitaly.com\\\/v25\\\/wp-content\\\/uploads\\\/2022\\\/04\\\/22-04-05-Egidi-madeinItaly-23-60-scaled-e1683273307309.jpg\",\"width\":900,\"height\":900,\"caption\":\"Gaetano Martinez sculpture en bronze\"},{\"@type\":\"BreadcrumbList\",\"@id\":\"https:\\\/\\\/egidimadeinitaly.com\\\/fr\\\/produit\\\/sculpture-fr-2\\\/sculpture-moderne-fr\\\/gaetano-martinez-sculpture-en-bronze\\\/#breadcrumb\",\"itemListElement\":[{\"@type\":\"ListItem\",\"position\":1,\"name\":\"Home\",\"item\":\"https:\\\/\\\/egidimadeinitaly.com\\\/fr\\\/\"},{\"@type\":\"ListItem\",\"position\":2,\"name\":\"Produits\",\"item\":\"https:\\\/\\\/egidimadeinitaly.com\\\/fr\\\/shop\\\/\"},{\"@type\":\"ListItem\",\"position\":3,\"name\":\"Sculpture\",\"item\":\"https:\\\/\\\/egidimadeinitaly.com\\\/fr\\\/product-category\\\/sculpture-fr-2\\\/\"},{\"@type\":\"ListItem\",\"position\":4,\"name\":\"Sculpture moderne\",\"item\":\"https:\\\/\\\/egidimadeinitaly.com\\\/fr\\\/product-category\\\/sculpture-fr-2\\\/sculpture-moderne-fr\\\/\"},{\"@type\":\"ListItem\",\"position\":5,\"name\":\"Gaetano Martinez sculpture en bronze\"}]},{\"@type\":\"WebSite\",\"@id\":\"https:\\\/\\\/egidimadeinitaly.com\\\/fr\\\/#website\",\"url\":\"https:\\\/\\\/egidimadeinitaly.com\\\/fr\\\/\",\"name\":\"Egidi MadeinItaly\",\"description\":\"Fine Art\",\"potentialAction\":[{\"@type\":\"SearchAction\",\"target\":{\"@type\":\"EntryPoint\",\"urlTemplate\":\"https:\\\/\\\/egidimadeinitaly.com\\\/fr\\\/?s={search_term_string}\"},\"query-input\":{\"@type\":\"PropertyValueSpecification\",\"valueRequired\":true,\"valueName\":\"search_term_string\"}}],\"inLanguage\":\"fr-FR\"}]}<\/script>\n<!-- \/ Yoast SEO Premium plugin. -->","yoast_head_json":{"title":"Gaetano Martinez sculpture en bronze - Egidi MadeinItaly","description":"Sculpture en bronze d'art moderne repr\u00e9sentant une jeune fille assise sign\u00e9e Gaetano Martinez Rome en vente sur Egidi MadeinItaly","robots":{"index":"index","follow":"follow","max-snippet":"max-snippet:-1","max-image-preview":"max-image-preview:large","max-video-preview":"max-video-preview:-1"},"canonical":"https:\/\/egidimadeinitaly.com\/fr\/produit\/sculpture-fr-2\/sculpture-moderne-fr\/gaetano-martinez-sculpture-en-bronze\/","og_locale":"fr_FR","og_type":"article","og_title":"Gaetano Martinez sculpture en bronze","og_description":"Jeune femme assise sculpture en bronze sign\u00e9e sur la base Gaetano Martinez Roma. Une \u0153uvre que l'on peut situer entre les ann\u00e9es 1920 et 1930 du sculpteur de Lecce Gaetano Martinez (Galatina, LE,1892 - Rome,1951), qui a pass\u00e9 la plus grande partie de sa vie dans la capitale italienne. Avis \u00e9crit du Prof. Alfonso Panzetta Historien de l'art - Acad\u00e9mie des Beaux-Arts de Bologne - D\u00e9partement de Sculpture","og_url":"https:\/\/egidimadeinitaly.com\/fr\/produit\/sculpture-fr-2\/sculpture-moderne-fr\/gaetano-martinez-sculpture-en-bronze\/","og_site_name":"Egidi MadeinItaly","article_publisher":"https:\/\/www.facebook.com\/egidimadeinitaly\/","article_modified_time":"2025-10-09T12:27:05+00:00","og_image":[{"width":900,"height":900,"url":"https:\/\/egidimadeinitaly.com\/v25\/wp-content\/uploads\/2022\/04\/22-04-05-Egidi-madeinItaly-23-60-scaled-e1683273307309.jpg","type":"image\/jpeg"}],"schema":{"@context":"https:\/\/schema.org","@graph":[{"@type":"WebPage","@id":"https:\/\/egidimadeinitaly.com\/fr\/negozio\/sculpture-fr-2\/sculpture-moderne-fr\/gaetano-martinez-sculpture-en-bronze\/","url":"https:\/\/egidimadeinitaly.com\/fr\/produit\/sculpture-fr-2\/sculpture-moderne-fr\/gaetano-martinez-sculpture-en-bronze\/","name":"Gaetano Martinez sculpture en bronze - Egidi MadeinItaly","isPartOf":{"@id":"https:\/\/egidimadeinitaly.com\/fr\/#website"},"primaryImageOfPage":{"@id":"https:\/\/egidimadeinitaly.com\/fr\/produit\/sculpture-fr-2\/sculpture-moderne-fr\/gaetano-martinez-sculpture-en-bronze\/#primaryimage"},"image":{"@id":"https:\/\/egidimadeinitaly.com\/fr\/produit\/sculpture-fr-2\/sculpture-moderne-fr\/gaetano-martinez-sculpture-en-bronze\/#primaryimage"},"thumbnailUrl":"https:\/\/egidimadeinitaly.com\/v25\/wp-content\/uploads\/2022\/04\/22-04-05-Egidi-madeinItaly-23-60-scaled-e1683273307309.jpg","datePublished":"2024-02-05T07:45:37+00:00","dateModified":"2025-10-09T12:27:05+00:00","description":"Sculpture en bronze d'art moderne repr\u00e9sentant une jeune fille assise sign\u00e9e Gaetano Martinez Rome en vente sur Egidi MadeinItaly","breadcrumb":{"@id":"https:\/\/egidimadeinitaly.com\/fr\/produit\/sculpture-fr-2\/sculpture-moderne-fr\/gaetano-martinez-sculpture-en-bronze\/#breadcrumb"},"inLanguage":"fr-FR","potentialAction":[{"@type":"ReadAction","target":["https:\/\/egidimadeinitaly.com\/fr\/produit\/sculpture-fr-2\/sculpture-moderne-fr\/gaetano-martinez-sculpture-en-bronze\/"]}]},{"@type":"ImageObject","inLanguage":"fr-FR","@id":"https:\/\/egidimadeinitaly.com\/fr\/produit\/sculpture-fr-2\/sculpture-moderne-fr\/gaetano-martinez-sculpture-en-bronze\/#primaryimage","url":"https:\/\/egidimadeinitaly.com\/v25\/wp-content\/uploads\/2022\/04\/22-04-05-Egidi-madeinItaly-23-60-scaled-e1683273307309.jpg","contentUrl":"https:\/\/egidimadeinitaly.com\/v25\/wp-content\/uploads\/2022\/04\/22-04-05-Egidi-madeinItaly-23-60-scaled-e1683273307309.jpg","width":900,"height":900,"caption":"Gaetano Martinez sculpture en bronze"},{"@type":"BreadcrumbList","@id":"https:\/\/egidimadeinitaly.com\/fr\/produit\/sculpture-fr-2\/sculpture-moderne-fr\/gaetano-martinez-sculpture-en-bronze\/#breadcrumb","itemListElement":[{"@type":"ListItem","position":1,"name":"Home","item":"https:\/\/egidimadeinitaly.com\/fr\/"},{"@type":"ListItem","position":2,"name":"Produits","item":"https:\/\/egidimadeinitaly.com\/fr\/shop\/"},{"@type":"ListItem","position":3,"name":"Sculpture","item":"https:\/\/egidimadeinitaly.com\/fr\/product-category\/sculpture-fr-2\/"},{"@type":"ListItem","position":4,"name":"Sculpture moderne","item":"https:\/\/egidimadeinitaly.com\/fr\/product-category\/sculpture-fr-2\/sculpture-moderne-fr\/"},{"@type":"ListItem","position":5,"name":"Gaetano Martinez sculpture en bronze"}]},{"@type":"WebSite","@id":"https:\/\/egidimadeinitaly.com\/fr\/#website","url":"https:\/\/egidimadeinitaly.com\/fr\/","name":"Egidi MadeinItaly","description":"Fine Art","potentialAction":[{"@type":"SearchAction","target":{"@type":"EntryPoint","urlTemplate":"https:\/\/egidimadeinitaly.com\/fr\/?s={search_term_string}"},"query-input":{"@type":"PropertyValueSpecification","valueRequired":true,"valueName":"search_term_string"}}],"inLanguage":"fr-FR"}]}},"_links":{"self":[{"href":"https:\/\/egidimadeinitaly.com\/fr\/wp-json\/wp\/v2\/product\/115188","targetHints":{"allow":["GET"]}}],"collection":[{"href":"https:\/\/egidimadeinitaly.com\/fr\/wp-json\/wp\/v2\/product"}],"about":[{"href":"https:\/\/egidimadeinitaly.com\/fr\/wp-json\/wp\/v2\/types\/product"}],"wp:featuredmedia":[{"embeddable":true,"href":"https:\/\/egidimadeinitaly.com\/fr\/wp-json\/wp\/v2\/media\/108847"}],"wp:attachment":[{"href":"https:\/\/egidimadeinitaly.com\/fr\/wp-json\/wp\/v2\/media?parent=115188"}],"wp:term":[{"taxonomy":"product_brand","embeddable":true,"href":"https:\/\/egidimadeinitaly.com\/fr\/wp-json\/wp\/v2\/product_brand?post=115188"},{"taxonomy":"product_cat","embeddable":true,"href":"https:\/\/egidimadeinitaly.com\/fr\/wp-json\/wp\/v2\/product_cat?post=115188"},{"taxonomy":"product_tag","embeddable":true,"href":"https:\/\/egidimadeinitaly.com\/fr\/wp-json\/wp\/v2\/product_tag?post=115188"}],"curies":[{"name":"wp","href":"https:\/\/api.w.org\/{rel}","templated":true}]}}