{"id":114855,"date":"2023-04-12T11:41:09","date_gmt":"2023-04-12T10:41:09","guid":{"rendered":"https:\/\/egidimadeinitaly.com\/ecomsite\/?post_type=product&#038;p=114855"},"modified":"2024-12-02T11:54:51","modified_gmt":"2024-12-02T10:54:51","slug":"giuseppe-solenghi-peinture","status":"publish","type":"product","link":"https:\/\/egidimadeinitaly.com\/fr\/negozio\/art-ancien\/tableaux-anciens-fr\/giuseppe-solenghi-peinture\/","title":{"rendered":"Giuseppe Solenghi Peinture"},"content":{"rendered":"<p>Le tableau est enrichi d&rsquo;un merveilleux cadre lombard en bois noir dit <em>guilloch\u00e9e<\/em>.<\/p>\n<p>Milan est l&rsquo;un des sujets pr\u00e9f\u00e9r\u00e9s du peintre <strong>Giuseppe Solenghi<\/strong>.<\/p>\n<p>&nbsp;<\/p>\n","protected":false},"excerpt":{"rendered":"<p>Peinture sur panneau titr\u00e9e <em>Brumista al posteggio (cocher \u00e0 la poste) <\/em>Milan sous la pluie avec le Duomo en arri\u00e8re plan. Sign\u00e9 <strong>Giuseppe Solenghi<\/strong> (Milan 1878- Cernobbio 1944).<\/p>\n<p>Le <em>brumista<\/em> (en dialecte milanais El Brumista) \u00e9tait le conducteur de cal\u00e8che, un m\u00e9tier qui a disparu \u00e0 la fin des ann\u00e9es 1930. Le nom d\u00e9rive de Lord Brougham, qui avait fait construire une voiture ferm\u00e9e avec chauffeur pour son usage personnel. <em>Brum<\/em>, en milanais, \u00e9tait la lampe qui \u00e9tait plac\u00e9e sur les voitures pour \u00e9clairer les rues.<\/p>\n<p>Le catalogue du produit contient une autre <a href=\"https:\/\/egidimadeinitaly.com\/ecomsite\/fr\/produit\/art-ancien\/tableaux-anciens-fr\/giuseppe-solenghi-tableau-sur-panneau\/\">peinture<\/a> de <strong>Giuseppe Solenghi<\/strong>.<\/p>\n","protected":false},"featured_media":114828,"template":"","meta":{"_acf_changed":false},"product_brand":[],"product_cat":[6374,6408],"product_tag":[5645,5361,5306,5443],"class_list":{"0":"post-114855","1":"product","2":"type-product","3":"status-publish","4":"has-post-thumbnail","6":"product_cat-art-ancien","7":"product_cat-tableaux-anciens-fr","8":"product_tag-art-abstrait","9":"product_tag-decoration-murale","10":"product_tag-objets-de-collection","11":"product_tag-xixeme-siecle","13":"first","14":"outofstock","15":"taxable","16":"shipping-taxable","17":"product-type-simple"},"acf":[],"yoast_head":"<!-- This site is optimized with the Yoast SEO Premium plugin v27.3 (Yoast SEO v27.4) - https:\/\/yoast.com\/product\/yoast-seo-premium-wordpress\/ -->\n<title>Giuseppe Solenghi Peinture - Egidi MadeinItaly<\/title>\n<meta name=\"description\" content=\"Giuseppe Solenghi peinture ancienne sc\u00e8ne classique Milan sous la pluie avec cocher au stand de cal\u00e8ches Venez d\u00e9couvrir plus sur Egidi MadeinItaly\" \/>\n<meta name=\"robots\" content=\"index, follow, max-snippet:-1, max-image-preview:large, max-video-preview:-1\" \/>\n<link rel=\"canonical\" href=\"https:\/\/egidimadeinitaly.com\/fr\/produit\/art-ancien\/tableaux-anciens-fr\/giuseppe-solenghi-peinture\/\" \/>\n<meta property=\"og:locale\" content=\"fr_FR\" \/>\n<meta property=\"og:type\" content=\"article\" \/>\n<meta property=\"og:title\" content=\"Giuseppe Solenghi Peinture\" \/>\n<meta property=\"og:description\" content=\"Peinture sur panneau titr\u00e9e Brumista al posteggio (cocher \u00e0 la poste) Milan sous la pluie avec le Duomo en arri\u00e8re plan. Sign\u00e9 Giuseppe Solenghi (Milan 1878- Cernobbio 1944).  Le brumista (en dialecte milanais El Brumista) \u00e9tait le conducteur de cal\u00e8che, un m\u00e9tier qui a disparu \u00e0 la fin des ann\u00e9es 1930. Le nom d\u00e9rive de Lord Brougham, qui avait fait construire une voiture ferm\u00e9e avec chauffeur pour son usage personnel. Brum, en milanais, \u00e9tait la lampe qui \u00e9tait plac\u00e9e sur les voitures pour \u00e9clairer les rues.  Le catalogue du produit contient une autre peinture de Giuseppe Solenghi.\" \/>\n<meta property=\"og:url\" content=\"https:\/\/egidimadeinitaly.com\/fr\/produit\/art-ancien\/tableaux-anciens-fr\/giuseppe-solenghi-peinture\/\" \/>\n<meta property=\"og:site_name\" content=\"Egidi MadeinItaly\" \/>\n<meta property=\"article:publisher\" content=\"https:\/\/www.facebook.com\/egidimadeinitaly\/\" \/>\n<meta property=\"article:modified_time\" content=\"2024-12-02T10:54:51+00:00\" \/>\n<meta property=\"og:image\" content=\"https:\/\/egidimadeinitaly.com\/wp-content\/uploads\/2023\/04\/2023-01-19-Egidi-madeinItaly-29-31-scaled-e1681295596229.jpg\" \/>\n\t<meta property=\"og:image:width\" content=\"900\" \/>\n\t<meta property=\"og:image:height\" content=\"900\" \/>\n\t<meta property=\"og:image:type\" content=\"image\/jpeg\" \/>\n<script type=\"application\/ld+json\" class=\"yoast-schema-graph\">{\"@context\":\"https:\\\/\\\/schema.org\",\"@graph\":[{\"@type\":\"WebPage\",\"@id\":\"https:\\\/\\\/egidimadeinitaly.com\\\/fr\\\/negozio\\\/art-ancien\\\/tableaux-anciens-fr\\\/giuseppe-solenghi-peinture\\\/\",\"url\":\"https:\\\/\\\/egidimadeinitaly.com\\\/fr\\\/produit\\\/art-ancien\\\/tableaux-anciens-fr\\\/giuseppe-solenghi-peinture\\\/\",\"name\":\"Giuseppe Solenghi Peinture - Egidi MadeinItaly\",\"isPartOf\":{\"@id\":\"https:\\\/\\\/egidimadeinitaly.com\\\/fr\\\/#website\"},\"primaryImageOfPage\":{\"@id\":\"https:\\\/\\\/egidimadeinitaly.com\\\/fr\\\/produit\\\/art-ancien\\\/tableaux-anciens-fr\\\/giuseppe-solenghi-peinture\\\/#primaryimage\"},\"image\":{\"@id\":\"https:\\\/\\\/egidimadeinitaly.com\\\/fr\\\/produit\\\/art-ancien\\\/tableaux-anciens-fr\\\/giuseppe-solenghi-peinture\\\/#primaryimage\"},\"thumbnailUrl\":\"https:\\\/\\\/egidimadeinitaly.com\\\/v25\\\/wp-content\\\/uploads\\\/2023\\\/04\\\/2023-01-19-Egidi-madeinItaly-29-31-scaled-e1681295596229.jpg\",\"datePublished\":\"2023-04-12T10:41:09+00:00\",\"dateModified\":\"2024-12-02T10:54:51+00:00\",\"description\":\"Giuseppe Solenghi peinture ancienne sc\u00e8ne classique Milan sous la pluie avec cocher au stand de cal\u00e8ches Venez d\u00e9couvrir plus sur Egidi MadeinItaly\",\"breadcrumb\":{\"@id\":\"https:\\\/\\\/egidimadeinitaly.com\\\/fr\\\/produit\\\/art-ancien\\\/tableaux-anciens-fr\\\/giuseppe-solenghi-peinture\\\/#breadcrumb\"},\"inLanguage\":\"fr-FR\",\"potentialAction\":[{\"@type\":\"ReadAction\",\"target\":[\"https:\\\/\\\/egidimadeinitaly.com\\\/fr\\\/produit\\\/art-ancien\\\/tableaux-anciens-fr\\\/giuseppe-solenghi-peinture\\\/\"]}]},{\"@type\":\"ImageObject\",\"inLanguage\":\"fr-FR\",\"@id\":\"https:\\\/\\\/egidimadeinitaly.com\\\/fr\\\/produit\\\/art-ancien\\\/tableaux-anciens-fr\\\/giuseppe-solenghi-peinture\\\/#primaryimage\",\"url\":\"https:\\\/\\\/egidimadeinitaly.com\\\/v25\\\/wp-content\\\/uploads\\\/2023\\\/04\\\/2023-01-19-Egidi-madeinItaly-29-31-scaled-e1681295596229.jpg\",\"contentUrl\":\"https:\\\/\\\/egidimadeinitaly.com\\\/v25\\\/wp-content\\\/uploads\\\/2023\\\/04\\\/2023-01-19-Egidi-madeinItaly-29-31-scaled-e1681295596229.jpg\",\"width\":900,\"height\":900,\"caption\":\"Giuseppe Solenghi Peinture 19\u00e8me si\u00e8cle\"},{\"@type\":\"BreadcrumbList\",\"@id\":\"https:\\\/\\\/egidimadeinitaly.com\\\/fr\\\/produit\\\/art-ancien\\\/tableaux-anciens-fr\\\/giuseppe-solenghi-peinture\\\/#breadcrumb\",\"itemListElement\":[{\"@type\":\"ListItem\",\"position\":1,\"name\":\"Home\",\"item\":\"https:\\\/\\\/egidimadeinitaly.com\\\/fr\\\/\"},{\"@type\":\"ListItem\",\"position\":2,\"name\":\"Produits\",\"item\":\"https:\\\/\\\/egidimadeinitaly.com\\\/fr\\\/shop\\\/\"},{\"@type\":\"ListItem\",\"position\":3,\"name\":\"Art ancien\",\"item\":\"https:\\\/\\\/egidimadeinitaly.com\\\/fr\\\/product-category\\\/art-ancien\\\/\"},{\"@type\":\"ListItem\",\"position\":4,\"name\":\"Tableaux anciens\",\"item\":\"https:\\\/\\\/egidimadeinitaly.com\\\/fr\\\/product-category\\\/art-ancien\\\/tableaux-anciens-fr\\\/\"},{\"@type\":\"ListItem\",\"position\":5,\"name\":\"Giuseppe Solenghi Peinture\"}]},{\"@type\":\"WebSite\",\"@id\":\"https:\\\/\\\/egidimadeinitaly.com\\\/fr\\\/#website\",\"url\":\"https:\\\/\\\/egidimadeinitaly.com\\\/fr\\\/\",\"name\":\"Egidi MadeinItaly\",\"description\":\"Fine Art\",\"potentialAction\":[{\"@type\":\"SearchAction\",\"target\":{\"@type\":\"EntryPoint\",\"urlTemplate\":\"https:\\\/\\\/egidimadeinitaly.com\\\/fr\\\/?s={search_term_string}\"},\"query-input\":{\"@type\":\"PropertyValueSpecification\",\"valueRequired\":true,\"valueName\":\"search_term_string\"}}],\"inLanguage\":\"fr-FR\"}]}<\/script>\n<!-- \/ Yoast SEO Premium plugin. -->","yoast_head_json":{"title":"Giuseppe Solenghi Peinture - Egidi MadeinItaly","description":"Giuseppe Solenghi peinture ancienne sc\u00e8ne classique Milan sous la pluie avec cocher au stand de cal\u00e8ches Venez d\u00e9couvrir plus sur Egidi MadeinItaly","robots":{"index":"index","follow":"follow","max-snippet":"max-snippet:-1","max-image-preview":"max-image-preview:large","max-video-preview":"max-video-preview:-1"},"canonical":"https:\/\/egidimadeinitaly.com\/fr\/produit\/art-ancien\/tableaux-anciens-fr\/giuseppe-solenghi-peinture\/","og_locale":"fr_FR","og_type":"article","og_title":"Giuseppe Solenghi Peinture","og_description":"Peinture sur panneau titr\u00e9e Brumista al posteggio (cocher \u00e0 la poste) Milan sous la pluie avec le Duomo en arri\u00e8re plan. Sign\u00e9 Giuseppe Solenghi (Milan 1878- Cernobbio 1944).  Le brumista (en dialecte milanais El Brumista) \u00e9tait le conducteur de cal\u00e8che, un m\u00e9tier qui a disparu \u00e0 la fin des ann\u00e9es 1930. Le nom d\u00e9rive de Lord Brougham, qui avait fait construire une voiture ferm\u00e9e avec chauffeur pour son usage personnel. Brum, en milanais, \u00e9tait la lampe qui \u00e9tait plac\u00e9e sur les voitures pour \u00e9clairer les rues.  Le catalogue du produit contient une autre peinture de Giuseppe Solenghi.","og_url":"https:\/\/egidimadeinitaly.com\/fr\/produit\/art-ancien\/tableaux-anciens-fr\/giuseppe-solenghi-peinture\/","og_site_name":"Egidi MadeinItaly","article_publisher":"https:\/\/www.facebook.com\/egidimadeinitaly\/","article_modified_time":"2024-12-02T10:54:51+00:00","og_image":[{"width":900,"height":900,"url":"https:\/\/egidimadeinitaly.com\/wp-content\/uploads\/2023\/04\/2023-01-19-Egidi-madeinItaly-29-31-scaled-e1681295596229.jpg","type":"image\/jpeg"}],"schema":{"@context":"https:\/\/schema.org","@graph":[{"@type":"WebPage","@id":"https:\/\/egidimadeinitaly.com\/fr\/negozio\/art-ancien\/tableaux-anciens-fr\/giuseppe-solenghi-peinture\/","url":"https:\/\/egidimadeinitaly.com\/fr\/produit\/art-ancien\/tableaux-anciens-fr\/giuseppe-solenghi-peinture\/","name":"Giuseppe Solenghi Peinture - Egidi MadeinItaly","isPartOf":{"@id":"https:\/\/egidimadeinitaly.com\/fr\/#website"},"primaryImageOfPage":{"@id":"https:\/\/egidimadeinitaly.com\/fr\/produit\/art-ancien\/tableaux-anciens-fr\/giuseppe-solenghi-peinture\/#primaryimage"},"image":{"@id":"https:\/\/egidimadeinitaly.com\/fr\/produit\/art-ancien\/tableaux-anciens-fr\/giuseppe-solenghi-peinture\/#primaryimage"},"thumbnailUrl":"https:\/\/egidimadeinitaly.com\/v25\/wp-content\/uploads\/2023\/04\/2023-01-19-Egidi-madeinItaly-29-31-scaled-e1681295596229.jpg","datePublished":"2023-04-12T10:41:09+00:00","dateModified":"2024-12-02T10:54:51+00:00","description":"Giuseppe Solenghi peinture ancienne sc\u00e8ne classique Milan sous la pluie avec cocher au stand de cal\u00e8ches Venez d\u00e9couvrir plus sur Egidi MadeinItaly","breadcrumb":{"@id":"https:\/\/egidimadeinitaly.com\/fr\/produit\/art-ancien\/tableaux-anciens-fr\/giuseppe-solenghi-peinture\/#breadcrumb"},"inLanguage":"fr-FR","potentialAction":[{"@type":"ReadAction","target":["https:\/\/egidimadeinitaly.com\/fr\/produit\/art-ancien\/tableaux-anciens-fr\/giuseppe-solenghi-peinture\/"]}]},{"@type":"ImageObject","inLanguage":"fr-FR","@id":"https:\/\/egidimadeinitaly.com\/fr\/produit\/art-ancien\/tableaux-anciens-fr\/giuseppe-solenghi-peinture\/#primaryimage","url":"https:\/\/egidimadeinitaly.com\/v25\/wp-content\/uploads\/2023\/04\/2023-01-19-Egidi-madeinItaly-29-31-scaled-e1681295596229.jpg","contentUrl":"https:\/\/egidimadeinitaly.com\/v25\/wp-content\/uploads\/2023\/04\/2023-01-19-Egidi-madeinItaly-29-31-scaled-e1681295596229.jpg","width":900,"height":900,"caption":"Giuseppe Solenghi Peinture 19\u00e8me si\u00e8cle"},{"@type":"BreadcrumbList","@id":"https:\/\/egidimadeinitaly.com\/fr\/produit\/art-ancien\/tableaux-anciens-fr\/giuseppe-solenghi-peinture\/#breadcrumb","itemListElement":[{"@type":"ListItem","position":1,"name":"Home","item":"https:\/\/egidimadeinitaly.com\/fr\/"},{"@type":"ListItem","position":2,"name":"Produits","item":"https:\/\/egidimadeinitaly.com\/fr\/shop\/"},{"@type":"ListItem","position":3,"name":"Art ancien","item":"https:\/\/egidimadeinitaly.com\/fr\/product-category\/art-ancien\/"},{"@type":"ListItem","position":4,"name":"Tableaux anciens","item":"https:\/\/egidimadeinitaly.com\/fr\/product-category\/art-ancien\/tableaux-anciens-fr\/"},{"@type":"ListItem","position":5,"name":"Giuseppe Solenghi Peinture"}]},{"@type":"WebSite","@id":"https:\/\/egidimadeinitaly.com\/fr\/#website","url":"https:\/\/egidimadeinitaly.com\/fr\/","name":"Egidi MadeinItaly","description":"Fine Art","potentialAction":[{"@type":"SearchAction","target":{"@type":"EntryPoint","urlTemplate":"https:\/\/egidimadeinitaly.com\/fr\/?s={search_term_string}"},"query-input":{"@type":"PropertyValueSpecification","valueRequired":true,"valueName":"search_term_string"}}],"inLanguage":"fr-FR"}]}},"_links":{"self":[{"href":"https:\/\/egidimadeinitaly.com\/fr\/wp-json\/wp\/v2\/product\/114855","targetHints":{"allow":["GET"]}}],"collection":[{"href":"https:\/\/egidimadeinitaly.com\/fr\/wp-json\/wp\/v2\/product"}],"about":[{"href":"https:\/\/egidimadeinitaly.com\/fr\/wp-json\/wp\/v2\/types\/product"}],"wp:featuredmedia":[{"embeddable":true,"href":"https:\/\/egidimadeinitaly.com\/fr\/wp-json\/wp\/v2\/media\/114828"}],"wp:attachment":[{"href":"https:\/\/egidimadeinitaly.com\/fr\/wp-json\/wp\/v2\/media?parent=114855"}],"wp:term":[{"taxonomy":"product_brand","embeddable":true,"href":"https:\/\/egidimadeinitaly.com\/fr\/wp-json\/wp\/v2\/product_brand?post=114855"},{"taxonomy":"product_cat","embeddable":true,"href":"https:\/\/egidimadeinitaly.com\/fr\/wp-json\/wp\/v2\/product_cat?post=114855"},{"taxonomy":"product_tag","embeddable":true,"href":"https:\/\/egidimadeinitaly.com\/fr\/wp-json\/wp\/v2\/product_tag?post=114855"}],"curies":[{"name":"wp","href":"https:\/\/api.w.org\/{rel}","templated":true}]}}