{"id":114815,"date":"2023-04-06T16:36:15","date_gmt":"2023-04-06T15:36:15","guid":{"rendered":"https:\/\/egidimadeinitaly.com\/ecomsite\/?post_type=product&#038;p=114815"},"modified":"2025-09-29T12:42:32","modified_gmt":"2025-09-29T11:42:32","slug":"ettore-roesler-franz-aquarelle","status":"publish","type":"product","link":"https:\/\/egidimadeinitaly.com\/fr\/negozio\/art-ancien\/ettore-roesler-franz-aquarelle\/","title":{"rendered":"Ettore Roesler Franz aquarelle"},"content":{"rendered":"<p>En 1875, Ettore Roesler Franz et Nazareno Cipriani cr\u00e9ent \u00e0 Rome la Soci\u00e9t\u00e9 des aquarellistes romains.<\/p>\n<p>Cette association comprend \u00e9galement les peintres Dante Ricci, Pio Joris, Enrico Colemen, Giuseppe Carosi et Onorato Carlandi. Leur intention \u00e9tait de mettre en commun de nouveaux programmes, id\u00e9es et techniques pour repr\u00e9senter les \u00e9tendues de la campagne romaine en plein air.<\/p>\n","protected":false},"excerpt":{"rendered":"<p>Aquarelle repr\u00e9sentant une terrasse de la Villa d&rsquo;Este Tivoli, sign\u00e9e E. Roesler Franz Rome 1901.<\/p>\n<p>L&rsquo;\u0153uvre est enrichie d&rsquo;un cadre en bois dor\u00e9 et prot\u00e9g\u00e9e par une vitre.<\/p>\n","protected":false},"featured_media":114811,"template":"","meta":{"_acf_changed":false},"product_brand":[],"product_cat":[6374],"product_tag":[5732,5306,6467,5457,2610],"class_list":{"0":"post-114815","1":"product","2":"type-product","3":"status-publish","4":"has-post-thumbnail","6":"product_cat-art-ancien","7":"product_tag-beaux-arts-fr","8":"product_tag-objets-de-collection","9":"product_tag-paysage-fr","10":"product_tag-paysage","11":"product_tag-xx-siecle","13":"first","14":"outofstock","15":"taxable","16":"shipping-taxable","17":"product-type-simple"},"acf":[],"yoast_head":"<!-- This site is optimized with the Yoast SEO Premium plugin v27.3 (Yoast SEO v27.4) - https:\/\/yoast.com\/product\/yoast-seo-premium-wordpress\/ -->\n<title>Ettore Roesler Franz aquarelle - Egidi MadeinItaly<\/title>\n<meta name=\"description\" content=\"Ettore Roesler Franz aquarelle vue de la terrasse de la Villa d&#039;Este Tivoli oeuvre d\u2019art ancienne en vente sur Egidi MadeinItaly ecommerce\" \/>\n<meta name=\"robots\" content=\"index, follow, max-snippet:-1, max-image-preview:large, max-video-preview:-1\" \/>\n<link rel=\"canonical\" href=\"https:\/\/egidimadeinitaly.com\/fr\/negozio\/art-ancien\/oeuvres-anciennes-sur-papier-fr\/ettore-roesler-franz-aquarelle\/\" \/>\n<meta property=\"og:locale\" content=\"fr_FR\" \/>\n<meta property=\"og:type\" content=\"article\" \/>\n<meta property=\"og:title\" content=\"Ettore Roesler Franz aquarelle\" \/>\n<meta property=\"og:description\" content=\"Aquarelle repr\u00e9sentant une terrasse de la Villa d&#039;Este Tivoli, sign\u00e9e E. Roesler Franz Rome 1901.  L&#039;\u0153uvre est enrichie d&#039;un cadre en bois dor\u00e9 et prot\u00e9g\u00e9e par une vitre.\" \/>\n<meta property=\"og:url\" content=\"https:\/\/egidimadeinitaly.com\/fr\/negozio\/art-ancien\/oeuvres-anciennes-sur-papier-fr\/ettore-roesler-franz-aquarelle\/\" \/>\n<meta property=\"og:site_name\" content=\"Egidi MadeinItaly\" \/>\n<meta property=\"article:publisher\" content=\"https:\/\/www.facebook.com\/egidimadeinitaly\/\" \/>\n<meta property=\"article:modified_time\" content=\"2025-09-29T11:42:32+00:00\" \/>\n<meta property=\"og:image\" content=\"https:\/\/egidimadeinitaly.com\/v25\/wp-content\/uploads\/2023\/04\/Ettore-Roesler-Franz-Villa-dEste-e1682681372885.jpg\" \/>\n\t<meta property=\"og:image:width\" content=\"900\" \/>\n\t<meta property=\"og:image:height\" content=\"900\" \/>\n\t<meta property=\"og:image:type\" content=\"image\/jpeg\" \/>\n<script type=\"application\/ld+json\" class=\"yoast-schema-graph\">{\"@context\":\"https:\\\/\\\/schema.org\",\"@graph\":[{\"@type\":\"WebPage\",\"@id\":\"https:\\\/\\\/egidimadeinitaly.com\\\/fr\\\/negozio\\\/art-ancien\\\/ettore-roesler-franz-aquarelle\\\/\",\"url\":\"https:\\\/\\\/egidimadeinitaly.com\\\/fr\\\/negozio\\\/art-ancien\\\/oeuvres-anciennes-sur-papier-fr\\\/ettore-roesler-franz-aquarelle\\\/\",\"name\":\"Ettore Roesler Franz aquarelle - Egidi MadeinItaly\",\"isPartOf\":{\"@id\":\"https:\\\/\\\/egidimadeinitaly.com\\\/fr\\\/#website\"},\"primaryImageOfPage\":{\"@id\":\"https:\\\/\\\/egidimadeinitaly.com\\\/fr\\\/negozio\\\/art-ancien\\\/oeuvres-anciennes-sur-papier-fr\\\/ettore-roesler-franz-aquarelle\\\/#primaryimage\"},\"image\":{\"@id\":\"https:\\\/\\\/egidimadeinitaly.com\\\/fr\\\/negozio\\\/art-ancien\\\/oeuvres-anciennes-sur-papier-fr\\\/ettore-roesler-franz-aquarelle\\\/#primaryimage\"},\"thumbnailUrl\":\"https:\\\/\\\/egidimadeinitaly.com\\\/v25\\\/wp-content\\\/uploads\\\/2023\\\/04\\\/Ettore-Roesler-Franz-Villa-dEste-e1682681372885.jpg\",\"datePublished\":\"2023-04-06T15:36:15+00:00\",\"dateModified\":\"2025-09-29T11:42:32+00:00\",\"description\":\"Ettore Roesler Franz aquarelle vue de la terrasse de la Villa d'Este Tivoli oeuvre d\u2019art ancienne en vente sur Egidi MadeinItaly ecommerce\",\"breadcrumb\":{\"@id\":\"https:\\\/\\\/egidimadeinitaly.com\\\/fr\\\/negozio\\\/art-ancien\\\/oeuvres-anciennes-sur-papier-fr\\\/ettore-roesler-franz-aquarelle\\\/#breadcrumb\"},\"inLanguage\":\"fr-FR\",\"potentialAction\":[{\"@type\":\"ReadAction\",\"target\":[\"https:\\\/\\\/egidimadeinitaly.com\\\/fr\\\/negozio\\\/art-ancien\\\/oeuvres-anciennes-sur-papier-fr\\\/ettore-roesler-franz-aquarelle\\\/\"]}]},{\"@type\":\"ImageObject\",\"inLanguage\":\"fr-FR\",\"@id\":\"https:\\\/\\\/egidimadeinitaly.com\\\/fr\\\/negozio\\\/art-ancien\\\/oeuvres-anciennes-sur-papier-fr\\\/ettore-roesler-franz-aquarelle\\\/#primaryimage\",\"url\":\"https:\\\/\\\/egidimadeinitaly.com\\\/v25\\\/wp-content\\\/uploads\\\/2023\\\/04\\\/Ettore-Roesler-Franz-Villa-dEste-e1682681372885.jpg\",\"contentUrl\":\"https:\\\/\\\/egidimadeinitaly.com\\\/v25\\\/wp-content\\\/uploads\\\/2023\\\/04\\\/Ettore-Roesler-Franz-Villa-dEste-e1682681372885.jpg\",\"width\":900,\"height\":900,\"caption\":\"Terrazza a Villa d'Este Tivoli E. Roesler Franz\"},{\"@type\":\"BreadcrumbList\",\"@id\":\"https:\\\/\\\/egidimadeinitaly.com\\\/fr\\\/negozio\\\/art-ancien\\\/oeuvres-anciennes-sur-papier-fr\\\/ettore-roesler-franz-aquarelle\\\/#breadcrumb\",\"itemListElement\":[{\"@type\":\"ListItem\",\"position\":1,\"name\":\"Home\",\"item\":\"https:\\\/\\\/egidimadeinitaly.com\\\/fr\\\/\"},{\"@type\":\"ListItem\",\"position\":2,\"name\":\"Produits\",\"item\":\"https:\\\/\\\/egidimadeinitaly.com\\\/fr\\\/shop\\\/\"},{\"@type\":\"ListItem\",\"position\":3,\"name\":\"Art ancien\",\"item\":\"https:\\\/\\\/egidimadeinitaly.com\\\/fr\\\/product-category\\\/art-ancien\\\/\"},{\"@type\":\"ListItem\",\"position\":4,\"name\":\"Ettore Roesler Franz aquarelle\"}]},{\"@type\":\"WebSite\",\"@id\":\"https:\\\/\\\/egidimadeinitaly.com\\\/fr\\\/#website\",\"url\":\"https:\\\/\\\/egidimadeinitaly.com\\\/fr\\\/\",\"name\":\"Egidi MadeinItaly\",\"description\":\"Fine Art\",\"potentialAction\":[{\"@type\":\"SearchAction\",\"target\":{\"@type\":\"EntryPoint\",\"urlTemplate\":\"https:\\\/\\\/egidimadeinitaly.com\\\/fr\\\/?s={search_term_string}\"},\"query-input\":{\"@type\":\"PropertyValueSpecification\",\"valueRequired\":true,\"valueName\":\"search_term_string\"}}],\"inLanguage\":\"fr-FR\"}]}<\/script>\n<!-- \/ Yoast SEO Premium plugin. -->","yoast_head_json":{"title":"Ettore Roesler Franz aquarelle - Egidi MadeinItaly","description":"Ettore Roesler Franz aquarelle vue de la terrasse de la Villa d'Este Tivoli oeuvre d\u2019art ancienne en vente sur Egidi MadeinItaly ecommerce","robots":{"index":"index","follow":"follow","max-snippet":"max-snippet:-1","max-image-preview":"max-image-preview:large","max-video-preview":"max-video-preview:-1"},"canonical":"https:\/\/egidimadeinitaly.com\/fr\/negozio\/art-ancien\/oeuvres-anciennes-sur-papier-fr\/ettore-roesler-franz-aquarelle\/","og_locale":"fr_FR","og_type":"article","og_title":"Ettore Roesler Franz aquarelle","og_description":"Aquarelle repr\u00e9sentant une terrasse de la Villa d'Este Tivoli, sign\u00e9e E. Roesler Franz Rome 1901.  L'\u0153uvre est enrichie d'un cadre en bois dor\u00e9 et prot\u00e9g\u00e9e par une vitre.","og_url":"https:\/\/egidimadeinitaly.com\/fr\/negozio\/art-ancien\/oeuvres-anciennes-sur-papier-fr\/ettore-roesler-franz-aquarelle\/","og_site_name":"Egidi MadeinItaly","article_publisher":"https:\/\/www.facebook.com\/egidimadeinitaly\/","article_modified_time":"2025-09-29T11:42:32+00:00","og_image":[{"width":900,"height":900,"url":"https:\/\/egidimadeinitaly.com\/v25\/wp-content\/uploads\/2023\/04\/Ettore-Roesler-Franz-Villa-dEste-e1682681372885.jpg","type":"image\/jpeg"}],"schema":{"@context":"https:\/\/schema.org","@graph":[{"@type":"WebPage","@id":"https:\/\/egidimadeinitaly.com\/fr\/negozio\/art-ancien\/ettore-roesler-franz-aquarelle\/","url":"https:\/\/egidimadeinitaly.com\/fr\/negozio\/art-ancien\/oeuvres-anciennes-sur-papier-fr\/ettore-roesler-franz-aquarelle\/","name":"Ettore Roesler Franz aquarelle - Egidi MadeinItaly","isPartOf":{"@id":"https:\/\/egidimadeinitaly.com\/fr\/#website"},"primaryImageOfPage":{"@id":"https:\/\/egidimadeinitaly.com\/fr\/negozio\/art-ancien\/oeuvres-anciennes-sur-papier-fr\/ettore-roesler-franz-aquarelle\/#primaryimage"},"image":{"@id":"https:\/\/egidimadeinitaly.com\/fr\/negozio\/art-ancien\/oeuvres-anciennes-sur-papier-fr\/ettore-roesler-franz-aquarelle\/#primaryimage"},"thumbnailUrl":"https:\/\/egidimadeinitaly.com\/v25\/wp-content\/uploads\/2023\/04\/Ettore-Roesler-Franz-Villa-dEste-e1682681372885.jpg","datePublished":"2023-04-06T15:36:15+00:00","dateModified":"2025-09-29T11:42:32+00:00","description":"Ettore Roesler Franz aquarelle vue de la terrasse de la Villa d'Este Tivoli oeuvre d\u2019art ancienne en vente sur Egidi MadeinItaly ecommerce","breadcrumb":{"@id":"https:\/\/egidimadeinitaly.com\/fr\/negozio\/art-ancien\/oeuvres-anciennes-sur-papier-fr\/ettore-roesler-franz-aquarelle\/#breadcrumb"},"inLanguage":"fr-FR","potentialAction":[{"@type":"ReadAction","target":["https:\/\/egidimadeinitaly.com\/fr\/negozio\/art-ancien\/oeuvres-anciennes-sur-papier-fr\/ettore-roesler-franz-aquarelle\/"]}]},{"@type":"ImageObject","inLanguage":"fr-FR","@id":"https:\/\/egidimadeinitaly.com\/fr\/negozio\/art-ancien\/oeuvres-anciennes-sur-papier-fr\/ettore-roesler-franz-aquarelle\/#primaryimage","url":"https:\/\/egidimadeinitaly.com\/v25\/wp-content\/uploads\/2023\/04\/Ettore-Roesler-Franz-Villa-dEste-e1682681372885.jpg","contentUrl":"https:\/\/egidimadeinitaly.com\/v25\/wp-content\/uploads\/2023\/04\/Ettore-Roesler-Franz-Villa-dEste-e1682681372885.jpg","width":900,"height":900,"caption":"Terrazza a Villa d'Este Tivoli E. Roesler Franz"},{"@type":"BreadcrumbList","@id":"https:\/\/egidimadeinitaly.com\/fr\/negozio\/art-ancien\/oeuvres-anciennes-sur-papier-fr\/ettore-roesler-franz-aquarelle\/#breadcrumb","itemListElement":[{"@type":"ListItem","position":1,"name":"Home","item":"https:\/\/egidimadeinitaly.com\/fr\/"},{"@type":"ListItem","position":2,"name":"Produits","item":"https:\/\/egidimadeinitaly.com\/fr\/shop\/"},{"@type":"ListItem","position":3,"name":"Art ancien","item":"https:\/\/egidimadeinitaly.com\/fr\/product-category\/art-ancien\/"},{"@type":"ListItem","position":4,"name":"Ettore Roesler Franz aquarelle"}]},{"@type":"WebSite","@id":"https:\/\/egidimadeinitaly.com\/fr\/#website","url":"https:\/\/egidimadeinitaly.com\/fr\/","name":"Egidi MadeinItaly","description":"Fine Art","potentialAction":[{"@type":"SearchAction","target":{"@type":"EntryPoint","urlTemplate":"https:\/\/egidimadeinitaly.com\/fr\/?s={search_term_string}"},"query-input":{"@type":"PropertyValueSpecification","valueRequired":true,"valueName":"search_term_string"}}],"inLanguage":"fr-FR"}]}},"_links":{"self":[{"href":"https:\/\/egidimadeinitaly.com\/fr\/wp-json\/wp\/v2\/product\/114815","targetHints":{"allow":["GET"]}}],"collection":[{"href":"https:\/\/egidimadeinitaly.com\/fr\/wp-json\/wp\/v2\/product"}],"about":[{"href":"https:\/\/egidimadeinitaly.com\/fr\/wp-json\/wp\/v2\/types\/product"}],"wp:featuredmedia":[{"embeddable":true,"href":"https:\/\/egidimadeinitaly.com\/fr\/wp-json\/wp\/v2\/media\/114811"}],"wp:attachment":[{"href":"https:\/\/egidimadeinitaly.com\/fr\/wp-json\/wp\/v2\/media?parent=114815"}],"wp:term":[{"taxonomy":"product_brand","embeddable":true,"href":"https:\/\/egidimadeinitaly.com\/fr\/wp-json\/wp\/v2\/product_brand?post=114815"},{"taxonomy":"product_cat","embeddable":true,"href":"https:\/\/egidimadeinitaly.com\/fr\/wp-json\/wp\/v2\/product_cat?post=114815"},{"taxonomy":"product_tag","embeddable":true,"href":"https:\/\/egidimadeinitaly.com\/fr\/wp-json\/wp\/v2\/product_tag?post=114815"}],"curies":[{"name":"wp","href":"https:\/\/api.w.org\/{rel}","templated":true}]}}