{"id":114740,"date":"2023-03-31T17:17:10","date_gmt":"2023-03-31T16:17:10","guid":{"rendered":"https:\/\/egidimadeinitaly.com\/ecomsite\/?post_type=product&#038;p=114740"},"modified":"2024-10-19T16:44:41","modified_gmt":"2024-10-19T15:44:41","slug":"mimmo-rotella-serigraphie","status":"publish","type":"product","link":"https:\/\/egidimadeinitaly.com\/fr\/negozio\/art-moderne\/oeuvres-modernes-sur-papiers\/mimmo-rotella-serigraphie\/","title":{"rendered":"Mimmo Rotella s\u00e9rigraphie"},"content":{"rendered":"<p>L&rsquo;\u0153uvre <i>La magnifique proie<\/i> figure dans le catalogue \u00ab\u00a0Mimmo Rotella. Multipli decollage\u00a0\u00bb \u00e9dit\u00e9 par Silvana Editoriale.<\/p>\n<p>\u0152uvre sur papier en tr\u00e8s bon \u00e9tat. La s\u00e9rigraphie est prot\u00e9g\u00e9e par un verre et un cadre en bois avec une finition argent\u00e9e et dor\u00e9e.<\/p>\n","protected":false},"excerpt":{"rendered":"<p>S\u00e9rigraphie de <strong>Mimmo Rotella <\/strong>(1918-2006)\u00a0tir\u00e9e de l&rsquo;affiche du film \u00ab\u00a0<i>La magnifique proie<\/i>\u00a0\u00bb avec Marilyn Monroe.<\/p>\n<p>La s\u00e9rigraphie est tir\u00e9e \u00e0 125 exemplaires. Il s&rsquo;agit de 45eme\u00a0 exemplaires sur 125.<\/p>\n<p>Dans notre catalogue il y a une autre <a href=\"https:\/\/egidimadeinitaly.com\/ecomsite\/fr\/produit\/art-moderne\/oeuvres-modernes-sur-papiers\/mimmo-rotella-seridecollage\/\">s\u00e9rigraphie de Mimmo Rotella<\/a>.<\/p>\n<p>Cachet sec de la <strong>Fondation Mimmo Rotella<\/strong> et num\u00e9rotation en bas \u00e0 gauche. Signature en bas \u00e0 droite.<\/p>\n<blockquote><p>Le conseil de Sabrina Egidi : Id\u00e9al pour donner une touche de Pop Art \u00e0 votre int\u00e9rieur !<\/p><\/blockquote>\n","protected":false},"featured_media":114722,"template":"","meta":{"_acf_changed":false},"product_brand":[],"product_cat":[6377,6414],"product_tag":[2743],"class_list":{"0":"post-114740","1":"product","2":"type-product","3":"status-publish","4":"has-post-thumbnail","6":"product_cat-art-moderne","7":"product_cat-oeuvres-modernes-sur-papiers","8":"product_tag-pop-art-fr","10":"first","11":"outofstock","12":"taxable","13":"shipping-taxable","14":"purchasable","15":"product-type-simple"},"acf":[],"yoast_head":"<!-- This site is optimized with the Yoast SEO Premium plugin v27.5 (Yoast SEO v27.5) - https:\/\/yoast.com\/product\/yoast-seo-premium-wordpress\/ -->\n<title>Mimmo Rotella s\u00e9rigraphie - Egidi MadeinItaly<\/title>\n<meta name=\"description\" content=\"S\u00e9rigraphie Mimmo Rotella Marilyn La magnifique proie Art moderne pour d\u00e9corer votre maison avec une touche de Pop Art en vente chez Egidi MadeinItaly\" \/>\n<meta name=\"robots\" content=\"index, follow, max-snippet:-1, max-image-preview:large, max-video-preview:-1\" \/>\n<link rel=\"canonical\" href=\"https:\/\/egidimadeinitaly.com\/fr\/produit\/art-moderne\/oeuvres-modernes-sur-papiers\/mimmo-rotella-serigraphie\/\" \/>\n<meta property=\"og:locale\" content=\"fr_FR\" \/>\n<meta property=\"og:type\" content=\"article\" \/>\n<meta property=\"og:title\" content=\"Mimmo Rotella s\u00e9rigraphie\" \/>\n<meta property=\"og:description\" content=\"S\u00e9rigraphie de Mimmo Rotella (1918-2006)\u00a0tir\u00e9e de l&#039;affiche du film &quot;La magnifique proie&quot; avec Marilyn Monroe.  La s\u00e9rigraphie est tir\u00e9e \u00e0 125 exemplaires. Il s&#039;agit de 45eme\u00a0 exemplaires sur 125.  Dans notre catalogue il y a une autre s\u00e9rigraphie de Mimmo Rotella.  Cachet sec de la Fondation Mimmo Rotella et num\u00e9rotation en bas \u00e0 gauche. Signature en bas \u00e0 droite. Le conseil de Sabrina Egidi : Id\u00e9al pour donner une touche de Pop Art \u00e0 votre int\u00e9rieur !\" \/>\n<meta property=\"og:url\" content=\"https:\/\/egidimadeinitaly.com\/fr\/produit\/art-moderne\/oeuvres-modernes-sur-papiers\/mimmo-rotella-serigraphie\/\" \/>\n<meta property=\"og:site_name\" content=\"Egidi MadeinItaly\" \/>\n<meta property=\"article:publisher\" content=\"https:\/\/www.facebook.com\/egidimadeinitaly\/\" \/>\n<meta property=\"article:modified_time\" content=\"2024-10-19T15:44:41+00:00\" \/>\n<meta property=\"og:image\" content=\"https:\/\/egidimadeinitaly.com\/wp-content\/uploads\/2023\/03\/Mimmo-Rotella-Marilyn-2-e1680531561477.jpg\" \/>\n\t<meta property=\"og:image:width\" content=\"900\" \/>\n\t<meta property=\"og:image:height\" content=\"900\" \/>\n\t<meta property=\"og:image:type\" content=\"image\/jpeg\" \/>\n<script type=\"application\/ld+json\" class=\"yoast-schema-graph\">{\"@context\":\"https:\\\/\\\/schema.org\",\"@graph\":[{\"@type\":\"WebPage\",\"@id\":\"https:\\\/\\\/egidimadeinitaly.com\\\/fr\\\/negozio\\\/art-moderne\\\/oeuvres-modernes-sur-papiers\\\/mimmo-rotella-serigraphie\\\/\",\"url\":\"https:\\\/\\\/egidimadeinitaly.com\\\/fr\\\/produit\\\/art-moderne\\\/oeuvres-modernes-sur-papiers\\\/mimmo-rotella-serigraphie\\\/\",\"name\":\"Mimmo Rotella s\u00e9rigraphie - Egidi MadeinItaly\",\"isPartOf\":{\"@id\":\"https:\\\/\\\/egidimadeinitaly.com\\\/fr\\\/#website\"},\"primaryImageOfPage\":{\"@id\":\"https:\\\/\\\/egidimadeinitaly.com\\\/fr\\\/produit\\\/art-moderne\\\/oeuvres-modernes-sur-papiers\\\/mimmo-rotella-serigraphie\\\/#primaryimage\"},\"image\":{\"@id\":\"https:\\\/\\\/egidimadeinitaly.com\\\/fr\\\/produit\\\/art-moderne\\\/oeuvres-modernes-sur-papiers\\\/mimmo-rotella-serigraphie\\\/#primaryimage\"},\"thumbnailUrl\":\"https:\\\/\\\/egidimadeinitaly.com\\\/v25\\\/wp-content\\\/uploads\\\/2023\\\/03\\\/Mimmo-Rotella-Marilyn-2-e1680531561477.jpg\",\"datePublished\":\"2023-03-31T16:17:10+00:00\",\"dateModified\":\"2024-10-19T15:44:41+00:00\",\"description\":\"S\u00e9rigraphie Mimmo Rotella Marilyn La magnifique proie Art moderne pour d\u00e9corer votre maison avec une touche de Pop Art en vente chez Egidi MadeinItaly\",\"breadcrumb\":{\"@id\":\"https:\\\/\\\/egidimadeinitaly.com\\\/fr\\\/produit\\\/art-moderne\\\/oeuvres-modernes-sur-papiers\\\/mimmo-rotella-serigraphie\\\/#breadcrumb\"},\"inLanguage\":\"fr-FR\",\"potentialAction\":[{\"@type\":\"ReadAction\",\"target\":[\"https:\\\/\\\/egidimadeinitaly.com\\\/fr\\\/produit\\\/art-moderne\\\/oeuvres-modernes-sur-papiers\\\/mimmo-rotella-serigraphie\\\/\"]}]},{\"@type\":\"ImageObject\",\"inLanguage\":\"fr-FR\",\"@id\":\"https:\\\/\\\/egidimadeinitaly.com\\\/fr\\\/produit\\\/art-moderne\\\/oeuvres-modernes-sur-papiers\\\/mimmo-rotella-serigraphie\\\/#primaryimage\",\"url\":\"https:\\\/\\\/egidimadeinitaly.com\\\/v25\\\/wp-content\\\/uploads\\\/2023\\\/03\\\/Mimmo-Rotella-Marilyn-2-e1680531561477.jpg\",\"contentUrl\":\"https:\\\/\\\/egidimadeinitaly.com\\\/v25\\\/wp-content\\\/uploads\\\/2023\\\/03\\\/Mimmo-Rotella-Marilyn-2-e1680531561477.jpg\",\"width\":900,\"height\":900,\"caption\":\"Marilyn La magnifique proie\"},{\"@type\":\"BreadcrumbList\",\"@id\":\"https:\\\/\\\/egidimadeinitaly.com\\\/fr\\\/produit\\\/art-moderne\\\/oeuvres-modernes-sur-papiers\\\/mimmo-rotella-serigraphie\\\/#breadcrumb\",\"itemListElement\":[{\"@type\":\"ListItem\",\"position\":1,\"name\":\"Home\",\"item\":\"https:\\\/\\\/egidimadeinitaly.com\\\/fr\\\/\"},{\"@type\":\"ListItem\",\"position\":2,\"name\":\"Produits\",\"item\":\"https:\\\/\\\/egidimadeinitaly.com\\\/fr\\\/shop\\\/\"},{\"@type\":\"ListItem\",\"position\":3,\"name\":\"Art moderne\",\"item\":\"https:\\\/\\\/egidimadeinitaly.com\\\/fr\\\/product-category\\\/art-moderne\\\/\"},{\"@type\":\"ListItem\",\"position\":4,\"name\":\"\u0152uvres modernes sur papiers\",\"item\":\"https:\\\/\\\/egidimadeinitaly.com\\\/fr\\\/product-category\\\/art-moderne\\\/oeuvres-modernes-sur-papiers\\\/\"},{\"@type\":\"ListItem\",\"position\":5,\"name\":\"Mimmo Rotella s\u00e9rigraphie\"}]},{\"@type\":\"WebSite\",\"@id\":\"https:\\\/\\\/egidimadeinitaly.com\\\/fr\\\/#website\",\"url\":\"https:\\\/\\\/egidimadeinitaly.com\\\/fr\\\/\",\"name\":\"Egidi MadeinItaly\",\"description\":\"Fine Art\",\"potentialAction\":[{\"@type\":\"SearchAction\",\"target\":{\"@type\":\"EntryPoint\",\"urlTemplate\":\"https:\\\/\\\/egidimadeinitaly.com\\\/fr\\\/?s={search_term_string}\"},\"query-input\":{\"@type\":\"PropertyValueSpecification\",\"valueRequired\":true,\"valueName\":\"search_term_string\"}}],\"inLanguage\":\"fr-FR\"}]}<\/script>\n<!-- \/ Yoast SEO Premium plugin. -->","yoast_head_json":{"title":"Mimmo Rotella s\u00e9rigraphie - Egidi MadeinItaly","description":"S\u00e9rigraphie Mimmo Rotella Marilyn La magnifique proie Art moderne pour d\u00e9corer votre maison avec une touche de Pop Art en vente chez Egidi MadeinItaly","robots":{"index":"index","follow":"follow","max-snippet":"max-snippet:-1","max-image-preview":"max-image-preview:large","max-video-preview":"max-video-preview:-1"},"canonical":"https:\/\/egidimadeinitaly.com\/fr\/produit\/art-moderne\/oeuvres-modernes-sur-papiers\/mimmo-rotella-serigraphie\/","og_locale":"fr_FR","og_type":"article","og_title":"Mimmo Rotella s\u00e9rigraphie","og_description":"S\u00e9rigraphie de Mimmo Rotella (1918-2006)\u00a0tir\u00e9e de l'affiche du film \"La magnifique proie\" avec Marilyn Monroe.  La s\u00e9rigraphie est tir\u00e9e \u00e0 125 exemplaires. Il s'agit de 45eme\u00a0 exemplaires sur 125.  Dans notre catalogue il y a une autre s\u00e9rigraphie de Mimmo Rotella.  Cachet sec de la Fondation Mimmo Rotella et num\u00e9rotation en bas \u00e0 gauche. Signature en bas \u00e0 droite. Le conseil de Sabrina Egidi : Id\u00e9al pour donner une touche de Pop Art \u00e0 votre int\u00e9rieur !","og_url":"https:\/\/egidimadeinitaly.com\/fr\/produit\/art-moderne\/oeuvres-modernes-sur-papiers\/mimmo-rotella-serigraphie\/","og_site_name":"Egidi MadeinItaly","article_publisher":"https:\/\/www.facebook.com\/egidimadeinitaly\/","article_modified_time":"2024-10-19T15:44:41+00:00","og_image":[{"width":900,"height":900,"url":"https:\/\/egidimadeinitaly.com\/wp-content\/uploads\/2023\/03\/Mimmo-Rotella-Marilyn-2-e1680531561477.jpg","type":"image\/jpeg"}],"schema":{"@context":"https:\/\/schema.org","@graph":[{"@type":"WebPage","@id":"https:\/\/egidimadeinitaly.com\/fr\/negozio\/art-moderne\/oeuvres-modernes-sur-papiers\/mimmo-rotella-serigraphie\/","url":"https:\/\/egidimadeinitaly.com\/fr\/produit\/art-moderne\/oeuvres-modernes-sur-papiers\/mimmo-rotella-serigraphie\/","name":"Mimmo Rotella s\u00e9rigraphie - Egidi MadeinItaly","isPartOf":{"@id":"https:\/\/egidimadeinitaly.com\/fr\/#website"},"primaryImageOfPage":{"@id":"https:\/\/egidimadeinitaly.com\/fr\/produit\/art-moderne\/oeuvres-modernes-sur-papiers\/mimmo-rotella-serigraphie\/#primaryimage"},"image":{"@id":"https:\/\/egidimadeinitaly.com\/fr\/produit\/art-moderne\/oeuvres-modernes-sur-papiers\/mimmo-rotella-serigraphie\/#primaryimage"},"thumbnailUrl":"https:\/\/egidimadeinitaly.com\/v25\/wp-content\/uploads\/2023\/03\/Mimmo-Rotella-Marilyn-2-e1680531561477.jpg","datePublished":"2023-03-31T16:17:10+00:00","dateModified":"2024-10-19T15:44:41+00:00","description":"S\u00e9rigraphie Mimmo Rotella Marilyn La magnifique proie Art moderne pour d\u00e9corer votre maison avec une touche de Pop Art en vente chez Egidi MadeinItaly","breadcrumb":{"@id":"https:\/\/egidimadeinitaly.com\/fr\/produit\/art-moderne\/oeuvres-modernes-sur-papiers\/mimmo-rotella-serigraphie\/#breadcrumb"},"inLanguage":"fr-FR","potentialAction":[{"@type":"ReadAction","target":["https:\/\/egidimadeinitaly.com\/fr\/produit\/art-moderne\/oeuvres-modernes-sur-papiers\/mimmo-rotella-serigraphie\/"]}]},{"@type":"ImageObject","inLanguage":"fr-FR","@id":"https:\/\/egidimadeinitaly.com\/fr\/produit\/art-moderne\/oeuvres-modernes-sur-papiers\/mimmo-rotella-serigraphie\/#primaryimage","url":"https:\/\/egidimadeinitaly.com\/v25\/wp-content\/uploads\/2023\/03\/Mimmo-Rotella-Marilyn-2-e1680531561477.jpg","contentUrl":"https:\/\/egidimadeinitaly.com\/v25\/wp-content\/uploads\/2023\/03\/Mimmo-Rotella-Marilyn-2-e1680531561477.jpg","width":900,"height":900,"caption":"Marilyn La magnifique proie"},{"@type":"BreadcrumbList","@id":"https:\/\/egidimadeinitaly.com\/fr\/produit\/art-moderne\/oeuvres-modernes-sur-papiers\/mimmo-rotella-serigraphie\/#breadcrumb","itemListElement":[{"@type":"ListItem","position":1,"name":"Home","item":"https:\/\/egidimadeinitaly.com\/fr\/"},{"@type":"ListItem","position":2,"name":"Produits","item":"https:\/\/egidimadeinitaly.com\/fr\/shop\/"},{"@type":"ListItem","position":3,"name":"Art moderne","item":"https:\/\/egidimadeinitaly.com\/fr\/product-category\/art-moderne\/"},{"@type":"ListItem","position":4,"name":"\u0152uvres modernes sur papiers","item":"https:\/\/egidimadeinitaly.com\/fr\/product-category\/art-moderne\/oeuvres-modernes-sur-papiers\/"},{"@type":"ListItem","position":5,"name":"Mimmo Rotella s\u00e9rigraphie"}]},{"@type":"WebSite","@id":"https:\/\/egidimadeinitaly.com\/fr\/#website","url":"https:\/\/egidimadeinitaly.com\/fr\/","name":"Egidi MadeinItaly","description":"Fine Art","potentialAction":[{"@type":"SearchAction","target":{"@type":"EntryPoint","urlTemplate":"https:\/\/egidimadeinitaly.com\/fr\/?s={search_term_string}"},"query-input":{"@type":"PropertyValueSpecification","valueRequired":true,"valueName":"search_term_string"}}],"inLanguage":"fr-FR"}]}},"_links":{"self":[{"href":"https:\/\/egidimadeinitaly.com\/fr\/wp-json\/wp\/v2\/product\/114740","targetHints":{"allow":["GET"]}}],"collection":[{"href":"https:\/\/egidimadeinitaly.com\/fr\/wp-json\/wp\/v2\/product"}],"about":[{"href":"https:\/\/egidimadeinitaly.com\/fr\/wp-json\/wp\/v2\/types\/product"}],"wp:featuredmedia":[{"embeddable":true,"href":"https:\/\/egidimadeinitaly.com\/fr\/wp-json\/wp\/v2\/media\/114722"}],"wp:attachment":[{"href":"https:\/\/egidimadeinitaly.com\/fr\/wp-json\/wp\/v2\/media?parent=114740"}],"wp:term":[{"taxonomy":"product_brand","embeddable":true,"href":"https:\/\/egidimadeinitaly.com\/fr\/wp-json\/wp\/v2\/product_brand?post=114740"},{"taxonomy":"product_cat","embeddable":true,"href":"https:\/\/egidimadeinitaly.com\/fr\/wp-json\/wp\/v2\/product_cat?post=114740"},{"taxonomy":"product_tag","embeddable":true,"href":"https:\/\/egidimadeinitaly.com\/fr\/wp-json\/wp\/v2\/product_tag?post=114740"}],"curies":[{"name":"wp","href":"https:\/\/api.w.org\/{rel}","templated":true}]}}