{"id":114607,"date":"2023-03-22T14:02:47","date_gmt":"2023-03-22T13:02:47","guid":{"rendered":"https:\/\/egidimadeinitaly.com\/ecomsite\/?post_type=product&#038;p=114607"},"modified":"2024-11-28T18:15:10","modified_gmt":"2024-11-28T17:15:10","slug":"enrico-crespi-portrait-femme-allongee","status":"publish","type":"product","link":"https:\/\/egidimadeinitaly.com\/fr\/negozio\/art-ancien\/enrico-crespi-portrait-femme-allongee\/","title":{"rendered":"Enrico Crespi portrait femme allong\u00e9e"},"content":{"rendered":"<p>Aquarelle avec cadre en bois d&rsquo;Enrico Crespi (1854-1929), \u00e9l\u00e8ve de Francesco Hayez, actif \u00e0 Brera \u00e0 la fin du XIXe si\u00e8cle<\/p>\n<h2 style=\"text-align: center;\">Vous poss\u00e9dez une \u0153uvre de Enrico Crespi et vous voulez la vendre ?<\/h2>\n<p style=\"text-align: center;\">Appelez-nous au num\u00e9ro +39 3356585431 ou envoyez-nous un message WhatsApp au +39 3356585431<\/p>\n<p style=\"text-align: center;\"><span style=\"color: #ffcc00;\"><strong>VOUS POUVEZ NOUS FAIRE CONFIANCE<\/strong><\/span><\/p>\n<p style=\"text-align: center;\">Les meilleures estimations, comp\u00e9tence, s\u00e9rieux<\/p>\n","protected":false},"excerpt":{"rendered":"<p>Portrait de la princesse Maria Gonzaga par le peintre milanais <strong>Enrico Crespi<\/strong> dat\u00e9 de 1927, en haut \u00e0 gauche la mention &lsquo;<em>\u00e0 Maria Gonzaga Enrico Crespi 1927<\/em>&lsquo;<\/p>\n<p>Vendu sans le cadre.<\/p>\n","protected":false},"featured_media":114586,"template":"","meta":{"_acf_changed":false},"product_brand":[],"product_cat":[6374],"product_tag":[6440,5306,5492,5443],"class_list":{"0":"post-114607","1":"product","2":"type-product","3":"status-publish","4":"has-post-thumbnail","6":"product_cat-art-ancien","7":"product_tag-art-ancien","8":"product_tag-objets-de-collection","9":"product_tag-portraits-fr","10":"product_tag-xixeme-siecle","12":"first","13":"outofstock","14":"taxable","15":"shipping-taxable","16":"product-type-simple"},"acf":[],"yoast_head":"<!-- This site is optimized with the Yoast SEO Premium plugin v27.3 (Yoast SEO v27.4) - https:\/\/yoast.com\/product\/yoast-seo-premium-wordpress\/ -->\n<title>Enrico Crespi portrait femme allong\u00e9e - Egidi MadeinItaly<\/title>\n<meta name=\"description\" content=\"Enrico Crespi portrait femme allong\u00e9e \u00e0 l&#039;aquarelle de la princesse Maria Gonzaga en vente sur Egidi MadainItaly Venez visiter notre catalogue en ligne\" \/>\n<meta name=\"robots\" content=\"index, follow, max-snippet:-1, max-image-preview:large, max-video-preview:-1\" \/>\n<link rel=\"canonical\" href=\"https:\/\/egidimadeinitaly.com\/fr\/produit\/art-ancien\/oeuvres-anciennes-sur-papier-fr\/enrico-crespi-portrait-femme\/\" \/>\n<meta property=\"og:locale\" content=\"fr_FR\" \/>\n<meta property=\"og:type\" content=\"article\" \/>\n<meta property=\"og:title\" content=\"Enrico Crespi portrait femme allong\u00e9e\" \/>\n<meta property=\"og:description\" content=\"Portrait de la princesse Maria Gonzaga par le peintre milanais Enrico Crespi dat\u00e9 de 1927, en haut \u00e0 gauche la mention &#039;\u00e0 Maria Gonzaga Enrico Crespi 1927&#039;  Vendu sans le cadre.\" \/>\n<meta property=\"og:url\" content=\"https:\/\/egidimadeinitaly.com\/fr\/produit\/art-ancien\/oeuvres-anciennes-sur-papier-fr\/enrico-crespi-portrait-femme\/\" \/>\n<meta property=\"og:site_name\" content=\"Egidi MadeinItaly\" \/>\n<meta property=\"article:publisher\" content=\"https:\/\/www.facebook.com\/egidimadeinitaly\/\" \/>\n<meta property=\"article:modified_time\" content=\"2024-11-28T17:15:10+00:00\" \/>\n<meta property=\"og:image\" content=\"https:\/\/egidimadeinitaly.com\/wp-content\/uploads\/2023\/03\/2023-01-19-Egidi-madeinItaly-29-92-scaled-e1679503137752.jpg\" \/>\n\t<meta property=\"og:image:width\" content=\"900\" \/>\n\t<meta property=\"og:image:height\" content=\"900\" \/>\n\t<meta property=\"og:image:type\" content=\"image\/jpeg\" \/>\n<script type=\"application\/ld+json\" class=\"yoast-schema-graph\">{\"@context\":\"https:\\\/\\\/schema.org\",\"@graph\":[{\"@type\":\"WebPage\",\"@id\":\"https:\\\/\\\/egidimadeinitaly.com\\\/fr\\\/negozio\\\/art-ancien\\\/enrico-crespi-portrait-femme-allongee\\\/\",\"url\":\"https:\\\/\\\/egidimadeinitaly.com\\\/fr\\\/produit\\\/art-ancien\\\/oeuvres-anciennes-sur-papier-fr\\\/enrico-crespi-portrait-femme\\\/\",\"name\":\"Enrico Crespi portrait femme allong\u00e9e - Egidi MadeinItaly\",\"isPartOf\":{\"@id\":\"https:\\\/\\\/egidimadeinitaly.com\\\/fr\\\/#website\"},\"primaryImageOfPage\":{\"@id\":\"https:\\\/\\\/egidimadeinitaly.com\\\/fr\\\/produit\\\/art-ancien\\\/oeuvres-anciennes-sur-papier-fr\\\/enrico-crespi-portrait-femme\\\/#primaryimage\"},\"image\":{\"@id\":\"https:\\\/\\\/egidimadeinitaly.com\\\/fr\\\/produit\\\/art-ancien\\\/oeuvres-anciennes-sur-papier-fr\\\/enrico-crespi-portrait-femme\\\/#primaryimage\"},\"thumbnailUrl\":\"https:\\\/\\\/egidimadeinitaly.com\\\/v25\\\/wp-content\\\/uploads\\\/2023\\\/03\\\/2023-01-19-Egidi-madeinItaly-29-92-scaled-e1679503137752.jpg\",\"datePublished\":\"2023-03-22T13:02:47+00:00\",\"dateModified\":\"2024-11-28T17:15:10+00:00\",\"description\":\"Enrico Crespi portrait femme allong\u00e9e \u00e0 l'aquarelle de la princesse Maria Gonzaga en vente sur Egidi MadainItaly Venez visiter notre catalogue en ligne\",\"breadcrumb\":{\"@id\":\"https:\\\/\\\/egidimadeinitaly.com\\\/fr\\\/produit\\\/art-ancien\\\/oeuvres-anciennes-sur-papier-fr\\\/enrico-crespi-portrait-femme\\\/#breadcrumb\"},\"inLanguage\":\"fr-FR\",\"potentialAction\":[{\"@type\":\"ReadAction\",\"target\":[\"https:\\\/\\\/egidimadeinitaly.com\\\/fr\\\/produit\\\/art-ancien\\\/oeuvres-anciennes-sur-papier-fr\\\/enrico-crespi-portrait-femme\\\/\"]}]},{\"@type\":\"ImageObject\",\"inLanguage\":\"fr-FR\",\"@id\":\"https:\\\/\\\/egidimadeinitaly.com\\\/fr\\\/produit\\\/art-ancien\\\/oeuvres-anciennes-sur-papier-fr\\\/enrico-crespi-portrait-femme\\\/#primaryimage\",\"url\":\"https:\\\/\\\/egidimadeinitaly.com\\\/v25\\\/wp-content\\\/uploads\\\/2023\\\/03\\\/2023-01-19-Egidi-madeinItaly-29-92-scaled-e1679503137752.jpg\",\"contentUrl\":\"https:\\\/\\\/egidimadeinitaly.com\\\/v25\\\/wp-content\\\/uploads\\\/2023\\\/03\\\/2023-01-19-Egidi-madeinItaly-29-92-scaled-e1679503137752.jpg\",\"width\":900,\"height\":900,\"caption\":\"Enrico Crespi portrait d'une femme allong\u00e9e\"},{\"@type\":\"BreadcrumbList\",\"@id\":\"https:\\\/\\\/egidimadeinitaly.com\\\/fr\\\/produit\\\/art-ancien\\\/oeuvres-anciennes-sur-papier-fr\\\/enrico-crespi-portrait-femme\\\/#breadcrumb\",\"itemListElement\":[{\"@type\":\"ListItem\",\"position\":1,\"name\":\"Home\",\"item\":\"https:\\\/\\\/egidimadeinitaly.com\\\/fr\\\/\"},{\"@type\":\"ListItem\",\"position\":2,\"name\":\"Produits\",\"item\":\"https:\\\/\\\/egidimadeinitaly.com\\\/fr\\\/shop\\\/\"},{\"@type\":\"ListItem\",\"position\":3,\"name\":\"Art ancien\",\"item\":\"https:\\\/\\\/egidimadeinitaly.com\\\/fr\\\/product-category\\\/art-ancien\\\/\"},{\"@type\":\"ListItem\",\"position\":4,\"name\":\"Enrico Crespi portrait femme allong\u00e9e\"}]},{\"@type\":\"WebSite\",\"@id\":\"https:\\\/\\\/egidimadeinitaly.com\\\/fr\\\/#website\",\"url\":\"https:\\\/\\\/egidimadeinitaly.com\\\/fr\\\/\",\"name\":\"Egidi MadeinItaly\",\"description\":\"Fine Art\",\"potentialAction\":[{\"@type\":\"SearchAction\",\"target\":{\"@type\":\"EntryPoint\",\"urlTemplate\":\"https:\\\/\\\/egidimadeinitaly.com\\\/fr\\\/?s={search_term_string}\"},\"query-input\":{\"@type\":\"PropertyValueSpecification\",\"valueRequired\":true,\"valueName\":\"search_term_string\"}}],\"inLanguage\":\"fr-FR\"}]}<\/script>\n<!-- \/ Yoast SEO Premium plugin. -->","yoast_head_json":{"title":"Enrico Crespi portrait femme allong\u00e9e - Egidi MadeinItaly","description":"Enrico Crespi portrait femme allong\u00e9e \u00e0 l'aquarelle de la princesse Maria Gonzaga en vente sur Egidi MadainItaly Venez visiter notre catalogue en ligne","robots":{"index":"index","follow":"follow","max-snippet":"max-snippet:-1","max-image-preview":"max-image-preview:large","max-video-preview":"max-video-preview:-1"},"canonical":"https:\/\/egidimadeinitaly.com\/fr\/produit\/art-ancien\/oeuvres-anciennes-sur-papier-fr\/enrico-crespi-portrait-femme\/","og_locale":"fr_FR","og_type":"article","og_title":"Enrico Crespi portrait femme allong\u00e9e","og_description":"Portrait de la princesse Maria Gonzaga par le peintre milanais Enrico Crespi dat\u00e9 de 1927, en haut \u00e0 gauche la mention '\u00e0 Maria Gonzaga Enrico Crespi 1927'  Vendu sans le cadre.","og_url":"https:\/\/egidimadeinitaly.com\/fr\/produit\/art-ancien\/oeuvres-anciennes-sur-papier-fr\/enrico-crespi-portrait-femme\/","og_site_name":"Egidi MadeinItaly","article_publisher":"https:\/\/www.facebook.com\/egidimadeinitaly\/","article_modified_time":"2024-11-28T17:15:10+00:00","og_image":[{"width":900,"height":900,"url":"https:\/\/egidimadeinitaly.com\/wp-content\/uploads\/2023\/03\/2023-01-19-Egidi-madeinItaly-29-92-scaled-e1679503137752.jpg","type":"image\/jpeg"}],"schema":{"@context":"https:\/\/schema.org","@graph":[{"@type":"WebPage","@id":"https:\/\/egidimadeinitaly.com\/fr\/negozio\/art-ancien\/enrico-crespi-portrait-femme-allongee\/","url":"https:\/\/egidimadeinitaly.com\/fr\/produit\/art-ancien\/oeuvres-anciennes-sur-papier-fr\/enrico-crespi-portrait-femme\/","name":"Enrico Crespi portrait femme allong\u00e9e - Egidi MadeinItaly","isPartOf":{"@id":"https:\/\/egidimadeinitaly.com\/fr\/#website"},"primaryImageOfPage":{"@id":"https:\/\/egidimadeinitaly.com\/fr\/produit\/art-ancien\/oeuvres-anciennes-sur-papier-fr\/enrico-crespi-portrait-femme\/#primaryimage"},"image":{"@id":"https:\/\/egidimadeinitaly.com\/fr\/produit\/art-ancien\/oeuvres-anciennes-sur-papier-fr\/enrico-crespi-portrait-femme\/#primaryimage"},"thumbnailUrl":"https:\/\/egidimadeinitaly.com\/v25\/wp-content\/uploads\/2023\/03\/2023-01-19-Egidi-madeinItaly-29-92-scaled-e1679503137752.jpg","datePublished":"2023-03-22T13:02:47+00:00","dateModified":"2024-11-28T17:15:10+00:00","description":"Enrico Crespi portrait femme allong\u00e9e \u00e0 l'aquarelle de la princesse Maria Gonzaga en vente sur Egidi MadainItaly Venez visiter notre catalogue en ligne","breadcrumb":{"@id":"https:\/\/egidimadeinitaly.com\/fr\/produit\/art-ancien\/oeuvres-anciennes-sur-papier-fr\/enrico-crespi-portrait-femme\/#breadcrumb"},"inLanguage":"fr-FR","potentialAction":[{"@type":"ReadAction","target":["https:\/\/egidimadeinitaly.com\/fr\/produit\/art-ancien\/oeuvres-anciennes-sur-papier-fr\/enrico-crespi-portrait-femme\/"]}]},{"@type":"ImageObject","inLanguage":"fr-FR","@id":"https:\/\/egidimadeinitaly.com\/fr\/produit\/art-ancien\/oeuvres-anciennes-sur-papier-fr\/enrico-crespi-portrait-femme\/#primaryimage","url":"https:\/\/egidimadeinitaly.com\/v25\/wp-content\/uploads\/2023\/03\/2023-01-19-Egidi-madeinItaly-29-92-scaled-e1679503137752.jpg","contentUrl":"https:\/\/egidimadeinitaly.com\/v25\/wp-content\/uploads\/2023\/03\/2023-01-19-Egidi-madeinItaly-29-92-scaled-e1679503137752.jpg","width":900,"height":900,"caption":"Enrico Crespi portrait d'une femme allong\u00e9e"},{"@type":"BreadcrumbList","@id":"https:\/\/egidimadeinitaly.com\/fr\/produit\/art-ancien\/oeuvres-anciennes-sur-papier-fr\/enrico-crespi-portrait-femme\/#breadcrumb","itemListElement":[{"@type":"ListItem","position":1,"name":"Home","item":"https:\/\/egidimadeinitaly.com\/fr\/"},{"@type":"ListItem","position":2,"name":"Produits","item":"https:\/\/egidimadeinitaly.com\/fr\/shop\/"},{"@type":"ListItem","position":3,"name":"Art ancien","item":"https:\/\/egidimadeinitaly.com\/fr\/product-category\/art-ancien\/"},{"@type":"ListItem","position":4,"name":"Enrico Crespi portrait femme allong\u00e9e"}]},{"@type":"WebSite","@id":"https:\/\/egidimadeinitaly.com\/fr\/#website","url":"https:\/\/egidimadeinitaly.com\/fr\/","name":"Egidi MadeinItaly","description":"Fine Art","potentialAction":[{"@type":"SearchAction","target":{"@type":"EntryPoint","urlTemplate":"https:\/\/egidimadeinitaly.com\/fr\/?s={search_term_string}"},"query-input":{"@type":"PropertyValueSpecification","valueRequired":true,"valueName":"search_term_string"}}],"inLanguage":"fr-FR"}]}},"_links":{"self":[{"href":"https:\/\/egidimadeinitaly.com\/fr\/wp-json\/wp\/v2\/product\/114607","targetHints":{"allow":["GET"]}}],"collection":[{"href":"https:\/\/egidimadeinitaly.com\/fr\/wp-json\/wp\/v2\/product"}],"about":[{"href":"https:\/\/egidimadeinitaly.com\/fr\/wp-json\/wp\/v2\/types\/product"}],"wp:featuredmedia":[{"embeddable":true,"href":"https:\/\/egidimadeinitaly.com\/fr\/wp-json\/wp\/v2\/media\/114586"}],"wp:attachment":[{"href":"https:\/\/egidimadeinitaly.com\/fr\/wp-json\/wp\/v2\/media?parent=114607"}],"wp:term":[{"taxonomy":"product_brand","embeddable":true,"href":"https:\/\/egidimadeinitaly.com\/fr\/wp-json\/wp\/v2\/product_brand?post=114607"},{"taxonomy":"product_cat","embeddable":true,"href":"https:\/\/egidimadeinitaly.com\/fr\/wp-json\/wp\/v2\/product_cat?post=114607"},{"taxonomy":"product_tag","embeddable":true,"href":"https:\/\/egidimadeinitaly.com\/fr\/wp-json\/wp\/v2\/product_tag?post=114607"}],"curies":[{"name":"wp","href":"https:\/\/api.w.org\/{rel}","templated":true}]}}