{"id":114479,"date":"2023-03-15T12:31:33","date_gmt":"2023-03-15T11:31:33","guid":{"rendered":"https:\/\/egidimadeinitaly.com\/ecomsite\/?post_type=product&#038;p=114479"},"modified":"2023-03-15T12:36:20","modified_gmt":"2023-03-15T11:36:20","slug":"thomas-hutchinson-peddie-oeuvre","status":"publish","type":"product","link":"https:\/\/egidimadeinitaly.com\/fr\/negozio\/art-moderne\/tableaux-modernes-fr\/thomas-hutchinson-peddie-oeuvre\/","title":{"rendered":"Thomas Hutchinson Peddie \u0152uvre"},"content":{"rendered":"<p>Notes biographiques :<\/p>\n<p>Vers 1930, <strong>Tom Hutchinson Peddie<\/strong> retourne en \u00c9cosse pour se consacrer \u00e0 ses travaux de peintre et de muraliste. Il s&rsquo;installe au 22 King Street, puis au 3A de Charlotte Street, \u00e0 Perth.<\/p>\n<p>Parmi les \u0153uvres qui ont fait conna\u00eetre Peddie, citons les peintures murales de la loge ma\u00e7onnique d&rsquo;Atholl Crescent, \u00e0 Perth, les peintures murales sur \u00ab The Queen Mary \u00bb et la peinture murale de l&rsquo;entr\u00e9e de Mary Queen of Scots \u00e0 Aberdeen, peinte en 1937 dans la salle de restaurant de l&rsquo;h\u00f4tel Douglas \u00e0 Aberdeen.<\/p>\n<p>Dix tableaux lui furent \u00e9galement command\u00e9s pour la salle de restaurant de l&rsquo;h\u00f4tel Gordon, \u00e0 Kingussie, dans la r\u00e9gion d&rsquo;Invernesshire, qu&rsquo;il acheva entre 1936 et 1938. Le Perth &amp; Kinross Council poss\u00e8de trois autres de ses peintures<\/p>\n","protected":false},"excerpt":{"rendered":"<p>Grand tableau sc\u00e8ne de chasse sign\u00e9 <strong>Tom Hutchinson Peddie<\/strong>, repr\u00e9sentant Jacques VI d&rsquo;\u00c9cosse, futur Jacques Ier d\u2019Angleterre, chassant le faucon pr\u00e8s de Perth 1580<\/p>\n","protected":false},"featured_media":113651,"template":"","meta":{"_acf_changed":false},"product_brand":[],"product_cat":[6377,6416],"product_tag":[5361,2610],"class_list":{"0":"post-114479","1":"product","2":"type-product","3":"status-publish","4":"has-post-thumbnail","6":"product_cat-art-moderne","7":"product_cat-tableaux-modernes-fr","8":"product_tag-decoration-murale","9":"product_tag-xx-siecle","11":"first","12":"outofstock","13":"taxable","14":"shipping-taxable","15":"product-type-simple"},"acf":[],"yoast_head":"<!-- This site is optimized with the Yoast SEO Premium plugin v27.3 (Yoast SEO v27.4) - https:\/\/yoast.com\/product\/yoast-seo-premium-wordpress\/ -->\n<title>Thomas Hutchinson Peddie \u0152uvre - Egidi MadeinItaly<\/title>\n<meta name=\"description\" content=\"Grand tableau sc\u00e8ne de chasse de Thomas Hutchinson Peddie repr\u00e9sentant Jacques I\u00b0 d\u2019Angleterre chasse au faucon Art moderne en vente sur Egidi MadeinItaly\" \/>\n<meta name=\"robots\" content=\"index, follow, max-snippet:-1, max-image-preview:large, max-video-preview:-1\" \/>\n<link rel=\"canonical\" href=\"https:\/\/egidimadeinitaly.com\/fr\/negozio\/art-moderne\/tableaux-modernes-fr\/thomas-hutchinson-peddie-oeuvre\/\" \/>\n<meta property=\"og:locale\" content=\"fr_FR\" \/>\n<meta property=\"og:type\" content=\"article\" \/>\n<meta property=\"og:title\" content=\"Thomas Hutchinson Peddie \u0152uvre\" \/>\n<meta property=\"og:description\" content=\"Grand tableau sc\u00e8ne de chasse sign\u00e9 Tom Hutchinson Peddie, repr\u00e9sentant Jacques VI d&#039;\u00c9cosse, futur Jacques Ier d\u2019Angleterre, chassant le faucon pr\u00e8s de Perth 1580\" \/>\n<meta property=\"og:url\" content=\"https:\/\/egidimadeinitaly.com\/fr\/negozio\/art-moderne\/tableaux-modernes-fr\/thomas-hutchinson-peddie-oeuvre\/\" \/>\n<meta property=\"og:site_name\" content=\"Egidi MadeinItaly\" \/>\n<meta property=\"article:publisher\" content=\"https:\/\/www.facebook.com\/egidimadeinitaly\/\" \/>\n<meta property=\"article:modified_time\" content=\"2023-03-15T11:36:20+00:00\" \/>\n<meta property=\"og:image\" content=\"https:\/\/egidimadeinitaly.com\/wp-content\/uploads\/2023\/02\/Thomas-Hutchison-Peddie-dipinto-2-scaled-e1675786531876.jpg\" \/>\n\t<meta property=\"og:image:width\" content=\"900\" \/>\n\t<meta property=\"og:image:height\" content=\"900\" \/>\n\t<meta property=\"og:image:type\" content=\"image\/jpeg\" \/>\n<script type=\"application\/ld+json\" class=\"yoast-schema-graph\">{\"@context\":\"https:\\\/\\\/schema.org\",\"@graph\":[{\"@type\":\"WebPage\",\"@id\":\"https:\\\/\\\/egidimadeinitaly.com\\\/fr\\\/negozio\\\/art-moderne\\\/tableaux-modernes-fr\\\/thomas-hutchinson-peddie-oeuvre\\\/\",\"url\":\"https:\\\/\\\/egidimadeinitaly.com\\\/fr\\\/negozio\\\/art-moderne\\\/tableaux-modernes-fr\\\/thomas-hutchinson-peddie-oeuvre\\\/\",\"name\":\"Thomas Hutchinson Peddie \u0152uvre - Egidi MadeinItaly\",\"isPartOf\":{\"@id\":\"https:\\\/\\\/egidimadeinitaly.com\\\/fr\\\/#website\"},\"primaryImageOfPage\":{\"@id\":\"https:\\\/\\\/egidimadeinitaly.com\\\/fr\\\/negozio\\\/art-moderne\\\/tableaux-modernes-fr\\\/thomas-hutchinson-peddie-oeuvre\\\/#primaryimage\"},\"image\":{\"@id\":\"https:\\\/\\\/egidimadeinitaly.com\\\/fr\\\/negozio\\\/art-moderne\\\/tableaux-modernes-fr\\\/thomas-hutchinson-peddie-oeuvre\\\/#primaryimage\"},\"thumbnailUrl\":\"https:\\\/\\\/egidimadeinitaly.com\\\/v25\\\/wp-content\\\/uploads\\\/2023\\\/02\\\/Thomas-Hutchison-Peddie-dipinto-2-scaled-e1675786531876.jpg\",\"datePublished\":\"2023-03-15T11:31:33+00:00\",\"dateModified\":\"2023-03-15T11:36:20+00:00\",\"description\":\"Grand tableau sc\u00e8ne de chasse de Thomas Hutchinson Peddie repr\u00e9sentant Jacques I\u00b0 d\u2019Angleterre chasse au faucon Art moderne en vente sur Egidi MadeinItaly\",\"breadcrumb\":{\"@id\":\"https:\\\/\\\/egidimadeinitaly.com\\\/fr\\\/negozio\\\/art-moderne\\\/tableaux-modernes-fr\\\/thomas-hutchinson-peddie-oeuvre\\\/#breadcrumb\"},\"inLanguage\":\"fr-FR\",\"potentialAction\":[{\"@type\":\"ReadAction\",\"target\":[\"https:\\\/\\\/egidimadeinitaly.com\\\/fr\\\/negozio\\\/art-moderne\\\/tableaux-modernes-fr\\\/thomas-hutchinson-peddie-oeuvre\\\/\"]}]},{\"@type\":\"ImageObject\",\"inLanguage\":\"fr-FR\",\"@id\":\"https:\\\/\\\/egidimadeinitaly.com\\\/fr\\\/negozio\\\/art-moderne\\\/tableaux-modernes-fr\\\/thomas-hutchinson-peddie-oeuvre\\\/#primaryimage\",\"url\":\"https:\\\/\\\/egidimadeinitaly.com\\\/v25\\\/wp-content\\\/uploads\\\/2023\\\/02\\\/Thomas-Hutchison-Peddie-dipinto-2-scaled-e1675786531876.jpg\",\"contentUrl\":\"https:\\\/\\\/egidimadeinitaly.com\\\/v25\\\/wp-content\\\/uploads\\\/2023\\\/02\\\/Thomas-Hutchison-Peddie-dipinto-2-scaled-e1675786531876.jpg\",\"width\":900,\"height\":900,\"caption\":\"Thomas Hutchison Peddie tableau\"},{\"@type\":\"BreadcrumbList\",\"@id\":\"https:\\\/\\\/egidimadeinitaly.com\\\/fr\\\/negozio\\\/art-moderne\\\/tableaux-modernes-fr\\\/thomas-hutchinson-peddie-oeuvre\\\/#breadcrumb\",\"itemListElement\":[{\"@type\":\"ListItem\",\"position\":1,\"name\":\"Home\",\"item\":\"https:\\\/\\\/egidimadeinitaly.com\\\/fr\\\/\"},{\"@type\":\"ListItem\",\"position\":2,\"name\":\"Produits\",\"item\":\"https:\\\/\\\/egidimadeinitaly.com\\\/fr\\\/shop\\\/\"},{\"@type\":\"ListItem\",\"position\":3,\"name\":\"Art moderne\",\"item\":\"https:\\\/\\\/egidimadeinitaly.com\\\/fr\\\/product-category\\\/art-moderne\\\/\"},{\"@type\":\"ListItem\",\"position\":4,\"name\":\"Tableaux modernes\",\"item\":\"https:\\\/\\\/egidimadeinitaly.com\\\/fr\\\/product-category\\\/art-moderne\\\/tableaux-modernes-fr\\\/\"},{\"@type\":\"ListItem\",\"position\":5,\"name\":\"Thomas Hutchinson Peddie \u0152uvre\"}]},{\"@type\":\"WebSite\",\"@id\":\"https:\\\/\\\/egidimadeinitaly.com\\\/fr\\\/#website\",\"url\":\"https:\\\/\\\/egidimadeinitaly.com\\\/fr\\\/\",\"name\":\"Egidi MadeinItaly\",\"description\":\"Fine Art\",\"potentialAction\":[{\"@type\":\"SearchAction\",\"target\":{\"@type\":\"EntryPoint\",\"urlTemplate\":\"https:\\\/\\\/egidimadeinitaly.com\\\/fr\\\/?s={search_term_string}\"},\"query-input\":{\"@type\":\"PropertyValueSpecification\",\"valueRequired\":true,\"valueName\":\"search_term_string\"}}],\"inLanguage\":\"fr-FR\"}]}<\/script>\n<!-- \/ Yoast SEO Premium plugin. -->","yoast_head_json":{"title":"Thomas Hutchinson Peddie \u0152uvre - Egidi MadeinItaly","description":"Grand tableau sc\u00e8ne de chasse de Thomas Hutchinson Peddie repr\u00e9sentant Jacques I\u00b0 d\u2019Angleterre chasse au faucon Art moderne en vente sur Egidi MadeinItaly","robots":{"index":"index","follow":"follow","max-snippet":"max-snippet:-1","max-image-preview":"max-image-preview:large","max-video-preview":"max-video-preview:-1"},"canonical":"https:\/\/egidimadeinitaly.com\/fr\/negozio\/art-moderne\/tableaux-modernes-fr\/thomas-hutchinson-peddie-oeuvre\/","og_locale":"fr_FR","og_type":"article","og_title":"Thomas Hutchinson Peddie \u0152uvre","og_description":"Grand tableau sc\u00e8ne de chasse sign\u00e9 Tom Hutchinson Peddie, repr\u00e9sentant Jacques VI d'\u00c9cosse, futur Jacques Ier d\u2019Angleterre, chassant le faucon pr\u00e8s de Perth 1580","og_url":"https:\/\/egidimadeinitaly.com\/fr\/negozio\/art-moderne\/tableaux-modernes-fr\/thomas-hutchinson-peddie-oeuvre\/","og_site_name":"Egidi MadeinItaly","article_publisher":"https:\/\/www.facebook.com\/egidimadeinitaly\/","article_modified_time":"2023-03-15T11:36:20+00:00","og_image":[{"width":900,"height":900,"url":"https:\/\/egidimadeinitaly.com\/wp-content\/uploads\/2023\/02\/Thomas-Hutchison-Peddie-dipinto-2-scaled-e1675786531876.jpg","type":"image\/jpeg"}],"schema":{"@context":"https:\/\/schema.org","@graph":[{"@type":"WebPage","@id":"https:\/\/egidimadeinitaly.com\/fr\/negozio\/art-moderne\/tableaux-modernes-fr\/thomas-hutchinson-peddie-oeuvre\/","url":"https:\/\/egidimadeinitaly.com\/fr\/negozio\/art-moderne\/tableaux-modernes-fr\/thomas-hutchinson-peddie-oeuvre\/","name":"Thomas Hutchinson Peddie \u0152uvre - Egidi MadeinItaly","isPartOf":{"@id":"https:\/\/egidimadeinitaly.com\/fr\/#website"},"primaryImageOfPage":{"@id":"https:\/\/egidimadeinitaly.com\/fr\/negozio\/art-moderne\/tableaux-modernes-fr\/thomas-hutchinson-peddie-oeuvre\/#primaryimage"},"image":{"@id":"https:\/\/egidimadeinitaly.com\/fr\/negozio\/art-moderne\/tableaux-modernes-fr\/thomas-hutchinson-peddie-oeuvre\/#primaryimage"},"thumbnailUrl":"https:\/\/egidimadeinitaly.com\/v25\/wp-content\/uploads\/2023\/02\/Thomas-Hutchison-Peddie-dipinto-2-scaled-e1675786531876.jpg","datePublished":"2023-03-15T11:31:33+00:00","dateModified":"2023-03-15T11:36:20+00:00","description":"Grand tableau sc\u00e8ne de chasse de Thomas Hutchinson Peddie repr\u00e9sentant Jacques I\u00b0 d\u2019Angleterre chasse au faucon Art moderne en vente sur Egidi MadeinItaly","breadcrumb":{"@id":"https:\/\/egidimadeinitaly.com\/fr\/negozio\/art-moderne\/tableaux-modernes-fr\/thomas-hutchinson-peddie-oeuvre\/#breadcrumb"},"inLanguage":"fr-FR","potentialAction":[{"@type":"ReadAction","target":["https:\/\/egidimadeinitaly.com\/fr\/negozio\/art-moderne\/tableaux-modernes-fr\/thomas-hutchinson-peddie-oeuvre\/"]}]},{"@type":"ImageObject","inLanguage":"fr-FR","@id":"https:\/\/egidimadeinitaly.com\/fr\/negozio\/art-moderne\/tableaux-modernes-fr\/thomas-hutchinson-peddie-oeuvre\/#primaryimage","url":"https:\/\/egidimadeinitaly.com\/v25\/wp-content\/uploads\/2023\/02\/Thomas-Hutchison-Peddie-dipinto-2-scaled-e1675786531876.jpg","contentUrl":"https:\/\/egidimadeinitaly.com\/v25\/wp-content\/uploads\/2023\/02\/Thomas-Hutchison-Peddie-dipinto-2-scaled-e1675786531876.jpg","width":900,"height":900,"caption":"Thomas Hutchison Peddie tableau"},{"@type":"BreadcrumbList","@id":"https:\/\/egidimadeinitaly.com\/fr\/negozio\/art-moderne\/tableaux-modernes-fr\/thomas-hutchinson-peddie-oeuvre\/#breadcrumb","itemListElement":[{"@type":"ListItem","position":1,"name":"Home","item":"https:\/\/egidimadeinitaly.com\/fr\/"},{"@type":"ListItem","position":2,"name":"Produits","item":"https:\/\/egidimadeinitaly.com\/fr\/shop\/"},{"@type":"ListItem","position":3,"name":"Art moderne","item":"https:\/\/egidimadeinitaly.com\/fr\/product-category\/art-moderne\/"},{"@type":"ListItem","position":4,"name":"Tableaux modernes","item":"https:\/\/egidimadeinitaly.com\/fr\/product-category\/art-moderne\/tableaux-modernes-fr\/"},{"@type":"ListItem","position":5,"name":"Thomas Hutchinson Peddie \u0152uvre"}]},{"@type":"WebSite","@id":"https:\/\/egidimadeinitaly.com\/fr\/#website","url":"https:\/\/egidimadeinitaly.com\/fr\/","name":"Egidi MadeinItaly","description":"Fine Art","potentialAction":[{"@type":"SearchAction","target":{"@type":"EntryPoint","urlTemplate":"https:\/\/egidimadeinitaly.com\/fr\/?s={search_term_string}"},"query-input":{"@type":"PropertyValueSpecification","valueRequired":true,"valueName":"search_term_string"}}],"inLanguage":"fr-FR"}]}},"_links":{"self":[{"href":"https:\/\/egidimadeinitaly.com\/fr\/wp-json\/wp\/v2\/product\/114479","targetHints":{"allow":["GET"]}}],"collection":[{"href":"https:\/\/egidimadeinitaly.com\/fr\/wp-json\/wp\/v2\/product"}],"about":[{"href":"https:\/\/egidimadeinitaly.com\/fr\/wp-json\/wp\/v2\/types\/product"}],"wp:featuredmedia":[{"embeddable":true,"href":"https:\/\/egidimadeinitaly.com\/fr\/wp-json\/wp\/v2\/media\/113651"}],"wp:attachment":[{"href":"https:\/\/egidimadeinitaly.com\/fr\/wp-json\/wp\/v2\/media?parent=114479"}],"wp:term":[{"taxonomy":"product_brand","embeddable":true,"href":"https:\/\/egidimadeinitaly.com\/fr\/wp-json\/wp\/v2\/product_brand?post=114479"},{"taxonomy":"product_cat","embeddable":true,"href":"https:\/\/egidimadeinitaly.com\/fr\/wp-json\/wp\/v2\/product_cat?post=114479"},{"taxonomy":"product_tag","embeddable":true,"href":"https:\/\/egidimadeinitaly.com\/fr\/wp-json\/wp\/v2\/product_tag?post=114479"}],"curies":[{"name":"wp","href":"https:\/\/api.w.org\/{rel}","templated":true}]}}