{"id":114388,"date":"2023-03-10T09:52:53","date_gmt":"2023-03-10T08:52:53","guid":{"rendered":"https:\/\/egidimadeinitaly.com\/ecomsite\/?post_type=product&#038;p=114388"},"modified":"2024-12-14T14:08:21","modified_gmt":"2024-12-14T13:08:21","slug":"mimmo-rotella-seridecollage","status":"publish","type":"product","link":"https:\/\/egidimadeinitaly.com\/fr\/negozio\/art-moderne\/oeuvres-modernes-sur-papiers\/mimmo-rotella-seridecollage\/","title":{"rendered":"Mimmo Rotella Serid\u00e9collage"},"content":{"rendered":"<p>Le <strong>s\u00e9rid\u00e9collage<\/strong> est une \u00e9volution de la <em>s\u00e9rigraphie<\/em> et du collage. Il est typique de l&rsquo;\u0153uvre de <strong>Mimmo Rotella <\/strong>(1918-2006). Il consiste \u00e0 superposer deux ou plusieurs s\u00e9rigraphies et \u00e0 faire des d\u00e9chirures \u00e0 la main.<\/p>\n","protected":false},"excerpt":{"rendered":"<p>Mimmo ROTELLA Hommage \u00e0 Marilyn<br \/>\nSerid\u00e9collage r\u00e9alis\u00e9 \u00e0 partir du poster anthologique d&rsquo;une exposition consacr\u00e9e \u00e0 Marilyn<br \/>\nNum\u00e9rot\u00e9e 49\/125 en bas \u00e0 gouche et sign\u00e9e en bas \u00e0 droite<br \/>\nEn bas \u00e0 gauche, tampon de la <strong>Fondation Mimmo Rotella<\/strong><\/p>\n","protected":false},"featured_media":114383,"template":"","meta":{"_acf_changed":false},"product_brand":[],"product_cat":[6377,6414],"product_tag":[5995,2743,2610],"class_list":{"0":"post-114388","1":"product","2":"type-product","3":"status-publish","4":"has-post-thumbnail","6":"product_cat-art-moderne","7":"product_cat-oeuvres-modernes-sur-papiers","8":"product_tag-art-italien","9":"product_tag-pop-art-fr","10":"product_tag-xx-siecle","12":"first","13":"outofstock","14":"taxable","15":"shipping-taxable","16":"product-type-simple"},"acf":[],"yoast_head":"<!-- This site is optimized with the Yoast SEO Premium plugin v27.5 (Yoast SEO v27.5) - https:\/\/yoast.com\/product\/yoast-seo-premium-wordpress\/ -->\n<title>Mimmo Rotella Serid\u00e9collage - Egidi MadeinItaly<\/title>\n<meta name=\"description\" content=\"Mimmo Rotella serid\u00e9collage Hommage \u00e0 Marilyn \u00e9chantillon 49 sur 125 \u0153uvres sur papier d&#039;art moderne en vente sur Egidi MadeinItaly Ecommerce\" \/>\n<meta name=\"robots\" content=\"index, follow, max-snippet:-1, max-image-preview:large, max-video-preview:-1\" \/>\n<link rel=\"canonical\" href=\"https:\/\/egidimadeinitaly.com\/fr\/produit\/art-moderne\/oeuvres-modernes-sur-papiers\/mimmo-rotella-seridecollage\/\" \/>\n<meta property=\"og:locale\" content=\"fr_FR\" \/>\n<meta property=\"og:type\" content=\"article\" \/>\n<meta property=\"og:title\" content=\"Mimmo Rotella Serid\u00e9collage\" \/>\n<meta property=\"og:description\" content=\"Mimmo ROTELLA Hommage \u00e0 Marilyn Serid\u00e9collage r\u00e9alis\u00e9 \u00e0 partir du poster anthologique d&#039;une exposition consacr\u00e9e \u00e0 Marilyn Num\u00e9rot\u00e9e 49\/125 en bas \u00e0 gouche et sign\u00e9e en bas \u00e0 droite En bas \u00e0 gauche, tampon de la Fondation Mimmo Rotella\" \/>\n<meta property=\"og:url\" content=\"https:\/\/egidimadeinitaly.com\/fr\/produit\/art-moderne\/oeuvres-modernes-sur-papiers\/mimmo-rotella-seridecollage\/\" \/>\n<meta property=\"og:site_name\" content=\"Egidi MadeinItaly\" \/>\n<meta property=\"article:publisher\" content=\"https:\/\/www.facebook.com\/egidimadeinitaly\/\" \/>\n<meta property=\"article:modified_time\" content=\"2024-12-14T13:08:21+00:00\" \/>\n<meta property=\"og:image\" content=\"https:\/\/egidimadeinitaly.com\/wp-content\/uploads\/2023\/03\/Mimmo-Rotella-Marilyn-e1678706888162.jpg\" \/>\n\t<meta property=\"og:image:width\" content=\"900\" \/>\n\t<meta property=\"og:image:height\" content=\"900\" \/>\n\t<meta property=\"og:image:type\" content=\"image\/jpeg\" \/>\n<script type=\"application\/ld+json\" class=\"yoast-schema-graph\">{\"@context\":\"https:\\\/\\\/schema.org\",\"@graph\":[{\"@type\":\"WebPage\",\"@id\":\"https:\\\/\\\/egidimadeinitaly.com\\\/fr\\\/negozio\\\/art-moderne\\\/oeuvres-modernes-sur-papiers\\\/mimmo-rotella-seridecollage\\\/\",\"url\":\"https:\\\/\\\/egidimadeinitaly.com\\\/fr\\\/produit\\\/art-moderne\\\/oeuvres-modernes-sur-papiers\\\/mimmo-rotella-seridecollage\\\/\",\"name\":\"Mimmo Rotella Serid\u00e9collage - Egidi MadeinItaly\",\"isPartOf\":{\"@id\":\"https:\\\/\\\/egidimadeinitaly.com\\\/fr\\\/#website\"},\"primaryImageOfPage\":{\"@id\":\"https:\\\/\\\/egidimadeinitaly.com\\\/fr\\\/produit\\\/art-moderne\\\/oeuvres-modernes-sur-papiers\\\/mimmo-rotella-seridecollage\\\/#primaryimage\"},\"image\":{\"@id\":\"https:\\\/\\\/egidimadeinitaly.com\\\/fr\\\/produit\\\/art-moderne\\\/oeuvres-modernes-sur-papiers\\\/mimmo-rotella-seridecollage\\\/#primaryimage\"},\"thumbnailUrl\":\"https:\\\/\\\/egidimadeinitaly.com\\\/v25\\\/wp-content\\\/uploads\\\/2023\\\/03\\\/Mimmo-Rotella-Marilyn-e1678706888162.jpg\",\"datePublished\":\"2023-03-10T08:52:53+00:00\",\"dateModified\":\"2024-12-14T13:08:21+00:00\",\"description\":\"Mimmo Rotella serid\u00e9collage Hommage \u00e0 Marilyn \u00e9chantillon 49 sur 125 \u0153uvres sur papier d'art moderne en vente sur Egidi MadeinItaly Ecommerce\",\"breadcrumb\":{\"@id\":\"https:\\\/\\\/egidimadeinitaly.com\\\/fr\\\/produit\\\/art-moderne\\\/oeuvres-modernes-sur-papiers\\\/mimmo-rotella-seridecollage\\\/#breadcrumb\"},\"inLanguage\":\"fr-FR\",\"potentialAction\":[{\"@type\":\"ReadAction\",\"target\":[\"https:\\\/\\\/egidimadeinitaly.com\\\/fr\\\/produit\\\/art-moderne\\\/oeuvres-modernes-sur-papiers\\\/mimmo-rotella-seridecollage\\\/\"]}]},{\"@type\":\"ImageObject\",\"inLanguage\":\"fr-FR\",\"@id\":\"https:\\\/\\\/egidimadeinitaly.com\\\/fr\\\/produit\\\/art-moderne\\\/oeuvres-modernes-sur-papiers\\\/mimmo-rotella-seridecollage\\\/#primaryimage\",\"url\":\"https:\\\/\\\/egidimadeinitaly.com\\\/v25\\\/wp-content\\\/uploads\\\/2023\\\/03\\\/Mimmo-Rotella-Marilyn-e1678706888162.jpg\",\"contentUrl\":\"https:\\\/\\\/egidimadeinitaly.com\\\/v25\\\/wp-content\\\/uploads\\\/2023\\\/03\\\/Mimmo-Rotella-Marilyn-e1678706888162.jpg\",\"width\":900,\"height\":900,\"caption\":\"Hommage \u00e0 Marilyn Mimmo Rotella\"},{\"@type\":\"BreadcrumbList\",\"@id\":\"https:\\\/\\\/egidimadeinitaly.com\\\/fr\\\/produit\\\/art-moderne\\\/oeuvres-modernes-sur-papiers\\\/mimmo-rotella-seridecollage\\\/#breadcrumb\",\"itemListElement\":[{\"@type\":\"ListItem\",\"position\":1,\"name\":\"Home\",\"item\":\"https:\\\/\\\/egidimadeinitaly.com\\\/fr\\\/\"},{\"@type\":\"ListItem\",\"position\":2,\"name\":\"Produits\",\"item\":\"https:\\\/\\\/egidimadeinitaly.com\\\/fr\\\/shop\\\/\"},{\"@type\":\"ListItem\",\"position\":3,\"name\":\"Art moderne\",\"item\":\"https:\\\/\\\/egidimadeinitaly.com\\\/fr\\\/product-category\\\/art-moderne\\\/\"},{\"@type\":\"ListItem\",\"position\":4,\"name\":\"\u0152uvres modernes sur papiers\",\"item\":\"https:\\\/\\\/egidimadeinitaly.com\\\/fr\\\/product-category\\\/art-moderne\\\/oeuvres-modernes-sur-papiers\\\/\"},{\"@type\":\"ListItem\",\"position\":5,\"name\":\"Mimmo Rotella Serid\u00e9collage\"}]},{\"@type\":\"WebSite\",\"@id\":\"https:\\\/\\\/egidimadeinitaly.com\\\/fr\\\/#website\",\"url\":\"https:\\\/\\\/egidimadeinitaly.com\\\/fr\\\/\",\"name\":\"Egidi MadeinItaly\",\"description\":\"Fine Art\",\"potentialAction\":[{\"@type\":\"SearchAction\",\"target\":{\"@type\":\"EntryPoint\",\"urlTemplate\":\"https:\\\/\\\/egidimadeinitaly.com\\\/fr\\\/?s={search_term_string}\"},\"query-input\":{\"@type\":\"PropertyValueSpecification\",\"valueRequired\":true,\"valueName\":\"search_term_string\"}}],\"inLanguage\":\"fr-FR\"}]}<\/script>\n<!-- \/ Yoast SEO Premium plugin. -->","yoast_head_json":{"title":"Mimmo Rotella Serid\u00e9collage - Egidi MadeinItaly","description":"Mimmo Rotella serid\u00e9collage Hommage \u00e0 Marilyn \u00e9chantillon 49 sur 125 \u0153uvres sur papier d'art moderne en vente sur Egidi MadeinItaly Ecommerce","robots":{"index":"index","follow":"follow","max-snippet":"max-snippet:-1","max-image-preview":"max-image-preview:large","max-video-preview":"max-video-preview:-1"},"canonical":"https:\/\/egidimadeinitaly.com\/fr\/produit\/art-moderne\/oeuvres-modernes-sur-papiers\/mimmo-rotella-seridecollage\/","og_locale":"fr_FR","og_type":"article","og_title":"Mimmo Rotella Serid\u00e9collage","og_description":"Mimmo ROTELLA Hommage \u00e0 Marilyn Serid\u00e9collage r\u00e9alis\u00e9 \u00e0 partir du poster anthologique d'une exposition consacr\u00e9e \u00e0 Marilyn Num\u00e9rot\u00e9e 49\/125 en bas \u00e0 gouche et sign\u00e9e en bas \u00e0 droite En bas \u00e0 gauche, tampon de la Fondation Mimmo Rotella","og_url":"https:\/\/egidimadeinitaly.com\/fr\/produit\/art-moderne\/oeuvres-modernes-sur-papiers\/mimmo-rotella-seridecollage\/","og_site_name":"Egidi MadeinItaly","article_publisher":"https:\/\/www.facebook.com\/egidimadeinitaly\/","article_modified_time":"2024-12-14T13:08:21+00:00","og_image":[{"width":900,"height":900,"url":"https:\/\/egidimadeinitaly.com\/wp-content\/uploads\/2023\/03\/Mimmo-Rotella-Marilyn-e1678706888162.jpg","type":"image\/jpeg"}],"schema":{"@context":"https:\/\/schema.org","@graph":[{"@type":"WebPage","@id":"https:\/\/egidimadeinitaly.com\/fr\/negozio\/art-moderne\/oeuvres-modernes-sur-papiers\/mimmo-rotella-seridecollage\/","url":"https:\/\/egidimadeinitaly.com\/fr\/produit\/art-moderne\/oeuvres-modernes-sur-papiers\/mimmo-rotella-seridecollage\/","name":"Mimmo Rotella Serid\u00e9collage - Egidi MadeinItaly","isPartOf":{"@id":"https:\/\/egidimadeinitaly.com\/fr\/#website"},"primaryImageOfPage":{"@id":"https:\/\/egidimadeinitaly.com\/fr\/produit\/art-moderne\/oeuvres-modernes-sur-papiers\/mimmo-rotella-seridecollage\/#primaryimage"},"image":{"@id":"https:\/\/egidimadeinitaly.com\/fr\/produit\/art-moderne\/oeuvres-modernes-sur-papiers\/mimmo-rotella-seridecollage\/#primaryimage"},"thumbnailUrl":"https:\/\/egidimadeinitaly.com\/v25\/wp-content\/uploads\/2023\/03\/Mimmo-Rotella-Marilyn-e1678706888162.jpg","datePublished":"2023-03-10T08:52:53+00:00","dateModified":"2024-12-14T13:08:21+00:00","description":"Mimmo Rotella serid\u00e9collage Hommage \u00e0 Marilyn \u00e9chantillon 49 sur 125 \u0153uvres sur papier d'art moderne en vente sur Egidi MadeinItaly Ecommerce","breadcrumb":{"@id":"https:\/\/egidimadeinitaly.com\/fr\/produit\/art-moderne\/oeuvres-modernes-sur-papiers\/mimmo-rotella-seridecollage\/#breadcrumb"},"inLanguage":"fr-FR","potentialAction":[{"@type":"ReadAction","target":["https:\/\/egidimadeinitaly.com\/fr\/produit\/art-moderne\/oeuvres-modernes-sur-papiers\/mimmo-rotella-seridecollage\/"]}]},{"@type":"ImageObject","inLanguage":"fr-FR","@id":"https:\/\/egidimadeinitaly.com\/fr\/produit\/art-moderne\/oeuvres-modernes-sur-papiers\/mimmo-rotella-seridecollage\/#primaryimage","url":"https:\/\/egidimadeinitaly.com\/v25\/wp-content\/uploads\/2023\/03\/Mimmo-Rotella-Marilyn-e1678706888162.jpg","contentUrl":"https:\/\/egidimadeinitaly.com\/v25\/wp-content\/uploads\/2023\/03\/Mimmo-Rotella-Marilyn-e1678706888162.jpg","width":900,"height":900,"caption":"Hommage \u00e0 Marilyn Mimmo Rotella"},{"@type":"BreadcrumbList","@id":"https:\/\/egidimadeinitaly.com\/fr\/produit\/art-moderne\/oeuvres-modernes-sur-papiers\/mimmo-rotella-seridecollage\/#breadcrumb","itemListElement":[{"@type":"ListItem","position":1,"name":"Home","item":"https:\/\/egidimadeinitaly.com\/fr\/"},{"@type":"ListItem","position":2,"name":"Produits","item":"https:\/\/egidimadeinitaly.com\/fr\/shop\/"},{"@type":"ListItem","position":3,"name":"Art moderne","item":"https:\/\/egidimadeinitaly.com\/fr\/product-category\/art-moderne\/"},{"@type":"ListItem","position":4,"name":"\u0152uvres modernes sur papiers","item":"https:\/\/egidimadeinitaly.com\/fr\/product-category\/art-moderne\/oeuvres-modernes-sur-papiers\/"},{"@type":"ListItem","position":5,"name":"Mimmo Rotella Serid\u00e9collage"}]},{"@type":"WebSite","@id":"https:\/\/egidimadeinitaly.com\/fr\/#website","url":"https:\/\/egidimadeinitaly.com\/fr\/","name":"Egidi MadeinItaly","description":"Fine Art","potentialAction":[{"@type":"SearchAction","target":{"@type":"EntryPoint","urlTemplate":"https:\/\/egidimadeinitaly.com\/fr\/?s={search_term_string}"},"query-input":{"@type":"PropertyValueSpecification","valueRequired":true,"valueName":"search_term_string"}}],"inLanguage":"fr-FR"}]}},"_links":{"self":[{"href":"https:\/\/egidimadeinitaly.com\/fr\/wp-json\/wp\/v2\/product\/114388","targetHints":{"allow":["GET"]}}],"collection":[{"href":"https:\/\/egidimadeinitaly.com\/fr\/wp-json\/wp\/v2\/product"}],"about":[{"href":"https:\/\/egidimadeinitaly.com\/fr\/wp-json\/wp\/v2\/types\/product"}],"wp:featuredmedia":[{"embeddable":true,"href":"https:\/\/egidimadeinitaly.com\/fr\/wp-json\/wp\/v2\/media\/114383"}],"wp:attachment":[{"href":"https:\/\/egidimadeinitaly.com\/fr\/wp-json\/wp\/v2\/media?parent=114388"}],"wp:term":[{"taxonomy":"product_brand","embeddable":true,"href":"https:\/\/egidimadeinitaly.com\/fr\/wp-json\/wp\/v2\/product_brand?post=114388"},{"taxonomy":"product_cat","embeddable":true,"href":"https:\/\/egidimadeinitaly.com\/fr\/wp-json\/wp\/v2\/product_cat?post=114388"},{"taxonomy":"product_tag","embeddable":true,"href":"https:\/\/egidimadeinitaly.com\/fr\/wp-json\/wp\/v2\/product_tag?post=114388"}],"curies":[{"name":"wp","href":"https:\/\/api.w.org\/{rel}","templated":true}]}}