{"id":114357,"date":"2023-03-09T11:14:59","date_gmt":"2023-03-09T10:14:59","guid":{"rendered":"https:\/\/egidimadeinitaly.com\/ecomsite\/?post_type=product&#038;p=114357"},"modified":"2024-11-28T20:36:25","modified_gmt":"2024-11-28T19:36:25","slug":"francesco-galante-peinture","status":"publish","type":"product","link":"https:\/\/egidimadeinitaly.com\/fr\/negozio\/art-moderne\/tableaux-modernes-fr\/francesco-galante-peinture\/","title":{"rendered":"Francesco Galante peinture"},"content":{"rendered":"<p>Francesco Galante, huile sur toile ronde agr\u00e9ment\u00e9e d&rsquo;un cadre en bois dor\u00e9. \u00c9tiquette avec nom et date de naissance et de d\u00e9c\u00e8s de l&rsquo;artiste.<\/p>\n","protected":false},"excerpt":{"rendered":"<p>Nu de femme assise sign\u00e9 en bas \u00e0 gauche par <strong>Francesco Galante<\/strong>.<\/p>\n<p>Francesco Galante (1884-1972) est n\u00e9 \u00e0 Margherita di Savoia dans les Pouilles. Il \u00e9tudie \u00e0 l&rsquo;Institut des beaux-arts de Naples, o\u00f9 il a pour ma\u00eetre <a href=\"https:\/\/egidimadeinitaly.com\/ecomsite\/fr\/produit\/art-ancien\/tableaux-anciens-fr\/vincenzo-volpe-tableau\/\">Vincenzo Volpe<\/a>.<\/p>\n<p>&nbsp;<\/p>\n<p>En 1910, il expose son \u0153uvre <em>Sera<\/em>, \u00e0 l&rsquo;Internazionale di Venezia.<\/p>\n<p>Il participe ensuite \u00e0 diverses expositions. Salon de Paris, Bruxelles, Munich, Biennale de Rome. Il ex\u00e9cute les d\u00e9corations du nouveau palais provincial de Reggio de Calabre. Parmi ses \u0153uvres les plus importantes : <em>Attrazione<\/em>, <em>Quiete<\/em>, <em>Nello studio<\/em>, <em>Giuliana<\/em>, <em>Graziella<\/em>, <em>Motivo semplice<\/em>,<\/p>\n","protected":false},"featured_media":114355,"template":"","meta":{"_acf_changed":false},"product_brand":[],"product_cat":[6377,6416],"product_tag":[5995,5306,5492,5443],"class_list":{"0":"post-114357","1":"product","2":"type-product","3":"status-publish","4":"has-post-thumbnail","6":"product_cat-art-moderne","7":"product_cat-tableaux-modernes-fr","8":"product_tag-art-italien","9":"product_tag-objets-de-collection","10":"product_tag-portraits-fr","11":"product_tag-xixeme-siecle","13":"first","14":"outofstock","15":"taxable","16":"shipping-taxable","17":"product-type-simple"},"acf":[],"yoast_head":"<!-- This site is optimized with the Yoast SEO Premium plugin v27.5 (Yoast SEO v27.5) - https:\/\/yoast.com\/product\/yoast-seo-premium-wordpress\/ -->\n<title>Francesco Galante peinture - Egidi MadeinItaly<\/title>\n<meta name=\"description\" content=\"Tableau de Francesco Galante repr\u00e9sentant une femme nue assise avec cadre en vente sur Egidi MadeinItaly Achat et vente de tableaux Venez en d\u00e9couvrir plus\" \/>\n<meta name=\"robots\" content=\"index, follow, max-snippet:-1, max-image-preview:large, max-video-preview:-1\" \/>\n<link rel=\"canonical\" href=\"https:\/\/egidimadeinitaly.com\/fr\/produit\/art-moderne\/tableaux-modernes-fr\/francesco-galante-peinture\/\" \/>\n<meta property=\"og:locale\" content=\"fr_FR\" \/>\n<meta property=\"og:type\" content=\"article\" \/>\n<meta property=\"og:title\" content=\"Francesco Galante peinture\" \/>\n<meta property=\"og:description\" content=\"Nu de femme assise sign\u00e9 en bas \u00e0 gauche par Francesco Galante.  Francesco Galante (1884-1972) est n\u00e9 \u00e0 Margherita di Savoia dans les Pouilles. Il \u00e9tudie \u00e0 l&#039;Institut des beaux-arts de Naples, o\u00f9 il a pour ma\u00eetre Vincenzo Volpe.  &nbsp;  En 1910, il expose son \u0153uvre Sera, \u00e0 l&#039;Internazionale di Venezia.  Il participe ensuite \u00e0 diverses expositions. Salon de Paris, Bruxelles, Munich, Biennale de Rome. Il ex\u00e9cute les d\u00e9corations du nouveau palais provincial de Reggio de Calabre. Parmi ses \u0153uvres les plus importantes : Attrazione, Quiete, Nello studio, Giuliana, Graziella, Motivo semplice,\" \/>\n<meta property=\"og:url\" content=\"https:\/\/egidimadeinitaly.com\/fr\/produit\/art-moderne\/tableaux-modernes-fr\/francesco-galante-peinture\/\" \/>\n<meta property=\"og:site_name\" content=\"Egidi MadeinItaly\" \/>\n<meta property=\"article:publisher\" content=\"https:\/\/www.facebook.com\/egidimadeinitaly\/\" \/>\n<meta property=\"article:modified_time\" content=\"2024-11-28T19:36:25+00:00\" \/>\n<meta property=\"og:image\" content=\"https:\/\/egidimadeinitaly.com\/wp-content\/uploads\/2023\/03\/Francesco-Galante-opera-arte-moderna-e1678707004529.jpg\" \/>\n\t<meta property=\"og:image:width\" content=\"900\" \/>\n\t<meta property=\"og:image:height\" content=\"900\" \/>\n\t<meta property=\"og:image:type\" content=\"image\/jpeg\" \/>\n<script type=\"application\/ld+json\" class=\"yoast-schema-graph\">{\"@context\":\"https:\\\/\\\/schema.org\",\"@graph\":[{\"@type\":\"WebPage\",\"@id\":\"https:\\\/\\\/egidimadeinitaly.com\\\/fr\\\/negozio\\\/art-moderne\\\/tableaux-modernes-fr\\\/francesco-galante-peinture\\\/\",\"url\":\"https:\\\/\\\/egidimadeinitaly.com\\\/fr\\\/produit\\\/art-moderne\\\/tableaux-modernes-fr\\\/francesco-galante-peinture\\\/\",\"name\":\"Francesco Galante peinture - Egidi MadeinItaly\",\"isPartOf\":{\"@id\":\"https:\\\/\\\/egidimadeinitaly.com\\\/fr\\\/#website\"},\"primaryImageOfPage\":{\"@id\":\"https:\\\/\\\/egidimadeinitaly.com\\\/fr\\\/produit\\\/art-moderne\\\/tableaux-modernes-fr\\\/francesco-galante-peinture\\\/#primaryimage\"},\"image\":{\"@id\":\"https:\\\/\\\/egidimadeinitaly.com\\\/fr\\\/produit\\\/art-moderne\\\/tableaux-modernes-fr\\\/francesco-galante-peinture\\\/#primaryimage\"},\"thumbnailUrl\":\"https:\\\/\\\/egidimadeinitaly.com\\\/v25\\\/wp-content\\\/uploads\\\/2023\\\/03\\\/Francesco-Galante-opera-arte-moderna-e1678707004529.jpg\",\"datePublished\":\"2023-03-09T10:14:59+00:00\",\"dateModified\":\"2024-11-28T19:36:25+00:00\",\"description\":\"Tableau de Francesco Galante repr\u00e9sentant une femme nue assise avec cadre en vente sur Egidi MadeinItaly Achat et vente de tableaux Venez en d\u00e9couvrir plus\",\"breadcrumb\":{\"@id\":\"https:\\\/\\\/egidimadeinitaly.com\\\/fr\\\/produit\\\/art-moderne\\\/tableaux-modernes-fr\\\/francesco-galante-peinture\\\/#breadcrumb\"},\"inLanguage\":\"fr-FR\",\"potentialAction\":[{\"@type\":\"ReadAction\",\"target\":[\"https:\\\/\\\/egidimadeinitaly.com\\\/fr\\\/produit\\\/art-moderne\\\/tableaux-modernes-fr\\\/francesco-galante-peinture\\\/\"]}]},{\"@type\":\"ImageObject\",\"inLanguage\":\"fr-FR\",\"@id\":\"https:\\\/\\\/egidimadeinitaly.com\\\/fr\\\/produit\\\/art-moderne\\\/tableaux-modernes-fr\\\/francesco-galante-peinture\\\/#primaryimage\",\"url\":\"https:\\\/\\\/egidimadeinitaly.com\\\/v25\\\/wp-content\\\/uploads\\\/2023\\\/03\\\/Francesco-Galante-opera-arte-moderna-e1678707004529.jpg\",\"contentUrl\":\"https:\\\/\\\/egidimadeinitaly.com\\\/v25\\\/wp-content\\\/uploads\\\/2023\\\/03\\\/Francesco-Galante-opera-arte-moderna-e1678707004529.jpg\",\"width\":900,\"height\":900,\"caption\":\"Francesco Galante Nu de femme assise\"},{\"@type\":\"BreadcrumbList\",\"@id\":\"https:\\\/\\\/egidimadeinitaly.com\\\/fr\\\/produit\\\/art-moderne\\\/tableaux-modernes-fr\\\/francesco-galante-peinture\\\/#breadcrumb\",\"itemListElement\":[{\"@type\":\"ListItem\",\"position\":1,\"name\":\"Home\",\"item\":\"https:\\\/\\\/egidimadeinitaly.com\\\/fr\\\/\"},{\"@type\":\"ListItem\",\"position\":2,\"name\":\"Produits\",\"item\":\"https:\\\/\\\/egidimadeinitaly.com\\\/fr\\\/shop\\\/\"},{\"@type\":\"ListItem\",\"position\":3,\"name\":\"Art moderne\",\"item\":\"https:\\\/\\\/egidimadeinitaly.com\\\/fr\\\/product-category\\\/art-moderne\\\/\"},{\"@type\":\"ListItem\",\"position\":4,\"name\":\"Tableaux modernes\",\"item\":\"https:\\\/\\\/egidimadeinitaly.com\\\/fr\\\/product-category\\\/art-moderne\\\/tableaux-modernes-fr\\\/\"},{\"@type\":\"ListItem\",\"position\":5,\"name\":\"Francesco Galante peinture\"}]},{\"@type\":\"WebSite\",\"@id\":\"https:\\\/\\\/egidimadeinitaly.com\\\/fr\\\/#website\",\"url\":\"https:\\\/\\\/egidimadeinitaly.com\\\/fr\\\/\",\"name\":\"Egidi MadeinItaly\",\"description\":\"Fine Art\",\"potentialAction\":[{\"@type\":\"SearchAction\",\"target\":{\"@type\":\"EntryPoint\",\"urlTemplate\":\"https:\\\/\\\/egidimadeinitaly.com\\\/fr\\\/?s={search_term_string}\"},\"query-input\":{\"@type\":\"PropertyValueSpecification\",\"valueRequired\":true,\"valueName\":\"search_term_string\"}}],\"inLanguage\":\"fr-FR\"}]}<\/script>\n<!-- \/ Yoast SEO Premium plugin. -->","yoast_head_json":{"title":"Francesco Galante peinture - Egidi MadeinItaly","description":"Tableau de Francesco Galante repr\u00e9sentant une femme nue assise avec cadre en vente sur Egidi MadeinItaly Achat et vente de tableaux Venez en d\u00e9couvrir plus","robots":{"index":"index","follow":"follow","max-snippet":"max-snippet:-1","max-image-preview":"max-image-preview:large","max-video-preview":"max-video-preview:-1"},"canonical":"https:\/\/egidimadeinitaly.com\/fr\/produit\/art-moderne\/tableaux-modernes-fr\/francesco-galante-peinture\/","og_locale":"fr_FR","og_type":"article","og_title":"Francesco Galante peinture","og_description":"Nu de femme assise sign\u00e9 en bas \u00e0 gauche par Francesco Galante.  Francesco Galante (1884-1972) est n\u00e9 \u00e0 Margherita di Savoia dans les Pouilles. Il \u00e9tudie \u00e0 l'Institut des beaux-arts de Naples, o\u00f9 il a pour ma\u00eetre Vincenzo Volpe.  &nbsp;  En 1910, il expose son \u0153uvre Sera, \u00e0 l'Internazionale di Venezia.  Il participe ensuite \u00e0 diverses expositions. Salon de Paris, Bruxelles, Munich, Biennale de Rome. Il ex\u00e9cute les d\u00e9corations du nouveau palais provincial de Reggio de Calabre. Parmi ses \u0153uvres les plus importantes : Attrazione, Quiete, Nello studio, Giuliana, Graziella, Motivo semplice,","og_url":"https:\/\/egidimadeinitaly.com\/fr\/produit\/art-moderne\/tableaux-modernes-fr\/francesco-galante-peinture\/","og_site_name":"Egidi MadeinItaly","article_publisher":"https:\/\/www.facebook.com\/egidimadeinitaly\/","article_modified_time":"2024-11-28T19:36:25+00:00","og_image":[{"width":900,"height":900,"url":"https:\/\/egidimadeinitaly.com\/wp-content\/uploads\/2023\/03\/Francesco-Galante-opera-arte-moderna-e1678707004529.jpg","type":"image\/jpeg"}],"schema":{"@context":"https:\/\/schema.org","@graph":[{"@type":"WebPage","@id":"https:\/\/egidimadeinitaly.com\/fr\/negozio\/art-moderne\/tableaux-modernes-fr\/francesco-galante-peinture\/","url":"https:\/\/egidimadeinitaly.com\/fr\/produit\/art-moderne\/tableaux-modernes-fr\/francesco-galante-peinture\/","name":"Francesco Galante peinture - Egidi MadeinItaly","isPartOf":{"@id":"https:\/\/egidimadeinitaly.com\/fr\/#website"},"primaryImageOfPage":{"@id":"https:\/\/egidimadeinitaly.com\/fr\/produit\/art-moderne\/tableaux-modernes-fr\/francesco-galante-peinture\/#primaryimage"},"image":{"@id":"https:\/\/egidimadeinitaly.com\/fr\/produit\/art-moderne\/tableaux-modernes-fr\/francesco-galante-peinture\/#primaryimage"},"thumbnailUrl":"https:\/\/egidimadeinitaly.com\/v25\/wp-content\/uploads\/2023\/03\/Francesco-Galante-opera-arte-moderna-e1678707004529.jpg","datePublished":"2023-03-09T10:14:59+00:00","dateModified":"2024-11-28T19:36:25+00:00","description":"Tableau de Francesco Galante repr\u00e9sentant une femme nue assise avec cadre en vente sur Egidi MadeinItaly Achat et vente de tableaux Venez en d\u00e9couvrir plus","breadcrumb":{"@id":"https:\/\/egidimadeinitaly.com\/fr\/produit\/art-moderne\/tableaux-modernes-fr\/francesco-galante-peinture\/#breadcrumb"},"inLanguage":"fr-FR","potentialAction":[{"@type":"ReadAction","target":["https:\/\/egidimadeinitaly.com\/fr\/produit\/art-moderne\/tableaux-modernes-fr\/francesco-galante-peinture\/"]}]},{"@type":"ImageObject","inLanguage":"fr-FR","@id":"https:\/\/egidimadeinitaly.com\/fr\/produit\/art-moderne\/tableaux-modernes-fr\/francesco-galante-peinture\/#primaryimage","url":"https:\/\/egidimadeinitaly.com\/v25\/wp-content\/uploads\/2023\/03\/Francesco-Galante-opera-arte-moderna-e1678707004529.jpg","contentUrl":"https:\/\/egidimadeinitaly.com\/v25\/wp-content\/uploads\/2023\/03\/Francesco-Galante-opera-arte-moderna-e1678707004529.jpg","width":900,"height":900,"caption":"Francesco Galante Nu de femme assise"},{"@type":"BreadcrumbList","@id":"https:\/\/egidimadeinitaly.com\/fr\/produit\/art-moderne\/tableaux-modernes-fr\/francesco-galante-peinture\/#breadcrumb","itemListElement":[{"@type":"ListItem","position":1,"name":"Home","item":"https:\/\/egidimadeinitaly.com\/fr\/"},{"@type":"ListItem","position":2,"name":"Produits","item":"https:\/\/egidimadeinitaly.com\/fr\/shop\/"},{"@type":"ListItem","position":3,"name":"Art moderne","item":"https:\/\/egidimadeinitaly.com\/fr\/product-category\/art-moderne\/"},{"@type":"ListItem","position":4,"name":"Tableaux modernes","item":"https:\/\/egidimadeinitaly.com\/fr\/product-category\/art-moderne\/tableaux-modernes-fr\/"},{"@type":"ListItem","position":5,"name":"Francesco Galante peinture"}]},{"@type":"WebSite","@id":"https:\/\/egidimadeinitaly.com\/fr\/#website","url":"https:\/\/egidimadeinitaly.com\/fr\/","name":"Egidi MadeinItaly","description":"Fine Art","potentialAction":[{"@type":"SearchAction","target":{"@type":"EntryPoint","urlTemplate":"https:\/\/egidimadeinitaly.com\/fr\/?s={search_term_string}"},"query-input":{"@type":"PropertyValueSpecification","valueRequired":true,"valueName":"search_term_string"}}],"inLanguage":"fr-FR"}]}},"_links":{"self":[{"href":"https:\/\/egidimadeinitaly.com\/fr\/wp-json\/wp\/v2\/product\/114357","targetHints":{"allow":["GET"]}}],"collection":[{"href":"https:\/\/egidimadeinitaly.com\/fr\/wp-json\/wp\/v2\/product"}],"about":[{"href":"https:\/\/egidimadeinitaly.com\/fr\/wp-json\/wp\/v2\/types\/product"}],"wp:featuredmedia":[{"embeddable":true,"href":"https:\/\/egidimadeinitaly.com\/fr\/wp-json\/wp\/v2\/media\/114355"}],"wp:attachment":[{"href":"https:\/\/egidimadeinitaly.com\/fr\/wp-json\/wp\/v2\/media?parent=114357"}],"wp:term":[{"taxonomy":"product_brand","embeddable":true,"href":"https:\/\/egidimadeinitaly.com\/fr\/wp-json\/wp\/v2\/product_brand?post=114357"},{"taxonomy":"product_cat","embeddable":true,"href":"https:\/\/egidimadeinitaly.com\/fr\/wp-json\/wp\/v2\/product_cat?post=114357"},{"taxonomy":"product_tag","embeddable":true,"href":"https:\/\/egidimadeinitaly.com\/fr\/wp-json\/wp\/v2\/product_tag?post=114357"}],"curies":[{"name":"wp","href":"https:\/\/api.w.org\/{rel}","templated":true}]}}