{"id":113303,"date":"2023-01-24T16:43:32","date_gmt":"2023-01-24T15:43:32","guid":{"rendered":"https:\/\/egidimadeinitaly.com\/ecomsite\/negozio\/uncategorized\/mario-schifano-email-sur-toile\/"},"modified":"2025-11-04T14:06:26","modified_gmt":"2025-11-04T13:06:26","slug":"mario-schifano-oeuvre-abstraite-1998-pop-art-italien","status":"publish","type":"product","link":"https:\/\/egidimadeinitaly.com\/fr\/negozio\/art-moderne\/tableaux-modernes-fr\/mario-schifano-oeuvre-abstraite-1998-pop-art-italien\/","title":{"rendered":"Mario Schifano \u0153uvre abstraite 1998 Pop Art italien"},"content":{"rendered":"<p>Archives g\u00e9n\u00e9rales des peintures de Mario Schifano n. 713\/97 du 19.09.1997 Monte Titano Arte.<\/p>\n<p>Bibliographie : l&rsquo;\u0153uvre est pr\u00e9sente dans le volume III\u00b0 Mario Schifano Works on canvas 1991-1998 page 401<\/p>\n","protected":false},"excerpt":{"rendered":"<p>Peinture de <strong>Mario Schifano sign\u00e9e<\/strong> au dos. \u00ab <em>Senza Titolo<\/em> \u00bb (1997) capture la phase abstraite et mat\u00e9rielle de l&rsquo;artiste : des coups de pinceau verts fluides sur un fond bleu-noir, avec \u00ab 1998 \u00bb en bleu comme signature temporelle, \u00e9voquant des flux cosmiques et des gestes informels. L&rsquo;\u0153uvre refl\u00e8te la transition du Pop Art \u00e0 la peinture gestuelle, avec des touches d&rsquo;\u00e9mail pour des textures vives. Ses dimensions compactes la rendent parfaite pour les collections contemporaines ou les int\u00e9rieurs minimalistes.<br \/>\nArchives g\u00e9n\u00e9rales de l&rsquo;\u0153uvre picturale de Mario Schifano n\u00b0 713\/97 en date du 19.09.1997 Monte Titano Arte.<\/p>\n<p>&nbsp;<\/p>\n","protected":false},"featured_media":113283,"template":"","meta":{"_acf_changed":false},"product_brand":[],"product_cat":[6377,6416],"product_tag":[6135],"class_list":{"0":"post-113303","1":"product","2":"type-product","3":"status-publish","4":"has-post-thumbnail","6":"product_cat-art-moderne","7":"product_cat-tableaux-modernes-fr","8":"product_tag-art-moderne","10":"first","11":"outofstock","12":"taxable","13":"shipping-taxable","14":"product-type-simple"},"acf":[],"yoast_head":"<!-- This site is optimized with the Yoast SEO Premium plugin v27.3 (Yoast SEO v27.4) - https:\/\/yoast.com\/product\/yoast-seo-premium-wordpress\/ -->\n<title>Mario Schifano \u0153uvre abstraite 1998 Pop Art italien - Egidi MadeinItaly<\/title>\n<meta name=\"description\" content=\"Mario Schifano \u00c9mail sur toile Signature au dos Certification de l&#039;artiste Archives g\u00e9n\u00e9rales Monte Titano Arte en vente sur Egidi MadeinItaly\" \/>\n<meta name=\"robots\" content=\"index, follow, max-snippet:-1, max-image-preview:large, max-video-preview:-1\" \/>\n<link rel=\"canonical\" href=\"https:\/\/egidimadeinitaly.com\/fr\/produit\/art-moderne\/tableaux-modernes-fr\/mario-schifano-oeuvre\/\" \/>\n<meta property=\"og:locale\" content=\"fr_FR\" \/>\n<meta property=\"og:type\" content=\"article\" \/>\n<meta property=\"og:title\" content=\"Mario Schifano \u0153uvre abstraite 1998 Pop Art italien\" \/>\n<meta property=\"og:description\" content=\"Peinture de Mario Schifano sign\u00e9e au dos. \u00ab Senza Titolo \u00bb (1997) capture la phase abstraite et mat\u00e9rielle de l&#039;artiste : des coups de pinceau verts fluides sur un fond bleu-noir, avec \u00ab 1998 \u00bb en bleu comme signature temporelle, \u00e9voquant des flux cosmiques et des gestes informels. L&#039;\u0153uvre refl\u00e8te la transition du Pop Art \u00e0 la peinture gestuelle, avec des touches d&#039;\u00e9mail pour des textures vives. Ses dimensions compactes la rendent parfaite pour les collections contemporaines ou les int\u00e9rieurs minimalistes. Archives g\u00e9n\u00e9rales de l&#039;\u0153uvre picturale de Mario Schifano n\u00b0 713\/97 en date du 19.09.1997 Monte Titano Arte.  &nbsp;\" \/>\n<meta property=\"og:url\" content=\"https:\/\/egidimadeinitaly.com\/fr\/produit\/art-moderne\/tableaux-modernes-fr\/mario-schifano-oeuvre\/\" \/>\n<meta property=\"og:site_name\" content=\"Egidi MadeinItaly\" \/>\n<meta property=\"article:publisher\" content=\"https:\/\/www.facebook.com\/egidimadeinitaly\/\" \/>\n<meta property=\"article:modified_time\" content=\"2025-11-04T13:06:26+00:00\" \/>\n<meta property=\"og:image\" content=\"https:\/\/egidimadeinitaly.com\/v25\/wp-content\/uploads\/2023\/01\/mario-schifano-senza-titolo-con-cornice-scaled-e1675787973662.jpg\" \/>\n\t<meta property=\"og:image:width\" content=\"900\" \/>\n\t<meta property=\"og:image:height\" content=\"900\" \/>\n\t<meta property=\"og:image:type\" content=\"image\/jpeg\" \/>\n<script type=\"application\/ld+json\" class=\"yoast-schema-graph\">{\"@context\":\"https:\\\/\\\/schema.org\",\"@graph\":[{\"@type\":\"WebPage\",\"@id\":\"https:\\\/\\\/egidimadeinitaly.com\\\/fr\\\/negozio\\\/art-moderne\\\/tableaux-modernes-fr\\\/mario-schifano-oeuvre-abstraite-1998-pop-art-italien\\\/\",\"url\":\"https:\\\/\\\/egidimadeinitaly.com\\\/fr\\\/produit\\\/art-moderne\\\/tableaux-modernes-fr\\\/mario-schifano-oeuvre\\\/\",\"name\":\"Mario Schifano \u0153uvre abstraite 1998 Pop Art italien - Egidi MadeinItaly\",\"isPartOf\":{\"@id\":\"https:\\\/\\\/egidimadeinitaly.com\\\/fr\\\/#website\"},\"primaryImageOfPage\":{\"@id\":\"https:\\\/\\\/egidimadeinitaly.com\\\/fr\\\/produit\\\/art-moderne\\\/tableaux-modernes-fr\\\/mario-schifano-oeuvre\\\/#primaryimage\"},\"image\":{\"@id\":\"https:\\\/\\\/egidimadeinitaly.com\\\/fr\\\/produit\\\/art-moderne\\\/tableaux-modernes-fr\\\/mario-schifano-oeuvre\\\/#primaryimage\"},\"thumbnailUrl\":\"https:\\\/\\\/egidimadeinitaly.com\\\/v25\\\/wp-content\\\/uploads\\\/2023\\\/01\\\/mario-schifano-senza-titolo-con-cornice-scaled-e1675787973662.jpg\",\"datePublished\":\"2023-01-24T15:43:32+00:00\",\"dateModified\":\"2025-11-04T13:06:26+00:00\",\"description\":\"Mario Schifano \u00c9mail sur toile Signature au dos Certification de l'artiste Archives g\u00e9n\u00e9rales Monte Titano Arte en vente sur Egidi MadeinItaly\",\"breadcrumb\":{\"@id\":\"https:\\\/\\\/egidimadeinitaly.com\\\/fr\\\/produit\\\/art-moderne\\\/tableaux-modernes-fr\\\/mario-schifano-oeuvre\\\/#breadcrumb\"},\"inLanguage\":\"fr-FR\",\"potentialAction\":[{\"@type\":\"ReadAction\",\"target\":[\"https:\\\/\\\/egidimadeinitaly.com\\\/fr\\\/produit\\\/art-moderne\\\/tableaux-modernes-fr\\\/mario-schifano-oeuvre\\\/\"]}]},{\"@type\":\"ImageObject\",\"inLanguage\":\"fr-FR\",\"@id\":\"https:\\\/\\\/egidimadeinitaly.com\\\/fr\\\/produit\\\/art-moderne\\\/tableaux-modernes-fr\\\/mario-schifano-oeuvre\\\/#primaryimage\",\"url\":\"https:\\\/\\\/egidimadeinitaly.com\\\/v25\\\/wp-content\\\/uploads\\\/2023\\\/01\\\/mario-schifano-senza-titolo-con-cornice-scaled-e1675787973662.jpg\",\"contentUrl\":\"https:\\\/\\\/egidimadeinitaly.com\\\/v25\\\/wp-content\\\/uploads\\\/2023\\\/01\\\/mario-schifano-senza-titolo-con-cornice-scaled-e1675787973662.jpg\",\"width\":900,\"height\":900,\"caption\":\"Mario Schifano avec cadre \u0152uvre archiv\u00e9e\"},{\"@type\":\"BreadcrumbList\",\"@id\":\"https:\\\/\\\/egidimadeinitaly.com\\\/fr\\\/produit\\\/art-moderne\\\/tableaux-modernes-fr\\\/mario-schifano-oeuvre\\\/#breadcrumb\",\"itemListElement\":[{\"@type\":\"ListItem\",\"position\":1,\"name\":\"Home\",\"item\":\"https:\\\/\\\/egidimadeinitaly.com\\\/fr\\\/\"},{\"@type\":\"ListItem\",\"position\":2,\"name\":\"Produits\",\"item\":\"https:\\\/\\\/egidimadeinitaly.com\\\/fr\\\/shop\\\/\"},{\"@type\":\"ListItem\",\"position\":3,\"name\":\"Art moderne\",\"item\":\"https:\\\/\\\/egidimadeinitaly.com\\\/fr\\\/product-category\\\/art-moderne\\\/\"},{\"@type\":\"ListItem\",\"position\":4,\"name\":\"Tableaux modernes\",\"item\":\"https:\\\/\\\/egidimadeinitaly.com\\\/fr\\\/product-category\\\/art-moderne\\\/tableaux-modernes-fr\\\/\"},{\"@type\":\"ListItem\",\"position\":5,\"name\":\"Mario Schifano \u0153uvre abstraite 1998 Pop Art italien\"}]},{\"@type\":\"WebSite\",\"@id\":\"https:\\\/\\\/egidimadeinitaly.com\\\/fr\\\/#website\",\"url\":\"https:\\\/\\\/egidimadeinitaly.com\\\/fr\\\/\",\"name\":\"Egidi MadeinItaly\",\"description\":\"Fine Art\",\"potentialAction\":[{\"@type\":\"SearchAction\",\"target\":{\"@type\":\"EntryPoint\",\"urlTemplate\":\"https:\\\/\\\/egidimadeinitaly.com\\\/fr\\\/?s={search_term_string}\"},\"query-input\":{\"@type\":\"PropertyValueSpecification\",\"valueRequired\":true,\"valueName\":\"search_term_string\"}}],\"inLanguage\":\"fr-FR\"}]}<\/script>\n<!-- \/ Yoast SEO Premium plugin. -->","yoast_head_json":{"title":"Mario Schifano \u0153uvre abstraite 1998 Pop Art italien - Egidi MadeinItaly","description":"Mario Schifano \u00c9mail sur toile Signature au dos Certification de l'artiste Archives g\u00e9n\u00e9rales Monte Titano Arte en vente sur Egidi MadeinItaly","robots":{"index":"index","follow":"follow","max-snippet":"max-snippet:-1","max-image-preview":"max-image-preview:large","max-video-preview":"max-video-preview:-1"},"canonical":"https:\/\/egidimadeinitaly.com\/fr\/produit\/art-moderne\/tableaux-modernes-fr\/mario-schifano-oeuvre\/","og_locale":"fr_FR","og_type":"article","og_title":"Mario Schifano \u0153uvre abstraite 1998 Pop Art italien","og_description":"Peinture de Mario Schifano sign\u00e9e au dos. \u00ab Senza Titolo \u00bb (1997) capture la phase abstraite et mat\u00e9rielle de l'artiste : des coups de pinceau verts fluides sur un fond bleu-noir, avec \u00ab 1998 \u00bb en bleu comme signature temporelle, \u00e9voquant des flux cosmiques et des gestes informels. L'\u0153uvre refl\u00e8te la transition du Pop Art \u00e0 la peinture gestuelle, avec des touches d'\u00e9mail pour des textures vives. Ses dimensions compactes la rendent parfaite pour les collections contemporaines ou les int\u00e9rieurs minimalistes. Archives g\u00e9n\u00e9rales de l'\u0153uvre picturale de Mario Schifano n\u00b0 713\/97 en date du 19.09.1997 Monte Titano Arte.  &nbsp;","og_url":"https:\/\/egidimadeinitaly.com\/fr\/produit\/art-moderne\/tableaux-modernes-fr\/mario-schifano-oeuvre\/","og_site_name":"Egidi MadeinItaly","article_publisher":"https:\/\/www.facebook.com\/egidimadeinitaly\/","article_modified_time":"2025-11-04T13:06:26+00:00","og_image":[{"width":900,"height":900,"url":"https:\/\/egidimadeinitaly.com\/v25\/wp-content\/uploads\/2023\/01\/mario-schifano-senza-titolo-con-cornice-scaled-e1675787973662.jpg","type":"image\/jpeg"}],"schema":{"@context":"https:\/\/schema.org","@graph":[{"@type":"WebPage","@id":"https:\/\/egidimadeinitaly.com\/fr\/negozio\/art-moderne\/tableaux-modernes-fr\/mario-schifano-oeuvre-abstraite-1998-pop-art-italien\/","url":"https:\/\/egidimadeinitaly.com\/fr\/produit\/art-moderne\/tableaux-modernes-fr\/mario-schifano-oeuvre\/","name":"Mario Schifano \u0153uvre abstraite 1998 Pop Art italien - Egidi MadeinItaly","isPartOf":{"@id":"https:\/\/egidimadeinitaly.com\/fr\/#website"},"primaryImageOfPage":{"@id":"https:\/\/egidimadeinitaly.com\/fr\/produit\/art-moderne\/tableaux-modernes-fr\/mario-schifano-oeuvre\/#primaryimage"},"image":{"@id":"https:\/\/egidimadeinitaly.com\/fr\/produit\/art-moderne\/tableaux-modernes-fr\/mario-schifano-oeuvre\/#primaryimage"},"thumbnailUrl":"https:\/\/egidimadeinitaly.com\/v25\/wp-content\/uploads\/2023\/01\/mario-schifano-senza-titolo-con-cornice-scaled-e1675787973662.jpg","datePublished":"2023-01-24T15:43:32+00:00","dateModified":"2025-11-04T13:06:26+00:00","description":"Mario Schifano \u00c9mail sur toile Signature au dos Certification de l'artiste Archives g\u00e9n\u00e9rales Monte Titano Arte en vente sur Egidi MadeinItaly","breadcrumb":{"@id":"https:\/\/egidimadeinitaly.com\/fr\/produit\/art-moderne\/tableaux-modernes-fr\/mario-schifano-oeuvre\/#breadcrumb"},"inLanguage":"fr-FR","potentialAction":[{"@type":"ReadAction","target":["https:\/\/egidimadeinitaly.com\/fr\/produit\/art-moderne\/tableaux-modernes-fr\/mario-schifano-oeuvre\/"]}]},{"@type":"ImageObject","inLanguage":"fr-FR","@id":"https:\/\/egidimadeinitaly.com\/fr\/produit\/art-moderne\/tableaux-modernes-fr\/mario-schifano-oeuvre\/#primaryimage","url":"https:\/\/egidimadeinitaly.com\/v25\/wp-content\/uploads\/2023\/01\/mario-schifano-senza-titolo-con-cornice-scaled-e1675787973662.jpg","contentUrl":"https:\/\/egidimadeinitaly.com\/v25\/wp-content\/uploads\/2023\/01\/mario-schifano-senza-titolo-con-cornice-scaled-e1675787973662.jpg","width":900,"height":900,"caption":"Mario Schifano avec cadre \u0152uvre archiv\u00e9e"},{"@type":"BreadcrumbList","@id":"https:\/\/egidimadeinitaly.com\/fr\/produit\/art-moderne\/tableaux-modernes-fr\/mario-schifano-oeuvre\/#breadcrumb","itemListElement":[{"@type":"ListItem","position":1,"name":"Home","item":"https:\/\/egidimadeinitaly.com\/fr\/"},{"@type":"ListItem","position":2,"name":"Produits","item":"https:\/\/egidimadeinitaly.com\/fr\/shop\/"},{"@type":"ListItem","position":3,"name":"Art moderne","item":"https:\/\/egidimadeinitaly.com\/fr\/product-category\/art-moderne\/"},{"@type":"ListItem","position":4,"name":"Tableaux modernes","item":"https:\/\/egidimadeinitaly.com\/fr\/product-category\/art-moderne\/tableaux-modernes-fr\/"},{"@type":"ListItem","position":5,"name":"Mario Schifano \u0153uvre abstraite 1998 Pop Art italien"}]},{"@type":"WebSite","@id":"https:\/\/egidimadeinitaly.com\/fr\/#website","url":"https:\/\/egidimadeinitaly.com\/fr\/","name":"Egidi MadeinItaly","description":"Fine Art","potentialAction":[{"@type":"SearchAction","target":{"@type":"EntryPoint","urlTemplate":"https:\/\/egidimadeinitaly.com\/fr\/?s={search_term_string}"},"query-input":{"@type":"PropertyValueSpecification","valueRequired":true,"valueName":"search_term_string"}}],"inLanguage":"fr-FR"}]}},"_links":{"self":[{"href":"https:\/\/egidimadeinitaly.com\/fr\/wp-json\/wp\/v2\/product\/113303","targetHints":{"allow":["GET"]}}],"collection":[{"href":"https:\/\/egidimadeinitaly.com\/fr\/wp-json\/wp\/v2\/product"}],"about":[{"href":"https:\/\/egidimadeinitaly.com\/fr\/wp-json\/wp\/v2\/types\/product"}],"wp:featuredmedia":[{"embeddable":true,"href":"https:\/\/egidimadeinitaly.com\/fr\/wp-json\/wp\/v2\/media\/113283"}],"wp:attachment":[{"href":"https:\/\/egidimadeinitaly.com\/fr\/wp-json\/wp\/v2\/media?parent=113303"}],"wp:term":[{"taxonomy":"product_brand","embeddable":true,"href":"https:\/\/egidimadeinitaly.com\/fr\/wp-json\/wp\/v2\/product_brand?post=113303"},{"taxonomy":"product_cat","embeddable":true,"href":"https:\/\/egidimadeinitaly.com\/fr\/wp-json\/wp\/v2\/product_cat?post=113303"},{"taxonomy":"product_tag","embeddable":true,"href":"https:\/\/egidimadeinitaly.com\/fr\/wp-json\/wp\/v2\/product_tag?post=113303"}],"curies":[{"name":"wp","href":"https:\/\/api.w.org\/{rel}","templated":true}]}}