{"id":112828,"date":"2023-01-09T21:53:20","date_gmt":"2023-01-09T20:53:20","guid":{"rendered":"https:\/\/egidimadeinitaly.com\/ecomsite\/?post_type=product&#038;p=112828"},"modified":"2023-01-14T16:44:36","modified_gmt":"2023-01-14T15:44:36","slug":"hiroshi-yasukawa-tableau","status":"publish","type":"product","link":"https:\/\/egidimadeinitaly.com\/fr\/negozio\/art-moderne\/tableaux-modernes-fr\/hiroshi-yasukawa-tableau\/","title":{"rendered":"Hiroshi Yasukawa Tableau"},"content":{"rendered":"<p>Signature au dos. Art abstrait japonais.<\/p>\n","protected":false},"excerpt":{"rendered":"<p>Composition g\u00e9om\u00e9trique \u00ab\u00a0Sans titre\u00a0\u00bb. Acrylique sur toile.<\/p>\n<p>Hiroshi Yasukawa artiste d&rsquo;apr\u00e8s-guerre.<\/p>\n","protected":false},"featured_media":105571,"template":"","meta":{"_acf_changed":false},"product_brand":[],"product_cat":[6377,6416],"product_tag":[5645,3831],"class_list":{"0":"post-112828","1":"product","2":"type-product","3":"status-publish","4":"has-post-thumbnail","6":"product_cat-art-moderne","7":"product_cat-tableaux-modernes-fr","8":"product_tag-art-abstrait","9":"product_tag-art-japonais","11":"first","12":"instock","13":"taxable","14":"shipping-taxable","15":"product-type-simple"},"acf":[],"yoast_head":"<!-- This site is optimized with the Yoast SEO Premium plugin v27.3 (Yoast SEO v27.4) - https:\/\/yoast.com\/product\/yoast-seo-premium-wordpress\/ -->\n<title>Hiroshi Yasukawa Tableau - Egidi MadeinItaly<\/title>\n<meta name=\"description\" content=\"Hiroshi Yasukawa peinture acrylique sur toile art abstrait japonais. Acheter une peinture d&#039;art moderne sur Egidi MadeinItaly ecommerce\" \/>\n<meta name=\"robots\" content=\"index, follow, max-snippet:-1, max-image-preview:large, max-video-preview:-1\" \/>\n<link rel=\"canonical\" href=\"https:\/\/egidimadeinitaly.com\/fr\/negozio\/art-moderne\/tableaux-modernes-fr\/hiroshi-yasukawa-tableau\/\" \/>\n<meta property=\"og:locale\" content=\"fr_FR\" \/>\n<meta property=\"og:type\" content=\"article\" \/>\n<meta property=\"og:title\" content=\"Hiroshi Yasukawa Tableau\" \/>\n<meta property=\"og:description\" content=\"Composition g\u00e9om\u00e9trique &quot;Sans titre&quot;. Acrylique sur toile.  Hiroshi Yasukawa artiste d&#039;apr\u00e8s-guerre.\" \/>\n<meta property=\"og:url\" content=\"https:\/\/egidimadeinitaly.com\/fr\/negozio\/art-moderne\/tableaux-modernes-fr\/hiroshi-yasukawa-tableau\/\" \/>\n<meta property=\"og:site_name\" content=\"Egidi MadeinItaly\" \/>\n<meta property=\"article:publisher\" content=\"https:\/\/www.facebook.com\/egidimadeinitaly\/\" \/>\n<meta property=\"article:modified_time\" content=\"2023-01-14T15:44:36+00:00\" \/>\n<meta property=\"og:image\" content=\"https:\/\/egidimadeinitaly.com\/wp-content\/uploads\/2021\/11\/2020-06-09-Quadrate-5Mb-78-scaled-e1691070524607.jpg\" \/>\n\t<meta property=\"og:image:width\" content=\"900\" \/>\n\t<meta property=\"og:image:height\" content=\"900\" \/>\n\t<meta property=\"og:image:type\" content=\"image\/jpeg\" \/>\n<script type=\"application\/ld+json\" class=\"yoast-schema-graph\">{\"@context\":\"https:\\\/\\\/schema.org\",\"@graph\":[{\"@type\":\"WebPage\",\"@id\":\"https:\\\/\\\/egidimadeinitaly.com\\\/fr\\\/negozio\\\/art-moderne\\\/tableaux-modernes-fr\\\/hiroshi-yasukawa-tableau\\\/\",\"url\":\"https:\\\/\\\/egidimadeinitaly.com\\\/fr\\\/negozio\\\/art-moderne\\\/tableaux-modernes-fr\\\/hiroshi-yasukawa-tableau\\\/\",\"name\":\"Hiroshi Yasukawa Tableau - Egidi MadeinItaly\",\"isPartOf\":{\"@id\":\"https:\\\/\\\/egidimadeinitaly.com\\\/fr\\\/#website\"},\"primaryImageOfPage\":{\"@id\":\"https:\\\/\\\/egidimadeinitaly.com\\\/fr\\\/negozio\\\/art-moderne\\\/tableaux-modernes-fr\\\/hiroshi-yasukawa-tableau\\\/#primaryimage\"},\"image\":{\"@id\":\"https:\\\/\\\/egidimadeinitaly.com\\\/fr\\\/negozio\\\/art-moderne\\\/tableaux-modernes-fr\\\/hiroshi-yasukawa-tableau\\\/#primaryimage\"},\"thumbnailUrl\":\"https:\\\/\\\/egidimadeinitaly.com\\\/v25\\\/wp-content\\\/uploads\\\/2021\\\/11\\\/2020-06-09-Quadrate-5Mb-78-scaled-e1691070524607.jpg\",\"datePublished\":\"2023-01-09T20:53:20+00:00\",\"dateModified\":\"2023-01-14T15:44:36+00:00\",\"description\":\"Hiroshi Yasukawa peinture acrylique sur toile art abstrait japonais. Acheter une peinture d'art moderne sur Egidi MadeinItaly ecommerce\",\"breadcrumb\":{\"@id\":\"https:\\\/\\\/egidimadeinitaly.com\\\/fr\\\/negozio\\\/art-moderne\\\/tableaux-modernes-fr\\\/hiroshi-yasukawa-tableau\\\/#breadcrumb\"},\"inLanguage\":\"fr-FR\",\"potentialAction\":[{\"@type\":\"ReadAction\",\"target\":[\"https:\\\/\\\/egidimadeinitaly.com\\\/fr\\\/negozio\\\/art-moderne\\\/tableaux-modernes-fr\\\/hiroshi-yasukawa-tableau\\\/\"]}]},{\"@type\":\"ImageObject\",\"inLanguage\":\"fr-FR\",\"@id\":\"https:\\\/\\\/egidimadeinitaly.com\\\/fr\\\/negozio\\\/art-moderne\\\/tableaux-modernes-fr\\\/hiroshi-yasukawa-tableau\\\/#primaryimage\",\"url\":\"https:\\\/\\\/egidimadeinitaly.com\\\/v25\\\/wp-content\\\/uploads\\\/2021\\\/11\\\/2020-06-09-Quadrate-5Mb-78-scaled-e1691070524607.jpg\",\"contentUrl\":\"https:\\\/\\\/egidimadeinitaly.com\\\/v25\\\/wp-content\\\/uploads\\\/2021\\\/11\\\/2020-06-09-Quadrate-5Mb-78-scaled-e1691070524607.jpg\",\"width\":900,\"height\":900,\"caption\":\"Hiroshi Yasukawa Acrylique sur toile\"},{\"@type\":\"BreadcrumbList\",\"@id\":\"https:\\\/\\\/egidimadeinitaly.com\\\/fr\\\/negozio\\\/art-moderne\\\/tableaux-modernes-fr\\\/hiroshi-yasukawa-tableau\\\/#breadcrumb\",\"itemListElement\":[{\"@type\":\"ListItem\",\"position\":1,\"name\":\"Home\",\"item\":\"https:\\\/\\\/egidimadeinitaly.com\\\/fr\\\/\"},{\"@type\":\"ListItem\",\"position\":2,\"name\":\"Produits\",\"item\":\"https:\\\/\\\/egidimadeinitaly.com\\\/fr\\\/shop\\\/\"},{\"@type\":\"ListItem\",\"position\":3,\"name\":\"Art moderne\",\"item\":\"https:\\\/\\\/egidimadeinitaly.com\\\/fr\\\/product-category\\\/art-moderne\\\/\"},{\"@type\":\"ListItem\",\"position\":4,\"name\":\"Tableaux modernes\",\"item\":\"https:\\\/\\\/egidimadeinitaly.com\\\/fr\\\/product-category\\\/art-moderne\\\/tableaux-modernes-fr\\\/\"},{\"@type\":\"ListItem\",\"position\":5,\"name\":\"Hiroshi Yasukawa Tableau\"}]},{\"@type\":\"WebSite\",\"@id\":\"https:\\\/\\\/egidimadeinitaly.com\\\/fr\\\/#website\",\"url\":\"https:\\\/\\\/egidimadeinitaly.com\\\/fr\\\/\",\"name\":\"Egidi MadeinItaly\",\"description\":\"Fine Art\",\"potentialAction\":[{\"@type\":\"SearchAction\",\"target\":{\"@type\":\"EntryPoint\",\"urlTemplate\":\"https:\\\/\\\/egidimadeinitaly.com\\\/fr\\\/?s={search_term_string}\"},\"query-input\":{\"@type\":\"PropertyValueSpecification\",\"valueRequired\":true,\"valueName\":\"search_term_string\"}}],\"inLanguage\":\"fr-FR\"}]}<\/script>\n<!-- \/ Yoast SEO Premium plugin. -->","yoast_head_json":{"title":"Hiroshi Yasukawa Tableau - Egidi MadeinItaly","description":"Hiroshi Yasukawa peinture acrylique sur toile art abstrait japonais. Acheter une peinture d'art moderne sur Egidi MadeinItaly ecommerce","robots":{"index":"index","follow":"follow","max-snippet":"max-snippet:-1","max-image-preview":"max-image-preview:large","max-video-preview":"max-video-preview:-1"},"canonical":"https:\/\/egidimadeinitaly.com\/fr\/negozio\/art-moderne\/tableaux-modernes-fr\/hiroshi-yasukawa-tableau\/","og_locale":"fr_FR","og_type":"article","og_title":"Hiroshi Yasukawa Tableau","og_description":"Composition g\u00e9om\u00e9trique \"Sans titre\". Acrylique sur toile.  Hiroshi Yasukawa artiste d'apr\u00e8s-guerre.","og_url":"https:\/\/egidimadeinitaly.com\/fr\/negozio\/art-moderne\/tableaux-modernes-fr\/hiroshi-yasukawa-tableau\/","og_site_name":"Egidi MadeinItaly","article_publisher":"https:\/\/www.facebook.com\/egidimadeinitaly\/","article_modified_time":"2023-01-14T15:44:36+00:00","og_image":[{"width":900,"height":900,"url":"https:\/\/egidimadeinitaly.com\/wp-content\/uploads\/2021\/11\/2020-06-09-Quadrate-5Mb-78-scaled-e1691070524607.jpg","type":"image\/jpeg"}],"schema":{"@context":"https:\/\/schema.org","@graph":[{"@type":"WebPage","@id":"https:\/\/egidimadeinitaly.com\/fr\/negozio\/art-moderne\/tableaux-modernes-fr\/hiroshi-yasukawa-tableau\/","url":"https:\/\/egidimadeinitaly.com\/fr\/negozio\/art-moderne\/tableaux-modernes-fr\/hiroshi-yasukawa-tableau\/","name":"Hiroshi Yasukawa Tableau - Egidi MadeinItaly","isPartOf":{"@id":"https:\/\/egidimadeinitaly.com\/fr\/#website"},"primaryImageOfPage":{"@id":"https:\/\/egidimadeinitaly.com\/fr\/negozio\/art-moderne\/tableaux-modernes-fr\/hiroshi-yasukawa-tableau\/#primaryimage"},"image":{"@id":"https:\/\/egidimadeinitaly.com\/fr\/negozio\/art-moderne\/tableaux-modernes-fr\/hiroshi-yasukawa-tableau\/#primaryimage"},"thumbnailUrl":"https:\/\/egidimadeinitaly.com\/v25\/wp-content\/uploads\/2021\/11\/2020-06-09-Quadrate-5Mb-78-scaled-e1691070524607.jpg","datePublished":"2023-01-09T20:53:20+00:00","dateModified":"2023-01-14T15:44:36+00:00","description":"Hiroshi Yasukawa peinture acrylique sur toile art abstrait japonais. Acheter une peinture d'art moderne sur Egidi MadeinItaly ecommerce","breadcrumb":{"@id":"https:\/\/egidimadeinitaly.com\/fr\/negozio\/art-moderne\/tableaux-modernes-fr\/hiroshi-yasukawa-tableau\/#breadcrumb"},"inLanguage":"fr-FR","potentialAction":[{"@type":"ReadAction","target":["https:\/\/egidimadeinitaly.com\/fr\/negozio\/art-moderne\/tableaux-modernes-fr\/hiroshi-yasukawa-tableau\/"]}]},{"@type":"ImageObject","inLanguage":"fr-FR","@id":"https:\/\/egidimadeinitaly.com\/fr\/negozio\/art-moderne\/tableaux-modernes-fr\/hiroshi-yasukawa-tableau\/#primaryimage","url":"https:\/\/egidimadeinitaly.com\/v25\/wp-content\/uploads\/2021\/11\/2020-06-09-Quadrate-5Mb-78-scaled-e1691070524607.jpg","contentUrl":"https:\/\/egidimadeinitaly.com\/v25\/wp-content\/uploads\/2021\/11\/2020-06-09-Quadrate-5Mb-78-scaled-e1691070524607.jpg","width":900,"height":900,"caption":"Hiroshi Yasukawa Acrylique sur toile"},{"@type":"BreadcrumbList","@id":"https:\/\/egidimadeinitaly.com\/fr\/negozio\/art-moderne\/tableaux-modernes-fr\/hiroshi-yasukawa-tableau\/#breadcrumb","itemListElement":[{"@type":"ListItem","position":1,"name":"Home","item":"https:\/\/egidimadeinitaly.com\/fr\/"},{"@type":"ListItem","position":2,"name":"Produits","item":"https:\/\/egidimadeinitaly.com\/fr\/shop\/"},{"@type":"ListItem","position":3,"name":"Art moderne","item":"https:\/\/egidimadeinitaly.com\/fr\/product-category\/art-moderne\/"},{"@type":"ListItem","position":4,"name":"Tableaux modernes","item":"https:\/\/egidimadeinitaly.com\/fr\/product-category\/art-moderne\/tableaux-modernes-fr\/"},{"@type":"ListItem","position":5,"name":"Hiroshi Yasukawa Tableau"}]},{"@type":"WebSite","@id":"https:\/\/egidimadeinitaly.com\/fr\/#website","url":"https:\/\/egidimadeinitaly.com\/fr\/","name":"Egidi MadeinItaly","description":"Fine Art","potentialAction":[{"@type":"SearchAction","target":{"@type":"EntryPoint","urlTemplate":"https:\/\/egidimadeinitaly.com\/fr\/?s={search_term_string}"},"query-input":{"@type":"PropertyValueSpecification","valueRequired":true,"valueName":"search_term_string"}}],"inLanguage":"fr-FR"}]}},"_links":{"self":[{"href":"https:\/\/egidimadeinitaly.com\/fr\/wp-json\/wp\/v2\/product\/112828","targetHints":{"allow":["GET"]}}],"collection":[{"href":"https:\/\/egidimadeinitaly.com\/fr\/wp-json\/wp\/v2\/product"}],"about":[{"href":"https:\/\/egidimadeinitaly.com\/fr\/wp-json\/wp\/v2\/types\/product"}],"wp:featuredmedia":[{"embeddable":true,"href":"https:\/\/egidimadeinitaly.com\/fr\/wp-json\/wp\/v2\/media\/105571"}],"wp:attachment":[{"href":"https:\/\/egidimadeinitaly.com\/fr\/wp-json\/wp\/v2\/media?parent=112828"}],"wp:term":[{"taxonomy":"product_brand","embeddable":true,"href":"https:\/\/egidimadeinitaly.com\/fr\/wp-json\/wp\/v2\/product_brand?post=112828"},{"taxonomy":"product_cat","embeddable":true,"href":"https:\/\/egidimadeinitaly.com\/fr\/wp-json\/wp\/v2\/product_cat?post=112828"},{"taxonomy":"product_tag","embeddable":true,"href":"https:\/\/egidimadeinitaly.com\/fr\/wp-json\/wp\/v2\/product_tag?post=112828"}],"curies":[{"name":"wp","href":"https:\/\/api.w.org\/{rel}","templated":true}]}}