{"id":112743,"date":"2022-12-29T15:38:20","date_gmt":"2022-12-29T14:38:20","guid":{"rendered":"https:\/\/egidimadeinitaly.com\/ecomsite\/?post_type=product&#038;p=112743"},"modified":"2025-04-22T18:03:52","modified_gmt":"2025-04-22T17:03:52","slug":"pietro-gaudenzi-tableau","status":"publish","type":"product","link":"https:\/\/egidimadeinitaly.com\/fr\/negozio\/art-moderne\/oeuvres-modernes-sur-papiers\/pietro-gaudenzi-tableau\/","title":{"rendered":"Pietro Gaudenzi tableau"},"content":{"rendered":"<p>Fusain sur papier sur planche en peuplier.<\/p>\n<p>Le fusain, est une baguette de charbon de bois tr\u00e8s doux, qui laissait une grande trace sur le papier et pouvait ensuite \u00eatre facilement enlev\u00e9.<\/p>\n","protected":false},"excerpt":{"rendered":"<p>Portrait de Maria Candida Gaudenzi sign\u00e9 P. Gaudenzi papier sur bois<\/p>\n","protected":false},"featured_media":112690,"template":"","meta":{"_acf_changed":false},"product_brand":[],"product_cat":[6377,6414],"product_tag":[6135,6154,5492],"class_list":{"0":"post-112743","1":"product","2":"type-product","3":"status-publish","4":"has-post-thumbnail","6":"product_cat-art-moderne","7":"product_cat-oeuvres-modernes-sur-papiers","8":"product_tag-art-moderne","9":"product_tag-ecole-romaine","10":"product_tag-portraits-fr","12":"first","13":"outofstock","14":"taxable","15":"shipping-taxable","16":"product-type-simple"},"acf":[],"yoast_head":"<!-- This site is optimized with the Yoast SEO Premium plugin v27.3 (Yoast SEO v27.4) - https:\/\/yoast.com\/product\/yoast-seo-premium-wordpress\/ -->\n<title>Pietro Gaudenzi tableau - Egidi MadeinItaly<\/title>\n<meta name=\"description\" content=\"Pietro Gaudenzi Portrait de fille Fusain sur papier sur planche en peuplier premi\u00e8re moiti\u00e9 du 20eme si\u00e8cle disponible sur Egidi MadeinItaly ecommerce\" \/>\n<meta name=\"robots\" content=\"index, follow, max-snippet:-1, max-image-preview:large, max-video-preview:-1\" \/>\n<link rel=\"canonical\" href=\"https:\/\/egidimadeinitaly.com\/fr\/produit\/art-moderne\/oeuvres-modernes-sur-papiers\/pietro-gaudenzi-tableau\/\" \/>\n<meta property=\"og:locale\" content=\"fr_FR\" \/>\n<meta property=\"og:type\" content=\"article\" \/>\n<meta property=\"og:title\" content=\"Pietro Gaudenzi tableau\" \/>\n<meta property=\"og:description\" content=\"Portrait de Maria Candida Gaudenzi sign\u00e9 P. Gaudenzi papier sur bois\" \/>\n<meta property=\"og:url\" content=\"https:\/\/egidimadeinitaly.com\/fr\/produit\/art-moderne\/oeuvres-modernes-sur-papiers\/pietro-gaudenzi-tableau\/\" \/>\n<meta property=\"og:site_name\" content=\"Egidi MadeinItaly\" \/>\n<meta property=\"article:publisher\" content=\"https:\/\/www.facebook.com\/egidimadeinitaly\/\" \/>\n<meta property=\"article:modified_time\" content=\"2025-04-22T17:03:52+00:00\" \/>\n<meta property=\"og:image\" content=\"https:\/\/egidimadeinitaly.com\/wp-content\/uploads\/2022\/11\/Pietro-Gaudenzi-ritratto-scaled-e1675788516694.jpg\" \/>\n\t<meta property=\"og:image:width\" content=\"900\" \/>\n\t<meta property=\"og:image:height\" content=\"900\" \/>\n\t<meta property=\"og:image:type\" content=\"image\/jpeg\" \/>\n<script type=\"application\/ld+json\" class=\"yoast-schema-graph\">{\"@context\":\"https:\\\/\\\/schema.org\",\"@graph\":[{\"@type\":\"WebPage\",\"@id\":\"https:\\\/\\\/egidimadeinitaly.com\\\/fr\\\/negozio\\\/art-moderne\\\/oeuvres-modernes-sur-papiers\\\/pietro-gaudenzi-tableau\\\/\",\"url\":\"https:\\\/\\\/egidimadeinitaly.com\\\/fr\\\/produit\\\/art-moderne\\\/oeuvres-modernes-sur-papiers\\\/pietro-gaudenzi-tableau\\\/\",\"name\":\"Pietro Gaudenzi tableau - Egidi MadeinItaly\",\"isPartOf\":{\"@id\":\"https:\\\/\\\/egidimadeinitaly.com\\\/fr\\\/#website\"},\"primaryImageOfPage\":{\"@id\":\"https:\\\/\\\/egidimadeinitaly.com\\\/fr\\\/produit\\\/art-moderne\\\/oeuvres-modernes-sur-papiers\\\/pietro-gaudenzi-tableau\\\/#primaryimage\"},\"image\":{\"@id\":\"https:\\\/\\\/egidimadeinitaly.com\\\/fr\\\/produit\\\/art-moderne\\\/oeuvres-modernes-sur-papiers\\\/pietro-gaudenzi-tableau\\\/#primaryimage\"},\"thumbnailUrl\":\"https:\\\/\\\/egidimadeinitaly.com\\\/v25\\\/wp-content\\\/uploads\\\/2022\\\/11\\\/Pietro-Gaudenzi-ritratto-scaled-e1675788516694.jpg\",\"datePublished\":\"2022-12-29T14:38:20+00:00\",\"dateModified\":\"2025-04-22T17:03:52+00:00\",\"description\":\"Pietro Gaudenzi Portrait de fille Fusain sur papier sur planche en peuplier premi\u00e8re moiti\u00e9 du 20eme si\u00e8cle disponible sur Egidi MadeinItaly ecommerce\",\"breadcrumb\":{\"@id\":\"https:\\\/\\\/egidimadeinitaly.com\\\/fr\\\/produit\\\/art-moderne\\\/oeuvres-modernes-sur-papiers\\\/pietro-gaudenzi-tableau\\\/#breadcrumb\"},\"inLanguage\":\"fr-FR\",\"potentialAction\":[{\"@type\":\"ReadAction\",\"target\":[\"https:\\\/\\\/egidimadeinitaly.com\\\/fr\\\/produit\\\/art-moderne\\\/oeuvres-modernes-sur-papiers\\\/pietro-gaudenzi-tableau\\\/\"]}]},{\"@type\":\"ImageObject\",\"inLanguage\":\"fr-FR\",\"@id\":\"https:\\\/\\\/egidimadeinitaly.com\\\/fr\\\/produit\\\/art-moderne\\\/oeuvres-modernes-sur-papiers\\\/pietro-gaudenzi-tableau\\\/#primaryimage\",\"url\":\"https:\\\/\\\/egidimadeinitaly.com\\\/v25\\\/wp-content\\\/uploads\\\/2022\\\/11\\\/Pietro-Gaudenzi-ritratto-scaled-e1675788516694.jpg\",\"contentUrl\":\"https:\\\/\\\/egidimadeinitaly.com\\\/v25\\\/wp-content\\\/uploads\\\/2022\\\/11\\\/Pietro-Gaudenzi-ritratto-scaled-e1675788516694.jpg\",\"width\":900,\"height\":900,\"caption\":\"Pietro Gaudenzi portrait\"},{\"@type\":\"BreadcrumbList\",\"@id\":\"https:\\\/\\\/egidimadeinitaly.com\\\/fr\\\/produit\\\/art-moderne\\\/oeuvres-modernes-sur-papiers\\\/pietro-gaudenzi-tableau\\\/#breadcrumb\",\"itemListElement\":[{\"@type\":\"ListItem\",\"position\":1,\"name\":\"Home\",\"item\":\"https:\\\/\\\/egidimadeinitaly.com\\\/fr\\\/\"},{\"@type\":\"ListItem\",\"position\":2,\"name\":\"Produits\",\"item\":\"https:\\\/\\\/egidimadeinitaly.com\\\/fr\\\/shop\\\/\"},{\"@type\":\"ListItem\",\"position\":3,\"name\":\"Art moderne\",\"item\":\"https:\\\/\\\/egidimadeinitaly.com\\\/fr\\\/product-category\\\/art-moderne\\\/\"},{\"@type\":\"ListItem\",\"position\":4,\"name\":\"\u0152uvres modernes sur papiers\",\"item\":\"https:\\\/\\\/egidimadeinitaly.com\\\/fr\\\/product-category\\\/art-moderne\\\/oeuvres-modernes-sur-papiers\\\/\"},{\"@type\":\"ListItem\",\"position\":5,\"name\":\"Pietro Gaudenzi tableau\"}]},{\"@type\":\"WebSite\",\"@id\":\"https:\\\/\\\/egidimadeinitaly.com\\\/fr\\\/#website\",\"url\":\"https:\\\/\\\/egidimadeinitaly.com\\\/fr\\\/\",\"name\":\"Egidi MadeinItaly\",\"description\":\"Fine Art\",\"potentialAction\":[{\"@type\":\"SearchAction\",\"target\":{\"@type\":\"EntryPoint\",\"urlTemplate\":\"https:\\\/\\\/egidimadeinitaly.com\\\/fr\\\/?s={search_term_string}\"},\"query-input\":{\"@type\":\"PropertyValueSpecification\",\"valueRequired\":true,\"valueName\":\"search_term_string\"}}],\"inLanguage\":\"fr-FR\"}]}<\/script>\n<!-- \/ Yoast SEO Premium plugin. -->","yoast_head_json":{"title":"Pietro Gaudenzi tableau - Egidi MadeinItaly","description":"Pietro Gaudenzi Portrait de fille Fusain sur papier sur planche en peuplier premi\u00e8re moiti\u00e9 du 20eme si\u00e8cle disponible sur Egidi MadeinItaly ecommerce","robots":{"index":"index","follow":"follow","max-snippet":"max-snippet:-1","max-image-preview":"max-image-preview:large","max-video-preview":"max-video-preview:-1"},"canonical":"https:\/\/egidimadeinitaly.com\/fr\/produit\/art-moderne\/oeuvres-modernes-sur-papiers\/pietro-gaudenzi-tableau\/","og_locale":"fr_FR","og_type":"article","og_title":"Pietro Gaudenzi tableau","og_description":"Portrait de Maria Candida Gaudenzi sign\u00e9 P. Gaudenzi papier sur bois","og_url":"https:\/\/egidimadeinitaly.com\/fr\/produit\/art-moderne\/oeuvres-modernes-sur-papiers\/pietro-gaudenzi-tableau\/","og_site_name":"Egidi MadeinItaly","article_publisher":"https:\/\/www.facebook.com\/egidimadeinitaly\/","article_modified_time":"2025-04-22T17:03:52+00:00","og_image":[{"width":900,"height":900,"url":"https:\/\/egidimadeinitaly.com\/wp-content\/uploads\/2022\/11\/Pietro-Gaudenzi-ritratto-scaled-e1675788516694.jpg","type":"image\/jpeg"}],"schema":{"@context":"https:\/\/schema.org","@graph":[{"@type":"WebPage","@id":"https:\/\/egidimadeinitaly.com\/fr\/negozio\/art-moderne\/oeuvres-modernes-sur-papiers\/pietro-gaudenzi-tableau\/","url":"https:\/\/egidimadeinitaly.com\/fr\/produit\/art-moderne\/oeuvres-modernes-sur-papiers\/pietro-gaudenzi-tableau\/","name":"Pietro Gaudenzi tableau - Egidi MadeinItaly","isPartOf":{"@id":"https:\/\/egidimadeinitaly.com\/fr\/#website"},"primaryImageOfPage":{"@id":"https:\/\/egidimadeinitaly.com\/fr\/produit\/art-moderne\/oeuvres-modernes-sur-papiers\/pietro-gaudenzi-tableau\/#primaryimage"},"image":{"@id":"https:\/\/egidimadeinitaly.com\/fr\/produit\/art-moderne\/oeuvres-modernes-sur-papiers\/pietro-gaudenzi-tableau\/#primaryimage"},"thumbnailUrl":"https:\/\/egidimadeinitaly.com\/v25\/wp-content\/uploads\/2022\/11\/Pietro-Gaudenzi-ritratto-scaled-e1675788516694.jpg","datePublished":"2022-12-29T14:38:20+00:00","dateModified":"2025-04-22T17:03:52+00:00","description":"Pietro Gaudenzi Portrait de fille Fusain sur papier sur planche en peuplier premi\u00e8re moiti\u00e9 du 20eme si\u00e8cle disponible sur Egidi MadeinItaly ecommerce","breadcrumb":{"@id":"https:\/\/egidimadeinitaly.com\/fr\/produit\/art-moderne\/oeuvres-modernes-sur-papiers\/pietro-gaudenzi-tableau\/#breadcrumb"},"inLanguage":"fr-FR","potentialAction":[{"@type":"ReadAction","target":["https:\/\/egidimadeinitaly.com\/fr\/produit\/art-moderne\/oeuvres-modernes-sur-papiers\/pietro-gaudenzi-tableau\/"]}]},{"@type":"ImageObject","inLanguage":"fr-FR","@id":"https:\/\/egidimadeinitaly.com\/fr\/produit\/art-moderne\/oeuvres-modernes-sur-papiers\/pietro-gaudenzi-tableau\/#primaryimage","url":"https:\/\/egidimadeinitaly.com\/v25\/wp-content\/uploads\/2022\/11\/Pietro-Gaudenzi-ritratto-scaled-e1675788516694.jpg","contentUrl":"https:\/\/egidimadeinitaly.com\/v25\/wp-content\/uploads\/2022\/11\/Pietro-Gaudenzi-ritratto-scaled-e1675788516694.jpg","width":900,"height":900,"caption":"Pietro Gaudenzi portrait"},{"@type":"BreadcrumbList","@id":"https:\/\/egidimadeinitaly.com\/fr\/produit\/art-moderne\/oeuvres-modernes-sur-papiers\/pietro-gaudenzi-tableau\/#breadcrumb","itemListElement":[{"@type":"ListItem","position":1,"name":"Home","item":"https:\/\/egidimadeinitaly.com\/fr\/"},{"@type":"ListItem","position":2,"name":"Produits","item":"https:\/\/egidimadeinitaly.com\/fr\/shop\/"},{"@type":"ListItem","position":3,"name":"Art moderne","item":"https:\/\/egidimadeinitaly.com\/fr\/product-category\/art-moderne\/"},{"@type":"ListItem","position":4,"name":"\u0152uvres modernes sur papiers","item":"https:\/\/egidimadeinitaly.com\/fr\/product-category\/art-moderne\/oeuvres-modernes-sur-papiers\/"},{"@type":"ListItem","position":5,"name":"Pietro Gaudenzi tableau"}]},{"@type":"WebSite","@id":"https:\/\/egidimadeinitaly.com\/fr\/#website","url":"https:\/\/egidimadeinitaly.com\/fr\/","name":"Egidi MadeinItaly","description":"Fine Art","potentialAction":[{"@type":"SearchAction","target":{"@type":"EntryPoint","urlTemplate":"https:\/\/egidimadeinitaly.com\/fr\/?s={search_term_string}"},"query-input":{"@type":"PropertyValueSpecification","valueRequired":true,"valueName":"search_term_string"}}],"inLanguage":"fr-FR"}]}},"_links":{"self":[{"href":"https:\/\/egidimadeinitaly.com\/fr\/wp-json\/wp\/v2\/product\/112743","targetHints":{"allow":["GET"]}}],"collection":[{"href":"https:\/\/egidimadeinitaly.com\/fr\/wp-json\/wp\/v2\/product"}],"about":[{"href":"https:\/\/egidimadeinitaly.com\/fr\/wp-json\/wp\/v2\/types\/product"}],"wp:featuredmedia":[{"embeddable":true,"href":"https:\/\/egidimadeinitaly.com\/fr\/wp-json\/wp\/v2\/media\/112690"}],"wp:attachment":[{"href":"https:\/\/egidimadeinitaly.com\/fr\/wp-json\/wp\/v2\/media?parent=112743"}],"wp:term":[{"taxonomy":"product_brand","embeddable":true,"href":"https:\/\/egidimadeinitaly.com\/fr\/wp-json\/wp\/v2\/product_brand?post=112743"},{"taxonomy":"product_cat","embeddable":true,"href":"https:\/\/egidimadeinitaly.com\/fr\/wp-json\/wp\/v2\/product_cat?post=112743"},{"taxonomy":"product_tag","embeddable":true,"href":"https:\/\/egidimadeinitaly.com\/fr\/wp-json\/wp\/v2\/product_tag?post=112743"}],"curies":[{"name":"wp","href":"https:\/\/api.w.org\/{rel}","templated":true}]}}