{"id":111916,"date":"2022-09-23T11:04:31","date_gmt":"2022-09-23T10:04:31","guid":{"rendered":"https:\/\/egidimadeinitaly.com\/ecomsite\/?post_type=product&#038;p=111916"},"modified":"2024-08-05T10:28:23","modified_gmt":"2024-08-05T09:28:23","slug":"vincenzo-frunzo-tableau","status":"publish","type":"product","link":"https:\/\/egidimadeinitaly.com\/fr\/negozio\/art-moderne\/tableaux-modernes-fr\/vincenzo-frunzo-tableau\/","title":{"rendered":"Vincenzo Frunzo Tableau"},"content":{"rendered":"<p>Technique mixte.\u00a0 Au dos du tableau figure l&rsquo;\u00e9tiquette de la prestigieuse <a href=\"https:\/\/egidimadeinitaly.com\/fr\/galleria-numero-de-fiamma-vigo\/\">Galleria Numero Firenze de Fiamma Vigo<\/a>, o\u00f9 le tableau a \u00e9t\u00e9 expos\u00e9.<\/p>\n<p><strong>Vincenzo Frunzo<\/strong> faisait partie du <a href=\"https:\/\/egidimadeinitaly.com\/fr\/mac-mouvement-dart-concret\/\">Mouvement MAC<\/a><\/p>\n","protected":false},"excerpt":{"rendered":"<p><strong>Vincenzo Frunzo<\/strong> tableau intitul\u00e9 <em>Tramonto di sera<\/em> dat\u00e9 1961<\/p>\n","protected":false},"featured_media":111872,"template":"","meta":{"_acf_changed":false},"product_brand":[],"product_cat":[6377,6416],"product_tag":[5645,6262,6135,6494],"class_list":{"0":"post-111916","1":"product","2":"type-product","3":"status-publish","4":"has-post-thumbnail","6":"product_cat-art-moderne","7":"product_cat-tableaux-modernes-fr","8":"product_tag-art-abstrait","9":"product_tag-art-informel","10":"product_tag-art-moderne","11":"product_tag-galleria-numero-de-fiamma-vigo","13":"first","14":"outofstock","15":"taxable","16":"shipping-taxable","17":"product-type-simple"},"acf":[],"yoast_head":"<!-- This site is optimized with the Yoast SEO Premium plugin v27.3 (Yoast SEO v27.4) - https:\/\/yoast.com\/product\/yoast-seo-premium-wordpress\/ -->\n<title>Vincenzo Frunzo Tableau - Egidi MadeinItaly<\/title>\n<meta name=\"description\" content=\"Vincenzo Frunzo tableau intitul\u00e9 Tramonto di sera au verso \u00e9tiquette Galleria Numero Firenze Tableaux Art Modernes en vente sur Egidi MadeinItaly Ecommerce\" \/>\n<meta name=\"robots\" content=\"index, follow, max-snippet:-1, max-image-preview:large, max-video-preview:-1\" \/>\n<link rel=\"canonical\" href=\"https:\/\/egidimadeinitaly.com\/fr\/ecomsite\/fr\/?post_type=product&p=111916&preview=true\" \/>\n<meta property=\"og:locale\" content=\"fr_FR\" \/>\n<meta property=\"og:type\" content=\"article\" \/>\n<meta property=\"og:title\" content=\"Vincenzo Frunzo Tableau\" \/>\n<meta property=\"og:description\" content=\"Vincenzo Frunzo tableau intitul\u00e9 Tramonto di sera dat\u00e9 1961\" \/>\n<meta property=\"og:url\" content=\"https:\/\/egidimadeinitaly.com\/ecomsite\/fr\/?post_type=product&amp;p=111916&amp;preview=true\" \/>\n<meta property=\"og:site_name\" content=\"Egidi MadeinItaly\" \/>\n<meta property=\"article:publisher\" content=\"https:\/\/www.facebook.com\/egidimadeinitaly\/\" \/>\n<meta property=\"article:modified_time\" content=\"2024-08-05T09:28:23+00:00\" \/>\n<meta property=\"og:image\" content=\"https:\/\/egidimadeinitaly.com\/wp-content\/uploads\/2022\/09\/Frunzo-Paesaggio-di-sera-1961-4-scaled-e1678731014855.jpg\" \/>\n\t<meta property=\"og:image:width\" content=\"1024\" \/>\n\t<meta property=\"og:image:height\" content=\"1024\" \/>\n\t<meta property=\"og:image:type\" content=\"image\/jpeg\" \/>\n<script type=\"application\/ld+json\" class=\"yoast-schema-graph\">{\"@context\":\"https:\\\/\\\/schema.org\",\"@graph\":[{\"@type\":\"WebPage\",\"@id\":\"https:\\\/\\\/egidimadeinitaly.com\\\/fr\\\/negozio\\\/art-moderne\\\/tableaux-modernes-fr\\\/vincenzo-frunzo-tableau\\\/\",\"url\":\"https:\\\/\\\/egidimadeinitaly.com\\\/ecomsite\\\/fr\\\/?post_type=product&p=111916&preview=true\",\"name\":\"Vincenzo Frunzo Tableau - Egidi MadeinItaly\",\"isPartOf\":{\"@id\":\"https:\\\/\\\/egidimadeinitaly.com\\\/fr\\\/#website\"},\"primaryImageOfPage\":{\"@id\":\"https:\\\/\\\/egidimadeinitaly.com\\\/ecomsite\\\/fr\\\/?post_type=product&p=111916&preview=true#primaryimage\"},\"image\":{\"@id\":\"https:\\\/\\\/egidimadeinitaly.com\\\/ecomsite\\\/fr\\\/?post_type=product&p=111916&preview=true#primaryimage\"},\"thumbnailUrl\":\"https:\\\/\\\/egidimadeinitaly.com\\\/v25\\\/wp-content\\\/uploads\\\/2022\\\/09\\\/Frunzo-Paesaggio-di-sera-1961-4-scaled-e1678731014855.jpg\",\"datePublished\":\"2022-09-23T10:04:31+00:00\",\"dateModified\":\"2024-08-05T09:28:23+00:00\",\"description\":\"Vincenzo Frunzo tableau intitul\u00e9 Tramonto di sera au verso \u00e9tiquette Galleria Numero Firenze Tableaux Art Modernes en vente sur Egidi MadeinItaly Ecommerce\",\"breadcrumb\":{\"@id\":\"https:\\\/\\\/egidimadeinitaly.com\\\/ecomsite\\\/fr\\\/?post_type=product&p=111916&preview=true#breadcrumb\"},\"inLanguage\":\"fr-FR\",\"potentialAction\":[{\"@type\":\"ReadAction\",\"target\":[\"https:\\\/\\\/egidimadeinitaly.com\\\/ecomsite\\\/fr\\\/?post_type=product&p=111916&preview=true\"]}]},{\"@type\":\"ImageObject\",\"inLanguage\":\"fr-FR\",\"@id\":\"https:\\\/\\\/egidimadeinitaly.com\\\/ecomsite\\\/fr\\\/?post_type=product&p=111916&preview=true#primaryimage\",\"url\":\"https:\\\/\\\/egidimadeinitaly.com\\\/v25\\\/wp-content\\\/uploads\\\/2022\\\/09\\\/Frunzo-Paesaggio-di-sera-1961-4-scaled-e1678731014855.jpg\",\"contentUrl\":\"https:\\\/\\\/egidimadeinitaly.com\\\/v25\\\/wp-content\\\/uploads\\\/2022\\\/09\\\/Frunzo-Paesaggio-di-sera-1961-4-scaled-e1678731014855.jpg\",\"width\":1024,\"height\":1024,\"caption\":\"Vincenzo Frunzo Paesaggio di sera\"},{\"@type\":\"BreadcrumbList\",\"@id\":\"https:\\\/\\\/egidimadeinitaly.com\\\/ecomsite\\\/fr\\\/?post_type=product&p=111916&preview=true#breadcrumb\",\"itemListElement\":[{\"@type\":\"ListItem\",\"position\":1,\"name\":\"Home\",\"item\":\"https:\\\/\\\/egidimadeinitaly.com\\\/fr\\\/\"},{\"@type\":\"ListItem\",\"position\":2,\"name\":\"Produits\",\"item\":\"https:\\\/\\\/egidimadeinitaly.com\\\/fr\\\/shop\\\/\"},{\"@type\":\"ListItem\",\"position\":3,\"name\":\"Art moderne\",\"item\":\"https:\\\/\\\/egidimadeinitaly.com\\\/fr\\\/product-category\\\/art-moderne\\\/\"},{\"@type\":\"ListItem\",\"position\":4,\"name\":\"Tableaux modernes\",\"item\":\"https:\\\/\\\/egidimadeinitaly.com\\\/fr\\\/product-category\\\/art-moderne\\\/tableaux-modernes-fr\\\/\"},{\"@type\":\"ListItem\",\"position\":5,\"name\":\"Vincenzo Frunzo Tableau\"}]},{\"@type\":\"WebSite\",\"@id\":\"https:\\\/\\\/egidimadeinitaly.com\\\/fr\\\/#website\",\"url\":\"https:\\\/\\\/egidimadeinitaly.com\\\/fr\\\/\",\"name\":\"Egidi MadeinItaly\",\"description\":\"Fine Art\",\"potentialAction\":[{\"@type\":\"SearchAction\",\"target\":{\"@type\":\"EntryPoint\",\"urlTemplate\":\"https:\\\/\\\/egidimadeinitaly.com\\\/fr\\\/?s={search_term_string}\"},\"query-input\":{\"@type\":\"PropertyValueSpecification\",\"valueRequired\":true,\"valueName\":\"search_term_string\"}}],\"inLanguage\":\"fr-FR\"}]}<\/script>\n<!-- \/ Yoast SEO Premium plugin. -->","yoast_head_json":{"title":"Vincenzo Frunzo Tableau - Egidi MadeinItaly","description":"Vincenzo Frunzo tableau intitul\u00e9 Tramonto di sera au verso \u00e9tiquette Galleria Numero Firenze Tableaux Art Modernes en vente sur Egidi MadeinItaly Ecommerce","robots":{"index":"index","follow":"follow","max-snippet":"max-snippet:-1","max-image-preview":"max-image-preview:large","max-video-preview":"max-video-preview:-1"},"canonical":"https:\/\/egidimadeinitaly.com\/fr\/ecomsite\/fr\/?post_type=product&p=111916&preview=true","og_locale":"fr_FR","og_type":"article","og_title":"Vincenzo Frunzo Tableau","og_description":"Vincenzo Frunzo tableau intitul\u00e9 Tramonto di sera dat\u00e9 1961","og_url":"https:\/\/egidimadeinitaly.com\/ecomsite\/fr\/?post_type=product&p=111916&preview=true","og_site_name":"Egidi MadeinItaly","article_publisher":"https:\/\/www.facebook.com\/egidimadeinitaly\/","article_modified_time":"2024-08-05T09:28:23+00:00","og_image":[{"width":1024,"height":1024,"url":"https:\/\/egidimadeinitaly.com\/wp-content\/uploads\/2022\/09\/Frunzo-Paesaggio-di-sera-1961-4-scaled-e1678731014855.jpg","type":"image\/jpeg"}],"schema":{"@context":"https:\/\/schema.org","@graph":[{"@type":"WebPage","@id":"https:\/\/egidimadeinitaly.com\/fr\/negozio\/art-moderne\/tableaux-modernes-fr\/vincenzo-frunzo-tableau\/","url":"https:\/\/egidimadeinitaly.com\/ecomsite\/fr\/?post_type=product&p=111916&preview=true","name":"Vincenzo Frunzo Tableau - Egidi MadeinItaly","isPartOf":{"@id":"https:\/\/egidimadeinitaly.com\/fr\/#website"},"primaryImageOfPage":{"@id":"https:\/\/egidimadeinitaly.com\/ecomsite\/fr\/?post_type=product&p=111916&preview=true#primaryimage"},"image":{"@id":"https:\/\/egidimadeinitaly.com\/ecomsite\/fr\/?post_type=product&p=111916&preview=true#primaryimage"},"thumbnailUrl":"https:\/\/egidimadeinitaly.com\/v25\/wp-content\/uploads\/2022\/09\/Frunzo-Paesaggio-di-sera-1961-4-scaled-e1678731014855.jpg","datePublished":"2022-09-23T10:04:31+00:00","dateModified":"2024-08-05T09:28:23+00:00","description":"Vincenzo Frunzo tableau intitul\u00e9 Tramonto di sera au verso \u00e9tiquette Galleria Numero Firenze Tableaux Art Modernes en vente sur Egidi MadeinItaly Ecommerce","breadcrumb":{"@id":"https:\/\/egidimadeinitaly.com\/ecomsite\/fr\/?post_type=product&p=111916&preview=true#breadcrumb"},"inLanguage":"fr-FR","potentialAction":[{"@type":"ReadAction","target":["https:\/\/egidimadeinitaly.com\/ecomsite\/fr\/?post_type=product&p=111916&preview=true"]}]},{"@type":"ImageObject","inLanguage":"fr-FR","@id":"https:\/\/egidimadeinitaly.com\/ecomsite\/fr\/?post_type=product&p=111916&preview=true#primaryimage","url":"https:\/\/egidimadeinitaly.com\/v25\/wp-content\/uploads\/2022\/09\/Frunzo-Paesaggio-di-sera-1961-4-scaled-e1678731014855.jpg","contentUrl":"https:\/\/egidimadeinitaly.com\/v25\/wp-content\/uploads\/2022\/09\/Frunzo-Paesaggio-di-sera-1961-4-scaled-e1678731014855.jpg","width":1024,"height":1024,"caption":"Vincenzo Frunzo Paesaggio di sera"},{"@type":"BreadcrumbList","@id":"https:\/\/egidimadeinitaly.com\/ecomsite\/fr\/?post_type=product&p=111916&preview=true#breadcrumb","itemListElement":[{"@type":"ListItem","position":1,"name":"Home","item":"https:\/\/egidimadeinitaly.com\/fr\/"},{"@type":"ListItem","position":2,"name":"Produits","item":"https:\/\/egidimadeinitaly.com\/fr\/shop\/"},{"@type":"ListItem","position":3,"name":"Art moderne","item":"https:\/\/egidimadeinitaly.com\/fr\/product-category\/art-moderne\/"},{"@type":"ListItem","position":4,"name":"Tableaux modernes","item":"https:\/\/egidimadeinitaly.com\/fr\/product-category\/art-moderne\/tableaux-modernes-fr\/"},{"@type":"ListItem","position":5,"name":"Vincenzo Frunzo Tableau"}]},{"@type":"WebSite","@id":"https:\/\/egidimadeinitaly.com\/fr\/#website","url":"https:\/\/egidimadeinitaly.com\/fr\/","name":"Egidi MadeinItaly","description":"Fine Art","potentialAction":[{"@type":"SearchAction","target":{"@type":"EntryPoint","urlTemplate":"https:\/\/egidimadeinitaly.com\/fr\/?s={search_term_string}"},"query-input":{"@type":"PropertyValueSpecification","valueRequired":true,"valueName":"search_term_string"}}],"inLanguage":"fr-FR"}]}},"_links":{"self":[{"href":"https:\/\/egidimadeinitaly.com\/fr\/wp-json\/wp\/v2\/product\/111916","targetHints":{"allow":["GET"]}}],"collection":[{"href":"https:\/\/egidimadeinitaly.com\/fr\/wp-json\/wp\/v2\/product"}],"about":[{"href":"https:\/\/egidimadeinitaly.com\/fr\/wp-json\/wp\/v2\/types\/product"}],"wp:featuredmedia":[{"embeddable":true,"href":"https:\/\/egidimadeinitaly.com\/fr\/wp-json\/wp\/v2\/media\/111872"}],"wp:attachment":[{"href":"https:\/\/egidimadeinitaly.com\/fr\/wp-json\/wp\/v2\/media?parent=111916"}],"wp:term":[{"taxonomy":"product_brand","embeddable":true,"href":"https:\/\/egidimadeinitaly.com\/fr\/wp-json\/wp\/v2\/product_brand?post=111916"},{"taxonomy":"product_cat","embeddable":true,"href":"https:\/\/egidimadeinitaly.com\/fr\/wp-json\/wp\/v2\/product_cat?post=111916"},{"taxonomy":"product_tag","embeddable":true,"href":"https:\/\/egidimadeinitaly.com\/fr\/wp-json\/wp\/v2\/product_tag?post=111916"}],"curies":[{"name":"wp","href":"https:\/\/api.w.org\/{rel}","templated":true}]}}