{"id":110868,"date":"2022-07-27T11:15:09","date_gmt":"2022-07-27T10:15:09","guid":{"rendered":"https:\/\/egidimadeinitaly.com\/ecomsite\/?post_type=product&#038;p=110868"},"modified":"2025-10-09T14:17:14","modified_gmt":"2025-10-09T13:17:14","slug":"emilio-scanavino-tableau-authentifiee","status":"publish","type":"product","link":"https:\/\/egidimadeinitaly.com\/fr\/negozio\/art-moderne\/tableaux-modernes-fr\/emilio-scanavino-tableau-authentifiee\/","title":{"rendered":"Emilio Scanavino tableau authentifi\u00e9e"},"content":{"rendered":"<blockquote><p><i><span style=\"font-weight: 400;\">\u00ab\u00a0Je construis \u00e0 travers le signe mais ce n&rsquo;est pas automatique. Si dans l&rsquo;informel il y a une grande part de hasard, dans ma peinture, cette d\u00e9pendance au hasard est absente\u00a0\u00bb<\/span><\/i><span style=\"font-weight: 400;\">\u00a0<\/span><span style=\"font-weight: 400;\">Emilio Scanavino<\/span><\/p><\/blockquote>\n<p><span style=\"font-weight: 400;\">\u00a0<\/span>Le motif le plus reconnaissable et le plus r\u00e9current l&rsquo;\u0153uvre d&rsquo;<strong>Emilio<\/strong> <strong>Scanavino<\/strong> est <strong>le n\u0153ud<\/strong>, entendu comme enchev\u00eatrement d\u2019\u00e9l\u00e9ments graphiques, agr\u00e9gat de mati\u00e8re, concentration de tensions. Il repr\u00e9sente une m\u00e9taphore efficace d&rsquo;une condition existentielle purement humaine.<br \/>\nEmilio Scanavino est l&rsquo;un des principaux repr\u00e9sentants de la <a href=\"https:\/\/egidimadeinitaly.com\/fr\/art-informel\/\">peinture informelle<\/a> europ\u00e9enne.<\/p>\n<p>&nbsp;<\/p>\n<p><strong>Emilio Scanavino<\/strong> (G\u00eanes,\u00a0 1922 &#8211; Milan, 1986) \u00e9tait un peintre et sculpteur italien parmi les protagonistes de la peinture d&rsquo;apr\u00e8s-guerre, connu pour son style sign-informel, une variante du style informel italien qui m\u00eale des gestes abstraits \u00e0 des symboles existentiels. Autodidacte apr\u00e8s avoir fr\u00e9quent\u00e9 le Liceo Artistico Nicol\u00f2 Barabino de G\u00eanes, il expose ses premi\u00e8res \u0153uvres en 1942 dans sa ville natale. Influenc\u00e9 par son p\u00e8re th\u00e9osophe, Scanavino explore le \u00ab\u00a0signe\u00a0\u00bb comme moyen d&rsquo;\u00e9voquer les tensions m\u00e9taphysiques et rituelles, se distinguant de l&rsquo;informalisme pur (par exemple Burri, Fontana) par une approche plus contr\u00f4l\u00e9e et symbolique.<\/p>\n<p>Dans les ann\u00e9es 1940-1950, il s\u00e9journe \u00e0 Paris (1947, \u00e9tude de Picasso) et \u00e0 Londres (1951, rencontre avec Bacon et Sutherland), rejoint le groupe \u00ab\u00a0<a href=\"https:\/\/egidimadeinitaly.com\/fr\/galleria-numero-de-fiamma-vigo\/\">I Sette del Numero\u00a0\u00bb \u00e0 Florence<\/a> et la c\u00e9ramique \u00e0 Albissola Marina avec Lucio Fontana, Enrico Baj et le groupe Cobra. Il participe aux Biennales de Venise (1950-1966, remportant le prix Prampolini en 1958) et aux Quadriennales de Rome, et re\u00e7oit \u00e9galement des prix \u00e0 Spoleto, Sassari et Lignano. Son \u00ab\u00a0n\u0153ud\u00a0\u00bb &#8211; enchev\u00eatrement graphique et mati\u00e8re condens\u00e9e &#8211; symbolise l&rsquo;angoisse existentielle, avec le noir comme \u00ab\u00a0avanc\u00e9e des t\u00e9n\u00e8bres\u00a0\u00bb et le rouge comme variante. \u0152uvres embl\u00e9matiques : \u00ab\u00a0Rituel\u00a0\u00bb (1954, Mart Rovereto) et \u00ab\u00a0Image\u00a0\u00bb (1963, CAMeC La Spezia). Red\u00e9couvert dans les ann\u00e9es 1980, Scanavino est c\u00e9l\u00e8bre pour sa combinaison d&rsquo;abstraction gestuelle et de spiritualit\u00e9, qui a influenc\u00e9 l&rsquo;art italien de la seconde moiti\u00e9 du XXe si\u00e8cle.<\/p>\n<blockquote><p>&nbsp;<\/p><\/blockquote>\n<p>&nbsp;<\/p>\n<h2><span style=\"font-weight: 400;\">\u00a0<\/span><b><\/b><\/h2>\n<p>&nbsp;<\/p>\n<p>&nbsp;<\/p>\n","protected":false},"excerpt":{"rendered":"<p>\u0152uvre &lsquo;<strong>Sans titre<\/strong>&lsquo; de 1964 encre, huile et crayon gras sur toile du ma\u00eetre <strong>Emilio Scanavino<\/strong> (G<span class=\"Y2IQFc\" lang=\"fr\">\u00eanes, <\/span>1922 &#8211; Milan, 1986) authentifi\u00e9e et archiv\u00e9e.<\/p>\n","protected":false},"featured_media":106263,"template":"","meta":{"_acf_changed":false},"product_brand":[],"product_cat":[6377,6416],"product_tag":[6262,5306],"class_list":{"0":"post-110868","1":"product","2":"type-product","3":"status-publish","4":"has-post-thumbnail","6":"product_cat-art-moderne","7":"product_cat-tableaux-modernes-fr","8":"product_tag-art-informel","9":"product_tag-objets-de-collection","11":"first","12":"instock","13":"taxable","14":"shipping-taxable","15":"purchasable","16":"product-type-simple"},"acf":[],"yoast_head":"<!-- This site is optimized with the Yoast SEO Premium plugin v27.3 (Yoast SEO v27.4) - https:\/\/yoast.com\/product\/yoast-seo-premium-wordpress\/ -->\n<title>Emilio Scanavino tableau authentifi\u00e9e - Egidi MadeinItaly<\/title>\n<meta name=\"description\" content=\"Emilio Scanavino Tableau art moderne Senza Titolo 1964 Chine Huile et crayon gras sur toile certifi\u00e9e et archiv\u00e9e disponible sur Egidi MadeinItaly\" \/>\n<meta name=\"robots\" content=\"index, follow, max-snippet:-1, max-image-preview:large, max-video-preview:-1\" \/>\n<link rel=\"canonical\" href=\"https:\/\/egidimadeinitaly.com\/fr\/produit\/art-moderne\/tableaux-modernes-fr\/emilio-scanavino-tableau-authentifiee\/\" \/>\n<meta property=\"og:locale\" content=\"fr_FR\" \/>\n<meta property=\"og:type\" content=\"article\" \/>\n<meta property=\"og:title\" content=\"Emilio Scanavino tableau authentifi\u00e9e\" \/>\n<meta property=\"og:description\" content=\"\u0152uvre &#039;Sans titre&#039; de 1964 encre, huile et crayon gras sur toile du ma\u00eetre Emilio Scanavino (G\u00eanes, 1922 - Milan, 1986) authentifi\u00e9e et archiv\u00e9e.\" \/>\n<meta property=\"og:url\" content=\"https:\/\/egidimadeinitaly.com\/fr\/produit\/art-moderne\/tableaux-modernes-fr\/emilio-scanavino-tableau-authentifiee\/\" \/>\n<meta property=\"og:site_name\" content=\"Egidi MadeinItaly\" \/>\n<meta property=\"article:publisher\" content=\"https:\/\/www.facebook.com\/egidimadeinitaly\/\" \/>\n<meta property=\"article:modified_time\" content=\"2025-10-09T13:17:14+00:00\" \/>\n<meta property=\"og:image\" content=\"https:\/\/egidimadeinitaly.com\/v25\/wp-content\/uploads\/2021\/12\/Egidi-20-27-scaled-e1680174444546.jpg\" \/>\n\t<meta property=\"og:image:width\" content=\"1024\" \/>\n\t<meta property=\"og:image:height\" content=\"839\" \/>\n\t<meta property=\"og:image:type\" content=\"image\/jpeg\" \/>\n<script type=\"application\/ld+json\" class=\"yoast-schema-graph\">{\"@context\":\"https:\\\/\\\/schema.org\",\"@graph\":[{\"@type\":\"WebPage\",\"@id\":\"https:\\\/\\\/egidimadeinitaly.com\\\/fr\\\/negozio\\\/art-moderne\\\/tableaux-modernes-fr\\\/emilio-scanavino-tableau-authentifiee\\\/\",\"url\":\"https:\\\/\\\/egidimadeinitaly.com\\\/fr\\\/produit\\\/art-moderne\\\/tableaux-modernes-fr\\\/emilio-scanavino-tableau-authentifiee\\\/\",\"name\":\"Emilio Scanavino tableau authentifi\u00e9e - Egidi MadeinItaly\",\"isPartOf\":{\"@id\":\"https:\\\/\\\/egidimadeinitaly.com\\\/fr\\\/#website\"},\"primaryImageOfPage\":{\"@id\":\"https:\\\/\\\/egidimadeinitaly.com\\\/fr\\\/produit\\\/art-moderne\\\/tableaux-modernes-fr\\\/emilio-scanavino-tableau-authentifiee\\\/#primaryimage\"},\"image\":{\"@id\":\"https:\\\/\\\/egidimadeinitaly.com\\\/fr\\\/produit\\\/art-moderne\\\/tableaux-modernes-fr\\\/emilio-scanavino-tableau-authentifiee\\\/#primaryimage\"},\"thumbnailUrl\":\"https:\\\/\\\/egidimadeinitaly.com\\\/v25\\\/wp-content\\\/uploads\\\/2021\\\/12\\\/Egidi-20-27-scaled-e1680174444546.jpg\",\"datePublished\":\"2022-07-27T10:15:09+00:00\",\"dateModified\":\"2025-10-09T13:17:14+00:00\",\"description\":\"Emilio Scanavino Tableau art moderne Senza Titolo 1964 Chine Huile et crayon gras sur toile certifi\u00e9e et archiv\u00e9e disponible sur Egidi MadeinItaly\",\"breadcrumb\":{\"@id\":\"https:\\\/\\\/egidimadeinitaly.com\\\/fr\\\/produit\\\/art-moderne\\\/tableaux-modernes-fr\\\/emilio-scanavino-tableau-authentifiee\\\/#breadcrumb\"},\"inLanguage\":\"fr-FR\",\"potentialAction\":[{\"@type\":\"ReadAction\",\"target\":[\"https:\\\/\\\/egidimadeinitaly.com\\\/fr\\\/produit\\\/art-moderne\\\/tableaux-modernes-fr\\\/emilio-scanavino-tableau-authentifiee\\\/\"]}]},{\"@type\":\"ImageObject\",\"inLanguage\":\"fr-FR\",\"@id\":\"https:\\\/\\\/egidimadeinitaly.com\\\/fr\\\/produit\\\/art-moderne\\\/tableaux-modernes-fr\\\/emilio-scanavino-tableau-authentifiee\\\/#primaryimage\",\"url\":\"https:\\\/\\\/egidimadeinitaly.com\\\/v25\\\/wp-content\\\/uploads\\\/2021\\\/12\\\/Egidi-20-27-scaled-e1680174444546.jpg\",\"contentUrl\":\"https:\\\/\\\/egidimadeinitaly.com\\\/v25\\\/wp-content\\\/uploads\\\/2021\\\/12\\\/Egidi-20-27-scaled-e1680174444546.jpg\",\"width\":1024,\"height\":839,\"caption\":\"Emilio Scanavino Peintre et c\u00e9ramiste\"},{\"@type\":\"BreadcrumbList\",\"@id\":\"https:\\\/\\\/egidimadeinitaly.com\\\/fr\\\/produit\\\/art-moderne\\\/tableaux-modernes-fr\\\/emilio-scanavino-tableau-authentifiee\\\/#breadcrumb\",\"itemListElement\":[{\"@type\":\"ListItem\",\"position\":1,\"name\":\"Home\",\"item\":\"https:\\\/\\\/egidimadeinitaly.com\\\/fr\\\/\"},{\"@type\":\"ListItem\",\"position\":2,\"name\":\"Produits\",\"item\":\"https:\\\/\\\/egidimadeinitaly.com\\\/fr\\\/shop\\\/\"},{\"@type\":\"ListItem\",\"position\":3,\"name\":\"Art moderne\",\"item\":\"https:\\\/\\\/egidimadeinitaly.com\\\/fr\\\/product-category\\\/art-moderne\\\/\"},{\"@type\":\"ListItem\",\"position\":4,\"name\":\"Tableaux modernes\",\"item\":\"https:\\\/\\\/egidimadeinitaly.com\\\/fr\\\/product-category\\\/art-moderne\\\/tableaux-modernes-fr\\\/\"},{\"@type\":\"ListItem\",\"position\":5,\"name\":\"Emilio Scanavino tableau authentifi\u00e9e\"}]},{\"@type\":\"WebSite\",\"@id\":\"https:\\\/\\\/egidimadeinitaly.com\\\/fr\\\/#website\",\"url\":\"https:\\\/\\\/egidimadeinitaly.com\\\/fr\\\/\",\"name\":\"Egidi MadeinItaly\",\"description\":\"Fine Art\",\"potentialAction\":[{\"@type\":\"SearchAction\",\"target\":{\"@type\":\"EntryPoint\",\"urlTemplate\":\"https:\\\/\\\/egidimadeinitaly.com\\\/fr\\\/?s={search_term_string}\"},\"query-input\":{\"@type\":\"PropertyValueSpecification\",\"valueRequired\":true,\"valueName\":\"search_term_string\"}}],\"inLanguage\":\"fr-FR\"}]}<\/script>\n<!-- \/ Yoast SEO Premium plugin. -->","yoast_head_json":{"title":"Emilio Scanavino tableau authentifi\u00e9e - Egidi MadeinItaly","description":"Emilio Scanavino Tableau art moderne Senza Titolo 1964 Chine Huile et crayon gras sur toile certifi\u00e9e et archiv\u00e9e disponible sur Egidi MadeinItaly","robots":{"index":"index","follow":"follow","max-snippet":"max-snippet:-1","max-image-preview":"max-image-preview:large","max-video-preview":"max-video-preview:-1"},"canonical":"https:\/\/egidimadeinitaly.com\/fr\/produit\/art-moderne\/tableaux-modernes-fr\/emilio-scanavino-tableau-authentifiee\/","og_locale":"fr_FR","og_type":"article","og_title":"Emilio Scanavino tableau authentifi\u00e9e","og_description":"\u0152uvre 'Sans titre' de 1964 encre, huile et crayon gras sur toile du ma\u00eetre Emilio Scanavino (G\u00eanes, 1922 - Milan, 1986) authentifi\u00e9e et archiv\u00e9e.","og_url":"https:\/\/egidimadeinitaly.com\/fr\/produit\/art-moderne\/tableaux-modernes-fr\/emilio-scanavino-tableau-authentifiee\/","og_site_name":"Egidi MadeinItaly","article_publisher":"https:\/\/www.facebook.com\/egidimadeinitaly\/","article_modified_time":"2025-10-09T13:17:14+00:00","og_image":[{"width":1024,"height":839,"url":"https:\/\/egidimadeinitaly.com\/v25\/wp-content\/uploads\/2021\/12\/Egidi-20-27-scaled-e1680174444546.jpg","type":"image\/jpeg"}],"schema":{"@context":"https:\/\/schema.org","@graph":[{"@type":"WebPage","@id":"https:\/\/egidimadeinitaly.com\/fr\/negozio\/art-moderne\/tableaux-modernes-fr\/emilio-scanavino-tableau-authentifiee\/","url":"https:\/\/egidimadeinitaly.com\/fr\/produit\/art-moderne\/tableaux-modernes-fr\/emilio-scanavino-tableau-authentifiee\/","name":"Emilio Scanavino tableau authentifi\u00e9e - Egidi MadeinItaly","isPartOf":{"@id":"https:\/\/egidimadeinitaly.com\/fr\/#website"},"primaryImageOfPage":{"@id":"https:\/\/egidimadeinitaly.com\/fr\/produit\/art-moderne\/tableaux-modernes-fr\/emilio-scanavino-tableau-authentifiee\/#primaryimage"},"image":{"@id":"https:\/\/egidimadeinitaly.com\/fr\/produit\/art-moderne\/tableaux-modernes-fr\/emilio-scanavino-tableau-authentifiee\/#primaryimage"},"thumbnailUrl":"https:\/\/egidimadeinitaly.com\/v25\/wp-content\/uploads\/2021\/12\/Egidi-20-27-scaled-e1680174444546.jpg","datePublished":"2022-07-27T10:15:09+00:00","dateModified":"2025-10-09T13:17:14+00:00","description":"Emilio Scanavino Tableau art moderne Senza Titolo 1964 Chine Huile et crayon gras sur toile certifi\u00e9e et archiv\u00e9e disponible sur Egidi MadeinItaly","breadcrumb":{"@id":"https:\/\/egidimadeinitaly.com\/fr\/produit\/art-moderne\/tableaux-modernes-fr\/emilio-scanavino-tableau-authentifiee\/#breadcrumb"},"inLanguage":"fr-FR","potentialAction":[{"@type":"ReadAction","target":["https:\/\/egidimadeinitaly.com\/fr\/produit\/art-moderne\/tableaux-modernes-fr\/emilio-scanavino-tableau-authentifiee\/"]}]},{"@type":"ImageObject","inLanguage":"fr-FR","@id":"https:\/\/egidimadeinitaly.com\/fr\/produit\/art-moderne\/tableaux-modernes-fr\/emilio-scanavino-tableau-authentifiee\/#primaryimage","url":"https:\/\/egidimadeinitaly.com\/v25\/wp-content\/uploads\/2021\/12\/Egidi-20-27-scaled-e1680174444546.jpg","contentUrl":"https:\/\/egidimadeinitaly.com\/v25\/wp-content\/uploads\/2021\/12\/Egidi-20-27-scaled-e1680174444546.jpg","width":1024,"height":839,"caption":"Emilio Scanavino Peintre et c\u00e9ramiste"},{"@type":"BreadcrumbList","@id":"https:\/\/egidimadeinitaly.com\/fr\/produit\/art-moderne\/tableaux-modernes-fr\/emilio-scanavino-tableau-authentifiee\/#breadcrumb","itemListElement":[{"@type":"ListItem","position":1,"name":"Home","item":"https:\/\/egidimadeinitaly.com\/fr\/"},{"@type":"ListItem","position":2,"name":"Produits","item":"https:\/\/egidimadeinitaly.com\/fr\/shop\/"},{"@type":"ListItem","position":3,"name":"Art moderne","item":"https:\/\/egidimadeinitaly.com\/fr\/product-category\/art-moderne\/"},{"@type":"ListItem","position":4,"name":"Tableaux modernes","item":"https:\/\/egidimadeinitaly.com\/fr\/product-category\/art-moderne\/tableaux-modernes-fr\/"},{"@type":"ListItem","position":5,"name":"Emilio Scanavino tableau authentifi\u00e9e"}]},{"@type":"WebSite","@id":"https:\/\/egidimadeinitaly.com\/fr\/#website","url":"https:\/\/egidimadeinitaly.com\/fr\/","name":"Egidi MadeinItaly","description":"Fine Art","potentialAction":[{"@type":"SearchAction","target":{"@type":"EntryPoint","urlTemplate":"https:\/\/egidimadeinitaly.com\/fr\/?s={search_term_string}"},"query-input":{"@type":"PropertyValueSpecification","valueRequired":true,"valueName":"search_term_string"}}],"inLanguage":"fr-FR"}]}},"_links":{"self":[{"href":"https:\/\/egidimadeinitaly.com\/fr\/wp-json\/wp\/v2\/product\/110868","targetHints":{"allow":["GET"]}}],"collection":[{"href":"https:\/\/egidimadeinitaly.com\/fr\/wp-json\/wp\/v2\/product"}],"about":[{"href":"https:\/\/egidimadeinitaly.com\/fr\/wp-json\/wp\/v2\/types\/product"}],"wp:featuredmedia":[{"embeddable":true,"href":"https:\/\/egidimadeinitaly.com\/fr\/wp-json\/wp\/v2\/media\/106263"}],"wp:attachment":[{"href":"https:\/\/egidimadeinitaly.com\/fr\/wp-json\/wp\/v2\/media?parent=110868"}],"wp:term":[{"taxonomy":"product_brand","embeddable":true,"href":"https:\/\/egidimadeinitaly.com\/fr\/wp-json\/wp\/v2\/product_brand?post=110868"},{"taxonomy":"product_cat","embeddable":true,"href":"https:\/\/egidimadeinitaly.com\/fr\/wp-json\/wp\/v2\/product_cat?post=110868"},{"taxonomy":"product_tag","embeddable":true,"href":"https:\/\/egidimadeinitaly.com\/fr\/wp-json\/wp\/v2\/product_tag?post=110868"}],"curies":[{"name":"wp","href":"https:\/\/api.w.org\/{rel}","templated":true}]}}