{"id":110858,"date":"2022-07-27T07:08:47","date_gmt":"2022-07-27T06:08:47","guid":{"rendered":"https:\/\/egidimadeinitaly.com\/ecomsite\/?post_type=product&#038;p=110858"},"modified":"2025-12-07T17:49:54","modified_gmt":"2025-12-07T16:49:54","slug":"achilli-antonio-tableau","status":"publish","type":"product","link":"https:\/\/egidimadeinitaly.com\/fr\/negozio\/art-moderne\/tableaux-modernes-fr\/achilli-antonio-tableau\/","title":{"rendered":"Achilli Antonio tableau"},"content":{"rendered":"<div class=\"wpb-content-wrapper\"><p>[vc_row][vc_column][vc_column_text uncode_shortcode_id=\u00a0\u00bb120395&Prime;]<\/p>\n<p data-start=\"742\" data-end=\"1094\">Cet <em data-start=\"748\" data-end=\"773\">Achilli Antonio tableau<\/em> r\u00e9v\u00e8le un rare paysage aux couleurs vives, captur\u00e9 en pleine lumi\u00e8re. Les maisons illumin\u00e9es se teintent de roses \u00e9clatants, en contraste avec le vert des arbres, de la c\u00f4te et l\u2019azur du lac. La mati\u00e8re picturale se distingue par une touche s\u00fbre et une texture dense, obtenue par de larges coups de pinceau superpos\u00e9s.<\/p>\n<p data-start=\"1096\" data-end=\"1252\">La ma\u00eetrise technique et la maturit\u00e9 du geste confirment que cet <em data-start=\"1163\" data-end=\"1188\">Achilli Antonio tableau<\/em> appartient \u00e0 une phase avanc\u00e9e de la carri\u00e8re de l\u2019artiste.<\/p>\n<p data-start=\"1254\" data-end=\"1442\">La production d\u2019Antonio Achilli est vaste : peintures de chevalet, cycles d\u00e9coratifs monumentaux, fresques, mosa\u00efques, vitraux artistiques, pr\u00e9sents \u00e0 Rome, en Italie et m\u00eame \u00e0 l\u2019\u00e9tranger.<\/p>\n<p data-start=\"1444\" data-end=\"1486\">Parmi ses r\u00e9alisations majeures figurent :<\/p>\n<ul data-start=\"1488\" data-end=\"1769\">\n<li data-start=\"1488\" data-end=\"1534\">\n<p data-start=\"1490\" data-end=\"1534\">la fresque de l\u2019Aula Magna du CNR \u00e0 Rome ;<\/p>\n<\/li>\n<li data-start=\"1535\" data-end=\"1699\">\n<p data-start=\"1537\" data-end=\"1699\">les d\u00e9corations des \u00e9glises de l\u2019Immacolata via Taranto, du Divino Amore, de Santa Emerenziana, et de la Chapelle de Saint Colomban dans les Grottes Vaticanes ;<\/p>\n<\/li>\n<li data-start=\"1700\" data-end=\"1769\">\n<p data-start=\"1702\" data-end=\"1769\">des \u0153uvres pour le M\u00e9morial des Pompiers et le Cimeti\u00e8re du Verano.<\/p>\n<\/li>\n<\/ul>\n<p data-start=\"1771\" data-end=\"2055\">On retrouve \u00e9galement son travail hors de Rome, notamment au Sanctuaire de San Giovanni Rotondo, \u00e0 Molfetta et dans de nombreuses autres villes. Des traces de son activit\u00e9 subsistent en Libye, au Liban et en Californie, preuve de la diffusion internationale de son langage artistique.<\/p>\n<p>[\/vc_column_text][\/vc_column][\/vc_row]<\/p>\n<\/div>","protected":false},"excerpt":{"rendered":"<p data-start=\"1172\" data-end=\"1582\"><strong data-start=\"1038\" data-end=\"1065\">Achilli Antonio tableau<\/strong> montrant un paysage lacustre lumineux des ann\u00e9es 40, peint avec des couleurs vives et une touche dense et expressive.<\/p>\n<p data-start=\"1172\" data-end=\"1582\"><strong data-start=\"1172\" data-end=\"1300\">Paysage lacustre sign\u00e9 en bas \u00e0 gauche : \u201cA Achilli\u201d, accompagn\u00e9 d\u2019une fiche technique r\u00e9dig\u00e9e par la docteure Cirzia Virno.<\/strong><br data-start=\"1300\" data-end=\"1303\" \/>La composition est construite avec une touche picturale chaude et g\u00e9n\u00e9reuse, mettant en valeur les volumes, la lumi\u00e8re et la profondeur. La palette chromatique \u2013 domin\u00e9e par l\u2019ocre, le vert olive et le bleu \u2013 restitue l\u2019atmosph\u00e8re authentique des paysages italiens du XX\u1d49 si\u00e8cle.<\/p>\n<p data-start=\"1584\" data-end=\"2223\">L\u2019artiste <strong data-start=\"1594\" data-end=\"1613\">Antonio Achilli<\/strong> (Rome, 1903-1993), injustement n\u00e9glig\u00e9 par la critique de son \u00e9poque, compte en r\u00e9alit\u00e9 parmi les figures les plus importantes de l\u2019art italien entre les ann\u00e9es 1920 et 1940. Durant cette p\u00e9riode, la peinture figurative \u2013 comprise comme une expression plastique et rigoureuse du r\u00e9el \u2013 trouva en Achilli un interpr\u00e8te d\u2019une grande coh\u00e9rence et d\u2019une exceptionnelle f\u00e9condit\u00e9.<br data-start=\"1989\" data-end=\"1992\" \/>L\u2019\u0153uvre pr\u00e9sente des caract\u00e9ristiques stylistiques typiques de la peinture italienne d\u2019apr\u00e8s-guerre : une touche mati\u00e8re riche, une construction volum\u00e9trique synth\u00e9tique et une attention particuli\u00e8re au paysage rural m\u00e9diterran\u00e9en.<\/p>\n","protected":false},"featured_media":110457,"template":"","meta":{"_acf_changed":false},"product_brand":[],"product_cat":[6377,6416],"product_tag":[6135,5361,6467],"class_list":{"0":"post-110858","1":"product","2":"type-product","3":"status-publish","4":"has-post-thumbnail","6":"product_cat-art-moderne","7":"product_cat-tableaux-modernes-fr","8":"product_tag-art-moderne","9":"product_tag-decoration-murale","10":"product_tag-paysage-fr","12":"first","13":"instock","14":"taxable","15":"shipping-taxable","16":"product-type-simple"},"acf":[],"yoast_head":"<!-- This site is optimized with the Yoast SEO Premium plugin v27.3 (Yoast SEO v27.4) - https:\/\/yoast.com\/product\/yoast-seo-premium-wordpress\/ -->\n<title>Achilli Antonio tableau - Egidi MadeinItaly<\/title>\n<meta name=\"description\" content=\"Achilli Antonio tableau des ann\u00e9es 40, paysage lacustre lumineux sur panneau, pi\u00e8ce unique pour amateurs d\u2019art moderne italien sur Egidi MadeinItaly\" \/>\n<meta name=\"robots\" content=\"index, follow, max-snippet:-1, max-image-preview:large, max-video-preview:-1\" \/>\n<link rel=\"canonical\" href=\"https:\/\/egidimadeinitaly.com\/fr\/produit\/art-moderne\/tableaux-modernes-fr\/achilli-antonio-tableau\/\" \/>\n<meta property=\"og:locale\" content=\"fr_FR\" \/>\n<meta property=\"og:type\" content=\"article\" \/>\n<meta property=\"og:title\" content=\"Achilli Antonio tableau\" \/>\n<meta property=\"og:description\" content=\"Achilli Antonio tableau montrant un paysage lacustre lumineux des ann\u00e9es 40, peint avec des couleurs vives et une touche dense et expressive. Paysage lacustre sign\u00e9 en bas \u00e0 gauche : \u201cA Achilli\u201d, accompagn\u00e9 d\u2019une fiche technique r\u00e9dig\u00e9e par la docteure Cirzia Virno.La composition est construite avec une touche picturale chaude et g\u00e9n\u00e9reuse, mettant en valeur les volumes, la lumi\u00e8re et la profondeur. La palette chromatique \u2013 domin\u00e9e par l\u2019ocre, le vert olive et le bleu \u2013 restitue l\u2019atmosph\u00e8re authentique des paysages italiens du XX\u1d49 si\u00e8cle. L\u2019artiste Antonio Achilli (Rome, 1903-1993), injustement n\u00e9glig\u00e9 par la critique de son \u00e9poque, compte en r\u00e9alit\u00e9 parmi les figures les plus importantes de l\u2019art italien entre les ann\u00e9es 1920 et 1940. Durant cette p\u00e9riode, la peinture figurative \u2013 comprise comme une expression plastique et rigoureuse du r\u00e9el \u2013 trouva en Achilli un interpr\u00e8te d\u2019une grande coh\u00e9rence et d\u2019une exceptionnelle f\u00e9condit\u00e9.L\u2019\u0153uvre pr\u00e9sente des caract\u00e9ristiques stylistiques typiques de la peinture italienne d\u2019apr\u00e8s-guerre : une touche mati\u00e8re riche, une construction volum\u00e9trique synth\u00e9tique et une attention particuli\u00e8re au paysage rural m\u00e9diterran\u00e9en.\" \/>\n<meta property=\"og:url\" content=\"https:\/\/egidimadeinitaly.com\/fr\/produit\/art-moderne\/tableaux-modernes-fr\/achilli-antonio-tableau\/\" \/>\n<meta property=\"og:site_name\" content=\"Egidi MadeinItaly\" \/>\n<meta property=\"article:publisher\" content=\"https:\/\/www.facebook.com\/egidimadeinitaly\/\" \/>\n<meta property=\"article:modified_time\" content=\"2025-12-07T16:49:54+00:00\" \/>\n<meta property=\"og:image\" content=\"https:\/\/egidimadeinitaly.com\/v25\/wp-content\/uploads\/2022\/06\/2022-04-07-Egidi-MadeinItaly-24-12-scaled-e1669813510323.jpg\" \/>\n\t<meta property=\"og:image:width\" content=\"2560\" \/>\n\t<meta property=\"og:image:height\" content=\"2560\" \/>\n\t<meta property=\"og:image:type\" content=\"image\/jpeg\" \/>\n<script type=\"application\/ld+json\" class=\"yoast-schema-graph\">{\"@context\":\"https:\\\/\\\/schema.org\",\"@graph\":[{\"@type\":\"WebPage\",\"@id\":\"https:\\\/\\\/egidimadeinitaly.com\\\/fr\\\/negozio\\\/art-moderne\\\/tableaux-modernes-fr\\\/achilli-antonio-tableau\\\/\",\"url\":\"https:\\\/\\\/egidimadeinitaly.com\\\/fr\\\/produit\\\/art-moderne\\\/tableaux-modernes-fr\\\/achilli-antonio-tableau\\\/\",\"name\":\"Achilli Antonio tableau - Egidi MadeinItaly\",\"isPartOf\":{\"@id\":\"https:\\\/\\\/egidimadeinitaly.com\\\/fr\\\/#website\"},\"primaryImageOfPage\":{\"@id\":\"https:\\\/\\\/egidimadeinitaly.com\\\/fr\\\/produit\\\/art-moderne\\\/tableaux-modernes-fr\\\/achilli-antonio-tableau\\\/#primaryimage\"},\"image\":{\"@id\":\"https:\\\/\\\/egidimadeinitaly.com\\\/fr\\\/produit\\\/art-moderne\\\/tableaux-modernes-fr\\\/achilli-antonio-tableau\\\/#primaryimage\"},\"thumbnailUrl\":\"https:\\\/\\\/egidimadeinitaly.com\\\/v25\\\/wp-content\\\/uploads\\\/2022\\\/06\\\/2022-04-07-Egidi-MadeinItaly-24-12-scaled-e1669813510323.jpg\",\"datePublished\":\"2022-07-27T06:08:47+00:00\",\"dateModified\":\"2025-12-07T16:49:54+00:00\",\"description\":\"Achilli Antonio tableau des ann\u00e9es 40, paysage lacustre lumineux sur panneau, pi\u00e8ce unique pour amateurs d\u2019art moderne italien sur Egidi MadeinItaly\",\"breadcrumb\":{\"@id\":\"https:\\\/\\\/egidimadeinitaly.com\\\/fr\\\/produit\\\/art-moderne\\\/tableaux-modernes-fr\\\/achilli-antonio-tableau\\\/#breadcrumb\"},\"inLanguage\":\"fr-FR\",\"potentialAction\":[{\"@type\":\"ReadAction\",\"target\":[\"https:\\\/\\\/egidimadeinitaly.com\\\/fr\\\/produit\\\/art-moderne\\\/tableaux-modernes-fr\\\/achilli-antonio-tableau\\\/\"]}]},{\"@type\":\"ImageObject\",\"inLanguage\":\"fr-FR\",\"@id\":\"https:\\\/\\\/egidimadeinitaly.com\\\/fr\\\/produit\\\/art-moderne\\\/tableaux-modernes-fr\\\/achilli-antonio-tableau\\\/#primaryimage\",\"url\":\"https:\\\/\\\/egidimadeinitaly.com\\\/v25\\\/wp-content\\\/uploads\\\/2022\\\/06\\\/2022-04-07-Egidi-MadeinItaly-24-12-scaled-e1669813510323.jpg\",\"contentUrl\":\"https:\\\/\\\/egidimadeinitaly.com\\\/v25\\\/wp-content\\\/uploads\\\/2022\\\/06\\\/2022-04-07-Egidi-MadeinItaly-24-12-scaled-e1669813510323.jpg\",\"width\":2560,\"height\":2560,\"caption\":\"Achilli Antonio Paysage lacustre\"},{\"@type\":\"BreadcrumbList\",\"@id\":\"https:\\\/\\\/egidimadeinitaly.com\\\/fr\\\/produit\\\/art-moderne\\\/tableaux-modernes-fr\\\/achilli-antonio-tableau\\\/#breadcrumb\",\"itemListElement\":[{\"@type\":\"ListItem\",\"position\":1,\"name\":\"Home\",\"item\":\"https:\\\/\\\/egidimadeinitaly.com\\\/fr\\\/\"},{\"@type\":\"ListItem\",\"position\":2,\"name\":\"Produits\",\"item\":\"https:\\\/\\\/egidimadeinitaly.com\\\/fr\\\/shop\\\/\"},{\"@type\":\"ListItem\",\"position\":3,\"name\":\"Art moderne\",\"item\":\"https:\\\/\\\/egidimadeinitaly.com\\\/fr\\\/product-category\\\/art-moderne\\\/\"},{\"@type\":\"ListItem\",\"position\":4,\"name\":\"Tableaux modernes\",\"item\":\"https:\\\/\\\/egidimadeinitaly.com\\\/fr\\\/product-category\\\/art-moderne\\\/tableaux-modernes-fr\\\/\"},{\"@type\":\"ListItem\",\"position\":5,\"name\":\"Achilli Antonio tableau\"}]},{\"@type\":\"WebSite\",\"@id\":\"https:\\\/\\\/egidimadeinitaly.com\\\/fr\\\/#website\",\"url\":\"https:\\\/\\\/egidimadeinitaly.com\\\/fr\\\/\",\"name\":\"Egidi MadeinItaly\",\"description\":\"Fine Art\",\"potentialAction\":[{\"@type\":\"SearchAction\",\"target\":{\"@type\":\"EntryPoint\",\"urlTemplate\":\"https:\\\/\\\/egidimadeinitaly.com\\\/fr\\\/?s={search_term_string}\"},\"query-input\":{\"@type\":\"PropertyValueSpecification\",\"valueRequired\":true,\"valueName\":\"search_term_string\"}}],\"inLanguage\":\"fr-FR\"}]}<\/script>\n<!-- \/ Yoast SEO Premium plugin. -->","yoast_head_json":{"title":"Achilli Antonio tableau - Egidi MadeinItaly","description":"Achilli Antonio tableau des ann\u00e9es 40, paysage lacustre lumineux sur panneau, pi\u00e8ce unique pour amateurs d\u2019art moderne italien sur Egidi MadeinItaly","robots":{"index":"index","follow":"follow","max-snippet":"max-snippet:-1","max-image-preview":"max-image-preview:large","max-video-preview":"max-video-preview:-1"},"canonical":"https:\/\/egidimadeinitaly.com\/fr\/produit\/art-moderne\/tableaux-modernes-fr\/achilli-antonio-tableau\/","og_locale":"fr_FR","og_type":"article","og_title":"Achilli Antonio tableau","og_description":"Achilli Antonio tableau montrant un paysage lacustre lumineux des ann\u00e9es 40, peint avec des couleurs vives et une touche dense et expressive. Paysage lacustre sign\u00e9 en bas \u00e0 gauche : \u201cA Achilli\u201d, accompagn\u00e9 d\u2019une fiche technique r\u00e9dig\u00e9e par la docteure Cirzia Virno.La composition est construite avec une touche picturale chaude et g\u00e9n\u00e9reuse, mettant en valeur les volumes, la lumi\u00e8re et la profondeur. La palette chromatique \u2013 domin\u00e9e par l\u2019ocre, le vert olive et le bleu \u2013 restitue l\u2019atmosph\u00e8re authentique des paysages italiens du XX\u1d49 si\u00e8cle. L\u2019artiste Antonio Achilli (Rome, 1903-1993), injustement n\u00e9glig\u00e9 par la critique de son \u00e9poque, compte en r\u00e9alit\u00e9 parmi les figures les plus importantes de l\u2019art italien entre les ann\u00e9es 1920 et 1940. Durant cette p\u00e9riode, la peinture figurative \u2013 comprise comme une expression plastique et rigoureuse du r\u00e9el \u2013 trouva en Achilli un interpr\u00e8te d\u2019une grande coh\u00e9rence et d\u2019une exceptionnelle f\u00e9condit\u00e9.L\u2019\u0153uvre pr\u00e9sente des caract\u00e9ristiques stylistiques typiques de la peinture italienne d\u2019apr\u00e8s-guerre : une touche mati\u00e8re riche, une construction volum\u00e9trique synth\u00e9tique et une attention particuli\u00e8re au paysage rural m\u00e9diterran\u00e9en.","og_url":"https:\/\/egidimadeinitaly.com\/fr\/produit\/art-moderne\/tableaux-modernes-fr\/achilli-antonio-tableau\/","og_site_name":"Egidi MadeinItaly","article_publisher":"https:\/\/www.facebook.com\/egidimadeinitaly\/","article_modified_time":"2025-12-07T16:49:54+00:00","og_image":[{"width":2560,"height":2560,"url":"https:\/\/egidimadeinitaly.com\/v25\/wp-content\/uploads\/2022\/06\/2022-04-07-Egidi-MadeinItaly-24-12-scaled-e1669813510323.jpg","type":"image\/jpeg"}],"schema":{"@context":"https:\/\/schema.org","@graph":[{"@type":"WebPage","@id":"https:\/\/egidimadeinitaly.com\/fr\/negozio\/art-moderne\/tableaux-modernes-fr\/achilli-antonio-tableau\/","url":"https:\/\/egidimadeinitaly.com\/fr\/produit\/art-moderne\/tableaux-modernes-fr\/achilli-antonio-tableau\/","name":"Achilli Antonio tableau - Egidi MadeinItaly","isPartOf":{"@id":"https:\/\/egidimadeinitaly.com\/fr\/#website"},"primaryImageOfPage":{"@id":"https:\/\/egidimadeinitaly.com\/fr\/produit\/art-moderne\/tableaux-modernes-fr\/achilli-antonio-tableau\/#primaryimage"},"image":{"@id":"https:\/\/egidimadeinitaly.com\/fr\/produit\/art-moderne\/tableaux-modernes-fr\/achilli-antonio-tableau\/#primaryimage"},"thumbnailUrl":"https:\/\/egidimadeinitaly.com\/v25\/wp-content\/uploads\/2022\/06\/2022-04-07-Egidi-MadeinItaly-24-12-scaled-e1669813510323.jpg","datePublished":"2022-07-27T06:08:47+00:00","dateModified":"2025-12-07T16:49:54+00:00","description":"Achilli Antonio tableau des ann\u00e9es 40, paysage lacustre lumineux sur panneau, pi\u00e8ce unique pour amateurs d\u2019art moderne italien sur Egidi MadeinItaly","breadcrumb":{"@id":"https:\/\/egidimadeinitaly.com\/fr\/produit\/art-moderne\/tableaux-modernes-fr\/achilli-antonio-tableau\/#breadcrumb"},"inLanguage":"fr-FR","potentialAction":[{"@type":"ReadAction","target":["https:\/\/egidimadeinitaly.com\/fr\/produit\/art-moderne\/tableaux-modernes-fr\/achilli-antonio-tableau\/"]}]},{"@type":"ImageObject","inLanguage":"fr-FR","@id":"https:\/\/egidimadeinitaly.com\/fr\/produit\/art-moderne\/tableaux-modernes-fr\/achilli-antonio-tableau\/#primaryimage","url":"https:\/\/egidimadeinitaly.com\/v25\/wp-content\/uploads\/2022\/06\/2022-04-07-Egidi-MadeinItaly-24-12-scaled-e1669813510323.jpg","contentUrl":"https:\/\/egidimadeinitaly.com\/v25\/wp-content\/uploads\/2022\/06\/2022-04-07-Egidi-MadeinItaly-24-12-scaled-e1669813510323.jpg","width":2560,"height":2560,"caption":"Achilli Antonio Paysage lacustre"},{"@type":"BreadcrumbList","@id":"https:\/\/egidimadeinitaly.com\/fr\/produit\/art-moderne\/tableaux-modernes-fr\/achilli-antonio-tableau\/#breadcrumb","itemListElement":[{"@type":"ListItem","position":1,"name":"Home","item":"https:\/\/egidimadeinitaly.com\/fr\/"},{"@type":"ListItem","position":2,"name":"Produits","item":"https:\/\/egidimadeinitaly.com\/fr\/shop\/"},{"@type":"ListItem","position":3,"name":"Art moderne","item":"https:\/\/egidimadeinitaly.com\/fr\/product-category\/art-moderne\/"},{"@type":"ListItem","position":4,"name":"Tableaux modernes","item":"https:\/\/egidimadeinitaly.com\/fr\/product-category\/art-moderne\/tableaux-modernes-fr\/"},{"@type":"ListItem","position":5,"name":"Achilli Antonio tableau"}]},{"@type":"WebSite","@id":"https:\/\/egidimadeinitaly.com\/fr\/#website","url":"https:\/\/egidimadeinitaly.com\/fr\/","name":"Egidi MadeinItaly","description":"Fine Art","potentialAction":[{"@type":"SearchAction","target":{"@type":"EntryPoint","urlTemplate":"https:\/\/egidimadeinitaly.com\/fr\/?s={search_term_string}"},"query-input":{"@type":"PropertyValueSpecification","valueRequired":true,"valueName":"search_term_string"}}],"inLanguage":"fr-FR"}]}},"_links":{"self":[{"href":"https:\/\/egidimadeinitaly.com\/fr\/wp-json\/wp\/v2\/product\/110858","targetHints":{"allow":["GET"]}}],"collection":[{"href":"https:\/\/egidimadeinitaly.com\/fr\/wp-json\/wp\/v2\/product"}],"about":[{"href":"https:\/\/egidimadeinitaly.com\/fr\/wp-json\/wp\/v2\/types\/product"}],"wp:featuredmedia":[{"embeddable":true,"href":"https:\/\/egidimadeinitaly.com\/fr\/wp-json\/wp\/v2\/media\/110457"}],"wp:attachment":[{"href":"https:\/\/egidimadeinitaly.com\/fr\/wp-json\/wp\/v2\/media?parent=110858"}],"wp:term":[{"taxonomy":"product_brand","embeddable":true,"href":"https:\/\/egidimadeinitaly.com\/fr\/wp-json\/wp\/v2\/product_brand?post=110858"},{"taxonomy":"product_cat","embeddable":true,"href":"https:\/\/egidimadeinitaly.com\/fr\/wp-json\/wp\/v2\/product_cat?post=110858"},{"taxonomy":"product_tag","embeddable":true,"href":"https:\/\/egidimadeinitaly.com\/fr\/wp-json\/wp\/v2\/product_tag?post=110858"}],"curies":[{"name":"wp","href":"https:\/\/api.w.org\/{rel}","templated":true}]}}